{"id":73689,"date":"2026-01-30T01:15:20","date_gmt":"2026-01-29T22:15:20","guid":{"rendered":"https:\/\/malinashop.lt\/?post_type=product&#038;p=73689"},"modified":"2026-04-07T22:18:17","modified_gmt":"2026-04-07T19:18:17","slug":"medb-paakiu-pagalveles-su-peptidais-regeneruojanciam-poveikio-pojuciui-60-vnt","status":"publish","type":"product","link":"https:\/\/www.malinashop.lt\/lt_lt\/shop\/medb-paakiu-pagalveles-su-peptidais-regeneruojanciam-poveikio-pojuciui-60-vnt\/","title":{"rendered":"MEDB paaki\u0173 pagalv\u0117l\u0117s su peptidais regeneruojan\u010diam poveikio poj\u016b\u010diui, 60 vnt"},"content":{"rendered":"<p data-start=\"196\" data-end=\"486\"><strong data-start=\"196\" data-end=\"252\">MEDB regeneruojan\u010dios paaki\u0173 pagalv\u0117l\u0117s su peptidais<\/strong> \u2013 patogios paaki\u0173 pagalv\u0117l\u0117s, skirtos <strong data-start=\"291\" data-end=\"315\">dr\u0117kinti, atgaivinti<\/strong> ir palaikyti komforto poj\u016bt\u012f aplink akis. Puikus pasirinkimas kasdieniam naudojimui, kai norisi greitai suteikti paaki\u0173 zonai daugiau \u0161velnumo ir pri\u017ei\u016br\u0117tos odos poj\u016bt\u012f.<\/p>\n<p data-start=\"488\" data-end=\"781\">Sud\u0117tyje esantys <strong data-start=\"505\" data-end=\"517\">peptidai<\/strong> prisideda prie <strong data-start=\"533\" data-end=\"563\">odos elastingumo palaikymo<\/strong> ir padeda odai atrodyti gaivesnei bei labiau pri\u017ei\u016br\u0117tai. Pagalv\u0117l\u0117s lengvai \u012fsilieja \u012f kasdien\u0119 veido prie\u017ei\u016bros rutin\u0105 ir padeda palaikyti paaki\u0173 srities komfort\u0105, ypa\u010d kai oda atrodo pavargusi ar jau\u010diasi sausesn\u0117.<\/p>\n<hr data-start=\"783\" data-end=\"786\" \/>\n<h3 data-start=\"788\" data-end=\"815\">Pagrindiniai privalumai<\/h3>\n<ul data-start=\"816\" data-end=\"1044\">\n<li data-start=\"816\" data-end=\"871\">\n<p data-start=\"818\" data-end=\"871\">Skirtos <strong data-start=\"826\" data-end=\"853\">paaki\u0173 zonos dr\u0117kinimui<\/strong> ir atgaivinimui<\/p>\n<\/li>\n<li data-start=\"872\" data-end=\"941\">\n<p data-start=\"874\" data-end=\"941\"><strong data-start=\"874\" data-end=\"886\">Peptidai<\/strong> \u2013 elastingumo palaikymo ir pri\u017ei\u016br\u0117tos odos poj\u016b\u010diui<\/p>\n<\/li>\n<li data-start=\"942\" data-end=\"999\">\n<p data-start=\"944\" data-end=\"999\">Padeda palaikyti <strong data-start=\"961\" data-end=\"985\">komfort\u0105 ir \u0161velnum\u0105<\/strong> aplink akis<\/p>\n<\/li>\n<li data-start=\"1000\" data-end=\"1044\">\n<p data-start=\"1002\" data-end=\"1044\">Tinka <strong data-start=\"1008\" data-end=\"1033\">kasdieniam naudojimui<\/strong> ir rutinai<\/p>\n<\/li>\n<\/ul>\n<hr data-start=\"1046\" data-end=\"1049\" \/>\n<h3 data-start=\"1051\" data-end=\"1065\">Naudojimas<\/h3>\n<p data-start=\"1066\" data-end=\"1232\">U\u017ed\u0117kite paaki\u0173 pagalv\u0117les ant <strong data-start=\"1097\" data-end=\"1113\">\u0161varios odos<\/strong> ir palaikykite <strong data-start=\"1129\" data-end=\"1146\">20\u201330 minu\u010di\u0173<\/strong>. Priemon\u0117s pertekli\u0173 \u0161velniais judesiais \u012fmasa\u017euokite \u012f od\u0105. <strong data-start=\"1208\" data-end=\"1232\">Nereikia nuskalauti.<\/strong><\/p>\n","protected":false},"excerpt":{"rendered":"<p data-start=\"1422\" data-end=\"1545\">Regeneruojan\u010dios paaki\u0173 pagalv\u0117l\u0117s su peptidais \u2013 dr\u0117kina, atgaivina ir padeda palaikyti elastingumo bei komforto poj\u016bt\u012f, 60 vnt.<\/p>\n","protected":false},"featured_media":73690,"template":"","meta":[],"product_brand":[1544],"product_cat":[549,728],"product_tag":[1609],"class_list":{"0":"post-73689","1":"product","2":"type-product","3":"status-publish","4":"has-post-thumbnail","6":"product_brand-medb","7":"product_cat-paakiu-prieziuros-priemones","8":"product_cat-veidui","9":"product_tag-medb","11":"first","12":"instock","13":"sale","14":"taxable","15":"shipping-taxable","16":"purchasable","17":"product-type-simple"},"yoast_head":"<!-- This site is optimized with the Yoast SEO plugin v27.4 - https:\/\/yoast.com\/product\/yoast-seo-wordpress\/ -->\n<title>MEDB paaki\u0173 pagalv\u0117l\u0117s su peptidais regeneruojan\u010diam poveikio poj\u016b\u010diui, 60 vnt - MalinaShop.lt J\u016bs\u0173 sveikatai ir gro\u017eiui.<\/title>\n<meta name=\"description\" content=\"MEDB regeneruojan\u010dios paaki\u0173 pagalv\u0117l\u0117s su peptidais 60 vnt \u2013 skirtos dr\u0117kinti ir atgaivinti paaki\u0173 zon\u0105. Peptidai prisideda prie odos elastingumo palaikymo\" \/>\n<meta name=\"robots\" content=\"index, follow, max-snippet:-1, max-image-preview:large, max-video-preview:-1\" \/>\n<link rel=\"canonical\" href=\"https:\/\/www.malinashop.lt\/lt_lt\/shop\/medb-paakiu-pagalveles-su-peptidais-regeneruojanciam-poveikio-pojuciui-60-vnt\/\" \/>\n<meta property=\"og:locale\" content=\"lt_LT\" \/>\n<meta property=\"og:type\" content=\"article\" \/>\n<meta property=\"og:title\" content=\"MEDB paaki\u0173 pagalv\u0117l\u0117s su peptidais regeneruojan\u010diam poveikio poj\u016b\u010diui, 60 vnt - MalinaShop.lt J\u016bs\u0173 sveikatai ir gro\u017eiui.\" \/>\n<meta property=\"og:description\" content=\"MEDB regeneruojan\u010dios paaki\u0173 pagalv\u0117l\u0117s su peptidais 60 vnt \u2013 skirtos dr\u0117kinti ir atgaivinti paaki\u0173 zon\u0105. Peptidai prisideda prie odos elastingumo palaikymo\" \/>\n<meta property=\"og:url\" content=\"https:\/\/www.malinashop.lt\/lt_lt\/shop\/medb-paakiu-pagalveles-su-peptidais-regeneruojanciam-poveikio-pojuciui-60-vnt\/\" \/>\n<meta property=\"og:site_name\" content=\"MalinaShop.lt J\u016bs\u0173 sveikatai ir gro\u017eiui.\" \/>\n<meta property=\"article:modified_time\" content=\"2026-04-07T19:18:17+00:00\" \/>\n<meta property=\"og:image\" content=\"https:\/\/www.malinashop.lt\/wp-content\/uploads\/2026\/01\/MEDB-paakiu-pagalveles-su-peptidais-regeneruojanciam-poveikio-pojuciui-60-vnt.webp\" \/>\n\t<meta property=\"og:image:width\" content=\"768\" \/>\n\t<meta property=\"og:image:height\" content=\"768\" \/>\n\t<meta property=\"og:image:type\" content=\"image\/webp\" \/>\n<meta name=\"twitter:card\" content=\"summary_large_image\" \/>\n<script type=\"application\/ld+json\" class=\"yoast-schema-graph\">{\"@context\":\"https:\\\/\\\/schema.org\",\"@graph\":[{\"@type\":\"WebPage\",\"@id\":\"https:\\\/\\\/www.malinashop.lt\\\/lt_lt\\\/shop\\\/medb-paakiu-pagalveles-su-peptidais-regeneruojanciam-poveikio-pojuciui-60-vnt\\\/\",\"url\":\"https:\\\/\\\/www.malinashop.lt\\\/lt_lt\\\/shop\\\/medb-paakiu-pagalveles-su-peptidais-regeneruojanciam-poveikio-pojuciui-60-vnt\\\/\",\"name\":\"MEDB paaki\u0173 pagalv\u0117l\u0117s su peptidais regeneruojan\u010diam poveikio poj\u016b\u010diui, 60 vnt - MalinaShop.lt J\u016bs\u0173 sveikatai ir gro\u017eiui.\",\"isPartOf\":{\"@id\":\"https:\\\/\\\/www.malinashop.lt\\\/en\\\/#website\"},\"primaryImageOfPage\":{\"@id\":\"https:\\\/\\\/www.malinashop.lt\\\/lt_lt\\\/shop\\\/medb-paakiu-pagalveles-su-peptidais-regeneruojanciam-poveikio-pojuciui-60-vnt\\\/#primaryimage\"},\"image\":{\"@id\":\"https:\\\/\\\/www.malinashop.lt\\\/lt_lt\\\/shop\\\/medb-paakiu-pagalveles-su-peptidais-regeneruojanciam-poveikio-pojuciui-60-vnt\\\/#primaryimage\"},\"thumbnailUrl\":\"https:\\\/\\\/www.malinashop.lt\\\/wp-content\\\/uploads\\\/2026\\\/01\\\/MEDB-paakiu-pagalveles-su-peptidais-regeneruojanciam-poveikio-pojuciui-60-vnt.webp\",\"datePublished\":\"2026-01-29T22:15:20+00:00\",\"dateModified\":\"2026-04-07T19:18:17+00:00\",\"description\":\"MEDB regeneruojan\u010dios paaki\u0173 pagalv\u0117l\u0117s su peptidais 60 vnt \u2013 skirtos dr\u0117kinti ir atgaivinti paaki\u0173 zon\u0105. Peptidai prisideda prie odos elastingumo palaikymo\",\"breadcrumb\":{\"@id\":\"https:\\\/\\\/www.malinashop.lt\\\/lt_lt\\\/shop\\\/medb-paakiu-pagalveles-su-peptidais-regeneruojanciam-poveikio-pojuciui-60-vnt\\\/#breadcrumb\"},\"inLanguage\":\"lt-LT\",\"potentialAction\":[{\"@type\":\"ReadAction\",\"target\":[\"https:\\\/\\\/www.malinashop.lt\\\/lt_lt\\\/shop\\\/medb-paakiu-pagalveles-su-peptidais-regeneruojanciam-poveikio-pojuciui-60-vnt\\\/\"]}]},{\"@type\":\"ImageObject\",\"inLanguage\":\"lt-LT\",\"@id\":\"https:\\\/\\\/www.malinashop.lt\\\/lt_lt\\\/shop\\\/medb-paakiu-pagalveles-su-peptidais-regeneruojanciam-poveikio-pojuciui-60-vnt\\\/#primaryimage\",\"url\":\"https:\\\/\\\/www.malinashop.lt\\\/wp-content\\\/uploads\\\/2026\\\/01\\\/MEDB-paakiu-pagalveles-su-peptidais-regeneruojanciam-poveikio-pojuciui-60-vnt.webp\",\"contentUrl\":\"https:\\\/\\\/www.malinashop.lt\\\/wp-content\\\/uploads\\\/2026\\\/01\\\/MEDB-paakiu-pagalveles-su-peptidais-regeneruojanciam-poveikio-pojuciui-60-vnt.webp\",\"width\":768,\"height\":768},{\"@type\":\"BreadcrumbList\",\"@id\":\"https:\\\/\\\/www.malinashop.lt\\\/lt_lt\\\/shop\\\/medb-paakiu-pagalveles-su-peptidais-regeneruojanciam-poveikio-pojuciui-60-vnt\\\/#breadcrumb\",\"itemListElement\":[{\"@type\":\"ListItem\",\"position\":1,\"name\":\"Home\",\"item\":\"https:\\\/\\\/www.malinashop.lt\\\/en\\\/\"},{\"@type\":\"ListItem\",\"position\":2,\"name\":\"Parduotuv\u0117\",\"item\":\"https:\\\/\\\/www.malinashop.lt\\\/en\\\/parduotuve\\\/\"},{\"@type\":\"ListItem\",\"position\":3,\"name\":\"MEDB paaki\u0173 pagalv\u0117l\u0117s su peptidais regeneruojan\u010diam poveikio poj\u016b\u010diui, 60 vnt\"}]},{\"@type\":\"WebSite\",\"@id\":\"https:\\\/\\\/www.malinashop.lt\\\/en\\\/#website\",\"url\":\"https:\\\/\\\/www.malinashop.lt\\\/en\\\/\",\"name\":\"COM Group Ecommerce\",\"description\":\"MalinaShop.lt - Gro\u017eio ir sveikatos produktai i\u0161 patikim\u0173 preki\u0173 \u017eenkl\u0173. Atraskite auk\u0161tos kokyb\u0117s kosmetik\u0105 u\u017e puiki\u0105 kain\u0105.\",\"publisher\":{\"@id\":\"https:\\\/\\\/www.malinashop.lt\\\/en\\\/#organization\"},\"potentialAction\":[{\"@type\":\"SearchAction\",\"target\":{\"@type\":\"EntryPoint\",\"urlTemplate\":\"https:\\\/\\\/www.malinashop.lt\\\/en\\\/?s={search_term_string}\"},\"query-input\":{\"@type\":\"PropertyValueSpecification\",\"valueRequired\":true,\"valueName\":\"search_term_string\"}}],\"inLanguage\":\"lt-LT\"},{\"@type\":\"Organization\",\"@id\":\"https:\\\/\\\/www.malinashop.lt\\\/en\\\/#organization\",\"name\":\"COM Group Ecommerce\",\"url\":\"https:\\\/\\\/www.malinashop.lt\\\/en\\\/\",\"logo\":{\"@type\":\"ImageObject\",\"inLanguage\":\"lt-LT\",\"@id\":\"https:\\\/\\\/www.malinashop.lt\\\/en\\\/#\\\/schema\\\/logo\\\/image\\\/\",\"url\":\"https:\\\/\\\/www.malinashop.lt\\\/wp-content\\\/uploads\\\/2024\\\/08\\\/462559670_3787732518133670_9795632669273463_n-e1731525914575.png\",\"contentUrl\":\"https:\\\/\\\/www.malinashop.lt\\\/wp-content\\\/uploads\\\/2024\\\/08\\\/462559670_3787732518133670_9795632669273463_n-e1731525914575.png\",\"width\":180,\"height\":60,\"caption\":\"COM Group Ecommerce\"},\"image\":{\"@id\":\"https:\\\/\\\/www.malinashop.lt\\\/en\\\/#\\\/schema\\\/logo\\\/image\\\/\"}}]}<\/script>\n<!-- \/ Yoast SEO plugin. -->","yoast_head_json":{"title":"MEDB paaki\u0173 pagalv\u0117l\u0117s su peptidais regeneruojan\u010diam poveikio poj\u016b\u010diui, 60 vnt - MalinaShop.lt J\u016bs\u0173 sveikatai ir gro\u017eiui.","description":"MEDB regeneruojan\u010dios paaki\u0173 pagalv\u0117l\u0117s su peptidais 60 vnt \u2013 skirtos dr\u0117kinti ir atgaivinti paaki\u0173 zon\u0105. Peptidai prisideda prie odos elastingumo palaikymo","robots":{"index":"index","follow":"follow","max-snippet":"max-snippet:-1","max-image-preview":"max-image-preview:large","max-video-preview":"max-video-preview:-1"},"canonical":"https:\/\/www.malinashop.lt\/lt_lt\/shop\/medb-paakiu-pagalveles-su-peptidais-regeneruojanciam-poveikio-pojuciui-60-vnt\/","og_locale":"lt_LT","og_type":"article","og_title":"MEDB paaki\u0173 pagalv\u0117l\u0117s su peptidais regeneruojan\u010diam poveikio poj\u016b\u010diui, 60 vnt - MalinaShop.lt J\u016bs\u0173 sveikatai ir gro\u017eiui.","og_description":"MEDB regeneruojan\u010dios paaki\u0173 pagalv\u0117l\u0117s su peptidais 60 vnt \u2013 skirtos dr\u0117kinti ir atgaivinti paaki\u0173 zon\u0105. Peptidai prisideda prie odos elastingumo palaikymo","og_url":"https:\/\/www.malinashop.lt\/lt_lt\/shop\/medb-paakiu-pagalveles-su-peptidais-regeneruojanciam-poveikio-pojuciui-60-vnt\/","og_site_name":"MalinaShop.lt J\u016bs\u0173 sveikatai ir gro\u017eiui.","article_modified_time":"2026-04-07T19:18:17+00:00","og_image":[{"width":768,"height":768,"url":"https:\/\/www.malinashop.lt\/wp-content\/uploads\/2026\/01\/MEDB-paakiu-pagalveles-su-peptidais-regeneruojanciam-poveikio-pojuciui-60-vnt.webp","type":"image\/webp"}],"twitter_card":"summary_large_image","schema":{"@context":"https:\/\/schema.org","@graph":[{"@type":"WebPage","@id":"https:\/\/www.malinashop.lt\/lt_lt\/shop\/medb-paakiu-pagalveles-su-peptidais-regeneruojanciam-poveikio-pojuciui-60-vnt\/","url":"https:\/\/www.malinashop.lt\/lt_lt\/shop\/medb-paakiu-pagalveles-su-peptidais-regeneruojanciam-poveikio-pojuciui-60-vnt\/","name":"MEDB paaki\u0173 pagalv\u0117l\u0117s su peptidais regeneruojan\u010diam poveikio poj\u016b\u010diui, 60 vnt - MalinaShop.lt J\u016bs\u0173 sveikatai ir gro\u017eiui.","isPartOf":{"@id":"https:\/\/www.malinashop.lt\/en\/#website"},"primaryImageOfPage":{"@id":"https:\/\/www.malinashop.lt\/lt_lt\/shop\/medb-paakiu-pagalveles-su-peptidais-regeneruojanciam-poveikio-pojuciui-60-vnt\/#primaryimage"},"image":{"@id":"https:\/\/www.malinashop.lt\/lt_lt\/shop\/medb-paakiu-pagalveles-su-peptidais-regeneruojanciam-poveikio-pojuciui-60-vnt\/#primaryimage"},"thumbnailUrl":"https:\/\/www.malinashop.lt\/wp-content\/uploads\/2026\/01\/MEDB-paakiu-pagalveles-su-peptidais-regeneruojanciam-poveikio-pojuciui-60-vnt.webp","datePublished":"2026-01-29T22:15:20+00:00","dateModified":"2026-04-07T19:18:17+00:00","description":"MEDB regeneruojan\u010dios paaki\u0173 pagalv\u0117l\u0117s su peptidais 60 vnt \u2013 skirtos dr\u0117kinti ir atgaivinti paaki\u0173 zon\u0105. Peptidai prisideda prie odos elastingumo palaikymo","breadcrumb":{"@id":"https:\/\/www.malinashop.lt\/lt_lt\/shop\/medb-paakiu-pagalveles-su-peptidais-regeneruojanciam-poveikio-pojuciui-60-vnt\/#breadcrumb"},"inLanguage":"lt-LT","potentialAction":[{"@type":"ReadAction","target":["https:\/\/www.malinashop.lt\/lt_lt\/shop\/medb-paakiu-pagalveles-su-peptidais-regeneruojanciam-poveikio-pojuciui-60-vnt\/"]}]},{"@type":"ImageObject","inLanguage":"lt-LT","@id":"https:\/\/www.malinashop.lt\/lt_lt\/shop\/medb-paakiu-pagalveles-su-peptidais-regeneruojanciam-poveikio-pojuciui-60-vnt\/#primaryimage","url":"https:\/\/www.malinashop.lt\/wp-content\/uploads\/2026\/01\/MEDB-paakiu-pagalveles-su-peptidais-regeneruojanciam-poveikio-pojuciui-60-vnt.webp","contentUrl":"https:\/\/www.malinashop.lt\/wp-content\/uploads\/2026\/01\/MEDB-paakiu-pagalveles-su-peptidais-regeneruojanciam-poveikio-pojuciui-60-vnt.webp","width":768,"height":768},{"@type":"BreadcrumbList","@id":"https:\/\/www.malinashop.lt\/lt_lt\/shop\/medb-paakiu-pagalveles-su-peptidais-regeneruojanciam-poveikio-pojuciui-60-vnt\/#breadcrumb","itemListElement":[{"@type":"ListItem","position":1,"name":"Home","item":"https:\/\/www.malinashop.lt\/en\/"},{"@type":"ListItem","position":2,"name":"Parduotuv\u0117","item":"https:\/\/www.malinashop.lt\/en\/parduotuve\/"},{"@type":"ListItem","position":3,"name":"MEDB paaki\u0173 pagalv\u0117l\u0117s su peptidais regeneruojan\u010diam poveikio poj\u016b\u010diui, 60 vnt"}]},{"@type":"WebSite","@id":"https:\/\/www.malinashop.lt\/en\/#website","url":"https:\/\/www.malinashop.lt\/en\/","name":"COM Group Ecommerce","description":"MalinaShop.lt - Gro\u017eio ir sveikatos produktai i\u0161 patikim\u0173 preki\u0173 \u017eenkl\u0173. Atraskite auk\u0161tos kokyb\u0117s kosmetik\u0105 u\u017e puiki\u0105 kain\u0105.","publisher":{"@id":"https:\/\/www.malinashop.lt\/en\/#organization"},"potentialAction":[{"@type":"SearchAction","target":{"@type":"EntryPoint","urlTemplate":"https:\/\/www.malinashop.lt\/en\/?s={search_term_string}"},"query-input":{"@type":"PropertyValueSpecification","valueRequired":true,"valueName":"search_term_string"}}],"inLanguage":"lt-LT"},{"@type":"Organization","@id":"https:\/\/www.malinashop.lt\/en\/#organization","name":"COM Group Ecommerce","url":"https:\/\/www.malinashop.lt\/en\/","logo":{"@type":"ImageObject","inLanguage":"lt-LT","@id":"https:\/\/www.malinashop.lt\/en\/#\/schema\/logo\/image\/","url":"https:\/\/www.malinashop.lt\/wp-content\/uploads\/2024\/08\/462559670_3787732518133670_9795632669273463_n-e1731525914575.png","contentUrl":"https:\/\/www.malinashop.lt\/wp-content\/uploads\/2024\/08\/462559670_3787732518133670_9795632669273463_n-e1731525914575.png","width":180,"height":60,"caption":"COM Group Ecommerce"},"image":{"@id":"https:\/\/www.malinashop.lt\/en\/#\/schema\/logo\/image\/"}}]}},"jetpack_sharing_enabled":true,"_links":{"self":[{"href":"https:\/\/www.malinashop.lt\/lt_lt\/wp-json\/wp\/v2\/product\/73689","targetHints":{"allow":["GET"]}}],"collection":[{"href":"https:\/\/www.malinashop.lt\/lt_lt\/wp-json\/wp\/v2\/product"}],"about":[{"href":"https:\/\/www.malinashop.lt\/lt_lt\/wp-json\/wp\/v2\/types\/product"}],"version-history":[{"count":1,"href":"https:\/\/www.malinashop.lt\/lt_lt\/wp-json\/wp\/v2\/product\/73689\/revisions"}],"predecessor-version":[{"id":73691,"href":"https:\/\/www.malinashop.lt\/lt_lt\/wp-json\/wp\/v2\/product\/73689\/revisions\/73691"}],"wp:featuredmedia":[{"embeddable":true,"href":"https:\/\/www.malinashop.lt\/lt_lt\/wp-json\/wp\/v2\/media\/73690"}],"wp:attachment":[{"href":"https:\/\/www.malinashop.lt\/lt_lt\/wp-json\/wp\/v2\/media?parent=73689"}],"wp:term":[{"taxonomy":"product_brand","embeddable":true,"href":"https:\/\/www.malinashop.lt\/lt_lt\/wp-json\/wp\/v2\/product_brand?post=73689"},{"taxonomy":"product_cat","embeddable":true,"href":"https:\/\/www.malinashop.lt\/lt_lt\/wp-json\/wp\/v2\/product_cat?post=73689"},{"taxonomy":"product_tag","embeddable":true,"href":"https:\/\/www.malinashop.lt\/lt_lt\/wp-json\/wp\/v2\/product_tag?post=73689"}],"curies":[{"name":"wp","href":"https:\/\/api.w.org\/{rel}","templated":true}]}}