{"id":73683,"date":"2026-01-30T01:11:27","date_gmt":"2026-01-29T22:11:27","guid":{"rendered":"https:\/\/malinashop.lt\/?post_type=product&#038;p=73683"},"modified":"2026-04-07T22:18:18","modified_gmt":"2026-04-07T19:18:18","slug":"medb-premium-veido-tonikas-su-kolagenu-ir-aha-rugstimis-200-ml","status":"publish","type":"product","link":"https:\/\/www.malinashop.lt\/lt_lt\/shop\/medb-premium-veido-tonikas-su-kolagenu-ir-aha-rugstimis-200-ml\/","title":{"rendered":"MEDB PREMIUM veido tonikas su kolagenu ir AHA r\u016bg\u0161timis, 200 ml"},"content":{"rendered":"<p data-start=\"181\" data-end=\"494\"><strong data-start=\"181\" data-end=\"240\">MEDB PREMIUM veido tonikas su kolagenu ir AHA r\u016bg\u0161timis<\/strong> \u2013 tonizuojanti priemon\u0117, skirta odos gaivai, \u0161velniam atnaujinimui ir skaistesn\u0117s odos poj\u016b\u010diui. Formul\u0117 papildyta <strong data-start=\"356\" data-end=\"373\">AHA r\u016bg\u0161timis<\/strong>, kurios \u0161velniai eksfoliuoja od\u0105 ir padeda pa\u0161alinti negyvas odos l\u0105steles, tod\u0117l oda gali atrodyti lygesn\u0117 ir gaivesn\u0117.<\/p>\n<p data-start=\"496\" data-end=\"873\">Tonike esantis <strong data-start=\"511\" data-end=\"524\">kolagenas<\/strong> padeda dr\u0117kinti od\u0105, suteikia \u0161velnumo bei komforto poj\u016bt\u012f. Priemon\u0117 padeda subalansuoti odos <strong data-start=\"619\" data-end=\"625\">pH<\/strong>, tonizuoja, dr\u0117kina ir mink\u0161tina od\u0105, taip paruo\u0161dama j\u0105 tolimesniems \u017eingsniams \u2013 serumui ar kremui. Lengva tekst\u016bra greitai \u012fsigeria, tod\u0117l tonikas patogiai \u012fsilieja \u012f kasdien\u0119 odos prie\u017ei\u016bros rutin\u0105 ir padeda odai atrodyti sveikiau bei gaiviau.<\/p>\n<hr data-start=\"875\" data-end=\"878\" \/>\n<h3 data-start=\"880\" data-end=\"907\">Pagrindiniai privalumai<\/h3>\n<ul data-start=\"908\" data-end=\"1200\">\n<li data-start=\"908\" data-end=\"985\">\n<p data-start=\"910\" data-end=\"985\"><strong data-start=\"910\" data-end=\"925\">AHA r\u016bg\u0161tys<\/strong> \u2013 \u0161velniai eksfoliuoja ir padeda atnaujinti odos i\u0161vaizd\u0105<\/p>\n<\/li>\n<li data-start=\"986\" data-end=\"1046\">\n<p data-start=\"988\" data-end=\"1046\"><strong data-start=\"988\" data-end=\"1001\">Kolagenas<\/strong> \u2013 dr\u0117kinimo, \u0161velnumo ir komforto poj\u016b\u010diui<\/p>\n<\/li>\n<li data-start=\"1047\" data-end=\"1116\">\n<p data-start=\"1049\" data-end=\"1116\">Padeda subalansuoti odos <strong data-start=\"1074\" data-end=\"1080\">pH<\/strong> ir paruo\u0161ti od\u0105 kitoms priemon\u0117ms<\/p>\n<\/li>\n<li data-start=\"1117\" data-end=\"1156\">\n<p data-start=\"1119\" data-end=\"1156\"><strong data-start=\"1119\" data-end=\"1154\">Tonizuoja, dr\u0117kina ir mink\u0161tina<\/strong><\/p>\n<\/li>\n<li data-start=\"1157\" data-end=\"1200\">\n<p data-start=\"1159\" data-end=\"1200\">Tinka kasdieniam naudojimui pagal poreik\u012f<\/p>\n<\/li>\n<\/ul>\n<hr data-start=\"1202\" data-end=\"1205\" \/>\n<h3 data-start=\"1207\" data-end=\"1221\">Naudojimas<\/h3>\n<p data-start=\"1222\" data-end=\"1309\">Naudokite <strong data-start=\"1232\" data-end=\"1256\">1\u20132 kartus per dien\u0105<\/strong>, priklausomai nuo poreikio. Venkite patekimo \u012f akis.<\/p>\n","protected":false},"excerpt":{"rendered":"<p data-start=\"1159\" data-end=\"1269\">Tonikas su kolagenu ir AHA r\u016bg\u0161timis \u2013 \u0161velniai eksfoliuoja, dr\u0117kina, tonizuoja ir paruo\u0161ia od\u0105 serumui ar kremui, 200 ml.<\/p>\n","protected":false},"featured_media":73684,"template":"","meta":[],"product_brand":[1544],"product_cat":[537,728],"product_tag":[1609],"class_list":{"0":"post-73683","1":"product","2":"type-product","3":"status-publish","4":"has-post-thumbnail","6":"product_brand-medb","7":"product_cat-veido-valymo-priemones","8":"product_cat-veidui","9":"product_tag-medb","11":"first","12":"instock","13":"sale","14":"taxable","15":"shipping-taxable","16":"purchasable","17":"product-type-simple"},"yoast_head":"<!-- This site is optimized with the Yoast SEO plugin v27.4 - https:\/\/yoast.com\/product\/yoast-seo-wordpress\/ -->\n<title>MEDB PREMIUM veido tonikas su kolagenu ir AHA r\u016bg\u0161timis, 200 ml - MalinaShop.lt J\u016bs\u0173 sveikatai ir gro\u017eiui.<\/title>\n<meta name=\"description\" content=\"MEDB PREMIUM veido tonikas su kolagenu ir AHA r\u016bg\u0161timis 200 ml \u2013 AHA \u0161velniai eksfoliuoja ir padeda \u0161alinti negyvas l\u0105steles\" \/>\n<meta name=\"robots\" content=\"index, follow, max-snippet:-1, max-image-preview:large, max-video-preview:-1\" \/>\n<link rel=\"canonical\" href=\"https:\/\/www.malinashop.lt\/lt_lt\/shop\/medb-premium-veido-tonikas-su-kolagenu-ir-aha-rugstimis-200-ml\/\" \/>\n<meta property=\"og:locale\" content=\"lt_LT\" \/>\n<meta property=\"og:type\" content=\"article\" \/>\n<meta property=\"og:title\" content=\"MEDB PREMIUM veido tonikas su kolagenu ir AHA r\u016bg\u0161timis, 200 ml - MalinaShop.lt J\u016bs\u0173 sveikatai ir gro\u017eiui.\" \/>\n<meta property=\"og:description\" content=\"MEDB PREMIUM veido tonikas su kolagenu ir AHA r\u016bg\u0161timis 200 ml \u2013 AHA \u0161velniai eksfoliuoja ir padeda \u0161alinti negyvas l\u0105steles\" \/>\n<meta property=\"og:url\" content=\"https:\/\/www.malinashop.lt\/lt_lt\/shop\/medb-premium-veido-tonikas-su-kolagenu-ir-aha-rugstimis-200-ml\/\" \/>\n<meta property=\"og:site_name\" content=\"MalinaShop.lt J\u016bs\u0173 sveikatai ir gro\u017eiui.\" \/>\n<meta property=\"article:modified_time\" content=\"2026-04-07T19:18:18+00:00\" \/>\n<meta property=\"og:image\" content=\"https:\/\/www.malinashop.lt\/wp-content\/uploads\/2026\/01\/MEDB-PREMIUM-veido-tonikas-su-kolagenu-ir-AHA-rugstimis-200-ml.webp\" \/>\n\t<meta property=\"og:image:width\" content=\"768\" \/>\n\t<meta property=\"og:image:height\" content=\"768\" \/>\n\t<meta property=\"og:image:type\" content=\"image\/webp\" \/>\n<meta name=\"twitter:card\" content=\"summary_large_image\" \/>\n<script type=\"application\/ld+json\" class=\"yoast-schema-graph\">{\"@context\":\"https:\\\/\\\/schema.org\",\"@graph\":[{\"@type\":\"WebPage\",\"@id\":\"https:\\\/\\\/www.malinashop.lt\\\/shop\\\/medb-premium-veido-tonikas-su-kolagenu-ir-aha-rugstimis-200-ml\\\/\",\"url\":\"https:\\\/\\\/www.malinashop.lt\\\/shop\\\/medb-premium-veido-tonikas-su-kolagenu-ir-aha-rugstimis-200-ml\\\/\",\"name\":\"MEDB PREMIUM veido tonikas su kolagenu ir AHA r\u016bg\u0161timis, 200 ml - MalinaShop.lt J\u016bs\u0173 sveikatai ir gro\u017eiui.\",\"isPartOf\":{\"@id\":\"https:\\\/\\\/www.malinashop.lt\\\/#website\"},\"primaryImageOfPage\":{\"@id\":\"https:\\\/\\\/www.malinashop.lt\\\/shop\\\/medb-premium-veido-tonikas-su-kolagenu-ir-aha-rugstimis-200-ml\\\/#primaryimage\"},\"image\":{\"@id\":\"https:\\\/\\\/www.malinashop.lt\\\/shop\\\/medb-premium-veido-tonikas-su-kolagenu-ir-aha-rugstimis-200-ml\\\/#primaryimage\"},\"thumbnailUrl\":\"https:\\\/\\\/www.malinashop.lt\\\/wp-content\\\/uploads\\\/2026\\\/01\\\/MEDB-PREMIUM-veido-tonikas-su-kolagenu-ir-AHA-rugstimis-200-ml.webp\",\"datePublished\":\"2026-01-29T22:11:27+00:00\",\"dateModified\":\"2026-04-07T19:18:18+00:00\",\"description\":\"MEDB PREMIUM veido tonikas su kolagenu ir AHA r\u016bg\u0161timis 200 ml \u2013 AHA \u0161velniai eksfoliuoja ir padeda \u0161alinti negyvas l\u0105steles\",\"breadcrumb\":{\"@id\":\"https:\\\/\\\/www.malinashop.lt\\\/shop\\\/medb-premium-veido-tonikas-su-kolagenu-ir-aha-rugstimis-200-ml\\\/#breadcrumb\"},\"inLanguage\":\"lt-LT\",\"potentialAction\":[{\"@type\":\"ReadAction\",\"target\":[\"https:\\\/\\\/www.malinashop.lt\\\/shop\\\/medb-premium-veido-tonikas-su-kolagenu-ir-aha-rugstimis-200-ml\\\/\"]}]},{\"@type\":\"ImageObject\",\"inLanguage\":\"lt-LT\",\"@id\":\"https:\\\/\\\/www.malinashop.lt\\\/shop\\\/medb-premium-veido-tonikas-su-kolagenu-ir-aha-rugstimis-200-ml\\\/#primaryimage\",\"url\":\"https:\\\/\\\/www.malinashop.lt\\\/wp-content\\\/uploads\\\/2026\\\/01\\\/MEDB-PREMIUM-veido-tonikas-su-kolagenu-ir-AHA-rugstimis-200-ml.webp\",\"contentUrl\":\"https:\\\/\\\/www.malinashop.lt\\\/wp-content\\\/uploads\\\/2026\\\/01\\\/MEDB-PREMIUM-veido-tonikas-su-kolagenu-ir-AHA-rugstimis-200-ml.webp\",\"width\":768,\"height\":768},{\"@type\":\"BreadcrumbList\",\"@id\":\"https:\\\/\\\/www.malinashop.lt\\\/shop\\\/medb-premium-veido-tonikas-su-kolagenu-ir-aha-rugstimis-200-ml\\\/#breadcrumb\",\"itemListElement\":[{\"@type\":\"ListItem\",\"position\":1,\"name\":\"Pagrindinis\",\"item\":\"https:\\\/\\\/www.malinashop.lt\\\/\"},{\"@type\":\"ListItem\",\"position\":2,\"name\":\"Parduotuv\u0117\",\"item\":\"https:\\\/\\\/www.malinashop.lt\\\/en\\\/parduotuve\\\/\"},{\"@type\":\"ListItem\",\"position\":3,\"name\":\"MEDB PREMIUM veido tonikas su kolagenu ir AHA r\u016bg\u0161timis, 200 ml\"}]},{\"@type\":\"WebSite\",\"@id\":\"https:\\\/\\\/www.malinashop.lt\\\/#website\",\"url\":\"https:\\\/\\\/www.malinashop.lt\\\/\",\"name\":\"COM Group Ecommerce\",\"description\":\"MalinaShop.lt - Gro\u017eio ir sveikatos produktai i\u0161 patikim\u0173 preki\u0173 \u017eenkl\u0173. Atraskite auk\u0161tos kokyb\u0117s kosmetik\u0105 u\u017e puiki\u0105 kain\u0105.\",\"publisher\":{\"@id\":\"https:\\\/\\\/www.malinashop.lt\\\/#organization\"},\"potentialAction\":[{\"@type\":\"SearchAction\",\"target\":{\"@type\":\"EntryPoint\",\"urlTemplate\":\"https:\\\/\\\/www.malinashop.lt\\\/?s={search_term_string}\"},\"query-input\":{\"@type\":\"PropertyValueSpecification\",\"valueRequired\":true,\"valueName\":\"search_term_string\"}}],\"inLanguage\":\"lt-LT\"},{\"@type\":\"Organization\",\"@id\":\"https:\\\/\\\/www.malinashop.lt\\\/#organization\",\"name\":\"COM Group Ecommerce\",\"url\":\"https:\\\/\\\/www.malinashop.lt\\\/\",\"logo\":{\"@type\":\"ImageObject\",\"inLanguage\":\"lt-LT\",\"@id\":\"https:\\\/\\\/www.malinashop.lt\\\/#\\\/schema\\\/logo\\\/image\\\/\",\"url\":\"https:\\\/\\\/www.malinashop.lt\\\/wp-content\\\/uploads\\\/2024\\\/08\\\/462559670_3787732518133670_9795632669273463_n-e1731525914575.png\",\"contentUrl\":\"https:\\\/\\\/www.malinashop.lt\\\/wp-content\\\/uploads\\\/2024\\\/08\\\/462559670_3787732518133670_9795632669273463_n-e1731525914575.png\",\"width\":180,\"height\":60,\"caption\":\"COM Group Ecommerce\"},\"image\":{\"@id\":\"https:\\\/\\\/www.malinashop.lt\\\/#\\\/schema\\\/logo\\\/image\\\/\"}}]}<\/script>\n<!-- \/ Yoast SEO plugin. -->","yoast_head_json":{"title":"MEDB PREMIUM veido tonikas su kolagenu ir AHA r\u016bg\u0161timis, 200 ml - MalinaShop.lt J\u016bs\u0173 sveikatai ir gro\u017eiui.","description":"MEDB PREMIUM veido tonikas su kolagenu ir AHA r\u016bg\u0161timis 200 ml \u2013 AHA \u0161velniai eksfoliuoja ir padeda \u0161alinti negyvas l\u0105steles","robots":{"index":"index","follow":"follow","max-snippet":"max-snippet:-1","max-image-preview":"max-image-preview:large","max-video-preview":"max-video-preview:-1"},"canonical":"https:\/\/www.malinashop.lt\/lt_lt\/shop\/medb-premium-veido-tonikas-su-kolagenu-ir-aha-rugstimis-200-ml\/","og_locale":"lt_LT","og_type":"article","og_title":"MEDB PREMIUM veido tonikas su kolagenu ir AHA r\u016bg\u0161timis, 200 ml - MalinaShop.lt J\u016bs\u0173 sveikatai ir gro\u017eiui.","og_description":"MEDB PREMIUM veido tonikas su kolagenu ir AHA r\u016bg\u0161timis 200 ml \u2013 AHA \u0161velniai eksfoliuoja ir padeda \u0161alinti negyvas l\u0105steles","og_url":"https:\/\/www.malinashop.lt\/lt_lt\/shop\/medb-premium-veido-tonikas-su-kolagenu-ir-aha-rugstimis-200-ml\/","og_site_name":"MalinaShop.lt J\u016bs\u0173 sveikatai ir gro\u017eiui.","article_modified_time":"2026-04-07T19:18:18+00:00","og_image":[{"width":768,"height":768,"url":"https:\/\/www.malinashop.lt\/wp-content\/uploads\/2026\/01\/MEDB-PREMIUM-veido-tonikas-su-kolagenu-ir-AHA-rugstimis-200-ml.webp","type":"image\/webp"}],"twitter_card":"summary_large_image","schema":{"@context":"https:\/\/schema.org","@graph":[{"@type":"WebPage","@id":"https:\/\/www.malinashop.lt\/shop\/medb-premium-veido-tonikas-su-kolagenu-ir-aha-rugstimis-200-ml\/","url":"https:\/\/www.malinashop.lt\/shop\/medb-premium-veido-tonikas-su-kolagenu-ir-aha-rugstimis-200-ml\/","name":"MEDB PREMIUM veido tonikas su kolagenu ir AHA r\u016bg\u0161timis, 200 ml - MalinaShop.lt J\u016bs\u0173 sveikatai ir gro\u017eiui.","isPartOf":{"@id":"https:\/\/www.malinashop.lt\/#website"},"primaryImageOfPage":{"@id":"https:\/\/www.malinashop.lt\/shop\/medb-premium-veido-tonikas-su-kolagenu-ir-aha-rugstimis-200-ml\/#primaryimage"},"image":{"@id":"https:\/\/www.malinashop.lt\/shop\/medb-premium-veido-tonikas-su-kolagenu-ir-aha-rugstimis-200-ml\/#primaryimage"},"thumbnailUrl":"https:\/\/www.malinashop.lt\/wp-content\/uploads\/2026\/01\/MEDB-PREMIUM-veido-tonikas-su-kolagenu-ir-AHA-rugstimis-200-ml.webp","datePublished":"2026-01-29T22:11:27+00:00","dateModified":"2026-04-07T19:18:18+00:00","description":"MEDB PREMIUM veido tonikas su kolagenu ir AHA r\u016bg\u0161timis 200 ml \u2013 AHA \u0161velniai eksfoliuoja ir padeda \u0161alinti negyvas l\u0105steles","breadcrumb":{"@id":"https:\/\/www.malinashop.lt\/shop\/medb-premium-veido-tonikas-su-kolagenu-ir-aha-rugstimis-200-ml\/#breadcrumb"},"inLanguage":"lt-LT","potentialAction":[{"@type":"ReadAction","target":["https:\/\/www.malinashop.lt\/shop\/medb-premium-veido-tonikas-su-kolagenu-ir-aha-rugstimis-200-ml\/"]}]},{"@type":"ImageObject","inLanguage":"lt-LT","@id":"https:\/\/www.malinashop.lt\/shop\/medb-premium-veido-tonikas-su-kolagenu-ir-aha-rugstimis-200-ml\/#primaryimage","url":"https:\/\/www.malinashop.lt\/wp-content\/uploads\/2026\/01\/MEDB-PREMIUM-veido-tonikas-su-kolagenu-ir-AHA-rugstimis-200-ml.webp","contentUrl":"https:\/\/www.malinashop.lt\/wp-content\/uploads\/2026\/01\/MEDB-PREMIUM-veido-tonikas-su-kolagenu-ir-AHA-rugstimis-200-ml.webp","width":768,"height":768},{"@type":"BreadcrumbList","@id":"https:\/\/www.malinashop.lt\/shop\/medb-premium-veido-tonikas-su-kolagenu-ir-aha-rugstimis-200-ml\/#breadcrumb","itemListElement":[{"@type":"ListItem","position":1,"name":"Pagrindinis","item":"https:\/\/www.malinashop.lt\/"},{"@type":"ListItem","position":2,"name":"Parduotuv\u0117","item":"https:\/\/www.malinashop.lt\/en\/parduotuve\/"},{"@type":"ListItem","position":3,"name":"MEDB PREMIUM veido tonikas su kolagenu ir AHA r\u016bg\u0161timis, 200 ml"}]},{"@type":"WebSite","@id":"https:\/\/www.malinashop.lt\/#website","url":"https:\/\/www.malinashop.lt\/","name":"COM Group Ecommerce","description":"MalinaShop.lt - Gro\u017eio ir sveikatos produktai i\u0161 patikim\u0173 preki\u0173 \u017eenkl\u0173. Atraskite auk\u0161tos kokyb\u0117s kosmetik\u0105 u\u017e puiki\u0105 kain\u0105.","publisher":{"@id":"https:\/\/www.malinashop.lt\/#organization"},"potentialAction":[{"@type":"SearchAction","target":{"@type":"EntryPoint","urlTemplate":"https:\/\/www.malinashop.lt\/?s={search_term_string}"},"query-input":{"@type":"PropertyValueSpecification","valueRequired":true,"valueName":"search_term_string"}}],"inLanguage":"lt-LT"},{"@type":"Organization","@id":"https:\/\/www.malinashop.lt\/#organization","name":"COM Group Ecommerce","url":"https:\/\/www.malinashop.lt\/","logo":{"@type":"ImageObject","inLanguage":"lt-LT","@id":"https:\/\/www.malinashop.lt\/#\/schema\/logo\/image\/","url":"https:\/\/www.malinashop.lt\/wp-content\/uploads\/2024\/08\/462559670_3787732518133670_9795632669273463_n-e1731525914575.png","contentUrl":"https:\/\/www.malinashop.lt\/wp-content\/uploads\/2024\/08\/462559670_3787732518133670_9795632669273463_n-e1731525914575.png","width":180,"height":60,"caption":"COM Group Ecommerce"},"image":{"@id":"https:\/\/www.malinashop.lt\/#\/schema\/logo\/image\/"}}]}},"jetpack_sharing_enabled":true,"_links":{"self":[{"href":"https:\/\/www.malinashop.lt\/lt_lt\/wp-json\/wp\/v2\/product\/73683","targetHints":{"allow":["GET"]}}],"collection":[{"href":"https:\/\/www.malinashop.lt\/lt_lt\/wp-json\/wp\/v2\/product"}],"about":[{"href":"https:\/\/www.malinashop.lt\/lt_lt\/wp-json\/wp\/v2\/types\/product"}],"version-history":[{"count":1,"href":"https:\/\/www.malinashop.lt\/lt_lt\/wp-json\/wp\/v2\/product\/73683\/revisions"}],"predecessor-version":[{"id":73685,"href":"https:\/\/www.malinashop.lt\/lt_lt\/wp-json\/wp\/v2\/product\/73683\/revisions\/73685"}],"wp:featuredmedia":[{"embeddable":true,"href":"https:\/\/www.malinashop.lt\/lt_lt\/wp-json\/wp\/v2\/media\/73684"}],"wp:attachment":[{"href":"https:\/\/www.malinashop.lt\/lt_lt\/wp-json\/wp\/v2\/media?parent=73683"}],"wp:term":[{"taxonomy":"product_brand","embeddable":true,"href":"https:\/\/www.malinashop.lt\/lt_lt\/wp-json\/wp\/v2\/product_brand?post=73683"},{"taxonomy":"product_cat","embeddable":true,"href":"https:\/\/www.malinashop.lt\/lt_lt\/wp-json\/wp\/v2\/product_cat?post=73683"},{"taxonomy":"product_tag","embeddable":true,"href":"https:\/\/www.malinashop.lt\/lt_lt\/wp-json\/wp\/v2\/product_tag?post=73683"}],"curies":[{"name":"wp","href":"https:\/\/api.w.org\/{rel}","templated":true}]}}