{"id":73680,"date":"2026-01-30T01:09:27","date_gmt":"2026-01-29T22:09:27","guid":{"rendered":"https:\/\/malinashop.lt\/?post_type=product&#038;p=73680"},"modified":"2026-04-07T22:18:18","modified_gmt":"2026-04-07T19:18:18","slug":"medb-premium-skaistinamasis-veido-tonikas-200-ml","status":"publish","type":"product","link":"https:\/\/www.malinashop.lt\/lt_lt\/shop\/medb-premium-skaistinamasis-veido-tonikas-200-ml\/","title":{"rendered":"MEDB PREMIUM skaistinamasis veido tonikas, 200 ml"},"content":{"rendered":"<p data-start=\"167\" data-end=\"457\"><strong data-start=\"167\" data-end=\"212\">MEDB PREMIUM skaistinamasis veido tonikas<\/strong> \u2013 gaivus tonikas, tinkantis <strong data-start=\"241\" data-end=\"259\">vis\u0173 tip\u0173 odai<\/strong>, kai norisi \u0161varesn\u0117s, mink\u0161tesn\u0117s ir labiau pri\u017ei\u016br\u0117tos odos poj\u016b\u010dio. Tonikas padeda \u0161velniai <strong data-start=\"355\" data-end=\"392\">dr\u0117kinti, tonizuoti ir mink\u0161tinti<\/strong> od\u0105, o taip pat pa\u0161alinti likusius ne\u0161varumus po veido prausimo.<\/p>\n<p data-start=\"459\" data-end=\"784\">Priemon\u0117 padeda subalansuoti odos <strong data-start=\"493\" data-end=\"499\">pH<\/strong> ir paruo\u0161ia od\u0105 tolimesnei rutinai \u2013 serumui ar kremui. Toniko lengva, gaivi tekst\u016bra greitai \u012fsigeria, nepalieka lipnumo poj\u016b\u010dio, tod\u0117l oda po naudojimo jau\u010diasi komforti\u0161kai. Reguliariai naudojant, oda gali atrodyti <strong data-start=\"718\" data-end=\"741\">gaivesn\u0117, \u0161velnesn\u0117<\/strong> ir tur\u0117ti <strong data-start=\"752\" data-end=\"776\">nat\u016bralaus spindesio<\/strong> poj\u016bt\u012f.<\/p>\n<hr data-start=\"786\" data-end=\"789\" \/>\n<h3 data-start=\"791\" data-end=\"818\">Pagrindiniai privalumai<\/h3>\n<ul data-start=\"819\" data-end=\"1054\">\n<li data-start=\"819\" data-end=\"847\">\n<p data-start=\"821\" data-end=\"847\">Tinka <strong data-start=\"827\" data-end=\"845\">vis\u0173 tip\u0173 odai<\/strong><\/p>\n<\/li>\n<li data-start=\"848\" data-end=\"902\">\n<p data-start=\"850\" data-end=\"902\">Padeda pa\u0161alinti <strong data-start=\"867\" data-end=\"890\">likusius ne\u0161varumus<\/strong> po valymo<\/p>\n<\/li>\n<li data-start=\"903\" data-end=\"972\">\n<p data-start=\"905\" data-end=\"972\">Padeda subalansuoti odos <strong data-start=\"930\" data-end=\"936\">pH<\/strong> ir paruo\u0161ti od\u0105 kitoms priemon\u0117ms<\/p>\n<\/li>\n<li data-start=\"973\" data-end=\"1012\">\n<p data-start=\"975\" data-end=\"1012\"><strong data-start=\"975\" data-end=\"1010\">Dr\u0117kina, tonizuoja ir mink\u0161tina<\/strong><\/p>\n<\/li>\n<li data-start=\"1013\" data-end=\"1054\">\n<p data-start=\"1015\" data-end=\"1054\">Greitai \u012fsigeria, <strong data-start=\"1033\" data-end=\"1054\">nepalieka lipnumo<\/strong><\/p>\n<\/li>\n<\/ul>\n<hr data-start=\"1056\" data-end=\"1059\" \/>\n<h3 data-start=\"1061\" data-end=\"1075\">Naudojimas<\/h3>\n<p data-start=\"1076\" data-end=\"1163\">Naudokite <strong data-start=\"1086\" data-end=\"1110\">1\u20132 kartus per dien\u0105<\/strong>, priklausomai nuo poreikio. Venkite patekimo \u012f akis.<\/p>\n","protected":false},"excerpt":{"rendered":"<p data-start=\"1159\" data-end=\"1269\">Skaistinamasis veido tonikas vis\u0173 tip\u0173 odai \u2013 gaivina, tonizuoja, padeda subalansuoti pH ir paruo\u0161ia od\u0105 serumui ar kremui, 200 ml.<\/p>\n","protected":false},"featured_media":73681,"template":"","meta":[],"product_brand":[1544],"product_cat":[537,728],"product_tag":[1609],"class_list":{"0":"post-73680","1":"product","2":"type-product","3":"status-publish","4":"has-post-thumbnail","6":"product_brand-medb","7":"product_cat-veido-valymo-priemones","8":"product_cat-veidui","9":"product_tag-medb","11":"first","12":"instock","13":"sale","14":"taxable","15":"shipping-taxable","16":"purchasable","17":"product-type-simple"},"yoast_head":"<!-- This site is optimized with the Yoast SEO plugin v27.4 - https:\/\/yoast.com\/product\/yoast-seo-wordpress\/ -->\n<title>MEDB PREMIUM skaistinamasis veido tonikas, 200 ml - MalinaShop.lt J\u016bs\u0173 sveikatai ir gro\u017eiui.<\/title>\n<meta name=\"description\" content=\"MEDB PREMIUM skaistinamasis veido tonikas 200 ml \u2013 tinka vis\u0173 tip\u0173 odai. \u0160velniai dr\u0117kina, tonizuoja ir mink\u0161tina, padeda pa\u0161alinti likusius ne\u0161varumus\" \/>\n<meta name=\"robots\" content=\"index, follow, max-snippet:-1, max-image-preview:large, max-video-preview:-1\" \/>\n<link rel=\"canonical\" href=\"https:\/\/www.malinashop.lt\/lt_lt\/shop\/medb-premium-skaistinamasis-veido-tonikas-200-ml\/\" \/>\n<meta property=\"og:locale\" content=\"lt_LT\" \/>\n<meta property=\"og:type\" content=\"article\" \/>\n<meta property=\"og:title\" content=\"MEDB PREMIUM skaistinamasis veido tonikas, 200 ml - MalinaShop.lt J\u016bs\u0173 sveikatai ir gro\u017eiui.\" \/>\n<meta property=\"og:description\" content=\"MEDB PREMIUM skaistinamasis veido tonikas 200 ml \u2013 tinka vis\u0173 tip\u0173 odai. \u0160velniai dr\u0117kina, tonizuoja ir mink\u0161tina, padeda pa\u0161alinti likusius ne\u0161varumus\" \/>\n<meta property=\"og:url\" content=\"https:\/\/www.malinashop.lt\/lt_lt\/shop\/medb-premium-skaistinamasis-veido-tonikas-200-ml\/\" \/>\n<meta property=\"og:site_name\" content=\"MalinaShop.lt J\u016bs\u0173 sveikatai ir gro\u017eiui.\" \/>\n<meta property=\"article:modified_time\" content=\"2026-04-07T19:18:18+00:00\" \/>\n<meta property=\"og:image\" content=\"https:\/\/www.malinashop.lt\/wp-content\/uploads\/2026\/01\/MEDB-PREMIUM-skaistinamasis-veido-tonikas-200-ml.webp\" \/>\n\t<meta property=\"og:image:width\" content=\"768\" \/>\n\t<meta property=\"og:image:height\" content=\"768\" \/>\n\t<meta property=\"og:image:type\" content=\"image\/webp\" \/>\n<meta name=\"twitter:card\" content=\"summary_large_image\" \/>\n<script type=\"application\/ld+json\" class=\"yoast-schema-graph\">{\"@context\":\"https:\\\/\\\/schema.org\",\"@graph\":[{\"@type\":\"WebPage\",\"@id\":\"https:\\\/\\\/www.malinashop.lt\\\/shop\\\/medb-premium-skaistinamasis-veido-tonikas-200-ml\\\/\",\"url\":\"https:\\\/\\\/www.malinashop.lt\\\/shop\\\/medb-premium-skaistinamasis-veido-tonikas-200-ml\\\/\",\"name\":\"MEDB PREMIUM skaistinamasis veido tonikas, 200 ml - MalinaShop.lt J\u016bs\u0173 sveikatai ir gro\u017eiui.\",\"isPartOf\":{\"@id\":\"https:\\\/\\\/www.malinashop.lt\\\/#website\"},\"primaryImageOfPage\":{\"@id\":\"https:\\\/\\\/www.malinashop.lt\\\/shop\\\/medb-premium-skaistinamasis-veido-tonikas-200-ml\\\/#primaryimage\"},\"image\":{\"@id\":\"https:\\\/\\\/www.malinashop.lt\\\/shop\\\/medb-premium-skaistinamasis-veido-tonikas-200-ml\\\/#primaryimage\"},\"thumbnailUrl\":\"https:\\\/\\\/www.malinashop.lt\\\/wp-content\\\/uploads\\\/2026\\\/01\\\/MEDB-PREMIUM-skaistinamasis-veido-tonikas-200-ml.webp\",\"datePublished\":\"2026-01-29T22:09:27+00:00\",\"dateModified\":\"2026-04-07T19:18:18+00:00\",\"description\":\"MEDB PREMIUM skaistinamasis veido tonikas 200 ml \u2013 tinka vis\u0173 tip\u0173 odai. \u0160velniai dr\u0117kina, tonizuoja ir mink\u0161tina, padeda pa\u0161alinti likusius ne\u0161varumus\",\"breadcrumb\":{\"@id\":\"https:\\\/\\\/www.malinashop.lt\\\/shop\\\/medb-premium-skaistinamasis-veido-tonikas-200-ml\\\/#breadcrumb\"},\"inLanguage\":\"lt-LT\",\"potentialAction\":[{\"@type\":\"ReadAction\",\"target\":[\"https:\\\/\\\/www.malinashop.lt\\\/shop\\\/medb-premium-skaistinamasis-veido-tonikas-200-ml\\\/\"]}]},{\"@type\":\"ImageObject\",\"inLanguage\":\"lt-LT\",\"@id\":\"https:\\\/\\\/www.malinashop.lt\\\/shop\\\/medb-premium-skaistinamasis-veido-tonikas-200-ml\\\/#primaryimage\",\"url\":\"https:\\\/\\\/www.malinashop.lt\\\/wp-content\\\/uploads\\\/2026\\\/01\\\/MEDB-PREMIUM-skaistinamasis-veido-tonikas-200-ml.webp\",\"contentUrl\":\"https:\\\/\\\/www.malinashop.lt\\\/wp-content\\\/uploads\\\/2026\\\/01\\\/MEDB-PREMIUM-skaistinamasis-veido-tonikas-200-ml.webp\",\"width\":768,\"height\":768},{\"@type\":\"BreadcrumbList\",\"@id\":\"https:\\\/\\\/www.malinashop.lt\\\/shop\\\/medb-premium-skaistinamasis-veido-tonikas-200-ml\\\/#breadcrumb\",\"itemListElement\":[{\"@type\":\"ListItem\",\"position\":1,\"name\":\"Pagrindinis\",\"item\":\"https:\\\/\\\/www.malinashop.lt\\\/\"},{\"@type\":\"ListItem\",\"position\":2,\"name\":\"Parduotuv\u0117\",\"item\":\"https:\\\/\\\/www.malinashop.lt\\\/en\\\/parduotuve\\\/\"},{\"@type\":\"ListItem\",\"position\":3,\"name\":\"MEDB PREMIUM skaistinamasis veido tonikas, 200 ml\"}]},{\"@type\":\"WebSite\",\"@id\":\"https:\\\/\\\/www.malinashop.lt\\\/#website\",\"url\":\"https:\\\/\\\/www.malinashop.lt\\\/\",\"name\":\"COM Group Ecommerce\",\"description\":\"MalinaShop.lt - Gro\u017eio ir sveikatos produktai i\u0161 patikim\u0173 preki\u0173 \u017eenkl\u0173. Atraskite auk\u0161tos kokyb\u0117s kosmetik\u0105 u\u017e puiki\u0105 kain\u0105.\",\"publisher\":{\"@id\":\"https:\\\/\\\/www.malinashop.lt\\\/#organization\"},\"potentialAction\":[{\"@type\":\"SearchAction\",\"target\":{\"@type\":\"EntryPoint\",\"urlTemplate\":\"https:\\\/\\\/www.malinashop.lt\\\/?s={search_term_string}\"},\"query-input\":{\"@type\":\"PropertyValueSpecification\",\"valueRequired\":true,\"valueName\":\"search_term_string\"}}],\"inLanguage\":\"lt-LT\"},{\"@type\":\"Organization\",\"@id\":\"https:\\\/\\\/www.malinashop.lt\\\/#organization\",\"name\":\"COM Group Ecommerce\",\"url\":\"https:\\\/\\\/www.malinashop.lt\\\/\",\"logo\":{\"@type\":\"ImageObject\",\"inLanguage\":\"lt-LT\",\"@id\":\"https:\\\/\\\/www.malinashop.lt\\\/#\\\/schema\\\/logo\\\/image\\\/\",\"url\":\"https:\\\/\\\/www.malinashop.lt\\\/wp-content\\\/uploads\\\/2024\\\/08\\\/462559670_3787732518133670_9795632669273463_n-e1731525914575.png\",\"contentUrl\":\"https:\\\/\\\/www.malinashop.lt\\\/wp-content\\\/uploads\\\/2024\\\/08\\\/462559670_3787732518133670_9795632669273463_n-e1731525914575.png\",\"width\":180,\"height\":60,\"caption\":\"COM Group Ecommerce\"},\"image\":{\"@id\":\"https:\\\/\\\/www.malinashop.lt\\\/#\\\/schema\\\/logo\\\/image\\\/\"}}]}<\/script>\n<!-- \/ Yoast SEO plugin. -->","yoast_head_json":{"title":"MEDB PREMIUM skaistinamasis veido tonikas, 200 ml - MalinaShop.lt J\u016bs\u0173 sveikatai ir gro\u017eiui.","description":"MEDB PREMIUM skaistinamasis veido tonikas 200 ml \u2013 tinka vis\u0173 tip\u0173 odai. \u0160velniai dr\u0117kina, tonizuoja ir mink\u0161tina, padeda pa\u0161alinti likusius ne\u0161varumus","robots":{"index":"index","follow":"follow","max-snippet":"max-snippet:-1","max-image-preview":"max-image-preview:large","max-video-preview":"max-video-preview:-1"},"canonical":"https:\/\/www.malinashop.lt\/lt_lt\/shop\/medb-premium-skaistinamasis-veido-tonikas-200-ml\/","og_locale":"lt_LT","og_type":"article","og_title":"MEDB PREMIUM skaistinamasis veido tonikas, 200 ml - MalinaShop.lt J\u016bs\u0173 sveikatai ir gro\u017eiui.","og_description":"MEDB PREMIUM skaistinamasis veido tonikas 200 ml \u2013 tinka vis\u0173 tip\u0173 odai. \u0160velniai dr\u0117kina, tonizuoja ir mink\u0161tina, padeda pa\u0161alinti likusius ne\u0161varumus","og_url":"https:\/\/www.malinashop.lt\/lt_lt\/shop\/medb-premium-skaistinamasis-veido-tonikas-200-ml\/","og_site_name":"MalinaShop.lt J\u016bs\u0173 sveikatai ir gro\u017eiui.","article_modified_time":"2026-04-07T19:18:18+00:00","og_image":[{"width":768,"height":768,"url":"https:\/\/www.malinashop.lt\/wp-content\/uploads\/2026\/01\/MEDB-PREMIUM-skaistinamasis-veido-tonikas-200-ml.webp","type":"image\/webp"}],"twitter_card":"summary_large_image","schema":{"@context":"https:\/\/schema.org","@graph":[{"@type":"WebPage","@id":"https:\/\/www.malinashop.lt\/shop\/medb-premium-skaistinamasis-veido-tonikas-200-ml\/","url":"https:\/\/www.malinashop.lt\/shop\/medb-premium-skaistinamasis-veido-tonikas-200-ml\/","name":"MEDB PREMIUM skaistinamasis veido tonikas, 200 ml - MalinaShop.lt J\u016bs\u0173 sveikatai ir gro\u017eiui.","isPartOf":{"@id":"https:\/\/www.malinashop.lt\/#website"},"primaryImageOfPage":{"@id":"https:\/\/www.malinashop.lt\/shop\/medb-premium-skaistinamasis-veido-tonikas-200-ml\/#primaryimage"},"image":{"@id":"https:\/\/www.malinashop.lt\/shop\/medb-premium-skaistinamasis-veido-tonikas-200-ml\/#primaryimage"},"thumbnailUrl":"https:\/\/www.malinashop.lt\/wp-content\/uploads\/2026\/01\/MEDB-PREMIUM-skaistinamasis-veido-tonikas-200-ml.webp","datePublished":"2026-01-29T22:09:27+00:00","dateModified":"2026-04-07T19:18:18+00:00","description":"MEDB PREMIUM skaistinamasis veido tonikas 200 ml \u2013 tinka vis\u0173 tip\u0173 odai. \u0160velniai dr\u0117kina, tonizuoja ir mink\u0161tina, padeda pa\u0161alinti likusius ne\u0161varumus","breadcrumb":{"@id":"https:\/\/www.malinashop.lt\/shop\/medb-premium-skaistinamasis-veido-tonikas-200-ml\/#breadcrumb"},"inLanguage":"lt-LT","potentialAction":[{"@type":"ReadAction","target":["https:\/\/www.malinashop.lt\/shop\/medb-premium-skaistinamasis-veido-tonikas-200-ml\/"]}]},{"@type":"ImageObject","inLanguage":"lt-LT","@id":"https:\/\/www.malinashop.lt\/shop\/medb-premium-skaistinamasis-veido-tonikas-200-ml\/#primaryimage","url":"https:\/\/www.malinashop.lt\/wp-content\/uploads\/2026\/01\/MEDB-PREMIUM-skaistinamasis-veido-tonikas-200-ml.webp","contentUrl":"https:\/\/www.malinashop.lt\/wp-content\/uploads\/2026\/01\/MEDB-PREMIUM-skaistinamasis-veido-tonikas-200-ml.webp","width":768,"height":768},{"@type":"BreadcrumbList","@id":"https:\/\/www.malinashop.lt\/shop\/medb-premium-skaistinamasis-veido-tonikas-200-ml\/#breadcrumb","itemListElement":[{"@type":"ListItem","position":1,"name":"Pagrindinis","item":"https:\/\/www.malinashop.lt\/"},{"@type":"ListItem","position":2,"name":"Parduotuv\u0117","item":"https:\/\/www.malinashop.lt\/en\/parduotuve\/"},{"@type":"ListItem","position":3,"name":"MEDB PREMIUM skaistinamasis veido tonikas, 200 ml"}]},{"@type":"WebSite","@id":"https:\/\/www.malinashop.lt\/#website","url":"https:\/\/www.malinashop.lt\/","name":"COM Group Ecommerce","description":"MalinaShop.lt - Gro\u017eio ir sveikatos produktai i\u0161 patikim\u0173 preki\u0173 \u017eenkl\u0173. Atraskite auk\u0161tos kokyb\u0117s kosmetik\u0105 u\u017e puiki\u0105 kain\u0105.","publisher":{"@id":"https:\/\/www.malinashop.lt\/#organization"},"potentialAction":[{"@type":"SearchAction","target":{"@type":"EntryPoint","urlTemplate":"https:\/\/www.malinashop.lt\/?s={search_term_string}"},"query-input":{"@type":"PropertyValueSpecification","valueRequired":true,"valueName":"search_term_string"}}],"inLanguage":"lt-LT"},{"@type":"Organization","@id":"https:\/\/www.malinashop.lt\/#organization","name":"COM Group Ecommerce","url":"https:\/\/www.malinashop.lt\/","logo":{"@type":"ImageObject","inLanguage":"lt-LT","@id":"https:\/\/www.malinashop.lt\/#\/schema\/logo\/image\/","url":"https:\/\/www.malinashop.lt\/wp-content\/uploads\/2024\/08\/462559670_3787732518133670_9795632669273463_n-e1731525914575.png","contentUrl":"https:\/\/www.malinashop.lt\/wp-content\/uploads\/2024\/08\/462559670_3787732518133670_9795632669273463_n-e1731525914575.png","width":180,"height":60,"caption":"COM Group Ecommerce"},"image":{"@id":"https:\/\/www.malinashop.lt\/#\/schema\/logo\/image\/"}}]}},"jetpack_sharing_enabled":true,"_links":{"self":[{"href":"https:\/\/www.malinashop.lt\/lt_lt\/wp-json\/wp\/v2\/product\/73680","targetHints":{"allow":["GET"]}}],"collection":[{"href":"https:\/\/www.malinashop.lt\/lt_lt\/wp-json\/wp\/v2\/product"}],"about":[{"href":"https:\/\/www.malinashop.lt\/lt_lt\/wp-json\/wp\/v2\/types\/product"}],"version-history":[{"count":1,"href":"https:\/\/www.malinashop.lt\/lt_lt\/wp-json\/wp\/v2\/product\/73680\/revisions"}],"predecessor-version":[{"id":73682,"href":"https:\/\/www.malinashop.lt\/lt_lt\/wp-json\/wp\/v2\/product\/73680\/revisions\/73682"}],"wp:featuredmedia":[{"embeddable":true,"href":"https:\/\/www.malinashop.lt\/lt_lt\/wp-json\/wp\/v2\/media\/73681"}],"wp:attachment":[{"href":"https:\/\/www.malinashop.lt\/lt_lt\/wp-json\/wp\/v2\/media?parent=73680"}],"wp:term":[{"taxonomy":"product_brand","embeddable":true,"href":"https:\/\/www.malinashop.lt\/lt_lt\/wp-json\/wp\/v2\/product_brand?post=73680"},{"taxonomy":"product_cat","embeddable":true,"href":"https:\/\/www.malinashop.lt\/lt_lt\/wp-json\/wp\/v2\/product_cat?post=73680"},{"taxonomy":"product_tag","embeddable":true,"href":"https:\/\/www.malinashop.lt\/lt_lt\/wp-json\/wp\/v2\/product_tag?post=73680"}],"curies":[{"name":"wp","href":"https:\/\/api.w.org\/{rel}","templated":true}]}}