{"id":73677,"date":"2026-01-30T01:07:45","date_gmt":"2026-01-29T22:07:45","guid":{"rendered":"https:\/\/malinashop.lt\/?post_type=product&#038;p=73677"},"modified":"2026-04-07T22:18:18","modified_gmt":"2026-04-07T19:18:18","slug":"medb-kreminis-putojantis-veido-prausiklis-su-kalamondinais-180-ml","status":"publish","type":"product","link":"https:\/\/www.malinashop.lt\/lt_lt\/shop\/medb-kreminis-putojantis-veido-prausiklis-su-kalamondinais-180-ml\/","title":{"rendered":"MEDB kreminis putojantis veido prausiklis su kalamondinais, 180 ml"},"content":{"rendered":"<p data-start=\"184\" data-end=\"507\"><strong data-start=\"184\" data-end=\"246\">MEDB kreminis putojantis veido prausiklis su kalamondinais<\/strong> \u2013 kasdienis prausiklis, skirtas \u0161velniam, bet efektyviam odos valymui ir gaivos poj\u016b\u010diui. Kremin\u0117 tekst\u016bra susilietus su vandeniu virsta \u0161velniomis putomis, kurios padeda pa\u0161alinti ne\u0161varumus ir <strong data-start=\"442\" data-end=\"463\">perteklin\u012f sebum\u0105<\/strong>, tuo pa\u010diu tonizuodamos ir gaivindamos od\u0105.<\/p>\n<p data-start=\"509\" data-end=\"904\">Formul\u0117 praturtinta <strong data-start=\"529\" data-end=\"546\">kalamondinais<\/strong> \u2013 citrusiniais vaisiais, turin\u010diais <strong data-start=\"583\" data-end=\"597\">vitamino C<\/strong> ir antioksidant\u0173, kurie prisideda prie sveikesn\u0117s odos i\u0161vaizdos ir nat\u016bralaus spindesio poj\u016b\u010dio. Putojantys burbuliukai padeda \u0161velniai \u201eatverti\u201c poras ir efektyviau pa\u0161alinti jose susikaupusius ne\u0161varumus bei riebal\u0173 pertekli\u0173, tod\u0117l oda po prausimo jau\u010diasi \u0161varesn\u0117, gaivesn\u0117, o jos tekst\u016bra \u2013 lygesn\u0117.<\/p>\n<p data-start=\"906\" data-end=\"1148\">Prausiklis tinka <strong data-start=\"923\" data-end=\"941\">vis\u0173 tip\u0173 odai<\/strong>, \u012fskaitant jautri\u0105, nes sukurta \u0161velni formul\u0117 padeda valyti od\u0105 nepa\u017eeid\u017eiant jos apsauginio barjero. Puikus pasirinkimas kasdieniam naudojimui ryte ir vakare, siekiant ilgalaikio \u0161varos ir gaivos poj\u016b\u010dio.<\/p>\n<hr data-start=\"1150\" data-end=\"1153\" \/>\n<h3 data-start=\"1155\" data-end=\"1182\">Pagrindiniai privalumai<\/h3>\n<ul data-start=\"1183\" data-end=\"1589\">\n<li data-start=\"1183\" data-end=\"1254\">\n<p data-start=\"1185\" data-end=\"1254\"><strong data-start=\"1185\" data-end=\"1200\">Giliai valo<\/strong> ir padeda pa\u0161alinti ne\u0161varumus bei sebumo pertekli\u0173<\/p>\n<\/li>\n<li data-start=\"1255\" data-end=\"1339\">\n<p data-start=\"1257\" data-end=\"1339\"><strong data-start=\"1257\" data-end=\"1273\">Kalamondinai<\/strong> su vitaminu C ir antioksidantais \u2013 gaivos ir spindesio poj\u016b\u010diui<\/p>\n<\/li>\n<li data-start=\"1340\" data-end=\"1396\">\n<p data-start=\"1342\" data-end=\"1396\">Padeda palaikyti <strong data-start=\"1359\" data-end=\"1387\">tonizuotos, \u0161varios odos<\/strong> poj\u016bt\u012f<\/p>\n<\/li>\n<li data-start=\"1397\" data-end=\"1486\">\n<p data-start=\"1399\" data-end=\"1486\">\u0160velnios putos padeda valyti poras ir prisid\u0117ti prie <strong data-start=\"1452\" data-end=\"1476\">ink\u0161tir\u0173 prevencijos<\/strong> poj\u016b\u010dio<\/p>\n<\/li>\n<li data-start=\"1487\" data-end=\"1534\">\n<p data-start=\"1489\" data-end=\"1534\">Tinka <strong data-start=\"1495\" data-end=\"1513\">vis\u0173 tip\u0173 odai<\/strong>, taip pat jautriai<\/p>\n<\/li>\n<li data-start=\"1535\" data-end=\"1589\">\n<p data-start=\"1537\" data-end=\"1589\">Kremin\u0117 tekst\u016bra \u2013 komforti\u0161kam kasdieniam prausimui<\/p>\n<\/li>\n<\/ul>\n<hr data-start=\"1591\" data-end=\"1594\" \/>\n<h3 data-start=\"1596\" data-end=\"1610\">Naudojimas<\/h3>\n<p data-start=\"1611\" data-end=\"1698\">Naudokite <strong data-start=\"1621\" data-end=\"1645\">1\u20132 kartus per dien\u0105<\/strong>, priklausomai nuo poreikio. Venkite patekimo \u012f akis.<\/p>\n","protected":false},"excerpt":{"rendered":"<p data-start=\"1159\" data-end=\"1269\">Kreminis putojantis veido prausiklis su kalamondinais \u2013 giliai valo, tonizuoja ir suteikia gaivios, \u0161varesn\u0117s odos poj\u016bt\u012f, 180 ml.<\/p>\n","protected":false},"featured_media":73678,"template":"","meta":[],"product_brand":[1544],"product_cat":[537,728],"product_tag":[1609],"class_list":{"0":"post-73677","1":"product","2":"type-product","3":"status-publish","4":"has-post-thumbnail","6":"product_brand-medb","7":"product_cat-veido-valymo-priemones","8":"product_cat-veidui","9":"product_tag-medb","11":"first","12":"instock","13":"sale","14":"taxable","15":"shipping-taxable","16":"purchasable","17":"product-type-simple"},"yoast_head":"<!-- This site is optimized with the Yoast SEO plugin v27.4 - https:\/\/yoast.com\/product\/yoast-seo-wordpress\/ -->\n<title>MEDB kreminis putojantis veido prausiklis su kalamondinais, 180 ml - MalinaShop.lt J\u016bs\u0173 sveikatai ir gro\u017eiui.<\/title>\n<meta name=\"description\" content=\"MEDB kreminis putojantis veido prausiklis su kalamondinais 180 ml \u2013 \u0161velniai, bet efektyviai valo, pa\u0161alina ne\u0161varumus ir sebumo pertekli\u0173\" \/>\n<meta name=\"robots\" content=\"index, follow, max-snippet:-1, max-image-preview:large, max-video-preview:-1\" \/>\n<link rel=\"canonical\" href=\"https:\/\/www.malinashop.lt\/lt_lt\/shop\/medb-kreminis-putojantis-veido-prausiklis-su-kalamondinais-180-ml\/\" \/>\n<meta property=\"og:locale\" content=\"lt_LT\" \/>\n<meta property=\"og:type\" content=\"article\" \/>\n<meta property=\"og:title\" content=\"MEDB kreminis putojantis veido prausiklis su kalamondinais, 180 ml - MalinaShop.lt J\u016bs\u0173 sveikatai ir gro\u017eiui.\" \/>\n<meta property=\"og:description\" content=\"MEDB kreminis putojantis veido prausiklis su kalamondinais 180 ml \u2013 \u0161velniai, bet efektyviai valo, pa\u0161alina ne\u0161varumus ir sebumo pertekli\u0173\" \/>\n<meta property=\"og:url\" content=\"https:\/\/www.malinashop.lt\/lt_lt\/shop\/medb-kreminis-putojantis-veido-prausiklis-su-kalamondinais-180-ml\/\" \/>\n<meta property=\"og:site_name\" content=\"MalinaShop.lt J\u016bs\u0173 sveikatai ir gro\u017eiui.\" \/>\n<meta property=\"article:modified_time\" content=\"2026-04-07T19:18:18+00:00\" \/>\n<meta property=\"og:image\" content=\"https:\/\/www.malinashop.lt\/wp-content\/uploads\/2026\/01\/MEDB-kreminis-putojantis-veido-prausiklis-su-kalamondinais-180-ml.webp\" \/>\n\t<meta property=\"og:image:width\" content=\"768\" \/>\n\t<meta property=\"og:image:height\" content=\"768\" \/>\n\t<meta property=\"og:image:type\" content=\"image\/webp\" \/>\n<meta name=\"twitter:card\" content=\"summary_large_image\" \/>\n<script type=\"application\/ld+json\" class=\"yoast-schema-graph\">{\"@context\":\"https:\\\/\\\/schema.org\",\"@graph\":[{\"@type\":\"WebPage\",\"@id\":\"https:\\\/\\\/www.malinashop.lt\\\/shop\\\/medb-kreminis-putojantis-veido-prausiklis-su-kalamondinais-180-ml\\\/\",\"url\":\"https:\\\/\\\/www.malinashop.lt\\\/shop\\\/medb-kreminis-putojantis-veido-prausiklis-su-kalamondinais-180-ml\\\/\",\"name\":\"MEDB kreminis putojantis veido prausiklis su kalamondinais, 180 ml - MalinaShop.lt J\u016bs\u0173 sveikatai ir gro\u017eiui.\",\"isPartOf\":{\"@id\":\"https:\\\/\\\/www.malinashop.lt\\\/#website\"},\"primaryImageOfPage\":{\"@id\":\"https:\\\/\\\/www.malinashop.lt\\\/shop\\\/medb-kreminis-putojantis-veido-prausiklis-su-kalamondinais-180-ml\\\/#primaryimage\"},\"image\":{\"@id\":\"https:\\\/\\\/www.malinashop.lt\\\/shop\\\/medb-kreminis-putojantis-veido-prausiklis-su-kalamondinais-180-ml\\\/#primaryimage\"},\"thumbnailUrl\":\"https:\\\/\\\/www.malinashop.lt\\\/wp-content\\\/uploads\\\/2026\\\/01\\\/MEDB-kreminis-putojantis-veido-prausiklis-su-kalamondinais-180-ml.webp\",\"datePublished\":\"2026-01-29T22:07:45+00:00\",\"dateModified\":\"2026-04-07T19:18:18+00:00\",\"description\":\"MEDB kreminis putojantis veido prausiklis su kalamondinais 180 ml \u2013 \u0161velniai, bet efektyviai valo, pa\u0161alina ne\u0161varumus ir sebumo pertekli\u0173\",\"breadcrumb\":{\"@id\":\"https:\\\/\\\/www.malinashop.lt\\\/shop\\\/medb-kreminis-putojantis-veido-prausiklis-su-kalamondinais-180-ml\\\/#breadcrumb\"},\"inLanguage\":\"lt-LT\",\"potentialAction\":[{\"@type\":\"ReadAction\",\"target\":[\"https:\\\/\\\/www.malinashop.lt\\\/shop\\\/medb-kreminis-putojantis-veido-prausiklis-su-kalamondinais-180-ml\\\/\"]}]},{\"@type\":\"ImageObject\",\"inLanguage\":\"lt-LT\",\"@id\":\"https:\\\/\\\/www.malinashop.lt\\\/shop\\\/medb-kreminis-putojantis-veido-prausiklis-su-kalamondinais-180-ml\\\/#primaryimage\",\"url\":\"https:\\\/\\\/www.malinashop.lt\\\/wp-content\\\/uploads\\\/2026\\\/01\\\/MEDB-kreminis-putojantis-veido-prausiklis-su-kalamondinais-180-ml.webp\",\"contentUrl\":\"https:\\\/\\\/www.malinashop.lt\\\/wp-content\\\/uploads\\\/2026\\\/01\\\/MEDB-kreminis-putojantis-veido-prausiklis-su-kalamondinais-180-ml.webp\",\"width\":768,\"height\":768},{\"@type\":\"BreadcrumbList\",\"@id\":\"https:\\\/\\\/www.malinashop.lt\\\/shop\\\/medb-kreminis-putojantis-veido-prausiklis-su-kalamondinais-180-ml\\\/#breadcrumb\",\"itemListElement\":[{\"@type\":\"ListItem\",\"position\":1,\"name\":\"Pagrindinis\",\"item\":\"https:\\\/\\\/www.malinashop.lt\\\/\"},{\"@type\":\"ListItem\",\"position\":2,\"name\":\"Parduotuv\u0117\",\"item\":\"https:\\\/\\\/www.malinashop.lt\\\/en\\\/parduotuve\\\/\"},{\"@type\":\"ListItem\",\"position\":3,\"name\":\"MEDB kreminis putojantis veido prausiklis su kalamondinais, 180 ml\"}]},{\"@type\":\"WebSite\",\"@id\":\"https:\\\/\\\/www.malinashop.lt\\\/#website\",\"url\":\"https:\\\/\\\/www.malinashop.lt\\\/\",\"name\":\"COM Group Ecommerce\",\"description\":\"MalinaShop.lt - Gro\u017eio ir sveikatos produktai i\u0161 patikim\u0173 preki\u0173 \u017eenkl\u0173. Atraskite auk\u0161tos kokyb\u0117s kosmetik\u0105 u\u017e puiki\u0105 kain\u0105.\",\"publisher\":{\"@id\":\"https:\\\/\\\/www.malinashop.lt\\\/#organization\"},\"potentialAction\":[{\"@type\":\"SearchAction\",\"target\":{\"@type\":\"EntryPoint\",\"urlTemplate\":\"https:\\\/\\\/www.malinashop.lt\\\/?s={search_term_string}\"},\"query-input\":{\"@type\":\"PropertyValueSpecification\",\"valueRequired\":true,\"valueName\":\"search_term_string\"}}],\"inLanguage\":\"lt-LT\"},{\"@type\":\"Organization\",\"@id\":\"https:\\\/\\\/www.malinashop.lt\\\/#organization\",\"name\":\"COM Group Ecommerce\",\"url\":\"https:\\\/\\\/www.malinashop.lt\\\/\",\"logo\":{\"@type\":\"ImageObject\",\"inLanguage\":\"lt-LT\",\"@id\":\"https:\\\/\\\/www.malinashop.lt\\\/#\\\/schema\\\/logo\\\/image\\\/\",\"url\":\"https:\\\/\\\/www.malinashop.lt\\\/wp-content\\\/uploads\\\/2024\\\/08\\\/462559670_3787732518133670_9795632669273463_n-e1731525914575.png\",\"contentUrl\":\"https:\\\/\\\/www.malinashop.lt\\\/wp-content\\\/uploads\\\/2024\\\/08\\\/462559670_3787732518133670_9795632669273463_n-e1731525914575.png\",\"width\":180,\"height\":60,\"caption\":\"COM Group Ecommerce\"},\"image\":{\"@id\":\"https:\\\/\\\/www.malinashop.lt\\\/#\\\/schema\\\/logo\\\/image\\\/\"}}]}<\/script>\n<!-- \/ Yoast SEO plugin. -->","yoast_head_json":{"title":"MEDB kreminis putojantis veido prausiklis su kalamondinais, 180 ml - MalinaShop.lt J\u016bs\u0173 sveikatai ir gro\u017eiui.","description":"MEDB kreminis putojantis veido prausiklis su kalamondinais 180 ml \u2013 \u0161velniai, bet efektyviai valo, pa\u0161alina ne\u0161varumus ir sebumo pertekli\u0173","robots":{"index":"index","follow":"follow","max-snippet":"max-snippet:-1","max-image-preview":"max-image-preview:large","max-video-preview":"max-video-preview:-1"},"canonical":"https:\/\/www.malinashop.lt\/lt_lt\/shop\/medb-kreminis-putojantis-veido-prausiklis-su-kalamondinais-180-ml\/","og_locale":"lt_LT","og_type":"article","og_title":"MEDB kreminis putojantis veido prausiklis su kalamondinais, 180 ml - MalinaShop.lt J\u016bs\u0173 sveikatai ir gro\u017eiui.","og_description":"MEDB kreminis putojantis veido prausiklis su kalamondinais 180 ml \u2013 \u0161velniai, bet efektyviai valo, pa\u0161alina ne\u0161varumus ir sebumo pertekli\u0173","og_url":"https:\/\/www.malinashop.lt\/lt_lt\/shop\/medb-kreminis-putojantis-veido-prausiklis-su-kalamondinais-180-ml\/","og_site_name":"MalinaShop.lt J\u016bs\u0173 sveikatai ir gro\u017eiui.","article_modified_time":"2026-04-07T19:18:18+00:00","og_image":[{"width":768,"height":768,"url":"https:\/\/www.malinashop.lt\/wp-content\/uploads\/2026\/01\/MEDB-kreminis-putojantis-veido-prausiklis-su-kalamondinais-180-ml.webp","type":"image\/webp"}],"twitter_card":"summary_large_image","schema":{"@context":"https:\/\/schema.org","@graph":[{"@type":"WebPage","@id":"https:\/\/www.malinashop.lt\/shop\/medb-kreminis-putojantis-veido-prausiklis-su-kalamondinais-180-ml\/","url":"https:\/\/www.malinashop.lt\/shop\/medb-kreminis-putojantis-veido-prausiklis-su-kalamondinais-180-ml\/","name":"MEDB kreminis putojantis veido prausiklis su kalamondinais, 180 ml - MalinaShop.lt J\u016bs\u0173 sveikatai ir gro\u017eiui.","isPartOf":{"@id":"https:\/\/www.malinashop.lt\/#website"},"primaryImageOfPage":{"@id":"https:\/\/www.malinashop.lt\/shop\/medb-kreminis-putojantis-veido-prausiklis-su-kalamondinais-180-ml\/#primaryimage"},"image":{"@id":"https:\/\/www.malinashop.lt\/shop\/medb-kreminis-putojantis-veido-prausiklis-su-kalamondinais-180-ml\/#primaryimage"},"thumbnailUrl":"https:\/\/www.malinashop.lt\/wp-content\/uploads\/2026\/01\/MEDB-kreminis-putojantis-veido-prausiklis-su-kalamondinais-180-ml.webp","datePublished":"2026-01-29T22:07:45+00:00","dateModified":"2026-04-07T19:18:18+00:00","description":"MEDB kreminis putojantis veido prausiklis su kalamondinais 180 ml \u2013 \u0161velniai, bet efektyviai valo, pa\u0161alina ne\u0161varumus ir sebumo pertekli\u0173","breadcrumb":{"@id":"https:\/\/www.malinashop.lt\/shop\/medb-kreminis-putojantis-veido-prausiklis-su-kalamondinais-180-ml\/#breadcrumb"},"inLanguage":"lt-LT","potentialAction":[{"@type":"ReadAction","target":["https:\/\/www.malinashop.lt\/shop\/medb-kreminis-putojantis-veido-prausiklis-su-kalamondinais-180-ml\/"]}]},{"@type":"ImageObject","inLanguage":"lt-LT","@id":"https:\/\/www.malinashop.lt\/shop\/medb-kreminis-putojantis-veido-prausiklis-su-kalamondinais-180-ml\/#primaryimage","url":"https:\/\/www.malinashop.lt\/wp-content\/uploads\/2026\/01\/MEDB-kreminis-putojantis-veido-prausiklis-su-kalamondinais-180-ml.webp","contentUrl":"https:\/\/www.malinashop.lt\/wp-content\/uploads\/2026\/01\/MEDB-kreminis-putojantis-veido-prausiklis-su-kalamondinais-180-ml.webp","width":768,"height":768},{"@type":"BreadcrumbList","@id":"https:\/\/www.malinashop.lt\/shop\/medb-kreminis-putojantis-veido-prausiklis-su-kalamondinais-180-ml\/#breadcrumb","itemListElement":[{"@type":"ListItem","position":1,"name":"Pagrindinis","item":"https:\/\/www.malinashop.lt\/"},{"@type":"ListItem","position":2,"name":"Parduotuv\u0117","item":"https:\/\/www.malinashop.lt\/en\/parduotuve\/"},{"@type":"ListItem","position":3,"name":"MEDB kreminis putojantis veido prausiklis su kalamondinais, 180 ml"}]},{"@type":"WebSite","@id":"https:\/\/www.malinashop.lt\/#website","url":"https:\/\/www.malinashop.lt\/","name":"COM Group Ecommerce","description":"MalinaShop.lt - Gro\u017eio ir sveikatos produktai i\u0161 patikim\u0173 preki\u0173 \u017eenkl\u0173. Atraskite auk\u0161tos kokyb\u0117s kosmetik\u0105 u\u017e puiki\u0105 kain\u0105.","publisher":{"@id":"https:\/\/www.malinashop.lt\/#organization"},"potentialAction":[{"@type":"SearchAction","target":{"@type":"EntryPoint","urlTemplate":"https:\/\/www.malinashop.lt\/?s={search_term_string}"},"query-input":{"@type":"PropertyValueSpecification","valueRequired":true,"valueName":"search_term_string"}}],"inLanguage":"lt-LT"},{"@type":"Organization","@id":"https:\/\/www.malinashop.lt\/#organization","name":"COM Group Ecommerce","url":"https:\/\/www.malinashop.lt\/","logo":{"@type":"ImageObject","inLanguage":"lt-LT","@id":"https:\/\/www.malinashop.lt\/#\/schema\/logo\/image\/","url":"https:\/\/www.malinashop.lt\/wp-content\/uploads\/2024\/08\/462559670_3787732518133670_9795632669273463_n-e1731525914575.png","contentUrl":"https:\/\/www.malinashop.lt\/wp-content\/uploads\/2024\/08\/462559670_3787732518133670_9795632669273463_n-e1731525914575.png","width":180,"height":60,"caption":"COM Group Ecommerce"},"image":{"@id":"https:\/\/www.malinashop.lt\/#\/schema\/logo\/image\/"}}]}},"jetpack_sharing_enabled":true,"_links":{"self":[{"href":"https:\/\/www.malinashop.lt\/lt_lt\/wp-json\/wp\/v2\/product\/73677","targetHints":{"allow":["GET"]}}],"collection":[{"href":"https:\/\/www.malinashop.lt\/lt_lt\/wp-json\/wp\/v2\/product"}],"about":[{"href":"https:\/\/www.malinashop.lt\/lt_lt\/wp-json\/wp\/v2\/types\/product"}],"version-history":[{"count":1,"href":"https:\/\/www.malinashop.lt\/lt_lt\/wp-json\/wp\/v2\/product\/73677\/revisions"}],"predecessor-version":[{"id":73679,"href":"https:\/\/www.malinashop.lt\/lt_lt\/wp-json\/wp\/v2\/product\/73677\/revisions\/73679"}],"wp:featuredmedia":[{"embeddable":true,"href":"https:\/\/www.malinashop.lt\/lt_lt\/wp-json\/wp\/v2\/media\/73678"}],"wp:attachment":[{"href":"https:\/\/www.malinashop.lt\/lt_lt\/wp-json\/wp\/v2\/media?parent=73677"}],"wp:term":[{"taxonomy":"product_brand","embeddable":true,"href":"https:\/\/www.malinashop.lt\/lt_lt\/wp-json\/wp\/v2\/product_brand?post=73677"},{"taxonomy":"product_cat","embeddable":true,"href":"https:\/\/www.malinashop.lt\/lt_lt\/wp-json\/wp\/v2\/product_cat?post=73677"},{"taxonomy":"product_tag","embeddable":true,"href":"https:\/\/www.malinashop.lt\/lt_lt\/wp-json\/wp\/v2\/product_tag?post=73677"}],"curies":[{"name":"wp","href":"https:\/\/api.w.org\/{rel}","templated":true}]}}