{"id":73674,"date":"2026-01-30T01:06:29","date_gmt":"2026-01-29T22:06:29","guid":{"rendered":"https:\/\/malinashop.lt\/?post_type=product&#038;p=73674"},"modified":"2026-04-07T22:18:19","modified_gmt":"2026-04-07T19:18:19","slug":"medb-putojantis-veido-prausiklis-su-kalamondinais-280-ml","status":"publish","type":"product","link":"https:\/\/www.malinashop.lt\/lt_lt\/shop\/medb-putojantis-veido-prausiklis-su-kalamondinais-280-ml\/","title":{"rendered":"MEDB putojantis veido prausiklis su kalamondinais, 280 ml"},"content":{"rendered":"<p data-start=\"175\" data-end=\"534\"><strong data-start=\"175\" data-end=\"228\">MEDB putojantis veido prausiklis su kalamondinais<\/strong> \u2013 kasdienis prausiklis, skirtas \u0161velniam, bet giliam odos valymui, kai norisi gaivos, \u0161varos ir tonizuojan\u010dio poj\u016b\u010dio. Formul\u0117 praturtinta <strong data-start=\"368\" data-end=\"385\">kalamondinais<\/strong> \u2013 citrusiniais vaisiais, turin\u010diais <strong data-start=\"422\" data-end=\"436\">vitamino C<\/strong> ir antioksidant\u0173, kurie prisideda prie sveikesn\u0117s odos i\u0161vaizdos ir nat\u016bralaus spindesio poj\u016b\u010dio.<\/p>\n<p data-start=\"536\" data-end=\"888\">Susiliet\u0119s su vandeniu prausiklis sukuria \u0161velnias putas, kurios padeda pa\u0161alinti ne\u0161varumus, makia\u017eo liku\u010dius ir <strong data-start=\"650\" data-end=\"671\">perteklin\u012f sebum\u0105<\/strong>, nepa\u017eeid\u017eiant odos apsauginio barjero. Putojantys burbuliukai padeda \u201eatverti\u201c poras ir efektyviau i\u0161valyti jose susikaupusius ne\u0161varumus, tod\u0117l oda po prausimo jau\u010diasi \u0161varesn\u0117, gaivesn\u0117, o jos tekst\u016bra \u2013 lygesn\u0117.<\/p>\n<p data-start=\"890\" data-end=\"998\">Prausiklis tinka <strong data-start=\"907\" data-end=\"925\">vis\u0173 tip\u0173 odai<\/strong>, \u012fskaitant jautri\u0105, tod\u0117l gali b\u016bti naudojamas kasdien \u2013 ryte ir vakare.<\/p>\n<hr data-start=\"1000\" data-end=\"1003\" \/>\n<h3 data-start=\"1005\" data-end=\"1032\">Pagrindiniai privalumai<\/h3>\n<ul data-start=\"1033\" data-end=\"1382\">\n<li data-start=\"1033\" data-end=\"1104\">\n<p data-start=\"1035\" data-end=\"1104\"><strong data-start=\"1035\" data-end=\"1050\">Giliai valo<\/strong> ir padeda pa\u0161alinti ne\u0161varumus bei sebumo pertekli\u0173<\/p>\n<\/li>\n<li data-start=\"1105\" data-end=\"1189\">\n<p data-start=\"1107\" data-end=\"1189\"><strong data-start=\"1107\" data-end=\"1123\">Kalamondinai<\/strong> su vitaminu C ir antioksidantais \u2013 gaivos ir spindesio poj\u016b\u010diui<\/p>\n<\/li>\n<li data-start=\"1190\" data-end=\"1246\">\n<p data-start=\"1192\" data-end=\"1246\">Padeda palaikyti <strong data-start=\"1209\" data-end=\"1237\">\u0161varios, tonizuotos odos<\/strong> poj\u016bt\u012f<\/p>\n<\/li>\n<li data-start=\"1247\" data-end=\"1336\">\n<p data-start=\"1249\" data-end=\"1336\">\u0160velnios putos padeda valyti poras ir prisid\u0117ti prie <strong data-start=\"1302\" data-end=\"1326\">ink\u0161tir\u0173 prevencijos<\/strong> poj\u016b\u010dio<\/p>\n<\/li>\n<li data-start=\"1337\" data-end=\"1382\">\n<p data-start=\"1339\" data-end=\"1382\">Tinka <strong data-start=\"1345\" data-end=\"1363\">vis\u0173 tip\u0173 odai<\/strong>, taip pat jautriai<\/p>\n<\/li>\n<\/ul>\n<hr data-start=\"1384\" data-end=\"1387\" \/>\n<h3 data-start=\"1389\" data-end=\"1403\">Naudojimas<\/h3>\n<p data-start=\"1404\" data-end=\"1491\">Naudokite <strong data-start=\"1414\" data-end=\"1438\">1\u20132 kartus per dien\u0105<\/strong>, priklausomai nuo poreikio. Venkite patekimo \u012f akis.<\/p>\n","protected":false},"excerpt":{"rendered":"<p data-start=\"1159\" data-end=\"1269\">Putojantis veido prausiklis su kalamondinais \u2013 \u0161velniai, bet giliai valo, tonizuoja ir suteikia gaivios, \u0161varesn\u0117s odos poj\u016bt\u012f, 280 ml.<\/p>\n","protected":false},"featured_media":73675,"template":"","meta":[],"product_brand":[1544],"product_cat":[537,728],"product_tag":[1609],"class_list":{"0":"post-73674","1":"product","2":"type-product","3":"status-publish","4":"has-post-thumbnail","6":"product_brand-medb","7":"product_cat-veido-valymo-priemones","8":"product_cat-veidui","9":"product_tag-medb","11":"first","12":"instock","13":"sale","14":"taxable","15":"shipping-taxable","16":"purchasable","17":"product-type-simple"},"yoast_head":"<!-- This site is optimized with the Yoast SEO plugin v27.4 - https:\/\/yoast.com\/product\/yoast-seo-wordpress\/ -->\n<title>MEDB putojantis veido prausiklis su kalamondinais, 280 ml - MalinaShop.lt J\u016bs\u0173 sveikatai ir gro\u017eiui.<\/title>\n<meta name=\"description\" content=\"MEDB putojantis veido prausiklis su kalamondinais 280 ml \u2013 susilietus su vandeniu sukuria \u0161velnias putas, giliai valo, pa\u0161alina ne\u0161varumus.\" \/>\n<meta name=\"robots\" content=\"index, follow, max-snippet:-1, max-image-preview:large, max-video-preview:-1\" \/>\n<link rel=\"canonical\" href=\"https:\/\/www.malinashop.lt\/lt_lt\/shop\/medb-putojantis-veido-prausiklis-su-kalamondinais-280-ml\/\" \/>\n<meta property=\"og:locale\" content=\"lt_LT\" \/>\n<meta property=\"og:type\" content=\"article\" \/>\n<meta property=\"og:title\" content=\"MEDB putojantis veido prausiklis su kalamondinais, 280 ml - MalinaShop.lt J\u016bs\u0173 sveikatai ir gro\u017eiui.\" \/>\n<meta property=\"og:description\" content=\"MEDB putojantis veido prausiklis su kalamondinais 280 ml \u2013 susilietus su vandeniu sukuria \u0161velnias putas, giliai valo, pa\u0161alina ne\u0161varumus.\" \/>\n<meta property=\"og:url\" content=\"https:\/\/www.malinashop.lt\/lt_lt\/shop\/medb-putojantis-veido-prausiklis-su-kalamondinais-280-ml\/\" \/>\n<meta property=\"og:site_name\" content=\"MalinaShop.lt J\u016bs\u0173 sveikatai ir gro\u017eiui.\" \/>\n<meta property=\"article:modified_time\" content=\"2026-04-07T19:18:19+00:00\" \/>\n<meta property=\"og:image\" content=\"https:\/\/www.malinashop.lt\/wp-content\/uploads\/2026\/01\/MEDB-putojantis-veido-prausiklis-su-kalamondinais-280-ml.webp\" \/>\n\t<meta property=\"og:image:width\" content=\"768\" \/>\n\t<meta property=\"og:image:height\" content=\"768\" \/>\n\t<meta property=\"og:image:type\" content=\"image\/webp\" \/>\n<meta name=\"twitter:card\" content=\"summary_large_image\" \/>\n<script type=\"application\/ld+json\" class=\"yoast-schema-graph\">{\"@context\":\"https:\\\/\\\/schema.org\",\"@graph\":[{\"@type\":\"WebPage\",\"@id\":\"https:\\\/\\\/www.malinashop.lt\\\/shop\\\/medb-putojantis-veido-prausiklis-su-kalamondinais-280-ml\\\/\",\"url\":\"https:\\\/\\\/www.malinashop.lt\\\/shop\\\/medb-putojantis-veido-prausiklis-su-kalamondinais-280-ml\\\/\",\"name\":\"MEDB putojantis veido prausiklis su kalamondinais, 280 ml - MalinaShop.lt J\u016bs\u0173 sveikatai ir gro\u017eiui.\",\"isPartOf\":{\"@id\":\"https:\\\/\\\/www.malinashop.lt\\\/#website\"},\"primaryImageOfPage\":{\"@id\":\"https:\\\/\\\/www.malinashop.lt\\\/shop\\\/medb-putojantis-veido-prausiklis-su-kalamondinais-280-ml\\\/#primaryimage\"},\"image\":{\"@id\":\"https:\\\/\\\/www.malinashop.lt\\\/shop\\\/medb-putojantis-veido-prausiklis-su-kalamondinais-280-ml\\\/#primaryimage\"},\"thumbnailUrl\":\"https:\\\/\\\/www.malinashop.lt\\\/wp-content\\\/uploads\\\/2026\\\/01\\\/MEDB-putojantis-veido-prausiklis-su-kalamondinais-280-ml.webp\",\"datePublished\":\"2026-01-29T22:06:29+00:00\",\"dateModified\":\"2026-04-07T19:18:19+00:00\",\"description\":\"MEDB putojantis veido prausiklis su kalamondinais 280 ml \u2013 susilietus su vandeniu sukuria \u0161velnias putas, giliai valo, pa\u0161alina ne\u0161varumus.\",\"breadcrumb\":{\"@id\":\"https:\\\/\\\/www.malinashop.lt\\\/shop\\\/medb-putojantis-veido-prausiklis-su-kalamondinais-280-ml\\\/#breadcrumb\"},\"inLanguage\":\"lt-LT\",\"potentialAction\":[{\"@type\":\"ReadAction\",\"target\":[\"https:\\\/\\\/www.malinashop.lt\\\/shop\\\/medb-putojantis-veido-prausiklis-su-kalamondinais-280-ml\\\/\"]}]},{\"@type\":\"ImageObject\",\"inLanguage\":\"lt-LT\",\"@id\":\"https:\\\/\\\/www.malinashop.lt\\\/shop\\\/medb-putojantis-veido-prausiklis-su-kalamondinais-280-ml\\\/#primaryimage\",\"url\":\"https:\\\/\\\/www.malinashop.lt\\\/wp-content\\\/uploads\\\/2026\\\/01\\\/MEDB-putojantis-veido-prausiklis-su-kalamondinais-280-ml.webp\",\"contentUrl\":\"https:\\\/\\\/www.malinashop.lt\\\/wp-content\\\/uploads\\\/2026\\\/01\\\/MEDB-putojantis-veido-prausiklis-su-kalamondinais-280-ml.webp\",\"width\":768,\"height\":768},{\"@type\":\"BreadcrumbList\",\"@id\":\"https:\\\/\\\/www.malinashop.lt\\\/shop\\\/medb-putojantis-veido-prausiklis-su-kalamondinais-280-ml\\\/#breadcrumb\",\"itemListElement\":[{\"@type\":\"ListItem\",\"position\":1,\"name\":\"Pagrindinis\",\"item\":\"https:\\\/\\\/www.malinashop.lt\\\/\"},{\"@type\":\"ListItem\",\"position\":2,\"name\":\"Parduotuv\u0117\",\"item\":\"https:\\\/\\\/www.malinashop.lt\\\/en\\\/parduotuve\\\/\"},{\"@type\":\"ListItem\",\"position\":3,\"name\":\"MEDB putojantis veido prausiklis su kalamondinais, 280 ml\"}]},{\"@type\":\"WebSite\",\"@id\":\"https:\\\/\\\/www.malinashop.lt\\\/#website\",\"url\":\"https:\\\/\\\/www.malinashop.lt\\\/\",\"name\":\"COM Group Ecommerce\",\"description\":\"MalinaShop.lt - Gro\u017eio ir sveikatos produktai i\u0161 patikim\u0173 preki\u0173 \u017eenkl\u0173. Atraskite auk\u0161tos kokyb\u0117s kosmetik\u0105 u\u017e puiki\u0105 kain\u0105.\",\"publisher\":{\"@id\":\"https:\\\/\\\/www.malinashop.lt\\\/#organization\"},\"potentialAction\":[{\"@type\":\"SearchAction\",\"target\":{\"@type\":\"EntryPoint\",\"urlTemplate\":\"https:\\\/\\\/www.malinashop.lt\\\/?s={search_term_string}\"},\"query-input\":{\"@type\":\"PropertyValueSpecification\",\"valueRequired\":true,\"valueName\":\"search_term_string\"}}],\"inLanguage\":\"lt-LT\"},{\"@type\":\"Organization\",\"@id\":\"https:\\\/\\\/www.malinashop.lt\\\/#organization\",\"name\":\"COM Group Ecommerce\",\"url\":\"https:\\\/\\\/www.malinashop.lt\\\/\",\"logo\":{\"@type\":\"ImageObject\",\"inLanguage\":\"lt-LT\",\"@id\":\"https:\\\/\\\/www.malinashop.lt\\\/#\\\/schema\\\/logo\\\/image\\\/\",\"url\":\"https:\\\/\\\/www.malinashop.lt\\\/wp-content\\\/uploads\\\/2024\\\/08\\\/462559670_3787732518133670_9795632669273463_n-e1731525914575.png\",\"contentUrl\":\"https:\\\/\\\/www.malinashop.lt\\\/wp-content\\\/uploads\\\/2024\\\/08\\\/462559670_3787732518133670_9795632669273463_n-e1731525914575.png\",\"width\":180,\"height\":60,\"caption\":\"COM Group Ecommerce\"},\"image\":{\"@id\":\"https:\\\/\\\/www.malinashop.lt\\\/#\\\/schema\\\/logo\\\/image\\\/\"}}]}<\/script>\n<!-- \/ Yoast SEO plugin. -->","yoast_head_json":{"title":"MEDB putojantis veido prausiklis su kalamondinais, 280 ml - MalinaShop.lt J\u016bs\u0173 sveikatai ir gro\u017eiui.","description":"MEDB putojantis veido prausiklis su kalamondinais 280 ml \u2013 susilietus su vandeniu sukuria \u0161velnias putas, giliai valo, pa\u0161alina ne\u0161varumus.","robots":{"index":"index","follow":"follow","max-snippet":"max-snippet:-1","max-image-preview":"max-image-preview:large","max-video-preview":"max-video-preview:-1"},"canonical":"https:\/\/www.malinashop.lt\/lt_lt\/shop\/medb-putojantis-veido-prausiklis-su-kalamondinais-280-ml\/","og_locale":"lt_LT","og_type":"article","og_title":"MEDB putojantis veido prausiklis su kalamondinais, 280 ml - MalinaShop.lt J\u016bs\u0173 sveikatai ir gro\u017eiui.","og_description":"MEDB putojantis veido prausiklis su kalamondinais 280 ml \u2013 susilietus su vandeniu sukuria \u0161velnias putas, giliai valo, pa\u0161alina ne\u0161varumus.","og_url":"https:\/\/www.malinashop.lt\/lt_lt\/shop\/medb-putojantis-veido-prausiklis-su-kalamondinais-280-ml\/","og_site_name":"MalinaShop.lt J\u016bs\u0173 sveikatai ir gro\u017eiui.","article_modified_time":"2026-04-07T19:18:19+00:00","og_image":[{"width":768,"height":768,"url":"https:\/\/www.malinashop.lt\/wp-content\/uploads\/2026\/01\/MEDB-putojantis-veido-prausiklis-su-kalamondinais-280-ml.webp","type":"image\/webp"}],"twitter_card":"summary_large_image","schema":{"@context":"https:\/\/schema.org","@graph":[{"@type":"WebPage","@id":"https:\/\/www.malinashop.lt\/shop\/medb-putojantis-veido-prausiklis-su-kalamondinais-280-ml\/","url":"https:\/\/www.malinashop.lt\/shop\/medb-putojantis-veido-prausiklis-su-kalamondinais-280-ml\/","name":"MEDB putojantis veido prausiklis su kalamondinais, 280 ml - MalinaShop.lt J\u016bs\u0173 sveikatai ir gro\u017eiui.","isPartOf":{"@id":"https:\/\/www.malinashop.lt\/#website"},"primaryImageOfPage":{"@id":"https:\/\/www.malinashop.lt\/shop\/medb-putojantis-veido-prausiklis-su-kalamondinais-280-ml\/#primaryimage"},"image":{"@id":"https:\/\/www.malinashop.lt\/shop\/medb-putojantis-veido-prausiklis-su-kalamondinais-280-ml\/#primaryimage"},"thumbnailUrl":"https:\/\/www.malinashop.lt\/wp-content\/uploads\/2026\/01\/MEDB-putojantis-veido-prausiklis-su-kalamondinais-280-ml.webp","datePublished":"2026-01-29T22:06:29+00:00","dateModified":"2026-04-07T19:18:19+00:00","description":"MEDB putojantis veido prausiklis su kalamondinais 280 ml \u2013 susilietus su vandeniu sukuria \u0161velnias putas, giliai valo, pa\u0161alina ne\u0161varumus.","breadcrumb":{"@id":"https:\/\/www.malinashop.lt\/shop\/medb-putojantis-veido-prausiklis-su-kalamondinais-280-ml\/#breadcrumb"},"inLanguage":"lt-LT","potentialAction":[{"@type":"ReadAction","target":["https:\/\/www.malinashop.lt\/shop\/medb-putojantis-veido-prausiklis-su-kalamondinais-280-ml\/"]}]},{"@type":"ImageObject","inLanguage":"lt-LT","@id":"https:\/\/www.malinashop.lt\/shop\/medb-putojantis-veido-prausiklis-su-kalamondinais-280-ml\/#primaryimage","url":"https:\/\/www.malinashop.lt\/wp-content\/uploads\/2026\/01\/MEDB-putojantis-veido-prausiklis-su-kalamondinais-280-ml.webp","contentUrl":"https:\/\/www.malinashop.lt\/wp-content\/uploads\/2026\/01\/MEDB-putojantis-veido-prausiklis-su-kalamondinais-280-ml.webp","width":768,"height":768},{"@type":"BreadcrumbList","@id":"https:\/\/www.malinashop.lt\/shop\/medb-putojantis-veido-prausiklis-su-kalamondinais-280-ml\/#breadcrumb","itemListElement":[{"@type":"ListItem","position":1,"name":"Pagrindinis","item":"https:\/\/www.malinashop.lt\/"},{"@type":"ListItem","position":2,"name":"Parduotuv\u0117","item":"https:\/\/www.malinashop.lt\/en\/parduotuve\/"},{"@type":"ListItem","position":3,"name":"MEDB putojantis veido prausiklis su kalamondinais, 280 ml"}]},{"@type":"WebSite","@id":"https:\/\/www.malinashop.lt\/#website","url":"https:\/\/www.malinashop.lt\/","name":"COM Group Ecommerce","description":"MalinaShop.lt - Gro\u017eio ir sveikatos produktai i\u0161 patikim\u0173 preki\u0173 \u017eenkl\u0173. Atraskite auk\u0161tos kokyb\u0117s kosmetik\u0105 u\u017e puiki\u0105 kain\u0105.","publisher":{"@id":"https:\/\/www.malinashop.lt\/#organization"},"potentialAction":[{"@type":"SearchAction","target":{"@type":"EntryPoint","urlTemplate":"https:\/\/www.malinashop.lt\/?s={search_term_string}"},"query-input":{"@type":"PropertyValueSpecification","valueRequired":true,"valueName":"search_term_string"}}],"inLanguage":"lt-LT"},{"@type":"Organization","@id":"https:\/\/www.malinashop.lt\/#organization","name":"COM Group Ecommerce","url":"https:\/\/www.malinashop.lt\/","logo":{"@type":"ImageObject","inLanguage":"lt-LT","@id":"https:\/\/www.malinashop.lt\/#\/schema\/logo\/image\/","url":"https:\/\/www.malinashop.lt\/wp-content\/uploads\/2024\/08\/462559670_3787732518133670_9795632669273463_n-e1731525914575.png","contentUrl":"https:\/\/www.malinashop.lt\/wp-content\/uploads\/2024\/08\/462559670_3787732518133670_9795632669273463_n-e1731525914575.png","width":180,"height":60,"caption":"COM Group Ecommerce"},"image":{"@id":"https:\/\/www.malinashop.lt\/#\/schema\/logo\/image\/"}}]}},"jetpack_sharing_enabled":true,"_links":{"self":[{"href":"https:\/\/www.malinashop.lt\/lt_lt\/wp-json\/wp\/v2\/product\/73674","targetHints":{"allow":["GET"]}}],"collection":[{"href":"https:\/\/www.malinashop.lt\/lt_lt\/wp-json\/wp\/v2\/product"}],"about":[{"href":"https:\/\/www.malinashop.lt\/lt_lt\/wp-json\/wp\/v2\/types\/product"}],"version-history":[{"count":1,"href":"https:\/\/www.malinashop.lt\/lt_lt\/wp-json\/wp\/v2\/product\/73674\/revisions"}],"predecessor-version":[{"id":73676,"href":"https:\/\/www.malinashop.lt\/lt_lt\/wp-json\/wp\/v2\/product\/73674\/revisions\/73676"}],"wp:featuredmedia":[{"embeddable":true,"href":"https:\/\/www.malinashop.lt\/lt_lt\/wp-json\/wp\/v2\/media\/73675"}],"wp:attachment":[{"href":"https:\/\/www.malinashop.lt\/lt_lt\/wp-json\/wp\/v2\/media?parent=73674"}],"wp:term":[{"taxonomy":"product_brand","embeddable":true,"href":"https:\/\/www.malinashop.lt\/lt_lt\/wp-json\/wp\/v2\/product_brand?post=73674"},{"taxonomy":"product_cat","embeddable":true,"href":"https:\/\/www.malinashop.lt\/lt_lt\/wp-json\/wp\/v2\/product_cat?post=73674"},{"taxonomy":"product_tag","embeddable":true,"href":"https:\/\/www.malinashop.lt\/lt_lt\/wp-json\/wp\/v2\/product_tag?post=73674"}],"curies":[{"name":"wp","href":"https:\/\/api.w.org\/{rel}","templated":true}]}}