{"id":73671,"date":"2026-01-30T01:04:50","date_gmt":"2026-01-29T22:04:50","guid":{"rendered":"https:\/\/malinashop.lt\/?post_type=product&#038;p=73671"},"modified":"2026-04-07T22:18:19","modified_gmt":"2026-04-07T19:18:19","slug":"medb-kreminis-putojantis-veido-prausiklis-inkstiru-valymui-180-ml","status":"publish","type":"product","link":"https:\/\/www.malinashop.lt\/lt_lt\/shop\/medb-kreminis-putojantis-veido-prausiklis-inkstiru-valymui-180-ml\/","title":{"rendered":"MEDB kreminis putojantis veido prausiklis ink\u0161tir\u0173 valymui, 180 ml"},"content":{"rendered":"<p data-start=\"175\" data-end=\"543\"><strong data-start=\"175\" data-end=\"228\">M<\/strong><strong data-start=\"184\" data-end=\"246\">EDB kreminis putojantis veido prausiklis ink\u0161tir\u0173 valymui<\/strong> \u2013 kasdienis prausiklis, sukurtas gilesniam odos valymui, kai oda linkusi \u012f <strong data-start=\"322\" data-end=\"377\">ink\u0161tirus, riebal\u0173 pertekli\u0173 ir u\u017esikim\u0161usias poras<\/strong>. Kremin\u0117 tekst\u016bra susilietus su vandeniu virsta \u0161velniomis putomis, kurios padeda pa\u0161alinti ne\u0161varumus, riebalus ir negyvas odos l\u0105steles, taip prisidedant prie \u0161varesn\u0117s odos poj\u016b\u010dio ir ma\u017eesnio ink\u0161tir\u0173 formavimosi.<\/p>\n<p data-start=\"597\" data-end=\"944\">Putojantys burbuliukai padeda \u0161velniai \u201eatverti\u201c poras ir efektyviau pa\u0161alinti jose susikaupusius ne\u0161varumus bei riebal\u0173 pertekli\u0173. Prausiklis padeda <strong data-start=\"747\" data-end=\"782\">reguliuoti odos riebumo balans\u0105<\/strong>, tod\u0117l ypa\u010d tinka <strong data-start=\"801\" data-end=\"828\">riebiai ir mi\u0161riai odai<\/strong>. Formul\u0117 sukurta taip, kad oda po prausimo jaust\u0173si gaivi ir \u0161velni, neapsunkinta ir be nemalonaus tempimo poj\u016b\u010dio.<\/p>\n<p data-start=\"946\" data-end=\"1037\">Tinka kasdieniam naudojimui <strong data-start=\"974\" data-end=\"992\">ryte ir vakare<\/strong> kaip pagrindinis veido odos valymo \u017eingsnis.<\/p>\n<hr data-start=\"1039\" data-end=\"1042\" \/>\n<h3 data-start=\"1044\" data-end=\"1071\">Pagrindiniai privalumai<\/h3>\n<ul data-start=\"1072\" data-end=\"1384\">\n<li data-start=\"1072\" data-end=\"1144\">\n<p data-start=\"1074\" data-end=\"1144\"><strong data-start=\"1074\" data-end=\"1089\">Giliai valo<\/strong> ir padeda pa\u0161alinti riebal\u0173 pertekli\u0173 bei ne\u0161varumus<\/p>\n<\/li>\n<li data-start=\"1145\" data-end=\"1204\">\n<p data-start=\"1147\" data-end=\"1204\">Padeda ma\u017einti <strong data-start=\"1162\" data-end=\"1195\">ink\u0161tir\u0173 ir u\u017esikim\u0161usi\u0173 por\u0173<\/strong> poj\u016bt\u012f<\/p>\n<\/li>\n<li data-start=\"1205\" data-end=\"1271\">\n<p data-start=\"1207\" data-end=\"1271\"><strong data-start=\"1207\" data-end=\"1237\">Reguliuoja riebumo balans\u0105<\/strong> \u2013 tinka mi\u0161riai ir riebiai odai<\/p>\n<\/li>\n<li data-start=\"1272\" data-end=\"1329\">\n<p data-start=\"1274\" data-end=\"1329\">Kremin\u0117s putos suteikia <strong data-start=\"1298\" data-end=\"1315\">\u0161veln\u0173, gaiv\u0173<\/strong> odos poj\u016bt\u012f<\/p>\n<\/li>\n<li data-start=\"1330\" data-end=\"1384\">\n<p data-start=\"1332\" data-end=\"1384\">Tinka kasdieniam naudojimui <strong data-start=\"1360\" data-end=\"1384\">1\u20132 kartus per dien\u0105<\/strong><\/p>\n<\/li>\n<\/ul>\n<hr data-start=\"1386\" data-end=\"1389\" \/>\n<h3 data-start=\"1391\" data-end=\"1405\">Naudojimas<\/h3>\n<p data-start=\"1406\" data-end=\"1481\">Naudokite <strong data-start=\"1416\" data-end=\"1440\">1\u20132 kartus per dien\u0105<\/strong>, pagal poreik\u012f. Venkite patekimo \u012f akis.<\/p>\n","protected":false},"excerpt":{"rendered":"<p data-start=\"1159\" data-end=\"1269\">Kreminis putojantis prausiklis ink\u0161tir\u0173 valymui \u2013 giliai valo poras, padeda reguliuoti riebum\u0105 ir suteikia \u0161varios, gaivios odos poj\u016bt\u012f, 180 ml.<\/p>\n","protected":false},"featured_media":73672,"template":"","meta":[],"product_brand":[1544],"product_cat":[537,728],"product_tag":[1609],"class_list":{"0":"post-73671","1":"product","2":"type-product","3":"status-publish","4":"has-post-thumbnail","6":"product_brand-medb","7":"product_cat-veido-valymo-priemones","8":"product_cat-veidui","9":"product_tag-medb","11":"first","12":"instock","13":"sale","14":"taxable","15":"shipping-taxable","16":"purchasable","17":"product-type-simple"},"yoast_head":"<!-- This site is optimized with the Yoast SEO plugin v27.4 - https:\/\/yoast.com\/product\/yoast-seo-wordpress\/ -->\n<title>MEDB kreminis putojantis veido prausiklis ink\u0161tir\u0173 valymui, 180 ml - MalinaShop.lt J\u016bs\u0173 sveikatai ir gro\u017eiui.<\/title>\n<meta name=\"description\" content=\"MEDB kreminis putojantis veido prausiklis ink\u0161tir\u0173 valymui 180 ml \u2013 susilietus su vandeniu sukuria \u0161velnias putas, giliai valo, pa\u0161alina ne\u0161varumus,\" \/>\n<meta name=\"robots\" content=\"index, follow, max-snippet:-1, max-image-preview:large, max-video-preview:-1\" \/>\n<link rel=\"canonical\" href=\"https:\/\/www.malinashop.lt\/lt_lt\/shop\/medb-kreminis-putojantis-veido-prausiklis-inkstiru-valymui-180-ml\/\" \/>\n<meta property=\"og:locale\" content=\"lt_LT\" \/>\n<meta property=\"og:type\" content=\"article\" \/>\n<meta property=\"og:title\" content=\"MEDB kreminis putojantis veido prausiklis ink\u0161tir\u0173 valymui, 180 ml - MalinaShop.lt J\u016bs\u0173 sveikatai ir gro\u017eiui.\" \/>\n<meta property=\"og:description\" content=\"MEDB kreminis putojantis veido prausiklis ink\u0161tir\u0173 valymui 180 ml \u2013 susilietus su vandeniu sukuria \u0161velnias putas, giliai valo, pa\u0161alina ne\u0161varumus,\" \/>\n<meta property=\"og:url\" content=\"https:\/\/www.malinashop.lt\/lt_lt\/shop\/medb-kreminis-putojantis-veido-prausiklis-inkstiru-valymui-180-ml\/\" \/>\n<meta property=\"og:site_name\" content=\"MalinaShop.lt J\u016bs\u0173 sveikatai ir gro\u017eiui.\" \/>\n<meta property=\"article:modified_time\" content=\"2026-04-07T19:18:19+00:00\" \/>\n<meta property=\"og:image\" content=\"https:\/\/www.malinashop.lt\/wp-content\/uploads\/2026\/01\/MEDB-kreminis-putojantis-veido-prausiklis-inkstiru-valymui-180-ml.webp\" \/>\n\t<meta property=\"og:image:width\" content=\"768\" \/>\n\t<meta property=\"og:image:height\" content=\"768\" \/>\n\t<meta property=\"og:image:type\" content=\"image\/webp\" \/>\n<meta name=\"twitter:card\" content=\"summary_large_image\" \/>\n<script type=\"application\/ld+json\" class=\"yoast-schema-graph\">{\"@context\":\"https:\\\/\\\/schema.org\",\"@graph\":[{\"@type\":\"WebPage\",\"@id\":\"https:\\\/\\\/www.malinashop.lt\\\/lt_lt\\\/shop\\\/medb-kreminis-putojantis-veido-prausiklis-inkstiru-valymui-180-ml\\\/\",\"url\":\"https:\\\/\\\/www.malinashop.lt\\\/lt_lt\\\/shop\\\/medb-kreminis-putojantis-veido-prausiklis-inkstiru-valymui-180-ml\\\/\",\"name\":\"MEDB kreminis putojantis veido prausiklis ink\u0161tir\u0173 valymui, 180 ml - MalinaShop.lt J\u016bs\u0173 sveikatai ir gro\u017eiui.\",\"isPartOf\":{\"@id\":\"https:\\\/\\\/www.malinashop.lt\\\/#website\"},\"primaryImageOfPage\":{\"@id\":\"https:\\\/\\\/www.malinashop.lt\\\/lt_lt\\\/shop\\\/medb-kreminis-putojantis-veido-prausiklis-inkstiru-valymui-180-ml\\\/#primaryimage\"},\"image\":{\"@id\":\"https:\\\/\\\/www.malinashop.lt\\\/lt_lt\\\/shop\\\/medb-kreminis-putojantis-veido-prausiklis-inkstiru-valymui-180-ml\\\/#primaryimage\"},\"thumbnailUrl\":\"https:\\\/\\\/www.malinashop.lt\\\/wp-content\\\/uploads\\\/2026\\\/01\\\/MEDB-kreminis-putojantis-veido-prausiklis-inkstiru-valymui-180-ml.webp\",\"datePublished\":\"2026-01-29T22:04:50+00:00\",\"dateModified\":\"2026-04-07T19:18:19+00:00\",\"description\":\"MEDB kreminis putojantis veido prausiklis ink\u0161tir\u0173 valymui 180 ml \u2013 susilietus su vandeniu sukuria \u0161velnias putas, giliai valo, pa\u0161alina ne\u0161varumus,\",\"breadcrumb\":{\"@id\":\"https:\\\/\\\/www.malinashop.lt\\\/lt_lt\\\/shop\\\/medb-kreminis-putojantis-veido-prausiklis-inkstiru-valymui-180-ml\\\/#breadcrumb\"},\"inLanguage\":\"lt-LT\",\"potentialAction\":[{\"@type\":\"ReadAction\",\"target\":[\"https:\\\/\\\/www.malinashop.lt\\\/lt_lt\\\/shop\\\/medb-kreminis-putojantis-veido-prausiklis-inkstiru-valymui-180-ml\\\/\"]}]},{\"@type\":\"ImageObject\",\"inLanguage\":\"lt-LT\",\"@id\":\"https:\\\/\\\/www.malinashop.lt\\\/lt_lt\\\/shop\\\/medb-kreminis-putojantis-veido-prausiklis-inkstiru-valymui-180-ml\\\/#primaryimage\",\"url\":\"https:\\\/\\\/www.malinashop.lt\\\/wp-content\\\/uploads\\\/2026\\\/01\\\/MEDB-kreminis-putojantis-veido-prausiklis-inkstiru-valymui-180-ml.webp\",\"contentUrl\":\"https:\\\/\\\/www.malinashop.lt\\\/wp-content\\\/uploads\\\/2026\\\/01\\\/MEDB-kreminis-putojantis-veido-prausiklis-inkstiru-valymui-180-ml.webp\",\"width\":768,\"height\":768},{\"@type\":\"BreadcrumbList\",\"@id\":\"https:\\\/\\\/www.malinashop.lt\\\/lt_lt\\\/shop\\\/medb-kreminis-putojantis-veido-prausiklis-inkstiru-valymui-180-ml\\\/#breadcrumb\",\"itemListElement\":[{\"@type\":\"ListItem\",\"position\":1,\"name\":\"Pagrindinis\",\"item\":\"https:\\\/\\\/www.malinashop.lt\\\/\"},{\"@type\":\"ListItem\",\"position\":2,\"name\":\"Parduotuv\u0117\",\"item\":\"https:\\\/\\\/www.malinashop.lt\\\/en\\\/parduotuve\\\/\"},{\"@type\":\"ListItem\",\"position\":3,\"name\":\"MEDB kreminis putojantis veido prausiklis ink\u0161tir\u0173 valymui, 180 ml\"}]},{\"@type\":\"WebSite\",\"@id\":\"https:\\\/\\\/www.malinashop.lt\\\/#website\",\"url\":\"https:\\\/\\\/www.malinashop.lt\\\/\",\"name\":\"COM Group Ecommerce\",\"description\":\"MalinaShop.lt - Gro\u017eio ir sveikatos produktai i\u0161 patikim\u0173 preki\u0173 \u017eenkl\u0173. Atraskite auk\u0161tos kokyb\u0117s kosmetik\u0105 u\u017e puiki\u0105 kain\u0105.\",\"publisher\":{\"@id\":\"https:\\\/\\\/www.malinashop.lt\\\/#organization\"},\"potentialAction\":[{\"@type\":\"SearchAction\",\"target\":{\"@type\":\"EntryPoint\",\"urlTemplate\":\"https:\\\/\\\/www.malinashop.lt\\\/?s={search_term_string}\"},\"query-input\":{\"@type\":\"PropertyValueSpecification\",\"valueRequired\":true,\"valueName\":\"search_term_string\"}}],\"inLanguage\":\"lt-LT\"},{\"@type\":\"Organization\",\"@id\":\"https:\\\/\\\/www.malinashop.lt\\\/#organization\",\"name\":\"COM Group Ecommerce\",\"url\":\"https:\\\/\\\/www.malinashop.lt\\\/\",\"logo\":{\"@type\":\"ImageObject\",\"inLanguage\":\"lt-LT\",\"@id\":\"https:\\\/\\\/www.malinashop.lt\\\/#\\\/schema\\\/logo\\\/image\\\/\",\"url\":\"https:\\\/\\\/www.malinashop.lt\\\/wp-content\\\/uploads\\\/2024\\\/08\\\/462559670_3787732518133670_9795632669273463_n-e1731525914575.png\",\"contentUrl\":\"https:\\\/\\\/www.malinashop.lt\\\/wp-content\\\/uploads\\\/2024\\\/08\\\/462559670_3787732518133670_9795632669273463_n-e1731525914575.png\",\"width\":180,\"height\":60,\"caption\":\"COM Group Ecommerce\"},\"image\":{\"@id\":\"https:\\\/\\\/www.malinashop.lt\\\/#\\\/schema\\\/logo\\\/image\\\/\"}}]}<\/script>\n<!-- \/ Yoast SEO plugin. -->","yoast_head_json":{"title":"MEDB kreminis putojantis veido prausiklis ink\u0161tir\u0173 valymui, 180 ml - MalinaShop.lt J\u016bs\u0173 sveikatai ir gro\u017eiui.","description":"MEDB kreminis putojantis veido prausiklis ink\u0161tir\u0173 valymui 180 ml \u2013 susilietus su vandeniu sukuria \u0161velnias putas, giliai valo, pa\u0161alina ne\u0161varumus,","robots":{"index":"index","follow":"follow","max-snippet":"max-snippet:-1","max-image-preview":"max-image-preview:large","max-video-preview":"max-video-preview:-1"},"canonical":"https:\/\/www.malinashop.lt\/lt_lt\/shop\/medb-kreminis-putojantis-veido-prausiklis-inkstiru-valymui-180-ml\/","og_locale":"lt_LT","og_type":"article","og_title":"MEDB kreminis putojantis veido prausiklis ink\u0161tir\u0173 valymui, 180 ml - MalinaShop.lt J\u016bs\u0173 sveikatai ir gro\u017eiui.","og_description":"MEDB kreminis putojantis veido prausiklis ink\u0161tir\u0173 valymui 180 ml \u2013 susilietus su vandeniu sukuria \u0161velnias putas, giliai valo, pa\u0161alina ne\u0161varumus,","og_url":"https:\/\/www.malinashop.lt\/lt_lt\/shop\/medb-kreminis-putojantis-veido-prausiklis-inkstiru-valymui-180-ml\/","og_site_name":"MalinaShop.lt J\u016bs\u0173 sveikatai ir gro\u017eiui.","article_modified_time":"2026-04-07T19:18:19+00:00","og_image":[{"width":768,"height":768,"url":"https:\/\/www.malinashop.lt\/wp-content\/uploads\/2026\/01\/MEDB-kreminis-putojantis-veido-prausiklis-inkstiru-valymui-180-ml.webp","type":"image\/webp"}],"twitter_card":"summary_large_image","schema":{"@context":"https:\/\/schema.org","@graph":[{"@type":"WebPage","@id":"https:\/\/www.malinashop.lt\/lt_lt\/shop\/medb-kreminis-putojantis-veido-prausiklis-inkstiru-valymui-180-ml\/","url":"https:\/\/www.malinashop.lt\/lt_lt\/shop\/medb-kreminis-putojantis-veido-prausiklis-inkstiru-valymui-180-ml\/","name":"MEDB kreminis putojantis veido prausiklis ink\u0161tir\u0173 valymui, 180 ml - MalinaShop.lt J\u016bs\u0173 sveikatai ir gro\u017eiui.","isPartOf":{"@id":"https:\/\/www.malinashop.lt\/#website"},"primaryImageOfPage":{"@id":"https:\/\/www.malinashop.lt\/lt_lt\/shop\/medb-kreminis-putojantis-veido-prausiklis-inkstiru-valymui-180-ml\/#primaryimage"},"image":{"@id":"https:\/\/www.malinashop.lt\/lt_lt\/shop\/medb-kreminis-putojantis-veido-prausiklis-inkstiru-valymui-180-ml\/#primaryimage"},"thumbnailUrl":"https:\/\/www.malinashop.lt\/wp-content\/uploads\/2026\/01\/MEDB-kreminis-putojantis-veido-prausiklis-inkstiru-valymui-180-ml.webp","datePublished":"2026-01-29T22:04:50+00:00","dateModified":"2026-04-07T19:18:19+00:00","description":"MEDB kreminis putojantis veido prausiklis ink\u0161tir\u0173 valymui 180 ml \u2013 susilietus su vandeniu sukuria \u0161velnias putas, giliai valo, pa\u0161alina ne\u0161varumus,","breadcrumb":{"@id":"https:\/\/www.malinashop.lt\/lt_lt\/shop\/medb-kreminis-putojantis-veido-prausiklis-inkstiru-valymui-180-ml\/#breadcrumb"},"inLanguage":"lt-LT","potentialAction":[{"@type":"ReadAction","target":["https:\/\/www.malinashop.lt\/lt_lt\/shop\/medb-kreminis-putojantis-veido-prausiklis-inkstiru-valymui-180-ml\/"]}]},{"@type":"ImageObject","inLanguage":"lt-LT","@id":"https:\/\/www.malinashop.lt\/lt_lt\/shop\/medb-kreminis-putojantis-veido-prausiklis-inkstiru-valymui-180-ml\/#primaryimage","url":"https:\/\/www.malinashop.lt\/wp-content\/uploads\/2026\/01\/MEDB-kreminis-putojantis-veido-prausiklis-inkstiru-valymui-180-ml.webp","contentUrl":"https:\/\/www.malinashop.lt\/wp-content\/uploads\/2026\/01\/MEDB-kreminis-putojantis-veido-prausiklis-inkstiru-valymui-180-ml.webp","width":768,"height":768},{"@type":"BreadcrumbList","@id":"https:\/\/www.malinashop.lt\/lt_lt\/shop\/medb-kreminis-putojantis-veido-prausiklis-inkstiru-valymui-180-ml\/#breadcrumb","itemListElement":[{"@type":"ListItem","position":1,"name":"Pagrindinis","item":"https:\/\/www.malinashop.lt\/"},{"@type":"ListItem","position":2,"name":"Parduotuv\u0117","item":"https:\/\/www.malinashop.lt\/en\/parduotuve\/"},{"@type":"ListItem","position":3,"name":"MEDB kreminis putojantis veido prausiklis ink\u0161tir\u0173 valymui, 180 ml"}]},{"@type":"WebSite","@id":"https:\/\/www.malinashop.lt\/#website","url":"https:\/\/www.malinashop.lt\/","name":"COM Group Ecommerce","description":"MalinaShop.lt - Gro\u017eio ir sveikatos produktai i\u0161 patikim\u0173 preki\u0173 \u017eenkl\u0173. Atraskite auk\u0161tos kokyb\u0117s kosmetik\u0105 u\u017e puiki\u0105 kain\u0105.","publisher":{"@id":"https:\/\/www.malinashop.lt\/#organization"},"potentialAction":[{"@type":"SearchAction","target":{"@type":"EntryPoint","urlTemplate":"https:\/\/www.malinashop.lt\/?s={search_term_string}"},"query-input":{"@type":"PropertyValueSpecification","valueRequired":true,"valueName":"search_term_string"}}],"inLanguage":"lt-LT"},{"@type":"Organization","@id":"https:\/\/www.malinashop.lt\/#organization","name":"COM Group Ecommerce","url":"https:\/\/www.malinashop.lt\/","logo":{"@type":"ImageObject","inLanguage":"lt-LT","@id":"https:\/\/www.malinashop.lt\/#\/schema\/logo\/image\/","url":"https:\/\/www.malinashop.lt\/wp-content\/uploads\/2024\/08\/462559670_3787732518133670_9795632669273463_n-e1731525914575.png","contentUrl":"https:\/\/www.malinashop.lt\/wp-content\/uploads\/2024\/08\/462559670_3787732518133670_9795632669273463_n-e1731525914575.png","width":180,"height":60,"caption":"COM Group Ecommerce"},"image":{"@id":"https:\/\/www.malinashop.lt\/#\/schema\/logo\/image\/"}}]}},"jetpack_sharing_enabled":true,"_links":{"self":[{"href":"https:\/\/www.malinashop.lt\/lt_lt\/wp-json\/wp\/v2\/product\/73671","targetHints":{"allow":["GET"]}}],"collection":[{"href":"https:\/\/www.malinashop.lt\/lt_lt\/wp-json\/wp\/v2\/product"}],"about":[{"href":"https:\/\/www.malinashop.lt\/lt_lt\/wp-json\/wp\/v2\/types\/product"}],"version-history":[{"count":1,"href":"https:\/\/www.malinashop.lt\/lt_lt\/wp-json\/wp\/v2\/product\/73671\/revisions"}],"predecessor-version":[{"id":73673,"href":"https:\/\/www.malinashop.lt\/lt_lt\/wp-json\/wp\/v2\/product\/73671\/revisions\/73673"}],"wp:featuredmedia":[{"embeddable":true,"href":"https:\/\/www.malinashop.lt\/lt_lt\/wp-json\/wp\/v2\/media\/73672"}],"wp:attachment":[{"href":"https:\/\/www.malinashop.lt\/lt_lt\/wp-json\/wp\/v2\/media?parent=73671"}],"wp:term":[{"taxonomy":"product_brand","embeddable":true,"href":"https:\/\/www.malinashop.lt\/lt_lt\/wp-json\/wp\/v2\/product_brand?post=73671"},{"taxonomy":"product_cat","embeddable":true,"href":"https:\/\/www.malinashop.lt\/lt_lt\/wp-json\/wp\/v2\/product_cat?post=73671"},{"taxonomy":"product_tag","embeddable":true,"href":"https:\/\/www.malinashop.lt\/lt_lt\/wp-json\/wp\/v2\/product_tag?post=73671"}],"curies":[{"name":"wp","href":"https:\/\/api.w.org\/{rel}","templated":true}]}}