{"id":73659,"date":"2026-01-30T00:57:08","date_gmt":"2026-01-29T21:57:08","guid":{"rendered":"https:\/\/malinashop.lt\/?post_type=product&#038;p=73659"},"modified":"2026-04-07T22:18:20","modified_gmt":"2026-04-07T19:18:20","slug":"dr-some-medb-veido-serumas-raustanciai-odai-100-ml","status":"publish","type":"product","link":"https:\/\/www.malinashop.lt\/lt_lt\/shop\/dr-some-medb-veido-serumas-raustanciai-odai-100-ml\/","title":{"rendered":"DR. SOME MEDB veido serumas raustan\u010diai odai, 100 ml"},"content":{"rendered":"<p data-start=\"161\" data-end=\"459\"><strong data-start=\"161\" data-end=\"209\">MEDB DR. SOME veido serumas raustan\u010diai odai<\/strong> \u2013 lengvos tekst\u016bros serumas, skirtas <strong data-start=\"247\" data-end=\"283\">jautriai, \u012f paraudimus linkusiai<\/strong> odai, kai norisi daugiau dr\u0117kinimo ir komforto. <strong data-start=\"332\" data-end=\"346\">Glicerinas<\/strong> ir <strong data-start=\"350\" data-end=\"371\">hialurono r\u016bg\u0161tis<\/strong> padeda palaikyti odos dr\u0117gm\u0117s balans\u0105, tod\u0117l oda gali jaustis sudr\u0117kinta ir mink\u0161tesn\u0117.<\/p>\n<p data-start=\"461\" data-end=\"752\">Formul\u0117 papildyta <strong data-start=\"479\" data-end=\"492\">alantoinu<\/strong>, <strong data-start=\"494\" data-end=\"507\">adenozinu<\/strong>, <strong data-start=\"509\" data-end=\"538\">sniegini\u0173 gryb\u0173 ekstraktu<\/strong> ir <strong data-start=\"542\" data-end=\"553\">alaviju<\/strong>, kurie praturtina od\u0105 nat\u016braliais komponentais ir suteikia malon\u0173, raminant\u012f prie\u017ei\u016bros poj\u016bt\u012f. Serumas greitai \u012fsigeria ir tinka naudoti kasdien, ryte ir vakare, kaip veido prie\u017ei\u016bros rutinos dal\u012f.<\/p>\n<hr data-start=\"754\" data-end=\"757\" \/>\n<h3 data-start=\"759\" data-end=\"786\">Pagrindiniai privalumai<\/h3>\n<ul data-start=\"787\" data-end=\"1082\">\n<li data-start=\"787\" data-end=\"829\">\n<p data-start=\"789\" data-end=\"829\">Skirtas <strong data-start=\"797\" data-end=\"827\">raustan\u010diai, jautriai odai<\/strong><\/p>\n<\/li>\n<li data-start=\"830\" data-end=\"903\">\n<p data-start=\"832\" data-end=\"903\"><strong data-start=\"832\" data-end=\"843\">Dr\u0117kina<\/strong> \u2013 glicerinas ir hialurono r\u016bg\u0161tis palaiko dr\u0117gm\u0117s balans\u0105<\/p>\n<\/li>\n<li data-start=\"904\" data-end=\"964\">\n<p data-start=\"906\" data-end=\"964\"><strong data-start=\"906\" data-end=\"937\">Raminan\u010dio komforto poj\u016btis<\/strong> \u2013 alantoinas ir alavijas<\/p>\n<\/li>\n<li data-start=\"965\" data-end=\"1041\">\n<p data-start=\"967\" data-end=\"1041\"><strong data-start=\"967\" data-end=\"1011\">Sniegini\u0173 gryb\u0173 ekstraktas ir adenozinas<\/strong> \u2013 pri\u017ei\u016br\u0117tos odos poj\u016b\u010diui<\/p>\n<\/li>\n<li data-start=\"1042\" data-end=\"1082\">\n<p data-start=\"1044\" data-end=\"1082\"><strong data-start=\"1044\" data-end=\"1063\">Lengva tekst\u016bra<\/strong> \u2013 greitai \u012fsigeria<\/p>\n<\/li>\n<\/ul>\n<hr data-start=\"1084\" data-end=\"1087\" \/>\n<h3 data-start=\"1089\" data-end=\"1103\">Naudojimas<\/h3>\n<p data-start=\"1104\" data-end=\"1166\">Kasdien <strong data-start=\"1112\" data-end=\"1130\">ryte ir vakare<\/strong> tepkite ant <strong data-start=\"1143\" data-end=\"1165\">\u0161varios veido odos<\/strong>.<\/p>\n","protected":false},"excerpt":{"rendered":"<p data-start=\"1159\" data-end=\"1269\">Serumas raustan\u010diai odai su glicerinu, hialurono r\u016bg\u0161timi, alantoinu ir alaviju \u2013 dr\u0117kina ir suteikia komforto poj\u016bt\u012f, 100 ml.<\/p>\n","protected":false},"featured_media":73660,"template":"","meta":[],"product_brand":[1544],"product_cat":[550,728],"product_tag":[1609],"class_list":{"0":"post-73659","1":"product","2":"type-product","3":"status-publish","4":"has-post-thumbnail","6":"product_brand-medb","7":"product_cat-veido-serumai","8":"product_cat-veidui","9":"product_tag-medb","11":"first","12":"instock","13":"sale","14":"taxable","15":"shipping-taxable","16":"purchasable","17":"product-type-simple"},"yoast_head":"<!-- This site is optimized with the Yoast SEO plugin v27.4 - https:\/\/yoast.com\/product\/yoast-seo-wordpress\/ -->\n<title>DR. SOME MEDB veido serumas raustan\u010diai odai, 100 ml - MalinaShop.lt J\u016bs\u0173 sveikatai ir gro\u017eiui.<\/title>\n<meta name=\"description\" content=\"MEDB DR. SOME serumas raustan\u010diai odai 100 ml \u2013 su glicerinu ir hialuronu dr\u0117kina, ramina ir suteikia komforto poj\u016bt\u012f. Tinka naudoti ryte ir vakare.\" \/>\n<meta name=\"robots\" content=\"index, follow, max-snippet:-1, max-image-preview:large, max-video-preview:-1\" \/>\n<link rel=\"canonical\" href=\"https:\/\/www.malinashop.lt\/lt_lt\/shop\/dr-some-medb-veido-serumas-raustanciai-odai-100-ml\/\" \/>\n<meta property=\"og:locale\" content=\"lt_LT\" \/>\n<meta property=\"og:type\" content=\"article\" \/>\n<meta property=\"og:title\" content=\"DR. SOME MEDB veido serumas raustan\u010diai odai, 100 ml - MalinaShop.lt J\u016bs\u0173 sveikatai ir gro\u017eiui.\" \/>\n<meta property=\"og:description\" content=\"MEDB DR. SOME serumas raustan\u010diai odai 100 ml \u2013 su glicerinu ir hialuronu dr\u0117kina, ramina ir suteikia komforto poj\u016bt\u012f. Tinka naudoti ryte ir vakare.\" \/>\n<meta property=\"og:url\" content=\"https:\/\/www.malinashop.lt\/lt_lt\/shop\/dr-some-medb-veido-serumas-raustanciai-odai-100-ml\/\" \/>\n<meta property=\"og:site_name\" content=\"MalinaShop.lt J\u016bs\u0173 sveikatai ir gro\u017eiui.\" \/>\n<meta property=\"article:modified_time\" content=\"2026-04-07T19:18:20+00:00\" \/>\n<meta property=\"og:image\" content=\"https:\/\/www.malinashop.lt\/wp-content\/uploads\/2026\/01\/DR.-SOME-MEDB-veido-serumas-raustanciai-odai-100-ml.webp\" \/>\n\t<meta property=\"og:image:width\" content=\"768\" \/>\n\t<meta property=\"og:image:height\" content=\"768\" \/>\n\t<meta property=\"og:image:type\" content=\"image\/webp\" \/>\n<meta name=\"twitter:card\" content=\"summary_large_image\" \/>\n<script type=\"application\/ld+json\" class=\"yoast-schema-graph\">{\"@context\":\"https:\\\/\\\/schema.org\",\"@graph\":[{\"@type\":\"WebPage\",\"@id\":\"https:\\\/\\\/www.malinashop.lt\\\/lt_lt\\\/shop\\\/dr-some-medb-veido-serumas-raustanciai-odai-100-ml\\\/\",\"url\":\"https:\\\/\\\/www.malinashop.lt\\\/lt_lt\\\/shop\\\/dr-some-medb-veido-serumas-raustanciai-odai-100-ml\\\/\",\"name\":\"DR. SOME MEDB veido serumas raustan\u010diai odai, 100 ml - MalinaShop.lt J\u016bs\u0173 sveikatai ir gro\u017eiui.\",\"isPartOf\":{\"@id\":\"https:\\\/\\\/www.malinashop.lt\\\/en\\\/#website\"},\"primaryImageOfPage\":{\"@id\":\"https:\\\/\\\/www.malinashop.lt\\\/lt_lt\\\/shop\\\/dr-some-medb-veido-serumas-raustanciai-odai-100-ml\\\/#primaryimage\"},\"image\":{\"@id\":\"https:\\\/\\\/www.malinashop.lt\\\/lt_lt\\\/shop\\\/dr-some-medb-veido-serumas-raustanciai-odai-100-ml\\\/#primaryimage\"},\"thumbnailUrl\":\"https:\\\/\\\/www.malinashop.lt\\\/wp-content\\\/uploads\\\/2026\\\/01\\\/DR.-SOME-MEDB-veido-serumas-raustanciai-odai-100-ml.webp\",\"datePublished\":\"2026-01-29T21:57:08+00:00\",\"dateModified\":\"2026-04-07T19:18:20+00:00\",\"description\":\"MEDB DR. SOME serumas raustan\u010diai odai 100 ml \u2013 su glicerinu ir hialuronu dr\u0117kina, ramina ir suteikia komforto poj\u016bt\u012f. Tinka naudoti ryte ir vakare.\",\"breadcrumb\":{\"@id\":\"https:\\\/\\\/www.malinashop.lt\\\/lt_lt\\\/shop\\\/dr-some-medb-veido-serumas-raustanciai-odai-100-ml\\\/#breadcrumb\"},\"inLanguage\":\"lt-LT\",\"potentialAction\":[{\"@type\":\"ReadAction\",\"target\":[\"https:\\\/\\\/www.malinashop.lt\\\/lt_lt\\\/shop\\\/dr-some-medb-veido-serumas-raustanciai-odai-100-ml\\\/\"]}]},{\"@type\":\"ImageObject\",\"inLanguage\":\"lt-LT\",\"@id\":\"https:\\\/\\\/www.malinashop.lt\\\/lt_lt\\\/shop\\\/dr-some-medb-veido-serumas-raustanciai-odai-100-ml\\\/#primaryimage\",\"url\":\"https:\\\/\\\/www.malinashop.lt\\\/wp-content\\\/uploads\\\/2026\\\/01\\\/DR.-SOME-MEDB-veido-serumas-raustanciai-odai-100-ml.webp\",\"contentUrl\":\"https:\\\/\\\/www.malinashop.lt\\\/wp-content\\\/uploads\\\/2026\\\/01\\\/DR.-SOME-MEDB-veido-serumas-raustanciai-odai-100-ml.webp\",\"width\":768,\"height\":768},{\"@type\":\"BreadcrumbList\",\"@id\":\"https:\\\/\\\/www.malinashop.lt\\\/lt_lt\\\/shop\\\/dr-some-medb-veido-serumas-raustanciai-odai-100-ml\\\/#breadcrumb\",\"itemListElement\":[{\"@type\":\"ListItem\",\"position\":1,\"name\":\"Home\",\"item\":\"https:\\\/\\\/www.malinashop.lt\\\/en\\\/\"},{\"@type\":\"ListItem\",\"position\":2,\"name\":\"Parduotuv\u0117\",\"item\":\"https:\\\/\\\/www.malinashop.lt\\\/en\\\/parduotuve\\\/\"},{\"@type\":\"ListItem\",\"position\":3,\"name\":\"DR. SOME MEDB veido serumas raustan\u010diai odai, 100 ml\"}]},{\"@type\":\"WebSite\",\"@id\":\"https:\\\/\\\/www.malinashop.lt\\\/en\\\/#website\",\"url\":\"https:\\\/\\\/www.malinashop.lt\\\/en\\\/\",\"name\":\"COM Group Ecommerce\",\"description\":\"MalinaShop.lt - Gro\u017eio ir sveikatos produktai i\u0161 patikim\u0173 preki\u0173 \u017eenkl\u0173. Atraskite auk\u0161tos kokyb\u0117s kosmetik\u0105 u\u017e puiki\u0105 kain\u0105.\",\"publisher\":{\"@id\":\"https:\\\/\\\/www.malinashop.lt\\\/en\\\/#organization\"},\"potentialAction\":[{\"@type\":\"SearchAction\",\"target\":{\"@type\":\"EntryPoint\",\"urlTemplate\":\"https:\\\/\\\/www.malinashop.lt\\\/en\\\/?s={search_term_string}\"},\"query-input\":{\"@type\":\"PropertyValueSpecification\",\"valueRequired\":true,\"valueName\":\"search_term_string\"}}],\"inLanguage\":\"lt-LT\"},{\"@type\":\"Organization\",\"@id\":\"https:\\\/\\\/www.malinashop.lt\\\/en\\\/#organization\",\"name\":\"COM Group Ecommerce\",\"url\":\"https:\\\/\\\/www.malinashop.lt\\\/en\\\/\",\"logo\":{\"@type\":\"ImageObject\",\"inLanguage\":\"lt-LT\",\"@id\":\"https:\\\/\\\/www.malinashop.lt\\\/en\\\/#\\\/schema\\\/logo\\\/image\\\/\",\"url\":\"https:\\\/\\\/www.malinashop.lt\\\/wp-content\\\/uploads\\\/2024\\\/08\\\/462559670_3787732518133670_9795632669273463_n-e1731525914575.png\",\"contentUrl\":\"https:\\\/\\\/www.malinashop.lt\\\/wp-content\\\/uploads\\\/2024\\\/08\\\/462559670_3787732518133670_9795632669273463_n-e1731525914575.png\",\"width\":180,\"height\":60,\"caption\":\"COM Group Ecommerce\"},\"image\":{\"@id\":\"https:\\\/\\\/www.malinashop.lt\\\/en\\\/#\\\/schema\\\/logo\\\/image\\\/\"}}]}<\/script>\n<!-- \/ Yoast SEO plugin. -->","yoast_head_json":{"title":"DR. SOME MEDB veido serumas raustan\u010diai odai, 100 ml - MalinaShop.lt J\u016bs\u0173 sveikatai ir gro\u017eiui.","description":"MEDB DR. SOME serumas raustan\u010diai odai 100 ml \u2013 su glicerinu ir hialuronu dr\u0117kina, ramina ir suteikia komforto poj\u016bt\u012f. Tinka naudoti ryte ir vakare.","robots":{"index":"index","follow":"follow","max-snippet":"max-snippet:-1","max-image-preview":"max-image-preview:large","max-video-preview":"max-video-preview:-1"},"canonical":"https:\/\/www.malinashop.lt\/lt_lt\/shop\/dr-some-medb-veido-serumas-raustanciai-odai-100-ml\/","og_locale":"lt_LT","og_type":"article","og_title":"DR. SOME MEDB veido serumas raustan\u010diai odai, 100 ml - MalinaShop.lt J\u016bs\u0173 sveikatai ir gro\u017eiui.","og_description":"MEDB DR. SOME serumas raustan\u010diai odai 100 ml \u2013 su glicerinu ir hialuronu dr\u0117kina, ramina ir suteikia komforto poj\u016bt\u012f. Tinka naudoti ryte ir vakare.","og_url":"https:\/\/www.malinashop.lt\/lt_lt\/shop\/dr-some-medb-veido-serumas-raustanciai-odai-100-ml\/","og_site_name":"MalinaShop.lt J\u016bs\u0173 sveikatai ir gro\u017eiui.","article_modified_time":"2026-04-07T19:18:20+00:00","og_image":[{"width":768,"height":768,"url":"https:\/\/www.malinashop.lt\/wp-content\/uploads\/2026\/01\/DR.-SOME-MEDB-veido-serumas-raustanciai-odai-100-ml.webp","type":"image\/webp"}],"twitter_card":"summary_large_image","schema":{"@context":"https:\/\/schema.org","@graph":[{"@type":"WebPage","@id":"https:\/\/www.malinashop.lt\/lt_lt\/shop\/dr-some-medb-veido-serumas-raustanciai-odai-100-ml\/","url":"https:\/\/www.malinashop.lt\/lt_lt\/shop\/dr-some-medb-veido-serumas-raustanciai-odai-100-ml\/","name":"DR. SOME MEDB veido serumas raustan\u010diai odai, 100 ml - MalinaShop.lt J\u016bs\u0173 sveikatai ir gro\u017eiui.","isPartOf":{"@id":"https:\/\/www.malinashop.lt\/en\/#website"},"primaryImageOfPage":{"@id":"https:\/\/www.malinashop.lt\/lt_lt\/shop\/dr-some-medb-veido-serumas-raustanciai-odai-100-ml\/#primaryimage"},"image":{"@id":"https:\/\/www.malinashop.lt\/lt_lt\/shop\/dr-some-medb-veido-serumas-raustanciai-odai-100-ml\/#primaryimage"},"thumbnailUrl":"https:\/\/www.malinashop.lt\/wp-content\/uploads\/2026\/01\/DR.-SOME-MEDB-veido-serumas-raustanciai-odai-100-ml.webp","datePublished":"2026-01-29T21:57:08+00:00","dateModified":"2026-04-07T19:18:20+00:00","description":"MEDB DR. SOME serumas raustan\u010diai odai 100 ml \u2013 su glicerinu ir hialuronu dr\u0117kina, ramina ir suteikia komforto poj\u016bt\u012f. Tinka naudoti ryte ir vakare.","breadcrumb":{"@id":"https:\/\/www.malinashop.lt\/lt_lt\/shop\/dr-some-medb-veido-serumas-raustanciai-odai-100-ml\/#breadcrumb"},"inLanguage":"lt-LT","potentialAction":[{"@type":"ReadAction","target":["https:\/\/www.malinashop.lt\/lt_lt\/shop\/dr-some-medb-veido-serumas-raustanciai-odai-100-ml\/"]}]},{"@type":"ImageObject","inLanguage":"lt-LT","@id":"https:\/\/www.malinashop.lt\/lt_lt\/shop\/dr-some-medb-veido-serumas-raustanciai-odai-100-ml\/#primaryimage","url":"https:\/\/www.malinashop.lt\/wp-content\/uploads\/2026\/01\/DR.-SOME-MEDB-veido-serumas-raustanciai-odai-100-ml.webp","contentUrl":"https:\/\/www.malinashop.lt\/wp-content\/uploads\/2026\/01\/DR.-SOME-MEDB-veido-serumas-raustanciai-odai-100-ml.webp","width":768,"height":768},{"@type":"BreadcrumbList","@id":"https:\/\/www.malinashop.lt\/lt_lt\/shop\/dr-some-medb-veido-serumas-raustanciai-odai-100-ml\/#breadcrumb","itemListElement":[{"@type":"ListItem","position":1,"name":"Home","item":"https:\/\/www.malinashop.lt\/en\/"},{"@type":"ListItem","position":2,"name":"Parduotuv\u0117","item":"https:\/\/www.malinashop.lt\/en\/parduotuve\/"},{"@type":"ListItem","position":3,"name":"DR. SOME MEDB veido serumas raustan\u010diai odai, 100 ml"}]},{"@type":"WebSite","@id":"https:\/\/www.malinashop.lt\/en\/#website","url":"https:\/\/www.malinashop.lt\/en\/","name":"COM Group Ecommerce","description":"MalinaShop.lt - Gro\u017eio ir sveikatos produktai i\u0161 patikim\u0173 preki\u0173 \u017eenkl\u0173. Atraskite auk\u0161tos kokyb\u0117s kosmetik\u0105 u\u017e puiki\u0105 kain\u0105.","publisher":{"@id":"https:\/\/www.malinashop.lt\/en\/#organization"},"potentialAction":[{"@type":"SearchAction","target":{"@type":"EntryPoint","urlTemplate":"https:\/\/www.malinashop.lt\/en\/?s={search_term_string}"},"query-input":{"@type":"PropertyValueSpecification","valueRequired":true,"valueName":"search_term_string"}}],"inLanguage":"lt-LT"},{"@type":"Organization","@id":"https:\/\/www.malinashop.lt\/en\/#organization","name":"COM Group Ecommerce","url":"https:\/\/www.malinashop.lt\/en\/","logo":{"@type":"ImageObject","inLanguage":"lt-LT","@id":"https:\/\/www.malinashop.lt\/en\/#\/schema\/logo\/image\/","url":"https:\/\/www.malinashop.lt\/wp-content\/uploads\/2024\/08\/462559670_3787732518133670_9795632669273463_n-e1731525914575.png","contentUrl":"https:\/\/www.malinashop.lt\/wp-content\/uploads\/2024\/08\/462559670_3787732518133670_9795632669273463_n-e1731525914575.png","width":180,"height":60,"caption":"COM Group Ecommerce"},"image":{"@id":"https:\/\/www.malinashop.lt\/en\/#\/schema\/logo\/image\/"}}]}},"jetpack_sharing_enabled":true,"_links":{"self":[{"href":"https:\/\/www.malinashop.lt\/lt_lt\/wp-json\/wp\/v2\/product\/73659","targetHints":{"allow":["GET"]}}],"collection":[{"href":"https:\/\/www.malinashop.lt\/lt_lt\/wp-json\/wp\/v2\/product"}],"about":[{"href":"https:\/\/www.malinashop.lt\/lt_lt\/wp-json\/wp\/v2\/types\/product"}],"version-history":[{"count":1,"href":"https:\/\/www.malinashop.lt\/lt_lt\/wp-json\/wp\/v2\/product\/73659\/revisions"}],"predecessor-version":[{"id":73661,"href":"https:\/\/www.malinashop.lt\/lt_lt\/wp-json\/wp\/v2\/product\/73659\/revisions\/73661"}],"wp:featuredmedia":[{"embeddable":true,"href":"https:\/\/www.malinashop.lt\/lt_lt\/wp-json\/wp\/v2\/media\/73660"}],"wp:attachment":[{"href":"https:\/\/www.malinashop.lt\/lt_lt\/wp-json\/wp\/v2\/media?parent=73659"}],"wp:term":[{"taxonomy":"product_brand","embeddable":true,"href":"https:\/\/www.malinashop.lt\/lt_lt\/wp-json\/wp\/v2\/product_brand?post=73659"},{"taxonomy":"product_cat","embeddable":true,"href":"https:\/\/www.malinashop.lt\/lt_lt\/wp-json\/wp\/v2\/product_cat?post=73659"},{"taxonomy":"product_tag","embeddable":true,"href":"https:\/\/www.malinashop.lt\/lt_lt\/wp-json\/wp\/v2\/product_tag?post=73659"}],"curies":[{"name":"wp","href":"https:\/\/api.w.org\/{rel}","templated":true}]}}