{"id":73624,"date":"2026-01-30T00:06:53","date_gmt":"2026-01-29T21:06:53","guid":{"rendered":"https:\/\/malinashop.lt\/?post_type=product&#038;p=73624"},"modified":"2026-04-07T22:18:20","modified_gmt":"2026-04-07T19:18:20","slug":"medb-cica-raminamasis-ranku-kremas-sausai-ir-jautriai-odai-70-ml","status":"publish","type":"product","link":"https:\/\/www.malinashop.lt\/lt_lt\/shop\/medb-cica-raminamasis-ranku-kremas-sausai-ir-jautriai-odai-70-ml\/","title":{"rendered":"MEDB CICA raminamasis rank\u0173 kremas sausai ir jautriai odai, 70 ml"},"content":{"rendered":"<p data-start=\"183\" data-end=\"458\"><strong data-start=\"183\" data-end=\"221\">MEDB CICA raminamasis rank\u0173 kremas<\/strong> \u2013 kasdien\u0117 priemon\u0117, skirta <strong data-start=\"250\" data-end=\"287\">sausai, jautriai ir dehidratuotai<\/strong> rank\u0173 odai dr\u0117kinti, maitinti ir suteikti komforto poj\u016bt\u012f. Kremas padeda suma\u017einti tempimo poj\u016bt\u012f, o oda po naudojimo jau\u010diasi \u0161velnesn\u0117, mink\u0161tesn\u0117 ir labiau pri\u017ei\u016br\u0117ta.<\/p>\n<p data-start=\"460\" data-end=\"763\">Formul\u0117 su <strong data-start=\"471\" data-end=\"489\">CICA ekstraktu<\/strong> (centel\u0117s tipo ingredientu) suteikia odai raminam\u0105j\u012f ir apsaugos poj\u016bt\u012f, tod\u0117l kremas ypa\u010d tinka, kai rank\u0173 oda da\u017enai saus\u0117ja d\u0117l plovimo, \u0161al\u010dio ar aplinkos poveikio. Lengvai pasiskirstanti tekst\u016bra tinka kasdieniam naudojimui, kad rankos i\u0161likt\u0173 komforti\u0161kos vis\u0105 dien\u0105.<\/p>\n<hr data-start=\"765\" data-end=\"768\" \/>\n<h3 data-start=\"770\" data-end=\"797\">Pagrindiniai privalumai<\/h3>\n<ul data-start=\"798\" data-end=\"1036\">\n<li data-start=\"798\" data-end=\"843\">\n<p data-start=\"800\" data-end=\"843\">Skirtas <strong data-start=\"808\" data-end=\"830\">sausai ir jautriai<\/strong> rank\u0173 odai<\/p>\n<\/li>\n<li data-start=\"844\" data-end=\"893\">\n<p data-start=\"846\" data-end=\"893\"><strong data-start=\"846\" data-end=\"868\">Dr\u0117kina ir maitina<\/strong> \u2013 kasdieniam komfortui<\/p>\n<\/li>\n<li data-start=\"894\" data-end=\"952\">\n<p data-start=\"896\" data-end=\"952\"><strong data-start=\"896\" data-end=\"915\">CICA ekstraktas<\/strong> \u2013 raminan\u010diam ir apsaugos poj\u016b\u010diui<\/p>\n<\/li>\n<li data-start=\"953\" data-end=\"1006\">\n<p data-start=\"955\" data-end=\"1006\">Padeda odai jaustis <strong data-start=\"975\" data-end=\"1004\">\u0161velnesnei ir pri\u017ei\u016br\u0117tai<\/strong><\/p>\n<\/li>\n<li data-start=\"1007\" data-end=\"1036\">\n<p data-start=\"1009\" data-end=\"1036\">Tinka kasdieniam naudojimui<\/p>\n<\/li>\n<\/ul>\n<hr data-start=\"1038\" data-end=\"1041\" \/>\n<h3 data-start=\"1043\" data-end=\"1057\">Naudojimas<\/h3>\n<p data-start=\"1058\" data-end=\"1118\">Tepkite ant <strong data-start=\"1070\" data-end=\"1092\">\u0161varios rank\u0173 odos<\/strong> <strong data-start=\"1093\" data-end=\"1117\">1\u20132 kartus per dien\u0105<\/strong>.<\/p>\n","protected":false},"excerpt":{"rendered":"<p data-start=\"1131\" data-end=\"1239\">Raminamasis rank\u0173 kremas su CICA ekstraktu \u2013 dr\u0117kina, maitina ir suteikia \u0161velnumo bei komforto poj\u016bt\u012f sausai ir jautriai odai, 70 ml.<\/p>\n","protected":false},"featured_media":73625,"template":"","meta":[],"product_brand":[1544],"product_cat":[731,540],"product_tag":[1609],"class_list":{"0":"post-73624","1":"product","2":"type-product","3":"status-publish","4":"has-post-thumbnail","6":"product_brand-medb","7":"product_cat-kunui","8":"product_cat-ranku-prieziura-muilai-ranku-kremai","9":"product_tag-medb","11":"first","12":"instock","13":"sale","14":"taxable","15":"shipping-taxable","16":"purchasable","17":"product-type-simple"},"yoast_head":"<!-- This site is optimized with the Yoast SEO plugin v27.4 - https:\/\/yoast.com\/product\/yoast-seo-wordpress\/ -->\n<title>MEDB CICA raminamasis rank\u0173 kremas sausai ir jautriai odai, 70 ml - MalinaShop.lt J\u016bs\u0173 sveikatai ir gro\u017eiui.<\/title>\n<meta name=\"description\" content=\"MEDB CICA raminamasis rank\u0173 kremas 70 ml \u2013 kasdienai. Dr\u0117kina ir maitina saus\u0105, dehidratuot\u0105 bei jautri\u0105 rank\u0173 od\u0105, suteikia \u0161velnumo, komforto ir apsaugos poj\u016bt\u012f.\" \/>\n<meta name=\"robots\" content=\"index, follow, max-snippet:-1, max-image-preview:large, max-video-preview:-1\" \/>\n<link rel=\"canonical\" href=\"https:\/\/www.malinashop.lt\/lt_lt\/shop\/medb-cica-raminamasis-ranku-kremas-sausai-ir-jautriai-odai-70-ml\/\" \/>\n<meta property=\"og:locale\" content=\"lt_LT\" \/>\n<meta property=\"og:type\" content=\"article\" \/>\n<meta property=\"og:title\" content=\"MEDB CICA raminamasis rank\u0173 kremas sausai ir jautriai odai, 70 ml - MalinaShop.lt J\u016bs\u0173 sveikatai ir gro\u017eiui.\" \/>\n<meta property=\"og:description\" content=\"MEDB CICA raminamasis rank\u0173 kremas 70 ml \u2013 kasdienai. Dr\u0117kina ir maitina saus\u0105, dehidratuot\u0105 bei jautri\u0105 rank\u0173 od\u0105, suteikia \u0161velnumo, komforto ir apsaugos poj\u016bt\u012f.\" \/>\n<meta property=\"og:url\" content=\"https:\/\/www.malinashop.lt\/lt_lt\/shop\/medb-cica-raminamasis-ranku-kremas-sausai-ir-jautriai-odai-70-ml\/\" \/>\n<meta property=\"og:site_name\" content=\"MalinaShop.lt J\u016bs\u0173 sveikatai ir gro\u017eiui.\" \/>\n<meta property=\"article:modified_time\" content=\"2026-04-07T19:18:20+00:00\" \/>\n<meta property=\"og:image\" content=\"https:\/\/www.malinashop.lt\/wp-content\/uploads\/2026\/01\/MEDB-CICA-raminamasis-ranku-kremas-sausai-ir-jautriai-odai-70-ml.webp\" \/>\n\t<meta property=\"og:image:width\" content=\"768\" \/>\n\t<meta property=\"og:image:height\" content=\"768\" \/>\n\t<meta property=\"og:image:type\" content=\"image\/webp\" \/>\n<meta name=\"twitter:card\" content=\"summary_large_image\" \/>\n<script type=\"application\/ld+json\" class=\"yoast-schema-graph\">{\"@context\":\"https:\\\/\\\/schema.org\",\"@graph\":[{\"@type\":\"WebPage\",\"@id\":\"https:\\\/\\\/www.malinashop.lt\\\/shop\\\/medb-cica-raminamasis-ranku-kremas-sausai-ir-jautriai-odai-70-ml\\\/\",\"url\":\"https:\\\/\\\/www.malinashop.lt\\\/shop\\\/medb-cica-raminamasis-ranku-kremas-sausai-ir-jautriai-odai-70-ml\\\/\",\"name\":\"MEDB CICA raminamasis rank\u0173 kremas sausai ir jautriai odai, 70 ml - MalinaShop.lt J\u016bs\u0173 sveikatai ir gro\u017eiui.\",\"isPartOf\":{\"@id\":\"https:\\\/\\\/www.malinashop.lt\\\/#website\"},\"primaryImageOfPage\":{\"@id\":\"https:\\\/\\\/www.malinashop.lt\\\/shop\\\/medb-cica-raminamasis-ranku-kremas-sausai-ir-jautriai-odai-70-ml\\\/#primaryimage\"},\"image\":{\"@id\":\"https:\\\/\\\/www.malinashop.lt\\\/shop\\\/medb-cica-raminamasis-ranku-kremas-sausai-ir-jautriai-odai-70-ml\\\/#primaryimage\"},\"thumbnailUrl\":\"https:\\\/\\\/www.malinashop.lt\\\/wp-content\\\/uploads\\\/2026\\\/01\\\/MEDB-CICA-raminamasis-ranku-kremas-sausai-ir-jautriai-odai-70-ml.webp\",\"datePublished\":\"2026-01-29T21:06:53+00:00\",\"dateModified\":\"2026-04-07T19:18:20+00:00\",\"description\":\"MEDB CICA raminamasis rank\u0173 kremas 70 ml \u2013 kasdienai. Dr\u0117kina ir maitina saus\u0105, dehidratuot\u0105 bei jautri\u0105 rank\u0173 od\u0105, suteikia \u0161velnumo, komforto ir apsaugos poj\u016bt\u012f.\",\"breadcrumb\":{\"@id\":\"https:\\\/\\\/www.malinashop.lt\\\/shop\\\/medb-cica-raminamasis-ranku-kremas-sausai-ir-jautriai-odai-70-ml\\\/#breadcrumb\"},\"inLanguage\":\"lt-LT\",\"potentialAction\":[{\"@type\":\"ReadAction\",\"target\":[\"https:\\\/\\\/www.malinashop.lt\\\/shop\\\/medb-cica-raminamasis-ranku-kremas-sausai-ir-jautriai-odai-70-ml\\\/\"]}]},{\"@type\":\"ImageObject\",\"inLanguage\":\"lt-LT\",\"@id\":\"https:\\\/\\\/www.malinashop.lt\\\/shop\\\/medb-cica-raminamasis-ranku-kremas-sausai-ir-jautriai-odai-70-ml\\\/#primaryimage\",\"url\":\"https:\\\/\\\/www.malinashop.lt\\\/wp-content\\\/uploads\\\/2026\\\/01\\\/MEDB-CICA-raminamasis-ranku-kremas-sausai-ir-jautriai-odai-70-ml.webp\",\"contentUrl\":\"https:\\\/\\\/www.malinashop.lt\\\/wp-content\\\/uploads\\\/2026\\\/01\\\/MEDB-CICA-raminamasis-ranku-kremas-sausai-ir-jautriai-odai-70-ml.webp\",\"width\":768,\"height\":768},{\"@type\":\"BreadcrumbList\",\"@id\":\"https:\\\/\\\/www.malinashop.lt\\\/shop\\\/medb-cica-raminamasis-ranku-kremas-sausai-ir-jautriai-odai-70-ml\\\/#breadcrumb\",\"itemListElement\":[{\"@type\":\"ListItem\",\"position\":1,\"name\":\"Pagrindinis\",\"item\":\"https:\\\/\\\/www.malinashop.lt\\\/\"},{\"@type\":\"ListItem\",\"position\":2,\"name\":\"Parduotuv\u0117\",\"item\":\"https:\\\/\\\/www.malinashop.lt\\\/en\\\/parduotuve\\\/\"},{\"@type\":\"ListItem\",\"position\":3,\"name\":\"MEDB CICA raminamasis rank\u0173 kremas sausai ir jautriai odai, 70 ml\"}]},{\"@type\":\"WebSite\",\"@id\":\"https:\\\/\\\/www.malinashop.lt\\\/#website\",\"url\":\"https:\\\/\\\/www.malinashop.lt\\\/\",\"name\":\"COM Group Ecommerce\",\"description\":\"MalinaShop.lt - Gro\u017eio ir sveikatos produktai i\u0161 patikim\u0173 preki\u0173 \u017eenkl\u0173. Atraskite auk\u0161tos kokyb\u0117s kosmetik\u0105 u\u017e puiki\u0105 kain\u0105.\",\"publisher\":{\"@id\":\"https:\\\/\\\/www.malinashop.lt\\\/#organization\"},\"potentialAction\":[{\"@type\":\"SearchAction\",\"target\":{\"@type\":\"EntryPoint\",\"urlTemplate\":\"https:\\\/\\\/www.malinashop.lt\\\/?s={search_term_string}\"},\"query-input\":{\"@type\":\"PropertyValueSpecification\",\"valueRequired\":true,\"valueName\":\"search_term_string\"}}],\"inLanguage\":\"lt-LT\"},{\"@type\":\"Organization\",\"@id\":\"https:\\\/\\\/www.malinashop.lt\\\/#organization\",\"name\":\"COM Group Ecommerce\",\"url\":\"https:\\\/\\\/www.malinashop.lt\\\/\",\"logo\":{\"@type\":\"ImageObject\",\"inLanguage\":\"lt-LT\",\"@id\":\"https:\\\/\\\/www.malinashop.lt\\\/#\\\/schema\\\/logo\\\/image\\\/\",\"url\":\"https:\\\/\\\/www.malinashop.lt\\\/wp-content\\\/uploads\\\/2024\\\/08\\\/462559670_3787732518133670_9795632669273463_n-e1731525914575.png\",\"contentUrl\":\"https:\\\/\\\/www.malinashop.lt\\\/wp-content\\\/uploads\\\/2024\\\/08\\\/462559670_3787732518133670_9795632669273463_n-e1731525914575.png\",\"width\":180,\"height\":60,\"caption\":\"COM Group Ecommerce\"},\"image\":{\"@id\":\"https:\\\/\\\/www.malinashop.lt\\\/#\\\/schema\\\/logo\\\/image\\\/\"}}]}<\/script>\n<!-- \/ Yoast SEO plugin. -->","yoast_head_json":{"title":"MEDB CICA raminamasis rank\u0173 kremas sausai ir jautriai odai, 70 ml - MalinaShop.lt J\u016bs\u0173 sveikatai ir gro\u017eiui.","description":"MEDB CICA raminamasis rank\u0173 kremas 70 ml \u2013 kasdienai. Dr\u0117kina ir maitina saus\u0105, dehidratuot\u0105 bei jautri\u0105 rank\u0173 od\u0105, suteikia \u0161velnumo, komforto ir apsaugos poj\u016bt\u012f.","robots":{"index":"index","follow":"follow","max-snippet":"max-snippet:-1","max-image-preview":"max-image-preview:large","max-video-preview":"max-video-preview:-1"},"canonical":"https:\/\/www.malinashop.lt\/lt_lt\/shop\/medb-cica-raminamasis-ranku-kremas-sausai-ir-jautriai-odai-70-ml\/","og_locale":"lt_LT","og_type":"article","og_title":"MEDB CICA raminamasis rank\u0173 kremas sausai ir jautriai odai, 70 ml - MalinaShop.lt J\u016bs\u0173 sveikatai ir gro\u017eiui.","og_description":"MEDB CICA raminamasis rank\u0173 kremas 70 ml \u2013 kasdienai. Dr\u0117kina ir maitina saus\u0105, dehidratuot\u0105 bei jautri\u0105 rank\u0173 od\u0105, suteikia \u0161velnumo, komforto ir apsaugos poj\u016bt\u012f.","og_url":"https:\/\/www.malinashop.lt\/lt_lt\/shop\/medb-cica-raminamasis-ranku-kremas-sausai-ir-jautriai-odai-70-ml\/","og_site_name":"MalinaShop.lt J\u016bs\u0173 sveikatai ir gro\u017eiui.","article_modified_time":"2026-04-07T19:18:20+00:00","og_image":[{"width":768,"height":768,"url":"https:\/\/www.malinashop.lt\/wp-content\/uploads\/2026\/01\/MEDB-CICA-raminamasis-ranku-kremas-sausai-ir-jautriai-odai-70-ml.webp","type":"image\/webp"}],"twitter_card":"summary_large_image","schema":{"@context":"https:\/\/schema.org","@graph":[{"@type":"WebPage","@id":"https:\/\/www.malinashop.lt\/shop\/medb-cica-raminamasis-ranku-kremas-sausai-ir-jautriai-odai-70-ml\/","url":"https:\/\/www.malinashop.lt\/shop\/medb-cica-raminamasis-ranku-kremas-sausai-ir-jautriai-odai-70-ml\/","name":"MEDB CICA raminamasis rank\u0173 kremas sausai ir jautriai odai, 70 ml - MalinaShop.lt J\u016bs\u0173 sveikatai ir gro\u017eiui.","isPartOf":{"@id":"https:\/\/www.malinashop.lt\/#website"},"primaryImageOfPage":{"@id":"https:\/\/www.malinashop.lt\/shop\/medb-cica-raminamasis-ranku-kremas-sausai-ir-jautriai-odai-70-ml\/#primaryimage"},"image":{"@id":"https:\/\/www.malinashop.lt\/shop\/medb-cica-raminamasis-ranku-kremas-sausai-ir-jautriai-odai-70-ml\/#primaryimage"},"thumbnailUrl":"https:\/\/www.malinashop.lt\/wp-content\/uploads\/2026\/01\/MEDB-CICA-raminamasis-ranku-kremas-sausai-ir-jautriai-odai-70-ml.webp","datePublished":"2026-01-29T21:06:53+00:00","dateModified":"2026-04-07T19:18:20+00:00","description":"MEDB CICA raminamasis rank\u0173 kremas 70 ml \u2013 kasdienai. Dr\u0117kina ir maitina saus\u0105, dehidratuot\u0105 bei jautri\u0105 rank\u0173 od\u0105, suteikia \u0161velnumo, komforto ir apsaugos poj\u016bt\u012f.","breadcrumb":{"@id":"https:\/\/www.malinashop.lt\/shop\/medb-cica-raminamasis-ranku-kremas-sausai-ir-jautriai-odai-70-ml\/#breadcrumb"},"inLanguage":"lt-LT","potentialAction":[{"@type":"ReadAction","target":["https:\/\/www.malinashop.lt\/shop\/medb-cica-raminamasis-ranku-kremas-sausai-ir-jautriai-odai-70-ml\/"]}]},{"@type":"ImageObject","inLanguage":"lt-LT","@id":"https:\/\/www.malinashop.lt\/shop\/medb-cica-raminamasis-ranku-kremas-sausai-ir-jautriai-odai-70-ml\/#primaryimage","url":"https:\/\/www.malinashop.lt\/wp-content\/uploads\/2026\/01\/MEDB-CICA-raminamasis-ranku-kremas-sausai-ir-jautriai-odai-70-ml.webp","contentUrl":"https:\/\/www.malinashop.lt\/wp-content\/uploads\/2026\/01\/MEDB-CICA-raminamasis-ranku-kremas-sausai-ir-jautriai-odai-70-ml.webp","width":768,"height":768},{"@type":"BreadcrumbList","@id":"https:\/\/www.malinashop.lt\/shop\/medb-cica-raminamasis-ranku-kremas-sausai-ir-jautriai-odai-70-ml\/#breadcrumb","itemListElement":[{"@type":"ListItem","position":1,"name":"Pagrindinis","item":"https:\/\/www.malinashop.lt\/"},{"@type":"ListItem","position":2,"name":"Parduotuv\u0117","item":"https:\/\/www.malinashop.lt\/en\/parduotuve\/"},{"@type":"ListItem","position":3,"name":"MEDB CICA raminamasis rank\u0173 kremas sausai ir jautriai odai, 70 ml"}]},{"@type":"WebSite","@id":"https:\/\/www.malinashop.lt\/#website","url":"https:\/\/www.malinashop.lt\/","name":"COM Group Ecommerce","description":"MalinaShop.lt - Gro\u017eio ir sveikatos produktai i\u0161 patikim\u0173 preki\u0173 \u017eenkl\u0173. Atraskite auk\u0161tos kokyb\u0117s kosmetik\u0105 u\u017e puiki\u0105 kain\u0105.","publisher":{"@id":"https:\/\/www.malinashop.lt\/#organization"},"potentialAction":[{"@type":"SearchAction","target":{"@type":"EntryPoint","urlTemplate":"https:\/\/www.malinashop.lt\/?s={search_term_string}"},"query-input":{"@type":"PropertyValueSpecification","valueRequired":true,"valueName":"search_term_string"}}],"inLanguage":"lt-LT"},{"@type":"Organization","@id":"https:\/\/www.malinashop.lt\/#organization","name":"COM Group Ecommerce","url":"https:\/\/www.malinashop.lt\/","logo":{"@type":"ImageObject","inLanguage":"lt-LT","@id":"https:\/\/www.malinashop.lt\/#\/schema\/logo\/image\/","url":"https:\/\/www.malinashop.lt\/wp-content\/uploads\/2024\/08\/462559670_3787732518133670_9795632669273463_n-e1731525914575.png","contentUrl":"https:\/\/www.malinashop.lt\/wp-content\/uploads\/2024\/08\/462559670_3787732518133670_9795632669273463_n-e1731525914575.png","width":180,"height":60,"caption":"COM Group Ecommerce"},"image":{"@id":"https:\/\/www.malinashop.lt\/#\/schema\/logo\/image\/"}}]}},"jetpack_sharing_enabled":true,"_links":{"self":[{"href":"https:\/\/www.malinashop.lt\/lt_lt\/wp-json\/wp\/v2\/product\/73624","targetHints":{"allow":["GET"]}}],"collection":[{"href":"https:\/\/www.malinashop.lt\/lt_lt\/wp-json\/wp\/v2\/product"}],"about":[{"href":"https:\/\/www.malinashop.lt\/lt_lt\/wp-json\/wp\/v2\/types\/product"}],"version-history":[{"count":1,"href":"https:\/\/www.malinashop.lt\/lt_lt\/wp-json\/wp\/v2\/product\/73624\/revisions"}],"predecessor-version":[{"id":73626,"href":"https:\/\/www.malinashop.lt\/lt_lt\/wp-json\/wp\/v2\/product\/73624\/revisions\/73626"}],"wp:featuredmedia":[{"embeddable":true,"href":"https:\/\/www.malinashop.lt\/lt_lt\/wp-json\/wp\/v2\/media\/73625"}],"wp:attachment":[{"href":"https:\/\/www.malinashop.lt\/lt_lt\/wp-json\/wp\/v2\/media?parent=73624"}],"wp:term":[{"taxonomy":"product_brand","embeddable":true,"href":"https:\/\/www.malinashop.lt\/lt_lt\/wp-json\/wp\/v2\/product_brand?post=73624"},{"taxonomy":"product_cat","embeddable":true,"href":"https:\/\/www.malinashop.lt\/lt_lt\/wp-json\/wp\/v2\/product_cat?post=73624"},{"taxonomy":"product_tag","embeddable":true,"href":"https:\/\/www.malinashop.lt\/lt_lt\/wp-json\/wp\/v2\/product_tag?post=73624"}],"curies":[{"name":"wp","href":"https:\/\/api.w.org\/{rel}","templated":true}]}}