{"id":73621,"date":"2026-01-30T00:04:39","date_gmt":"2026-01-29T21:04:39","guid":{"rendered":"https:\/\/malinashop.lt\/?post_type=product&#038;p=73621"},"modified":"2026-04-07T22:18:20","modified_gmt":"2026-04-07T19:18:20","slug":"medb-shea-butter-maitinamasis-ranku-kremas-su-hialurono-rugstimi-70-ml","status":"publish","type":"product","link":"https:\/\/www.malinashop.lt\/lt_lt\/shop\/medb-shea-butter-maitinamasis-ranku-kremas-su-hialurono-rugstimi-70-ml\/","title":{"rendered":"MEDB SHEA BUTTER maitinamasis rank\u0173 kremas su hialurono r\u016bg\u0161timi, 70 ml"},"content":{"rendered":"<p data-start=\"189\" data-end=\"465\"><strong data-start=\"189\" data-end=\"235\">MEDB SHEA BUTTER maitinamasis rank\u0173 kremas<\/strong> \u2013 kasdien\u0117 rank\u0173 odos prie\u017ei\u016bros priemon\u0117, skirta intensyvesniam maitinimui ir komfortui. Formul\u0117 su <strong data-start=\"337\" data-end=\"350\">glicerinu<\/strong> ir <strong data-start=\"354\" data-end=\"376\">hialurono r\u016bg\u0161timi<\/strong> padeda palaikyti dr\u0117gm\u0119, tod\u0117l oda gali jaustis <strong data-start=\"425\" data-end=\"464\">mink\u0161tesn\u0117, \u0161velnesn\u0117 ir sudr\u0117kinta<\/strong>.<\/p>\n<p data-start=\"467\" data-end=\"903\">Kreme esantis <strong data-start=\"481\" data-end=\"518\">taukmed\u017eio sviestas (shea butter)<\/strong> suteikia maitinant\u012f efekt\u0105 ir padeda odai jaustis komforti\u0161kai, o <strong data-start=\"585\" data-end=\"609\">hamamelio ekstraktas<\/strong> prisideda prie gaivos ir pri\u017ei\u016br\u0117tos odos poj\u016b\u010dio. <strong data-start=\"661\" data-end=\"693\">\u017daliosios arbatos ekstraktas<\/strong> veikia kaip antioksidantas ir padeda sustiprinti odos apsaugos poj\u016bt\u012f. <strong data-start=\"765\" data-end=\"777\">Alavijas<\/strong> ir <strong data-start=\"781\" data-end=\"796\">vitaminas E<\/strong> puosel\u0117ja od\u0105, o <strong data-start=\"814\" data-end=\"828\">alantoinas<\/strong> padeda palaikyti komfort\u0105, ypa\u010d kai rank\u0173 oda jau\u010diasi sausa ar jautresn\u0117.<\/p>\n<hr data-start=\"905\" data-end=\"908\" \/>\n<h3 data-start=\"910\" data-end=\"937\">Pagrindiniai privalumai<\/h3>\n<ul data-start=\"938\" data-end=\"1305\">\n<li data-start=\"938\" data-end=\"1022\">\n<p data-start=\"940\" data-end=\"1022\"><strong data-start=\"940\" data-end=\"962\">Maitina ir dr\u0117kina<\/strong> \u2013 glicerinas ir hialurono r\u016bg\u0161tis padeda palaikyti dr\u0117gm\u0119<\/p>\n<\/li>\n<li data-start=\"1023\" data-end=\"1083\">\n<p data-start=\"1025\" data-end=\"1083\"><strong data-start=\"1025\" data-end=\"1048\">Taukmed\u017eio sviestas<\/strong> \u2013 mink\u0161tumo ir komforto poj\u016b\u010diui<\/p>\n<\/li>\n<li data-start=\"1084\" data-end=\"1151\">\n<p data-start=\"1086\" data-end=\"1151\"><strong data-start=\"1086\" data-end=\"1110\">Hamamelio ekstraktas<\/strong> \u2013 gaivumo ir pri\u017ei\u016br\u0117tos odos poj\u016b\u010diui<\/p>\n<\/li>\n<li data-start=\"1152\" data-end=\"1233\">\n<p data-start=\"1154\" data-end=\"1233\"><strong data-start=\"1154\" data-end=\"1186\">\u017daliosios arbatos ekstraktas<\/strong> \u2013 antioksidacin\u0117 pagalba ir apsaugos poj\u016btis<\/p>\n<\/li>\n<li data-start=\"1234\" data-end=\"1305\">\n<p data-start=\"1236\" data-end=\"1305\"><strong data-start=\"1236\" data-end=\"1275\">Alavijas, vitaminas E ir alantoinas<\/strong> \u2013 odos komfortui ir \u0161velnumui<\/p>\n<\/li>\n<\/ul>\n<hr data-start=\"1307\" data-end=\"1310\" \/>\n<h3 data-start=\"1312\" data-end=\"1326\">Naudojimas<\/h3>\n<p data-start=\"1327\" data-end=\"1387\">Tepkite ant <strong data-start=\"1339\" data-end=\"1361\">\u0161varios rank\u0173 odos<\/strong> <strong data-start=\"1362\" data-end=\"1386\">1\u20132 kartus per dien\u0105<\/strong>.<\/p>\n","protected":false},"excerpt":{"rendered":"<p data-start=\"1131\" data-end=\"1239\">Maitinamasis rank\u0173 kremas su taukmed\u017eio sviestu, glicerinu ir hialurono r\u016bg\u0161timi \u2013 dr\u0117kina, mink\u0161tina ir suteikia komforto poj\u016bt\u012f, 70 ml.<\/p>\n","protected":false},"featured_media":73622,"template":"","meta":[],"product_brand":[1544],"product_cat":[731,540],"product_tag":[1609],"class_list":{"0":"post-73621","1":"product","2":"type-product","3":"status-publish","4":"has-post-thumbnail","6":"product_brand-medb","7":"product_cat-kunui","8":"product_cat-ranku-prieziura-muilai-ranku-kremai","9":"product_tag-medb","11":"first","12":"instock","13":"sale","14":"taxable","15":"shipping-taxable","16":"purchasable","17":"product-type-simple"},"yoast_head":"<!-- This site is optimized with the Yoast SEO plugin v27.4 - https:\/\/yoast.com\/product\/yoast-seo-wordpress\/ -->\n<title>MEDB SHEA BUTTER maitinamasis rank\u0173 kremas su hialurono r\u016bg\u0161timi, 70 ml - MalinaShop.lt J\u016bs\u0173 sveikatai ir gro\u017eiui.<\/title>\n<meta name=\"description\" content=\"MEDB SHEA BUTTER rank\u0173 kremas 70 ml su hialuronu ir glicerinu dr\u0117kina, maitina, mink\u0161tina ir suteikia komforto poj\u016bt\u012f. Odos komfortui ir \u0161velnumui\" \/>\n<meta name=\"robots\" content=\"index, follow, max-snippet:-1, max-image-preview:large, max-video-preview:-1\" \/>\n<link rel=\"canonical\" href=\"https:\/\/www.malinashop.lt\/lt_lt\/shop\/medb-shea-butter-maitinamasis-ranku-kremas-su-hialurono-rugstimi-70-ml\/\" \/>\n<meta property=\"og:locale\" content=\"lt_LT\" \/>\n<meta property=\"og:type\" content=\"article\" \/>\n<meta property=\"og:title\" content=\"MEDB SHEA BUTTER maitinamasis rank\u0173 kremas su hialurono r\u016bg\u0161timi, 70 ml - MalinaShop.lt J\u016bs\u0173 sveikatai ir gro\u017eiui.\" \/>\n<meta property=\"og:description\" content=\"MEDB SHEA BUTTER rank\u0173 kremas 70 ml su hialuronu ir glicerinu dr\u0117kina, maitina, mink\u0161tina ir suteikia komforto poj\u016bt\u012f. Odos komfortui ir \u0161velnumui\" \/>\n<meta property=\"og:url\" content=\"https:\/\/www.malinashop.lt\/lt_lt\/shop\/medb-shea-butter-maitinamasis-ranku-kremas-su-hialurono-rugstimi-70-ml\/\" \/>\n<meta property=\"og:site_name\" content=\"MalinaShop.lt J\u016bs\u0173 sveikatai ir gro\u017eiui.\" \/>\n<meta property=\"article:modified_time\" content=\"2026-04-07T19:18:20+00:00\" \/>\n<meta property=\"og:image\" content=\"https:\/\/www.malinashop.lt\/wp-content\/uploads\/2026\/01\/MEDB-SHEA-BUTTER-maitinamasis-ranku-kremas-su-hialurono-rugstimi-70-ml.jpg\" \/>\n\t<meta property=\"og:image:width\" content=\"768\" \/>\n\t<meta property=\"og:image:height\" content=\"768\" \/>\n\t<meta property=\"og:image:type\" content=\"image\/jpeg\" \/>\n<meta name=\"twitter:card\" content=\"summary_large_image\" \/>\n<script type=\"application\/ld+json\" class=\"yoast-schema-graph\">{\"@context\":\"https:\\\/\\\/schema.org\",\"@graph\":[{\"@type\":\"WebPage\",\"@id\":\"https:\\\/\\\/www.malinashop.lt\\\/shop\\\/medb-shea-butter-maitinamasis-ranku-kremas-su-hialurono-rugstimi-70-ml\\\/\",\"url\":\"https:\\\/\\\/www.malinashop.lt\\\/shop\\\/medb-shea-butter-maitinamasis-ranku-kremas-su-hialurono-rugstimi-70-ml\\\/\",\"name\":\"MEDB SHEA BUTTER maitinamasis rank\u0173 kremas su hialurono r\u016bg\u0161timi, 70 ml - MalinaShop.lt J\u016bs\u0173 sveikatai ir gro\u017eiui.\",\"isPartOf\":{\"@id\":\"https:\\\/\\\/www.malinashop.lt\\\/#website\"},\"primaryImageOfPage\":{\"@id\":\"https:\\\/\\\/www.malinashop.lt\\\/shop\\\/medb-shea-butter-maitinamasis-ranku-kremas-su-hialurono-rugstimi-70-ml\\\/#primaryimage\"},\"image\":{\"@id\":\"https:\\\/\\\/www.malinashop.lt\\\/shop\\\/medb-shea-butter-maitinamasis-ranku-kremas-su-hialurono-rugstimi-70-ml\\\/#primaryimage\"},\"thumbnailUrl\":\"https:\\\/\\\/www.malinashop.lt\\\/wp-content\\\/uploads\\\/2026\\\/01\\\/MEDB-SHEA-BUTTER-maitinamasis-ranku-kremas-su-hialurono-rugstimi-70-ml.jpg\",\"datePublished\":\"2026-01-29T21:04:39+00:00\",\"dateModified\":\"2026-04-07T19:18:20+00:00\",\"description\":\"MEDB SHEA BUTTER rank\u0173 kremas 70 ml su hialuronu ir glicerinu dr\u0117kina, maitina, mink\u0161tina ir suteikia komforto poj\u016bt\u012f. Odos komfortui ir \u0161velnumui\",\"breadcrumb\":{\"@id\":\"https:\\\/\\\/www.malinashop.lt\\\/shop\\\/medb-shea-butter-maitinamasis-ranku-kremas-su-hialurono-rugstimi-70-ml\\\/#breadcrumb\"},\"inLanguage\":\"lt-LT\",\"potentialAction\":[{\"@type\":\"ReadAction\",\"target\":[\"https:\\\/\\\/www.malinashop.lt\\\/shop\\\/medb-shea-butter-maitinamasis-ranku-kremas-su-hialurono-rugstimi-70-ml\\\/\"]}]},{\"@type\":\"ImageObject\",\"inLanguage\":\"lt-LT\",\"@id\":\"https:\\\/\\\/www.malinashop.lt\\\/shop\\\/medb-shea-butter-maitinamasis-ranku-kremas-su-hialurono-rugstimi-70-ml\\\/#primaryimage\",\"url\":\"https:\\\/\\\/www.malinashop.lt\\\/wp-content\\\/uploads\\\/2026\\\/01\\\/MEDB-SHEA-BUTTER-maitinamasis-ranku-kremas-su-hialurono-rugstimi-70-ml.jpg\",\"contentUrl\":\"https:\\\/\\\/www.malinashop.lt\\\/wp-content\\\/uploads\\\/2026\\\/01\\\/MEDB-SHEA-BUTTER-maitinamasis-ranku-kremas-su-hialurono-rugstimi-70-ml.jpg\",\"width\":768,\"height\":768},{\"@type\":\"BreadcrumbList\",\"@id\":\"https:\\\/\\\/www.malinashop.lt\\\/shop\\\/medb-shea-butter-maitinamasis-ranku-kremas-su-hialurono-rugstimi-70-ml\\\/#breadcrumb\",\"itemListElement\":[{\"@type\":\"ListItem\",\"position\":1,\"name\":\"Pagrindinis\",\"item\":\"https:\\\/\\\/www.malinashop.lt\\\/\"},{\"@type\":\"ListItem\",\"position\":2,\"name\":\"Parduotuv\u0117\",\"item\":\"https:\\\/\\\/www.malinashop.lt\\\/en\\\/parduotuve\\\/\"},{\"@type\":\"ListItem\",\"position\":3,\"name\":\"MEDB SHEA BUTTER maitinamasis rank\u0173 kremas su hialurono r\u016bg\u0161timi, 70 ml\"}]},{\"@type\":\"WebSite\",\"@id\":\"https:\\\/\\\/www.malinashop.lt\\\/#website\",\"url\":\"https:\\\/\\\/www.malinashop.lt\\\/\",\"name\":\"COM Group Ecommerce\",\"description\":\"MalinaShop.lt - Gro\u017eio ir sveikatos produktai i\u0161 patikim\u0173 preki\u0173 \u017eenkl\u0173. Atraskite auk\u0161tos kokyb\u0117s kosmetik\u0105 u\u017e puiki\u0105 kain\u0105.\",\"publisher\":{\"@id\":\"https:\\\/\\\/www.malinashop.lt\\\/#organization\"},\"potentialAction\":[{\"@type\":\"SearchAction\",\"target\":{\"@type\":\"EntryPoint\",\"urlTemplate\":\"https:\\\/\\\/www.malinashop.lt\\\/?s={search_term_string}\"},\"query-input\":{\"@type\":\"PropertyValueSpecification\",\"valueRequired\":true,\"valueName\":\"search_term_string\"}}],\"inLanguage\":\"lt-LT\"},{\"@type\":\"Organization\",\"@id\":\"https:\\\/\\\/www.malinashop.lt\\\/#organization\",\"name\":\"COM Group Ecommerce\",\"url\":\"https:\\\/\\\/www.malinashop.lt\\\/\",\"logo\":{\"@type\":\"ImageObject\",\"inLanguage\":\"lt-LT\",\"@id\":\"https:\\\/\\\/www.malinashop.lt\\\/#\\\/schema\\\/logo\\\/image\\\/\",\"url\":\"https:\\\/\\\/www.malinashop.lt\\\/wp-content\\\/uploads\\\/2024\\\/08\\\/462559670_3787732518133670_9795632669273463_n-e1731525914575.png\",\"contentUrl\":\"https:\\\/\\\/www.malinashop.lt\\\/wp-content\\\/uploads\\\/2024\\\/08\\\/462559670_3787732518133670_9795632669273463_n-e1731525914575.png\",\"width\":180,\"height\":60,\"caption\":\"COM Group Ecommerce\"},\"image\":{\"@id\":\"https:\\\/\\\/www.malinashop.lt\\\/#\\\/schema\\\/logo\\\/image\\\/\"}}]}<\/script>\n<!-- \/ Yoast SEO plugin. -->","yoast_head_json":{"title":"MEDB SHEA BUTTER maitinamasis rank\u0173 kremas su hialurono r\u016bg\u0161timi, 70 ml - MalinaShop.lt J\u016bs\u0173 sveikatai ir gro\u017eiui.","description":"MEDB SHEA BUTTER rank\u0173 kremas 70 ml su hialuronu ir glicerinu dr\u0117kina, maitina, mink\u0161tina ir suteikia komforto poj\u016bt\u012f. Odos komfortui ir \u0161velnumui","robots":{"index":"index","follow":"follow","max-snippet":"max-snippet:-1","max-image-preview":"max-image-preview:large","max-video-preview":"max-video-preview:-1"},"canonical":"https:\/\/www.malinashop.lt\/lt_lt\/shop\/medb-shea-butter-maitinamasis-ranku-kremas-su-hialurono-rugstimi-70-ml\/","og_locale":"lt_LT","og_type":"article","og_title":"MEDB SHEA BUTTER maitinamasis rank\u0173 kremas su hialurono r\u016bg\u0161timi, 70 ml - MalinaShop.lt J\u016bs\u0173 sveikatai ir gro\u017eiui.","og_description":"MEDB SHEA BUTTER rank\u0173 kremas 70 ml su hialuronu ir glicerinu dr\u0117kina, maitina, mink\u0161tina ir suteikia komforto poj\u016bt\u012f. Odos komfortui ir \u0161velnumui","og_url":"https:\/\/www.malinashop.lt\/lt_lt\/shop\/medb-shea-butter-maitinamasis-ranku-kremas-su-hialurono-rugstimi-70-ml\/","og_site_name":"MalinaShop.lt J\u016bs\u0173 sveikatai ir gro\u017eiui.","article_modified_time":"2026-04-07T19:18:20+00:00","og_image":[{"width":768,"height":768,"url":"https:\/\/www.malinashop.lt\/wp-content\/uploads\/2026\/01\/MEDB-SHEA-BUTTER-maitinamasis-ranku-kremas-su-hialurono-rugstimi-70-ml.jpg","type":"image\/jpeg"}],"twitter_card":"summary_large_image","schema":{"@context":"https:\/\/schema.org","@graph":[{"@type":"WebPage","@id":"https:\/\/www.malinashop.lt\/shop\/medb-shea-butter-maitinamasis-ranku-kremas-su-hialurono-rugstimi-70-ml\/","url":"https:\/\/www.malinashop.lt\/shop\/medb-shea-butter-maitinamasis-ranku-kremas-su-hialurono-rugstimi-70-ml\/","name":"MEDB SHEA BUTTER maitinamasis rank\u0173 kremas su hialurono r\u016bg\u0161timi, 70 ml - MalinaShop.lt J\u016bs\u0173 sveikatai ir gro\u017eiui.","isPartOf":{"@id":"https:\/\/www.malinashop.lt\/#website"},"primaryImageOfPage":{"@id":"https:\/\/www.malinashop.lt\/shop\/medb-shea-butter-maitinamasis-ranku-kremas-su-hialurono-rugstimi-70-ml\/#primaryimage"},"image":{"@id":"https:\/\/www.malinashop.lt\/shop\/medb-shea-butter-maitinamasis-ranku-kremas-su-hialurono-rugstimi-70-ml\/#primaryimage"},"thumbnailUrl":"https:\/\/www.malinashop.lt\/wp-content\/uploads\/2026\/01\/MEDB-SHEA-BUTTER-maitinamasis-ranku-kremas-su-hialurono-rugstimi-70-ml.jpg","datePublished":"2026-01-29T21:04:39+00:00","dateModified":"2026-04-07T19:18:20+00:00","description":"MEDB SHEA BUTTER rank\u0173 kremas 70 ml su hialuronu ir glicerinu dr\u0117kina, maitina, mink\u0161tina ir suteikia komforto poj\u016bt\u012f. Odos komfortui ir \u0161velnumui","breadcrumb":{"@id":"https:\/\/www.malinashop.lt\/shop\/medb-shea-butter-maitinamasis-ranku-kremas-su-hialurono-rugstimi-70-ml\/#breadcrumb"},"inLanguage":"lt-LT","potentialAction":[{"@type":"ReadAction","target":["https:\/\/www.malinashop.lt\/shop\/medb-shea-butter-maitinamasis-ranku-kremas-su-hialurono-rugstimi-70-ml\/"]}]},{"@type":"ImageObject","inLanguage":"lt-LT","@id":"https:\/\/www.malinashop.lt\/shop\/medb-shea-butter-maitinamasis-ranku-kremas-su-hialurono-rugstimi-70-ml\/#primaryimage","url":"https:\/\/www.malinashop.lt\/wp-content\/uploads\/2026\/01\/MEDB-SHEA-BUTTER-maitinamasis-ranku-kremas-su-hialurono-rugstimi-70-ml.jpg","contentUrl":"https:\/\/www.malinashop.lt\/wp-content\/uploads\/2026\/01\/MEDB-SHEA-BUTTER-maitinamasis-ranku-kremas-su-hialurono-rugstimi-70-ml.jpg","width":768,"height":768},{"@type":"BreadcrumbList","@id":"https:\/\/www.malinashop.lt\/shop\/medb-shea-butter-maitinamasis-ranku-kremas-su-hialurono-rugstimi-70-ml\/#breadcrumb","itemListElement":[{"@type":"ListItem","position":1,"name":"Pagrindinis","item":"https:\/\/www.malinashop.lt\/"},{"@type":"ListItem","position":2,"name":"Parduotuv\u0117","item":"https:\/\/www.malinashop.lt\/en\/parduotuve\/"},{"@type":"ListItem","position":3,"name":"MEDB SHEA BUTTER maitinamasis rank\u0173 kremas su hialurono r\u016bg\u0161timi, 70 ml"}]},{"@type":"WebSite","@id":"https:\/\/www.malinashop.lt\/#website","url":"https:\/\/www.malinashop.lt\/","name":"COM Group Ecommerce","description":"MalinaShop.lt - Gro\u017eio ir sveikatos produktai i\u0161 patikim\u0173 preki\u0173 \u017eenkl\u0173. Atraskite auk\u0161tos kokyb\u0117s kosmetik\u0105 u\u017e puiki\u0105 kain\u0105.","publisher":{"@id":"https:\/\/www.malinashop.lt\/#organization"},"potentialAction":[{"@type":"SearchAction","target":{"@type":"EntryPoint","urlTemplate":"https:\/\/www.malinashop.lt\/?s={search_term_string}"},"query-input":{"@type":"PropertyValueSpecification","valueRequired":true,"valueName":"search_term_string"}}],"inLanguage":"lt-LT"},{"@type":"Organization","@id":"https:\/\/www.malinashop.lt\/#organization","name":"COM Group Ecommerce","url":"https:\/\/www.malinashop.lt\/","logo":{"@type":"ImageObject","inLanguage":"lt-LT","@id":"https:\/\/www.malinashop.lt\/#\/schema\/logo\/image\/","url":"https:\/\/www.malinashop.lt\/wp-content\/uploads\/2024\/08\/462559670_3787732518133670_9795632669273463_n-e1731525914575.png","contentUrl":"https:\/\/www.malinashop.lt\/wp-content\/uploads\/2024\/08\/462559670_3787732518133670_9795632669273463_n-e1731525914575.png","width":180,"height":60,"caption":"COM Group Ecommerce"},"image":{"@id":"https:\/\/www.malinashop.lt\/#\/schema\/logo\/image\/"}}]}},"jetpack_sharing_enabled":true,"_links":{"self":[{"href":"https:\/\/www.malinashop.lt\/lt_lt\/wp-json\/wp\/v2\/product\/73621","targetHints":{"allow":["GET"]}}],"collection":[{"href":"https:\/\/www.malinashop.lt\/lt_lt\/wp-json\/wp\/v2\/product"}],"about":[{"href":"https:\/\/www.malinashop.lt\/lt_lt\/wp-json\/wp\/v2\/types\/product"}],"version-history":[{"count":1,"href":"https:\/\/www.malinashop.lt\/lt_lt\/wp-json\/wp\/v2\/product\/73621\/revisions"}],"predecessor-version":[{"id":73623,"href":"https:\/\/www.malinashop.lt\/lt_lt\/wp-json\/wp\/v2\/product\/73621\/revisions\/73623"}],"wp:featuredmedia":[{"embeddable":true,"href":"https:\/\/www.malinashop.lt\/lt_lt\/wp-json\/wp\/v2\/media\/73622"}],"wp:attachment":[{"href":"https:\/\/www.malinashop.lt\/lt_lt\/wp-json\/wp\/v2\/media?parent=73621"}],"wp:term":[{"taxonomy":"product_brand","embeddable":true,"href":"https:\/\/www.malinashop.lt\/lt_lt\/wp-json\/wp\/v2\/product_brand?post=73621"},{"taxonomy":"product_cat","embeddable":true,"href":"https:\/\/www.malinashop.lt\/lt_lt\/wp-json\/wp\/v2\/product_cat?post=73621"},{"taxonomy":"product_tag","embeddable":true,"href":"https:\/\/www.malinashop.lt\/lt_lt\/wp-json\/wp\/v2\/product_tag?post=73621"}],"curies":[{"name":"wp","href":"https:\/\/api.w.org\/{rel}","templated":true}]}}