{"id":73618,"date":"2026-01-29T23:59:11","date_gmt":"2026-01-29T20:59:11","guid":{"rendered":"https:\/\/malinashop.lt\/?post_type=product&#038;p=73618"},"modified":"2026-04-07T22:18:21","modified_gmt":"2026-04-07T19:18:21","slug":"medb-yuya-drekinamasis-ranku-kremas-sausai-ir-jautriai-odai-70-ml","status":"publish","type":"product","link":"https:\/\/www.malinashop.lt\/lt_lt\/shop\/medb-yuya-drekinamasis-ranku-kremas-sausai-ir-jautriai-odai-70-ml\/","title":{"rendered":"MEDB YUYA dr\u0117kinamasis rank\u0173 kremas sausai ir jautriai odai, 70 ml"},"content":{"rendered":"<p data-start=\"184\" data-end=\"477\"><strong data-start=\"184\" data-end=\"223\">MEDB YUYA dr\u0117kinamasis rank\u0173 kremas<\/strong> \u2013 kasdien\u0117 priemon\u0117, skirta rank\u0173 odai <strong data-start=\"263\" data-end=\"285\">dr\u0117kinti, maitinti<\/strong> ir suteikti jai \u0161velnumo poj\u016bt\u012f. Kremo <strong data-start=\"325\" data-end=\"344\">lengva tekst\u016bra<\/strong> greitai \u012fsigeria, nepalieka riebios pl\u0117vel\u0117s ir padeda apsaugoti od\u0105 nuo i\u0161saus\u0117jimo, tod\u0117l rankos jau\u010diasi komforti\u0161kai vis\u0105 dien\u0105.<\/p>\n<p data-start=\"479\" data-end=\"746\">Formul\u0117, praturtinta <strong data-start=\"500\" data-end=\"535\">nat\u016bralios kilm\u0117s ingredientais<\/strong>, padeda raminti rank\u0173 od\u0105, suteikia ilgalaik\u012f komfort\u0105 ir mink\u0161tumo poj\u016bt\u012f. Kremas tinka kasdieniam naudojimui, ypa\u010d jei oda yra <strong data-start=\"665\" data-end=\"682\">sausa, jautri<\/strong> ar linkusi \u012f tempimo poj\u016bt\u012f po plovimo ar \u0161altesniu met\u0173 laiku.<\/p>\n<hr data-start=\"748\" data-end=\"751\" \/>\n<h3 data-start=\"753\" data-end=\"780\">Pagrindiniai privalumai<\/h3>\n<ul data-start=\"781\" data-end=\"1021\">\n<li data-start=\"781\" data-end=\"817\">\n<p data-start=\"783\" data-end=\"817\"><strong data-start=\"783\" data-end=\"805\">Dr\u0117kina ir maitina<\/strong> rank\u0173 od\u0105<\/p>\n<\/li>\n<li data-start=\"818\" data-end=\"862\">\n<p data-start=\"820\" data-end=\"862\">Suteikia <strong data-start=\"829\" data-end=\"841\">\u0161velnumo<\/strong> ir komforto poj\u016bt\u012f<\/p>\n<\/li>\n<li data-start=\"863\" data-end=\"916\">\n<p data-start=\"865\" data-end=\"916\"><strong data-start=\"865\" data-end=\"885\">Greitai \u012fsigeria<\/strong> \u2013 nepalieka riebios pl\u0117vel\u0117s<\/p>\n<\/li>\n<li data-start=\"917\" data-end=\"957\">\n<p data-start=\"919\" data-end=\"957\">Padeda apsaugoti nuo <strong data-start=\"940\" data-end=\"955\">i\u0161saus\u0117jimo<\/strong><\/p>\n<\/li>\n<li data-start=\"958\" data-end=\"1021\">\n<p data-start=\"960\" data-end=\"1021\">Tinka kasdieniam naudojimui, ypa\u010d <strong data-start=\"994\" data-end=\"1021\">sausai ir jautriai odai<\/strong><\/p>\n<\/li>\n<\/ul>\n<hr data-start=\"1023\" data-end=\"1026\" \/>\n<h3 data-start=\"1028\" data-end=\"1042\">Naudojimas<\/h3>\n<p data-start=\"1043\" data-end=\"1103\">Tepkite ant <strong data-start=\"1055\" data-end=\"1077\">\u0161varios rank\u0173 odos<\/strong> <strong data-start=\"1078\" data-end=\"1102\">1\u20132 kartus per dien\u0105<\/strong>.<\/p>\n","protected":false},"excerpt":{"rendered":"<p data-start=\"1131\" data-end=\"1239\">Greitai \u012fsigeriantis dr\u0117kinamasis rank\u0173 kremas \u2013 maitina, ramina ir padeda apsaugoti nuo i\u0161saus\u0117jimo, 70 ml.<\/p>\n","protected":false},"featured_media":73619,"template":"","meta":[],"product_brand":[1544],"product_cat":[731,540],"product_tag":[1609],"class_list":{"0":"post-73618","1":"product","2":"type-product","3":"status-publish","4":"has-post-thumbnail","6":"product_brand-medb","7":"product_cat-kunui","8":"product_cat-ranku-prieziura-muilai-ranku-kremai","9":"product_tag-medb","11":"first","12":"instock","13":"sale","14":"taxable","15":"shipping-taxable","16":"purchasable","17":"product-type-simple"},"yoast_head":"<!-- This site is optimized with the Yoast SEO plugin v27.4 - https:\/\/yoast.com\/product\/yoast-seo-wordpress\/ -->\n<title>MEDB YUYA dr\u0117kinamasis rank\u0173 kremas sausai ir jautriai odai, 70 ml - MalinaShop.lt J\u016bs\u0173 sveikatai ir gro\u017eiui.<\/title>\n<meta name=\"description\" content=\"MEDB YUYA dr\u0117kinamasis rank\u0173 kremas 70 ml \u2013 kasdienai. Dr\u0117kina, maitina ir ramina rank\u0173 od\u0105, greitai \u012fsigeria, nepalieka riebios pl\u0117vel\u0117s\" \/>\n<meta name=\"robots\" content=\"index, follow, max-snippet:-1, max-image-preview:large, max-video-preview:-1\" \/>\n<link rel=\"canonical\" href=\"https:\/\/www.malinashop.lt\/lt_lt\/shop\/medb-yuya-drekinamasis-ranku-kremas-sausai-ir-jautriai-odai-70-ml\/\" \/>\n<meta property=\"og:locale\" content=\"lt_LT\" \/>\n<meta property=\"og:type\" content=\"article\" \/>\n<meta property=\"og:title\" content=\"MEDB YUYA dr\u0117kinamasis rank\u0173 kremas sausai ir jautriai odai, 70 ml - MalinaShop.lt J\u016bs\u0173 sveikatai ir gro\u017eiui.\" \/>\n<meta property=\"og:description\" content=\"MEDB YUYA dr\u0117kinamasis rank\u0173 kremas 70 ml \u2013 kasdienai. Dr\u0117kina, maitina ir ramina rank\u0173 od\u0105, greitai \u012fsigeria, nepalieka riebios pl\u0117vel\u0117s\" \/>\n<meta property=\"og:url\" content=\"https:\/\/www.malinashop.lt\/lt_lt\/shop\/medb-yuya-drekinamasis-ranku-kremas-sausai-ir-jautriai-odai-70-ml\/\" \/>\n<meta property=\"og:site_name\" content=\"MalinaShop.lt J\u016bs\u0173 sveikatai ir gro\u017eiui.\" \/>\n<meta property=\"article:modified_time\" content=\"2026-04-07T19:18:21+00:00\" \/>\n<meta property=\"og:image\" content=\"https:\/\/www.malinashop.lt\/wp-content\/uploads\/2026\/01\/MEDB-YUYA-drekinamasis-ranku-kremas-sausai-ir-jautriai-odai-70-ml.webp\" \/>\n\t<meta property=\"og:image:width\" content=\"768\" \/>\n\t<meta property=\"og:image:height\" content=\"768\" \/>\n\t<meta property=\"og:image:type\" content=\"image\/webp\" \/>\n<meta name=\"twitter:card\" content=\"summary_large_image\" \/>\n<script type=\"application\/ld+json\" class=\"yoast-schema-graph\">{\"@context\":\"https:\\\/\\\/schema.org\",\"@graph\":[{\"@type\":\"WebPage\",\"@id\":\"https:\\\/\\\/www.malinashop.lt\\\/shop\\\/medb-yuya-drekinamasis-ranku-kremas-sausai-ir-jautriai-odai-70-ml\\\/\",\"url\":\"https:\\\/\\\/www.malinashop.lt\\\/shop\\\/medb-yuya-drekinamasis-ranku-kremas-sausai-ir-jautriai-odai-70-ml\\\/\",\"name\":\"MEDB YUYA dr\u0117kinamasis rank\u0173 kremas sausai ir jautriai odai, 70 ml - MalinaShop.lt J\u016bs\u0173 sveikatai ir gro\u017eiui.\",\"isPartOf\":{\"@id\":\"https:\\\/\\\/www.malinashop.lt\\\/#website\"},\"primaryImageOfPage\":{\"@id\":\"https:\\\/\\\/www.malinashop.lt\\\/shop\\\/medb-yuya-drekinamasis-ranku-kremas-sausai-ir-jautriai-odai-70-ml\\\/#primaryimage\"},\"image\":{\"@id\":\"https:\\\/\\\/www.malinashop.lt\\\/shop\\\/medb-yuya-drekinamasis-ranku-kremas-sausai-ir-jautriai-odai-70-ml\\\/#primaryimage\"},\"thumbnailUrl\":\"https:\\\/\\\/www.malinashop.lt\\\/wp-content\\\/uploads\\\/2026\\\/01\\\/MEDB-YUYA-drekinamasis-ranku-kremas-sausai-ir-jautriai-odai-70-ml.webp\",\"datePublished\":\"2026-01-29T20:59:11+00:00\",\"dateModified\":\"2026-04-07T19:18:21+00:00\",\"description\":\"MEDB YUYA dr\u0117kinamasis rank\u0173 kremas 70 ml \u2013 kasdienai. Dr\u0117kina, maitina ir ramina rank\u0173 od\u0105, greitai \u012fsigeria, nepalieka riebios pl\u0117vel\u0117s\",\"breadcrumb\":{\"@id\":\"https:\\\/\\\/www.malinashop.lt\\\/shop\\\/medb-yuya-drekinamasis-ranku-kremas-sausai-ir-jautriai-odai-70-ml\\\/#breadcrumb\"},\"inLanguage\":\"lt-LT\",\"potentialAction\":[{\"@type\":\"ReadAction\",\"target\":[\"https:\\\/\\\/www.malinashop.lt\\\/shop\\\/medb-yuya-drekinamasis-ranku-kremas-sausai-ir-jautriai-odai-70-ml\\\/\"]}]},{\"@type\":\"ImageObject\",\"inLanguage\":\"lt-LT\",\"@id\":\"https:\\\/\\\/www.malinashop.lt\\\/shop\\\/medb-yuya-drekinamasis-ranku-kremas-sausai-ir-jautriai-odai-70-ml\\\/#primaryimage\",\"url\":\"https:\\\/\\\/www.malinashop.lt\\\/wp-content\\\/uploads\\\/2026\\\/01\\\/MEDB-YUYA-drekinamasis-ranku-kremas-sausai-ir-jautriai-odai-70-ml.webp\",\"contentUrl\":\"https:\\\/\\\/www.malinashop.lt\\\/wp-content\\\/uploads\\\/2026\\\/01\\\/MEDB-YUYA-drekinamasis-ranku-kremas-sausai-ir-jautriai-odai-70-ml.webp\",\"width\":768,\"height\":768},{\"@type\":\"BreadcrumbList\",\"@id\":\"https:\\\/\\\/www.malinashop.lt\\\/shop\\\/medb-yuya-drekinamasis-ranku-kremas-sausai-ir-jautriai-odai-70-ml\\\/#breadcrumb\",\"itemListElement\":[{\"@type\":\"ListItem\",\"position\":1,\"name\":\"Pagrindinis\",\"item\":\"https:\\\/\\\/www.malinashop.lt\\\/\"},{\"@type\":\"ListItem\",\"position\":2,\"name\":\"Parduotuv\u0117\",\"item\":\"https:\\\/\\\/www.malinashop.lt\\\/en\\\/parduotuve\\\/\"},{\"@type\":\"ListItem\",\"position\":3,\"name\":\"MEDB YUYA dr\u0117kinamasis rank\u0173 kremas sausai ir jautriai odai, 70 ml\"}]},{\"@type\":\"WebSite\",\"@id\":\"https:\\\/\\\/www.malinashop.lt\\\/#website\",\"url\":\"https:\\\/\\\/www.malinashop.lt\\\/\",\"name\":\"COM Group Ecommerce\",\"description\":\"MalinaShop.lt - Gro\u017eio ir sveikatos produktai i\u0161 patikim\u0173 preki\u0173 \u017eenkl\u0173. Atraskite auk\u0161tos kokyb\u0117s kosmetik\u0105 u\u017e puiki\u0105 kain\u0105.\",\"publisher\":{\"@id\":\"https:\\\/\\\/www.malinashop.lt\\\/#organization\"},\"potentialAction\":[{\"@type\":\"SearchAction\",\"target\":{\"@type\":\"EntryPoint\",\"urlTemplate\":\"https:\\\/\\\/www.malinashop.lt\\\/?s={search_term_string}\"},\"query-input\":{\"@type\":\"PropertyValueSpecification\",\"valueRequired\":true,\"valueName\":\"search_term_string\"}}],\"inLanguage\":\"lt-LT\"},{\"@type\":\"Organization\",\"@id\":\"https:\\\/\\\/www.malinashop.lt\\\/#organization\",\"name\":\"COM Group Ecommerce\",\"url\":\"https:\\\/\\\/www.malinashop.lt\\\/\",\"logo\":{\"@type\":\"ImageObject\",\"inLanguage\":\"lt-LT\",\"@id\":\"https:\\\/\\\/www.malinashop.lt\\\/#\\\/schema\\\/logo\\\/image\\\/\",\"url\":\"https:\\\/\\\/www.malinashop.lt\\\/wp-content\\\/uploads\\\/2024\\\/08\\\/462559670_3787732518133670_9795632669273463_n-e1731525914575.png\",\"contentUrl\":\"https:\\\/\\\/www.malinashop.lt\\\/wp-content\\\/uploads\\\/2024\\\/08\\\/462559670_3787732518133670_9795632669273463_n-e1731525914575.png\",\"width\":180,\"height\":60,\"caption\":\"COM Group Ecommerce\"},\"image\":{\"@id\":\"https:\\\/\\\/www.malinashop.lt\\\/#\\\/schema\\\/logo\\\/image\\\/\"}}]}<\/script>\n<!-- \/ Yoast SEO plugin. -->","yoast_head_json":{"title":"MEDB YUYA dr\u0117kinamasis rank\u0173 kremas sausai ir jautriai odai, 70 ml - MalinaShop.lt J\u016bs\u0173 sveikatai ir gro\u017eiui.","description":"MEDB YUYA dr\u0117kinamasis rank\u0173 kremas 70 ml \u2013 kasdienai. Dr\u0117kina, maitina ir ramina rank\u0173 od\u0105, greitai \u012fsigeria, nepalieka riebios pl\u0117vel\u0117s","robots":{"index":"index","follow":"follow","max-snippet":"max-snippet:-1","max-image-preview":"max-image-preview:large","max-video-preview":"max-video-preview:-1"},"canonical":"https:\/\/www.malinashop.lt\/lt_lt\/shop\/medb-yuya-drekinamasis-ranku-kremas-sausai-ir-jautriai-odai-70-ml\/","og_locale":"lt_LT","og_type":"article","og_title":"MEDB YUYA dr\u0117kinamasis rank\u0173 kremas sausai ir jautriai odai, 70 ml - MalinaShop.lt J\u016bs\u0173 sveikatai ir gro\u017eiui.","og_description":"MEDB YUYA dr\u0117kinamasis rank\u0173 kremas 70 ml \u2013 kasdienai. Dr\u0117kina, maitina ir ramina rank\u0173 od\u0105, greitai \u012fsigeria, nepalieka riebios pl\u0117vel\u0117s","og_url":"https:\/\/www.malinashop.lt\/lt_lt\/shop\/medb-yuya-drekinamasis-ranku-kremas-sausai-ir-jautriai-odai-70-ml\/","og_site_name":"MalinaShop.lt J\u016bs\u0173 sveikatai ir gro\u017eiui.","article_modified_time":"2026-04-07T19:18:21+00:00","og_image":[{"width":768,"height":768,"url":"https:\/\/www.malinashop.lt\/wp-content\/uploads\/2026\/01\/MEDB-YUYA-drekinamasis-ranku-kremas-sausai-ir-jautriai-odai-70-ml.webp","type":"image\/webp"}],"twitter_card":"summary_large_image","schema":{"@context":"https:\/\/schema.org","@graph":[{"@type":"WebPage","@id":"https:\/\/www.malinashop.lt\/shop\/medb-yuya-drekinamasis-ranku-kremas-sausai-ir-jautriai-odai-70-ml\/","url":"https:\/\/www.malinashop.lt\/shop\/medb-yuya-drekinamasis-ranku-kremas-sausai-ir-jautriai-odai-70-ml\/","name":"MEDB YUYA dr\u0117kinamasis rank\u0173 kremas sausai ir jautriai odai, 70 ml - MalinaShop.lt J\u016bs\u0173 sveikatai ir gro\u017eiui.","isPartOf":{"@id":"https:\/\/www.malinashop.lt\/#website"},"primaryImageOfPage":{"@id":"https:\/\/www.malinashop.lt\/shop\/medb-yuya-drekinamasis-ranku-kremas-sausai-ir-jautriai-odai-70-ml\/#primaryimage"},"image":{"@id":"https:\/\/www.malinashop.lt\/shop\/medb-yuya-drekinamasis-ranku-kremas-sausai-ir-jautriai-odai-70-ml\/#primaryimage"},"thumbnailUrl":"https:\/\/www.malinashop.lt\/wp-content\/uploads\/2026\/01\/MEDB-YUYA-drekinamasis-ranku-kremas-sausai-ir-jautriai-odai-70-ml.webp","datePublished":"2026-01-29T20:59:11+00:00","dateModified":"2026-04-07T19:18:21+00:00","description":"MEDB YUYA dr\u0117kinamasis rank\u0173 kremas 70 ml \u2013 kasdienai. Dr\u0117kina, maitina ir ramina rank\u0173 od\u0105, greitai \u012fsigeria, nepalieka riebios pl\u0117vel\u0117s","breadcrumb":{"@id":"https:\/\/www.malinashop.lt\/shop\/medb-yuya-drekinamasis-ranku-kremas-sausai-ir-jautriai-odai-70-ml\/#breadcrumb"},"inLanguage":"lt-LT","potentialAction":[{"@type":"ReadAction","target":["https:\/\/www.malinashop.lt\/shop\/medb-yuya-drekinamasis-ranku-kremas-sausai-ir-jautriai-odai-70-ml\/"]}]},{"@type":"ImageObject","inLanguage":"lt-LT","@id":"https:\/\/www.malinashop.lt\/shop\/medb-yuya-drekinamasis-ranku-kremas-sausai-ir-jautriai-odai-70-ml\/#primaryimage","url":"https:\/\/www.malinashop.lt\/wp-content\/uploads\/2026\/01\/MEDB-YUYA-drekinamasis-ranku-kremas-sausai-ir-jautriai-odai-70-ml.webp","contentUrl":"https:\/\/www.malinashop.lt\/wp-content\/uploads\/2026\/01\/MEDB-YUYA-drekinamasis-ranku-kremas-sausai-ir-jautriai-odai-70-ml.webp","width":768,"height":768},{"@type":"BreadcrumbList","@id":"https:\/\/www.malinashop.lt\/shop\/medb-yuya-drekinamasis-ranku-kremas-sausai-ir-jautriai-odai-70-ml\/#breadcrumb","itemListElement":[{"@type":"ListItem","position":1,"name":"Pagrindinis","item":"https:\/\/www.malinashop.lt\/"},{"@type":"ListItem","position":2,"name":"Parduotuv\u0117","item":"https:\/\/www.malinashop.lt\/en\/parduotuve\/"},{"@type":"ListItem","position":3,"name":"MEDB YUYA dr\u0117kinamasis rank\u0173 kremas sausai ir jautriai odai, 70 ml"}]},{"@type":"WebSite","@id":"https:\/\/www.malinashop.lt\/#website","url":"https:\/\/www.malinashop.lt\/","name":"COM Group Ecommerce","description":"MalinaShop.lt - Gro\u017eio ir sveikatos produktai i\u0161 patikim\u0173 preki\u0173 \u017eenkl\u0173. Atraskite auk\u0161tos kokyb\u0117s kosmetik\u0105 u\u017e puiki\u0105 kain\u0105.","publisher":{"@id":"https:\/\/www.malinashop.lt\/#organization"},"potentialAction":[{"@type":"SearchAction","target":{"@type":"EntryPoint","urlTemplate":"https:\/\/www.malinashop.lt\/?s={search_term_string}"},"query-input":{"@type":"PropertyValueSpecification","valueRequired":true,"valueName":"search_term_string"}}],"inLanguage":"lt-LT"},{"@type":"Organization","@id":"https:\/\/www.malinashop.lt\/#organization","name":"COM Group Ecommerce","url":"https:\/\/www.malinashop.lt\/","logo":{"@type":"ImageObject","inLanguage":"lt-LT","@id":"https:\/\/www.malinashop.lt\/#\/schema\/logo\/image\/","url":"https:\/\/www.malinashop.lt\/wp-content\/uploads\/2024\/08\/462559670_3787732518133670_9795632669273463_n-e1731525914575.png","contentUrl":"https:\/\/www.malinashop.lt\/wp-content\/uploads\/2024\/08\/462559670_3787732518133670_9795632669273463_n-e1731525914575.png","width":180,"height":60,"caption":"COM Group Ecommerce"},"image":{"@id":"https:\/\/www.malinashop.lt\/#\/schema\/logo\/image\/"}}]}},"jetpack_sharing_enabled":true,"_links":{"self":[{"href":"https:\/\/www.malinashop.lt\/lt_lt\/wp-json\/wp\/v2\/product\/73618","targetHints":{"allow":["GET"]}}],"collection":[{"href":"https:\/\/www.malinashop.lt\/lt_lt\/wp-json\/wp\/v2\/product"}],"about":[{"href":"https:\/\/www.malinashop.lt\/lt_lt\/wp-json\/wp\/v2\/types\/product"}],"version-history":[{"count":1,"href":"https:\/\/www.malinashop.lt\/lt_lt\/wp-json\/wp\/v2\/product\/73618\/revisions"}],"predecessor-version":[{"id":73620,"href":"https:\/\/www.malinashop.lt\/lt_lt\/wp-json\/wp\/v2\/product\/73618\/revisions\/73620"}],"wp:featuredmedia":[{"embeddable":true,"href":"https:\/\/www.malinashop.lt\/lt_lt\/wp-json\/wp\/v2\/media\/73619"}],"wp:attachment":[{"href":"https:\/\/www.malinashop.lt\/lt_lt\/wp-json\/wp\/v2\/media?parent=73618"}],"wp:term":[{"taxonomy":"product_brand","embeddable":true,"href":"https:\/\/www.malinashop.lt\/lt_lt\/wp-json\/wp\/v2\/product_brand?post=73618"},{"taxonomy":"product_cat","embeddable":true,"href":"https:\/\/www.malinashop.lt\/lt_lt\/wp-json\/wp\/v2\/product_cat?post=73618"},{"taxonomy":"product_tag","embeddable":true,"href":"https:\/\/www.malinashop.lt\/lt_lt\/wp-json\/wp\/v2\/product_tag?post=73618"}],"curies":[{"name":"wp","href":"https:\/\/api.w.org\/{rel}","templated":true}]}}