{"id":73615,"date":"2026-01-29T23:56:54","date_gmt":"2026-01-29T20:56:54","guid":{"rendered":"https:\/\/malinashop.lt\/?post_type=product&#038;p=73615"},"modified":"2026-04-07T22:18:21","modified_gmt":"2026-04-07T19:18:21","slug":"medb-premium-veido-kremas-su-kolagenu-brandziai-sausai-ir-pavargusiai-odai-50-ml","status":"publish","type":"product","link":"https:\/\/www.malinashop.lt\/lt_lt\/shop\/medb-premium-veido-kremas-su-kolagenu-brandziai-sausai-ir-pavargusiai-odai-50-ml\/","title":{"rendered":"MEDB PREMIUM veido kremas su kolagenu brand\u017eiai, sausai ir pavargusiai odai, 50 ml"},"content":{"rendered":"<p data-start=\"200\" data-end=\"522\"><strong data-start=\"200\" data-end=\"241\">MEDB PREMIUM veido kremas su kolagenu<\/strong> \u2013 kasdienis kremas, skirtas odai <strong data-start=\"275\" data-end=\"297\">dr\u0117kinti, maitinti<\/strong> ir pad\u0117ti jai jaustis komforti\u0161kai. Kremas padeda odai atrodyti glotnesnei, o pri\u017ei\u016br\u0117tos odos poj\u016bt\u012f sustiprina sud\u0117tyje esantis <strong data-start=\"428\" data-end=\"441\">kolagenas<\/strong>, kuris prisideda prie <strong data-start=\"464\" data-end=\"499\">elastingumo ir tvirtumo poj\u016b\u010dio<\/strong> bei suteikia \u0161velnumo.<\/p>\n<p data-start=\"524\" data-end=\"858\">Kremas ypa\u010d tinka <strong data-start=\"542\" data-end=\"583\">brand\u017eiai, sausai ir pavargusiai odai<\/strong>, kai norisi daugiau dr\u0117kinimo, mink\u0161tumo ir gaivos. Reguliariai naudojant, oda gali jaustis <strong data-start=\"676\" data-end=\"692\">elastingesn\u0117<\/strong>, atrodyti lygesn\u0117 ir labiau spindinti, o formul\u0117 padeda palaikyti odos komfort\u0105 bei prisid\u0117ti prie apsaugos nuo i\u0161orini\u0173 veiksni\u0173, kurie gali didinti sausumo poj\u016bt\u012f.<\/p>\n<hr data-start=\"860\" data-end=\"863\" \/>\n<h3 data-start=\"865\" data-end=\"892\">Pagrindiniai privalumai<\/h3>\n<ul data-start=\"893\" data-end=\"1155\">\n<li data-start=\"893\" data-end=\"946\">\n<p data-start=\"895\" data-end=\"946\">Skirtas <strong data-start=\"903\" data-end=\"944\">brand\u017eiai, sausai ir pavargusiai odai<\/strong><\/p>\n<\/li>\n<li data-start=\"947\" data-end=\"996\">\n<p data-start=\"949\" data-end=\"996\"><strong data-start=\"949\" data-end=\"971\">Dr\u0117kina ir maitina<\/strong> \u2013 kasdieniam komfortui<\/p>\n<\/li>\n<li data-start=\"997\" data-end=\"1059\">\n<p data-start=\"999\" data-end=\"1059\"><strong data-start=\"999\" data-end=\"1012\">Kolagenas<\/strong> \u2013 elastingumo, tvirtumo ir \u0161velnumo poj\u016b\u010diui<\/p>\n<\/li>\n<li data-start=\"1060\" data-end=\"1120\">\n<p data-start=\"1062\" data-end=\"1120\">Padeda odai jaustis <strong data-start=\"1082\" data-end=\"1118\">glotnesnei ir labiau pri\u017ei\u016br\u0117tai<\/strong><\/p>\n<\/li>\n<li data-start=\"1121\" data-end=\"1155\">\n<p data-start=\"1123\" data-end=\"1155\">Tinka naudoti <strong data-start=\"1137\" data-end=\"1155\">ryte ir vakare<\/strong><\/p>\n<\/li>\n<\/ul>\n<hr data-start=\"1157\" data-end=\"1160\" \/>\n<h3 data-start=\"1162\" data-end=\"1176\">Naudojimas<\/h3>\n<p data-start=\"1177\" data-end=\"1239\">Kasdien <strong data-start=\"1185\" data-end=\"1203\">ryte ir vakare<\/strong> tepkite ant <strong data-start=\"1216\" data-end=\"1238\">\u0161varios veido odos<\/strong>.<\/p>\n","protected":false},"excerpt":{"rendered":"<p data-start=\"2181\" data-end=\"2342\">Veido kremas su kolagenu brand\u017eiai, sausai ir pavargusiai odai \u2013 dr\u0117kina, maitina ir suteikia elastingumo bei \u0161velnumo poj\u016bt\u012f, 50 ml.<\/p>\n","protected":false},"featured_media":73616,"template":"","meta":[],"product_brand":[1544],"product_cat":[187,728],"product_tag":[1609],"class_list":{"0":"post-73615","1":"product","2":"type-product","3":"status-publish","4":"has-post-thumbnail","6":"product_brand-medb","7":"product_cat-veido-kremai","8":"product_cat-veidui","9":"product_tag-medb","11":"first","12":"outofstock","13":"sale","14":"taxable","15":"shipping-taxable","16":"purchasable","17":"product-type-simple"},"yoast_head":"<!-- This site is optimized with the Yoast SEO plugin v27.4 - https:\/\/yoast.com\/product\/yoast-seo-wordpress\/ -->\n<title>MEDB PREMIUM veido kremas su kolagenu brand\u017eiai, sausai ir pavargusiai odai, 50 ml - MalinaShop.lt J\u016bs\u0173 sveikatai ir gro\u017eiui.<\/title>\n<meta name=\"description\" content=\"MEDB PREMIUM kremas su kolagenu 50 ml \u2013 brand\u017eiai ir sausai odai dr\u0117kina, maitina, suteikia elastingumo ir \u0161velnumo. Suteikia elastingumo ir tvirtumo poj\u016bt\u012f\" \/>\n<meta name=\"robots\" content=\"index, follow, max-snippet:-1, max-image-preview:large, max-video-preview:-1\" \/>\n<link rel=\"canonical\" href=\"https:\/\/www.malinashop.lt\/lt_lt\/shop\/medb-premium-veido-kremas-su-kolagenu-brandziai-sausai-ir-pavargusiai-odai-50-ml\/\" \/>\n<meta property=\"og:locale\" content=\"lt_LT\" \/>\n<meta property=\"og:type\" content=\"article\" \/>\n<meta property=\"og:title\" content=\"MEDB PREMIUM veido kremas su kolagenu brand\u017eiai, sausai ir pavargusiai odai, 50 ml - MalinaShop.lt J\u016bs\u0173 sveikatai ir gro\u017eiui.\" \/>\n<meta property=\"og:description\" content=\"MEDB PREMIUM kremas su kolagenu 50 ml \u2013 brand\u017eiai ir sausai odai dr\u0117kina, maitina, suteikia elastingumo ir \u0161velnumo. Suteikia elastingumo ir tvirtumo poj\u016bt\u012f\" \/>\n<meta property=\"og:url\" content=\"https:\/\/www.malinashop.lt\/lt_lt\/shop\/medb-premium-veido-kremas-su-kolagenu-brandziai-sausai-ir-pavargusiai-odai-50-ml\/\" \/>\n<meta property=\"og:site_name\" content=\"MalinaShop.lt J\u016bs\u0173 sveikatai ir gro\u017eiui.\" \/>\n<meta property=\"article:modified_time\" content=\"2026-04-07T19:18:21+00:00\" \/>\n<meta property=\"og:image\" content=\"https:\/\/www.malinashop.lt\/wp-content\/uploads\/2026\/01\/MEDB-PREMIUM-veido-kremas-su-kolagenu-brandziai-sausai-ir-pavargusiai-odai-50-ml.webp\" \/>\n\t<meta property=\"og:image:width\" content=\"768\" \/>\n\t<meta property=\"og:image:height\" content=\"768\" \/>\n\t<meta property=\"og:image:type\" content=\"image\/webp\" \/>\n<meta name=\"twitter:card\" content=\"summary_large_image\" \/>\n<script type=\"application\/ld+json\" class=\"yoast-schema-graph\">{\"@context\":\"https:\\\/\\\/schema.org\",\"@graph\":[{\"@type\":\"WebPage\",\"@id\":\"https:\\\/\\\/www.malinashop.lt\\\/shop\\\/medb-premium-veido-kremas-su-kolagenu-brandziai-sausai-ir-pavargusiai-odai-50-ml\\\/\",\"url\":\"https:\\\/\\\/www.malinashop.lt\\\/shop\\\/medb-premium-veido-kremas-su-kolagenu-brandziai-sausai-ir-pavargusiai-odai-50-ml\\\/\",\"name\":\"MEDB PREMIUM veido kremas su kolagenu brand\u017eiai, sausai ir pavargusiai odai, 50 ml - MalinaShop.lt J\u016bs\u0173 sveikatai ir gro\u017eiui.\",\"isPartOf\":{\"@id\":\"https:\\\/\\\/www.malinashop.lt\\\/#website\"},\"primaryImageOfPage\":{\"@id\":\"https:\\\/\\\/www.malinashop.lt\\\/shop\\\/medb-premium-veido-kremas-su-kolagenu-brandziai-sausai-ir-pavargusiai-odai-50-ml\\\/#primaryimage\"},\"image\":{\"@id\":\"https:\\\/\\\/www.malinashop.lt\\\/shop\\\/medb-premium-veido-kremas-su-kolagenu-brandziai-sausai-ir-pavargusiai-odai-50-ml\\\/#primaryimage\"},\"thumbnailUrl\":\"https:\\\/\\\/www.malinashop.lt\\\/wp-content\\\/uploads\\\/2026\\\/01\\\/MEDB-PREMIUM-veido-kremas-su-kolagenu-brandziai-sausai-ir-pavargusiai-odai-50-ml.webp\",\"datePublished\":\"2026-01-29T20:56:54+00:00\",\"dateModified\":\"2026-04-07T19:18:21+00:00\",\"description\":\"MEDB PREMIUM kremas su kolagenu 50 ml \u2013 brand\u017eiai ir sausai odai dr\u0117kina, maitina, suteikia elastingumo ir \u0161velnumo. Suteikia elastingumo ir tvirtumo poj\u016bt\u012f\",\"breadcrumb\":{\"@id\":\"https:\\\/\\\/www.malinashop.lt\\\/shop\\\/medb-premium-veido-kremas-su-kolagenu-brandziai-sausai-ir-pavargusiai-odai-50-ml\\\/#breadcrumb\"},\"inLanguage\":\"lt-LT\",\"potentialAction\":[{\"@type\":\"ReadAction\",\"target\":[\"https:\\\/\\\/www.malinashop.lt\\\/shop\\\/medb-premium-veido-kremas-su-kolagenu-brandziai-sausai-ir-pavargusiai-odai-50-ml\\\/\"]}]},{\"@type\":\"ImageObject\",\"inLanguage\":\"lt-LT\",\"@id\":\"https:\\\/\\\/www.malinashop.lt\\\/shop\\\/medb-premium-veido-kremas-su-kolagenu-brandziai-sausai-ir-pavargusiai-odai-50-ml\\\/#primaryimage\",\"url\":\"https:\\\/\\\/www.malinashop.lt\\\/wp-content\\\/uploads\\\/2026\\\/01\\\/MEDB-PREMIUM-veido-kremas-su-kolagenu-brandziai-sausai-ir-pavargusiai-odai-50-ml.webp\",\"contentUrl\":\"https:\\\/\\\/www.malinashop.lt\\\/wp-content\\\/uploads\\\/2026\\\/01\\\/MEDB-PREMIUM-veido-kremas-su-kolagenu-brandziai-sausai-ir-pavargusiai-odai-50-ml.webp\",\"width\":768,\"height\":768},{\"@type\":\"BreadcrumbList\",\"@id\":\"https:\\\/\\\/www.malinashop.lt\\\/shop\\\/medb-premium-veido-kremas-su-kolagenu-brandziai-sausai-ir-pavargusiai-odai-50-ml\\\/#breadcrumb\",\"itemListElement\":[{\"@type\":\"ListItem\",\"position\":1,\"name\":\"Pagrindinis\",\"item\":\"https:\\\/\\\/www.malinashop.lt\\\/\"},{\"@type\":\"ListItem\",\"position\":2,\"name\":\"Parduotuv\u0117\",\"item\":\"https:\\\/\\\/www.malinashop.lt\\\/en\\\/parduotuve\\\/\"},{\"@type\":\"ListItem\",\"position\":3,\"name\":\"MEDB PREMIUM veido kremas su kolagenu brand\u017eiai, sausai ir pavargusiai odai, 50 ml\"}]},{\"@type\":\"WebSite\",\"@id\":\"https:\\\/\\\/www.malinashop.lt\\\/#website\",\"url\":\"https:\\\/\\\/www.malinashop.lt\\\/\",\"name\":\"COM Group Ecommerce\",\"description\":\"MalinaShop.lt - Gro\u017eio ir sveikatos produktai i\u0161 patikim\u0173 preki\u0173 \u017eenkl\u0173. Atraskite auk\u0161tos kokyb\u0117s kosmetik\u0105 u\u017e puiki\u0105 kain\u0105.\",\"publisher\":{\"@id\":\"https:\\\/\\\/www.malinashop.lt\\\/#organization\"},\"potentialAction\":[{\"@type\":\"SearchAction\",\"target\":{\"@type\":\"EntryPoint\",\"urlTemplate\":\"https:\\\/\\\/www.malinashop.lt\\\/?s={search_term_string}\"},\"query-input\":{\"@type\":\"PropertyValueSpecification\",\"valueRequired\":true,\"valueName\":\"search_term_string\"}}],\"inLanguage\":\"lt-LT\"},{\"@type\":\"Organization\",\"@id\":\"https:\\\/\\\/www.malinashop.lt\\\/#organization\",\"name\":\"COM Group Ecommerce\",\"url\":\"https:\\\/\\\/www.malinashop.lt\\\/\",\"logo\":{\"@type\":\"ImageObject\",\"inLanguage\":\"lt-LT\",\"@id\":\"https:\\\/\\\/www.malinashop.lt\\\/#\\\/schema\\\/logo\\\/image\\\/\",\"url\":\"https:\\\/\\\/www.malinashop.lt\\\/wp-content\\\/uploads\\\/2024\\\/08\\\/462559670_3787732518133670_9795632669273463_n-e1731525914575.png\",\"contentUrl\":\"https:\\\/\\\/www.malinashop.lt\\\/wp-content\\\/uploads\\\/2024\\\/08\\\/462559670_3787732518133670_9795632669273463_n-e1731525914575.png\",\"width\":180,\"height\":60,\"caption\":\"COM Group Ecommerce\"},\"image\":{\"@id\":\"https:\\\/\\\/www.malinashop.lt\\\/#\\\/schema\\\/logo\\\/image\\\/\"}}]}<\/script>\n<!-- \/ Yoast SEO plugin. -->","yoast_head_json":{"title":"MEDB PREMIUM veido kremas su kolagenu brand\u017eiai, sausai ir pavargusiai odai, 50 ml - MalinaShop.lt J\u016bs\u0173 sveikatai ir gro\u017eiui.","description":"MEDB PREMIUM kremas su kolagenu 50 ml \u2013 brand\u017eiai ir sausai odai dr\u0117kina, maitina, suteikia elastingumo ir \u0161velnumo. Suteikia elastingumo ir tvirtumo poj\u016bt\u012f","robots":{"index":"index","follow":"follow","max-snippet":"max-snippet:-1","max-image-preview":"max-image-preview:large","max-video-preview":"max-video-preview:-1"},"canonical":"https:\/\/www.malinashop.lt\/lt_lt\/shop\/medb-premium-veido-kremas-su-kolagenu-brandziai-sausai-ir-pavargusiai-odai-50-ml\/","og_locale":"lt_LT","og_type":"article","og_title":"MEDB PREMIUM veido kremas su kolagenu brand\u017eiai, sausai ir pavargusiai odai, 50 ml - MalinaShop.lt J\u016bs\u0173 sveikatai ir gro\u017eiui.","og_description":"MEDB PREMIUM kremas su kolagenu 50 ml \u2013 brand\u017eiai ir sausai odai dr\u0117kina, maitina, suteikia elastingumo ir \u0161velnumo. Suteikia elastingumo ir tvirtumo poj\u016bt\u012f","og_url":"https:\/\/www.malinashop.lt\/lt_lt\/shop\/medb-premium-veido-kremas-su-kolagenu-brandziai-sausai-ir-pavargusiai-odai-50-ml\/","og_site_name":"MalinaShop.lt J\u016bs\u0173 sveikatai ir gro\u017eiui.","article_modified_time":"2026-04-07T19:18:21+00:00","og_image":[{"width":768,"height":768,"url":"https:\/\/www.malinashop.lt\/wp-content\/uploads\/2026\/01\/MEDB-PREMIUM-veido-kremas-su-kolagenu-brandziai-sausai-ir-pavargusiai-odai-50-ml.webp","type":"image\/webp"}],"twitter_card":"summary_large_image","schema":{"@context":"https:\/\/schema.org","@graph":[{"@type":"WebPage","@id":"https:\/\/www.malinashop.lt\/shop\/medb-premium-veido-kremas-su-kolagenu-brandziai-sausai-ir-pavargusiai-odai-50-ml\/","url":"https:\/\/www.malinashop.lt\/shop\/medb-premium-veido-kremas-su-kolagenu-brandziai-sausai-ir-pavargusiai-odai-50-ml\/","name":"MEDB PREMIUM veido kremas su kolagenu brand\u017eiai, sausai ir pavargusiai odai, 50 ml - MalinaShop.lt J\u016bs\u0173 sveikatai ir gro\u017eiui.","isPartOf":{"@id":"https:\/\/www.malinashop.lt\/#website"},"primaryImageOfPage":{"@id":"https:\/\/www.malinashop.lt\/shop\/medb-premium-veido-kremas-su-kolagenu-brandziai-sausai-ir-pavargusiai-odai-50-ml\/#primaryimage"},"image":{"@id":"https:\/\/www.malinashop.lt\/shop\/medb-premium-veido-kremas-su-kolagenu-brandziai-sausai-ir-pavargusiai-odai-50-ml\/#primaryimage"},"thumbnailUrl":"https:\/\/www.malinashop.lt\/wp-content\/uploads\/2026\/01\/MEDB-PREMIUM-veido-kremas-su-kolagenu-brandziai-sausai-ir-pavargusiai-odai-50-ml.webp","datePublished":"2026-01-29T20:56:54+00:00","dateModified":"2026-04-07T19:18:21+00:00","description":"MEDB PREMIUM kremas su kolagenu 50 ml \u2013 brand\u017eiai ir sausai odai dr\u0117kina, maitina, suteikia elastingumo ir \u0161velnumo. Suteikia elastingumo ir tvirtumo poj\u016bt\u012f","breadcrumb":{"@id":"https:\/\/www.malinashop.lt\/shop\/medb-premium-veido-kremas-su-kolagenu-brandziai-sausai-ir-pavargusiai-odai-50-ml\/#breadcrumb"},"inLanguage":"lt-LT","potentialAction":[{"@type":"ReadAction","target":["https:\/\/www.malinashop.lt\/shop\/medb-premium-veido-kremas-su-kolagenu-brandziai-sausai-ir-pavargusiai-odai-50-ml\/"]}]},{"@type":"ImageObject","inLanguage":"lt-LT","@id":"https:\/\/www.malinashop.lt\/shop\/medb-premium-veido-kremas-su-kolagenu-brandziai-sausai-ir-pavargusiai-odai-50-ml\/#primaryimage","url":"https:\/\/www.malinashop.lt\/wp-content\/uploads\/2026\/01\/MEDB-PREMIUM-veido-kremas-su-kolagenu-brandziai-sausai-ir-pavargusiai-odai-50-ml.webp","contentUrl":"https:\/\/www.malinashop.lt\/wp-content\/uploads\/2026\/01\/MEDB-PREMIUM-veido-kremas-su-kolagenu-brandziai-sausai-ir-pavargusiai-odai-50-ml.webp","width":768,"height":768},{"@type":"BreadcrumbList","@id":"https:\/\/www.malinashop.lt\/shop\/medb-premium-veido-kremas-su-kolagenu-brandziai-sausai-ir-pavargusiai-odai-50-ml\/#breadcrumb","itemListElement":[{"@type":"ListItem","position":1,"name":"Pagrindinis","item":"https:\/\/www.malinashop.lt\/"},{"@type":"ListItem","position":2,"name":"Parduotuv\u0117","item":"https:\/\/www.malinashop.lt\/en\/parduotuve\/"},{"@type":"ListItem","position":3,"name":"MEDB PREMIUM veido kremas su kolagenu brand\u017eiai, sausai ir pavargusiai odai, 50 ml"}]},{"@type":"WebSite","@id":"https:\/\/www.malinashop.lt\/#website","url":"https:\/\/www.malinashop.lt\/","name":"COM Group Ecommerce","description":"MalinaShop.lt - Gro\u017eio ir sveikatos produktai i\u0161 patikim\u0173 preki\u0173 \u017eenkl\u0173. Atraskite auk\u0161tos kokyb\u0117s kosmetik\u0105 u\u017e puiki\u0105 kain\u0105.","publisher":{"@id":"https:\/\/www.malinashop.lt\/#organization"},"potentialAction":[{"@type":"SearchAction","target":{"@type":"EntryPoint","urlTemplate":"https:\/\/www.malinashop.lt\/?s={search_term_string}"},"query-input":{"@type":"PropertyValueSpecification","valueRequired":true,"valueName":"search_term_string"}}],"inLanguage":"lt-LT"},{"@type":"Organization","@id":"https:\/\/www.malinashop.lt\/#organization","name":"COM Group Ecommerce","url":"https:\/\/www.malinashop.lt\/","logo":{"@type":"ImageObject","inLanguage":"lt-LT","@id":"https:\/\/www.malinashop.lt\/#\/schema\/logo\/image\/","url":"https:\/\/www.malinashop.lt\/wp-content\/uploads\/2024\/08\/462559670_3787732518133670_9795632669273463_n-e1731525914575.png","contentUrl":"https:\/\/www.malinashop.lt\/wp-content\/uploads\/2024\/08\/462559670_3787732518133670_9795632669273463_n-e1731525914575.png","width":180,"height":60,"caption":"COM Group Ecommerce"},"image":{"@id":"https:\/\/www.malinashop.lt\/#\/schema\/logo\/image\/"}}]}},"jetpack_sharing_enabled":true,"_links":{"self":[{"href":"https:\/\/www.malinashop.lt\/lt_lt\/wp-json\/wp\/v2\/product\/73615","targetHints":{"allow":["GET"]}}],"collection":[{"href":"https:\/\/www.malinashop.lt\/lt_lt\/wp-json\/wp\/v2\/product"}],"about":[{"href":"https:\/\/www.malinashop.lt\/lt_lt\/wp-json\/wp\/v2\/types\/product"}],"version-history":[{"count":1,"href":"https:\/\/www.malinashop.lt\/lt_lt\/wp-json\/wp\/v2\/product\/73615\/revisions"}],"predecessor-version":[{"id":73617,"href":"https:\/\/www.malinashop.lt\/lt_lt\/wp-json\/wp\/v2\/product\/73615\/revisions\/73617"}],"wp:featuredmedia":[{"embeddable":true,"href":"https:\/\/www.malinashop.lt\/lt_lt\/wp-json\/wp\/v2\/media\/73616"}],"wp:attachment":[{"href":"https:\/\/www.malinashop.lt\/lt_lt\/wp-json\/wp\/v2\/media?parent=73615"}],"wp:term":[{"taxonomy":"product_brand","embeddable":true,"href":"https:\/\/www.malinashop.lt\/lt_lt\/wp-json\/wp\/v2\/product_brand?post=73615"},{"taxonomy":"product_cat","embeddable":true,"href":"https:\/\/www.malinashop.lt\/lt_lt\/wp-json\/wp\/v2\/product_cat?post=73615"},{"taxonomy":"product_tag","embeddable":true,"href":"https:\/\/www.malinashop.lt\/lt_lt\/wp-json\/wp\/v2\/product_tag?post=73615"}],"curies":[{"name":"wp","href":"https:\/\/api.w.org\/{rel}","templated":true}]}}