{"id":73611,"date":"2026-01-29T23:47:16","date_gmt":"2026-01-29T20:47:16","guid":{"rendered":"https:\/\/malinashop.lt\/?post_type=product&#038;p=73611"},"modified":"2026-04-07T22:18:22","modified_gmt":"2026-04-07T19:18:22","slug":"medb-premium-veido-kremas-su-juoduju-sraigiu-mucinu-sausai-ir-dehidratuotai-odai-50-ml","status":"publish","type":"product","link":"https:\/\/www.malinashop.lt\/lt_lt\/shop\/medb-premium-veido-kremas-su-juoduju-sraigiu-mucinu-sausai-ir-dehidratuotai-odai-50-ml\/","title":{"rendered":"MEDB PREMIUM veido kremas su juod\u0173j\u0173 sraigi\u0173 mucinu sausai ir dehidratuotai odai, 50 ml"},"content":{"rendered":"<p data-start=\"205\" data-end=\"492\"><strong data-start=\"205\" data-end=\"260\">MEDB PREMIUM veido kremas su juod\u0173j\u0173 sraigi\u0173 mucinu<\/strong> \u2013 kasdienis kremas, sukurtas <strong data-start=\"290\" data-end=\"322\">sausai ir dehidratuotai odai<\/strong> dr\u0117kinti, maitinti ir suteikti ilgalaik\u012f komforto poj\u016bt\u012f. Kremas padeda palaikyti odos hidratacij\u0105, tod\u0117l oda gali jaustis mink\u0161tesn\u0117, elastingesn\u0117 ir labiau pri\u017ei\u016br\u0117ta.<\/p>\n<p data-start=\"494\" data-end=\"890\">Sud\u0117tyje esantis <strong data-start=\"511\" data-end=\"538\">juod\u0173j\u0173 sraigi\u0173 mucinas<\/strong> padeda odai jaustis <strong data-start=\"559\" data-end=\"585\">\u0161velniai ir elastingai<\/strong>, prisideda prie glotnesn\u0117s odos poj\u016b\u010dio ir komforto. Kremo formul\u0117 taip pat sukurta taip, kad pad\u0117t\u0173 <strong data-start=\"687\" data-end=\"707\">i\u0161laikyti dr\u0117gm\u0119<\/strong> odoje ir prisid\u0117t\u0173 prie odos apsaugos nuo i\u0161orini\u0173 veiksni\u0173, kurie gali didinti sausumo poj\u016bt\u012f. Tinka naudoti kasdien \u2013 ryte ir vakare \u2013 kaip nuoseklios odos prie\u017ei\u016bros rutinos dal\u012f.<\/p>\n<hr data-start=\"892\" data-end=\"895\" \/>\n<h3 data-start=\"897\" data-end=\"924\">Pagrindiniai privalumai<\/h3>\n<ul data-start=\"925\" data-end=\"1200\">\n<li data-start=\"925\" data-end=\"969\">\n<p data-start=\"927\" data-end=\"969\">Skirtas <strong data-start=\"935\" data-end=\"967\">sausai ir dehidratuotai odai<\/strong><\/p>\n<\/li>\n<li data-start=\"970\" data-end=\"1026\">\n<p data-start=\"972\" data-end=\"1026\"><strong data-start=\"972\" data-end=\"994\">Dr\u0117kina ir maitina<\/strong>, padeda palaikyti hidratacij\u0105<\/p>\n<\/li>\n<li data-start=\"1027\" data-end=\"1093\">\n<p data-start=\"1029\" data-end=\"1093\"><strong data-start=\"1029\" data-end=\"1056\">Juod\u0173j\u0173 sraigi\u0173 mucinas<\/strong> \u2013 \u0161velnumo ir elastingumo poj\u016b\u010diui<\/p>\n<\/li>\n<li data-start=\"1094\" data-end=\"1151\">\n<p data-start=\"1096\" data-end=\"1151\">Padeda i\u0161laikyti <strong data-start=\"1113\" data-end=\"1138\">komfort\u0105 ir mink\u0161tum\u0105<\/strong> vis\u0105 dien\u0105<\/p>\n<\/li>\n<li data-start=\"1152\" data-end=\"1200\">\n<p data-start=\"1154\" data-end=\"1200\">Tinka kasdieniam naudojimui <strong data-start=\"1182\" data-end=\"1200\">ryte ir vakare<\/strong><\/p>\n<\/li>\n<\/ul>\n<hr data-start=\"1202\" data-end=\"1205\" \/>\n<h3 data-start=\"1207\" data-end=\"1221\">Naudojimas<\/h3>\n<p data-start=\"1222\" data-end=\"1284\">Kasdien <strong data-start=\"1230\" data-end=\"1248\">ryte ir vakare<\/strong> tepkite ant <strong data-start=\"1261\" data-end=\"1283\">\u0161varios veido odos<\/strong>.<\/p>\n","protected":false},"excerpt":{"rendered":"<p data-start=\"2181\" data-end=\"2342\">Veido kremas su juod\u0173j\u0173 sraigi\u0173 mucinu sausai ir dehidratuotai odai \u2013 dr\u0117kina, maitina ir suteikia \u0161velnumo bei elastingumo poj\u016bt\u012f, 50 ml.<\/p>\n","protected":false},"featured_media":73613,"template":"","meta":[],"product_brand":[1544],"product_cat":[187,728],"product_tag":[1609],"class_list":{"0":"post-73611","1":"product","2":"type-product","3":"status-publish","4":"has-post-thumbnail","6":"product_brand-medb","7":"product_cat-veido-kremai","8":"product_cat-veidui","9":"product_tag-medb","11":"first","12":"instock","13":"sale","14":"taxable","15":"shipping-taxable","16":"purchasable","17":"product-type-simple"},"yoast_head":"<!-- This site is optimized with the Yoast SEO plugin v27.4 - https:\/\/yoast.com\/product\/yoast-seo-wordpress\/ -->\n<title>MEDB PREMIUM veido kremas su juod\u0173j\u0173 sraigi\u0173 mucinu sausai ir dehidratuotai odai, 50 ml - MalinaShop.lt J\u016bs\u0173 sveikatai ir gro\u017eiui.<\/title>\n<meta name=\"description\" content=\"MEDB PREMIUM veido kremas su juod\u0173j\u0173 sraigi\u0173 mucinu 50 ml \u2013 skirtas sausai ir dehidratuotai odai. Dr\u0117kina, maitina, padeda i\u0161laikyti hidratacij\u0105\" \/>\n<meta name=\"robots\" content=\"index, follow, max-snippet:-1, max-image-preview:large, max-video-preview:-1\" \/>\n<link rel=\"canonical\" href=\"https:\/\/www.malinashop.lt\/lt_lt\/shop\/medb-premium-veido-kremas-su-juoduju-sraigiu-mucinu-sausai-ir-dehidratuotai-odai-50-ml\/\" \/>\n<meta property=\"og:locale\" content=\"lt_LT\" \/>\n<meta property=\"og:type\" content=\"article\" \/>\n<meta property=\"og:title\" content=\"MEDB PREMIUM veido kremas su juod\u0173j\u0173 sraigi\u0173 mucinu sausai ir dehidratuotai odai, 50 ml - MalinaShop.lt J\u016bs\u0173 sveikatai ir gro\u017eiui.\" \/>\n<meta property=\"og:description\" content=\"MEDB PREMIUM veido kremas su juod\u0173j\u0173 sraigi\u0173 mucinu 50 ml \u2013 skirtas sausai ir dehidratuotai odai. Dr\u0117kina, maitina, padeda i\u0161laikyti hidratacij\u0105\" \/>\n<meta property=\"og:url\" content=\"https:\/\/www.malinashop.lt\/lt_lt\/shop\/medb-premium-veido-kremas-su-juoduju-sraigiu-mucinu-sausai-ir-dehidratuotai-odai-50-ml\/\" \/>\n<meta property=\"og:site_name\" content=\"MalinaShop.lt J\u016bs\u0173 sveikatai ir gro\u017eiui.\" \/>\n<meta property=\"article:modified_time\" content=\"2026-04-07T19:18:22+00:00\" \/>\n<meta property=\"og:image\" content=\"https:\/\/www.malinashop.lt\/wp-content\/uploads\/2026\/01\/MEDB-PREMIUM-veido-kremas-su-juoduju-sraigiu-mucinu-sausai-ir-dehidratuotai-odai-50-ml.webp\" \/>\n\t<meta property=\"og:image:width\" content=\"768\" \/>\n\t<meta property=\"og:image:height\" content=\"768\" \/>\n\t<meta property=\"og:image:type\" content=\"image\/webp\" \/>\n<meta name=\"twitter:card\" content=\"summary_large_image\" \/>\n<script type=\"application\/ld+json\" class=\"yoast-schema-graph\">{\"@context\":\"https:\\\/\\\/schema.org\",\"@graph\":[{\"@type\":\"WebPage\",\"@id\":\"https:\\\/\\\/www.malinashop.lt\\\/lt_lt\\\/shop\\\/medb-premium-veido-kremas-su-juoduju-sraigiu-mucinu-sausai-ir-dehidratuotai-odai-50-ml\\\/\",\"url\":\"https:\\\/\\\/www.malinashop.lt\\\/lt_lt\\\/shop\\\/medb-premium-veido-kremas-su-juoduju-sraigiu-mucinu-sausai-ir-dehidratuotai-odai-50-ml\\\/\",\"name\":\"MEDB PREMIUM veido kremas su juod\u0173j\u0173 sraigi\u0173 mucinu sausai ir dehidratuotai odai, 50 ml - MalinaShop.lt J\u016bs\u0173 sveikatai ir gro\u017eiui.\",\"isPartOf\":{\"@id\":\"https:\\\/\\\/www.malinashop.lt\\\/#website\"},\"primaryImageOfPage\":{\"@id\":\"https:\\\/\\\/www.malinashop.lt\\\/lt_lt\\\/shop\\\/medb-premium-veido-kremas-su-juoduju-sraigiu-mucinu-sausai-ir-dehidratuotai-odai-50-ml\\\/#primaryimage\"},\"image\":{\"@id\":\"https:\\\/\\\/www.malinashop.lt\\\/lt_lt\\\/shop\\\/medb-premium-veido-kremas-su-juoduju-sraigiu-mucinu-sausai-ir-dehidratuotai-odai-50-ml\\\/#primaryimage\"},\"thumbnailUrl\":\"https:\\\/\\\/www.malinashop.lt\\\/wp-content\\\/uploads\\\/2026\\\/01\\\/MEDB-PREMIUM-veido-kremas-su-juoduju-sraigiu-mucinu-sausai-ir-dehidratuotai-odai-50-ml.webp\",\"datePublished\":\"2026-01-29T20:47:16+00:00\",\"dateModified\":\"2026-04-07T19:18:22+00:00\",\"description\":\"MEDB PREMIUM veido kremas su juod\u0173j\u0173 sraigi\u0173 mucinu 50 ml \u2013 skirtas sausai ir dehidratuotai odai. Dr\u0117kina, maitina, padeda i\u0161laikyti hidratacij\u0105\",\"breadcrumb\":{\"@id\":\"https:\\\/\\\/www.malinashop.lt\\\/lt_lt\\\/shop\\\/medb-premium-veido-kremas-su-juoduju-sraigiu-mucinu-sausai-ir-dehidratuotai-odai-50-ml\\\/#breadcrumb\"},\"inLanguage\":\"lt-LT\",\"potentialAction\":[{\"@type\":\"ReadAction\",\"target\":[\"https:\\\/\\\/www.malinashop.lt\\\/lt_lt\\\/shop\\\/medb-premium-veido-kremas-su-juoduju-sraigiu-mucinu-sausai-ir-dehidratuotai-odai-50-ml\\\/\"]}]},{\"@type\":\"ImageObject\",\"inLanguage\":\"lt-LT\",\"@id\":\"https:\\\/\\\/www.malinashop.lt\\\/lt_lt\\\/shop\\\/medb-premium-veido-kremas-su-juoduju-sraigiu-mucinu-sausai-ir-dehidratuotai-odai-50-ml\\\/#primaryimage\",\"url\":\"https:\\\/\\\/www.malinashop.lt\\\/wp-content\\\/uploads\\\/2026\\\/01\\\/MEDB-PREMIUM-veido-kremas-su-juoduju-sraigiu-mucinu-sausai-ir-dehidratuotai-odai-50-ml.webp\",\"contentUrl\":\"https:\\\/\\\/www.malinashop.lt\\\/wp-content\\\/uploads\\\/2026\\\/01\\\/MEDB-PREMIUM-veido-kremas-su-juoduju-sraigiu-mucinu-sausai-ir-dehidratuotai-odai-50-ml.webp\",\"width\":768,\"height\":768},{\"@type\":\"BreadcrumbList\",\"@id\":\"https:\\\/\\\/www.malinashop.lt\\\/lt_lt\\\/shop\\\/medb-premium-veido-kremas-su-juoduju-sraigiu-mucinu-sausai-ir-dehidratuotai-odai-50-ml\\\/#breadcrumb\",\"itemListElement\":[{\"@type\":\"ListItem\",\"position\":1,\"name\":\"Pagrindinis\",\"item\":\"https:\\\/\\\/www.malinashop.lt\\\/\"},{\"@type\":\"ListItem\",\"position\":2,\"name\":\"Parduotuv\u0117\",\"item\":\"https:\\\/\\\/www.malinashop.lt\\\/en\\\/parduotuve\\\/\"},{\"@type\":\"ListItem\",\"position\":3,\"name\":\"MEDB PREMIUM veido kremas su juod\u0173j\u0173 sraigi\u0173 mucinu sausai ir dehidratuotai odai, 50 ml\"}]},{\"@type\":\"WebSite\",\"@id\":\"https:\\\/\\\/www.malinashop.lt\\\/#website\",\"url\":\"https:\\\/\\\/www.malinashop.lt\\\/\",\"name\":\"COM Group Ecommerce\",\"description\":\"MalinaShop.lt - Gro\u017eio ir sveikatos produktai i\u0161 patikim\u0173 preki\u0173 \u017eenkl\u0173. Atraskite auk\u0161tos kokyb\u0117s kosmetik\u0105 u\u017e puiki\u0105 kain\u0105.\",\"publisher\":{\"@id\":\"https:\\\/\\\/www.malinashop.lt\\\/#organization\"},\"potentialAction\":[{\"@type\":\"SearchAction\",\"target\":{\"@type\":\"EntryPoint\",\"urlTemplate\":\"https:\\\/\\\/www.malinashop.lt\\\/?s={search_term_string}\"},\"query-input\":{\"@type\":\"PropertyValueSpecification\",\"valueRequired\":true,\"valueName\":\"search_term_string\"}}],\"inLanguage\":\"lt-LT\"},{\"@type\":\"Organization\",\"@id\":\"https:\\\/\\\/www.malinashop.lt\\\/#organization\",\"name\":\"COM Group Ecommerce\",\"url\":\"https:\\\/\\\/www.malinashop.lt\\\/\",\"logo\":{\"@type\":\"ImageObject\",\"inLanguage\":\"lt-LT\",\"@id\":\"https:\\\/\\\/www.malinashop.lt\\\/#\\\/schema\\\/logo\\\/image\\\/\",\"url\":\"https:\\\/\\\/www.malinashop.lt\\\/wp-content\\\/uploads\\\/2024\\\/08\\\/462559670_3787732518133670_9795632669273463_n-e1731525914575.png\",\"contentUrl\":\"https:\\\/\\\/www.malinashop.lt\\\/wp-content\\\/uploads\\\/2024\\\/08\\\/462559670_3787732518133670_9795632669273463_n-e1731525914575.png\",\"width\":180,\"height\":60,\"caption\":\"COM Group Ecommerce\"},\"image\":{\"@id\":\"https:\\\/\\\/www.malinashop.lt\\\/#\\\/schema\\\/logo\\\/image\\\/\"}}]}<\/script>\n<!-- \/ Yoast SEO plugin. -->","yoast_head_json":{"title":"MEDB PREMIUM veido kremas su juod\u0173j\u0173 sraigi\u0173 mucinu sausai ir dehidratuotai odai, 50 ml - MalinaShop.lt J\u016bs\u0173 sveikatai ir gro\u017eiui.","description":"MEDB PREMIUM veido kremas su juod\u0173j\u0173 sraigi\u0173 mucinu 50 ml \u2013 skirtas sausai ir dehidratuotai odai. Dr\u0117kina, maitina, padeda i\u0161laikyti hidratacij\u0105","robots":{"index":"index","follow":"follow","max-snippet":"max-snippet:-1","max-image-preview":"max-image-preview:large","max-video-preview":"max-video-preview:-1"},"canonical":"https:\/\/www.malinashop.lt\/lt_lt\/shop\/medb-premium-veido-kremas-su-juoduju-sraigiu-mucinu-sausai-ir-dehidratuotai-odai-50-ml\/","og_locale":"lt_LT","og_type":"article","og_title":"MEDB PREMIUM veido kremas su juod\u0173j\u0173 sraigi\u0173 mucinu sausai ir dehidratuotai odai, 50 ml - MalinaShop.lt J\u016bs\u0173 sveikatai ir gro\u017eiui.","og_description":"MEDB PREMIUM veido kremas su juod\u0173j\u0173 sraigi\u0173 mucinu 50 ml \u2013 skirtas sausai ir dehidratuotai odai. Dr\u0117kina, maitina, padeda i\u0161laikyti hidratacij\u0105","og_url":"https:\/\/www.malinashop.lt\/lt_lt\/shop\/medb-premium-veido-kremas-su-juoduju-sraigiu-mucinu-sausai-ir-dehidratuotai-odai-50-ml\/","og_site_name":"MalinaShop.lt J\u016bs\u0173 sveikatai ir gro\u017eiui.","article_modified_time":"2026-04-07T19:18:22+00:00","og_image":[{"width":768,"height":768,"url":"https:\/\/www.malinashop.lt\/wp-content\/uploads\/2026\/01\/MEDB-PREMIUM-veido-kremas-su-juoduju-sraigiu-mucinu-sausai-ir-dehidratuotai-odai-50-ml.webp","type":"image\/webp"}],"twitter_card":"summary_large_image","schema":{"@context":"https:\/\/schema.org","@graph":[{"@type":"WebPage","@id":"https:\/\/www.malinashop.lt\/lt_lt\/shop\/medb-premium-veido-kremas-su-juoduju-sraigiu-mucinu-sausai-ir-dehidratuotai-odai-50-ml\/","url":"https:\/\/www.malinashop.lt\/lt_lt\/shop\/medb-premium-veido-kremas-su-juoduju-sraigiu-mucinu-sausai-ir-dehidratuotai-odai-50-ml\/","name":"MEDB PREMIUM veido kremas su juod\u0173j\u0173 sraigi\u0173 mucinu sausai ir dehidratuotai odai, 50 ml - MalinaShop.lt J\u016bs\u0173 sveikatai ir gro\u017eiui.","isPartOf":{"@id":"https:\/\/www.malinashop.lt\/#website"},"primaryImageOfPage":{"@id":"https:\/\/www.malinashop.lt\/lt_lt\/shop\/medb-premium-veido-kremas-su-juoduju-sraigiu-mucinu-sausai-ir-dehidratuotai-odai-50-ml\/#primaryimage"},"image":{"@id":"https:\/\/www.malinashop.lt\/lt_lt\/shop\/medb-premium-veido-kremas-su-juoduju-sraigiu-mucinu-sausai-ir-dehidratuotai-odai-50-ml\/#primaryimage"},"thumbnailUrl":"https:\/\/www.malinashop.lt\/wp-content\/uploads\/2026\/01\/MEDB-PREMIUM-veido-kremas-su-juoduju-sraigiu-mucinu-sausai-ir-dehidratuotai-odai-50-ml.webp","datePublished":"2026-01-29T20:47:16+00:00","dateModified":"2026-04-07T19:18:22+00:00","description":"MEDB PREMIUM veido kremas su juod\u0173j\u0173 sraigi\u0173 mucinu 50 ml \u2013 skirtas sausai ir dehidratuotai odai. Dr\u0117kina, maitina, padeda i\u0161laikyti hidratacij\u0105","breadcrumb":{"@id":"https:\/\/www.malinashop.lt\/lt_lt\/shop\/medb-premium-veido-kremas-su-juoduju-sraigiu-mucinu-sausai-ir-dehidratuotai-odai-50-ml\/#breadcrumb"},"inLanguage":"lt-LT","potentialAction":[{"@type":"ReadAction","target":["https:\/\/www.malinashop.lt\/lt_lt\/shop\/medb-premium-veido-kremas-su-juoduju-sraigiu-mucinu-sausai-ir-dehidratuotai-odai-50-ml\/"]}]},{"@type":"ImageObject","inLanguage":"lt-LT","@id":"https:\/\/www.malinashop.lt\/lt_lt\/shop\/medb-premium-veido-kremas-su-juoduju-sraigiu-mucinu-sausai-ir-dehidratuotai-odai-50-ml\/#primaryimage","url":"https:\/\/www.malinashop.lt\/wp-content\/uploads\/2026\/01\/MEDB-PREMIUM-veido-kremas-su-juoduju-sraigiu-mucinu-sausai-ir-dehidratuotai-odai-50-ml.webp","contentUrl":"https:\/\/www.malinashop.lt\/wp-content\/uploads\/2026\/01\/MEDB-PREMIUM-veido-kremas-su-juoduju-sraigiu-mucinu-sausai-ir-dehidratuotai-odai-50-ml.webp","width":768,"height":768},{"@type":"BreadcrumbList","@id":"https:\/\/www.malinashop.lt\/lt_lt\/shop\/medb-premium-veido-kremas-su-juoduju-sraigiu-mucinu-sausai-ir-dehidratuotai-odai-50-ml\/#breadcrumb","itemListElement":[{"@type":"ListItem","position":1,"name":"Pagrindinis","item":"https:\/\/www.malinashop.lt\/"},{"@type":"ListItem","position":2,"name":"Parduotuv\u0117","item":"https:\/\/www.malinashop.lt\/en\/parduotuve\/"},{"@type":"ListItem","position":3,"name":"MEDB PREMIUM veido kremas su juod\u0173j\u0173 sraigi\u0173 mucinu sausai ir dehidratuotai odai, 50 ml"}]},{"@type":"WebSite","@id":"https:\/\/www.malinashop.lt\/#website","url":"https:\/\/www.malinashop.lt\/","name":"COM Group Ecommerce","description":"MalinaShop.lt - Gro\u017eio ir sveikatos produktai i\u0161 patikim\u0173 preki\u0173 \u017eenkl\u0173. Atraskite auk\u0161tos kokyb\u0117s kosmetik\u0105 u\u017e puiki\u0105 kain\u0105.","publisher":{"@id":"https:\/\/www.malinashop.lt\/#organization"},"potentialAction":[{"@type":"SearchAction","target":{"@type":"EntryPoint","urlTemplate":"https:\/\/www.malinashop.lt\/?s={search_term_string}"},"query-input":{"@type":"PropertyValueSpecification","valueRequired":true,"valueName":"search_term_string"}}],"inLanguage":"lt-LT"},{"@type":"Organization","@id":"https:\/\/www.malinashop.lt\/#organization","name":"COM Group Ecommerce","url":"https:\/\/www.malinashop.lt\/","logo":{"@type":"ImageObject","inLanguage":"lt-LT","@id":"https:\/\/www.malinashop.lt\/#\/schema\/logo\/image\/","url":"https:\/\/www.malinashop.lt\/wp-content\/uploads\/2024\/08\/462559670_3787732518133670_9795632669273463_n-e1731525914575.png","contentUrl":"https:\/\/www.malinashop.lt\/wp-content\/uploads\/2024\/08\/462559670_3787732518133670_9795632669273463_n-e1731525914575.png","width":180,"height":60,"caption":"COM Group Ecommerce"},"image":{"@id":"https:\/\/www.malinashop.lt\/#\/schema\/logo\/image\/"}}]}},"jetpack_sharing_enabled":true,"_links":{"self":[{"href":"https:\/\/www.malinashop.lt\/lt_lt\/wp-json\/wp\/v2\/product\/73611","targetHints":{"allow":["GET"]}}],"collection":[{"href":"https:\/\/www.malinashop.lt\/lt_lt\/wp-json\/wp\/v2\/product"}],"about":[{"href":"https:\/\/www.malinashop.lt\/lt_lt\/wp-json\/wp\/v2\/types\/product"}],"version-history":[{"count":1,"href":"https:\/\/www.malinashop.lt\/lt_lt\/wp-json\/wp\/v2\/product\/73611\/revisions"}],"predecessor-version":[{"id":73614,"href":"https:\/\/www.malinashop.lt\/lt_lt\/wp-json\/wp\/v2\/product\/73611\/revisions\/73614"}],"wp:featuredmedia":[{"embeddable":true,"href":"https:\/\/www.malinashop.lt\/lt_lt\/wp-json\/wp\/v2\/media\/73613"}],"wp:attachment":[{"href":"https:\/\/www.malinashop.lt\/lt_lt\/wp-json\/wp\/v2\/media?parent=73611"}],"wp:term":[{"taxonomy":"product_brand","embeddable":true,"href":"https:\/\/www.malinashop.lt\/lt_lt\/wp-json\/wp\/v2\/product_brand?post=73611"},{"taxonomy":"product_cat","embeddable":true,"href":"https:\/\/www.malinashop.lt\/lt_lt\/wp-json\/wp\/v2\/product_cat?post=73611"},{"taxonomy":"product_tag","embeddable":true,"href":"https:\/\/www.malinashop.lt\/lt_lt\/wp-json\/wp\/v2\/product_tag?post=73611"}],"curies":[{"name":"wp","href":"https:\/\/api.w.org\/{rel}","templated":true}]}}