{"id":73602,"date":"2026-01-29T23:36:16","date_gmt":"2026-01-29T20:36:16","guid":{"rendered":"https:\/\/malinashop.lt\/?post_type=product&#038;p=73602"},"modified":"2026-04-07T22:18:22","modified_gmt":"2026-04-07T19:18:22","slug":"medb-dr-some-veido-kremas-raustanciai-paraudimams-linkusiai-odai-50-ml","status":"publish","type":"product","link":"https:\/\/www.malinashop.lt\/lt_lt\/shop\/medb-dr-some-veido-kremas-raustanciai-paraudimams-linkusiai-odai-50-ml\/","title":{"rendered":"MEDB DR. SOME veido kremas raustan\u010diai, paraudimams linkusiai odai, 50 ml"},"content":{"rendered":"<p data-start=\"191\" data-end=\"477\"><strong data-start=\"191\" data-end=\"261\">MEDB DR. SOME veido kremas raustan\u010diai, paraudimams linkusiai odai<\/strong> \u2013 kasdien\u0117 prie\u017ei\u016bros priemon\u0117, sukurta <strong data-start=\"302\" data-end=\"314\">jautriai<\/strong> ir \u012f <strong data-start=\"320\" data-end=\"344\">paraudimus linkusiai<\/strong> veido odai. Kremas padeda palaikyti odos komforto poj\u016bt\u012f, suteikia \u0161velnumo ir prisideda prie pri\u017ei\u016br\u0117tos odos i\u0161vaizdos vis\u0105 dien\u0105.<\/p>\n<p data-start=\"479\" data-end=\"729\">Sud\u0117tyje esantys <strong data-start=\"496\" data-end=\"538\">dr\u0117kinantys ir raminantys ingredientai<\/strong> padeda odai jaustis komforti\u0161kiau, ma\u017eina tempimo poj\u016bt\u012f ir padeda i\u0161laikyti odos mink\u0161tum\u0105. Reguliariai naudojant, oda gali atrodyti tolygesn\u0117, o kasdien\u0117 rutina \u2013 paprastesn\u0117 ir malonesn\u0117.<\/p>\n<hr data-start=\"731\" data-end=\"734\" \/>\n<h3 data-start=\"736\" data-end=\"763\">Pagrindiniai privalumai<\/h3>\n<ul data-start=\"764\" data-end=\"967\">\n<li data-start=\"764\" data-end=\"808\">\n<p data-start=\"766\" data-end=\"808\">Skirtas <strong data-start=\"774\" data-end=\"806\">jautriai ir raustan\u010diai odai<\/strong><\/p>\n<\/li>\n<li data-start=\"809\" data-end=\"866\">\n<p data-start=\"811\" data-end=\"866\">Padeda palaikyti <strong data-start=\"828\" data-end=\"847\">komforto poj\u016bt\u012f<\/strong> ir odos \u0161velnum\u0105<\/p>\n<\/li>\n<li data-start=\"867\" data-end=\"918\">\n<p data-start=\"869\" data-end=\"918\"><strong data-start=\"869\" data-end=\"880\">Dr\u0117kina<\/strong> ir suteikia pri\u017ei\u016br\u0117tos odos poj\u016bt\u012f<\/p>\n<\/li>\n<li data-start=\"919\" data-end=\"967\">\n<p data-start=\"921\" data-end=\"967\">Tinka kasdieniam naudojimui <strong data-start=\"949\" data-end=\"967\">ryte ir vakare<\/strong><\/p>\n<\/li>\n<\/ul>\n<hr data-start=\"969\" data-end=\"972\" \/>\n<h3 data-start=\"974\" data-end=\"988\">Naudojimas<\/h3>\n<p data-start=\"989\" data-end=\"1051\">Kasdien <strong data-start=\"997\" data-end=\"1015\">ryte ir vakare<\/strong> tepkite ant <strong data-start=\"1028\" data-end=\"1050\">\u0161varios veido odos<\/strong>.<\/p>\n","protected":false},"excerpt":{"rendered":"<p data-start=\"2181\" data-end=\"2342\">Kremas raustan\u010diai, paraudimams linkusiai odai \u2013 dr\u0117kina, ramina ir padeda palaikyti odos komforto bei \u0161velnumo poj\u016bt\u012f, 50 ml.<\/p>\n","protected":false},"featured_media":73603,"template":"","meta":[],"product_brand":[1544],"product_cat":[187,728],"product_tag":[1609],"class_list":{"0":"post-73602","1":"product","2":"type-product","3":"status-publish","4":"has-post-thumbnail","6":"product_brand-medb","7":"product_cat-veido-kremai","8":"product_cat-veidui","9":"product_tag-medb","11":"first","12":"instock","13":"sale","14":"taxable","15":"shipping-taxable","16":"purchasable","17":"product-type-simple"},"yoast_head":"<!-- This site is optimized with the Yoast SEO plugin v27.4 - https:\/\/yoast.com\/product\/yoast-seo-wordpress\/ -->\n<title>MEDB DR. SOME veido kremas raustan\u010diai, paraudimams linkusiai odai, 50 ml - MalinaShop.lt J\u016bs\u0173 sveikatai ir gro\u017eiui.<\/title>\n<meta name=\"description\" content=\"MEDB DR. SOME veido kremas raustan\u010diai, paraudimams linkusiai odai 50 ml \u2013 kasdien\u0117 prie\u017ei\u016bra jautriai odai. Dr\u0117kina, ramina, suteikia \u0161velnumo.\" \/>\n<meta name=\"robots\" content=\"index, follow, max-snippet:-1, max-image-preview:large, max-video-preview:-1\" \/>\n<link rel=\"canonical\" href=\"https:\/\/www.malinashop.lt\/lt_lt\/shop\/medb-dr-some-veido-kremas-raustanciai-paraudimams-linkusiai-odai-50-ml\/\" \/>\n<meta property=\"og:locale\" content=\"lt_LT\" \/>\n<meta property=\"og:type\" content=\"article\" \/>\n<meta property=\"og:title\" content=\"MEDB DR. SOME veido kremas raustan\u010diai, paraudimams linkusiai odai, 50 ml - MalinaShop.lt J\u016bs\u0173 sveikatai ir gro\u017eiui.\" \/>\n<meta property=\"og:description\" content=\"MEDB DR. SOME veido kremas raustan\u010diai, paraudimams linkusiai odai 50 ml \u2013 kasdien\u0117 prie\u017ei\u016bra jautriai odai. Dr\u0117kina, ramina, suteikia \u0161velnumo.\" \/>\n<meta property=\"og:url\" content=\"https:\/\/www.malinashop.lt\/lt_lt\/shop\/medb-dr-some-veido-kremas-raustanciai-paraudimams-linkusiai-odai-50-ml\/\" \/>\n<meta property=\"og:site_name\" content=\"MalinaShop.lt J\u016bs\u0173 sveikatai ir gro\u017eiui.\" \/>\n<meta property=\"article:modified_time\" content=\"2026-04-07T19:18:22+00:00\" \/>\n<meta property=\"og:image\" content=\"https:\/\/www.malinashop.lt\/wp-content\/uploads\/2026\/01\/MEDB-DR.-SOME-veido-kremas-raustanciai-paraudimams-linkusiai-odai-50-ml.webp\" \/>\n\t<meta property=\"og:image:width\" content=\"768\" \/>\n\t<meta property=\"og:image:height\" content=\"768\" \/>\n\t<meta property=\"og:image:type\" content=\"image\/webp\" \/>\n<meta name=\"twitter:card\" content=\"summary_large_image\" \/>\n<script type=\"application\/ld+json\" class=\"yoast-schema-graph\">{\"@context\":\"https:\\\/\\\/schema.org\",\"@graph\":[{\"@type\":\"WebPage\",\"@id\":\"https:\\\/\\\/www.malinashop.lt\\\/lt_lt\\\/shop\\\/medb-dr-some-veido-kremas-raustanciai-paraudimams-linkusiai-odai-50-ml\\\/\",\"url\":\"https:\\\/\\\/www.malinashop.lt\\\/lt_lt\\\/shop\\\/medb-dr-some-veido-kremas-raustanciai-paraudimams-linkusiai-odai-50-ml\\\/\",\"name\":\"MEDB DR. SOME veido kremas raustan\u010diai, paraudimams linkusiai odai, 50 ml - MalinaShop.lt J\u016bs\u0173 sveikatai ir gro\u017eiui.\",\"isPartOf\":{\"@id\":\"https:\\\/\\\/www.malinashop.lt\\\/#website\"},\"primaryImageOfPage\":{\"@id\":\"https:\\\/\\\/www.malinashop.lt\\\/lt_lt\\\/shop\\\/medb-dr-some-veido-kremas-raustanciai-paraudimams-linkusiai-odai-50-ml\\\/#primaryimage\"},\"image\":{\"@id\":\"https:\\\/\\\/www.malinashop.lt\\\/lt_lt\\\/shop\\\/medb-dr-some-veido-kremas-raustanciai-paraudimams-linkusiai-odai-50-ml\\\/#primaryimage\"},\"thumbnailUrl\":\"https:\\\/\\\/www.malinashop.lt\\\/wp-content\\\/uploads\\\/2026\\\/01\\\/MEDB-DR.-SOME-veido-kremas-raustanciai-paraudimams-linkusiai-odai-50-ml.webp\",\"datePublished\":\"2026-01-29T20:36:16+00:00\",\"dateModified\":\"2026-04-07T19:18:22+00:00\",\"description\":\"MEDB DR. SOME veido kremas raustan\u010diai, paraudimams linkusiai odai 50 ml \u2013 kasdien\u0117 prie\u017ei\u016bra jautriai odai. Dr\u0117kina, ramina, suteikia \u0161velnumo.\",\"breadcrumb\":{\"@id\":\"https:\\\/\\\/www.malinashop.lt\\\/lt_lt\\\/shop\\\/medb-dr-some-veido-kremas-raustanciai-paraudimams-linkusiai-odai-50-ml\\\/#breadcrumb\"},\"inLanguage\":\"lt-LT\",\"potentialAction\":[{\"@type\":\"ReadAction\",\"target\":[\"https:\\\/\\\/www.malinashop.lt\\\/lt_lt\\\/shop\\\/medb-dr-some-veido-kremas-raustanciai-paraudimams-linkusiai-odai-50-ml\\\/\"]}]},{\"@type\":\"ImageObject\",\"inLanguage\":\"lt-LT\",\"@id\":\"https:\\\/\\\/www.malinashop.lt\\\/lt_lt\\\/shop\\\/medb-dr-some-veido-kremas-raustanciai-paraudimams-linkusiai-odai-50-ml\\\/#primaryimage\",\"url\":\"https:\\\/\\\/www.malinashop.lt\\\/wp-content\\\/uploads\\\/2026\\\/01\\\/MEDB-DR.-SOME-veido-kremas-raustanciai-paraudimams-linkusiai-odai-50-ml.webp\",\"contentUrl\":\"https:\\\/\\\/www.malinashop.lt\\\/wp-content\\\/uploads\\\/2026\\\/01\\\/MEDB-DR.-SOME-veido-kremas-raustanciai-paraudimams-linkusiai-odai-50-ml.webp\",\"width\":768,\"height\":768},{\"@type\":\"BreadcrumbList\",\"@id\":\"https:\\\/\\\/www.malinashop.lt\\\/lt_lt\\\/shop\\\/medb-dr-some-veido-kremas-raustanciai-paraudimams-linkusiai-odai-50-ml\\\/#breadcrumb\",\"itemListElement\":[{\"@type\":\"ListItem\",\"position\":1,\"name\":\"Pagrindinis\",\"item\":\"https:\\\/\\\/www.malinashop.lt\\\/\"},{\"@type\":\"ListItem\",\"position\":2,\"name\":\"Parduotuv\u0117\",\"item\":\"https:\\\/\\\/www.malinashop.lt\\\/en\\\/parduotuve\\\/\"},{\"@type\":\"ListItem\",\"position\":3,\"name\":\"MEDB DR. SOME veido kremas raustan\u010diai, paraudimams linkusiai odai, 50 ml\"}]},{\"@type\":\"WebSite\",\"@id\":\"https:\\\/\\\/www.malinashop.lt\\\/#website\",\"url\":\"https:\\\/\\\/www.malinashop.lt\\\/\",\"name\":\"COM Group Ecommerce\",\"description\":\"MalinaShop.lt - Gro\u017eio ir sveikatos produktai i\u0161 patikim\u0173 preki\u0173 \u017eenkl\u0173. Atraskite auk\u0161tos kokyb\u0117s kosmetik\u0105 u\u017e puiki\u0105 kain\u0105.\",\"publisher\":{\"@id\":\"https:\\\/\\\/www.malinashop.lt\\\/#organization\"},\"potentialAction\":[{\"@type\":\"SearchAction\",\"target\":{\"@type\":\"EntryPoint\",\"urlTemplate\":\"https:\\\/\\\/www.malinashop.lt\\\/?s={search_term_string}\"},\"query-input\":{\"@type\":\"PropertyValueSpecification\",\"valueRequired\":true,\"valueName\":\"search_term_string\"}}],\"inLanguage\":\"lt-LT\"},{\"@type\":\"Organization\",\"@id\":\"https:\\\/\\\/www.malinashop.lt\\\/#organization\",\"name\":\"COM Group Ecommerce\",\"url\":\"https:\\\/\\\/www.malinashop.lt\\\/\",\"logo\":{\"@type\":\"ImageObject\",\"inLanguage\":\"lt-LT\",\"@id\":\"https:\\\/\\\/www.malinashop.lt\\\/#\\\/schema\\\/logo\\\/image\\\/\",\"url\":\"https:\\\/\\\/www.malinashop.lt\\\/wp-content\\\/uploads\\\/2024\\\/08\\\/462559670_3787732518133670_9795632669273463_n-e1731525914575.png\",\"contentUrl\":\"https:\\\/\\\/www.malinashop.lt\\\/wp-content\\\/uploads\\\/2024\\\/08\\\/462559670_3787732518133670_9795632669273463_n-e1731525914575.png\",\"width\":180,\"height\":60,\"caption\":\"COM Group Ecommerce\"},\"image\":{\"@id\":\"https:\\\/\\\/www.malinashop.lt\\\/#\\\/schema\\\/logo\\\/image\\\/\"}}]}<\/script>\n<!-- \/ Yoast SEO plugin. -->","yoast_head_json":{"title":"MEDB DR. SOME veido kremas raustan\u010diai, paraudimams linkusiai odai, 50 ml - MalinaShop.lt J\u016bs\u0173 sveikatai ir gro\u017eiui.","description":"MEDB DR. SOME veido kremas raustan\u010diai, paraudimams linkusiai odai 50 ml \u2013 kasdien\u0117 prie\u017ei\u016bra jautriai odai. Dr\u0117kina, ramina, suteikia \u0161velnumo.","robots":{"index":"index","follow":"follow","max-snippet":"max-snippet:-1","max-image-preview":"max-image-preview:large","max-video-preview":"max-video-preview:-1"},"canonical":"https:\/\/www.malinashop.lt\/lt_lt\/shop\/medb-dr-some-veido-kremas-raustanciai-paraudimams-linkusiai-odai-50-ml\/","og_locale":"lt_LT","og_type":"article","og_title":"MEDB DR. SOME veido kremas raustan\u010diai, paraudimams linkusiai odai, 50 ml - MalinaShop.lt J\u016bs\u0173 sveikatai ir gro\u017eiui.","og_description":"MEDB DR. SOME veido kremas raustan\u010diai, paraudimams linkusiai odai 50 ml \u2013 kasdien\u0117 prie\u017ei\u016bra jautriai odai. Dr\u0117kina, ramina, suteikia \u0161velnumo.","og_url":"https:\/\/www.malinashop.lt\/lt_lt\/shop\/medb-dr-some-veido-kremas-raustanciai-paraudimams-linkusiai-odai-50-ml\/","og_site_name":"MalinaShop.lt J\u016bs\u0173 sveikatai ir gro\u017eiui.","article_modified_time":"2026-04-07T19:18:22+00:00","og_image":[{"width":768,"height":768,"url":"https:\/\/www.malinashop.lt\/wp-content\/uploads\/2026\/01\/MEDB-DR.-SOME-veido-kremas-raustanciai-paraudimams-linkusiai-odai-50-ml.webp","type":"image\/webp"}],"twitter_card":"summary_large_image","schema":{"@context":"https:\/\/schema.org","@graph":[{"@type":"WebPage","@id":"https:\/\/www.malinashop.lt\/lt_lt\/shop\/medb-dr-some-veido-kremas-raustanciai-paraudimams-linkusiai-odai-50-ml\/","url":"https:\/\/www.malinashop.lt\/lt_lt\/shop\/medb-dr-some-veido-kremas-raustanciai-paraudimams-linkusiai-odai-50-ml\/","name":"MEDB DR. SOME veido kremas raustan\u010diai, paraudimams linkusiai odai, 50 ml - MalinaShop.lt J\u016bs\u0173 sveikatai ir gro\u017eiui.","isPartOf":{"@id":"https:\/\/www.malinashop.lt\/#website"},"primaryImageOfPage":{"@id":"https:\/\/www.malinashop.lt\/lt_lt\/shop\/medb-dr-some-veido-kremas-raustanciai-paraudimams-linkusiai-odai-50-ml\/#primaryimage"},"image":{"@id":"https:\/\/www.malinashop.lt\/lt_lt\/shop\/medb-dr-some-veido-kremas-raustanciai-paraudimams-linkusiai-odai-50-ml\/#primaryimage"},"thumbnailUrl":"https:\/\/www.malinashop.lt\/wp-content\/uploads\/2026\/01\/MEDB-DR.-SOME-veido-kremas-raustanciai-paraudimams-linkusiai-odai-50-ml.webp","datePublished":"2026-01-29T20:36:16+00:00","dateModified":"2026-04-07T19:18:22+00:00","description":"MEDB DR. SOME veido kremas raustan\u010diai, paraudimams linkusiai odai 50 ml \u2013 kasdien\u0117 prie\u017ei\u016bra jautriai odai. Dr\u0117kina, ramina, suteikia \u0161velnumo.","breadcrumb":{"@id":"https:\/\/www.malinashop.lt\/lt_lt\/shop\/medb-dr-some-veido-kremas-raustanciai-paraudimams-linkusiai-odai-50-ml\/#breadcrumb"},"inLanguage":"lt-LT","potentialAction":[{"@type":"ReadAction","target":["https:\/\/www.malinashop.lt\/lt_lt\/shop\/medb-dr-some-veido-kremas-raustanciai-paraudimams-linkusiai-odai-50-ml\/"]}]},{"@type":"ImageObject","inLanguage":"lt-LT","@id":"https:\/\/www.malinashop.lt\/lt_lt\/shop\/medb-dr-some-veido-kremas-raustanciai-paraudimams-linkusiai-odai-50-ml\/#primaryimage","url":"https:\/\/www.malinashop.lt\/wp-content\/uploads\/2026\/01\/MEDB-DR.-SOME-veido-kremas-raustanciai-paraudimams-linkusiai-odai-50-ml.webp","contentUrl":"https:\/\/www.malinashop.lt\/wp-content\/uploads\/2026\/01\/MEDB-DR.-SOME-veido-kremas-raustanciai-paraudimams-linkusiai-odai-50-ml.webp","width":768,"height":768},{"@type":"BreadcrumbList","@id":"https:\/\/www.malinashop.lt\/lt_lt\/shop\/medb-dr-some-veido-kremas-raustanciai-paraudimams-linkusiai-odai-50-ml\/#breadcrumb","itemListElement":[{"@type":"ListItem","position":1,"name":"Pagrindinis","item":"https:\/\/www.malinashop.lt\/"},{"@type":"ListItem","position":2,"name":"Parduotuv\u0117","item":"https:\/\/www.malinashop.lt\/en\/parduotuve\/"},{"@type":"ListItem","position":3,"name":"MEDB DR. SOME veido kremas raustan\u010diai, paraudimams linkusiai odai, 50 ml"}]},{"@type":"WebSite","@id":"https:\/\/www.malinashop.lt\/#website","url":"https:\/\/www.malinashop.lt\/","name":"COM Group Ecommerce","description":"MalinaShop.lt - Gro\u017eio ir sveikatos produktai i\u0161 patikim\u0173 preki\u0173 \u017eenkl\u0173. Atraskite auk\u0161tos kokyb\u0117s kosmetik\u0105 u\u017e puiki\u0105 kain\u0105.","publisher":{"@id":"https:\/\/www.malinashop.lt\/#organization"},"potentialAction":[{"@type":"SearchAction","target":{"@type":"EntryPoint","urlTemplate":"https:\/\/www.malinashop.lt\/?s={search_term_string}"},"query-input":{"@type":"PropertyValueSpecification","valueRequired":true,"valueName":"search_term_string"}}],"inLanguage":"lt-LT"},{"@type":"Organization","@id":"https:\/\/www.malinashop.lt\/#organization","name":"COM Group Ecommerce","url":"https:\/\/www.malinashop.lt\/","logo":{"@type":"ImageObject","inLanguage":"lt-LT","@id":"https:\/\/www.malinashop.lt\/#\/schema\/logo\/image\/","url":"https:\/\/www.malinashop.lt\/wp-content\/uploads\/2024\/08\/462559670_3787732518133670_9795632669273463_n-e1731525914575.png","contentUrl":"https:\/\/www.malinashop.lt\/wp-content\/uploads\/2024\/08\/462559670_3787732518133670_9795632669273463_n-e1731525914575.png","width":180,"height":60,"caption":"COM Group Ecommerce"},"image":{"@id":"https:\/\/www.malinashop.lt\/#\/schema\/logo\/image\/"}}]}},"jetpack_sharing_enabled":true,"_links":{"self":[{"href":"https:\/\/www.malinashop.lt\/lt_lt\/wp-json\/wp\/v2\/product\/73602","targetHints":{"allow":["GET"]}}],"collection":[{"href":"https:\/\/www.malinashop.lt\/lt_lt\/wp-json\/wp\/v2\/product"}],"about":[{"href":"https:\/\/www.malinashop.lt\/lt_lt\/wp-json\/wp\/v2\/types\/product"}],"version-history":[{"count":1,"href":"https:\/\/www.malinashop.lt\/lt_lt\/wp-json\/wp\/v2\/product\/73602\/revisions"}],"predecessor-version":[{"id":73604,"href":"https:\/\/www.malinashop.lt\/lt_lt\/wp-json\/wp\/v2\/product\/73602\/revisions\/73604"}],"wp:featuredmedia":[{"embeddable":true,"href":"https:\/\/www.malinashop.lt\/lt_lt\/wp-json\/wp\/v2\/media\/73603"}],"wp:attachment":[{"href":"https:\/\/www.malinashop.lt\/lt_lt\/wp-json\/wp\/v2\/media?parent=73602"}],"wp:term":[{"taxonomy":"product_brand","embeddable":true,"href":"https:\/\/www.malinashop.lt\/lt_lt\/wp-json\/wp\/v2\/product_brand?post=73602"},{"taxonomy":"product_cat","embeddable":true,"href":"https:\/\/www.malinashop.lt\/lt_lt\/wp-json\/wp\/v2\/product_cat?post=73602"},{"taxonomy":"product_tag","embeddable":true,"href":"https:\/\/www.malinashop.lt\/lt_lt\/wp-json\/wp\/v2\/product_tag?post=73602"}],"curies":[{"name":"wp","href":"https:\/\/api.w.org\/{rel}","templated":true}]}}