{"id":73590,"date":"2026-01-29T23:19:37","date_gmt":"2026-01-29T20:19:37","guid":{"rendered":"https:\/\/malinashop.lt\/?post_type=product&#038;p=73590"},"modified":"2026-04-07T22:18:23","modified_gmt":"2026-04-07T19:18:23","slug":"medb-1-day-tea-tree-lakstine-veido-kauke-su-arbatmedziu-27g","status":"publish","type":"product","link":"https:\/\/www.malinashop.lt\/lt_lt\/shop\/medb-1-day-tea-tree-lakstine-veido-kauke-su-arbatmedziu-27g\/","title":{"rendered":"MEDB 1 DAY TEA TREE lak\u0161tin\u0117 veido kauk\u0117 su arbatmed\u017eiu, 27g"},"content":{"rendered":"<p data-start=\"246\" data-end=\"566\"><strong data-start=\"246\" data-end=\"315\">MEDB lak\u0161tin\u0117 veido kauk\u0117 su arbatmed\u017eio ekstraktu 1 DAY TEA TREE<\/strong> \u2013 dr\u0117kinanti ir raminamojo poj\u016b\u010dio suteikianti lak\u0161tin\u0117 kauk\u0117, skirta odos komfortui ir gaivai palaikyti. Kauk\u0117 padeda palaikyti <strong data-start=\"445\" data-end=\"469\">odos dr\u0117gm\u0117s balans\u0105<\/strong>, o sud\u0117tyje esantis <strong data-start=\"490\" data-end=\"516\">arbatmed\u017eio ekstraktas<\/strong> prisideda prie \u0161varesn\u0117s, gaivesn\u0117s odos poj\u016b\u010dio.<\/p>\n<p data-start=\"568\" data-end=\"830\">Priemon\u0117 pasi\u017eymi raminan\u010diomis savyb\u0117mis, tod\u0117l tinka, kai oda jau\u010diasi jautresn\u0117, pavargusi ar norisi greitai atgaivinti veido od\u0105. Naudojant kauk\u0119, oda gali atrodyti <strong data-start=\"737\" data-end=\"750\">\u0161velnesn\u0117<\/strong>, o \u0161varumo ir <strong data-start=\"765\" data-end=\"786\">\u0161vyt\u0117jimo poj\u016btis<\/strong> padeda i\u0161gauti pri\u017ei\u016br\u0117t\u0105, gaivi\u0105 i\u0161vaizd\u0105.<\/p>\n<hr data-start=\"832\" data-end=\"835\" \/>\n<h3 data-start=\"837\" data-end=\"864\">Pagrindiniai privalumai<\/h3>\n<ul data-start=\"865\" data-end=\"1118\">\n<li data-start=\"865\" data-end=\"922\">\n<p data-start=\"867\" data-end=\"922\"><strong data-start=\"867\" data-end=\"903\">Padeda palaikyti dr\u0117gm\u0117s balans\u0105<\/strong> ir odos komfort\u0105<\/p>\n<\/li>\n<li data-start=\"923\" data-end=\"991\">\n<p data-start=\"925\" data-end=\"991\"><strong data-start=\"925\" data-end=\"951\">Arbatmed\u017eio ekstraktas<\/strong> \u2013 gaivesn\u0117s ir \u0161varesn\u0117s odos poj\u016btis<\/p>\n<\/li>\n<li data-start=\"992\" data-end=\"1076\">\n<p data-start=\"994\" data-end=\"1076\"><strong data-start=\"994\" data-end=\"1025\">Raminamojo poveikio poj\u016btis<\/strong> \u2013 tinka jautresnei, diskomfort\u0105 jau\u010dian\u010diai odai<\/p>\n<\/li>\n<li data-start=\"1077\" data-end=\"1118\">\n<p data-start=\"1079\" data-end=\"1118\">Patogu naudoti, <strong data-start=\"1095\" data-end=\"1118\">nereikia nuskalauti<\/strong><\/p>\n<\/li>\n<\/ul>\n<hr data-start=\"1120\" data-end=\"1123\" \/>\n<h3 data-start=\"1125\" data-end=\"1139\">Naudojimas<\/h3>\n<p data-start=\"1140\" data-end=\"1353\">D\u0117kite kauk\u0119 ant <strong data-start=\"1157\" data-end=\"1185\">\u0161varios, tonizuotos odos<\/strong>. Palaikykite <strong data-start=\"1199\" data-end=\"1216\">20\u201330 minu\u010di\u0173<\/strong>. Nu\u0117mus kauk\u0119, priemon\u0117s pertekli\u0173 \u0161velniais judesiais \u012fmasa\u017euokite \u012f veido od\u0105, kol liku\u010diai visi\u0161kai \u012fsigers. <strong data-start=\"1329\" data-end=\"1353\">Nereikia nuskalauti.<\/strong><\/p>\n<hr data-start=\"1355\" data-end=\"1358\" \/>\n<h3 data-start=\"1360\" data-end=\"1378\">Sud\u0117tis (INCI)<\/h3>\n<p data-start=\"1379\" data-end=\"1631\">Water, Methylpropanediol, Glycereth-26, Butylene Glycol, 1,2-Hexanediol, Melaleuca Alternifolia (Tea Tree) Extract, Betaine, Xanthan Gum, Allantoin, Carbomer, Ethylhexylglycerin, Polysorbate 20, Triethanolamine, Disodium EDTA, Phenoxyethanol, Fragrance<\/p>\n","protected":false},"excerpt":{"rendered":"<p data-start=\"1621\" data-end=\"1726\">Lak\u0161tin\u0117 veido kauk\u0117 su arbatmed\u017eio ekstraktu \u2013 dr\u0117kina, ramina, suteikia gaivos ir \u0161varumo poj\u016bt\u012f, padeda odai atrodyti \u0161velnesnei.<\/p>\n","protected":false},"featured_media":73591,"template":"","meta":[],"product_brand":[1544],"product_cat":[1136,728],"product_tag":[1609],"class_list":{"0":"post-73590","1":"product","2":"type-product","3":"status-publish","4":"has-post-thumbnail","6":"product_brand-medb","7":"product_cat-lakstines-veido-kaukes","8":"product_cat-veidui","9":"product_tag-medb","11":"first","12":"instock","13":"sale","14":"taxable","15":"shipping-taxable","16":"purchasable","17":"product-type-simple"},"yoast_head":"<!-- This site is optimized with the Yoast SEO plugin v27.4 - https:\/\/yoast.com\/product\/yoast-seo-wordpress\/ -->\n<title>MEDB 1 DAY TEA TREE lak\u0161tin\u0117 veido kauk\u0117 su arbatmed\u017eiu, 27g - MalinaShop.lt J\u016bs\u0173 sveikatai ir gro\u017eiui.<\/title>\n<meta name=\"description\" content=\"MEDB lak\u0161tin\u0117 veido kauk\u0117 su arbatmed\u017eio ekstraktu 1 DAY TEA TREE \u2013 padeda palaikyti dr\u0117gm\u0117s balans\u0105, ramina ir suteikia \u0161varumo bei \u0161vyt\u0117jimo poj\u016bt\u012f.\" \/>\n<meta name=\"robots\" content=\"index, follow, max-snippet:-1, max-image-preview:large, max-video-preview:-1\" \/>\n<link rel=\"canonical\" href=\"https:\/\/www.malinashop.lt\/lt_lt\/shop\/medb-1-day-tea-tree-lakstine-veido-kauke-su-arbatmedziu-27g\/\" \/>\n<meta property=\"og:locale\" content=\"lt_LT\" \/>\n<meta property=\"og:type\" content=\"article\" \/>\n<meta property=\"og:title\" content=\"MEDB 1 DAY TEA TREE lak\u0161tin\u0117 veido kauk\u0117 su arbatmed\u017eiu, 27g - MalinaShop.lt J\u016bs\u0173 sveikatai ir gro\u017eiui.\" \/>\n<meta property=\"og:description\" content=\"MEDB lak\u0161tin\u0117 veido kauk\u0117 su arbatmed\u017eio ekstraktu 1 DAY TEA TREE \u2013 padeda palaikyti dr\u0117gm\u0117s balans\u0105, ramina ir suteikia \u0161varumo bei \u0161vyt\u0117jimo poj\u016bt\u012f.\" \/>\n<meta property=\"og:url\" content=\"https:\/\/www.malinashop.lt\/lt_lt\/shop\/medb-1-day-tea-tree-lakstine-veido-kauke-su-arbatmedziu-27g\/\" \/>\n<meta property=\"og:site_name\" content=\"MalinaShop.lt J\u016bs\u0173 sveikatai ir gro\u017eiui.\" \/>\n<meta property=\"article:modified_time\" content=\"2026-04-07T19:18:23+00:00\" \/>\n<meta property=\"og:image\" content=\"https:\/\/www.malinashop.lt\/wp-content\/uploads\/2026\/01\/MEDB-1-DAY-TEA-TREE-lakstine-veido-kauke-su-arbatmedziu-27g.webp\" \/>\n\t<meta property=\"og:image:width\" content=\"768\" \/>\n\t<meta property=\"og:image:height\" content=\"768\" \/>\n\t<meta property=\"og:image:type\" content=\"image\/webp\" \/>\n<meta name=\"twitter:card\" content=\"summary_large_image\" \/>\n<script type=\"application\/ld+json\" class=\"yoast-schema-graph\">{\"@context\":\"https:\\\/\\\/schema.org\",\"@graph\":[{\"@type\":\"WebPage\",\"@id\":\"https:\\\/\\\/www.malinashop.lt\\\/shop\\\/medb-1-day-tea-tree-lakstine-veido-kauke-su-arbatmedziu-27g\\\/\",\"url\":\"https:\\\/\\\/www.malinashop.lt\\\/shop\\\/medb-1-day-tea-tree-lakstine-veido-kauke-su-arbatmedziu-27g\\\/\",\"name\":\"MEDB 1 DAY TEA TREE lak\u0161tin\u0117 veido kauk\u0117 su arbatmed\u017eiu, 27g - MalinaShop.lt J\u016bs\u0173 sveikatai ir gro\u017eiui.\",\"isPartOf\":{\"@id\":\"https:\\\/\\\/www.malinashop.lt\\\/#website\"},\"primaryImageOfPage\":{\"@id\":\"https:\\\/\\\/www.malinashop.lt\\\/shop\\\/medb-1-day-tea-tree-lakstine-veido-kauke-su-arbatmedziu-27g\\\/#primaryimage\"},\"image\":{\"@id\":\"https:\\\/\\\/www.malinashop.lt\\\/shop\\\/medb-1-day-tea-tree-lakstine-veido-kauke-su-arbatmedziu-27g\\\/#primaryimage\"},\"thumbnailUrl\":\"https:\\\/\\\/www.malinashop.lt\\\/wp-content\\\/uploads\\\/2026\\\/01\\\/MEDB-1-DAY-TEA-TREE-lakstine-veido-kauke-su-arbatmedziu-27g.webp\",\"datePublished\":\"2026-01-29T20:19:37+00:00\",\"dateModified\":\"2026-04-07T19:18:23+00:00\",\"description\":\"MEDB lak\u0161tin\u0117 veido kauk\u0117 su arbatmed\u017eio ekstraktu 1 DAY TEA TREE \u2013 padeda palaikyti dr\u0117gm\u0117s balans\u0105, ramina ir suteikia \u0161varumo bei \u0161vyt\u0117jimo poj\u016bt\u012f.\",\"breadcrumb\":{\"@id\":\"https:\\\/\\\/www.malinashop.lt\\\/shop\\\/medb-1-day-tea-tree-lakstine-veido-kauke-su-arbatmedziu-27g\\\/#breadcrumb\"},\"inLanguage\":\"lt-LT\",\"potentialAction\":[{\"@type\":\"ReadAction\",\"target\":[\"https:\\\/\\\/www.malinashop.lt\\\/shop\\\/medb-1-day-tea-tree-lakstine-veido-kauke-su-arbatmedziu-27g\\\/\"]}]},{\"@type\":\"ImageObject\",\"inLanguage\":\"lt-LT\",\"@id\":\"https:\\\/\\\/www.malinashop.lt\\\/shop\\\/medb-1-day-tea-tree-lakstine-veido-kauke-su-arbatmedziu-27g\\\/#primaryimage\",\"url\":\"https:\\\/\\\/www.malinashop.lt\\\/wp-content\\\/uploads\\\/2026\\\/01\\\/MEDB-1-DAY-TEA-TREE-lakstine-veido-kauke-su-arbatmedziu-27g.webp\",\"contentUrl\":\"https:\\\/\\\/www.malinashop.lt\\\/wp-content\\\/uploads\\\/2026\\\/01\\\/MEDB-1-DAY-TEA-TREE-lakstine-veido-kauke-su-arbatmedziu-27g.webp\",\"width\":768,\"height\":768},{\"@type\":\"BreadcrumbList\",\"@id\":\"https:\\\/\\\/www.malinashop.lt\\\/shop\\\/medb-1-day-tea-tree-lakstine-veido-kauke-su-arbatmedziu-27g\\\/#breadcrumb\",\"itemListElement\":[{\"@type\":\"ListItem\",\"position\":1,\"name\":\"Pagrindinis\",\"item\":\"https:\\\/\\\/www.malinashop.lt\\\/\"},{\"@type\":\"ListItem\",\"position\":2,\"name\":\"Parduotuv\u0117\",\"item\":\"https:\\\/\\\/www.malinashop.lt\\\/en\\\/parduotuve\\\/\"},{\"@type\":\"ListItem\",\"position\":3,\"name\":\"MEDB 1 DAY TEA TREE lak\u0161tin\u0117 veido kauk\u0117 su arbatmed\u017eiu, 27g\"}]},{\"@type\":\"WebSite\",\"@id\":\"https:\\\/\\\/www.malinashop.lt\\\/#website\",\"url\":\"https:\\\/\\\/www.malinashop.lt\\\/\",\"name\":\"COM Group Ecommerce\",\"description\":\"MalinaShop.lt - Gro\u017eio ir sveikatos produktai i\u0161 patikim\u0173 preki\u0173 \u017eenkl\u0173. Atraskite auk\u0161tos kokyb\u0117s kosmetik\u0105 u\u017e puiki\u0105 kain\u0105.\",\"publisher\":{\"@id\":\"https:\\\/\\\/www.malinashop.lt\\\/#organization\"},\"potentialAction\":[{\"@type\":\"SearchAction\",\"target\":{\"@type\":\"EntryPoint\",\"urlTemplate\":\"https:\\\/\\\/www.malinashop.lt\\\/?s={search_term_string}\"},\"query-input\":{\"@type\":\"PropertyValueSpecification\",\"valueRequired\":true,\"valueName\":\"search_term_string\"}}],\"inLanguage\":\"lt-LT\"},{\"@type\":\"Organization\",\"@id\":\"https:\\\/\\\/www.malinashop.lt\\\/#organization\",\"name\":\"COM Group Ecommerce\",\"url\":\"https:\\\/\\\/www.malinashop.lt\\\/\",\"logo\":{\"@type\":\"ImageObject\",\"inLanguage\":\"lt-LT\",\"@id\":\"https:\\\/\\\/www.malinashop.lt\\\/#\\\/schema\\\/logo\\\/image\\\/\",\"url\":\"https:\\\/\\\/www.malinashop.lt\\\/wp-content\\\/uploads\\\/2024\\\/08\\\/462559670_3787732518133670_9795632669273463_n-e1731525914575.png\",\"contentUrl\":\"https:\\\/\\\/www.malinashop.lt\\\/wp-content\\\/uploads\\\/2024\\\/08\\\/462559670_3787732518133670_9795632669273463_n-e1731525914575.png\",\"width\":180,\"height\":60,\"caption\":\"COM Group Ecommerce\"},\"image\":{\"@id\":\"https:\\\/\\\/www.malinashop.lt\\\/#\\\/schema\\\/logo\\\/image\\\/\"}}]}<\/script>\n<!-- \/ Yoast SEO plugin. -->","yoast_head_json":{"title":"MEDB 1 DAY TEA TREE lak\u0161tin\u0117 veido kauk\u0117 su arbatmed\u017eiu, 27g - MalinaShop.lt J\u016bs\u0173 sveikatai ir gro\u017eiui.","description":"MEDB lak\u0161tin\u0117 veido kauk\u0117 su arbatmed\u017eio ekstraktu 1 DAY TEA TREE \u2013 padeda palaikyti dr\u0117gm\u0117s balans\u0105, ramina ir suteikia \u0161varumo bei \u0161vyt\u0117jimo poj\u016bt\u012f.","robots":{"index":"index","follow":"follow","max-snippet":"max-snippet:-1","max-image-preview":"max-image-preview:large","max-video-preview":"max-video-preview:-1"},"canonical":"https:\/\/www.malinashop.lt\/lt_lt\/shop\/medb-1-day-tea-tree-lakstine-veido-kauke-su-arbatmedziu-27g\/","og_locale":"lt_LT","og_type":"article","og_title":"MEDB 1 DAY TEA TREE lak\u0161tin\u0117 veido kauk\u0117 su arbatmed\u017eiu, 27g - MalinaShop.lt J\u016bs\u0173 sveikatai ir gro\u017eiui.","og_description":"MEDB lak\u0161tin\u0117 veido kauk\u0117 su arbatmed\u017eio ekstraktu 1 DAY TEA TREE \u2013 padeda palaikyti dr\u0117gm\u0117s balans\u0105, ramina ir suteikia \u0161varumo bei \u0161vyt\u0117jimo poj\u016bt\u012f.","og_url":"https:\/\/www.malinashop.lt\/lt_lt\/shop\/medb-1-day-tea-tree-lakstine-veido-kauke-su-arbatmedziu-27g\/","og_site_name":"MalinaShop.lt J\u016bs\u0173 sveikatai ir gro\u017eiui.","article_modified_time":"2026-04-07T19:18:23+00:00","og_image":[{"width":768,"height":768,"url":"https:\/\/www.malinashop.lt\/wp-content\/uploads\/2026\/01\/MEDB-1-DAY-TEA-TREE-lakstine-veido-kauke-su-arbatmedziu-27g.webp","type":"image\/webp"}],"twitter_card":"summary_large_image","schema":{"@context":"https:\/\/schema.org","@graph":[{"@type":"WebPage","@id":"https:\/\/www.malinashop.lt\/shop\/medb-1-day-tea-tree-lakstine-veido-kauke-su-arbatmedziu-27g\/","url":"https:\/\/www.malinashop.lt\/shop\/medb-1-day-tea-tree-lakstine-veido-kauke-su-arbatmedziu-27g\/","name":"MEDB 1 DAY TEA TREE lak\u0161tin\u0117 veido kauk\u0117 su arbatmed\u017eiu, 27g - MalinaShop.lt J\u016bs\u0173 sveikatai ir gro\u017eiui.","isPartOf":{"@id":"https:\/\/www.malinashop.lt\/#website"},"primaryImageOfPage":{"@id":"https:\/\/www.malinashop.lt\/shop\/medb-1-day-tea-tree-lakstine-veido-kauke-su-arbatmedziu-27g\/#primaryimage"},"image":{"@id":"https:\/\/www.malinashop.lt\/shop\/medb-1-day-tea-tree-lakstine-veido-kauke-su-arbatmedziu-27g\/#primaryimage"},"thumbnailUrl":"https:\/\/www.malinashop.lt\/wp-content\/uploads\/2026\/01\/MEDB-1-DAY-TEA-TREE-lakstine-veido-kauke-su-arbatmedziu-27g.webp","datePublished":"2026-01-29T20:19:37+00:00","dateModified":"2026-04-07T19:18:23+00:00","description":"MEDB lak\u0161tin\u0117 veido kauk\u0117 su arbatmed\u017eio ekstraktu 1 DAY TEA TREE \u2013 padeda palaikyti dr\u0117gm\u0117s balans\u0105, ramina ir suteikia \u0161varumo bei \u0161vyt\u0117jimo poj\u016bt\u012f.","breadcrumb":{"@id":"https:\/\/www.malinashop.lt\/shop\/medb-1-day-tea-tree-lakstine-veido-kauke-su-arbatmedziu-27g\/#breadcrumb"},"inLanguage":"lt-LT","potentialAction":[{"@type":"ReadAction","target":["https:\/\/www.malinashop.lt\/shop\/medb-1-day-tea-tree-lakstine-veido-kauke-su-arbatmedziu-27g\/"]}]},{"@type":"ImageObject","inLanguage":"lt-LT","@id":"https:\/\/www.malinashop.lt\/shop\/medb-1-day-tea-tree-lakstine-veido-kauke-su-arbatmedziu-27g\/#primaryimage","url":"https:\/\/www.malinashop.lt\/wp-content\/uploads\/2026\/01\/MEDB-1-DAY-TEA-TREE-lakstine-veido-kauke-su-arbatmedziu-27g.webp","contentUrl":"https:\/\/www.malinashop.lt\/wp-content\/uploads\/2026\/01\/MEDB-1-DAY-TEA-TREE-lakstine-veido-kauke-su-arbatmedziu-27g.webp","width":768,"height":768},{"@type":"BreadcrumbList","@id":"https:\/\/www.malinashop.lt\/shop\/medb-1-day-tea-tree-lakstine-veido-kauke-su-arbatmedziu-27g\/#breadcrumb","itemListElement":[{"@type":"ListItem","position":1,"name":"Pagrindinis","item":"https:\/\/www.malinashop.lt\/"},{"@type":"ListItem","position":2,"name":"Parduotuv\u0117","item":"https:\/\/www.malinashop.lt\/en\/parduotuve\/"},{"@type":"ListItem","position":3,"name":"MEDB 1 DAY TEA TREE lak\u0161tin\u0117 veido kauk\u0117 su arbatmed\u017eiu, 27g"}]},{"@type":"WebSite","@id":"https:\/\/www.malinashop.lt\/#website","url":"https:\/\/www.malinashop.lt\/","name":"COM Group Ecommerce","description":"MalinaShop.lt - Gro\u017eio ir sveikatos produktai i\u0161 patikim\u0173 preki\u0173 \u017eenkl\u0173. Atraskite auk\u0161tos kokyb\u0117s kosmetik\u0105 u\u017e puiki\u0105 kain\u0105.","publisher":{"@id":"https:\/\/www.malinashop.lt\/#organization"},"potentialAction":[{"@type":"SearchAction","target":{"@type":"EntryPoint","urlTemplate":"https:\/\/www.malinashop.lt\/?s={search_term_string}"},"query-input":{"@type":"PropertyValueSpecification","valueRequired":true,"valueName":"search_term_string"}}],"inLanguage":"lt-LT"},{"@type":"Organization","@id":"https:\/\/www.malinashop.lt\/#organization","name":"COM Group Ecommerce","url":"https:\/\/www.malinashop.lt\/","logo":{"@type":"ImageObject","inLanguage":"lt-LT","@id":"https:\/\/www.malinashop.lt\/#\/schema\/logo\/image\/","url":"https:\/\/www.malinashop.lt\/wp-content\/uploads\/2024\/08\/462559670_3787732518133670_9795632669273463_n-e1731525914575.png","contentUrl":"https:\/\/www.malinashop.lt\/wp-content\/uploads\/2024\/08\/462559670_3787732518133670_9795632669273463_n-e1731525914575.png","width":180,"height":60,"caption":"COM Group Ecommerce"},"image":{"@id":"https:\/\/www.malinashop.lt\/#\/schema\/logo\/image\/"}}]}},"jetpack_sharing_enabled":true,"_links":{"self":[{"href":"https:\/\/www.malinashop.lt\/lt_lt\/wp-json\/wp\/v2\/product\/73590","targetHints":{"allow":["GET"]}}],"collection":[{"href":"https:\/\/www.malinashop.lt\/lt_lt\/wp-json\/wp\/v2\/product"}],"about":[{"href":"https:\/\/www.malinashop.lt\/lt_lt\/wp-json\/wp\/v2\/types\/product"}],"version-history":[{"count":1,"href":"https:\/\/www.malinashop.lt\/lt_lt\/wp-json\/wp\/v2\/product\/73590\/revisions"}],"predecessor-version":[{"id":73592,"href":"https:\/\/www.malinashop.lt\/lt_lt\/wp-json\/wp\/v2\/product\/73590\/revisions\/73592"}],"wp:featuredmedia":[{"embeddable":true,"href":"https:\/\/www.malinashop.lt\/lt_lt\/wp-json\/wp\/v2\/media\/73591"}],"wp:attachment":[{"href":"https:\/\/www.malinashop.lt\/lt_lt\/wp-json\/wp\/v2\/media?parent=73590"}],"wp:term":[{"taxonomy":"product_brand","embeddable":true,"href":"https:\/\/www.malinashop.lt\/lt_lt\/wp-json\/wp\/v2\/product_brand?post=73590"},{"taxonomy":"product_cat","embeddable":true,"href":"https:\/\/www.malinashop.lt\/lt_lt\/wp-json\/wp\/v2\/product_cat?post=73590"},{"taxonomy":"product_tag","embeddable":true,"href":"https:\/\/www.malinashop.lt\/lt_lt\/wp-json\/wp\/v2\/product_tag?post=73590"}],"curies":[{"name":"wp","href":"https:\/\/api.w.org\/{rel}","templated":true}]}}