{"id":73584,"date":"2026-01-29T23:10:44","date_gmt":"2026-01-29T20:10:44","guid":{"rendered":"https:\/\/malinashop.lt\/?post_type=product&#038;p=73584"},"modified":"2026-04-07T22:18:24","modified_gmt":"2026-04-07T19:18:24","slug":"medb-1-day-hyaluronic-acid-lakstine-veido-kauke-su-hialuronu-27g","status":"publish","type":"product","link":"https:\/\/www.malinashop.lt\/lt_lt\/shop\/medb-1-day-hyaluronic-acid-lakstine-veido-kauke-su-hialuronu-27g\/","title":{"rendered":"MEDB 1 DAY HYALURONIC ACID lak\u0161tin\u0117 veido kauk\u0117 su hialuronu, 27g"},"content":{"rendered":"<p data-start=\"255\" data-end=\"530\"><strong data-start=\"255\" data-end=\"327\">MEDB lak\u0161tin\u0117 veido kauk\u0117 su hialurono r\u016bg\u0161timi 1DAY HYALURONIC ACID<\/strong> \u2013 dr\u0117kinanti lak\u0161tin\u0117 kauk\u0117, skirta odos gaivinimui ir komforto palaikymui. Kauk\u0117 padeda palaikyti odos dr\u0117gm\u0119, suteikia <strong data-start=\"449\" data-end=\"474\">\u0161velnumo ir mink\u0161tumo<\/strong> poj\u016bt\u012f, tod\u0117l oda atrodo gaivesn\u0117 ir labiau pri\u017ei\u016br\u0117ta.<\/p>\n<p data-start=\"532\" data-end=\"954\">Sud\u0117tyje esanti <strong data-start=\"548\" data-end=\"590\">hialurono r\u016bg\u0161tis (Sodium Hyaluronate)<\/strong> padeda palaikyti dr\u0117gm\u0117s balans\u0105 ir prisideda prie <strong data-start=\"642\" data-end=\"669\">lygesn\u0117s odos i\u0161vaizdos<\/strong>. Kauk\u0117 yra puikus pasirinkimas, kai norisi greitai atgaivinti od\u0105, suma\u017einti tempimo poj\u016bt\u012f ir i\u0161laikyti nat\u016brali\u0105, sveikai atrodan\u010di\u0105 odos i\u0161vaizd\u0105. Lak\u0161tin\u0117 forma leid\u017eia priemonei tolygiai pasiskirstyti, o liku\u010di\u0173 nuskalauti nereikia \u2013 serumas \u012fmasa\u017euojamas ir paliekamas \u012fsigerti.<\/p>\n<hr data-start=\"956\" data-end=\"959\" \/>\n<h3 data-start=\"961\" data-end=\"988\">Pagrindiniai privalumai<\/h3>\n<ul data-start=\"989\" data-end=\"1237\">\n<li data-start=\"989\" data-end=\"1038\">\n<p data-start=\"991\" data-end=\"1038\"><strong data-start=\"991\" data-end=\"1002\">Dr\u0117kina<\/strong> ir padeda palaikyti odos komfort\u0105<\/p>\n<\/li>\n<li data-start=\"1039\" data-end=\"1089\">\n<p data-start=\"1041\" data-end=\"1089\">Suteikia odai <strong data-start=\"1055\" data-end=\"1080\">\u0161velnumo ir mink\u0161tumo<\/strong> poj\u016bt\u012f<\/p>\n<\/li>\n<li data-start=\"1090\" data-end=\"1174\">\n<p data-start=\"1092\" data-end=\"1174\"><strong data-start=\"1092\" data-end=\"1113\">Hialurono r\u016bg\u0161tis<\/strong> prisideda prie lygesn\u0117s, labiau pri\u017ei\u016br\u0117tos odos i\u0161vaizdos<\/p>\n<\/li>\n<li data-start=\"1175\" data-end=\"1237\">\n<p data-start=\"1177\" data-end=\"1237\">Patogu naudoti namuose ir kelion\u0117se, <strong data-start=\"1214\" data-end=\"1237\">nereikia nuskalauti<\/strong><\/p>\n<\/li>\n<\/ul>\n<hr data-start=\"1239\" data-end=\"1242\" \/>\n<h3 data-start=\"1244\" data-end=\"1258\">Naudojimas<\/h3>\n<p data-start=\"1259\" data-end=\"1472\">D\u0117kite kauk\u0119 ant <strong data-start=\"1276\" data-end=\"1304\">\u0161varios, tonizuotos odos<\/strong>. Palaikykite <strong data-start=\"1318\" data-end=\"1335\">20\u201330 minu\u010di\u0173<\/strong>. Nu\u0117mus kauk\u0119, priemon\u0117s pertekli\u0173 \u0161velniais judesiais \u012fmasa\u017euokite \u012f veido od\u0105, kol liku\u010diai visi\u0161kai \u012fsigers. <strong data-start=\"1448\" data-end=\"1472\">Nereikia nuskalauti.<\/strong><\/p>\n<hr data-start=\"1474\" data-end=\"1477\" \/>\n<h3 data-start=\"1479\" data-end=\"1497\">Sud\u0117tis (INCI)<\/h3>\n<p data-start=\"1498\" data-end=\"1728\">Water, Methylpropanediol, Glycereth-26, Butylene Glycol, 1,2-Hexanediol, Sodium Hyaluronate, Betaine, Xanthan Gum, Allantoin, Carbomer, Ethylhexylglycerin, Polysorbate 20, Triethanolamine, Disodium EDTA, Phenoxyethanol, Fragrance.<\/p>\n","protected":false},"excerpt":{"rendered":"<p data-start=\"1621\" data-end=\"1726\">Lak\u0161tin\u0117 veido kauk\u0117 su hialurono r\u016bg\u0161timi \u2013 dr\u0117kina, gaivina ir padeda odai atrodyti lygesnei bei labiau pri\u017ei\u016br\u0117tai.<\/p>\n","protected":false},"featured_media":73585,"template":"","meta":[],"product_brand":[1544],"product_cat":[1136,728],"product_tag":[1609],"class_list":{"0":"post-73584","1":"product","2":"type-product","3":"status-publish","4":"has-post-thumbnail","6":"product_brand-medb","7":"product_cat-lakstines-veido-kaukes","8":"product_cat-veidui","9":"product_tag-medb","11":"first","12":"instock","13":"sale","14":"taxable","15":"shipping-taxable","16":"purchasable","17":"product-type-simple"},"yoast_head":"<!-- This site is optimized with the Yoast SEO plugin v27.4 - https:\/\/yoast.com\/product\/yoast-seo-wordpress\/ -->\n<title>MEDB 1 DAY HYALURONIC ACID lak\u0161tin\u0117 veido kauk\u0117 su hialuronu, 27g - MalinaShop.lt J\u016bs\u0173 sveikatai ir gro\u017eiui.<\/title>\n<meta name=\"description\" content=\"MEDB lak\u0161tin\u0117 veido kauk\u0117 su hialurono r\u016bg\u0161timi 1DAY HYALURONIC ACID \u2013 dr\u0117kina, gaivina, suteikia \u0161velnumo ir padeda odai atrodyti lygesnei bei pri\u017ei\u016br\u0117tai.\" \/>\n<meta name=\"robots\" content=\"index, follow, max-snippet:-1, max-image-preview:large, max-video-preview:-1\" \/>\n<link rel=\"canonical\" href=\"https:\/\/www.malinashop.lt\/lt_lt\/shop\/medb-1-day-hyaluronic-acid-lakstine-veido-kauke-su-hialuronu-27g\/\" \/>\n<meta property=\"og:locale\" content=\"lt_LT\" \/>\n<meta property=\"og:type\" content=\"article\" \/>\n<meta property=\"og:title\" content=\"MEDB 1 DAY HYALURONIC ACID lak\u0161tin\u0117 veido kauk\u0117 su hialuronu, 27g - MalinaShop.lt J\u016bs\u0173 sveikatai ir gro\u017eiui.\" \/>\n<meta property=\"og:description\" content=\"MEDB lak\u0161tin\u0117 veido kauk\u0117 su hialurono r\u016bg\u0161timi 1DAY HYALURONIC ACID \u2013 dr\u0117kina, gaivina, suteikia \u0161velnumo ir padeda odai atrodyti lygesnei bei pri\u017ei\u016br\u0117tai.\" \/>\n<meta property=\"og:url\" content=\"https:\/\/www.malinashop.lt\/lt_lt\/shop\/medb-1-day-hyaluronic-acid-lakstine-veido-kauke-su-hialuronu-27g\/\" \/>\n<meta property=\"og:site_name\" content=\"MalinaShop.lt J\u016bs\u0173 sveikatai ir gro\u017eiui.\" \/>\n<meta property=\"article:modified_time\" content=\"2026-04-07T19:18:24+00:00\" \/>\n<meta property=\"og:image\" content=\"https:\/\/www.malinashop.lt\/wp-content\/uploads\/2026\/01\/MEDB-1-DAY-HYALURONIC-ACID-lakstine-veido-kauke-su-hialuronu-27g.webp\" \/>\n\t<meta property=\"og:image:width\" content=\"768\" \/>\n\t<meta property=\"og:image:height\" content=\"768\" \/>\n\t<meta property=\"og:image:type\" content=\"image\/webp\" \/>\n<meta name=\"twitter:card\" content=\"summary_large_image\" \/>\n<script type=\"application\/ld+json\" class=\"yoast-schema-graph\">{\"@context\":\"https:\\\/\\\/schema.org\",\"@graph\":[{\"@type\":\"WebPage\",\"@id\":\"https:\\\/\\\/www.malinashop.lt\\\/lt_lt\\\/shop\\\/medb-1-day-hyaluronic-acid-lakstine-veido-kauke-su-hialuronu-27g\\\/\",\"url\":\"https:\\\/\\\/www.malinashop.lt\\\/lt_lt\\\/shop\\\/medb-1-day-hyaluronic-acid-lakstine-veido-kauke-su-hialuronu-27g\\\/\",\"name\":\"MEDB 1 DAY HYALURONIC ACID lak\u0161tin\u0117 veido kauk\u0117 su hialuronu, 27g - MalinaShop.lt J\u016bs\u0173 sveikatai ir gro\u017eiui.\",\"isPartOf\":{\"@id\":\"https:\\\/\\\/www.malinashop.lt\\\/#website\"},\"primaryImageOfPage\":{\"@id\":\"https:\\\/\\\/www.malinashop.lt\\\/lt_lt\\\/shop\\\/medb-1-day-hyaluronic-acid-lakstine-veido-kauke-su-hialuronu-27g\\\/#primaryimage\"},\"image\":{\"@id\":\"https:\\\/\\\/www.malinashop.lt\\\/lt_lt\\\/shop\\\/medb-1-day-hyaluronic-acid-lakstine-veido-kauke-su-hialuronu-27g\\\/#primaryimage\"},\"thumbnailUrl\":\"https:\\\/\\\/www.malinashop.lt\\\/wp-content\\\/uploads\\\/2026\\\/01\\\/MEDB-1-DAY-HYALURONIC-ACID-lakstine-veido-kauke-su-hialuronu-27g.webp\",\"datePublished\":\"2026-01-29T20:10:44+00:00\",\"dateModified\":\"2026-04-07T19:18:24+00:00\",\"description\":\"MEDB lak\u0161tin\u0117 veido kauk\u0117 su hialurono r\u016bg\u0161timi 1DAY HYALURONIC ACID \u2013 dr\u0117kina, gaivina, suteikia \u0161velnumo ir padeda odai atrodyti lygesnei bei pri\u017ei\u016br\u0117tai.\",\"breadcrumb\":{\"@id\":\"https:\\\/\\\/www.malinashop.lt\\\/lt_lt\\\/shop\\\/medb-1-day-hyaluronic-acid-lakstine-veido-kauke-su-hialuronu-27g\\\/#breadcrumb\"},\"inLanguage\":\"lt-LT\",\"potentialAction\":[{\"@type\":\"ReadAction\",\"target\":[\"https:\\\/\\\/www.malinashop.lt\\\/lt_lt\\\/shop\\\/medb-1-day-hyaluronic-acid-lakstine-veido-kauke-su-hialuronu-27g\\\/\"]}]},{\"@type\":\"ImageObject\",\"inLanguage\":\"lt-LT\",\"@id\":\"https:\\\/\\\/www.malinashop.lt\\\/lt_lt\\\/shop\\\/medb-1-day-hyaluronic-acid-lakstine-veido-kauke-su-hialuronu-27g\\\/#primaryimage\",\"url\":\"https:\\\/\\\/www.malinashop.lt\\\/wp-content\\\/uploads\\\/2026\\\/01\\\/MEDB-1-DAY-HYALURONIC-ACID-lakstine-veido-kauke-su-hialuronu-27g.webp\",\"contentUrl\":\"https:\\\/\\\/www.malinashop.lt\\\/wp-content\\\/uploads\\\/2026\\\/01\\\/MEDB-1-DAY-HYALURONIC-ACID-lakstine-veido-kauke-su-hialuronu-27g.webp\",\"width\":768,\"height\":768},{\"@type\":\"BreadcrumbList\",\"@id\":\"https:\\\/\\\/www.malinashop.lt\\\/lt_lt\\\/shop\\\/medb-1-day-hyaluronic-acid-lakstine-veido-kauke-su-hialuronu-27g\\\/#breadcrumb\",\"itemListElement\":[{\"@type\":\"ListItem\",\"position\":1,\"name\":\"Pagrindinis\",\"item\":\"https:\\\/\\\/www.malinashop.lt\\\/\"},{\"@type\":\"ListItem\",\"position\":2,\"name\":\"Parduotuv\u0117\",\"item\":\"https:\\\/\\\/www.malinashop.lt\\\/en\\\/parduotuve\\\/\"},{\"@type\":\"ListItem\",\"position\":3,\"name\":\"MEDB 1 DAY HYALURONIC ACID lak\u0161tin\u0117 veido kauk\u0117 su hialuronu, 27g\"}]},{\"@type\":\"WebSite\",\"@id\":\"https:\\\/\\\/www.malinashop.lt\\\/#website\",\"url\":\"https:\\\/\\\/www.malinashop.lt\\\/\",\"name\":\"COM Group Ecommerce\",\"description\":\"MalinaShop.lt - Gro\u017eio ir sveikatos produktai i\u0161 patikim\u0173 preki\u0173 \u017eenkl\u0173. Atraskite auk\u0161tos kokyb\u0117s kosmetik\u0105 u\u017e puiki\u0105 kain\u0105.\",\"publisher\":{\"@id\":\"https:\\\/\\\/www.malinashop.lt\\\/#organization\"},\"potentialAction\":[{\"@type\":\"SearchAction\",\"target\":{\"@type\":\"EntryPoint\",\"urlTemplate\":\"https:\\\/\\\/www.malinashop.lt\\\/?s={search_term_string}\"},\"query-input\":{\"@type\":\"PropertyValueSpecification\",\"valueRequired\":true,\"valueName\":\"search_term_string\"}}],\"inLanguage\":\"lt-LT\"},{\"@type\":\"Organization\",\"@id\":\"https:\\\/\\\/www.malinashop.lt\\\/#organization\",\"name\":\"COM Group Ecommerce\",\"url\":\"https:\\\/\\\/www.malinashop.lt\\\/\",\"logo\":{\"@type\":\"ImageObject\",\"inLanguage\":\"lt-LT\",\"@id\":\"https:\\\/\\\/www.malinashop.lt\\\/#\\\/schema\\\/logo\\\/image\\\/\",\"url\":\"https:\\\/\\\/www.malinashop.lt\\\/wp-content\\\/uploads\\\/2024\\\/08\\\/462559670_3787732518133670_9795632669273463_n-e1731525914575.png\",\"contentUrl\":\"https:\\\/\\\/www.malinashop.lt\\\/wp-content\\\/uploads\\\/2024\\\/08\\\/462559670_3787732518133670_9795632669273463_n-e1731525914575.png\",\"width\":180,\"height\":60,\"caption\":\"COM Group Ecommerce\"},\"image\":{\"@id\":\"https:\\\/\\\/www.malinashop.lt\\\/#\\\/schema\\\/logo\\\/image\\\/\"}}]}<\/script>\n<!-- \/ Yoast SEO plugin. -->","yoast_head_json":{"title":"MEDB 1 DAY HYALURONIC ACID lak\u0161tin\u0117 veido kauk\u0117 su hialuronu, 27g - MalinaShop.lt J\u016bs\u0173 sveikatai ir gro\u017eiui.","description":"MEDB lak\u0161tin\u0117 veido kauk\u0117 su hialurono r\u016bg\u0161timi 1DAY HYALURONIC ACID \u2013 dr\u0117kina, gaivina, suteikia \u0161velnumo ir padeda odai atrodyti lygesnei bei pri\u017ei\u016br\u0117tai.","robots":{"index":"index","follow":"follow","max-snippet":"max-snippet:-1","max-image-preview":"max-image-preview:large","max-video-preview":"max-video-preview:-1"},"canonical":"https:\/\/www.malinashop.lt\/lt_lt\/shop\/medb-1-day-hyaluronic-acid-lakstine-veido-kauke-su-hialuronu-27g\/","og_locale":"lt_LT","og_type":"article","og_title":"MEDB 1 DAY HYALURONIC ACID lak\u0161tin\u0117 veido kauk\u0117 su hialuronu, 27g - MalinaShop.lt J\u016bs\u0173 sveikatai ir gro\u017eiui.","og_description":"MEDB lak\u0161tin\u0117 veido kauk\u0117 su hialurono r\u016bg\u0161timi 1DAY HYALURONIC ACID \u2013 dr\u0117kina, gaivina, suteikia \u0161velnumo ir padeda odai atrodyti lygesnei bei pri\u017ei\u016br\u0117tai.","og_url":"https:\/\/www.malinashop.lt\/lt_lt\/shop\/medb-1-day-hyaluronic-acid-lakstine-veido-kauke-su-hialuronu-27g\/","og_site_name":"MalinaShop.lt J\u016bs\u0173 sveikatai ir gro\u017eiui.","article_modified_time":"2026-04-07T19:18:24+00:00","og_image":[{"width":768,"height":768,"url":"https:\/\/www.malinashop.lt\/wp-content\/uploads\/2026\/01\/MEDB-1-DAY-HYALURONIC-ACID-lakstine-veido-kauke-su-hialuronu-27g.webp","type":"image\/webp"}],"twitter_card":"summary_large_image","schema":{"@context":"https:\/\/schema.org","@graph":[{"@type":"WebPage","@id":"https:\/\/www.malinashop.lt\/lt_lt\/shop\/medb-1-day-hyaluronic-acid-lakstine-veido-kauke-su-hialuronu-27g\/","url":"https:\/\/www.malinashop.lt\/lt_lt\/shop\/medb-1-day-hyaluronic-acid-lakstine-veido-kauke-su-hialuronu-27g\/","name":"MEDB 1 DAY HYALURONIC ACID lak\u0161tin\u0117 veido kauk\u0117 su hialuronu, 27g - MalinaShop.lt J\u016bs\u0173 sveikatai ir gro\u017eiui.","isPartOf":{"@id":"https:\/\/www.malinashop.lt\/#website"},"primaryImageOfPage":{"@id":"https:\/\/www.malinashop.lt\/lt_lt\/shop\/medb-1-day-hyaluronic-acid-lakstine-veido-kauke-su-hialuronu-27g\/#primaryimage"},"image":{"@id":"https:\/\/www.malinashop.lt\/lt_lt\/shop\/medb-1-day-hyaluronic-acid-lakstine-veido-kauke-su-hialuronu-27g\/#primaryimage"},"thumbnailUrl":"https:\/\/www.malinashop.lt\/wp-content\/uploads\/2026\/01\/MEDB-1-DAY-HYALURONIC-ACID-lakstine-veido-kauke-su-hialuronu-27g.webp","datePublished":"2026-01-29T20:10:44+00:00","dateModified":"2026-04-07T19:18:24+00:00","description":"MEDB lak\u0161tin\u0117 veido kauk\u0117 su hialurono r\u016bg\u0161timi 1DAY HYALURONIC ACID \u2013 dr\u0117kina, gaivina, suteikia \u0161velnumo ir padeda odai atrodyti lygesnei bei pri\u017ei\u016br\u0117tai.","breadcrumb":{"@id":"https:\/\/www.malinashop.lt\/lt_lt\/shop\/medb-1-day-hyaluronic-acid-lakstine-veido-kauke-su-hialuronu-27g\/#breadcrumb"},"inLanguage":"lt-LT","potentialAction":[{"@type":"ReadAction","target":["https:\/\/www.malinashop.lt\/lt_lt\/shop\/medb-1-day-hyaluronic-acid-lakstine-veido-kauke-su-hialuronu-27g\/"]}]},{"@type":"ImageObject","inLanguage":"lt-LT","@id":"https:\/\/www.malinashop.lt\/lt_lt\/shop\/medb-1-day-hyaluronic-acid-lakstine-veido-kauke-su-hialuronu-27g\/#primaryimage","url":"https:\/\/www.malinashop.lt\/wp-content\/uploads\/2026\/01\/MEDB-1-DAY-HYALURONIC-ACID-lakstine-veido-kauke-su-hialuronu-27g.webp","contentUrl":"https:\/\/www.malinashop.lt\/wp-content\/uploads\/2026\/01\/MEDB-1-DAY-HYALURONIC-ACID-lakstine-veido-kauke-su-hialuronu-27g.webp","width":768,"height":768},{"@type":"BreadcrumbList","@id":"https:\/\/www.malinashop.lt\/lt_lt\/shop\/medb-1-day-hyaluronic-acid-lakstine-veido-kauke-su-hialuronu-27g\/#breadcrumb","itemListElement":[{"@type":"ListItem","position":1,"name":"Pagrindinis","item":"https:\/\/www.malinashop.lt\/"},{"@type":"ListItem","position":2,"name":"Parduotuv\u0117","item":"https:\/\/www.malinashop.lt\/en\/parduotuve\/"},{"@type":"ListItem","position":3,"name":"MEDB 1 DAY HYALURONIC ACID lak\u0161tin\u0117 veido kauk\u0117 su hialuronu, 27g"}]},{"@type":"WebSite","@id":"https:\/\/www.malinashop.lt\/#website","url":"https:\/\/www.malinashop.lt\/","name":"COM Group Ecommerce","description":"MalinaShop.lt - Gro\u017eio ir sveikatos produktai i\u0161 patikim\u0173 preki\u0173 \u017eenkl\u0173. Atraskite auk\u0161tos kokyb\u0117s kosmetik\u0105 u\u017e puiki\u0105 kain\u0105.","publisher":{"@id":"https:\/\/www.malinashop.lt\/#organization"},"potentialAction":[{"@type":"SearchAction","target":{"@type":"EntryPoint","urlTemplate":"https:\/\/www.malinashop.lt\/?s={search_term_string}"},"query-input":{"@type":"PropertyValueSpecification","valueRequired":true,"valueName":"search_term_string"}}],"inLanguage":"lt-LT"},{"@type":"Organization","@id":"https:\/\/www.malinashop.lt\/#organization","name":"COM Group Ecommerce","url":"https:\/\/www.malinashop.lt\/","logo":{"@type":"ImageObject","inLanguage":"lt-LT","@id":"https:\/\/www.malinashop.lt\/#\/schema\/logo\/image\/","url":"https:\/\/www.malinashop.lt\/wp-content\/uploads\/2024\/08\/462559670_3787732518133670_9795632669273463_n-e1731525914575.png","contentUrl":"https:\/\/www.malinashop.lt\/wp-content\/uploads\/2024\/08\/462559670_3787732518133670_9795632669273463_n-e1731525914575.png","width":180,"height":60,"caption":"COM Group Ecommerce"},"image":{"@id":"https:\/\/www.malinashop.lt\/#\/schema\/logo\/image\/"}}]}},"jetpack_sharing_enabled":true,"_links":{"self":[{"href":"https:\/\/www.malinashop.lt\/lt_lt\/wp-json\/wp\/v2\/product\/73584","targetHints":{"allow":["GET"]}}],"collection":[{"href":"https:\/\/www.malinashop.lt\/lt_lt\/wp-json\/wp\/v2\/product"}],"about":[{"href":"https:\/\/www.malinashop.lt\/lt_lt\/wp-json\/wp\/v2\/types\/product"}],"version-history":[{"count":1,"href":"https:\/\/www.malinashop.lt\/lt_lt\/wp-json\/wp\/v2\/product\/73584\/revisions"}],"predecessor-version":[{"id":73586,"href":"https:\/\/www.malinashop.lt\/lt_lt\/wp-json\/wp\/v2\/product\/73584\/revisions\/73586"}],"wp:featuredmedia":[{"embeddable":true,"href":"https:\/\/www.malinashop.lt\/lt_lt\/wp-json\/wp\/v2\/media\/73585"}],"wp:attachment":[{"href":"https:\/\/www.malinashop.lt\/lt_lt\/wp-json\/wp\/v2\/media?parent=73584"}],"wp:term":[{"taxonomy":"product_brand","embeddable":true,"href":"https:\/\/www.malinashop.lt\/lt_lt\/wp-json\/wp\/v2\/product_brand?post=73584"},{"taxonomy":"product_cat","embeddable":true,"href":"https:\/\/www.malinashop.lt\/lt_lt\/wp-json\/wp\/v2\/product_cat?post=73584"},{"taxonomy":"product_tag","embeddable":true,"href":"https:\/\/www.malinashop.lt\/lt_lt\/wp-json\/wp\/v2\/product_tag?post=73584"}],"curies":[{"name":"wp","href":"https:\/\/api.w.org\/{rel}","templated":true}]}}