{"id":73572,"date":"2026-01-29T23:03:08","date_gmt":"2026-01-29T20:03:08","guid":{"rendered":"https:\/\/malinashop.lt\/?post_type=product&#038;p=73572"},"modified":"2026-04-07T22:18:25","modified_gmt":"2026-04-07T19:18:25","slug":"medb-1day-vitamin-c-lakstine-veido-kauke-su-vitaminu-c-27g","status":"publish","type":"product","link":"https:\/\/www.malinashop.lt\/lt_lt\/shop\/medb-1day-vitamin-c-lakstine-veido-kauke-su-vitaminu-c-27g\/","title":{"rendered":"MEDB 1DAY VITAMIN C lak\u0161tin\u0117 veido kauk\u0117 su vitaminu c, 27g"},"content":{"rendered":"<p data-start=\"235\" data-end=\"520\"><strong data-start=\"235\" data-end=\"293\">MEDB lak\u0161tin\u0117 veido kauk\u0117 su vitaminu C 1DAY VITAMIN C<\/strong> \u2013 dr\u0117kinanti ir skaistinanti lak\u0161tin\u0117 kauk\u0117, skirta greitam odos atgaivinimui. Kauk\u0117 padeda suteikti odai <strong data-start=\"400\" data-end=\"413\">skaistumo<\/strong>, suma\u017einti pavargusios odos \u012fsp\u016bd\u012f ir palaikyti <strong data-start=\"462\" data-end=\"481\">dr\u0117gm\u0117s balans\u0105<\/strong>, kad oda atrodyt\u0173 gaivesn\u0117 ir lygesn\u0117.<\/p>\n<p data-start=\"522\" data-end=\"783\">Sud\u0117tyje esantis <strong data-start=\"539\" data-end=\"572\">vitaminas C (ascorbo r\u016bg\u0161tis)<\/strong> padeda palaikyti sveik\u0105 odos i\u0161vaizd\u0105 ir prisideda prie odos skaistumo, o dr\u0117kinantys komponentai padeda suteikti komforto poj\u016bt\u012f. Puikiai tinka, kai norisi greito rezultato prie\u0161 makia\u017e\u0105 ar po \u012ftemptos dienos.<\/p>\n<hr data-start=\"785\" data-end=\"788\" \/>\n<h3 data-start=\"790\" data-end=\"817\">Pagrindiniai privalumai<\/h3>\n<ul data-start=\"818\" data-end=\"1017\">\n<li data-start=\"818\" data-end=\"865\">\n<p data-start=\"820\" data-end=\"865\"><strong data-start=\"820\" data-end=\"837\">Skaistina od\u0105<\/strong> ir suteikia gaivos poj\u016bt\u012f<\/p>\n<\/li>\n<li data-start=\"866\" data-end=\"915\">\n<p data-start=\"868\" data-end=\"915\"><strong data-start=\"868\" data-end=\"879\">Dr\u0117kina<\/strong> ir padeda palaikyti odos komfort\u0105<\/p>\n<\/li>\n<li data-start=\"916\" data-end=\"975\">\n<p data-start=\"918\" data-end=\"975\"><strong data-start=\"918\" data-end=\"933\">Vitaminas C<\/strong> \u2013 padeda i\u0161laikyti sveik\u0105 odos i\u0161vaizd\u0105<\/p>\n<\/li>\n<li data-start=\"976\" data-end=\"1017\">\n<p data-start=\"978\" data-end=\"1017\">Patogus naudojimas namuose ir kelion\u0117se<\/p>\n<\/li>\n<\/ul>\n<hr data-start=\"1019\" data-end=\"1022\" \/>\n<h3 data-start=\"1024\" data-end=\"1038\">Naudojimas<\/h3>\n<p data-start=\"1039\" data-end=\"1252\">D\u0117kite kauk\u0119 ant <strong data-start=\"1056\" data-end=\"1084\">\u0161varios, tonizuotos odos<\/strong>. Palaikykite <strong data-start=\"1098\" data-end=\"1115\">20\u201330 minu\u010di\u0173<\/strong>. Nu\u0117mus kauk\u0119, priemon\u0117s pertekli\u0173 \u0161velniais judesiais \u012fmasa\u017euokite \u012f veido od\u0105, kol liku\u010diai visi\u0161kai \u012fsigers. <strong data-start=\"1228\" data-end=\"1252\">Nereikia nuskalauti.<\/strong><\/p>\n<hr data-start=\"1254\" data-end=\"1257\" \/>\n<h3 data-start=\"1259\" data-end=\"1277\">Sud\u0117tis (INCI)<\/h3>\n<p data-start=\"1278\" data-end=\"1502\">Water, Methylpropanediol, Glycereth-26, Butylene Glycol, 1,2-Hexanediol, Ascorbic Acid, Betaine, Xanthan Gum, Allantoin, Carbomer, Ethylhexylglycerin, Polysorbate 20, Triethanolamine, Disodium EDTA, Phenoxyethanol, Fragrance<\/p>\n","protected":false},"excerpt":{"rendered":"<p data-start=\"1530\" data-end=\"1633\">Lak\u0161tin\u0117 veido kauk\u0117 su vitaminu C \u2013 dr\u0117kina, skaistina ir padeda odai atrodyti gaivesnei bei lygesnei.<\/p>\n","protected":false},"featured_media":73573,"template":"","meta":[],"product_brand":[1544],"product_cat":[1136,728],"product_tag":[1609],"class_list":{"0":"post-73572","1":"product","2":"type-product","3":"status-publish","4":"has-post-thumbnail","6":"product_brand-medb","7":"product_cat-lakstines-veido-kaukes","8":"product_cat-veidui","9":"product_tag-medb","11":"first","12":"instock","13":"sale","14":"taxable","15":"shipping-taxable","16":"purchasable","17":"product-type-simple"},"yoast_head":"<!-- This site is optimized with the Yoast SEO plugin v27.4 - https:\/\/yoast.com\/product\/yoast-seo-wordpress\/ -->\n<title>MEDB 1DAY VITAMIN C lak\u0161tin\u0117 veido kauk\u0117 su vitaminu c, 27g - MalinaShop.lt J\u016bs\u0173 sveikatai ir gro\u017eiui.<\/title>\n<meta name=\"description\" content=\"MEDB lak\u0161tin\u0117 veido kauk\u0117 su vitaminu C 1DAY VITAMIN C \u2013 dr\u0117kina, suteikia odai skaistumo ir gaivos poj\u016bt\u012f. Vitaminas C padeda palaikyti sveik\u0105 odos\" \/>\n<meta name=\"robots\" content=\"index, follow, max-snippet:-1, max-image-preview:large, max-video-preview:-1\" \/>\n<link rel=\"canonical\" href=\"https:\/\/www.malinashop.lt\/lt_lt\/shop\/medb-1day-vitamin-c-lakstine-veido-kauke-su-vitaminu-c-27g\/\" \/>\n<meta property=\"og:locale\" content=\"lt_LT\" \/>\n<meta property=\"og:type\" content=\"article\" \/>\n<meta property=\"og:title\" content=\"MEDB 1DAY VITAMIN C lak\u0161tin\u0117 veido kauk\u0117 su vitaminu c, 27g - MalinaShop.lt J\u016bs\u0173 sveikatai ir gro\u017eiui.\" \/>\n<meta property=\"og:description\" content=\"MEDB lak\u0161tin\u0117 veido kauk\u0117 su vitaminu C 1DAY VITAMIN C \u2013 dr\u0117kina, suteikia odai skaistumo ir gaivos poj\u016bt\u012f. Vitaminas C padeda palaikyti sveik\u0105 odos\" \/>\n<meta property=\"og:url\" content=\"https:\/\/www.malinashop.lt\/lt_lt\/shop\/medb-1day-vitamin-c-lakstine-veido-kauke-su-vitaminu-c-27g\/\" \/>\n<meta property=\"og:site_name\" content=\"MalinaShop.lt J\u016bs\u0173 sveikatai ir gro\u017eiui.\" \/>\n<meta property=\"article:modified_time\" content=\"2026-04-07T19:18:25+00:00\" \/>\n<meta property=\"og:image\" content=\"https:\/\/www.malinashop.lt\/wp-content\/uploads\/2026\/01\/MEDB-1DAY-VITAMIN-C-lakstine-veido-kauke-su-vitaminu-c-27g.webp\" \/>\n\t<meta property=\"og:image:width\" content=\"768\" \/>\n\t<meta property=\"og:image:height\" content=\"768\" \/>\n\t<meta property=\"og:image:type\" content=\"image\/webp\" \/>\n<meta name=\"twitter:card\" content=\"summary_large_image\" \/>\n<script type=\"application\/ld+json\" class=\"yoast-schema-graph\">{\"@context\":\"https:\\\/\\\/schema.org\",\"@graph\":[{\"@type\":\"WebPage\",\"@id\":\"https:\\\/\\\/www.malinashop.lt\\\/en\\\/shop\\\/medb-1day-vitamin-c-lakstine-veido-kauke-su-vitaminu-c-27g\\\/\",\"url\":\"https:\\\/\\\/www.malinashop.lt\\\/en\\\/shop\\\/medb-1day-vitamin-c-lakstine-veido-kauke-su-vitaminu-c-27g\\\/\",\"name\":\"MEDB 1DAY VITAMIN C lak\u0161tin\u0117 veido kauk\u0117 su vitaminu c, 27g - MalinaShop.lt J\u016bs\u0173 sveikatai ir gro\u017eiui.\",\"isPartOf\":{\"@id\":\"https:\\\/\\\/www.malinashop.lt\\\/#website\"},\"primaryImageOfPage\":{\"@id\":\"https:\\\/\\\/www.malinashop.lt\\\/en\\\/shop\\\/medb-1day-vitamin-c-lakstine-veido-kauke-su-vitaminu-c-27g\\\/#primaryimage\"},\"image\":{\"@id\":\"https:\\\/\\\/www.malinashop.lt\\\/en\\\/shop\\\/medb-1day-vitamin-c-lakstine-veido-kauke-su-vitaminu-c-27g\\\/#primaryimage\"},\"thumbnailUrl\":\"https:\\\/\\\/www.malinashop.lt\\\/wp-content\\\/uploads\\\/2026\\\/01\\\/MEDB-1DAY-VITAMIN-C-lakstine-veido-kauke-su-vitaminu-c-27g.webp\",\"datePublished\":\"2026-01-29T20:03:08+00:00\",\"dateModified\":\"2026-04-07T19:18:25+00:00\",\"description\":\"MEDB lak\u0161tin\u0117 veido kauk\u0117 su vitaminu C 1DAY VITAMIN C \u2013 dr\u0117kina, suteikia odai skaistumo ir gaivos poj\u016bt\u012f. Vitaminas C padeda palaikyti sveik\u0105 odos\",\"breadcrumb\":{\"@id\":\"https:\\\/\\\/www.malinashop.lt\\\/en\\\/shop\\\/medb-1day-vitamin-c-lakstine-veido-kauke-su-vitaminu-c-27g\\\/#breadcrumb\"},\"inLanguage\":\"lt-LT\",\"potentialAction\":[{\"@type\":\"ReadAction\",\"target\":[\"https:\\\/\\\/www.malinashop.lt\\\/en\\\/shop\\\/medb-1day-vitamin-c-lakstine-veido-kauke-su-vitaminu-c-27g\\\/\"]}]},{\"@type\":\"ImageObject\",\"inLanguage\":\"lt-LT\",\"@id\":\"https:\\\/\\\/www.malinashop.lt\\\/en\\\/shop\\\/medb-1day-vitamin-c-lakstine-veido-kauke-su-vitaminu-c-27g\\\/#primaryimage\",\"url\":\"https:\\\/\\\/www.malinashop.lt\\\/wp-content\\\/uploads\\\/2026\\\/01\\\/MEDB-1DAY-VITAMIN-C-lakstine-veido-kauke-su-vitaminu-c-27g.webp\",\"contentUrl\":\"https:\\\/\\\/www.malinashop.lt\\\/wp-content\\\/uploads\\\/2026\\\/01\\\/MEDB-1DAY-VITAMIN-C-lakstine-veido-kauke-su-vitaminu-c-27g.webp\",\"width\":768,\"height\":768},{\"@type\":\"BreadcrumbList\",\"@id\":\"https:\\\/\\\/www.malinashop.lt\\\/en\\\/shop\\\/medb-1day-vitamin-c-lakstine-veido-kauke-su-vitaminu-c-27g\\\/#breadcrumb\",\"itemListElement\":[{\"@type\":\"ListItem\",\"position\":1,\"name\":\"Pagrindinis\",\"item\":\"https:\\\/\\\/www.malinashop.lt\\\/\"},{\"@type\":\"ListItem\",\"position\":2,\"name\":\"Parduotuv\u0117\",\"item\":\"https:\\\/\\\/www.malinashop.lt\\\/en\\\/parduotuve\\\/\"},{\"@type\":\"ListItem\",\"position\":3,\"name\":\"MEDB 1DAY VITAMIN C lak\u0161tin\u0117 veido kauk\u0117 su vitaminu c, 27g\"}]},{\"@type\":\"WebSite\",\"@id\":\"https:\\\/\\\/www.malinashop.lt\\\/#website\",\"url\":\"https:\\\/\\\/www.malinashop.lt\\\/\",\"name\":\"COM Group Ecommerce\",\"description\":\"MalinaShop.lt - Gro\u017eio ir sveikatos produktai i\u0161 patikim\u0173 preki\u0173 \u017eenkl\u0173. Atraskite auk\u0161tos kokyb\u0117s kosmetik\u0105 u\u017e puiki\u0105 kain\u0105.\",\"publisher\":{\"@id\":\"https:\\\/\\\/www.malinashop.lt\\\/#organization\"},\"potentialAction\":[{\"@type\":\"SearchAction\",\"target\":{\"@type\":\"EntryPoint\",\"urlTemplate\":\"https:\\\/\\\/www.malinashop.lt\\\/?s={search_term_string}\"},\"query-input\":{\"@type\":\"PropertyValueSpecification\",\"valueRequired\":true,\"valueName\":\"search_term_string\"}}],\"inLanguage\":\"lt-LT\"},{\"@type\":\"Organization\",\"@id\":\"https:\\\/\\\/www.malinashop.lt\\\/#organization\",\"name\":\"COM Group Ecommerce\",\"url\":\"https:\\\/\\\/www.malinashop.lt\\\/\",\"logo\":{\"@type\":\"ImageObject\",\"inLanguage\":\"lt-LT\",\"@id\":\"https:\\\/\\\/www.malinashop.lt\\\/#\\\/schema\\\/logo\\\/image\\\/\",\"url\":\"https:\\\/\\\/www.malinashop.lt\\\/wp-content\\\/uploads\\\/2024\\\/08\\\/462559670_3787732518133670_9795632669273463_n-e1731525914575.png\",\"contentUrl\":\"https:\\\/\\\/www.malinashop.lt\\\/wp-content\\\/uploads\\\/2024\\\/08\\\/462559670_3787732518133670_9795632669273463_n-e1731525914575.png\",\"width\":180,\"height\":60,\"caption\":\"COM Group Ecommerce\"},\"image\":{\"@id\":\"https:\\\/\\\/www.malinashop.lt\\\/#\\\/schema\\\/logo\\\/image\\\/\"}}]}<\/script>\n<!-- \/ Yoast SEO plugin. -->","yoast_head_json":{"title":"MEDB 1DAY VITAMIN C lak\u0161tin\u0117 veido kauk\u0117 su vitaminu c, 27g - MalinaShop.lt J\u016bs\u0173 sveikatai ir gro\u017eiui.","description":"MEDB lak\u0161tin\u0117 veido kauk\u0117 su vitaminu C 1DAY VITAMIN C \u2013 dr\u0117kina, suteikia odai skaistumo ir gaivos poj\u016bt\u012f. Vitaminas C padeda palaikyti sveik\u0105 odos","robots":{"index":"index","follow":"follow","max-snippet":"max-snippet:-1","max-image-preview":"max-image-preview:large","max-video-preview":"max-video-preview:-1"},"canonical":"https:\/\/www.malinashop.lt\/lt_lt\/shop\/medb-1day-vitamin-c-lakstine-veido-kauke-su-vitaminu-c-27g\/","og_locale":"lt_LT","og_type":"article","og_title":"MEDB 1DAY VITAMIN C lak\u0161tin\u0117 veido kauk\u0117 su vitaminu c, 27g - MalinaShop.lt J\u016bs\u0173 sveikatai ir gro\u017eiui.","og_description":"MEDB lak\u0161tin\u0117 veido kauk\u0117 su vitaminu C 1DAY VITAMIN C \u2013 dr\u0117kina, suteikia odai skaistumo ir gaivos poj\u016bt\u012f. Vitaminas C padeda palaikyti sveik\u0105 odos","og_url":"https:\/\/www.malinashop.lt\/lt_lt\/shop\/medb-1day-vitamin-c-lakstine-veido-kauke-su-vitaminu-c-27g\/","og_site_name":"MalinaShop.lt J\u016bs\u0173 sveikatai ir gro\u017eiui.","article_modified_time":"2026-04-07T19:18:25+00:00","og_image":[{"width":768,"height":768,"url":"https:\/\/www.malinashop.lt\/wp-content\/uploads\/2026\/01\/MEDB-1DAY-VITAMIN-C-lakstine-veido-kauke-su-vitaminu-c-27g.webp","type":"image\/webp"}],"twitter_card":"summary_large_image","schema":{"@context":"https:\/\/schema.org","@graph":[{"@type":"WebPage","@id":"https:\/\/www.malinashop.lt\/en\/shop\/medb-1day-vitamin-c-lakstine-veido-kauke-su-vitaminu-c-27g\/","url":"https:\/\/www.malinashop.lt\/en\/shop\/medb-1day-vitamin-c-lakstine-veido-kauke-su-vitaminu-c-27g\/","name":"MEDB 1DAY VITAMIN C lak\u0161tin\u0117 veido kauk\u0117 su vitaminu c, 27g - MalinaShop.lt J\u016bs\u0173 sveikatai ir gro\u017eiui.","isPartOf":{"@id":"https:\/\/www.malinashop.lt\/#website"},"primaryImageOfPage":{"@id":"https:\/\/www.malinashop.lt\/en\/shop\/medb-1day-vitamin-c-lakstine-veido-kauke-su-vitaminu-c-27g\/#primaryimage"},"image":{"@id":"https:\/\/www.malinashop.lt\/en\/shop\/medb-1day-vitamin-c-lakstine-veido-kauke-su-vitaminu-c-27g\/#primaryimage"},"thumbnailUrl":"https:\/\/www.malinashop.lt\/wp-content\/uploads\/2026\/01\/MEDB-1DAY-VITAMIN-C-lakstine-veido-kauke-su-vitaminu-c-27g.webp","datePublished":"2026-01-29T20:03:08+00:00","dateModified":"2026-04-07T19:18:25+00:00","description":"MEDB lak\u0161tin\u0117 veido kauk\u0117 su vitaminu C 1DAY VITAMIN C \u2013 dr\u0117kina, suteikia odai skaistumo ir gaivos poj\u016bt\u012f. Vitaminas C padeda palaikyti sveik\u0105 odos","breadcrumb":{"@id":"https:\/\/www.malinashop.lt\/en\/shop\/medb-1day-vitamin-c-lakstine-veido-kauke-su-vitaminu-c-27g\/#breadcrumb"},"inLanguage":"lt-LT","potentialAction":[{"@type":"ReadAction","target":["https:\/\/www.malinashop.lt\/en\/shop\/medb-1day-vitamin-c-lakstine-veido-kauke-su-vitaminu-c-27g\/"]}]},{"@type":"ImageObject","inLanguage":"lt-LT","@id":"https:\/\/www.malinashop.lt\/en\/shop\/medb-1day-vitamin-c-lakstine-veido-kauke-su-vitaminu-c-27g\/#primaryimage","url":"https:\/\/www.malinashop.lt\/wp-content\/uploads\/2026\/01\/MEDB-1DAY-VITAMIN-C-lakstine-veido-kauke-su-vitaminu-c-27g.webp","contentUrl":"https:\/\/www.malinashop.lt\/wp-content\/uploads\/2026\/01\/MEDB-1DAY-VITAMIN-C-lakstine-veido-kauke-su-vitaminu-c-27g.webp","width":768,"height":768},{"@type":"BreadcrumbList","@id":"https:\/\/www.malinashop.lt\/en\/shop\/medb-1day-vitamin-c-lakstine-veido-kauke-su-vitaminu-c-27g\/#breadcrumb","itemListElement":[{"@type":"ListItem","position":1,"name":"Pagrindinis","item":"https:\/\/www.malinashop.lt\/"},{"@type":"ListItem","position":2,"name":"Parduotuv\u0117","item":"https:\/\/www.malinashop.lt\/en\/parduotuve\/"},{"@type":"ListItem","position":3,"name":"MEDB 1DAY VITAMIN C lak\u0161tin\u0117 veido kauk\u0117 su vitaminu c, 27g"}]},{"@type":"WebSite","@id":"https:\/\/www.malinashop.lt\/#website","url":"https:\/\/www.malinashop.lt\/","name":"COM Group Ecommerce","description":"MalinaShop.lt - Gro\u017eio ir sveikatos produktai i\u0161 patikim\u0173 preki\u0173 \u017eenkl\u0173. Atraskite auk\u0161tos kokyb\u0117s kosmetik\u0105 u\u017e puiki\u0105 kain\u0105.","publisher":{"@id":"https:\/\/www.malinashop.lt\/#organization"},"potentialAction":[{"@type":"SearchAction","target":{"@type":"EntryPoint","urlTemplate":"https:\/\/www.malinashop.lt\/?s={search_term_string}"},"query-input":{"@type":"PropertyValueSpecification","valueRequired":true,"valueName":"search_term_string"}}],"inLanguage":"lt-LT"},{"@type":"Organization","@id":"https:\/\/www.malinashop.lt\/#organization","name":"COM Group Ecommerce","url":"https:\/\/www.malinashop.lt\/","logo":{"@type":"ImageObject","inLanguage":"lt-LT","@id":"https:\/\/www.malinashop.lt\/#\/schema\/logo\/image\/","url":"https:\/\/www.malinashop.lt\/wp-content\/uploads\/2024\/08\/462559670_3787732518133670_9795632669273463_n-e1731525914575.png","contentUrl":"https:\/\/www.malinashop.lt\/wp-content\/uploads\/2024\/08\/462559670_3787732518133670_9795632669273463_n-e1731525914575.png","width":180,"height":60,"caption":"COM Group Ecommerce"},"image":{"@id":"https:\/\/www.malinashop.lt\/#\/schema\/logo\/image\/"}}]}},"jetpack_sharing_enabled":true,"_links":{"self":[{"href":"https:\/\/www.malinashop.lt\/lt_lt\/wp-json\/wp\/v2\/product\/73572","targetHints":{"allow":["GET"]}}],"collection":[{"href":"https:\/\/www.malinashop.lt\/lt_lt\/wp-json\/wp\/v2\/product"}],"about":[{"href":"https:\/\/www.malinashop.lt\/lt_lt\/wp-json\/wp\/v2\/types\/product"}],"version-history":[{"count":1,"href":"https:\/\/www.malinashop.lt\/lt_lt\/wp-json\/wp\/v2\/product\/73572\/revisions"}],"predecessor-version":[{"id":73574,"href":"https:\/\/www.malinashop.lt\/lt_lt\/wp-json\/wp\/v2\/product\/73572\/revisions\/73574"}],"wp:featuredmedia":[{"embeddable":true,"href":"https:\/\/www.malinashop.lt\/lt_lt\/wp-json\/wp\/v2\/media\/73573"}],"wp:attachment":[{"href":"https:\/\/www.malinashop.lt\/lt_lt\/wp-json\/wp\/v2\/media?parent=73572"}],"wp:term":[{"taxonomy":"product_brand","embeddable":true,"href":"https:\/\/www.malinashop.lt\/lt_lt\/wp-json\/wp\/v2\/product_brand?post=73572"},{"taxonomy":"product_cat","embeddable":true,"href":"https:\/\/www.malinashop.lt\/lt_lt\/wp-json\/wp\/v2\/product_cat?post=73572"},{"taxonomy":"product_tag","embeddable":true,"href":"https:\/\/www.malinashop.lt\/lt_lt\/wp-json\/wp\/v2\/product_tag?post=73572"}],"curies":[{"name":"wp","href":"https:\/\/api.w.org\/{rel}","templated":true}]}}