{"id":73568,"date":"2026-01-29T22:59:49","date_gmt":"2026-01-29T19:59:49","guid":{"rendered":"https:\/\/malinashop.lt\/?post_type=product&#038;p=73568"},"modified":"2026-04-07T22:18:25","modified_gmt":"2026-04-07T19:18:25","slug":"medb-apsauginis-kremas-nuo-saules-vitamin-c-24h-protect-sun-spf50-pa-70ml","status":"publish","type":"product","link":"https:\/\/www.malinashop.lt\/lt_lt\/shop\/medb-apsauginis-kremas-nuo-saules-vitamin-c-24h-protect-sun-spf50-pa-70ml\/","title":{"rendered":"MEDB apsauginis kremas nuo saul\u0117s VITAMIN C 24H PROTECT SUN SPF50+\/PA+++, 70ml"},"content":{"rendered":"<p data-start=\"279\" data-end=\"677\"><strong data-start=\"279\" data-end=\"355\">MEDB apsauginis kremas nuo saul\u0117s VITAMIN C 24H PROTECT SUN SPF50+\/PA+++<\/strong> \u2013 auk\u0161tos apsaugos kremas kasdieniam naudojimui, suteikiantis patikim\u0105 <strong data-start=\"427\" data-end=\"441\">UVA ir UVB<\/strong> spinduli\u0173 apsaug\u0105. Priemon\u0117 padeda saugoti od\u0105 nuo saul\u0117s poveikio ir i\u0161orini\u0173 veiksni\u0173, o sud\u0117tyje esantis <strong data-start=\"550\" data-end=\"565\">vitaminas C<\/strong> veikia kaip antioksidantas \u2013 padeda apsaugoti od\u0105 nuo laisv\u0173j\u0173 radikal\u0173 bei suteikia odai nat\u016bralaus spindesio.<\/p>\n<p data-start=\"679\" data-end=\"935\">Kremo <strong data-start=\"685\" data-end=\"704\">lengva tekst\u016bra<\/strong> greitai \u012fsigeria, nepalieka lipnumo ir u\u017etikrina komfort\u0105 vis\u0105 dien\u0105. Tinka <strong data-start=\"781\" data-end=\"804\">visiems odos tipams<\/strong>, \u012fskaitant <strong data-start=\"816\" data-end=\"827\">jautri\u0105<\/strong> bei <strong data-start=\"832\" data-end=\"859\">\u012f pigmentacij\u0105 linkusi\u0105<\/strong> od\u0105, kai norisi kasdien\u0117s apsaugos, tolygesn\u0117s odos i\u0161vaizdos ir \u0161vyt\u0117jimo.<\/p>\n<hr data-start=\"937\" data-end=\"940\" \/>\n<h3 data-start=\"942\" data-end=\"969\">Pagrindiniai privalumai<\/h3>\n<ul data-start=\"970\" data-end=\"1314\">\n<li data-start=\"970\" data-end=\"1027\">\n<p data-start=\"972\" data-end=\"1027\"><strong data-start=\"972\" data-end=\"1003\">Auk\u0161ta apsauga SPF50+\/PA+++<\/strong> kasdieniam naudojimui<\/p>\n<\/li>\n<li data-start=\"1028\" data-end=\"1097\">\n<p data-start=\"1030\" data-end=\"1097\"><strong data-start=\"1030\" data-end=\"1052\">UVA ir UVB apsauga<\/strong> \u2013 padeda apsaugoti od\u0105 nuo saul\u0117s poveikio<\/p>\n<\/li>\n<li data-start=\"1098\" data-end=\"1174\">\n<p data-start=\"1100\" data-end=\"1174\"><strong data-start=\"1100\" data-end=\"1115\">Vitaminas C<\/strong> \u2013 antioksidacin\u0117 pagalba ir nat\u016bralaus spindesio poj\u016btis<\/p>\n<\/li>\n<li data-start=\"1175\" data-end=\"1236\">\n<p data-start=\"1177\" data-end=\"1236\"><strong data-start=\"1177\" data-end=\"1196\">Lengva tekst\u016bra<\/strong> \u2013 greitai \u012fsigeria, nepalieka lipnumo<\/p>\n<\/li>\n<li data-start=\"1237\" data-end=\"1314\">\n<p data-start=\"1239\" data-end=\"1314\">Tinka <strong data-start=\"1245\" data-end=\"1268\">visiems odos tipams<\/strong>, \u012fskaitant jautri\u0105 ir linkusi\u0105 \u012f pigmentacij\u0105<\/p>\n<\/li>\n<\/ul>\n<hr data-start=\"1316\" data-end=\"1319\" \/>\n<h3 data-start=\"1321\" data-end=\"1335\">Naudojimas<\/h3>\n<p data-start=\"1336\" data-end=\"1611\">30 minu\u010di\u0173 prie\u0161 i\u0161einant \u012f lauk\u0105 pakankam\u0105 kiek\u012f apsauginio saul\u0117s kremo tolygiai paskirstykite ant <strong data-start=\"1437\" data-end=\"1462\">veido, kaklo, dekolt\u0117<\/strong>. B\u016bnant saul\u0117je, suprakaitavus ar po maudyni\u0173, nusi\u0161luos\u010dius rank\u0161luos\u010diu, pakartotinai tepkite <strong data-start=\"1559\" data-end=\"1577\">kas 2 valandas<\/strong>, kad oda b\u016bt\u0173 tinkamai apsaugota.<\/p>\n<hr data-start=\"1613\" data-end=\"1616\" \/>\n<h3 data-start=\"1618\" data-end=\"1636\">Sud\u0117tis (INCI)<\/h3>\n<p data-start=\"1637\" data-end=\"2142\">Water, Ethylhexyl Methoxycinnamate, Glycerin, Ethylhexyl Salicylate, Mineral Oil, Titanium Dioxide, Isoamyl p-Methoxycinnamate, Butylene Glycol, Diethylamino Hydroxybenzoyl Hexyl Benzoate, 1,2-Hexanediol, Zinc Oxide, Cetyl Alcohol, Stearic Acid, Polysorbate 60, Beeswax, Ethylhexyl Triazone, Glyceryl Stearate, PEG-100 Stearate, Dimethicone, Hippophae Rhamnoides Fruit Extract, Aloe Barbadensis Leaf Juice, Centella Asiatica Extract, Triethanolamine, Carbomer, Fragrance, Disodium EDTA, CI 19140, CI 15985<\/p>\n","protected":false},"excerpt":{"rendered":"<p>Auk\u0161tos apsaugos SPF50+\/PA+++ kremas su vitaminu C kasdienai \u2013 saugo nuo UVA\/UVB, greitai \u012fsigeria, suteikia odai spindesio.<\/p>\n","protected":false},"featured_media":73570,"template":"","meta":[],"product_brand":[1544],"product_cat":[772,731],"product_tag":[1609],"class_list":{"0":"post-73568","1":"product","2":"type-product","3":"status-publish","4":"has-post-thumbnail","6":"product_brand-medb","7":"product_cat-apsauga-nuo-saules","8":"product_cat-kunui","9":"product_tag-medb","11":"first","12":"instock","13":"sale","14":"taxable","15":"shipping-taxable","16":"purchasable","17":"product-type-simple"},"yoast_head":"<!-- This site is optimized with the Yoast SEO plugin v27.4 - https:\/\/yoast.com\/product\/yoast-seo-wordpress\/ -->\n<title>MEDB apsauginis kremas nuo saul\u0117s VITAMIN C 24H PROTECT SUN SPF50+\/PA+++, 70ml - MalinaShop.lt J\u016bs\u0173 sveikatai ir gro\u017eiui.<\/title>\n<meta name=\"description\" content=\"MEDB SPF50+\/PA+++ kremas su vitaminu C saugo nuo UVA\/UVB, greitai \u012fsigeria, tinka jautriai odai, 70 ml. Auk\u0161tos apsaugos kremas kasdienai.\" \/>\n<meta name=\"robots\" content=\"index, follow, max-snippet:-1, max-image-preview:large, max-video-preview:-1\" \/>\n<link rel=\"canonical\" href=\"https:\/\/www.malinashop.lt\/lt_lt\/shop\/medb-apsauginis-kremas-nuo-saules-vitamin-c-24h-protect-sun-spf50-pa-70ml\/\" \/>\n<meta property=\"og:locale\" content=\"lt_LT\" \/>\n<meta property=\"og:type\" content=\"article\" \/>\n<meta property=\"og:title\" content=\"MEDB apsauginis kremas nuo saul\u0117s VITAMIN C 24H PROTECT SUN SPF50+\/PA+++, 70ml - MalinaShop.lt J\u016bs\u0173 sveikatai ir gro\u017eiui.\" \/>\n<meta property=\"og:description\" content=\"MEDB SPF50+\/PA+++ kremas su vitaminu C saugo nuo UVA\/UVB, greitai \u012fsigeria, tinka jautriai odai, 70 ml. Auk\u0161tos apsaugos kremas kasdienai.\" \/>\n<meta property=\"og:url\" content=\"https:\/\/www.malinashop.lt\/lt_lt\/shop\/medb-apsauginis-kremas-nuo-saules-vitamin-c-24h-protect-sun-spf50-pa-70ml\/\" \/>\n<meta property=\"og:site_name\" content=\"MalinaShop.lt J\u016bs\u0173 sveikatai ir gro\u017eiui.\" \/>\n<meta property=\"article:modified_time\" content=\"2026-04-07T19:18:25+00:00\" \/>\n<meta property=\"og:image\" content=\"https:\/\/www.malinashop.lt\/wp-content\/uploads\/2026\/01\/MEDB-apsauginis-kremas-nuo-saules-VITAMIN-C-24H-PROTECT-SUN-SPF50PA-70ml.webp\" \/>\n\t<meta property=\"og:image:width\" content=\"768\" \/>\n\t<meta property=\"og:image:height\" content=\"768\" \/>\n\t<meta property=\"og:image:type\" content=\"image\/webp\" \/>\n<meta name=\"twitter:card\" content=\"summary_large_image\" \/>\n<script type=\"application\/ld+json\" class=\"yoast-schema-graph\">{\"@context\":\"https:\\\/\\\/schema.org\",\"@graph\":[{\"@type\":\"WebPage\",\"@id\":\"https:\\\/\\\/www.malinashop.lt\\\/en\\\/shop\\\/medb-apsauginis-kremas-nuo-saules-vitamin-c-24h-protect-sun-spf50-pa-70ml\\\/\",\"url\":\"https:\\\/\\\/www.malinashop.lt\\\/en\\\/shop\\\/medb-apsauginis-kremas-nuo-saules-vitamin-c-24h-protect-sun-spf50-pa-70ml\\\/\",\"name\":\"MEDB apsauginis kremas nuo saul\u0117s VITAMIN C 24H PROTECT SUN SPF50+\\\/PA+++, 70ml - MalinaShop.lt J\u016bs\u0173 sveikatai ir gro\u017eiui.\",\"isPartOf\":{\"@id\":\"https:\\\/\\\/www.malinashop.lt\\\/#website\"},\"primaryImageOfPage\":{\"@id\":\"https:\\\/\\\/www.malinashop.lt\\\/en\\\/shop\\\/medb-apsauginis-kremas-nuo-saules-vitamin-c-24h-protect-sun-spf50-pa-70ml\\\/#primaryimage\"},\"image\":{\"@id\":\"https:\\\/\\\/www.malinashop.lt\\\/en\\\/shop\\\/medb-apsauginis-kremas-nuo-saules-vitamin-c-24h-protect-sun-spf50-pa-70ml\\\/#primaryimage\"},\"thumbnailUrl\":\"https:\\\/\\\/www.malinashop.lt\\\/wp-content\\\/uploads\\\/2026\\\/01\\\/MEDB-apsauginis-kremas-nuo-saules-VITAMIN-C-24H-PROTECT-SUN-SPF50PA-70ml.webp\",\"datePublished\":\"2026-01-29T19:59:49+00:00\",\"dateModified\":\"2026-04-07T19:18:25+00:00\",\"description\":\"MEDB SPF50+\\\/PA+++ kremas su vitaminu C saugo nuo UVA\\\/UVB, greitai \u012fsigeria, tinka jautriai odai, 70 ml. Auk\u0161tos apsaugos kremas kasdienai.\",\"breadcrumb\":{\"@id\":\"https:\\\/\\\/www.malinashop.lt\\\/en\\\/shop\\\/medb-apsauginis-kremas-nuo-saules-vitamin-c-24h-protect-sun-spf50-pa-70ml\\\/#breadcrumb\"},\"inLanguage\":\"lt-LT\",\"potentialAction\":[{\"@type\":\"ReadAction\",\"target\":[\"https:\\\/\\\/www.malinashop.lt\\\/en\\\/shop\\\/medb-apsauginis-kremas-nuo-saules-vitamin-c-24h-protect-sun-spf50-pa-70ml\\\/\"]}]},{\"@type\":\"ImageObject\",\"inLanguage\":\"lt-LT\",\"@id\":\"https:\\\/\\\/www.malinashop.lt\\\/en\\\/shop\\\/medb-apsauginis-kremas-nuo-saules-vitamin-c-24h-protect-sun-spf50-pa-70ml\\\/#primaryimage\",\"url\":\"https:\\\/\\\/www.malinashop.lt\\\/wp-content\\\/uploads\\\/2026\\\/01\\\/MEDB-apsauginis-kremas-nuo-saules-VITAMIN-C-24H-PROTECT-SUN-SPF50PA-70ml.webp\",\"contentUrl\":\"https:\\\/\\\/www.malinashop.lt\\\/wp-content\\\/uploads\\\/2026\\\/01\\\/MEDB-apsauginis-kremas-nuo-saules-VITAMIN-C-24H-PROTECT-SUN-SPF50PA-70ml.webp\",\"width\":768,\"height\":768},{\"@type\":\"BreadcrumbList\",\"@id\":\"https:\\\/\\\/www.malinashop.lt\\\/en\\\/shop\\\/medb-apsauginis-kremas-nuo-saules-vitamin-c-24h-protect-sun-spf50-pa-70ml\\\/#breadcrumb\",\"itemListElement\":[{\"@type\":\"ListItem\",\"position\":1,\"name\":\"Pagrindinis\",\"item\":\"https:\\\/\\\/www.malinashop.lt\\\/\"},{\"@type\":\"ListItem\",\"position\":2,\"name\":\"Parduotuv\u0117\",\"item\":\"https:\\\/\\\/www.malinashop.lt\\\/en\\\/parduotuve\\\/\"},{\"@type\":\"ListItem\",\"position\":3,\"name\":\"MEDB apsauginis kremas nuo saul\u0117s VITAMIN C 24H PROTECT SUN SPF50+\\\/PA+++, 70ml\"}]},{\"@type\":\"WebSite\",\"@id\":\"https:\\\/\\\/www.malinashop.lt\\\/#website\",\"url\":\"https:\\\/\\\/www.malinashop.lt\\\/\",\"name\":\"COM Group Ecommerce\",\"description\":\"MalinaShop.lt - Gro\u017eio ir sveikatos produktai i\u0161 patikim\u0173 preki\u0173 \u017eenkl\u0173. Atraskite auk\u0161tos kokyb\u0117s kosmetik\u0105 u\u017e puiki\u0105 kain\u0105.\",\"publisher\":{\"@id\":\"https:\\\/\\\/www.malinashop.lt\\\/#organization\"},\"potentialAction\":[{\"@type\":\"SearchAction\",\"target\":{\"@type\":\"EntryPoint\",\"urlTemplate\":\"https:\\\/\\\/www.malinashop.lt\\\/?s={search_term_string}\"},\"query-input\":{\"@type\":\"PropertyValueSpecification\",\"valueRequired\":true,\"valueName\":\"search_term_string\"}}],\"inLanguage\":\"lt-LT\"},{\"@type\":\"Organization\",\"@id\":\"https:\\\/\\\/www.malinashop.lt\\\/#organization\",\"name\":\"COM Group Ecommerce\",\"url\":\"https:\\\/\\\/www.malinashop.lt\\\/\",\"logo\":{\"@type\":\"ImageObject\",\"inLanguage\":\"lt-LT\",\"@id\":\"https:\\\/\\\/www.malinashop.lt\\\/#\\\/schema\\\/logo\\\/image\\\/\",\"url\":\"https:\\\/\\\/www.malinashop.lt\\\/wp-content\\\/uploads\\\/2024\\\/08\\\/462559670_3787732518133670_9795632669273463_n-e1731525914575.png\",\"contentUrl\":\"https:\\\/\\\/www.malinashop.lt\\\/wp-content\\\/uploads\\\/2024\\\/08\\\/462559670_3787732518133670_9795632669273463_n-e1731525914575.png\",\"width\":180,\"height\":60,\"caption\":\"COM Group Ecommerce\"},\"image\":{\"@id\":\"https:\\\/\\\/www.malinashop.lt\\\/#\\\/schema\\\/logo\\\/image\\\/\"}}]}<\/script>\n<!-- \/ Yoast SEO plugin. -->","yoast_head_json":{"title":"MEDB apsauginis kremas nuo saul\u0117s VITAMIN C 24H PROTECT SUN SPF50+\/PA+++, 70ml - MalinaShop.lt J\u016bs\u0173 sveikatai ir gro\u017eiui.","description":"MEDB SPF50+\/PA+++ kremas su vitaminu C saugo nuo UVA\/UVB, greitai \u012fsigeria, tinka jautriai odai, 70 ml. Auk\u0161tos apsaugos kremas kasdienai.","robots":{"index":"index","follow":"follow","max-snippet":"max-snippet:-1","max-image-preview":"max-image-preview:large","max-video-preview":"max-video-preview:-1"},"canonical":"https:\/\/www.malinashop.lt\/lt_lt\/shop\/medb-apsauginis-kremas-nuo-saules-vitamin-c-24h-protect-sun-spf50-pa-70ml\/","og_locale":"lt_LT","og_type":"article","og_title":"MEDB apsauginis kremas nuo saul\u0117s VITAMIN C 24H PROTECT SUN SPF50+\/PA+++, 70ml - MalinaShop.lt J\u016bs\u0173 sveikatai ir gro\u017eiui.","og_description":"MEDB SPF50+\/PA+++ kremas su vitaminu C saugo nuo UVA\/UVB, greitai \u012fsigeria, tinka jautriai odai, 70 ml. Auk\u0161tos apsaugos kremas kasdienai.","og_url":"https:\/\/www.malinashop.lt\/lt_lt\/shop\/medb-apsauginis-kremas-nuo-saules-vitamin-c-24h-protect-sun-spf50-pa-70ml\/","og_site_name":"MalinaShop.lt J\u016bs\u0173 sveikatai ir gro\u017eiui.","article_modified_time":"2026-04-07T19:18:25+00:00","og_image":[{"width":768,"height":768,"url":"https:\/\/www.malinashop.lt\/wp-content\/uploads\/2026\/01\/MEDB-apsauginis-kremas-nuo-saules-VITAMIN-C-24H-PROTECT-SUN-SPF50PA-70ml.webp","type":"image\/webp"}],"twitter_card":"summary_large_image","schema":{"@context":"https:\/\/schema.org","@graph":[{"@type":"WebPage","@id":"https:\/\/www.malinashop.lt\/en\/shop\/medb-apsauginis-kremas-nuo-saules-vitamin-c-24h-protect-sun-spf50-pa-70ml\/","url":"https:\/\/www.malinashop.lt\/en\/shop\/medb-apsauginis-kremas-nuo-saules-vitamin-c-24h-protect-sun-spf50-pa-70ml\/","name":"MEDB apsauginis kremas nuo saul\u0117s VITAMIN C 24H PROTECT SUN SPF50+\/PA+++, 70ml - MalinaShop.lt J\u016bs\u0173 sveikatai ir gro\u017eiui.","isPartOf":{"@id":"https:\/\/www.malinashop.lt\/#website"},"primaryImageOfPage":{"@id":"https:\/\/www.malinashop.lt\/en\/shop\/medb-apsauginis-kremas-nuo-saules-vitamin-c-24h-protect-sun-spf50-pa-70ml\/#primaryimage"},"image":{"@id":"https:\/\/www.malinashop.lt\/en\/shop\/medb-apsauginis-kremas-nuo-saules-vitamin-c-24h-protect-sun-spf50-pa-70ml\/#primaryimage"},"thumbnailUrl":"https:\/\/www.malinashop.lt\/wp-content\/uploads\/2026\/01\/MEDB-apsauginis-kremas-nuo-saules-VITAMIN-C-24H-PROTECT-SUN-SPF50PA-70ml.webp","datePublished":"2026-01-29T19:59:49+00:00","dateModified":"2026-04-07T19:18:25+00:00","description":"MEDB SPF50+\/PA+++ kremas su vitaminu C saugo nuo UVA\/UVB, greitai \u012fsigeria, tinka jautriai odai, 70 ml. Auk\u0161tos apsaugos kremas kasdienai.","breadcrumb":{"@id":"https:\/\/www.malinashop.lt\/en\/shop\/medb-apsauginis-kremas-nuo-saules-vitamin-c-24h-protect-sun-spf50-pa-70ml\/#breadcrumb"},"inLanguage":"lt-LT","potentialAction":[{"@type":"ReadAction","target":["https:\/\/www.malinashop.lt\/en\/shop\/medb-apsauginis-kremas-nuo-saules-vitamin-c-24h-protect-sun-spf50-pa-70ml\/"]}]},{"@type":"ImageObject","inLanguage":"lt-LT","@id":"https:\/\/www.malinashop.lt\/en\/shop\/medb-apsauginis-kremas-nuo-saules-vitamin-c-24h-protect-sun-spf50-pa-70ml\/#primaryimage","url":"https:\/\/www.malinashop.lt\/wp-content\/uploads\/2026\/01\/MEDB-apsauginis-kremas-nuo-saules-VITAMIN-C-24H-PROTECT-SUN-SPF50PA-70ml.webp","contentUrl":"https:\/\/www.malinashop.lt\/wp-content\/uploads\/2026\/01\/MEDB-apsauginis-kremas-nuo-saules-VITAMIN-C-24H-PROTECT-SUN-SPF50PA-70ml.webp","width":768,"height":768},{"@type":"BreadcrumbList","@id":"https:\/\/www.malinashop.lt\/en\/shop\/medb-apsauginis-kremas-nuo-saules-vitamin-c-24h-protect-sun-spf50-pa-70ml\/#breadcrumb","itemListElement":[{"@type":"ListItem","position":1,"name":"Pagrindinis","item":"https:\/\/www.malinashop.lt\/"},{"@type":"ListItem","position":2,"name":"Parduotuv\u0117","item":"https:\/\/www.malinashop.lt\/en\/parduotuve\/"},{"@type":"ListItem","position":3,"name":"MEDB apsauginis kremas nuo saul\u0117s VITAMIN C 24H PROTECT SUN SPF50+\/PA+++, 70ml"}]},{"@type":"WebSite","@id":"https:\/\/www.malinashop.lt\/#website","url":"https:\/\/www.malinashop.lt\/","name":"COM Group Ecommerce","description":"MalinaShop.lt - Gro\u017eio ir sveikatos produktai i\u0161 patikim\u0173 preki\u0173 \u017eenkl\u0173. Atraskite auk\u0161tos kokyb\u0117s kosmetik\u0105 u\u017e puiki\u0105 kain\u0105.","publisher":{"@id":"https:\/\/www.malinashop.lt\/#organization"},"potentialAction":[{"@type":"SearchAction","target":{"@type":"EntryPoint","urlTemplate":"https:\/\/www.malinashop.lt\/?s={search_term_string}"},"query-input":{"@type":"PropertyValueSpecification","valueRequired":true,"valueName":"search_term_string"}}],"inLanguage":"lt-LT"},{"@type":"Organization","@id":"https:\/\/www.malinashop.lt\/#organization","name":"COM Group Ecommerce","url":"https:\/\/www.malinashop.lt\/","logo":{"@type":"ImageObject","inLanguage":"lt-LT","@id":"https:\/\/www.malinashop.lt\/#\/schema\/logo\/image\/","url":"https:\/\/www.malinashop.lt\/wp-content\/uploads\/2024\/08\/462559670_3787732518133670_9795632669273463_n-e1731525914575.png","contentUrl":"https:\/\/www.malinashop.lt\/wp-content\/uploads\/2024\/08\/462559670_3787732518133670_9795632669273463_n-e1731525914575.png","width":180,"height":60,"caption":"COM Group Ecommerce"},"image":{"@id":"https:\/\/www.malinashop.lt\/#\/schema\/logo\/image\/"}}]}},"jetpack_sharing_enabled":true,"_links":{"self":[{"href":"https:\/\/www.malinashop.lt\/lt_lt\/wp-json\/wp\/v2\/product\/73568","targetHints":{"allow":["GET"]}}],"collection":[{"href":"https:\/\/www.malinashop.lt\/lt_lt\/wp-json\/wp\/v2\/product"}],"about":[{"href":"https:\/\/www.malinashop.lt\/lt_lt\/wp-json\/wp\/v2\/types\/product"}],"version-history":[{"count":1,"href":"https:\/\/www.malinashop.lt\/lt_lt\/wp-json\/wp\/v2\/product\/73568\/revisions"}],"predecessor-version":[{"id":73571,"href":"https:\/\/www.malinashop.lt\/lt_lt\/wp-json\/wp\/v2\/product\/73568\/revisions\/73571"}],"wp:featuredmedia":[{"embeddable":true,"href":"https:\/\/www.malinashop.lt\/lt_lt\/wp-json\/wp\/v2\/media\/73570"}],"wp:attachment":[{"href":"https:\/\/www.malinashop.lt\/lt_lt\/wp-json\/wp\/v2\/media?parent=73568"}],"wp:term":[{"taxonomy":"product_brand","embeddable":true,"href":"https:\/\/www.malinashop.lt\/lt_lt\/wp-json\/wp\/v2\/product_brand?post=73568"},{"taxonomy":"product_cat","embeddable":true,"href":"https:\/\/www.malinashop.lt\/lt_lt\/wp-json\/wp\/v2\/product_cat?post=73568"},{"taxonomy":"product_tag","embeddable":true,"href":"https:\/\/www.malinashop.lt\/lt_lt\/wp-json\/wp\/v2\/product_tag?post=73568"}],"curies":[{"name":"wp","href":"https:\/\/api.w.org\/{rel}","templated":true}]}}