{"id":73528,"date":"2026-01-31T12:03:58","date_gmt":"2026-01-31T09:03:58","guid":{"rendered":"https:\/\/malinashop.lt\/?post_type=product&#038;p=73528"},"modified":"2026-04-08T00:21:29","modified_gmt":"2026-04-07T21:21:29","slug":"axis-y-spot-the-difference-serumas-spuogeliams-ir-uzdegimams-15ml","status":"publish","type":"product","link":"https:\/\/www.malinashop.lt\/lt_lt\/shop\/axis-y-spot-the-difference-serumas-spuogeliams-ir-uzdegimams-15ml\/","title":{"rendered":"AXIS-Y Spot the Difference serumas spuogeliams ir u\u017edegimams, 15ml"},"content":{"rendered":"<p data-start=\"90\" data-end=\"515\">AXIS-Y Spot the Difference Blemish Treatment Serum \u2013 serumas probleminei odai, sukurtas ma\u017einti u\u017edegim\u0105 ir sudirgim\u0105, kartu stiprinant odos apsaugin\u012f barjer\u0105. Formul\u0117 pasi\u017eymi \u0161velniu eksfoliuojan\u010diu poveikiu, tod\u0117l padeda sulyginti odos tekst\u016br\u0105, greitinti atsistatymo procesus ir vizualiai \u201enuraminti\u201c problemines vietas. Serumas taip pat gerai dr\u0117kina, maitina ir padeda \u0161viesinti pigmentines d\u0117meles, likusias po b\u0117rim\u0173.<\/p>\n<p data-start=\"517\" data-end=\"745\">Sud\u0117tyje esantis niacinamidas, augaliniai ekstraktai (alavijas, centel\u0117, \u017ealioji arbata, arbatmedis ir kt.) bei ceramidai palaiko odos komfort\u0105, o r\u016bg\u0161\u010di\u0173 kompleksas (glikolio ir salicilo r\u016bg\u0161tis) padeda \u0161velniai atnaujinti od\u0105.<\/p>\n<p data-start=\"747\" data-end=\"774\"><strong data-start=\"747\" data-end=\"774\">Pagrindiniai privalumai<\/strong><\/p>\n<ul data-start=\"775\" data-end=\"1032\">\n<li data-start=\"775\" data-end=\"825\">\n<p data-start=\"777\" data-end=\"825\">Ma\u017eina spuogeli\u0173 sukeliam\u0105 u\u017edegim\u0105 ir sudirgim\u0105<\/p>\n<\/li>\n<li data-start=\"826\" data-end=\"884\">\n<p data-start=\"828\" data-end=\"884\">Padeda stiprinti odos barjer\u0105 ir pagreitinti atsistatym\u0105<\/p>\n<\/li>\n<li data-start=\"885\" data-end=\"931\">\n<p data-start=\"887\" data-end=\"931\">\u0160velniai eksfoliuoja, sulygina odos tekst\u016br\u0105<\/p>\n<\/li>\n<li data-start=\"932\" data-end=\"986\">\n<p data-start=\"934\" data-end=\"986\">Dr\u0117kina, maitina, padeda \u0161viesinti d\u0117meles po b\u0117rim\u0173<\/p>\n<\/li>\n<li data-start=\"987\" data-end=\"1032\">\n<p data-start=\"989\" data-end=\"1032\">Tinka naudoti lokaliai problemin\u0117se vietose<\/p>\n<\/li>\n<\/ul>\n<p data-start=\"1034\" data-end=\"1185\"><strong data-start=\"1034\" data-end=\"1048\">Naudojimas<\/strong><br \/>\nTepkite ant \u0161varios, tonizuotos odos. Naudojant lokaliai: paskutiniame prie\u017ei\u016bros etape u\u017etepkite nedidel\u012f kiek\u012f ant u\u017edegimin\u0117s vietos.<\/p>\n<p data-start=\"1187\" data-end=\"1462\"><strong data-start=\"1187\" data-end=\"1200\">\u012esp\u0117jimai<\/strong><br \/>\nTik i\u0161oriniam naudojimui. Naudoti pagal instrukcijas. Vengti patekimo \u012f akis. Laikyti vaikams nepasiekiamoje vietoje. Netepkite ant gleivini\u0173 ir pa\u017eeistos odos. Sudirginimo atveju nedelsiant nutraukite naudojim\u0105. Laikyti ne auk\u0161tesn\u0117je kaip 25 \u00b0C temperat\u016broje.<\/p>\n<p data-start=\"1464\" data-end=\"2660\"><strong data-start=\"1464\" data-end=\"1482\">Sud\u0117tis (INCI)<\/strong><br \/>\nAqua, Glycerin, Propanediol, 1,2-Hexanediol, Glycereth-26, Niacinamide, Caprylic\/Capric Triglyceride, Aloe Barbadensis Leaf Extract, Althaea Rosea Flower Extract, Laminaria Japonica Extract, Eclipta Prostrata Leaf Extract, Centella Asiatica Extract, Ficus Carica (Fig) Fruit Extract, Ulmus Davidiana Root Extract, Amaranthus Caudatus Seed Extract, Camellia Sinensis Leaf Extract, Monarda Didyma Leaf Extract, Hydrangea Macrophylla Leaf Extract, Mentha Aquatica Extract, Sasa Quelpaertensis Extract, Melaleuca Alternifolia (Tea Tree) Leaf Extract, Melia Azadirachta Leaf Extract, Eclipta Prostrata Extract, Cinnamomum Camphora (Camphor) Leaf Extract, Cryptomeria Japonica Leaf Extract, Pinus Pinaster Bark\/Bud Extract, Rosmarinus Officinalis (Rosemary) Leaf Oil, Hydrogenated Lecithin, Chamaecyparis Obtusa Water, Trehalose, Octyldodeceth-16, Acrylates\/C10-30 Alkyl Acrylate Crosspolymer, Tromethamine, C12-14 Pareth-12, Butylene Glycol, Xanthan Gum, Disodium EDTA, Ceramide NP, Fructooligosaccharides, Beta-Glucan, Hydrolyzed Hyaluronic Acid, 4-Terpineol, Glycyrrhiza Glabra (Licorice) Rhizome\/Root, Moringa Oleifera Seed Oil, Glycolic Acid, Salicylic Acid, Ethylhexylglycerin.<\/p>\n","protected":false},"excerpt":{"rendered":"<p>Serumas probleminei odai, skirtas spuogeliams ir u\u017edegimams ma\u017einti. Ramina, \u0161velniai eksfoliuoja, dr\u0117kina ir padeda \u0161viesinti d\u0117meles po b\u0117rim\u0173.<\/p>\n","protected":false},"featured_media":73529,"template":"","meta":[],"product_brand":[1579],"product_cat":[562,550,728],"product_tag":[1591],"class_list":{"0":"post-73528","1":"product","2":"type-product","3":"status-publish","4":"has-post-thumbnail","6":"product_brand-axis-y","7":"product_cat-sandelio-valymas","8":"product_cat-veido-serumai","9":"product_cat-veidui","10":"product_tag-axis-y","12":"first","13":"instock","14":"sale","15":"taxable","16":"shipping-taxable","17":"purchasable","18":"product-type-simple"},"yoast_head":"<!-- This site is optimized with the Yoast SEO plugin v27.3 - https:\/\/yoast.com\/product\/yoast-seo-wordpress\/ -->\n<title>AXIS-Y Spot the Difference serumas spuogeliams ir u\u017edegimams, 15ml - MalinaShop.lt J\u016bs\u0173 sveikatai ir gro\u017eiui.<\/title>\n<meta name=\"description\" content=\"AXIS-Y Spot the Difference Blemish Treatment Serum 15 ml ramina u\u017edegim\u0105, ma\u017eina spuogelius, \u0161velniai eksfoliuoja ir padeda sulyginti odos tekst\u016br\u0105.\" \/>\n<meta name=\"robots\" content=\"index, follow, max-snippet:-1, max-image-preview:large, max-video-preview:-1\" \/>\n<link rel=\"canonical\" href=\"https:\/\/www.malinashop.lt\/lt_lt\/shop\/axis-y-spot-the-difference-serumas-spuogeliams-ir-uzdegimams-15ml\/\" \/>\n<meta property=\"og:locale\" content=\"lt_LT\" \/>\n<meta property=\"og:type\" content=\"article\" \/>\n<meta property=\"og:title\" content=\"AXIS-Y Spot the Difference serumas spuogeliams ir u\u017edegimams, 15ml - MalinaShop.lt J\u016bs\u0173 sveikatai ir gro\u017eiui.\" \/>\n<meta property=\"og:description\" content=\"AXIS-Y Spot the Difference Blemish Treatment Serum 15 ml ramina u\u017edegim\u0105, ma\u017eina spuogelius, \u0161velniai eksfoliuoja ir padeda sulyginti odos tekst\u016br\u0105.\" \/>\n<meta property=\"og:url\" content=\"https:\/\/www.malinashop.lt\/lt_lt\/shop\/axis-y-spot-the-difference-serumas-spuogeliams-ir-uzdegimams-15ml\/\" \/>\n<meta property=\"og:site_name\" content=\"MalinaShop.lt J\u016bs\u0173 sveikatai ir gro\u017eiui.\" \/>\n<meta property=\"article:modified_time\" content=\"2026-04-07T21:21:29+00:00\" \/>\n<meta property=\"og:image\" content=\"https:\/\/www.malinashop.lt\/wp-content\/uploads\/2026\/01\/AXIS-Y-Spot-the-Difference-serumas-spuogeliams-ir-uzdegimams-15ml.jpg\" \/>\n\t<meta property=\"og:image:width\" content=\"800\" \/>\n\t<meta property=\"og:image:height\" content=\"800\" \/>\n\t<meta property=\"og:image:type\" content=\"image\/jpeg\" \/>\n<meta name=\"twitter:card\" content=\"summary_large_image\" \/>\n<script type=\"application\/ld+json\" class=\"yoast-schema-graph\">{\"@context\":\"https:\\\/\\\/schema.org\",\"@graph\":[{\"@type\":\"WebPage\",\"@id\":\"https:\\\/\\\/www.malinashop.lt\\\/lt_lt\\\/shop\\\/axis-y-spot-the-difference-serumas-spuogeliams-ir-uzdegimams-15ml\\\/\",\"url\":\"https:\\\/\\\/www.malinashop.lt\\\/lt_lt\\\/shop\\\/axis-y-spot-the-difference-serumas-spuogeliams-ir-uzdegimams-15ml\\\/\",\"name\":\"AXIS-Y Spot the Difference serumas spuogeliams ir u\u017edegimams, 15ml - MalinaShop.lt J\u016bs\u0173 sveikatai ir gro\u017eiui.\",\"isPartOf\":{\"@id\":\"https:\\\/\\\/www.malinashop.lt\\\/en\\\/#website\"},\"primaryImageOfPage\":{\"@id\":\"https:\\\/\\\/www.malinashop.lt\\\/lt_lt\\\/shop\\\/axis-y-spot-the-difference-serumas-spuogeliams-ir-uzdegimams-15ml\\\/#primaryimage\"},\"image\":{\"@id\":\"https:\\\/\\\/www.malinashop.lt\\\/lt_lt\\\/shop\\\/axis-y-spot-the-difference-serumas-spuogeliams-ir-uzdegimams-15ml\\\/#primaryimage\"},\"thumbnailUrl\":\"https:\\\/\\\/www.malinashop.lt\\\/wp-content\\\/uploads\\\/2026\\\/01\\\/AXIS-Y-Spot-the-Difference-serumas-spuogeliams-ir-uzdegimams-15ml.jpg\",\"datePublished\":\"2026-01-31T09:03:58+00:00\",\"dateModified\":\"2026-04-07T21:21:29+00:00\",\"description\":\"AXIS-Y Spot the Difference Blemish Treatment Serum 15 ml ramina u\u017edegim\u0105, ma\u017eina spuogelius, \u0161velniai eksfoliuoja ir padeda sulyginti odos tekst\u016br\u0105.\",\"breadcrumb\":{\"@id\":\"https:\\\/\\\/www.malinashop.lt\\\/lt_lt\\\/shop\\\/axis-y-spot-the-difference-serumas-spuogeliams-ir-uzdegimams-15ml\\\/#breadcrumb\"},\"inLanguage\":\"lt-LT\",\"potentialAction\":[{\"@type\":\"ReadAction\",\"target\":[\"https:\\\/\\\/www.malinashop.lt\\\/lt_lt\\\/shop\\\/axis-y-spot-the-difference-serumas-spuogeliams-ir-uzdegimams-15ml\\\/\"]}]},{\"@type\":\"ImageObject\",\"inLanguage\":\"lt-LT\",\"@id\":\"https:\\\/\\\/www.malinashop.lt\\\/lt_lt\\\/shop\\\/axis-y-spot-the-difference-serumas-spuogeliams-ir-uzdegimams-15ml\\\/#primaryimage\",\"url\":\"https:\\\/\\\/www.malinashop.lt\\\/wp-content\\\/uploads\\\/2026\\\/01\\\/AXIS-Y-Spot-the-Difference-serumas-spuogeliams-ir-uzdegimams-15ml.jpg\",\"contentUrl\":\"https:\\\/\\\/www.malinashop.lt\\\/wp-content\\\/uploads\\\/2026\\\/01\\\/AXIS-Y-Spot-the-Difference-serumas-spuogeliams-ir-uzdegimams-15ml.jpg\",\"width\":800,\"height\":800},{\"@type\":\"BreadcrumbList\",\"@id\":\"https:\\\/\\\/www.malinashop.lt\\\/lt_lt\\\/shop\\\/axis-y-spot-the-difference-serumas-spuogeliams-ir-uzdegimams-15ml\\\/#breadcrumb\",\"itemListElement\":[{\"@type\":\"ListItem\",\"position\":1,\"name\":\"Home\",\"item\":\"https:\\\/\\\/www.malinashop.lt\\\/en\\\/\"},{\"@type\":\"ListItem\",\"position\":2,\"name\":\"Parduotuv\u0117\",\"item\":\"https:\\\/\\\/www.malinashop.lt\\\/en\\\/parduotuve\\\/\"},{\"@type\":\"ListItem\",\"position\":3,\"name\":\"AXIS-Y Spot the Difference serumas spuogeliams ir u\u017edegimams, 15ml\"}]},{\"@type\":\"WebSite\",\"@id\":\"https:\\\/\\\/www.malinashop.lt\\\/en\\\/#website\",\"url\":\"https:\\\/\\\/www.malinashop.lt\\\/en\\\/\",\"name\":\"COM Group Ecommerce\",\"description\":\"MalinaShop.lt - Gro\u017eio ir sveikatos produktai i\u0161 patikim\u0173 preki\u0173 \u017eenkl\u0173. Atraskite auk\u0161tos kokyb\u0117s kosmetik\u0105 u\u017e puiki\u0105 kain\u0105.\",\"publisher\":{\"@id\":\"https:\\\/\\\/www.malinashop.lt\\\/en\\\/#organization\"},\"potentialAction\":[{\"@type\":\"SearchAction\",\"target\":{\"@type\":\"EntryPoint\",\"urlTemplate\":\"https:\\\/\\\/www.malinashop.lt\\\/en\\\/?s={search_term_string}\"},\"query-input\":{\"@type\":\"PropertyValueSpecification\",\"valueRequired\":true,\"valueName\":\"search_term_string\"}}],\"inLanguage\":\"lt-LT\"},{\"@type\":\"Organization\",\"@id\":\"https:\\\/\\\/www.malinashop.lt\\\/en\\\/#organization\",\"name\":\"COM Group Ecommerce\",\"url\":\"https:\\\/\\\/www.malinashop.lt\\\/en\\\/\",\"logo\":{\"@type\":\"ImageObject\",\"inLanguage\":\"lt-LT\",\"@id\":\"https:\\\/\\\/www.malinashop.lt\\\/en\\\/#\\\/schema\\\/logo\\\/image\\\/\",\"url\":\"https:\\\/\\\/www.malinashop.lt\\\/wp-content\\\/uploads\\\/2024\\\/08\\\/462559670_3787732518133670_9795632669273463_n-e1731525914575.png\",\"contentUrl\":\"https:\\\/\\\/www.malinashop.lt\\\/wp-content\\\/uploads\\\/2024\\\/08\\\/462559670_3787732518133670_9795632669273463_n-e1731525914575.png\",\"width\":180,\"height\":60,\"caption\":\"COM Group Ecommerce\"},\"image\":{\"@id\":\"https:\\\/\\\/www.malinashop.lt\\\/en\\\/#\\\/schema\\\/logo\\\/image\\\/\"}}]}<\/script>\n<!-- \/ Yoast SEO plugin. -->","yoast_head_json":{"title":"AXIS-Y Spot the Difference serumas spuogeliams ir u\u017edegimams, 15ml - MalinaShop.lt J\u016bs\u0173 sveikatai ir gro\u017eiui.","description":"AXIS-Y Spot the Difference Blemish Treatment Serum 15 ml ramina u\u017edegim\u0105, ma\u017eina spuogelius, \u0161velniai eksfoliuoja ir padeda sulyginti odos tekst\u016br\u0105.","robots":{"index":"index","follow":"follow","max-snippet":"max-snippet:-1","max-image-preview":"max-image-preview:large","max-video-preview":"max-video-preview:-1"},"canonical":"https:\/\/www.malinashop.lt\/lt_lt\/shop\/axis-y-spot-the-difference-serumas-spuogeliams-ir-uzdegimams-15ml\/","og_locale":"lt_LT","og_type":"article","og_title":"AXIS-Y Spot the Difference serumas spuogeliams ir u\u017edegimams, 15ml - MalinaShop.lt J\u016bs\u0173 sveikatai ir gro\u017eiui.","og_description":"AXIS-Y Spot the Difference Blemish Treatment Serum 15 ml ramina u\u017edegim\u0105, ma\u017eina spuogelius, \u0161velniai eksfoliuoja ir padeda sulyginti odos tekst\u016br\u0105.","og_url":"https:\/\/www.malinashop.lt\/lt_lt\/shop\/axis-y-spot-the-difference-serumas-spuogeliams-ir-uzdegimams-15ml\/","og_site_name":"MalinaShop.lt J\u016bs\u0173 sveikatai ir gro\u017eiui.","article_modified_time":"2026-04-07T21:21:29+00:00","og_image":[{"width":800,"height":800,"url":"https:\/\/www.malinashop.lt\/wp-content\/uploads\/2026\/01\/AXIS-Y-Spot-the-Difference-serumas-spuogeliams-ir-uzdegimams-15ml.jpg","type":"image\/jpeg"}],"twitter_card":"summary_large_image","schema":{"@context":"https:\/\/schema.org","@graph":[{"@type":"WebPage","@id":"https:\/\/www.malinashop.lt\/lt_lt\/shop\/axis-y-spot-the-difference-serumas-spuogeliams-ir-uzdegimams-15ml\/","url":"https:\/\/www.malinashop.lt\/lt_lt\/shop\/axis-y-spot-the-difference-serumas-spuogeliams-ir-uzdegimams-15ml\/","name":"AXIS-Y Spot the Difference serumas spuogeliams ir u\u017edegimams, 15ml - MalinaShop.lt J\u016bs\u0173 sveikatai ir gro\u017eiui.","isPartOf":{"@id":"https:\/\/www.malinashop.lt\/en\/#website"},"primaryImageOfPage":{"@id":"https:\/\/www.malinashop.lt\/lt_lt\/shop\/axis-y-spot-the-difference-serumas-spuogeliams-ir-uzdegimams-15ml\/#primaryimage"},"image":{"@id":"https:\/\/www.malinashop.lt\/lt_lt\/shop\/axis-y-spot-the-difference-serumas-spuogeliams-ir-uzdegimams-15ml\/#primaryimage"},"thumbnailUrl":"https:\/\/www.malinashop.lt\/wp-content\/uploads\/2026\/01\/AXIS-Y-Spot-the-Difference-serumas-spuogeliams-ir-uzdegimams-15ml.jpg","datePublished":"2026-01-31T09:03:58+00:00","dateModified":"2026-04-07T21:21:29+00:00","description":"AXIS-Y Spot the Difference Blemish Treatment Serum 15 ml ramina u\u017edegim\u0105, ma\u017eina spuogelius, \u0161velniai eksfoliuoja ir padeda sulyginti odos tekst\u016br\u0105.","breadcrumb":{"@id":"https:\/\/www.malinashop.lt\/lt_lt\/shop\/axis-y-spot-the-difference-serumas-spuogeliams-ir-uzdegimams-15ml\/#breadcrumb"},"inLanguage":"lt-LT","potentialAction":[{"@type":"ReadAction","target":["https:\/\/www.malinashop.lt\/lt_lt\/shop\/axis-y-spot-the-difference-serumas-spuogeliams-ir-uzdegimams-15ml\/"]}]},{"@type":"ImageObject","inLanguage":"lt-LT","@id":"https:\/\/www.malinashop.lt\/lt_lt\/shop\/axis-y-spot-the-difference-serumas-spuogeliams-ir-uzdegimams-15ml\/#primaryimage","url":"https:\/\/www.malinashop.lt\/wp-content\/uploads\/2026\/01\/AXIS-Y-Spot-the-Difference-serumas-spuogeliams-ir-uzdegimams-15ml.jpg","contentUrl":"https:\/\/www.malinashop.lt\/wp-content\/uploads\/2026\/01\/AXIS-Y-Spot-the-Difference-serumas-spuogeliams-ir-uzdegimams-15ml.jpg","width":800,"height":800},{"@type":"BreadcrumbList","@id":"https:\/\/www.malinashop.lt\/lt_lt\/shop\/axis-y-spot-the-difference-serumas-spuogeliams-ir-uzdegimams-15ml\/#breadcrumb","itemListElement":[{"@type":"ListItem","position":1,"name":"Home","item":"https:\/\/www.malinashop.lt\/en\/"},{"@type":"ListItem","position":2,"name":"Parduotuv\u0117","item":"https:\/\/www.malinashop.lt\/en\/parduotuve\/"},{"@type":"ListItem","position":3,"name":"AXIS-Y Spot the Difference serumas spuogeliams ir u\u017edegimams, 15ml"}]},{"@type":"WebSite","@id":"https:\/\/www.malinashop.lt\/en\/#website","url":"https:\/\/www.malinashop.lt\/en\/","name":"COM Group Ecommerce","description":"MalinaShop.lt - Gro\u017eio ir sveikatos produktai i\u0161 patikim\u0173 preki\u0173 \u017eenkl\u0173. Atraskite auk\u0161tos kokyb\u0117s kosmetik\u0105 u\u017e puiki\u0105 kain\u0105.","publisher":{"@id":"https:\/\/www.malinashop.lt\/en\/#organization"},"potentialAction":[{"@type":"SearchAction","target":{"@type":"EntryPoint","urlTemplate":"https:\/\/www.malinashop.lt\/en\/?s={search_term_string}"},"query-input":{"@type":"PropertyValueSpecification","valueRequired":true,"valueName":"search_term_string"}}],"inLanguage":"lt-LT"},{"@type":"Organization","@id":"https:\/\/www.malinashop.lt\/en\/#organization","name":"COM Group Ecommerce","url":"https:\/\/www.malinashop.lt\/en\/","logo":{"@type":"ImageObject","inLanguage":"lt-LT","@id":"https:\/\/www.malinashop.lt\/en\/#\/schema\/logo\/image\/","url":"https:\/\/www.malinashop.lt\/wp-content\/uploads\/2024\/08\/462559670_3787732518133670_9795632669273463_n-e1731525914575.png","contentUrl":"https:\/\/www.malinashop.lt\/wp-content\/uploads\/2024\/08\/462559670_3787732518133670_9795632669273463_n-e1731525914575.png","width":180,"height":60,"caption":"COM Group Ecommerce"},"image":{"@id":"https:\/\/www.malinashop.lt\/en\/#\/schema\/logo\/image\/"}}]}},"jetpack_sharing_enabled":true,"_links":{"self":[{"href":"https:\/\/www.malinashop.lt\/lt_lt\/wp-json\/wp\/v2\/product\/73528","targetHints":{"allow":["GET"]}}],"collection":[{"href":"https:\/\/www.malinashop.lt\/lt_lt\/wp-json\/wp\/v2\/product"}],"about":[{"href":"https:\/\/www.malinashop.lt\/lt_lt\/wp-json\/wp\/v2\/types\/product"}],"version-history":[{"count":1,"href":"https:\/\/www.malinashop.lt\/lt_lt\/wp-json\/wp\/v2\/product\/73528\/revisions"}],"predecessor-version":[{"id":73530,"href":"https:\/\/www.malinashop.lt\/lt_lt\/wp-json\/wp\/v2\/product\/73528\/revisions\/73530"}],"wp:featuredmedia":[{"embeddable":true,"href":"https:\/\/www.malinashop.lt\/lt_lt\/wp-json\/wp\/v2\/media\/73529"}],"wp:attachment":[{"href":"https:\/\/www.malinashop.lt\/lt_lt\/wp-json\/wp\/v2\/media?parent=73528"}],"wp:term":[{"taxonomy":"product_brand","embeddable":true,"href":"https:\/\/www.malinashop.lt\/lt_lt\/wp-json\/wp\/v2\/product_brand?post=73528"},{"taxonomy":"product_cat","embeddable":true,"href":"https:\/\/www.malinashop.lt\/lt_lt\/wp-json\/wp\/v2\/product_cat?post=73528"},{"taxonomy":"product_tag","embeddable":true,"href":"https:\/\/www.malinashop.lt\/lt_lt\/wp-json\/wp\/v2\/product_tag?post=73528"}],"curies":[{"name":"wp","href":"https:\/\/api.w.org\/{rel}","templated":true}]}}