{"id":73522,"date":"2026-01-31T12:00:47","date_gmt":"2026-01-31T09:00:47","guid":{"rendered":"https:\/\/malinashop.lt\/?post_type=product&#038;p=73522"},"modified":"2026-04-08T00:21:29","modified_gmt":"2026-04-07T21:21:29","slug":"axis-y-veganiskas-kolageno-paakiu-serumas-su-aplikatoriumi-10ml","status":"publish","type":"product","link":"https:\/\/www.malinashop.lt\/lt_lt\/shop\/axis-y-veganiskas-kolageno-paakiu-serumas-su-aplikatoriumi-10ml\/","title":{"rendered":"AXIS-Y vegani\u0161kas kolageno paaki\u0173 serumas su aplikatoriumi, 10ml"},"content":{"rendered":"<p data-start=\"88\" data-end=\"519\">AXIS-Y Vegan Collagen Eye Serum \u2013 lengvas, greitai \u012fsigeriantis paaki\u0173 serumas, skirtas kovai su smulkiomis rauk\u0161lel\u0117mis, patinimu ir tamsiais ratilais. Maitinanti formul\u0117 suteikia komfort\u0105 plonai ir jautriai paaki\u0173 odai, padeda j\u0105 sudr\u0117kinti ir vizualiai \u201eatgaivinti\u201c \u017evilgsn\u012f. Serumas turi unikal\u0173 <strong data-start=\"388\" data-end=\"401\">CoolTouch<\/strong> aplikatori\u0173, kuris skirtas \u0161velniam paaki\u0173 masa\u017eui \u2013 jis padeda tolygiai paskirstyti priemon\u0119 ir pagerinti \u012fsig\u0117rim\u0105.<\/p>\n<p data-start=\"521\" data-end=\"809\">Formul\u0117je esantis niacinamidas ir adenozinas padeda gerinti odos i\u0161vaizd\u0105, hialurono r\u016bg\u0161ties kompleksas dr\u0117kina, o peptidai palaiko elastingum\u0105 ir stangrum\u0105. Augaliniai ekstraktai (obuoli\u0173, vynuogi\u0173, fig\u0173, papajos ir kt.) suteikia odai gaivumo, o ceramidai padeda stiprinti odos barjer\u0105.<\/p>\n<p data-start=\"811\" data-end=\"838\"><strong data-start=\"811\" data-end=\"838\">Pagrindiniai privalumai<\/strong><\/p>\n<ul data-start=\"839\" data-end=\"1091\">\n<li data-start=\"839\" data-end=\"904\">\n<p data-start=\"841\" data-end=\"904\">Padeda ma\u017einti smulkias rauk\u0161leles, patinim\u0105 ir tamsius ratilus<\/p>\n<\/li>\n<li data-start=\"905\" data-end=\"941\">\n<p data-start=\"907\" data-end=\"941\">Greitai \u012fsigeria, neapsunkina odos<\/p>\n<\/li>\n<li data-start=\"942\" data-end=\"978\">\n<p data-start=\"944\" data-end=\"978\">Tinka plonai, jautriai paaki\u0173 odai<\/p>\n<\/li>\n<li data-start=\"979\" data-end=\"1044\">\n<p data-start=\"981\" data-end=\"1044\">CoolTouch aplikatorius \u0161velniam masa\u017eui ir geresniam \u012fsig\u0117rimui<\/p>\n<\/li>\n<li data-start=\"1045\" data-end=\"1091\">\n<p data-start=\"1047\" data-end=\"1091\">Dr\u0117kina, maitina ir palaiko odos elastingum\u0105<\/p>\n<\/li>\n<\/ul>\n<p data-start=\"1093\" data-end=\"1268\"><strong data-start=\"1093\" data-end=\"1107\">Naudojimas<\/strong><br \/>\nPaspauskite dozatori\u0173. Naudodami aplikatori\u0173 \u0161velniai paskirstykite serum\u0105 paaki\u0173 srityje. Masa\u017euokite od\u0105 auk\u0161tyn, sukamaisiais judesiais, kad geriau \u012fsigert\u0173.<\/p>\n<p data-start=\"1270\" data-end=\"1545\"><strong data-start=\"1270\" data-end=\"1283\">\u012esp\u0117jimai<\/strong><br \/>\nTik i\u0161oriniam naudojimui. Naudoti pagal instrukcijas. Vengti patekimo \u012f akis. Laikyti vaikams nepasiekiamoje vietoje. Netepkite ant gleivini\u0173 ir pa\u017eeistos odos. Sudirginimo atveju nedelsiant nutraukite naudojim\u0105. Laikyti ne auk\u0161tesn\u0117je kaip 25 \u00b0C temperat\u016broje.<\/p>\n<p data-start=\"1547\" data-end=\"2533\"><strong data-start=\"1547\" data-end=\"1565\">Sud\u0117tis (INCI)<\/strong><br \/>\nAqua, Methylpropanediol, Glycerin, 1,2-Hexanediol, Niacinamide, Adenosine, Collagen(450Ppm), Sodium Hyaluronate, Hydrolyzed Hyaluronic Acid, Sodium Acetylated Hyaluronate, Tripeptide-1, Palmitoyl Pentapeptide-4, Hexapeptide-9, Acetyl Hexapeptide-8, Copper Tripeptide-1, Pyrus Malus (Apple) Fruit Extract, Prunus Mume Fruit Extract, Vitis Vinifera (Grape) Fruit Extract, Helianthus Annuus (Sunflower) Seed Oil, Simmondsia Chinensis (Jojoba) Seed Oil, Limnanthes Alba (Meadowfoam) Seed Oil, Carica Papaya (Papaya) Fruit Extract, Centella Asiatica Extract, Ficus Carica (Fig) Fruit Extract, Ulmus Davidiana Root Extract, Amaranthus Caudatus Seed Extract, Ceramide NP, Hydrogenated Lecithin, Leuconostoc\/Radish Root Ferment Filtrate, Butylene Glycol, Hydroxyethyl Acrylate\/Sodium Acryloyldimethyl Taurate Copolymer, C13-14 Alkane, Sodium Acrylic Acid\/MA Copolymer, C15-23 Alkane, Ethylhexylglycerin, Decyl Glucoside, Caprylyl Glycol, Polyglyceryl-10 Stearate, Tocopherol.<\/p>\n","protected":false},"excerpt":{"rendered":"<p>Greitai \u012fsigeriantis paaki\u0173 serumas su CoolTouch aplikatoriumi, peptidais ir hialuronu. Padeda ma\u017einti patinim\u0105, tamsius ratilus ir smulkias rauk\u0161leles.<\/p>\n","protected":false},"featured_media":73523,"template":"","meta":[],"product_brand":[1579],"product_cat":[549,562,728],"product_tag":[1591],"class_list":{"0":"post-73522","1":"product","2":"type-product","3":"status-publish","4":"has-post-thumbnail","6":"product_brand-axis-y","7":"product_cat-paakiu-prieziuros-priemones","8":"product_cat-sandelio-valymas","9":"product_cat-veidui","10":"product_tag-axis-y","12":"first","13":"instock","14":"sale","15":"taxable","16":"shipping-taxable","17":"purchasable","18":"product-type-simple"},"yoast_head":"<!-- This site is optimized with the Yoast SEO plugin v27.4 - https:\/\/yoast.com\/product\/yoast-seo-wordpress\/ -->\n<title>AXIS-Y vegani\u0161kas kolageno paaki\u0173 serumas su aplikatoriumi, 10ml - MalinaShop.lt J\u016bs\u0173 sveikatai ir gro\u017eiui.<\/title>\n<meta name=\"description\" content=\"AXIS-Y Vegan Collagen Eye Serum 10 ml ma\u017eina patinim\u0105, tamsius ratilus ir smulkias rauk\u0161leles, dr\u0117kina paaki\u0173 od\u0105 ir greitai \u012fsigeria.\" \/>\n<meta name=\"robots\" content=\"index, follow, max-snippet:-1, max-image-preview:large, max-video-preview:-1\" \/>\n<link rel=\"canonical\" href=\"https:\/\/www.malinashop.lt\/lt_lt\/shop\/axis-y-veganiskas-kolageno-paakiu-serumas-su-aplikatoriumi-10ml\/\" \/>\n<meta property=\"og:locale\" content=\"lt_LT\" \/>\n<meta property=\"og:type\" content=\"article\" \/>\n<meta property=\"og:title\" content=\"AXIS-Y vegani\u0161kas kolageno paaki\u0173 serumas su aplikatoriumi, 10ml - MalinaShop.lt J\u016bs\u0173 sveikatai ir gro\u017eiui.\" \/>\n<meta property=\"og:description\" content=\"AXIS-Y Vegan Collagen Eye Serum 10 ml ma\u017eina patinim\u0105, tamsius ratilus ir smulkias rauk\u0161leles, dr\u0117kina paaki\u0173 od\u0105 ir greitai \u012fsigeria.\" \/>\n<meta property=\"og:url\" content=\"https:\/\/www.malinashop.lt\/lt_lt\/shop\/axis-y-veganiskas-kolageno-paakiu-serumas-su-aplikatoriumi-10ml\/\" \/>\n<meta property=\"og:site_name\" content=\"MalinaShop.lt J\u016bs\u0173 sveikatai ir gro\u017eiui.\" \/>\n<meta property=\"article:modified_time\" content=\"2026-04-07T21:21:29+00:00\" \/>\n<meta property=\"og:image\" content=\"https:\/\/www.malinashop.lt\/wp-content\/uploads\/2026\/01\/AXIS-Y-veganiskas-kolageno-paakiu-serumas-su-aplikatoriumi-10-ml.jpg\" \/>\n\t<meta property=\"og:image:width\" content=\"800\" \/>\n\t<meta property=\"og:image:height\" content=\"800\" \/>\n\t<meta property=\"og:image:type\" content=\"image\/jpeg\" \/>\n<meta name=\"twitter:card\" content=\"summary_large_image\" \/>\n<script type=\"application\/ld+json\" class=\"yoast-schema-graph\">{\"@context\":\"https:\\\/\\\/schema.org\",\"@graph\":[{\"@type\":\"WebPage\",\"@id\":\"https:\\\/\\\/www.malinashop.lt\\\/lt_lt\\\/shop\\\/axis-y-veganiskas-kolageno-paakiu-serumas-su-aplikatoriumi-10ml\\\/\",\"url\":\"https:\\\/\\\/www.malinashop.lt\\\/lt_lt\\\/shop\\\/axis-y-veganiskas-kolageno-paakiu-serumas-su-aplikatoriumi-10ml\\\/\",\"name\":\"AXIS-Y vegani\u0161kas kolageno paaki\u0173 serumas su aplikatoriumi, 10ml - MalinaShop.lt J\u016bs\u0173 sveikatai ir gro\u017eiui.\",\"isPartOf\":{\"@id\":\"https:\\\/\\\/www.malinashop.lt\\\/#website\"},\"primaryImageOfPage\":{\"@id\":\"https:\\\/\\\/www.malinashop.lt\\\/lt_lt\\\/shop\\\/axis-y-veganiskas-kolageno-paakiu-serumas-su-aplikatoriumi-10ml\\\/#primaryimage\"},\"image\":{\"@id\":\"https:\\\/\\\/www.malinashop.lt\\\/lt_lt\\\/shop\\\/axis-y-veganiskas-kolageno-paakiu-serumas-su-aplikatoriumi-10ml\\\/#primaryimage\"},\"thumbnailUrl\":\"https:\\\/\\\/www.malinashop.lt\\\/wp-content\\\/uploads\\\/2026\\\/01\\\/AXIS-Y-veganiskas-kolageno-paakiu-serumas-su-aplikatoriumi-10-ml.jpg\",\"datePublished\":\"2026-01-31T09:00:47+00:00\",\"dateModified\":\"2026-04-07T21:21:29+00:00\",\"description\":\"AXIS-Y Vegan Collagen Eye Serum 10 ml ma\u017eina patinim\u0105, tamsius ratilus ir smulkias rauk\u0161leles, dr\u0117kina paaki\u0173 od\u0105 ir greitai \u012fsigeria.\",\"breadcrumb\":{\"@id\":\"https:\\\/\\\/www.malinashop.lt\\\/lt_lt\\\/shop\\\/axis-y-veganiskas-kolageno-paakiu-serumas-su-aplikatoriumi-10ml\\\/#breadcrumb\"},\"inLanguage\":\"lt-LT\",\"potentialAction\":[{\"@type\":\"ReadAction\",\"target\":[\"https:\\\/\\\/www.malinashop.lt\\\/lt_lt\\\/shop\\\/axis-y-veganiskas-kolageno-paakiu-serumas-su-aplikatoriumi-10ml\\\/\"]}]},{\"@type\":\"ImageObject\",\"inLanguage\":\"lt-LT\",\"@id\":\"https:\\\/\\\/www.malinashop.lt\\\/lt_lt\\\/shop\\\/axis-y-veganiskas-kolageno-paakiu-serumas-su-aplikatoriumi-10ml\\\/#primaryimage\",\"url\":\"https:\\\/\\\/www.malinashop.lt\\\/wp-content\\\/uploads\\\/2026\\\/01\\\/AXIS-Y-veganiskas-kolageno-paakiu-serumas-su-aplikatoriumi-10-ml.jpg\",\"contentUrl\":\"https:\\\/\\\/www.malinashop.lt\\\/wp-content\\\/uploads\\\/2026\\\/01\\\/AXIS-Y-veganiskas-kolageno-paakiu-serumas-su-aplikatoriumi-10-ml.jpg\",\"width\":800,\"height\":800},{\"@type\":\"BreadcrumbList\",\"@id\":\"https:\\\/\\\/www.malinashop.lt\\\/lt_lt\\\/shop\\\/axis-y-veganiskas-kolageno-paakiu-serumas-su-aplikatoriumi-10ml\\\/#breadcrumb\",\"itemListElement\":[{\"@type\":\"ListItem\",\"position\":1,\"name\":\"Pagrindinis\",\"item\":\"https:\\\/\\\/www.malinashop.lt\\\/\"},{\"@type\":\"ListItem\",\"position\":2,\"name\":\"Parduotuv\u0117\",\"item\":\"https:\\\/\\\/www.malinashop.lt\\\/en\\\/parduotuve\\\/\"},{\"@type\":\"ListItem\",\"position\":3,\"name\":\"AXIS-Y vegani\u0161kas kolageno paaki\u0173 serumas su aplikatoriumi, 10ml\"}]},{\"@type\":\"WebSite\",\"@id\":\"https:\\\/\\\/www.malinashop.lt\\\/#website\",\"url\":\"https:\\\/\\\/www.malinashop.lt\\\/\",\"name\":\"COM Group Ecommerce\",\"description\":\"MalinaShop.lt - Gro\u017eio ir sveikatos produktai i\u0161 patikim\u0173 preki\u0173 \u017eenkl\u0173. Atraskite auk\u0161tos kokyb\u0117s kosmetik\u0105 u\u017e puiki\u0105 kain\u0105.\",\"publisher\":{\"@id\":\"https:\\\/\\\/www.malinashop.lt\\\/#organization\"},\"potentialAction\":[{\"@type\":\"SearchAction\",\"target\":{\"@type\":\"EntryPoint\",\"urlTemplate\":\"https:\\\/\\\/www.malinashop.lt\\\/?s={search_term_string}\"},\"query-input\":{\"@type\":\"PropertyValueSpecification\",\"valueRequired\":true,\"valueName\":\"search_term_string\"}}],\"inLanguage\":\"lt-LT\"},{\"@type\":\"Organization\",\"@id\":\"https:\\\/\\\/www.malinashop.lt\\\/#organization\",\"name\":\"COM Group Ecommerce\",\"url\":\"https:\\\/\\\/www.malinashop.lt\\\/\",\"logo\":{\"@type\":\"ImageObject\",\"inLanguage\":\"lt-LT\",\"@id\":\"https:\\\/\\\/www.malinashop.lt\\\/#\\\/schema\\\/logo\\\/image\\\/\",\"url\":\"https:\\\/\\\/www.malinashop.lt\\\/wp-content\\\/uploads\\\/2024\\\/08\\\/462559670_3787732518133670_9795632669273463_n-e1731525914575.png\",\"contentUrl\":\"https:\\\/\\\/www.malinashop.lt\\\/wp-content\\\/uploads\\\/2024\\\/08\\\/462559670_3787732518133670_9795632669273463_n-e1731525914575.png\",\"width\":180,\"height\":60,\"caption\":\"COM Group Ecommerce\"},\"image\":{\"@id\":\"https:\\\/\\\/www.malinashop.lt\\\/#\\\/schema\\\/logo\\\/image\\\/\"}}]}<\/script>\n<!-- \/ Yoast SEO plugin. -->","yoast_head_json":{"title":"AXIS-Y vegani\u0161kas kolageno paaki\u0173 serumas su aplikatoriumi, 10ml - MalinaShop.lt J\u016bs\u0173 sveikatai ir gro\u017eiui.","description":"AXIS-Y Vegan Collagen Eye Serum 10 ml ma\u017eina patinim\u0105, tamsius ratilus ir smulkias rauk\u0161leles, dr\u0117kina paaki\u0173 od\u0105 ir greitai \u012fsigeria.","robots":{"index":"index","follow":"follow","max-snippet":"max-snippet:-1","max-image-preview":"max-image-preview:large","max-video-preview":"max-video-preview:-1"},"canonical":"https:\/\/www.malinashop.lt\/lt_lt\/shop\/axis-y-veganiskas-kolageno-paakiu-serumas-su-aplikatoriumi-10ml\/","og_locale":"lt_LT","og_type":"article","og_title":"AXIS-Y vegani\u0161kas kolageno paaki\u0173 serumas su aplikatoriumi, 10ml - MalinaShop.lt J\u016bs\u0173 sveikatai ir gro\u017eiui.","og_description":"AXIS-Y Vegan Collagen Eye Serum 10 ml ma\u017eina patinim\u0105, tamsius ratilus ir smulkias rauk\u0161leles, dr\u0117kina paaki\u0173 od\u0105 ir greitai \u012fsigeria.","og_url":"https:\/\/www.malinashop.lt\/lt_lt\/shop\/axis-y-veganiskas-kolageno-paakiu-serumas-su-aplikatoriumi-10ml\/","og_site_name":"MalinaShop.lt J\u016bs\u0173 sveikatai ir gro\u017eiui.","article_modified_time":"2026-04-07T21:21:29+00:00","og_image":[{"width":800,"height":800,"url":"https:\/\/www.malinashop.lt\/wp-content\/uploads\/2026\/01\/AXIS-Y-veganiskas-kolageno-paakiu-serumas-su-aplikatoriumi-10-ml.jpg","type":"image\/jpeg"}],"twitter_card":"summary_large_image","schema":{"@context":"https:\/\/schema.org","@graph":[{"@type":"WebPage","@id":"https:\/\/www.malinashop.lt\/lt_lt\/shop\/axis-y-veganiskas-kolageno-paakiu-serumas-su-aplikatoriumi-10ml\/","url":"https:\/\/www.malinashop.lt\/lt_lt\/shop\/axis-y-veganiskas-kolageno-paakiu-serumas-su-aplikatoriumi-10ml\/","name":"AXIS-Y vegani\u0161kas kolageno paaki\u0173 serumas su aplikatoriumi, 10ml - MalinaShop.lt J\u016bs\u0173 sveikatai ir gro\u017eiui.","isPartOf":{"@id":"https:\/\/www.malinashop.lt\/#website"},"primaryImageOfPage":{"@id":"https:\/\/www.malinashop.lt\/lt_lt\/shop\/axis-y-veganiskas-kolageno-paakiu-serumas-su-aplikatoriumi-10ml\/#primaryimage"},"image":{"@id":"https:\/\/www.malinashop.lt\/lt_lt\/shop\/axis-y-veganiskas-kolageno-paakiu-serumas-su-aplikatoriumi-10ml\/#primaryimage"},"thumbnailUrl":"https:\/\/www.malinashop.lt\/wp-content\/uploads\/2026\/01\/AXIS-Y-veganiskas-kolageno-paakiu-serumas-su-aplikatoriumi-10-ml.jpg","datePublished":"2026-01-31T09:00:47+00:00","dateModified":"2026-04-07T21:21:29+00:00","description":"AXIS-Y Vegan Collagen Eye Serum 10 ml ma\u017eina patinim\u0105, tamsius ratilus ir smulkias rauk\u0161leles, dr\u0117kina paaki\u0173 od\u0105 ir greitai \u012fsigeria.","breadcrumb":{"@id":"https:\/\/www.malinashop.lt\/lt_lt\/shop\/axis-y-veganiskas-kolageno-paakiu-serumas-su-aplikatoriumi-10ml\/#breadcrumb"},"inLanguage":"lt-LT","potentialAction":[{"@type":"ReadAction","target":["https:\/\/www.malinashop.lt\/lt_lt\/shop\/axis-y-veganiskas-kolageno-paakiu-serumas-su-aplikatoriumi-10ml\/"]}]},{"@type":"ImageObject","inLanguage":"lt-LT","@id":"https:\/\/www.malinashop.lt\/lt_lt\/shop\/axis-y-veganiskas-kolageno-paakiu-serumas-su-aplikatoriumi-10ml\/#primaryimage","url":"https:\/\/www.malinashop.lt\/wp-content\/uploads\/2026\/01\/AXIS-Y-veganiskas-kolageno-paakiu-serumas-su-aplikatoriumi-10-ml.jpg","contentUrl":"https:\/\/www.malinashop.lt\/wp-content\/uploads\/2026\/01\/AXIS-Y-veganiskas-kolageno-paakiu-serumas-su-aplikatoriumi-10-ml.jpg","width":800,"height":800},{"@type":"BreadcrumbList","@id":"https:\/\/www.malinashop.lt\/lt_lt\/shop\/axis-y-veganiskas-kolageno-paakiu-serumas-su-aplikatoriumi-10ml\/#breadcrumb","itemListElement":[{"@type":"ListItem","position":1,"name":"Pagrindinis","item":"https:\/\/www.malinashop.lt\/"},{"@type":"ListItem","position":2,"name":"Parduotuv\u0117","item":"https:\/\/www.malinashop.lt\/en\/parduotuve\/"},{"@type":"ListItem","position":3,"name":"AXIS-Y vegani\u0161kas kolageno paaki\u0173 serumas su aplikatoriumi, 10ml"}]},{"@type":"WebSite","@id":"https:\/\/www.malinashop.lt\/#website","url":"https:\/\/www.malinashop.lt\/","name":"COM Group Ecommerce","description":"MalinaShop.lt - Gro\u017eio ir sveikatos produktai i\u0161 patikim\u0173 preki\u0173 \u017eenkl\u0173. Atraskite auk\u0161tos kokyb\u0117s kosmetik\u0105 u\u017e puiki\u0105 kain\u0105.","publisher":{"@id":"https:\/\/www.malinashop.lt\/#organization"},"potentialAction":[{"@type":"SearchAction","target":{"@type":"EntryPoint","urlTemplate":"https:\/\/www.malinashop.lt\/?s={search_term_string}"},"query-input":{"@type":"PropertyValueSpecification","valueRequired":true,"valueName":"search_term_string"}}],"inLanguage":"lt-LT"},{"@type":"Organization","@id":"https:\/\/www.malinashop.lt\/#organization","name":"COM Group Ecommerce","url":"https:\/\/www.malinashop.lt\/","logo":{"@type":"ImageObject","inLanguage":"lt-LT","@id":"https:\/\/www.malinashop.lt\/#\/schema\/logo\/image\/","url":"https:\/\/www.malinashop.lt\/wp-content\/uploads\/2024\/08\/462559670_3787732518133670_9795632669273463_n-e1731525914575.png","contentUrl":"https:\/\/www.malinashop.lt\/wp-content\/uploads\/2024\/08\/462559670_3787732518133670_9795632669273463_n-e1731525914575.png","width":180,"height":60,"caption":"COM Group Ecommerce"},"image":{"@id":"https:\/\/www.malinashop.lt\/#\/schema\/logo\/image\/"}}]}},"jetpack_sharing_enabled":true,"_links":{"self":[{"href":"https:\/\/www.malinashop.lt\/lt_lt\/wp-json\/wp\/v2\/product\/73522","targetHints":{"allow":["GET"]}}],"collection":[{"href":"https:\/\/www.malinashop.lt\/lt_lt\/wp-json\/wp\/v2\/product"}],"about":[{"href":"https:\/\/www.malinashop.lt\/lt_lt\/wp-json\/wp\/v2\/types\/product"}],"version-history":[{"count":1,"href":"https:\/\/www.malinashop.lt\/lt_lt\/wp-json\/wp\/v2\/product\/73522\/revisions"}],"predecessor-version":[{"id":73524,"href":"https:\/\/www.malinashop.lt\/lt_lt\/wp-json\/wp\/v2\/product\/73522\/revisions\/73524"}],"wp:featuredmedia":[{"embeddable":true,"href":"https:\/\/www.malinashop.lt\/lt_lt\/wp-json\/wp\/v2\/media\/73523"}],"wp:attachment":[{"href":"https:\/\/www.malinashop.lt\/lt_lt\/wp-json\/wp\/v2\/media?parent=73522"}],"wp:term":[{"taxonomy":"product_brand","embeddable":true,"href":"https:\/\/www.malinashop.lt\/lt_lt\/wp-json\/wp\/v2\/product_brand?post=73522"},{"taxonomy":"product_cat","embeddable":true,"href":"https:\/\/www.malinashop.lt\/lt_lt\/wp-json\/wp\/v2\/product_cat?post=73522"},{"taxonomy":"product_tag","embeddable":true,"href":"https:\/\/www.malinashop.lt\/lt_lt\/wp-json\/wp\/v2\/product_tag?post=73522"}],"curies":[{"name":"wp","href":"https:\/\/api.w.org\/{rel}","templated":true}]}}