{"id":73492,"date":"2026-01-30T00:02:43","date_gmt":"2026-01-29T21:02:43","guid":{"rendered":"https:\/\/malinashop.lt\/?post_type=product&#038;p=73492"},"modified":"2026-04-08T00:51:22","modified_gmt":"2026-04-07T21:51:22","slug":"medi-peel-hyaluron-rose-peptide-9-paakiu-hidrogelines-pagalveles-60-vnt","status":"publish","type":"product","link":"https:\/\/www.malinashop.lt\/lt_lt\/shop\/medi-peel-hyaluron-rose-peptide-9-paakiu-hidrogelines-pagalveles-60-vnt\/","title":{"rendered":"MEDI-PEEL Hyaluron Rose Peptide 9 paaki\u0173 hidrogelin\u0117s pagalv\u0117l\u0117s 60 vnt."},"content":{"rendered":"<p data-start=\"96\" data-end=\"511\">MEDI-PEEL Hyaluron Rose Peptide 9 \u2013 universalios paaki\u0173 hidrogelin\u0117s pagalv\u0117l\u0117s su ro\u017ei\u0173 ekstraktais, 9 peptid\u0173 kompleksu ir 7 tip\u0173 hialurono r\u016bg\u0161timi, skirtos visapusei paaki\u0173 odos prie\u017ei\u016brai. Jos padeda ma\u017einti smulkias rauk\u0161leles, patinim\u0105, tamsius ratilus, pigmentines d\u0117meles bei sausumo poj\u016bt\u012f. Suteikia liftingo efekt\u0105, stangrina ir stiprina od\u0105, intensyviai dr\u0117kina ir padeda apsisaugoti nuo dehidratacijos.<\/p>\n<p data-start=\"513\" data-end=\"883\">Ro\u017ei\u0173 (Damasko, centifolijos ir pranc\u016bzi\u0161kos ro\u017e\u0117s) ekstraktai kartu su uog\u0173 ir augal\u0173 ekstraktais padeda suteikti odai skaistesn\u012f, tolygesn\u012f ton\u0105, vizualiai \u201eatgaivina\u201c \u017evilgsn\u012f ir suteikia pails\u0117jus\u012f \u012fvaizd\u012f. Peptidai palaiko kolageno ir elastino sintez\u0119, tod\u0117l did\u0117ja odos elastingumas, o pagalv\u0117l\u0117s tinka tiek esamiems sen\u0117jimo po\u017eymiams ma\u017einti, tiek profilaktikai.<\/p>\n<p data-start=\"885\" data-end=\"912\"><strong data-start=\"885\" data-end=\"912\">Pagrindiniai privalumai<\/strong><\/p>\n<ul data-start=\"913\" data-end=\"1190\">\n<li data-start=\"913\" data-end=\"967\">\n<p data-start=\"915\" data-end=\"967\">Padeda ma\u017einti smulkias rauk\u0161leles, liftingo efektas<\/p>\n<\/li>\n<li data-start=\"968\" data-end=\"1029\">\n<p data-start=\"970\" data-end=\"1029\">Ma\u017eina patinim\u0105, tamsius ratilus ir odos nuovargio po\u017eymius<\/p>\n<\/li>\n<li data-start=\"1030\" data-end=\"1083\">\n<p data-start=\"1032\" data-end=\"1083\">Intensyviai dr\u0117kina, padeda i\u0161vengti dehidratacijos<\/p>\n<\/li>\n<li data-start=\"1084\" data-end=\"1144\">\n<p data-start=\"1086\" data-end=\"1144\">\u0160velnina, glotnina ir padeda suvienodinti paaki\u0173 odos ton\u0105<\/p>\n<\/li>\n<li data-start=\"1145\" data-end=\"1190\">\n<p data-start=\"1147\" data-end=\"1190\">Tinka brand\u017eiai prie\u017ei\u016brai ir profilaktikai<\/p>\n<\/li>\n<\/ul>\n<p data-start=\"1192\" data-end=\"1340\"><strong data-start=\"1192\" data-end=\"1206\">Naudojimas<\/strong><br \/>\nU\u017ed\u0117kite pagalv\u0117les ant norimos vietos ant \u0161varios, tonizuotos odos. Po 20\u201330 min. nuimkite ir likusi\u0105 esencij\u0105 \u0161velniai \u012ftap\u0161nokite.<\/p>\n<p data-start=\"1342\" data-end=\"1617\"><strong data-start=\"1342\" data-end=\"1355\">\u012esp\u0117jimai<\/strong><br \/>\nTik i\u0161oriniam naudojimui. Naudoti pagal instrukcijas. Vengti patekimo \u012f akis. Laikyti vaikams nepasiekiamoje vietoje. Netepkite ant gleivini\u0173 ir pa\u017eeistos odos. Sudirginimo atveju nedelsiant nutraukite naudojim\u0105. Laikyti ne auk\u0161tesn\u0117je kaip 25 \u00b0C temperat\u016broje.<\/p>\n<p data-start=\"1619\" data-end=\"3276\"><strong data-start=\"1619\" data-end=\"1637\">Sud\u0117tis (INCI)<\/strong><br \/>\nAqua, Glycerin, Carrageenan, Butylene Glycol, Rosa Damascena Flower Extract(1000Ppm), Rosa Centifolia Flower Extract(1000Ppm), Rosa Gallica Flower Extract(1000Ppm), Punica Granatum Fruit Extract, Rubus Idaeus (Raspberry) Fruit Extract, Cornus Officinalis Fruit Extract, Prunus Serotina (Wild Cherry) Fruit Extract, Vaccinium Macrocarpon (Cranberry) Fruit Extract, Hydrolyzed Hyaluronic Acid(1Ppm), Sodium Acetylated Hyaluronate(1Ppm), Hydroxypropyltrimonium Hyaluronate(10Ppm), Potassium Hyaluronate(0.02Ppm), Sodium Hyaluronate Crosspolymer(0.1Ppm), Hyaluronic Acid(0.25Ppm), Sodium Hyaluronate(110Ppm), Ethylhexylglycerin, Hydrolyzed Elastin, Hydrolyzed Collagen, Acetyl Hexapeptide-8(0.001Ppm), Copper Tripeptide-1(0.001Ppm), Oligopeptide-29(0.0005Ppm), Oligopeptide-32(0.0005Ppm), Palmitoyl Pentapeptide-4(0.0001Ppm), Palmitoyl Tripeptide-1(0.001Ppm), Palmitoyl Tetrapeptide-7(0.005Ppm), Glyceryl Polymethacrylate, Propylene Glycol, Palmitoyl Oligopeptide(0.001Ppm), Palmitoyl Tripeptide-5(0.1Ppm), Propanediol, Pentylene Glycol, Cocos Nucifera (Coconut) Fruit Extract, Pinus Sylvestris Leaf Extract, Allantoin, Ricinus Communis (Castor) Seed Oil, Dipotassium Glycyrrhizate, Betaine, Butyrospermum Parkii (Shea) Butter, Ceratonia Siliqua (Carob) Gum, Sucrose, Cyamopsis Tetragonoloba (Guar) Gum, Cellulose Gum, Potassium Chloride, Calcium Chloride, Calcium Lactate, Caprylic\/Capric Triglyceride, Sorbitan Caprylate, PEG-60 Hydrogenated Castor Oil, Mica, Titanium Dioxide, Tin Oxide, Hydrogenated Polyisobutene, Palmitic Acid, Synthetic Fluorphlogopite, Disodium EDTA, Arginine, Chlorphenesin, Ethyl Hexanediol, 1,2-Hexanediol, Parfum.<\/p>\n","protected":false},"excerpt":{"rendered":"<p>Paaki\u0173 hidrogelin\u0117s pagalv\u0117l\u0117s su ro\u017ei\u0173 ekstraktais, 7 hialurono r\u016bg\u0161\u010di\u0173 kompleksu ir 9 peptidais. Dr\u0117kina, stangrina, ma\u017eina patinim\u0105, tamsius ratilus ir smulkias rauk\u0161leles, suteikia pails\u0117jus\u012f \u017evilgsn\u012f.<\/p>\n","protected":false},"featured_media":73493,"template":"","meta":[],"product_brand":[1574],"product_cat":[549,562,728],"product_tag":[1610],"class_list":{"0":"post-73492","1":"product","2":"type-product","3":"status-publish","4":"has-post-thumbnail","6":"product_brand-medi-peel","7":"product_cat-paakiu-prieziuros-priemones","8":"product_cat-sandelio-valymas","9":"product_cat-veidui","10":"product_tag-medi-peel","12":"first","13":"instock","14":"sale","15":"taxable","16":"shipping-taxable","17":"purchasable","18":"product-type-simple"},"yoast_head":"<!-- This site is optimized with the Yoast SEO plugin v27.3 - https:\/\/yoast.com\/product\/yoast-seo-wordpress\/ -->\n<title>MEDI-PEEL Hyaluron Rose Peptide 9 paaki\u0173 hidrogelin\u0117s pagalv\u0117l\u0117s 60 vnt. - MalinaShop.lt J\u016bs\u0173 sveikatai ir gro\u017eiui.<\/title>\n<meta name=\"description\" content=\"Paaki\u0173 pagalv\u0117l\u0117s su ro\u017e\u0117mis, 7 HA ir 9 peptidais: dr\u0117kina, stangrina, ma\u017eina patinim\u0105 ir tamsius ratilus.\" \/>\n<meta name=\"robots\" content=\"index, follow, max-snippet:-1, max-image-preview:large, max-video-preview:-1\" \/>\n<link rel=\"canonical\" href=\"https:\/\/www.malinashop.lt\/lt_lt\/shop\/medi-peel-hyaluron-rose-peptide-9-paakiu-hidrogelines-pagalveles-60-vnt\/\" \/>\n<meta property=\"og:locale\" content=\"lt_LT\" \/>\n<meta property=\"og:type\" content=\"article\" \/>\n<meta property=\"og:title\" content=\"MEDI-PEEL Hyaluron Rose Peptide 9 paaki\u0173 hidrogelin\u0117s pagalv\u0117l\u0117s 60 vnt. - MalinaShop.lt J\u016bs\u0173 sveikatai ir gro\u017eiui.\" \/>\n<meta property=\"og:description\" content=\"Paaki\u0173 pagalv\u0117l\u0117s su ro\u017e\u0117mis, 7 HA ir 9 peptidais: dr\u0117kina, stangrina, ma\u017eina patinim\u0105 ir tamsius ratilus.\" \/>\n<meta property=\"og:url\" content=\"https:\/\/www.malinashop.lt\/lt_lt\/shop\/medi-peel-hyaluron-rose-peptide-9-paakiu-hidrogelines-pagalveles-60-vnt\/\" \/>\n<meta property=\"og:site_name\" content=\"MalinaShop.lt J\u016bs\u0173 sveikatai ir gro\u017eiui.\" \/>\n<meta property=\"article:modified_time\" content=\"2026-04-07T21:51:22+00:00\" \/>\n<meta property=\"og:image\" content=\"https:\/\/www.malinashop.lt\/wp-content\/uploads\/2026\/01\/MEDI-PEEL-Hyaluron-Rose-Peptide-9-paakiu-hidrogelines-pagalveles-60-vnt.jpg\" \/>\n\t<meta property=\"og:image:width\" content=\"800\" \/>\n\t<meta property=\"og:image:height\" content=\"800\" \/>\n\t<meta property=\"og:image:type\" content=\"image\/jpeg\" \/>\n<meta name=\"twitter:card\" content=\"summary_large_image\" \/>\n<script type=\"application\/ld+json\" class=\"yoast-schema-graph\">{\"@context\":\"https:\\\/\\\/schema.org\",\"@graph\":[{\"@type\":\"WebPage\",\"@id\":\"https:\\\/\\\/www.malinashop.lt\\\/lt_lt\\\/shop\\\/medi-peel-hyaluron-rose-peptide-9-paakiu-hidrogelines-pagalveles-60-vnt\\\/\",\"url\":\"https:\\\/\\\/www.malinashop.lt\\\/lt_lt\\\/shop\\\/medi-peel-hyaluron-rose-peptide-9-paakiu-hidrogelines-pagalveles-60-vnt\\\/\",\"name\":\"MEDI-PEEL Hyaluron Rose Peptide 9 paaki\u0173 hidrogelin\u0117s pagalv\u0117l\u0117s 60 vnt. - MalinaShop.lt J\u016bs\u0173 sveikatai ir gro\u017eiui.\",\"isPartOf\":{\"@id\":\"https:\\\/\\\/www.malinashop.lt\\\/en\\\/#website\"},\"primaryImageOfPage\":{\"@id\":\"https:\\\/\\\/www.malinashop.lt\\\/lt_lt\\\/shop\\\/medi-peel-hyaluron-rose-peptide-9-paakiu-hidrogelines-pagalveles-60-vnt\\\/#primaryimage\"},\"image\":{\"@id\":\"https:\\\/\\\/www.malinashop.lt\\\/lt_lt\\\/shop\\\/medi-peel-hyaluron-rose-peptide-9-paakiu-hidrogelines-pagalveles-60-vnt\\\/#primaryimage\"},\"thumbnailUrl\":\"https:\\\/\\\/www.malinashop.lt\\\/wp-content\\\/uploads\\\/2026\\\/01\\\/MEDI-PEEL-Hyaluron-Rose-Peptide-9-paakiu-hidrogelines-pagalveles-60-vnt.jpg\",\"datePublished\":\"2026-01-29T21:02:43+00:00\",\"dateModified\":\"2026-04-07T21:51:22+00:00\",\"description\":\"Paaki\u0173 pagalv\u0117l\u0117s su ro\u017e\u0117mis, 7 HA ir 9 peptidais: dr\u0117kina, stangrina, ma\u017eina patinim\u0105 ir tamsius ratilus.\",\"breadcrumb\":{\"@id\":\"https:\\\/\\\/www.malinashop.lt\\\/lt_lt\\\/shop\\\/medi-peel-hyaluron-rose-peptide-9-paakiu-hidrogelines-pagalveles-60-vnt\\\/#breadcrumb\"},\"inLanguage\":\"lt-LT\",\"potentialAction\":[{\"@type\":\"ReadAction\",\"target\":[\"https:\\\/\\\/www.malinashop.lt\\\/lt_lt\\\/shop\\\/medi-peel-hyaluron-rose-peptide-9-paakiu-hidrogelines-pagalveles-60-vnt\\\/\"]}]},{\"@type\":\"ImageObject\",\"inLanguage\":\"lt-LT\",\"@id\":\"https:\\\/\\\/www.malinashop.lt\\\/lt_lt\\\/shop\\\/medi-peel-hyaluron-rose-peptide-9-paakiu-hidrogelines-pagalveles-60-vnt\\\/#primaryimage\",\"url\":\"https:\\\/\\\/www.malinashop.lt\\\/wp-content\\\/uploads\\\/2026\\\/01\\\/MEDI-PEEL-Hyaluron-Rose-Peptide-9-paakiu-hidrogelines-pagalveles-60-vnt.jpg\",\"contentUrl\":\"https:\\\/\\\/www.malinashop.lt\\\/wp-content\\\/uploads\\\/2026\\\/01\\\/MEDI-PEEL-Hyaluron-Rose-Peptide-9-paakiu-hidrogelines-pagalveles-60-vnt.jpg\",\"width\":800,\"height\":800},{\"@type\":\"BreadcrumbList\",\"@id\":\"https:\\\/\\\/www.malinashop.lt\\\/lt_lt\\\/shop\\\/medi-peel-hyaluron-rose-peptide-9-paakiu-hidrogelines-pagalveles-60-vnt\\\/#breadcrumb\",\"itemListElement\":[{\"@type\":\"ListItem\",\"position\":1,\"name\":\"Home\",\"item\":\"https:\\\/\\\/www.malinashop.lt\\\/en\\\/\"},{\"@type\":\"ListItem\",\"position\":2,\"name\":\"Parduotuv\u0117\",\"item\":\"https:\\\/\\\/www.malinashop.lt\\\/en\\\/parduotuve\\\/\"},{\"@type\":\"ListItem\",\"position\":3,\"name\":\"MEDI-PEEL Hyaluron Rose Peptide 9 paaki\u0173 hidrogelin\u0117s pagalv\u0117l\u0117s 60 vnt.\"}]},{\"@type\":\"WebSite\",\"@id\":\"https:\\\/\\\/www.malinashop.lt\\\/en\\\/#website\",\"url\":\"https:\\\/\\\/www.malinashop.lt\\\/en\\\/\",\"name\":\"COM Group Ecommerce\",\"description\":\"MalinaShop.lt - Gro\u017eio ir sveikatos produktai i\u0161 patikim\u0173 preki\u0173 \u017eenkl\u0173. Atraskite auk\u0161tos kokyb\u0117s kosmetik\u0105 u\u017e puiki\u0105 kain\u0105.\",\"publisher\":{\"@id\":\"https:\\\/\\\/www.malinashop.lt\\\/en\\\/#organization\"},\"potentialAction\":[{\"@type\":\"SearchAction\",\"target\":{\"@type\":\"EntryPoint\",\"urlTemplate\":\"https:\\\/\\\/www.malinashop.lt\\\/en\\\/?s={search_term_string}\"},\"query-input\":{\"@type\":\"PropertyValueSpecification\",\"valueRequired\":true,\"valueName\":\"search_term_string\"}}],\"inLanguage\":\"lt-LT\"},{\"@type\":\"Organization\",\"@id\":\"https:\\\/\\\/www.malinashop.lt\\\/en\\\/#organization\",\"name\":\"COM Group Ecommerce\",\"url\":\"https:\\\/\\\/www.malinashop.lt\\\/en\\\/\",\"logo\":{\"@type\":\"ImageObject\",\"inLanguage\":\"lt-LT\",\"@id\":\"https:\\\/\\\/www.malinashop.lt\\\/en\\\/#\\\/schema\\\/logo\\\/image\\\/\",\"url\":\"https:\\\/\\\/www.malinashop.lt\\\/wp-content\\\/uploads\\\/2024\\\/08\\\/462559670_3787732518133670_9795632669273463_n-e1731525914575.png\",\"contentUrl\":\"https:\\\/\\\/www.malinashop.lt\\\/wp-content\\\/uploads\\\/2024\\\/08\\\/462559670_3787732518133670_9795632669273463_n-e1731525914575.png\",\"width\":180,\"height\":60,\"caption\":\"COM Group Ecommerce\"},\"image\":{\"@id\":\"https:\\\/\\\/www.malinashop.lt\\\/en\\\/#\\\/schema\\\/logo\\\/image\\\/\"}}]}<\/script>\n<!-- \/ Yoast SEO plugin. -->","yoast_head_json":{"title":"MEDI-PEEL Hyaluron Rose Peptide 9 paaki\u0173 hidrogelin\u0117s pagalv\u0117l\u0117s 60 vnt. - MalinaShop.lt J\u016bs\u0173 sveikatai ir gro\u017eiui.","description":"Paaki\u0173 pagalv\u0117l\u0117s su ro\u017e\u0117mis, 7 HA ir 9 peptidais: dr\u0117kina, stangrina, ma\u017eina patinim\u0105 ir tamsius ratilus.","robots":{"index":"index","follow":"follow","max-snippet":"max-snippet:-1","max-image-preview":"max-image-preview:large","max-video-preview":"max-video-preview:-1"},"canonical":"https:\/\/www.malinashop.lt\/lt_lt\/shop\/medi-peel-hyaluron-rose-peptide-9-paakiu-hidrogelines-pagalveles-60-vnt\/","og_locale":"lt_LT","og_type":"article","og_title":"MEDI-PEEL Hyaluron Rose Peptide 9 paaki\u0173 hidrogelin\u0117s pagalv\u0117l\u0117s 60 vnt. - MalinaShop.lt J\u016bs\u0173 sveikatai ir gro\u017eiui.","og_description":"Paaki\u0173 pagalv\u0117l\u0117s su ro\u017e\u0117mis, 7 HA ir 9 peptidais: dr\u0117kina, stangrina, ma\u017eina patinim\u0105 ir tamsius ratilus.","og_url":"https:\/\/www.malinashop.lt\/lt_lt\/shop\/medi-peel-hyaluron-rose-peptide-9-paakiu-hidrogelines-pagalveles-60-vnt\/","og_site_name":"MalinaShop.lt J\u016bs\u0173 sveikatai ir gro\u017eiui.","article_modified_time":"2026-04-07T21:51:22+00:00","og_image":[{"width":800,"height":800,"url":"https:\/\/www.malinashop.lt\/wp-content\/uploads\/2026\/01\/MEDI-PEEL-Hyaluron-Rose-Peptide-9-paakiu-hidrogelines-pagalveles-60-vnt.jpg","type":"image\/jpeg"}],"twitter_card":"summary_large_image","schema":{"@context":"https:\/\/schema.org","@graph":[{"@type":"WebPage","@id":"https:\/\/www.malinashop.lt\/lt_lt\/shop\/medi-peel-hyaluron-rose-peptide-9-paakiu-hidrogelines-pagalveles-60-vnt\/","url":"https:\/\/www.malinashop.lt\/lt_lt\/shop\/medi-peel-hyaluron-rose-peptide-9-paakiu-hidrogelines-pagalveles-60-vnt\/","name":"MEDI-PEEL Hyaluron Rose Peptide 9 paaki\u0173 hidrogelin\u0117s pagalv\u0117l\u0117s 60 vnt. - MalinaShop.lt J\u016bs\u0173 sveikatai ir gro\u017eiui.","isPartOf":{"@id":"https:\/\/www.malinashop.lt\/en\/#website"},"primaryImageOfPage":{"@id":"https:\/\/www.malinashop.lt\/lt_lt\/shop\/medi-peel-hyaluron-rose-peptide-9-paakiu-hidrogelines-pagalveles-60-vnt\/#primaryimage"},"image":{"@id":"https:\/\/www.malinashop.lt\/lt_lt\/shop\/medi-peel-hyaluron-rose-peptide-9-paakiu-hidrogelines-pagalveles-60-vnt\/#primaryimage"},"thumbnailUrl":"https:\/\/www.malinashop.lt\/wp-content\/uploads\/2026\/01\/MEDI-PEEL-Hyaluron-Rose-Peptide-9-paakiu-hidrogelines-pagalveles-60-vnt.jpg","datePublished":"2026-01-29T21:02:43+00:00","dateModified":"2026-04-07T21:51:22+00:00","description":"Paaki\u0173 pagalv\u0117l\u0117s su ro\u017e\u0117mis, 7 HA ir 9 peptidais: dr\u0117kina, stangrina, ma\u017eina patinim\u0105 ir tamsius ratilus.","breadcrumb":{"@id":"https:\/\/www.malinashop.lt\/lt_lt\/shop\/medi-peel-hyaluron-rose-peptide-9-paakiu-hidrogelines-pagalveles-60-vnt\/#breadcrumb"},"inLanguage":"lt-LT","potentialAction":[{"@type":"ReadAction","target":["https:\/\/www.malinashop.lt\/lt_lt\/shop\/medi-peel-hyaluron-rose-peptide-9-paakiu-hidrogelines-pagalveles-60-vnt\/"]}]},{"@type":"ImageObject","inLanguage":"lt-LT","@id":"https:\/\/www.malinashop.lt\/lt_lt\/shop\/medi-peel-hyaluron-rose-peptide-9-paakiu-hidrogelines-pagalveles-60-vnt\/#primaryimage","url":"https:\/\/www.malinashop.lt\/wp-content\/uploads\/2026\/01\/MEDI-PEEL-Hyaluron-Rose-Peptide-9-paakiu-hidrogelines-pagalveles-60-vnt.jpg","contentUrl":"https:\/\/www.malinashop.lt\/wp-content\/uploads\/2026\/01\/MEDI-PEEL-Hyaluron-Rose-Peptide-9-paakiu-hidrogelines-pagalveles-60-vnt.jpg","width":800,"height":800},{"@type":"BreadcrumbList","@id":"https:\/\/www.malinashop.lt\/lt_lt\/shop\/medi-peel-hyaluron-rose-peptide-9-paakiu-hidrogelines-pagalveles-60-vnt\/#breadcrumb","itemListElement":[{"@type":"ListItem","position":1,"name":"Home","item":"https:\/\/www.malinashop.lt\/en\/"},{"@type":"ListItem","position":2,"name":"Parduotuv\u0117","item":"https:\/\/www.malinashop.lt\/en\/parduotuve\/"},{"@type":"ListItem","position":3,"name":"MEDI-PEEL Hyaluron Rose Peptide 9 paaki\u0173 hidrogelin\u0117s pagalv\u0117l\u0117s 60 vnt."}]},{"@type":"WebSite","@id":"https:\/\/www.malinashop.lt\/en\/#website","url":"https:\/\/www.malinashop.lt\/en\/","name":"COM Group Ecommerce","description":"MalinaShop.lt - Gro\u017eio ir sveikatos produktai i\u0161 patikim\u0173 preki\u0173 \u017eenkl\u0173. Atraskite auk\u0161tos kokyb\u0117s kosmetik\u0105 u\u017e puiki\u0105 kain\u0105.","publisher":{"@id":"https:\/\/www.malinashop.lt\/en\/#organization"},"potentialAction":[{"@type":"SearchAction","target":{"@type":"EntryPoint","urlTemplate":"https:\/\/www.malinashop.lt\/en\/?s={search_term_string}"},"query-input":{"@type":"PropertyValueSpecification","valueRequired":true,"valueName":"search_term_string"}}],"inLanguage":"lt-LT"},{"@type":"Organization","@id":"https:\/\/www.malinashop.lt\/en\/#organization","name":"COM Group Ecommerce","url":"https:\/\/www.malinashop.lt\/en\/","logo":{"@type":"ImageObject","inLanguage":"lt-LT","@id":"https:\/\/www.malinashop.lt\/en\/#\/schema\/logo\/image\/","url":"https:\/\/www.malinashop.lt\/wp-content\/uploads\/2024\/08\/462559670_3787732518133670_9795632669273463_n-e1731525914575.png","contentUrl":"https:\/\/www.malinashop.lt\/wp-content\/uploads\/2024\/08\/462559670_3787732518133670_9795632669273463_n-e1731525914575.png","width":180,"height":60,"caption":"COM Group Ecommerce"},"image":{"@id":"https:\/\/www.malinashop.lt\/en\/#\/schema\/logo\/image\/"}}]}},"jetpack_sharing_enabled":true,"_links":{"self":[{"href":"https:\/\/www.malinashop.lt\/lt_lt\/wp-json\/wp\/v2\/product\/73492","targetHints":{"allow":["GET"]}}],"collection":[{"href":"https:\/\/www.malinashop.lt\/lt_lt\/wp-json\/wp\/v2\/product"}],"about":[{"href":"https:\/\/www.malinashop.lt\/lt_lt\/wp-json\/wp\/v2\/types\/product"}],"version-history":[{"count":1,"href":"https:\/\/www.malinashop.lt\/lt_lt\/wp-json\/wp\/v2\/product\/73492\/revisions"}],"predecessor-version":[{"id":73494,"href":"https:\/\/www.malinashop.lt\/lt_lt\/wp-json\/wp\/v2\/product\/73492\/revisions\/73494"}],"wp:featuredmedia":[{"embeddable":true,"href":"https:\/\/www.malinashop.lt\/lt_lt\/wp-json\/wp\/v2\/media\/73493"}],"wp:attachment":[{"href":"https:\/\/www.malinashop.lt\/lt_lt\/wp-json\/wp\/v2\/media?parent=73492"}],"wp:term":[{"taxonomy":"product_brand","embeddable":true,"href":"https:\/\/www.malinashop.lt\/lt_lt\/wp-json\/wp\/v2\/product_brand?post=73492"},{"taxonomy":"product_cat","embeddable":true,"href":"https:\/\/www.malinashop.lt\/lt_lt\/wp-json\/wp\/v2\/product_cat?post=73492"},{"taxonomy":"product_tag","embeddable":true,"href":"https:\/\/www.malinashop.lt\/lt_lt\/wp-json\/wp\/v2\/product_tag?post=73492"}],"curies":[{"name":"wp","href":"https:\/\/api.w.org\/{rel}","templated":true}]}}