{"id":73489,"date":"2026-01-30T00:01:42","date_gmt":"2026-01-29T21:01:42","guid":{"rendered":"https:\/\/malinashop.lt\/?post_type=product&#038;p=73489"},"modified":"2026-04-08T00:51:31","modified_gmt":"2026-04-07T21:51:31","slug":"medi-peel-hyaluron-aqua-peptide-9-paakiu-hidrogelines-pagalveles-60-vnt","status":"publish","type":"product","link":"https:\/\/www.malinashop.lt\/lt_lt\/shop\/medi-peel-hyaluron-aqua-peptide-9-paakiu-hidrogelines-pagalveles-60-vnt\/","title":{"rendered":"MEDI-PEEL Hyaluron Aqua Peptide 9 paaki\u0173 hidrogelin\u0117s pagalv\u0117l\u0117s 60 vnt."},"content":{"rendered":"<p data-start=\"96\" data-end=\"411\">MEDI-PEEL Hyaluron Aqua Peptide 9 \u2013 intensyviai dr\u0117kinan\u010dios paaki\u0173 hidrogelin\u0117s pagalv\u0117l\u0117s su hialurono r\u016bg\u0161timi, j\u016bros dumbli\u0173 ekstraktais ir 9 peptid\u0173 kompleksu. Jos padeda atgaivinti dehidratuot\u0105 od\u0105, ma\u017eina sausumo ir tempimo poj\u016bt\u012f, suteikia lengv\u0105 stangrinant\u012f efekt\u0105 ir padeda glotninti smulkias rauk\u0161leles.<\/p>\n<p data-start=\"413\" data-end=\"899\">7 tip\u0173 skirtingos molekulin\u0117s mas\u0117s hialurono r\u016bg\u0161tis dr\u0117kina ir sukuria nematom\u0105 dr\u0117gm\u0119 sulaikan\u010di\u0105 pl\u0117vel\u0119, kuri padeda saugoti od\u0105 nuo dehidratacijos. Kelp\u0173, spirulinos ir karagenino ekstraktai stiprina odos \u201ematric\u0105\u201c ir tonus\u0105. 9 peptid\u0173 kompleksas skatina kolageno ir elastino sintez\u0119, padeda didinti odos elastingum\u0105 ir ma\u017einti mimikos rauk\u0161li\u0173 formavim\u0105si. Beta-gliukanas veikia kaip antioksidantas, ramina, ma\u017eina sudirgimus, palaiko odos atsistatym\u0105, giliai dr\u0117kina ir maitina.<\/p>\n<p data-start=\"901\" data-end=\"928\"><strong data-start=\"901\" data-end=\"928\">Pagrindiniai privalumai<\/strong><\/p>\n<ul data-start=\"929\" data-end=\"1222\">\n<li data-start=\"929\" data-end=\"975\">\n<p data-start=\"931\" data-end=\"975\">Intensyviai dr\u0117kina ir ma\u017eina tempimo poj\u016bt\u012f<\/p>\n<\/li>\n<li data-start=\"976\" data-end=\"1043\">\n<p data-start=\"978\" data-end=\"1043\">Padeda glotninti smulkias rauk\u0161leles, suteikia lengv\u0105 stangrinim\u0105<\/p>\n<\/li>\n<li data-start=\"1044\" data-end=\"1100\">\n<p data-start=\"1046\" data-end=\"1100\">7 hialurono r\u016bg\u0161\u010di\u0173 kompleksas padeda sulaikyti dr\u0117gm\u0119<\/p>\n<\/li>\n<li data-start=\"1101\" data-end=\"1158\">\n<p data-start=\"1103\" data-end=\"1158\">9 peptid\u0173 kompleksas palaiko elastingum\u0105 ir odos tonus\u0105<\/p>\n<\/li>\n<li data-start=\"1159\" data-end=\"1222\">\n<p data-start=\"1161\" data-end=\"1222\">J\u016bros dumbli\u0173 ekstraktai ir beta-gliukanas ramina ir stiprina<\/p>\n<\/li>\n<\/ul>\n<p data-start=\"1224\" data-end=\"1319\"><strong data-start=\"1224\" data-end=\"1238\">Naudojimas<\/strong><br \/>\nU\u017etepkite pagalv\u0117les ant \u0161varios, tonizuotos paaki\u0173 odos ir laikykite 20\u201330 min.<\/p>\n<p data-start=\"1321\" data-end=\"1596\"><strong data-start=\"1321\" data-end=\"1334\">\u012esp\u0117jimai<\/strong><br \/>\nTik i\u0161oriniam naudojimui. Naudoti pagal instrukcijas. Vengti patekimo \u012f akis. Laikyti vaikams nepasiekiamoje vietoje. Netepkite ant gleivini\u0173 ir pa\u017eeistos odos. Sudirginimo atveju nedelsiant nutraukite naudojim\u0105. Laikyti ne auk\u0161tesn\u0117je kaip 25 \u00b0C temperat\u016broje.<\/p>\n<p data-start=\"1598\" data-end=\"3056\"><strong data-start=\"1598\" data-end=\"1616\">Sud\u0117tis (INCI)<\/strong><br \/>\nAqua, Glycerin, Carrageenan, Butylene Glycol, Beta-Glucan, Hydrolyzed Collagen, Laminaria Japonica Extract, Algae Extract, Macrocystis Pyrifera (Kelp) Extract, Enteromorpha Compressa Extract, Sargassum Fulvellum Extract, Spirulina Platensis Extract, Laminaria Digitata Extract, Undaria Pinnatifida Extract, Hizikia Fusiforme Extract, Codium Fragile Extract, Pearl Extract, Sodium Hyaluronate, Ethylhexylglycerin, Hydrolyzed Hyaluronic Acid, Sodium Acetylated Hyaluronate, Hydroxypropyltrimonium Hyaluronate, Potassium Hyaluronate, Sodium Hyaluronate Crosspolymer, Hyaluronic Acid, Glyceryl Polymethacrylate, Propylene Glycol, Palmitoyl Oligopeptide, Palmitoyl Tripeptide-1, Palmitoyl Tetrapeptide-7, Palmitoyl Tripeptide-5, Acetyl Hexapeptide-8, Copper Tripeptide-1, Oligopeptide-29, Oligopeptide-32, Palmitoyl Pentapeptide-4, Propanediol, Pentylene Glycol, Cocos Nucifera (Coconut) Fruit Extract, Pinus Sylvestris Leaf Extract, Allantoin, Betaine, Dipotassium Glycyrrhizate, Calcium Lactate, Calcium Chloride, Cyclodextrin, Dextrin, Ceratonia Siliqua (Carob) Gum, Sucrose, Potassium Chloride, Cyamopsis Tetragonoloba (Guar) Gum, Cellulose Gum, Ricinus Communis (Castor) Seed Oil, Butyrospermum Parkii (Shea) Butter, Sorbitan Caprylate, Caprylic\/Capric Triglyceride, PEG-60 Hydrogenated Castor Oil, Ultramarines, Synthetic Fluorphlogopite, Titanium Dioxide, Arginine, Disodium EDTA, Ethyl Hexanediol, 1,2-Hexanediol, Chlorphenesin, Parfum.<\/p>\n","protected":false},"excerpt":{"rendered":"<p>Intensyviai dr\u0117kinan\u010dios paaki\u0173 hidrogelin\u0117s pagalv\u0117l\u0117s su 7 hialurono r\u016bg\u0161\u010di\u0173 kompleksu, j\u016bros dumbliais ir 9 peptidais. Ma\u017eina sausumo bei tempimo poj\u016bt\u012f, suteikia lengv\u0105 stangrinim\u0105 ir padeda glotninti smulkias rauk\u0161leles.<\/p>\n","protected":false},"featured_media":73490,"template":"","meta":[],"product_brand":[1574],"product_cat":[549,562,728],"product_tag":[1610],"class_list":{"0":"post-73489","1":"product","2":"type-product","3":"status-publish","4":"has-post-thumbnail","6":"product_brand-medi-peel","7":"product_cat-paakiu-prieziuros-priemones","8":"product_cat-sandelio-valymas","9":"product_cat-veidui","10":"product_tag-medi-peel","12":"first","13":"instock","14":"sale","15":"taxable","16":"shipping-taxable","17":"purchasable","18":"product-type-simple"},"yoast_head":"<!-- This site is optimized with the Yoast SEO plugin v27.4 - https:\/\/yoast.com\/product\/yoast-seo-wordpress\/ -->\n<title>MEDI-PEEL Hyaluron Aqua Peptide 9 paaki\u0173 hidrogelin\u0117s pagalv\u0117l\u0117s 60 vnt. - MalinaShop.lt J\u016bs\u0173 sveikatai ir gro\u017eiui.<\/title>\n<meta name=\"description\" content=\"Paaki\u0173 hidrogelin\u0117s pagalv\u0117l\u0117s su 7 HA ir 9 peptidais: intensyviai dr\u0117kina, stangrina, glotnina rauk\u0161leles.\" \/>\n<meta name=\"robots\" content=\"index, follow, max-snippet:-1, max-image-preview:large, max-video-preview:-1\" \/>\n<link rel=\"canonical\" href=\"https:\/\/www.malinashop.lt\/lt_lt\/shop\/medi-peel-hyaluron-aqua-peptide-9-paakiu-hidrogelines-pagalveles-60-vnt\/\" \/>\n<meta property=\"og:locale\" content=\"lt_LT\" \/>\n<meta property=\"og:type\" content=\"article\" \/>\n<meta property=\"og:title\" content=\"MEDI-PEEL Hyaluron Aqua Peptide 9 paaki\u0173 hidrogelin\u0117s pagalv\u0117l\u0117s 60 vnt. - MalinaShop.lt J\u016bs\u0173 sveikatai ir gro\u017eiui.\" \/>\n<meta property=\"og:description\" content=\"Paaki\u0173 hidrogelin\u0117s pagalv\u0117l\u0117s su 7 HA ir 9 peptidais: intensyviai dr\u0117kina, stangrina, glotnina rauk\u0161leles.\" \/>\n<meta property=\"og:url\" content=\"https:\/\/www.malinashop.lt\/lt_lt\/shop\/medi-peel-hyaluron-aqua-peptide-9-paakiu-hidrogelines-pagalveles-60-vnt\/\" \/>\n<meta property=\"og:site_name\" content=\"MalinaShop.lt J\u016bs\u0173 sveikatai ir gro\u017eiui.\" \/>\n<meta property=\"article:modified_time\" content=\"2026-04-07T21:51:31+00:00\" \/>\n<meta property=\"og:image\" content=\"https:\/\/www.malinashop.lt\/wp-content\/uploads\/2026\/01\/MEDI-PEEL-Hyaluron-Aqua-Peptide-9-paakiu-hidrogelines-pagalveles-60-vnt.jpg\" \/>\n\t<meta property=\"og:image:width\" content=\"800\" \/>\n\t<meta property=\"og:image:height\" content=\"800\" \/>\n\t<meta property=\"og:image:type\" content=\"image\/jpeg\" \/>\n<meta name=\"twitter:card\" content=\"summary_large_image\" \/>\n<script type=\"application\/ld+json\" class=\"yoast-schema-graph\">{\"@context\":\"https:\\\/\\\/schema.org\",\"@graph\":[{\"@type\":\"WebPage\",\"@id\":\"https:\\\/\\\/www.malinashop.lt\\\/lt_lt\\\/shop\\\/medi-peel-hyaluron-aqua-peptide-9-paakiu-hidrogelines-pagalveles-60-vnt\\\/\",\"url\":\"https:\\\/\\\/www.malinashop.lt\\\/lt_lt\\\/shop\\\/medi-peel-hyaluron-aqua-peptide-9-paakiu-hidrogelines-pagalveles-60-vnt\\\/\",\"name\":\"MEDI-PEEL Hyaluron Aqua Peptide 9 paaki\u0173 hidrogelin\u0117s pagalv\u0117l\u0117s 60 vnt. - MalinaShop.lt J\u016bs\u0173 sveikatai ir gro\u017eiui.\",\"isPartOf\":{\"@id\":\"https:\\\/\\\/www.malinashop.lt\\\/en\\\/#website\"},\"primaryImageOfPage\":{\"@id\":\"https:\\\/\\\/www.malinashop.lt\\\/lt_lt\\\/shop\\\/medi-peel-hyaluron-aqua-peptide-9-paakiu-hidrogelines-pagalveles-60-vnt\\\/#primaryimage\"},\"image\":{\"@id\":\"https:\\\/\\\/www.malinashop.lt\\\/lt_lt\\\/shop\\\/medi-peel-hyaluron-aqua-peptide-9-paakiu-hidrogelines-pagalveles-60-vnt\\\/#primaryimage\"},\"thumbnailUrl\":\"https:\\\/\\\/www.malinashop.lt\\\/wp-content\\\/uploads\\\/2026\\\/01\\\/MEDI-PEEL-Hyaluron-Aqua-Peptide-9-paakiu-hidrogelines-pagalveles-60-vnt.jpg\",\"datePublished\":\"2026-01-29T21:01:42+00:00\",\"dateModified\":\"2026-04-07T21:51:31+00:00\",\"description\":\"Paaki\u0173 hidrogelin\u0117s pagalv\u0117l\u0117s su 7 HA ir 9 peptidais: intensyviai dr\u0117kina, stangrina, glotnina rauk\u0161leles.\",\"breadcrumb\":{\"@id\":\"https:\\\/\\\/www.malinashop.lt\\\/lt_lt\\\/shop\\\/medi-peel-hyaluron-aqua-peptide-9-paakiu-hidrogelines-pagalveles-60-vnt\\\/#breadcrumb\"},\"inLanguage\":\"lt-LT\",\"potentialAction\":[{\"@type\":\"ReadAction\",\"target\":[\"https:\\\/\\\/www.malinashop.lt\\\/lt_lt\\\/shop\\\/medi-peel-hyaluron-aqua-peptide-9-paakiu-hidrogelines-pagalveles-60-vnt\\\/\"]}]},{\"@type\":\"ImageObject\",\"inLanguage\":\"lt-LT\",\"@id\":\"https:\\\/\\\/www.malinashop.lt\\\/lt_lt\\\/shop\\\/medi-peel-hyaluron-aqua-peptide-9-paakiu-hidrogelines-pagalveles-60-vnt\\\/#primaryimage\",\"url\":\"https:\\\/\\\/www.malinashop.lt\\\/wp-content\\\/uploads\\\/2026\\\/01\\\/MEDI-PEEL-Hyaluron-Aqua-Peptide-9-paakiu-hidrogelines-pagalveles-60-vnt.jpg\",\"contentUrl\":\"https:\\\/\\\/www.malinashop.lt\\\/wp-content\\\/uploads\\\/2026\\\/01\\\/MEDI-PEEL-Hyaluron-Aqua-Peptide-9-paakiu-hidrogelines-pagalveles-60-vnt.jpg\",\"width\":800,\"height\":800},{\"@type\":\"BreadcrumbList\",\"@id\":\"https:\\\/\\\/www.malinashop.lt\\\/lt_lt\\\/shop\\\/medi-peel-hyaluron-aqua-peptide-9-paakiu-hidrogelines-pagalveles-60-vnt\\\/#breadcrumb\",\"itemListElement\":[{\"@type\":\"ListItem\",\"position\":1,\"name\":\"Home\",\"item\":\"https:\\\/\\\/www.malinashop.lt\\\/en\\\/\"},{\"@type\":\"ListItem\",\"position\":2,\"name\":\"Parduotuv\u0117\",\"item\":\"https:\\\/\\\/www.malinashop.lt\\\/en\\\/parduotuve\\\/\"},{\"@type\":\"ListItem\",\"position\":3,\"name\":\"MEDI-PEEL Hyaluron Aqua Peptide 9 paaki\u0173 hidrogelin\u0117s pagalv\u0117l\u0117s 60 vnt.\"}]},{\"@type\":\"WebSite\",\"@id\":\"https:\\\/\\\/www.malinashop.lt\\\/en\\\/#website\",\"url\":\"https:\\\/\\\/www.malinashop.lt\\\/en\\\/\",\"name\":\"COM Group Ecommerce\",\"description\":\"MalinaShop.lt - Gro\u017eio ir sveikatos produktai i\u0161 patikim\u0173 preki\u0173 \u017eenkl\u0173. Atraskite auk\u0161tos kokyb\u0117s kosmetik\u0105 u\u017e puiki\u0105 kain\u0105.\",\"publisher\":{\"@id\":\"https:\\\/\\\/www.malinashop.lt\\\/en\\\/#organization\"},\"potentialAction\":[{\"@type\":\"SearchAction\",\"target\":{\"@type\":\"EntryPoint\",\"urlTemplate\":\"https:\\\/\\\/www.malinashop.lt\\\/en\\\/?s={search_term_string}\"},\"query-input\":{\"@type\":\"PropertyValueSpecification\",\"valueRequired\":true,\"valueName\":\"search_term_string\"}}],\"inLanguage\":\"lt-LT\"},{\"@type\":\"Organization\",\"@id\":\"https:\\\/\\\/www.malinashop.lt\\\/en\\\/#organization\",\"name\":\"COM Group Ecommerce\",\"url\":\"https:\\\/\\\/www.malinashop.lt\\\/en\\\/\",\"logo\":{\"@type\":\"ImageObject\",\"inLanguage\":\"lt-LT\",\"@id\":\"https:\\\/\\\/www.malinashop.lt\\\/en\\\/#\\\/schema\\\/logo\\\/image\\\/\",\"url\":\"https:\\\/\\\/www.malinashop.lt\\\/wp-content\\\/uploads\\\/2024\\\/08\\\/462559670_3787732518133670_9795632669273463_n-e1731525914575.png\",\"contentUrl\":\"https:\\\/\\\/www.malinashop.lt\\\/wp-content\\\/uploads\\\/2024\\\/08\\\/462559670_3787732518133670_9795632669273463_n-e1731525914575.png\",\"width\":180,\"height\":60,\"caption\":\"COM Group Ecommerce\"},\"image\":{\"@id\":\"https:\\\/\\\/www.malinashop.lt\\\/en\\\/#\\\/schema\\\/logo\\\/image\\\/\"}}]}<\/script>\n<!-- \/ Yoast SEO plugin. -->","yoast_head_json":{"title":"MEDI-PEEL Hyaluron Aqua Peptide 9 paaki\u0173 hidrogelin\u0117s pagalv\u0117l\u0117s 60 vnt. - MalinaShop.lt J\u016bs\u0173 sveikatai ir gro\u017eiui.","description":"Paaki\u0173 hidrogelin\u0117s pagalv\u0117l\u0117s su 7 HA ir 9 peptidais: intensyviai dr\u0117kina, stangrina, glotnina rauk\u0161leles.","robots":{"index":"index","follow":"follow","max-snippet":"max-snippet:-1","max-image-preview":"max-image-preview:large","max-video-preview":"max-video-preview:-1"},"canonical":"https:\/\/www.malinashop.lt\/lt_lt\/shop\/medi-peel-hyaluron-aqua-peptide-9-paakiu-hidrogelines-pagalveles-60-vnt\/","og_locale":"lt_LT","og_type":"article","og_title":"MEDI-PEEL Hyaluron Aqua Peptide 9 paaki\u0173 hidrogelin\u0117s pagalv\u0117l\u0117s 60 vnt. - MalinaShop.lt J\u016bs\u0173 sveikatai ir gro\u017eiui.","og_description":"Paaki\u0173 hidrogelin\u0117s pagalv\u0117l\u0117s su 7 HA ir 9 peptidais: intensyviai dr\u0117kina, stangrina, glotnina rauk\u0161leles.","og_url":"https:\/\/www.malinashop.lt\/lt_lt\/shop\/medi-peel-hyaluron-aqua-peptide-9-paakiu-hidrogelines-pagalveles-60-vnt\/","og_site_name":"MalinaShop.lt J\u016bs\u0173 sveikatai ir gro\u017eiui.","article_modified_time":"2026-04-07T21:51:31+00:00","og_image":[{"width":800,"height":800,"url":"https:\/\/www.malinashop.lt\/wp-content\/uploads\/2026\/01\/MEDI-PEEL-Hyaluron-Aqua-Peptide-9-paakiu-hidrogelines-pagalveles-60-vnt.jpg","type":"image\/jpeg"}],"twitter_card":"summary_large_image","schema":{"@context":"https:\/\/schema.org","@graph":[{"@type":"WebPage","@id":"https:\/\/www.malinashop.lt\/lt_lt\/shop\/medi-peel-hyaluron-aqua-peptide-9-paakiu-hidrogelines-pagalveles-60-vnt\/","url":"https:\/\/www.malinashop.lt\/lt_lt\/shop\/medi-peel-hyaluron-aqua-peptide-9-paakiu-hidrogelines-pagalveles-60-vnt\/","name":"MEDI-PEEL Hyaluron Aqua Peptide 9 paaki\u0173 hidrogelin\u0117s pagalv\u0117l\u0117s 60 vnt. - MalinaShop.lt J\u016bs\u0173 sveikatai ir gro\u017eiui.","isPartOf":{"@id":"https:\/\/www.malinashop.lt\/en\/#website"},"primaryImageOfPage":{"@id":"https:\/\/www.malinashop.lt\/lt_lt\/shop\/medi-peel-hyaluron-aqua-peptide-9-paakiu-hidrogelines-pagalveles-60-vnt\/#primaryimage"},"image":{"@id":"https:\/\/www.malinashop.lt\/lt_lt\/shop\/medi-peel-hyaluron-aqua-peptide-9-paakiu-hidrogelines-pagalveles-60-vnt\/#primaryimage"},"thumbnailUrl":"https:\/\/www.malinashop.lt\/wp-content\/uploads\/2026\/01\/MEDI-PEEL-Hyaluron-Aqua-Peptide-9-paakiu-hidrogelines-pagalveles-60-vnt.jpg","datePublished":"2026-01-29T21:01:42+00:00","dateModified":"2026-04-07T21:51:31+00:00","description":"Paaki\u0173 hidrogelin\u0117s pagalv\u0117l\u0117s su 7 HA ir 9 peptidais: intensyviai dr\u0117kina, stangrina, glotnina rauk\u0161leles.","breadcrumb":{"@id":"https:\/\/www.malinashop.lt\/lt_lt\/shop\/medi-peel-hyaluron-aqua-peptide-9-paakiu-hidrogelines-pagalveles-60-vnt\/#breadcrumb"},"inLanguage":"lt-LT","potentialAction":[{"@type":"ReadAction","target":["https:\/\/www.malinashop.lt\/lt_lt\/shop\/medi-peel-hyaluron-aqua-peptide-9-paakiu-hidrogelines-pagalveles-60-vnt\/"]}]},{"@type":"ImageObject","inLanguage":"lt-LT","@id":"https:\/\/www.malinashop.lt\/lt_lt\/shop\/medi-peel-hyaluron-aqua-peptide-9-paakiu-hidrogelines-pagalveles-60-vnt\/#primaryimage","url":"https:\/\/www.malinashop.lt\/wp-content\/uploads\/2026\/01\/MEDI-PEEL-Hyaluron-Aqua-Peptide-9-paakiu-hidrogelines-pagalveles-60-vnt.jpg","contentUrl":"https:\/\/www.malinashop.lt\/wp-content\/uploads\/2026\/01\/MEDI-PEEL-Hyaluron-Aqua-Peptide-9-paakiu-hidrogelines-pagalveles-60-vnt.jpg","width":800,"height":800},{"@type":"BreadcrumbList","@id":"https:\/\/www.malinashop.lt\/lt_lt\/shop\/medi-peel-hyaluron-aqua-peptide-9-paakiu-hidrogelines-pagalveles-60-vnt\/#breadcrumb","itemListElement":[{"@type":"ListItem","position":1,"name":"Home","item":"https:\/\/www.malinashop.lt\/en\/"},{"@type":"ListItem","position":2,"name":"Parduotuv\u0117","item":"https:\/\/www.malinashop.lt\/en\/parduotuve\/"},{"@type":"ListItem","position":3,"name":"MEDI-PEEL Hyaluron Aqua Peptide 9 paaki\u0173 hidrogelin\u0117s pagalv\u0117l\u0117s 60 vnt."}]},{"@type":"WebSite","@id":"https:\/\/www.malinashop.lt\/en\/#website","url":"https:\/\/www.malinashop.lt\/en\/","name":"COM Group Ecommerce","description":"MalinaShop.lt - Gro\u017eio ir sveikatos produktai i\u0161 patikim\u0173 preki\u0173 \u017eenkl\u0173. Atraskite auk\u0161tos kokyb\u0117s kosmetik\u0105 u\u017e puiki\u0105 kain\u0105.","publisher":{"@id":"https:\/\/www.malinashop.lt\/en\/#organization"},"potentialAction":[{"@type":"SearchAction","target":{"@type":"EntryPoint","urlTemplate":"https:\/\/www.malinashop.lt\/en\/?s={search_term_string}"},"query-input":{"@type":"PropertyValueSpecification","valueRequired":true,"valueName":"search_term_string"}}],"inLanguage":"lt-LT"},{"@type":"Organization","@id":"https:\/\/www.malinashop.lt\/en\/#organization","name":"COM Group Ecommerce","url":"https:\/\/www.malinashop.lt\/en\/","logo":{"@type":"ImageObject","inLanguage":"lt-LT","@id":"https:\/\/www.malinashop.lt\/en\/#\/schema\/logo\/image\/","url":"https:\/\/www.malinashop.lt\/wp-content\/uploads\/2024\/08\/462559670_3787732518133670_9795632669273463_n-e1731525914575.png","contentUrl":"https:\/\/www.malinashop.lt\/wp-content\/uploads\/2024\/08\/462559670_3787732518133670_9795632669273463_n-e1731525914575.png","width":180,"height":60,"caption":"COM Group Ecommerce"},"image":{"@id":"https:\/\/www.malinashop.lt\/en\/#\/schema\/logo\/image\/"}}]}},"jetpack_sharing_enabled":true,"_links":{"self":[{"href":"https:\/\/www.malinashop.lt\/lt_lt\/wp-json\/wp\/v2\/product\/73489","targetHints":{"allow":["GET"]}}],"collection":[{"href":"https:\/\/www.malinashop.lt\/lt_lt\/wp-json\/wp\/v2\/product"}],"about":[{"href":"https:\/\/www.malinashop.lt\/lt_lt\/wp-json\/wp\/v2\/types\/product"}],"version-history":[{"count":1,"href":"https:\/\/www.malinashop.lt\/lt_lt\/wp-json\/wp\/v2\/product\/73489\/revisions"}],"predecessor-version":[{"id":73491,"href":"https:\/\/www.malinashop.lt\/lt_lt\/wp-json\/wp\/v2\/product\/73489\/revisions\/73491"}],"wp:featuredmedia":[{"embeddable":true,"href":"https:\/\/www.malinashop.lt\/lt_lt\/wp-json\/wp\/v2\/media\/73490"}],"wp:attachment":[{"href":"https:\/\/www.malinashop.lt\/lt_lt\/wp-json\/wp\/v2\/media?parent=73489"}],"wp:term":[{"taxonomy":"product_brand","embeddable":true,"href":"https:\/\/www.malinashop.lt\/lt_lt\/wp-json\/wp\/v2\/product_brand?post=73489"},{"taxonomy":"product_cat","embeddable":true,"href":"https:\/\/www.malinashop.lt\/lt_lt\/wp-json\/wp\/v2\/product_cat?post=73489"},{"taxonomy":"product_tag","embeddable":true,"href":"https:\/\/www.malinashop.lt\/lt_lt\/wp-json\/wp\/v2\/product_tag?post=73489"}],"curies":[{"name":"wp","href":"https:\/\/api.w.org\/{rel}","templated":true}]}}