{"id":73104,"date":"2026-01-09T01:03:25","date_gmt":"2026-01-08T22:03:25","guid":{"rendered":"https:\/\/malinashop.lt\/?post_type=product&#038;p=73104"},"modified":"2026-04-07T22:18:32","modified_gmt":"2026-04-07T19:18:32","slug":"bade-natural-rosemary-stiprinantis-antakiu-ir-blakstienu-serumas-10-ml","status":"publish","type":"product","link":"https:\/\/www.malinashop.lt\/lt_lt\/shop\/bade-natural-rosemary-stiprinantis-antakiu-ir-blakstienu-serumas-10-ml\/","title":{"rendered":"BADE NATURAL ROSEMARY stiprinantis antaki\u0173 ir blakstien\u0173 serumas, 10 ml"},"content":{"rendered":"<p data-start=\"354\" data-end=\"701\">BADE NATURAL <strong data-start=\"390\" data-end=\"445\">stiprinantis antaki\u0173 ir blakstien\u0173 serumas ROSEMARY<\/strong> sukurtas toms, kurios nori nat\u016braliai pasir\u016bpinti <strong data-start=\"496\" data-end=\"536\">silpnais, retais ir l\u0117tai augan\u010diais<\/strong> antaki\u0173 bei blakstien\u0173 plaukeliais. Reguliariai naudojant serumas padeda suteikti jiems <strong data-start=\"625\" data-end=\"670\">tankesn\u0119, stipresn\u0119 ir sveikesn\u0119 i\u0161vaizd\u0105<\/strong>, i\u0161saugant nat\u016bral\u0173 rezultat\u0105.<\/p>\n<p data-start=\"703\" data-end=\"779\">Formul\u0117s pagrind\u0105 sudaro <strong data-start=\"728\" data-end=\"769\">rozmarin\u0173 vanduo ir rozmarin\u0173 aliejus<\/strong>, kurie:<\/p>\n<ul data-start=\"780\" data-end=\"930\">\n<li data-start=\"780\" data-end=\"821\">\n<p data-start=\"782\" data-end=\"821\">maitina antaki\u0173 ir blakstien\u0173 \u0161aknis,<\/p>\n<\/li>\n<li data-start=\"822\" data-end=\"871\">\n<p data-start=\"824\" data-end=\"871\">palaiko nat\u016bralius plaukeli\u0173 augimo procesus,<\/p>\n<\/li>\n<li data-start=\"872\" data-end=\"930\">\n<p data-start=\"874\" data-end=\"930\">prisideda prie bendro plaukeli\u0173 stiprumo ir atsparumo.<\/p>\n<\/li>\n<\/ul>\n<p data-start=\"932\" data-end=\"990\">Serumas papildytas <strong data-start=\"951\" data-end=\"973\">biotinu ir kofeinu<\/strong>, kurie padeda:<\/p>\n<ul data-start=\"991\" data-end=\"1105\">\n<li data-start=\"991\" data-end=\"1029\">\n<p data-start=\"993\" data-end=\"1029\">atgaivinti nusilpusius plaukelius,<\/p>\n<\/li>\n<li data-start=\"1030\" data-end=\"1061\">\n<p data-start=\"1032\" data-end=\"1061\"><strong data-start=\"1032\" data-end=\"1058\">stiprinti j\u0173 strukt\u016br\u0105<\/strong>,<\/p>\n<\/li>\n<li data-start=\"1062\" data-end=\"1105\">\n<p data-start=\"1064\" data-end=\"1105\">ma\u017einti plaukeli\u0173 slinkim\u0105 ir ret\u0117jim\u0105.<\/p>\n<\/li>\n<\/ul>\n<p data-start=\"1107\" data-end=\"1237\"><strong data-start=\"1107\" data-end=\"1119\">Alavijas<\/strong> suteikia intensyv\u0173 dr\u0117kinim\u0105, palaiko <strong data-start=\"1158\" data-end=\"1193\">komfort\u0105 jautrioje aki\u0173 srityje<\/strong>, ramina od\u0105 ir padeda i\u0161vengti i\u0161saus\u0117jimo.<\/p>\n<p data-start=\"1239\" data-end=\"1320\">Patogus <strong data-start=\"1247\" data-end=\"1272\">dvipusis aplikatorius<\/strong> leid\u017eia tiksliai ir lengvai naudoti produkt\u0105:<\/p>\n<ul data-start=\"1321\" data-end=\"1567\">\n<li data-start=\"1321\" data-end=\"1427\">\n<p data-start=\"1323\" data-end=\"1427\">specialus aplikatorius skirtas <strong data-start=\"1354\" data-end=\"1424\">tepimui nuo antaki\u0173 \u0161akn\u0173 ir vir\u0161utinio voko link blakstien\u0173 \u0161akn\u0173<\/strong>;<\/p>\n<\/li>\n<li data-start=\"1428\" data-end=\"1567\">\n<p data-start=\"1430\" data-end=\"1567\">\u0161epet\u0117lis \u0161velniai \u0161ukuoja, padeda <strong data-start=\"1465\" data-end=\"1496\">tolygiai paskirstyti serum\u0105<\/strong> ir pasiekti plaukeli\u0173 \u0161aknis tiek antaki\u0173, tiek blakstien\u0173 linijoje.<\/p>\n<\/li>\n<\/ul>\n<p data-start=\"1569\" data-end=\"1807\">Nenuskalaujama, lengvai \u012fsigerianti formul\u0117 skirta <strong data-start=\"1620\" data-end=\"1645\">kasdieniam naudojimui<\/strong> \u2013 ryte ir vakare. Reguliarus naudojimas padeda apsaugoti antaki\u0173 ir blakstien\u0173 strukt\u016br\u0105 bei palaikyti <strong data-start=\"1749\" data-end=\"1796\">stipresn\u012f, sveikesn\u012f ir nat\u016braliai tankesn\u012f<\/strong> j\u0173 augim\u0105.<\/p>\n<p data-start=\"1809\" data-end=\"1992\">BADE NATURAL produktai gaminami i\u0161 <strong data-start=\"1844\" data-end=\"1904\">100 % nat\u016brali\u0173 \u017ealiav\u0173 ir 100 % gryn\u0173j\u0173 eterini\u0173 aliej\u0173<\/strong>. Priemon\u0117 draugi\u0161ka aplinkai, <strong data-start=\"1935\" data-end=\"1959\">\u0161velni ir saugi odai<\/strong>, tinkanti ilgalaikei prie\u017ei\u016brai.<\/p>\n<p data-start=\"1994\" data-end=\"2023\"><strong data-start=\"1994\" data-end=\"2021\">Pagrindiniai privalumai<\/strong><\/p>\n<ul data-start=\"2024\" data-end=\"2416\">\n<li data-start=\"2024\" data-end=\"2081\">\n<p data-start=\"2026\" data-end=\"2081\">Stiprina ir maitina antaki\u0173 bei blakstien\u0173 plaukelius<\/p>\n<\/li>\n<li data-start=\"2082\" data-end=\"2142\">\n<p data-start=\"2084\" data-end=\"2142\">Tinka silpniems, retiems ir l\u0117tai augantiems plaukeliams<\/p>\n<\/li>\n<li data-start=\"2143\" data-end=\"2205\">\n<p data-start=\"2145\" data-end=\"2205\">Padeda ma\u017einti plaukeli\u0173 slinkim\u0105, skatina nat\u016bral\u0173 augim\u0105<\/p>\n<\/li>\n<li data-start=\"2206\" data-end=\"2252\">\n<p data-start=\"2208\" data-end=\"2252\">Dr\u0117kina ir ramina jautri\u0105 aki\u0173 srities od\u0105<\/p>\n<\/li>\n<li data-start=\"2253\" data-end=\"2312\">\n<p data-start=\"2255\" data-end=\"2312\">Patogus dvipusis aplikatorius antakiams ir blakstienoms<\/p>\n<\/li>\n<li data-start=\"2313\" data-end=\"2369\">\n<p data-start=\"2315\" data-end=\"2369\">Nenuskalaujama, kasdieniam naudojimui skirta formul\u0117<\/p>\n<\/li>\n<li data-start=\"2370\" data-end=\"2416\">\n<p data-start=\"2372\" data-end=\"2416\">100 % nat\u016brali sud\u0117tis, saugi ir \u0161velni odai<\/p>\n<\/li>\n<\/ul>\n<p data-start=\"2418\" data-end=\"2670\"><strong data-start=\"2418\" data-end=\"2432\">Naudojimas<\/strong><br data-start=\"2432\" data-end=\"2435\" \/>Tepkite serum\u0105 ant <strong data-start=\"2454\" data-end=\"2499\">\u0161vari\u0173, saus\u0173 antaki\u0173 ir blakstien\u0173 \u0161akn\u0173<\/strong> du kartus per dien\u0105 \u2013 ryte ir vakare. Naudodamos aplikatori\u0173 ir pridedam\u0105 \u0161epet\u0117l\u012f \u0161velniai paskirstykite produkt\u0105 per vis\u0105 antaki\u0173 bei blakstien\u0173 linij\u0105. Nenuskalaukite.<\/p>\n","protected":false},"excerpt":{"rendered":"<p>BADE NATURAL ROSEMARY stiprinantis antaki\u0173 ir blakstien\u0173 serumas \u2013 nat\u016brali, nenuplaunama priemon\u0117, skirta silpniems, retiems ir l\u0117tai augantiems antakiams bei blakstienoms stiprinti, tankinti ir puosel\u0117ti.<\/p>\n","protected":false},"featured_media":73105,"template":"","meta":[],"product_brand":[1571],"product_cat":[1317,102],"product_tag":[1592],"class_list":{"0":"post-73104","1":"product","2":"type-product","3":"status-publish","4":"has-post-thumbnail","6":"product_brand-bade-natural","7":"product_cat-blakstienu-ir-antakiu-serumai","8":"product_cat-dekoratyvine-kosmetika","9":"product_tag-bade-natural","11":"first","12":"instock","13":"sale","14":"taxable","15":"shipping-taxable","16":"purchasable","17":"product-type-simple"},"yoast_head":"<!-- This site is optimized with the Yoast SEO plugin v27.4 - https:\/\/yoast.com\/product\/yoast-seo-wordpress\/ -->\n<title>BADE NATURAL ROSEMARY stiprinantis antaki\u0173 ir blakstien\u0173 serumas, 10 ml - MalinaShop.lt J\u016bs\u0173 sveikatai ir gro\u017eiui.<\/title>\n<meta name=\"description\" content=\"BADE NATURAL ROSEMARY serumas antakiams ir blakstienoms stiprina, maitina ir skatina nat\u016bral\u0173 augim\u0105. Su rozmarinu, biotinu, kofeinu ir alaviju kasdienei prie\u017ei\u016brai.\" \/>\n<meta name=\"robots\" content=\"index, follow, max-snippet:-1, max-image-preview:large, max-video-preview:-1\" \/>\n<link rel=\"canonical\" href=\"https:\/\/www.malinashop.lt\/lt_lt\/shop\/bade-natural-rosemary-stiprinantis-antakiu-ir-blakstienu-serumas-10-ml\/\" \/>\n<meta property=\"og:locale\" content=\"lt_LT\" \/>\n<meta property=\"og:type\" content=\"article\" \/>\n<meta property=\"og:title\" content=\"BADE NATURAL ROSEMARY stiprinantis antaki\u0173 ir blakstien\u0173 serumas, 10 ml - MalinaShop.lt J\u016bs\u0173 sveikatai ir gro\u017eiui.\" \/>\n<meta property=\"og:description\" content=\"BADE NATURAL ROSEMARY serumas antakiams ir blakstienoms stiprina, maitina ir skatina nat\u016bral\u0173 augim\u0105. Su rozmarinu, biotinu, kofeinu ir alaviju kasdienei prie\u017ei\u016brai.\" \/>\n<meta property=\"og:url\" content=\"https:\/\/www.malinashop.lt\/lt_lt\/shop\/bade-natural-rosemary-stiprinantis-antakiu-ir-blakstienu-serumas-10-ml\/\" \/>\n<meta property=\"og:site_name\" content=\"MalinaShop.lt J\u016bs\u0173 sveikatai ir gro\u017eiui.\" \/>\n<meta property=\"article:modified_time\" content=\"2026-04-07T19:18:32+00:00\" \/>\n<meta property=\"og:image\" content=\"https:\/\/www.malinashop.lt\/wp-content\/uploads\/2026\/01\/BADE-NATURAL-ROSEMARY-stiprinantis-antakiu-ir-blakstienu-serumas-10-ml3.webp\" \/>\n\t<meta property=\"og:image:width\" content=\"990\" \/>\n\t<meta property=\"og:image:height\" content=\"990\" \/>\n\t<meta property=\"og:image:type\" content=\"image\/webp\" \/>\n<meta name=\"twitter:card\" content=\"summary_large_image\" \/>\n<script type=\"application\/ld+json\" class=\"yoast-schema-graph\">{\"@context\":\"https:\\\/\\\/schema.org\",\"@graph\":[{\"@type\":\"WebPage\",\"@id\":\"https:\\\/\\\/www.malinashop.lt\\\/en\\\/shop\\\/bade-natural-rosemary-stiprinantis-antakiu-ir-blakstienu-serumas-10-ml\\\/\",\"url\":\"https:\\\/\\\/www.malinashop.lt\\\/en\\\/shop\\\/bade-natural-rosemary-stiprinantis-antakiu-ir-blakstienu-serumas-10-ml\\\/\",\"name\":\"BADE NATURAL ROSEMARY stiprinantis antaki\u0173 ir blakstien\u0173 serumas, 10 ml - MalinaShop.lt J\u016bs\u0173 sveikatai ir gro\u017eiui.\",\"isPartOf\":{\"@id\":\"https:\\\/\\\/www.malinashop.lt\\\/#website\"},\"primaryImageOfPage\":{\"@id\":\"https:\\\/\\\/www.malinashop.lt\\\/en\\\/shop\\\/bade-natural-rosemary-stiprinantis-antakiu-ir-blakstienu-serumas-10-ml\\\/#primaryimage\"},\"image\":{\"@id\":\"https:\\\/\\\/www.malinashop.lt\\\/en\\\/shop\\\/bade-natural-rosemary-stiprinantis-antakiu-ir-blakstienu-serumas-10-ml\\\/#primaryimage\"},\"thumbnailUrl\":\"https:\\\/\\\/www.malinashop.lt\\\/wp-content\\\/uploads\\\/2026\\\/01\\\/BADE-NATURAL-ROSEMARY-stiprinantis-antakiu-ir-blakstienu-serumas-10-ml3.webp\",\"datePublished\":\"2026-01-08T22:03:25+00:00\",\"dateModified\":\"2026-04-07T19:18:32+00:00\",\"description\":\"BADE NATURAL ROSEMARY serumas antakiams ir blakstienoms stiprina, maitina ir skatina nat\u016bral\u0173 augim\u0105. Su rozmarinu, biotinu, kofeinu ir alaviju kasdienei prie\u017ei\u016brai.\",\"breadcrumb\":{\"@id\":\"https:\\\/\\\/www.malinashop.lt\\\/en\\\/shop\\\/bade-natural-rosemary-stiprinantis-antakiu-ir-blakstienu-serumas-10-ml\\\/#breadcrumb\"},\"inLanguage\":\"lt-LT\",\"potentialAction\":[{\"@type\":\"ReadAction\",\"target\":[\"https:\\\/\\\/www.malinashop.lt\\\/en\\\/shop\\\/bade-natural-rosemary-stiprinantis-antakiu-ir-blakstienu-serumas-10-ml\\\/\"]}]},{\"@type\":\"ImageObject\",\"inLanguage\":\"lt-LT\",\"@id\":\"https:\\\/\\\/www.malinashop.lt\\\/en\\\/shop\\\/bade-natural-rosemary-stiprinantis-antakiu-ir-blakstienu-serumas-10-ml\\\/#primaryimage\",\"url\":\"https:\\\/\\\/www.malinashop.lt\\\/wp-content\\\/uploads\\\/2026\\\/01\\\/BADE-NATURAL-ROSEMARY-stiprinantis-antakiu-ir-blakstienu-serumas-10-ml3.webp\",\"contentUrl\":\"https:\\\/\\\/www.malinashop.lt\\\/wp-content\\\/uploads\\\/2026\\\/01\\\/BADE-NATURAL-ROSEMARY-stiprinantis-antakiu-ir-blakstienu-serumas-10-ml3.webp\",\"width\":990,\"height\":990},{\"@type\":\"BreadcrumbList\",\"@id\":\"https:\\\/\\\/www.malinashop.lt\\\/en\\\/shop\\\/bade-natural-rosemary-stiprinantis-antakiu-ir-blakstienu-serumas-10-ml\\\/#breadcrumb\",\"itemListElement\":[{\"@type\":\"ListItem\",\"position\":1,\"name\":\"Pagrindinis\",\"item\":\"https:\\\/\\\/www.malinashop.lt\\\/\"},{\"@type\":\"ListItem\",\"position\":2,\"name\":\"Parduotuv\u0117\",\"item\":\"https:\\\/\\\/www.malinashop.lt\\\/en\\\/parduotuve\\\/\"},{\"@type\":\"ListItem\",\"position\":3,\"name\":\"BADE NATURAL ROSEMARY stiprinantis antaki\u0173 ir blakstien\u0173 serumas, 10 ml\"}]},{\"@type\":\"WebSite\",\"@id\":\"https:\\\/\\\/www.malinashop.lt\\\/#website\",\"url\":\"https:\\\/\\\/www.malinashop.lt\\\/\",\"name\":\"COM Group Ecommerce\",\"description\":\"MalinaShop.lt - Gro\u017eio ir sveikatos produktai i\u0161 patikim\u0173 preki\u0173 \u017eenkl\u0173. Atraskite auk\u0161tos kokyb\u0117s kosmetik\u0105 u\u017e puiki\u0105 kain\u0105.\",\"publisher\":{\"@id\":\"https:\\\/\\\/www.malinashop.lt\\\/#organization\"},\"potentialAction\":[{\"@type\":\"SearchAction\",\"target\":{\"@type\":\"EntryPoint\",\"urlTemplate\":\"https:\\\/\\\/www.malinashop.lt\\\/?s={search_term_string}\"},\"query-input\":{\"@type\":\"PropertyValueSpecification\",\"valueRequired\":true,\"valueName\":\"search_term_string\"}}],\"inLanguage\":\"lt-LT\"},{\"@type\":\"Organization\",\"@id\":\"https:\\\/\\\/www.malinashop.lt\\\/#organization\",\"name\":\"COM Group Ecommerce\",\"url\":\"https:\\\/\\\/www.malinashop.lt\\\/\",\"logo\":{\"@type\":\"ImageObject\",\"inLanguage\":\"lt-LT\",\"@id\":\"https:\\\/\\\/www.malinashop.lt\\\/#\\\/schema\\\/logo\\\/image\\\/\",\"url\":\"https:\\\/\\\/www.malinashop.lt\\\/wp-content\\\/uploads\\\/2024\\\/08\\\/462559670_3787732518133670_9795632669273463_n-e1731525914575.png\",\"contentUrl\":\"https:\\\/\\\/www.malinashop.lt\\\/wp-content\\\/uploads\\\/2024\\\/08\\\/462559670_3787732518133670_9795632669273463_n-e1731525914575.png\",\"width\":180,\"height\":60,\"caption\":\"COM Group Ecommerce\"},\"image\":{\"@id\":\"https:\\\/\\\/www.malinashop.lt\\\/#\\\/schema\\\/logo\\\/image\\\/\"}}]}<\/script>\n<!-- \/ Yoast SEO plugin. -->","yoast_head_json":{"title":"BADE NATURAL ROSEMARY stiprinantis antaki\u0173 ir blakstien\u0173 serumas, 10 ml - MalinaShop.lt J\u016bs\u0173 sveikatai ir gro\u017eiui.","description":"BADE NATURAL ROSEMARY serumas antakiams ir blakstienoms stiprina, maitina ir skatina nat\u016bral\u0173 augim\u0105. Su rozmarinu, biotinu, kofeinu ir alaviju kasdienei prie\u017ei\u016brai.","robots":{"index":"index","follow":"follow","max-snippet":"max-snippet:-1","max-image-preview":"max-image-preview:large","max-video-preview":"max-video-preview:-1"},"canonical":"https:\/\/www.malinashop.lt\/lt_lt\/shop\/bade-natural-rosemary-stiprinantis-antakiu-ir-blakstienu-serumas-10-ml\/","og_locale":"lt_LT","og_type":"article","og_title":"BADE NATURAL ROSEMARY stiprinantis antaki\u0173 ir blakstien\u0173 serumas, 10 ml - MalinaShop.lt J\u016bs\u0173 sveikatai ir gro\u017eiui.","og_description":"BADE NATURAL ROSEMARY serumas antakiams ir blakstienoms stiprina, maitina ir skatina nat\u016bral\u0173 augim\u0105. Su rozmarinu, biotinu, kofeinu ir alaviju kasdienei prie\u017ei\u016brai.","og_url":"https:\/\/www.malinashop.lt\/lt_lt\/shop\/bade-natural-rosemary-stiprinantis-antakiu-ir-blakstienu-serumas-10-ml\/","og_site_name":"MalinaShop.lt J\u016bs\u0173 sveikatai ir gro\u017eiui.","article_modified_time":"2026-04-07T19:18:32+00:00","og_image":[{"width":990,"height":990,"url":"https:\/\/www.malinashop.lt\/wp-content\/uploads\/2026\/01\/BADE-NATURAL-ROSEMARY-stiprinantis-antakiu-ir-blakstienu-serumas-10-ml3.webp","type":"image\/webp"}],"twitter_card":"summary_large_image","schema":{"@context":"https:\/\/schema.org","@graph":[{"@type":"WebPage","@id":"https:\/\/www.malinashop.lt\/en\/shop\/bade-natural-rosemary-stiprinantis-antakiu-ir-blakstienu-serumas-10-ml\/","url":"https:\/\/www.malinashop.lt\/en\/shop\/bade-natural-rosemary-stiprinantis-antakiu-ir-blakstienu-serumas-10-ml\/","name":"BADE NATURAL ROSEMARY stiprinantis antaki\u0173 ir blakstien\u0173 serumas, 10 ml - MalinaShop.lt J\u016bs\u0173 sveikatai ir gro\u017eiui.","isPartOf":{"@id":"https:\/\/www.malinashop.lt\/#website"},"primaryImageOfPage":{"@id":"https:\/\/www.malinashop.lt\/en\/shop\/bade-natural-rosemary-stiprinantis-antakiu-ir-blakstienu-serumas-10-ml\/#primaryimage"},"image":{"@id":"https:\/\/www.malinashop.lt\/en\/shop\/bade-natural-rosemary-stiprinantis-antakiu-ir-blakstienu-serumas-10-ml\/#primaryimage"},"thumbnailUrl":"https:\/\/www.malinashop.lt\/wp-content\/uploads\/2026\/01\/BADE-NATURAL-ROSEMARY-stiprinantis-antakiu-ir-blakstienu-serumas-10-ml3.webp","datePublished":"2026-01-08T22:03:25+00:00","dateModified":"2026-04-07T19:18:32+00:00","description":"BADE NATURAL ROSEMARY serumas antakiams ir blakstienoms stiprina, maitina ir skatina nat\u016bral\u0173 augim\u0105. Su rozmarinu, biotinu, kofeinu ir alaviju kasdienei prie\u017ei\u016brai.","breadcrumb":{"@id":"https:\/\/www.malinashop.lt\/en\/shop\/bade-natural-rosemary-stiprinantis-antakiu-ir-blakstienu-serumas-10-ml\/#breadcrumb"},"inLanguage":"lt-LT","potentialAction":[{"@type":"ReadAction","target":["https:\/\/www.malinashop.lt\/en\/shop\/bade-natural-rosemary-stiprinantis-antakiu-ir-blakstienu-serumas-10-ml\/"]}]},{"@type":"ImageObject","inLanguage":"lt-LT","@id":"https:\/\/www.malinashop.lt\/en\/shop\/bade-natural-rosemary-stiprinantis-antakiu-ir-blakstienu-serumas-10-ml\/#primaryimage","url":"https:\/\/www.malinashop.lt\/wp-content\/uploads\/2026\/01\/BADE-NATURAL-ROSEMARY-stiprinantis-antakiu-ir-blakstienu-serumas-10-ml3.webp","contentUrl":"https:\/\/www.malinashop.lt\/wp-content\/uploads\/2026\/01\/BADE-NATURAL-ROSEMARY-stiprinantis-antakiu-ir-blakstienu-serumas-10-ml3.webp","width":990,"height":990},{"@type":"BreadcrumbList","@id":"https:\/\/www.malinashop.lt\/en\/shop\/bade-natural-rosemary-stiprinantis-antakiu-ir-blakstienu-serumas-10-ml\/#breadcrumb","itemListElement":[{"@type":"ListItem","position":1,"name":"Pagrindinis","item":"https:\/\/www.malinashop.lt\/"},{"@type":"ListItem","position":2,"name":"Parduotuv\u0117","item":"https:\/\/www.malinashop.lt\/en\/parduotuve\/"},{"@type":"ListItem","position":3,"name":"BADE NATURAL ROSEMARY stiprinantis antaki\u0173 ir blakstien\u0173 serumas, 10 ml"}]},{"@type":"WebSite","@id":"https:\/\/www.malinashop.lt\/#website","url":"https:\/\/www.malinashop.lt\/","name":"COM Group Ecommerce","description":"MalinaShop.lt - Gro\u017eio ir sveikatos produktai i\u0161 patikim\u0173 preki\u0173 \u017eenkl\u0173. Atraskite auk\u0161tos kokyb\u0117s kosmetik\u0105 u\u017e puiki\u0105 kain\u0105.","publisher":{"@id":"https:\/\/www.malinashop.lt\/#organization"},"potentialAction":[{"@type":"SearchAction","target":{"@type":"EntryPoint","urlTemplate":"https:\/\/www.malinashop.lt\/?s={search_term_string}"},"query-input":{"@type":"PropertyValueSpecification","valueRequired":true,"valueName":"search_term_string"}}],"inLanguage":"lt-LT"},{"@type":"Organization","@id":"https:\/\/www.malinashop.lt\/#organization","name":"COM Group Ecommerce","url":"https:\/\/www.malinashop.lt\/","logo":{"@type":"ImageObject","inLanguage":"lt-LT","@id":"https:\/\/www.malinashop.lt\/#\/schema\/logo\/image\/","url":"https:\/\/www.malinashop.lt\/wp-content\/uploads\/2024\/08\/462559670_3787732518133670_9795632669273463_n-e1731525914575.png","contentUrl":"https:\/\/www.malinashop.lt\/wp-content\/uploads\/2024\/08\/462559670_3787732518133670_9795632669273463_n-e1731525914575.png","width":180,"height":60,"caption":"COM Group Ecommerce"},"image":{"@id":"https:\/\/www.malinashop.lt\/#\/schema\/logo\/image\/"}}]}},"jetpack_sharing_enabled":true,"_links":{"self":[{"href":"https:\/\/www.malinashop.lt\/lt_lt\/wp-json\/wp\/v2\/product\/73104","targetHints":{"allow":["GET"]}}],"collection":[{"href":"https:\/\/www.malinashop.lt\/lt_lt\/wp-json\/wp\/v2\/product"}],"about":[{"href":"https:\/\/www.malinashop.lt\/lt_lt\/wp-json\/wp\/v2\/types\/product"}],"version-history":[{"count":1,"href":"https:\/\/www.malinashop.lt\/lt_lt\/wp-json\/wp\/v2\/product\/73104\/revisions"}],"predecessor-version":[{"id":73109,"href":"https:\/\/www.malinashop.lt\/lt_lt\/wp-json\/wp\/v2\/product\/73104\/revisions\/73109"}],"wp:featuredmedia":[{"embeddable":true,"href":"https:\/\/www.malinashop.lt\/lt_lt\/wp-json\/wp\/v2\/media\/73105"}],"wp:attachment":[{"href":"https:\/\/www.malinashop.lt\/lt_lt\/wp-json\/wp\/v2\/media?parent=73104"}],"wp:term":[{"taxonomy":"product_brand","embeddable":true,"href":"https:\/\/www.malinashop.lt\/lt_lt\/wp-json\/wp\/v2\/product_brand?post=73104"},{"taxonomy":"product_cat","embeddable":true,"href":"https:\/\/www.malinashop.lt\/lt_lt\/wp-json\/wp\/v2\/product_cat?post=73104"},{"taxonomy":"product_tag","embeddable":true,"href":"https:\/\/www.malinashop.lt\/lt_lt\/wp-json\/wp\/v2\/product_tag?post=73104"}],"curies":[{"name":"wp","href":"https:\/\/api.w.org\/{rel}","templated":true}]}}