{"id":73101,"date":"2026-01-09T01:01:53","date_gmt":"2026-01-08T22:01:53","guid":{"rendered":"https:\/\/malinashop.lt\/?post_type=product&#038;p=73101"},"modified":"2026-04-07T22:18:32","modified_gmt":"2026-04-07T19:18:32","slug":"bade-natural-tea-tree-rutulinis-veido-serumas-10-ml","status":"publish","type":"product","link":"https:\/\/www.malinashop.lt\/lt_lt\/shop\/bade-natural-tea-tree-rutulinis-veido-serumas-10-ml\/","title":{"rendered":"BADE NATURAL TEA TREE rutulinis veido serumas, 10 ml"},"content":{"rendered":"<p data-start=\"331\" data-end=\"622\">BADE NATURAL <strong data-start=\"367\" data-end=\"403\">rutulinis veido serumas TEA TREE<\/strong> sukurtas tikslinei <strong data-start=\"423\" data-end=\"468\">riebios, mi\u0161rios ir \u012f akn\u0119 linkusios odos<\/strong> prie\u017ei\u016brai. Tai koncentruota, greitai veikianti priemon\u0117, skirta <strong data-start=\"534\" data-end=\"577\">lokaliam spuogeli\u0173 ir u\u017edegimini\u0173 viet\u0173<\/strong> gydymui bei sebumo i\u0161siskyrimo balansavimui.<\/p>\n<p data-start=\"624\" data-end=\"891\">Patogi <strong data-start=\"631\" data-end=\"647\">roll-on tipo<\/strong> pakuot\u0117 leid\u017eia priemon\u0119 u\u017etepti tiksliai ant problemini\u0173 viet\u0173 \u2013 be perteklinio produkto naudojimo ir be dirginimo. Lengva, greitai \u012fsigerianti tekst\u016bra nepalieka riebumo ar lipnumo, tod\u0117l serumas puikiai tinka naudoti tiek ryte, tiek vakare.<\/p>\n<p data-start=\"893\" data-end=\"973\">Formul\u0117je derinami <strong data-start=\"912\" data-end=\"956\">arbatmed\u017eio ir levand\u0173 eteriniai aliejai<\/strong>, pasi\u017eymintys:<\/p>\n<ul data-start=\"974\" data-end=\"1136\">\n<li data-start=\"974\" data-end=\"1018\">\n<p data-start=\"976\" data-end=\"1018\"><strong data-start=\"976\" data-end=\"1015\">valan\u010diu ir antibakteriniu poveikiu<\/strong>,<\/p>\n<\/li>\n<li data-start=\"1019\" data-end=\"1081\">\n<p data-start=\"1021\" data-end=\"1081\">padedan\u010diu <strong data-start=\"1032\" data-end=\"1078\">ma\u017einti paraudim\u0105 ir spuogeli\u0173 formavim\u0105si<\/strong>,<\/p>\n<\/li>\n<li data-start=\"1082\" data-end=\"1136\">\n<p data-start=\"1084\" data-end=\"1136\">poras raminan\u010diomis ir od\u0105 atkuriamomis savyb\u0117mis.<\/p>\n<\/li>\n<\/ul>\n<p data-start=\"1138\" data-end=\"1250\">Pagrindu naudojamas <strong data-start=\"1158\" data-end=\"1177\">jojobos aliejus<\/strong> \u2013 lengvas, greitai \u012fsigeriantis, artimas nat\u016braliam odos sebumui. Jis:<\/p>\n<ul data-start=\"1251\" data-end=\"1423\">\n<li data-start=\"1251\" data-end=\"1324\">\n<p data-start=\"1253\" data-end=\"1324\">padeda <strong data-start=\"1260\" data-end=\"1303\">grei\u010diau perne\u0161ti veikli\u0105sias med\u017eiagas<\/strong> \u012f problemin\u0119 zon\u0105;<\/p>\n<\/li>\n<li data-start=\"1325\" data-end=\"1379\">\n<p data-start=\"1327\" data-end=\"1379\">palaiko <strong data-start=\"1335\" data-end=\"1354\">dr\u0117gm\u0117s balans\u0105<\/strong>, neapsunkindamas odos;<\/p>\n<\/li>\n<li data-start=\"1380\" data-end=\"1423\">\n<p data-start=\"1382\" data-end=\"1423\">palieka od\u0105 \u0161velni\u0105, be riebios pl\u0117vel\u0117s.<\/p>\n<\/li>\n<\/ul>\n<p data-start=\"1425\" data-end=\"1570\">Serumas tinka naudoti tiek pavieniams b\u0117rimams, tiek periodi\u0161kai i\u0161ry\u0161k\u0117jantiems u\u017edegiminiams \u017eidiniams, pavyzd\u017eiui, T zonoje ar smakro srityje.<\/p>\n<p data-start=\"1572\" data-end=\"1601\"><strong data-start=\"1572\" data-end=\"1599\">Pagrindiniai privalumai<\/strong><\/p>\n<ul data-start=\"1602\" data-end=\"1953\">\n<li data-start=\"1602\" data-end=\"1634\">\n<p data-start=\"1604\" data-end=\"1634\">100 % nat\u016bral\u016bs ingredientai<\/p>\n<\/li>\n<li data-start=\"1635\" data-end=\"1674\">\n<p data-start=\"1637\" data-end=\"1674\">Vegani\u0161kas, netestuotas su gyv\u016bnais<\/p>\n<\/li>\n<li data-start=\"1675\" data-end=\"1728\">\n<p data-start=\"1677\" data-end=\"1728\">Dermatologi\u0161kai patikrinta ir patvirtinta formul\u0117<\/p>\n<\/li>\n<li data-start=\"1729\" data-end=\"1774\">\n<p data-start=\"1731\" data-end=\"1774\">Greitai veikiantis rutulinis aplikatorius<\/p>\n<\/li>\n<li data-start=\"1775\" data-end=\"1815\">\n<p data-start=\"1777\" data-end=\"1815\">Padeda reguliuoti sebumo i\u0161siskyrim\u0105<\/p>\n<\/li>\n<li data-start=\"1816\" data-end=\"1860\">\n<p data-start=\"1818\" data-end=\"1860\">Ma\u017eina paraudim\u0105 ir spuogeli\u0173 atsiradim\u0105<\/p>\n<\/li>\n<li data-start=\"1861\" data-end=\"1901\">\n<p data-start=\"1863\" data-end=\"1901\">Ramina sudirgusi\u0105, problemati\u0161k\u0105 od\u0105<\/p>\n<\/li>\n<li data-start=\"1902\" data-end=\"1953\">\n<p data-start=\"1904\" data-end=\"1953\">Tinka riebiai ir mi\u0161riai, \u012f akn\u0119 linkusiai odai<\/p>\n<\/li>\n<\/ul>\n<p data-start=\"1955\" data-end=\"1982\"><strong data-start=\"1955\" data-end=\"1980\">Veikliosios med\u017eiagos<\/strong><\/p>\n<ul data-start=\"1983\" data-end=\"2319\">\n<li data-start=\"1983\" data-end=\"2084\">\n<p data-start=\"1985\" data-end=\"2084\"><strong data-start=\"1985\" data-end=\"2004\">Jojobos aliejus<\/strong> \u2013 u\u017etikrina greit\u0105 \u012fsig\u0117rim\u0105, palaiko odos dr\u0117gm\u0117s balans\u0105, neapsunkina por\u0173.<\/p>\n<\/li>\n<li data-start=\"2085\" data-end=\"2219\">\n<p data-start=\"2087\" data-end=\"2219\"><strong data-start=\"2087\" data-end=\"2119\">Arbatmed\u017eio eterinis aliejus<\/strong> \u2013 padeda valyti od\u0105, slopinti bakterij\u0173 dauginim\u0105si, ma\u017eina u\u017edegiminius spuogelius ir paraudim\u0105.<\/p>\n<\/li>\n<li data-start=\"2220\" data-end=\"2319\">\n<p data-start=\"2222\" data-end=\"2319\"><strong data-start=\"2222\" data-end=\"2250\">Levand\u0173 eterinis aliejus<\/strong> \u2013 ramina, subalansuoja, palaiko \u0161varesnes poras ir ma\u017eina sudirgim\u0105.<\/p>\n<\/li>\n<\/ul>\n<p data-start=\"2321\" data-end=\"2474\">BADE NATURAL produktai gaminami i\u0161 <strong data-start=\"2356\" data-end=\"2416\">100 % nat\u016brali\u0173 \u017ealiav\u0173 ir 100 % gryn\u0173j\u0173 eterini\u0173 aliej\u0173<\/strong>. Priemon\u0117s draugi\u0161kos aplinkai, \u0161velnios ir saugios odai.<\/p>\n<p data-start=\"2476\" data-end=\"2518\"><strong data-start=\"2476\" data-end=\"2490\">Naudojimas<\/strong><br data-start=\"2490\" data-end=\"2493\" \/>Po veido odos nuvalymo:<\/p>\n<ul data-start=\"2519\" data-end=\"2708\">\n<li data-start=\"2519\" data-end=\"2596\">\n<p data-start=\"2521\" data-end=\"2596\">Tepkite serum\u0105 <strong data-start=\"2536\" data-end=\"2569\">tiesiai ant problemini\u0173 viet\u0173<\/strong> rutuliniu aplikatoriumi.<\/p>\n<\/li>\n<li data-start=\"2597\" data-end=\"2642\">\n<p data-start=\"2599\" data-end=\"2642\">Palaukite, kol priemon\u0117 visi\u0161kai \u012fsigers.<\/p>\n<\/li>\n<li data-start=\"2643\" data-end=\"2708\">\n<p data-start=\"2645\" data-end=\"2708\">Naudokite pagal poreik\u012f \u2013 lokaliai ryte ir\/vakare, prie\u0161 krem\u0105.<\/p>\n<\/li>\n<\/ul>\n","protected":false},"excerpt":{"rendered":"<p>BADE NATURAL TEA TREE \u2013 greito poveikio rutulinis serumas riebiai, mi\u0161riai ir \u012f akn\u0119 linkusiai odai. Subalansuoja sebumo i\u0161siskyrim\u0105, lokaliai veikia spuogelius, ramina ir padeda palaikyti \u0161varesn\u0119 od\u0105.<\/p>\n","protected":false},"featured_media":73102,"template":"","meta":[],"product_brand":[1571],"product_cat":[1470,728],"product_tag":[1592],"class_list":{"0":"post-73101","1":"product","2":"type-product","3":"status-publish","4":"has-post-thumbnail","6":"product_brand-bade-natural","7":"product_cat-veido-tonikai","8":"product_cat-veidui","9":"product_tag-bade-natural","11":"first","12":"instock","13":"sale","14":"taxable","15":"shipping-taxable","16":"purchasable","17":"product-type-simple"},"yoast_head":"<!-- This site is optimized with the Yoast SEO plugin v27.4 - https:\/\/yoast.com\/product\/yoast-seo-wordpress\/ -->\n<title>BADE NATURAL TEA TREE rutulinis veido serumas, 10 ml - MalinaShop.lt J\u016bs\u0173 sveikatai ir gro\u017eiui.<\/title>\n<meta name=\"description\" content=\"BADE NATURAL TEA TREE rutulinis serumas \u2013 nat\u016brali roll-on priemon\u0117 riebiai, \u012f akn\u0119 linkusiai odai. Ma\u017eina spuogelius, balansuoja sebum\u0105 ir ramina sudirgim\u0105.\" \/>\n<meta name=\"robots\" content=\"index, follow, max-snippet:-1, max-image-preview:large, max-video-preview:-1\" \/>\n<link rel=\"canonical\" href=\"https:\/\/www.malinashop.lt\/lt_lt\/shop\/bade-natural-tea-tree-rutulinis-veido-serumas-10-ml\/\" \/>\n<meta property=\"og:locale\" content=\"lt_LT\" \/>\n<meta property=\"og:type\" content=\"article\" \/>\n<meta property=\"og:title\" content=\"BADE NATURAL TEA TREE rutulinis veido serumas, 10 ml - MalinaShop.lt J\u016bs\u0173 sveikatai ir gro\u017eiui.\" \/>\n<meta property=\"og:description\" content=\"BADE NATURAL TEA TREE rutulinis serumas \u2013 nat\u016brali roll-on priemon\u0117 riebiai, \u012f akn\u0119 linkusiai odai. Ma\u017eina spuogelius, balansuoja sebum\u0105 ir ramina sudirgim\u0105.\" \/>\n<meta property=\"og:url\" content=\"https:\/\/www.malinashop.lt\/lt_lt\/shop\/bade-natural-tea-tree-rutulinis-veido-serumas-10-ml\/\" \/>\n<meta property=\"og:site_name\" content=\"MalinaShop.lt J\u016bs\u0173 sveikatai ir gro\u017eiui.\" \/>\n<meta property=\"article:modified_time\" content=\"2026-04-07T19:18:32+00:00\" \/>\n<meta property=\"og:image\" content=\"https:\/\/www.malinashop.lt\/wp-content\/uploads\/2026\/01\/BADE-NATURAL-TEA-TREE-rutulinis-veido-serumas-10-ml.webp\" \/>\n\t<meta property=\"og:image:width\" content=\"768\" \/>\n\t<meta property=\"og:image:height\" content=\"768\" \/>\n\t<meta property=\"og:image:type\" content=\"image\/webp\" \/>\n<meta name=\"twitter:card\" content=\"summary_large_image\" \/>\n<script type=\"application\/ld+json\" class=\"yoast-schema-graph\">{\"@context\":\"https:\\\/\\\/schema.org\",\"@graph\":[{\"@type\":\"WebPage\",\"@id\":\"https:\\\/\\\/www.malinashop.lt\\\/lt_lt\\\/shop\\\/bade-natural-tea-tree-rutulinis-veido-serumas-10-ml\\\/\",\"url\":\"https:\\\/\\\/www.malinashop.lt\\\/lt_lt\\\/shop\\\/bade-natural-tea-tree-rutulinis-veido-serumas-10-ml\\\/\",\"name\":\"BADE NATURAL TEA TREE rutulinis veido serumas, 10 ml - MalinaShop.lt J\u016bs\u0173 sveikatai ir gro\u017eiui.\",\"isPartOf\":{\"@id\":\"https:\\\/\\\/www.malinashop.lt\\\/#website\"},\"primaryImageOfPage\":{\"@id\":\"https:\\\/\\\/www.malinashop.lt\\\/lt_lt\\\/shop\\\/bade-natural-tea-tree-rutulinis-veido-serumas-10-ml\\\/#primaryimage\"},\"image\":{\"@id\":\"https:\\\/\\\/www.malinashop.lt\\\/lt_lt\\\/shop\\\/bade-natural-tea-tree-rutulinis-veido-serumas-10-ml\\\/#primaryimage\"},\"thumbnailUrl\":\"https:\\\/\\\/www.malinashop.lt\\\/wp-content\\\/uploads\\\/2026\\\/01\\\/BADE-NATURAL-TEA-TREE-rutulinis-veido-serumas-10-ml.webp\",\"datePublished\":\"2026-01-08T22:01:53+00:00\",\"dateModified\":\"2026-04-07T19:18:32+00:00\",\"description\":\"BADE NATURAL TEA TREE rutulinis serumas \u2013 nat\u016brali roll-on priemon\u0117 riebiai, \u012f akn\u0119 linkusiai odai. Ma\u017eina spuogelius, balansuoja sebum\u0105 ir ramina sudirgim\u0105.\",\"breadcrumb\":{\"@id\":\"https:\\\/\\\/www.malinashop.lt\\\/lt_lt\\\/shop\\\/bade-natural-tea-tree-rutulinis-veido-serumas-10-ml\\\/#breadcrumb\"},\"inLanguage\":\"lt-LT\",\"potentialAction\":[{\"@type\":\"ReadAction\",\"target\":[\"https:\\\/\\\/www.malinashop.lt\\\/lt_lt\\\/shop\\\/bade-natural-tea-tree-rutulinis-veido-serumas-10-ml\\\/\"]}]},{\"@type\":\"ImageObject\",\"inLanguage\":\"lt-LT\",\"@id\":\"https:\\\/\\\/www.malinashop.lt\\\/lt_lt\\\/shop\\\/bade-natural-tea-tree-rutulinis-veido-serumas-10-ml\\\/#primaryimage\",\"url\":\"https:\\\/\\\/www.malinashop.lt\\\/wp-content\\\/uploads\\\/2026\\\/01\\\/BADE-NATURAL-TEA-TREE-rutulinis-veido-serumas-10-ml.webp\",\"contentUrl\":\"https:\\\/\\\/www.malinashop.lt\\\/wp-content\\\/uploads\\\/2026\\\/01\\\/BADE-NATURAL-TEA-TREE-rutulinis-veido-serumas-10-ml.webp\",\"width\":768,\"height\":768},{\"@type\":\"BreadcrumbList\",\"@id\":\"https:\\\/\\\/www.malinashop.lt\\\/lt_lt\\\/shop\\\/bade-natural-tea-tree-rutulinis-veido-serumas-10-ml\\\/#breadcrumb\",\"itemListElement\":[{\"@type\":\"ListItem\",\"position\":1,\"name\":\"Pagrindinis\",\"item\":\"https:\\\/\\\/www.malinashop.lt\\\/\"},{\"@type\":\"ListItem\",\"position\":2,\"name\":\"Parduotuv\u0117\",\"item\":\"https:\\\/\\\/www.malinashop.lt\\\/en\\\/parduotuve\\\/\"},{\"@type\":\"ListItem\",\"position\":3,\"name\":\"BADE NATURAL TEA TREE rutulinis veido serumas, 10 ml\"}]},{\"@type\":\"WebSite\",\"@id\":\"https:\\\/\\\/www.malinashop.lt\\\/#website\",\"url\":\"https:\\\/\\\/www.malinashop.lt\\\/\",\"name\":\"COM Group Ecommerce\",\"description\":\"MalinaShop.lt - Gro\u017eio ir sveikatos produktai i\u0161 patikim\u0173 preki\u0173 \u017eenkl\u0173. Atraskite auk\u0161tos kokyb\u0117s kosmetik\u0105 u\u017e puiki\u0105 kain\u0105.\",\"publisher\":{\"@id\":\"https:\\\/\\\/www.malinashop.lt\\\/#organization\"},\"potentialAction\":[{\"@type\":\"SearchAction\",\"target\":{\"@type\":\"EntryPoint\",\"urlTemplate\":\"https:\\\/\\\/www.malinashop.lt\\\/?s={search_term_string}\"},\"query-input\":{\"@type\":\"PropertyValueSpecification\",\"valueRequired\":true,\"valueName\":\"search_term_string\"}}],\"inLanguage\":\"lt-LT\"},{\"@type\":\"Organization\",\"@id\":\"https:\\\/\\\/www.malinashop.lt\\\/#organization\",\"name\":\"COM Group Ecommerce\",\"url\":\"https:\\\/\\\/www.malinashop.lt\\\/\",\"logo\":{\"@type\":\"ImageObject\",\"inLanguage\":\"lt-LT\",\"@id\":\"https:\\\/\\\/www.malinashop.lt\\\/#\\\/schema\\\/logo\\\/image\\\/\",\"url\":\"https:\\\/\\\/www.malinashop.lt\\\/wp-content\\\/uploads\\\/2024\\\/08\\\/462559670_3787732518133670_9795632669273463_n-e1731525914575.png\",\"contentUrl\":\"https:\\\/\\\/www.malinashop.lt\\\/wp-content\\\/uploads\\\/2024\\\/08\\\/462559670_3787732518133670_9795632669273463_n-e1731525914575.png\",\"width\":180,\"height\":60,\"caption\":\"COM Group Ecommerce\"},\"image\":{\"@id\":\"https:\\\/\\\/www.malinashop.lt\\\/#\\\/schema\\\/logo\\\/image\\\/\"}}]}<\/script>\n<!-- \/ Yoast SEO plugin. -->","yoast_head_json":{"title":"BADE NATURAL TEA TREE rutulinis veido serumas, 10 ml - MalinaShop.lt J\u016bs\u0173 sveikatai ir gro\u017eiui.","description":"BADE NATURAL TEA TREE rutulinis serumas \u2013 nat\u016brali roll-on priemon\u0117 riebiai, \u012f akn\u0119 linkusiai odai. Ma\u017eina spuogelius, balansuoja sebum\u0105 ir ramina sudirgim\u0105.","robots":{"index":"index","follow":"follow","max-snippet":"max-snippet:-1","max-image-preview":"max-image-preview:large","max-video-preview":"max-video-preview:-1"},"canonical":"https:\/\/www.malinashop.lt\/lt_lt\/shop\/bade-natural-tea-tree-rutulinis-veido-serumas-10-ml\/","og_locale":"lt_LT","og_type":"article","og_title":"BADE NATURAL TEA TREE rutulinis veido serumas, 10 ml - MalinaShop.lt J\u016bs\u0173 sveikatai ir gro\u017eiui.","og_description":"BADE NATURAL TEA TREE rutulinis serumas \u2013 nat\u016brali roll-on priemon\u0117 riebiai, \u012f akn\u0119 linkusiai odai. Ma\u017eina spuogelius, balansuoja sebum\u0105 ir ramina sudirgim\u0105.","og_url":"https:\/\/www.malinashop.lt\/lt_lt\/shop\/bade-natural-tea-tree-rutulinis-veido-serumas-10-ml\/","og_site_name":"MalinaShop.lt J\u016bs\u0173 sveikatai ir gro\u017eiui.","article_modified_time":"2026-04-07T19:18:32+00:00","og_image":[{"width":768,"height":768,"url":"https:\/\/www.malinashop.lt\/wp-content\/uploads\/2026\/01\/BADE-NATURAL-TEA-TREE-rutulinis-veido-serumas-10-ml.webp","type":"image\/webp"}],"twitter_card":"summary_large_image","schema":{"@context":"https:\/\/schema.org","@graph":[{"@type":"WebPage","@id":"https:\/\/www.malinashop.lt\/lt_lt\/shop\/bade-natural-tea-tree-rutulinis-veido-serumas-10-ml\/","url":"https:\/\/www.malinashop.lt\/lt_lt\/shop\/bade-natural-tea-tree-rutulinis-veido-serumas-10-ml\/","name":"BADE NATURAL TEA TREE rutulinis veido serumas, 10 ml - MalinaShop.lt J\u016bs\u0173 sveikatai ir gro\u017eiui.","isPartOf":{"@id":"https:\/\/www.malinashop.lt\/#website"},"primaryImageOfPage":{"@id":"https:\/\/www.malinashop.lt\/lt_lt\/shop\/bade-natural-tea-tree-rutulinis-veido-serumas-10-ml\/#primaryimage"},"image":{"@id":"https:\/\/www.malinashop.lt\/lt_lt\/shop\/bade-natural-tea-tree-rutulinis-veido-serumas-10-ml\/#primaryimage"},"thumbnailUrl":"https:\/\/www.malinashop.lt\/wp-content\/uploads\/2026\/01\/BADE-NATURAL-TEA-TREE-rutulinis-veido-serumas-10-ml.webp","datePublished":"2026-01-08T22:01:53+00:00","dateModified":"2026-04-07T19:18:32+00:00","description":"BADE NATURAL TEA TREE rutulinis serumas \u2013 nat\u016brali roll-on priemon\u0117 riebiai, \u012f akn\u0119 linkusiai odai. Ma\u017eina spuogelius, balansuoja sebum\u0105 ir ramina sudirgim\u0105.","breadcrumb":{"@id":"https:\/\/www.malinashop.lt\/lt_lt\/shop\/bade-natural-tea-tree-rutulinis-veido-serumas-10-ml\/#breadcrumb"},"inLanguage":"lt-LT","potentialAction":[{"@type":"ReadAction","target":["https:\/\/www.malinashop.lt\/lt_lt\/shop\/bade-natural-tea-tree-rutulinis-veido-serumas-10-ml\/"]}]},{"@type":"ImageObject","inLanguage":"lt-LT","@id":"https:\/\/www.malinashop.lt\/lt_lt\/shop\/bade-natural-tea-tree-rutulinis-veido-serumas-10-ml\/#primaryimage","url":"https:\/\/www.malinashop.lt\/wp-content\/uploads\/2026\/01\/BADE-NATURAL-TEA-TREE-rutulinis-veido-serumas-10-ml.webp","contentUrl":"https:\/\/www.malinashop.lt\/wp-content\/uploads\/2026\/01\/BADE-NATURAL-TEA-TREE-rutulinis-veido-serumas-10-ml.webp","width":768,"height":768},{"@type":"BreadcrumbList","@id":"https:\/\/www.malinashop.lt\/lt_lt\/shop\/bade-natural-tea-tree-rutulinis-veido-serumas-10-ml\/#breadcrumb","itemListElement":[{"@type":"ListItem","position":1,"name":"Pagrindinis","item":"https:\/\/www.malinashop.lt\/"},{"@type":"ListItem","position":2,"name":"Parduotuv\u0117","item":"https:\/\/www.malinashop.lt\/en\/parduotuve\/"},{"@type":"ListItem","position":3,"name":"BADE NATURAL TEA TREE rutulinis veido serumas, 10 ml"}]},{"@type":"WebSite","@id":"https:\/\/www.malinashop.lt\/#website","url":"https:\/\/www.malinashop.lt\/","name":"COM Group Ecommerce","description":"MalinaShop.lt - Gro\u017eio ir sveikatos produktai i\u0161 patikim\u0173 preki\u0173 \u017eenkl\u0173. Atraskite auk\u0161tos kokyb\u0117s kosmetik\u0105 u\u017e puiki\u0105 kain\u0105.","publisher":{"@id":"https:\/\/www.malinashop.lt\/#organization"},"potentialAction":[{"@type":"SearchAction","target":{"@type":"EntryPoint","urlTemplate":"https:\/\/www.malinashop.lt\/?s={search_term_string}"},"query-input":{"@type":"PropertyValueSpecification","valueRequired":true,"valueName":"search_term_string"}}],"inLanguage":"lt-LT"},{"@type":"Organization","@id":"https:\/\/www.malinashop.lt\/#organization","name":"COM Group Ecommerce","url":"https:\/\/www.malinashop.lt\/","logo":{"@type":"ImageObject","inLanguage":"lt-LT","@id":"https:\/\/www.malinashop.lt\/#\/schema\/logo\/image\/","url":"https:\/\/www.malinashop.lt\/wp-content\/uploads\/2024\/08\/462559670_3787732518133670_9795632669273463_n-e1731525914575.png","contentUrl":"https:\/\/www.malinashop.lt\/wp-content\/uploads\/2024\/08\/462559670_3787732518133670_9795632669273463_n-e1731525914575.png","width":180,"height":60,"caption":"COM Group Ecommerce"},"image":{"@id":"https:\/\/www.malinashop.lt\/#\/schema\/logo\/image\/"}}]}},"jetpack_sharing_enabled":true,"_links":{"self":[{"href":"https:\/\/www.malinashop.lt\/lt_lt\/wp-json\/wp\/v2\/product\/73101","targetHints":{"allow":["GET"]}}],"collection":[{"href":"https:\/\/www.malinashop.lt\/lt_lt\/wp-json\/wp\/v2\/product"}],"about":[{"href":"https:\/\/www.malinashop.lt\/lt_lt\/wp-json\/wp\/v2\/types\/product"}],"version-history":[{"count":1,"href":"https:\/\/www.malinashop.lt\/lt_lt\/wp-json\/wp\/v2\/product\/73101\/revisions"}],"predecessor-version":[{"id":73103,"href":"https:\/\/www.malinashop.lt\/lt_lt\/wp-json\/wp\/v2\/product\/73101\/revisions\/73103"}],"wp:featuredmedia":[{"embeddable":true,"href":"https:\/\/www.malinashop.lt\/lt_lt\/wp-json\/wp\/v2\/media\/73102"}],"wp:attachment":[{"href":"https:\/\/www.malinashop.lt\/lt_lt\/wp-json\/wp\/v2\/media?parent=73101"}],"wp:term":[{"taxonomy":"product_brand","embeddable":true,"href":"https:\/\/www.malinashop.lt\/lt_lt\/wp-json\/wp\/v2\/product_brand?post=73101"},{"taxonomy":"product_cat","embeddable":true,"href":"https:\/\/www.malinashop.lt\/lt_lt\/wp-json\/wp\/v2\/product_cat?post=73101"},{"taxonomy":"product_tag","embeddable":true,"href":"https:\/\/www.malinashop.lt\/lt_lt\/wp-json\/wp\/v2\/product_tag?post=73101"}],"curies":[{"name":"wp","href":"https:\/\/api.w.org\/{rel}","templated":true}]}}