{"id":73098,"date":"2026-01-09T00:59:52","date_gmt":"2026-01-08T21:59:52","guid":{"rendered":"https:\/\/malinashop.lt\/?post_type=product&#038;p=73098"},"modified":"2026-04-07T22:18:33","modified_gmt":"2026-04-07T19:18:33","slug":"bade-natural-veido-tonikas-tea-tree-100-ml","status":"publish","type":"product","link":"https:\/\/www.malinashop.lt\/lt_lt\/shop\/bade-natural-veido-tonikas-tea-tree-100-ml\/","title":{"rendered":"BADE NATURAL veido tonikas TEA TREE, 100 ml"},"content":{"rendered":"<p data-start=\"336\" data-end=\"657\">BADE NATURAL <strong data-start=\"372\" data-end=\"398\">veido tonikas TEA TREE<\/strong> sukurtas kasdienei <strong data-start=\"418\" data-end=\"478\">riebios, mi\u0161rios, problematin\u0117s ir \u012f akn\u0119 linkusios odos<\/strong> prie\u017ei\u016brai. Jis \u0161velniai, ta\u010diau veiksmingai pa\u0161alina ne\u0161varumus ir liku\u010dius po prausimosi, padeda <strong data-start=\"578\" data-end=\"613\">subalansuoti sebumo i\u0161siskyrim\u0105<\/strong> ir suteikia odai \u0161varos bei gaivumo jausm\u0105.<\/p>\n<p data-start=\"659\" data-end=\"762\">D\u0117l <strong data-start=\"663\" data-end=\"712\">arbatmed\u017eio (tea tree) antibakterini\u0173 savybi\u0173<\/strong>, tonikas tampa puikiu pagalbininku kovojant su:<\/p>\n<ul data-start=\"763\" data-end=\"869\">\n<li data-start=\"763\" data-end=\"799\">\n<p data-start=\"765\" data-end=\"799\">akne ir u\u017esikim\u0161usiomis poromis,<\/p>\n<\/li>\n<li data-start=\"800\" data-end=\"840\">\n<p data-start=\"802\" data-end=\"840\">lokaliais u\u017edegimais ir paraudimais,<\/p>\n<\/li>\n<li data-start=\"841\" data-end=\"869\">\n<p data-start=\"843\" data-end=\"869\">odos blizgesiu T zonoje.<\/p>\n<\/li>\n<\/ul>\n<p data-start=\"871\" data-end=\"967\">Toniko formul\u0117 praturtinta <strong data-start=\"898\" data-end=\"925\">nat\u016braliais hidrolatais<\/strong>, kurie pagerina odos b\u016bkl\u0119 ir komfort\u0105:<\/p>\n<ul data-start=\"968\" data-end=\"1232\">\n<li data-start=\"968\" data-end=\"1069\">\n<p data-start=\"970\" data-end=\"1069\"><strong data-start=\"970\" data-end=\"986\">ro\u017ei\u0173 vanduo<\/strong> giliai dr\u0117kina ir padeda atkurti odos barjer\u0105, suteikia \u0161velnumo ir elastingumo;<\/p>\n<\/li>\n<li data-start=\"1070\" data-end=\"1141\">\n<p data-start=\"1072\" data-end=\"1141\"><strong data-start=\"1072\" data-end=\"1090\">levand\u0173 vanduo<\/strong> ramina jautrum\u0105, ma\u017eina paraudimus ir sudirgim\u0105;<\/p>\n<\/li>\n<li data-start=\"1142\" data-end=\"1232\">\n<p data-start=\"1144\" data-end=\"1232\"><strong data-start=\"1144\" data-end=\"1160\">mirt\u0173 vanduo<\/strong> suteikia poras sutraukiant\u012f efekt\u0105, gerina odos tekst\u016br\u0105 ir glotnum\u0105.<\/p>\n<\/li>\n<\/ul>\n<p data-start=\"1234\" data-end=\"1396\">Tonikas palieka od\u0105 <strong data-start=\"1254\" data-end=\"1300\">\u0161vari\u0105, gaivi\u0105, sudr\u0117kint\u0105 ir subalansuot\u0105<\/strong>, puikiai paruo\u0161t\u0105 tolimesniems prie\u017ei\u016bros \u017eingsniams \u2013 serumui, kremui ar lokalioms priemon\u0117ms.<\/p>\n<p data-start=\"1398\" data-end=\"1457\"><strong data-start=\"1398\" data-end=\"1455\">Pagrindiniai BADE NATURAL TEA TREE toniko privalumai:<\/strong><\/p>\n<ul data-start=\"1458\" data-end=\"1850\">\n<li data-start=\"1458\" data-end=\"1513\">\n<p data-start=\"1460\" data-end=\"1513\">\u0160velniai, bet veiksmingai <strong data-start=\"1486\" data-end=\"1511\">valo ir atgaivina od\u0105<\/strong><\/p>\n<\/li>\n<li data-start=\"1514\" data-end=\"1568\">\n<p data-start=\"1516\" data-end=\"1568\">Padeda <strong data-start=\"1523\" data-end=\"1566\">reguliuoti riebal\u0173 (sebumo) i\u0161siskyrim\u0105<\/strong><\/p>\n<\/li>\n<li data-start=\"1569\" data-end=\"1631\">\n<p data-start=\"1571\" data-end=\"1631\">Ma\u017eina <strong data-start=\"1578\" data-end=\"1595\">por\u0173 matomum\u0105<\/strong>, suteikia glotnesn\u0119 odos i\u0161vaizd\u0105<\/p>\n<\/li>\n<li data-start=\"1632\" data-end=\"1716\">\n<p data-start=\"1634\" data-end=\"1716\">Ramina <strong data-start=\"1641\" data-end=\"1676\">sudirgusi\u0105, \u012f akn\u0119 linkusi\u0105 od\u0105<\/strong>, padeda ma\u017einti u\u017edegiminius \u017eidinius<\/p>\n<\/li>\n<li data-start=\"1717\" data-end=\"1782\">\n<p data-start=\"1719\" data-end=\"1782\">Dr\u0117kina ir padeda <strong data-start=\"1737\" data-end=\"1780\">palaikyti nat\u016brali\u0105 odos pH pusiausvyr\u0105<\/strong><\/p>\n<\/li>\n<li data-start=\"1783\" data-end=\"1850\">\n<p data-start=\"1785\" data-end=\"1850\">Puikiai tinka kaip kasdienis tonizuojantis \u017eingsnis po prausimosi<\/p>\n<\/li>\n<\/ul>\n<p data-start=\"1852\" data-end=\"1876\"><strong data-start=\"1852\" data-end=\"1874\">Tinka odos tipams:<\/strong><\/p>\n<ul data-start=\"1877\" data-end=\"1949\">\n<li data-start=\"1877\" data-end=\"1893\">\n<p data-start=\"1879\" data-end=\"1893\">Riebiai odai<\/p>\n<\/li>\n<li data-start=\"1894\" data-end=\"1910\">\n<p data-start=\"1896\" data-end=\"1910\">Mi\u0161riai odai<\/p>\n<\/li>\n<li data-start=\"1911\" data-end=\"1949\">\n<p data-start=\"1913\" data-end=\"1949\">Probleminei, \u012f akn\u0119 linkusiai odai<\/p>\n<\/li>\n<\/ul>\n<p data-start=\"1951\" data-end=\"2189\"><strong data-start=\"1951\" data-end=\"1965\">Naudojimas<\/strong><br data-start=\"1965\" data-end=\"1968\" \/>U\u017epilkite pakankam\u0105 kiek\u012f toniko ant <strong data-start=\"2005\" data-end=\"2022\">vatos padelio<\/strong> ir \u0161velniais sukamaisiais judesiais paskirstykite per vis\u0105 veid\u0105 ir kakl\u0105, vengdami aki\u0173 srities. Naudokite ryte ir vakare po veido prausiklio, prie\u0161 serum\u0105 ir krem\u0105.<\/p>\n","protected":false},"excerpt":{"rendered":"<p>BADE NATURAL TEA TREE \u2013 veido tonikas riebiai, mi\u0161riai ir \u012f akn\u0119 linkusiai odai. \u0160velniai valo, subalansuoja riebal\u0173 i\u0161siskyrim\u0105, ma\u017eina por\u0173 matomum\u0105, ramina u\u017edegimus ir dr\u0117kina od\u0105, palikdamas j\u0105 \u0161vari\u0105 ir gaivi\u0105.<\/p>\n","protected":false},"featured_media":73099,"template":"","meta":[],"product_brand":[1571],"product_cat":[1470,728],"product_tag":[1592],"class_list":{"0":"post-73098","1":"product","2":"type-product","3":"status-publish","4":"has-post-thumbnail","6":"product_brand-bade-natural","7":"product_cat-veido-tonikai","8":"product_cat-veidui","9":"product_tag-bade-natural","11":"first","12":"outofstock","13":"sale","14":"taxable","15":"shipping-taxable","16":"purchasable","17":"product-type-simple"},"yoast_head":"<!-- This site is optimized with the Yoast SEO plugin v27.4 - https:\/\/yoast.com\/product\/yoast-seo-wordpress\/ -->\n<title>BADE NATURAL veido tonikas TEA TREE, 100 ml - MalinaShop.lt J\u016bs\u0173 sveikatai ir gro\u017eiui.<\/title>\n<meta name=\"description\" content=\"BADE NATURAL TEA TREE tonikas riebiai ir \u012f akn\u0119 linkusiai odai. Valo, balansuoja sebum\u0105, ma\u017eina poras, ramina u\u017edegimus ir dr\u0117kina, palikdamas od\u0105 \u0161vari\u0105 ir gaivi\u0105.\" \/>\n<meta name=\"robots\" content=\"index, follow, max-snippet:-1, max-image-preview:large, max-video-preview:-1\" \/>\n<link rel=\"canonical\" href=\"https:\/\/www.malinashop.lt\/lt_lt\/shop\/bade-natural-veido-tonikas-tea-tree-100-ml\/\" \/>\n<meta property=\"og:locale\" content=\"lt_LT\" \/>\n<meta property=\"og:type\" content=\"article\" \/>\n<meta property=\"og:title\" content=\"BADE NATURAL veido tonikas TEA TREE, 100 ml - MalinaShop.lt J\u016bs\u0173 sveikatai ir gro\u017eiui.\" \/>\n<meta property=\"og:description\" content=\"BADE NATURAL TEA TREE tonikas riebiai ir \u012f akn\u0119 linkusiai odai. Valo, balansuoja sebum\u0105, ma\u017eina poras, ramina u\u017edegimus ir dr\u0117kina, palikdamas od\u0105 \u0161vari\u0105 ir gaivi\u0105.\" \/>\n<meta property=\"og:url\" content=\"https:\/\/www.malinashop.lt\/lt_lt\/shop\/bade-natural-veido-tonikas-tea-tree-100-ml\/\" \/>\n<meta property=\"og:site_name\" content=\"MalinaShop.lt J\u016bs\u0173 sveikatai ir gro\u017eiui.\" \/>\n<meta property=\"article:modified_time\" content=\"2026-04-07T19:18:33+00:00\" \/>\n<meta property=\"og:image\" content=\"https:\/\/www.malinashop.lt\/wp-content\/uploads\/2026\/01\/BADE-NATURAL-veido-tonikas-TEA-TREE-100-ml.webp\" \/>\n\t<meta property=\"og:image:width\" content=\"768\" \/>\n\t<meta property=\"og:image:height\" content=\"768\" \/>\n\t<meta property=\"og:image:type\" content=\"image\/webp\" \/>\n<meta name=\"twitter:card\" content=\"summary_large_image\" \/>\n<script type=\"application\/ld+json\" class=\"yoast-schema-graph\">{\"@context\":\"https:\\\/\\\/schema.org\",\"@graph\":[{\"@type\":\"WebPage\",\"@id\":\"https:\\\/\\\/www.malinashop.lt\\\/shop\\\/bade-natural-veido-tonikas-tea-tree-100-ml\\\/\",\"url\":\"https:\\\/\\\/www.malinashop.lt\\\/shop\\\/bade-natural-veido-tonikas-tea-tree-100-ml\\\/\",\"name\":\"BADE NATURAL veido tonikas TEA TREE, 100 ml - MalinaShop.lt J\u016bs\u0173 sveikatai ir gro\u017eiui.\",\"isPartOf\":{\"@id\":\"https:\\\/\\\/www.malinashop.lt\\\/#website\"},\"primaryImageOfPage\":{\"@id\":\"https:\\\/\\\/www.malinashop.lt\\\/shop\\\/bade-natural-veido-tonikas-tea-tree-100-ml\\\/#primaryimage\"},\"image\":{\"@id\":\"https:\\\/\\\/www.malinashop.lt\\\/shop\\\/bade-natural-veido-tonikas-tea-tree-100-ml\\\/#primaryimage\"},\"thumbnailUrl\":\"https:\\\/\\\/www.malinashop.lt\\\/wp-content\\\/uploads\\\/2026\\\/01\\\/BADE-NATURAL-veido-tonikas-TEA-TREE-100-ml.webp\",\"datePublished\":\"2026-01-08T21:59:52+00:00\",\"dateModified\":\"2026-04-07T19:18:33+00:00\",\"description\":\"BADE NATURAL TEA TREE tonikas riebiai ir \u012f akn\u0119 linkusiai odai. Valo, balansuoja sebum\u0105, ma\u017eina poras, ramina u\u017edegimus ir dr\u0117kina, palikdamas od\u0105 \u0161vari\u0105 ir gaivi\u0105.\",\"breadcrumb\":{\"@id\":\"https:\\\/\\\/www.malinashop.lt\\\/shop\\\/bade-natural-veido-tonikas-tea-tree-100-ml\\\/#breadcrumb\"},\"inLanguage\":\"lt-LT\",\"potentialAction\":[{\"@type\":\"ReadAction\",\"target\":[\"https:\\\/\\\/www.malinashop.lt\\\/shop\\\/bade-natural-veido-tonikas-tea-tree-100-ml\\\/\"]}]},{\"@type\":\"ImageObject\",\"inLanguage\":\"lt-LT\",\"@id\":\"https:\\\/\\\/www.malinashop.lt\\\/shop\\\/bade-natural-veido-tonikas-tea-tree-100-ml\\\/#primaryimage\",\"url\":\"https:\\\/\\\/www.malinashop.lt\\\/wp-content\\\/uploads\\\/2026\\\/01\\\/BADE-NATURAL-veido-tonikas-TEA-TREE-100-ml.webp\",\"contentUrl\":\"https:\\\/\\\/www.malinashop.lt\\\/wp-content\\\/uploads\\\/2026\\\/01\\\/BADE-NATURAL-veido-tonikas-TEA-TREE-100-ml.webp\",\"width\":768,\"height\":768},{\"@type\":\"BreadcrumbList\",\"@id\":\"https:\\\/\\\/www.malinashop.lt\\\/shop\\\/bade-natural-veido-tonikas-tea-tree-100-ml\\\/#breadcrumb\",\"itemListElement\":[{\"@type\":\"ListItem\",\"position\":1,\"name\":\"Pagrindinis\",\"item\":\"https:\\\/\\\/www.malinashop.lt\\\/\"},{\"@type\":\"ListItem\",\"position\":2,\"name\":\"Parduotuv\u0117\",\"item\":\"https:\\\/\\\/www.malinashop.lt\\\/en\\\/parduotuve\\\/\"},{\"@type\":\"ListItem\",\"position\":3,\"name\":\"BADE NATURAL veido tonikas TEA TREE, 100 ml\"}]},{\"@type\":\"WebSite\",\"@id\":\"https:\\\/\\\/www.malinashop.lt\\\/#website\",\"url\":\"https:\\\/\\\/www.malinashop.lt\\\/\",\"name\":\"COM Group Ecommerce\",\"description\":\"MalinaShop.lt - Gro\u017eio ir sveikatos produktai i\u0161 patikim\u0173 preki\u0173 \u017eenkl\u0173. Atraskite auk\u0161tos kokyb\u0117s kosmetik\u0105 u\u017e puiki\u0105 kain\u0105.\",\"publisher\":{\"@id\":\"https:\\\/\\\/www.malinashop.lt\\\/#organization\"},\"potentialAction\":[{\"@type\":\"SearchAction\",\"target\":{\"@type\":\"EntryPoint\",\"urlTemplate\":\"https:\\\/\\\/www.malinashop.lt\\\/?s={search_term_string}\"},\"query-input\":{\"@type\":\"PropertyValueSpecification\",\"valueRequired\":true,\"valueName\":\"search_term_string\"}}],\"inLanguage\":\"lt-LT\"},{\"@type\":\"Organization\",\"@id\":\"https:\\\/\\\/www.malinashop.lt\\\/#organization\",\"name\":\"COM Group Ecommerce\",\"url\":\"https:\\\/\\\/www.malinashop.lt\\\/\",\"logo\":{\"@type\":\"ImageObject\",\"inLanguage\":\"lt-LT\",\"@id\":\"https:\\\/\\\/www.malinashop.lt\\\/#\\\/schema\\\/logo\\\/image\\\/\",\"url\":\"https:\\\/\\\/www.malinashop.lt\\\/wp-content\\\/uploads\\\/2024\\\/08\\\/462559670_3787732518133670_9795632669273463_n-e1731525914575.png\",\"contentUrl\":\"https:\\\/\\\/www.malinashop.lt\\\/wp-content\\\/uploads\\\/2024\\\/08\\\/462559670_3787732518133670_9795632669273463_n-e1731525914575.png\",\"width\":180,\"height\":60,\"caption\":\"COM Group Ecommerce\"},\"image\":{\"@id\":\"https:\\\/\\\/www.malinashop.lt\\\/#\\\/schema\\\/logo\\\/image\\\/\"}}]}<\/script>\n<!-- \/ Yoast SEO plugin. -->","yoast_head_json":{"title":"BADE NATURAL veido tonikas TEA TREE, 100 ml - MalinaShop.lt J\u016bs\u0173 sveikatai ir gro\u017eiui.","description":"BADE NATURAL TEA TREE tonikas riebiai ir \u012f akn\u0119 linkusiai odai. Valo, balansuoja sebum\u0105, ma\u017eina poras, ramina u\u017edegimus ir dr\u0117kina, palikdamas od\u0105 \u0161vari\u0105 ir gaivi\u0105.","robots":{"index":"index","follow":"follow","max-snippet":"max-snippet:-1","max-image-preview":"max-image-preview:large","max-video-preview":"max-video-preview:-1"},"canonical":"https:\/\/www.malinashop.lt\/lt_lt\/shop\/bade-natural-veido-tonikas-tea-tree-100-ml\/","og_locale":"lt_LT","og_type":"article","og_title":"BADE NATURAL veido tonikas TEA TREE, 100 ml - MalinaShop.lt J\u016bs\u0173 sveikatai ir gro\u017eiui.","og_description":"BADE NATURAL TEA TREE tonikas riebiai ir \u012f akn\u0119 linkusiai odai. Valo, balansuoja sebum\u0105, ma\u017eina poras, ramina u\u017edegimus ir dr\u0117kina, palikdamas od\u0105 \u0161vari\u0105 ir gaivi\u0105.","og_url":"https:\/\/www.malinashop.lt\/lt_lt\/shop\/bade-natural-veido-tonikas-tea-tree-100-ml\/","og_site_name":"MalinaShop.lt J\u016bs\u0173 sveikatai ir gro\u017eiui.","article_modified_time":"2026-04-07T19:18:33+00:00","og_image":[{"width":768,"height":768,"url":"https:\/\/www.malinashop.lt\/wp-content\/uploads\/2026\/01\/BADE-NATURAL-veido-tonikas-TEA-TREE-100-ml.webp","type":"image\/webp"}],"twitter_card":"summary_large_image","schema":{"@context":"https:\/\/schema.org","@graph":[{"@type":"WebPage","@id":"https:\/\/www.malinashop.lt\/shop\/bade-natural-veido-tonikas-tea-tree-100-ml\/","url":"https:\/\/www.malinashop.lt\/shop\/bade-natural-veido-tonikas-tea-tree-100-ml\/","name":"BADE NATURAL veido tonikas TEA TREE, 100 ml - MalinaShop.lt J\u016bs\u0173 sveikatai ir gro\u017eiui.","isPartOf":{"@id":"https:\/\/www.malinashop.lt\/#website"},"primaryImageOfPage":{"@id":"https:\/\/www.malinashop.lt\/shop\/bade-natural-veido-tonikas-tea-tree-100-ml\/#primaryimage"},"image":{"@id":"https:\/\/www.malinashop.lt\/shop\/bade-natural-veido-tonikas-tea-tree-100-ml\/#primaryimage"},"thumbnailUrl":"https:\/\/www.malinashop.lt\/wp-content\/uploads\/2026\/01\/BADE-NATURAL-veido-tonikas-TEA-TREE-100-ml.webp","datePublished":"2026-01-08T21:59:52+00:00","dateModified":"2026-04-07T19:18:33+00:00","description":"BADE NATURAL TEA TREE tonikas riebiai ir \u012f akn\u0119 linkusiai odai. Valo, balansuoja sebum\u0105, ma\u017eina poras, ramina u\u017edegimus ir dr\u0117kina, palikdamas od\u0105 \u0161vari\u0105 ir gaivi\u0105.","breadcrumb":{"@id":"https:\/\/www.malinashop.lt\/shop\/bade-natural-veido-tonikas-tea-tree-100-ml\/#breadcrumb"},"inLanguage":"lt-LT","potentialAction":[{"@type":"ReadAction","target":["https:\/\/www.malinashop.lt\/shop\/bade-natural-veido-tonikas-tea-tree-100-ml\/"]}]},{"@type":"ImageObject","inLanguage":"lt-LT","@id":"https:\/\/www.malinashop.lt\/shop\/bade-natural-veido-tonikas-tea-tree-100-ml\/#primaryimage","url":"https:\/\/www.malinashop.lt\/wp-content\/uploads\/2026\/01\/BADE-NATURAL-veido-tonikas-TEA-TREE-100-ml.webp","contentUrl":"https:\/\/www.malinashop.lt\/wp-content\/uploads\/2026\/01\/BADE-NATURAL-veido-tonikas-TEA-TREE-100-ml.webp","width":768,"height":768},{"@type":"BreadcrumbList","@id":"https:\/\/www.malinashop.lt\/shop\/bade-natural-veido-tonikas-tea-tree-100-ml\/#breadcrumb","itemListElement":[{"@type":"ListItem","position":1,"name":"Pagrindinis","item":"https:\/\/www.malinashop.lt\/"},{"@type":"ListItem","position":2,"name":"Parduotuv\u0117","item":"https:\/\/www.malinashop.lt\/en\/parduotuve\/"},{"@type":"ListItem","position":3,"name":"BADE NATURAL veido tonikas TEA TREE, 100 ml"}]},{"@type":"WebSite","@id":"https:\/\/www.malinashop.lt\/#website","url":"https:\/\/www.malinashop.lt\/","name":"COM Group Ecommerce","description":"MalinaShop.lt - Gro\u017eio ir sveikatos produktai i\u0161 patikim\u0173 preki\u0173 \u017eenkl\u0173. Atraskite auk\u0161tos kokyb\u0117s kosmetik\u0105 u\u017e puiki\u0105 kain\u0105.","publisher":{"@id":"https:\/\/www.malinashop.lt\/#organization"},"potentialAction":[{"@type":"SearchAction","target":{"@type":"EntryPoint","urlTemplate":"https:\/\/www.malinashop.lt\/?s={search_term_string}"},"query-input":{"@type":"PropertyValueSpecification","valueRequired":true,"valueName":"search_term_string"}}],"inLanguage":"lt-LT"},{"@type":"Organization","@id":"https:\/\/www.malinashop.lt\/#organization","name":"COM Group Ecommerce","url":"https:\/\/www.malinashop.lt\/","logo":{"@type":"ImageObject","inLanguage":"lt-LT","@id":"https:\/\/www.malinashop.lt\/#\/schema\/logo\/image\/","url":"https:\/\/www.malinashop.lt\/wp-content\/uploads\/2024\/08\/462559670_3787732518133670_9795632669273463_n-e1731525914575.png","contentUrl":"https:\/\/www.malinashop.lt\/wp-content\/uploads\/2024\/08\/462559670_3787732518133670_9795632669273463_n-e1731525914575.png","width":180,"height":60,"caption":"COM Group Ecommerce"},"image":{"@id":"https:\/\/www.malinashop.lt\/#\/schema\/logo\/image\/"}}]}},"jetpack_sharing_enabled":true,"_links":{"self":[{"href":"https:\/\/www.malinashop.lt\/lt_lt\/wp-json\/wp\/v2\/product\/73098","targetHints":{"allow":["GET"]}}],"collection":[{"href":"https:\/\/www.malinashop.lt\/lt_lt\/wp-json\/wp\/v2\/product"}],"about":[{"href":"https:\/\/www.malinashop.lt\/lt_lt\/wp-json\/wp\/v2\/types\/product"}],"version-history":[{"count":1,"href":"https:\/\/www.malinashop.lt\/lt_lt\/wp-json\/wp\/v2\/product\/73098\/revisions"}],"predecessor-version":[{"id":73100,"href":"https:\/\/www.malinashop.lt\/lt_lt\/wp-json\/wp\/v2\/product\/73098\/revisions\/73100"}],"wp:featuredmedia":[{"embeddable":true,"href":"https:\/\/www.malinashop.lt\/lt_lt\/wp-json\/wp\/v2\/media\/73099"}],"wp:attachment":[{"href":"https:\/\/www.malinashop.lt\/lt_lt\/wp-json\/wp\/v2\/media?parent=73098"}],"wp:term":[{"taxonomy":"product_brand","embeddable":true,"href":"https:\/\/www.malinashop.lt\/lt_lt\/wp-json\/wp\/v2\/product_brand?post=73098"},{"taxonomy":"product_cat","embeddable":true,"href":"https:\/\/www.malinashop.lt\/lt_lt\/wp-json\/wp\/v2\/product_cat?post=73098"},{"taxonomy":"product_tag","embeddable":true,"href":"https:\/\/www.malinashop.lt\/lt_lt\/wp-json\/wp\/v2\/product_tag?post=73098"}],"curies":[{"name":"wp","href":"https:\/\/api.w.org\/{rel}","templated":true}]}}