{"id":73095,"date":"2026-01-09T00:57:42","date_gmt":"2026-01-08T21:57:42","guid":{"rendered":"https:\/\/malinashop.lt\/?post_type=product&#038;p=73095"},"modified":"2026-04-13T22:39:43","modified_gmt":"2026-04-13T19:39:43","slug":"bade-natural-rosemary-sampunas-nuo-plauku-slinkimo-su-rozmarinu-250-ml","status":"publish","type":"product","link":"https:\/\/www.malinashop.lt\/lt_lt\/shop\/bade-natural-rosemary-sampunas-nuo-plauku-slinkimo-su-rozmarinu-250-ml\/","title":{"rendered":"BADE NATURAL ROSEMARY \u0161amp\u016bnas nuo plauk\u0173 slinkimo su rozmarinu, 250 ml"},"content":{"rendered":"<p data-start=\"361\" data-end=\"704\">BADE NATURAL <strong data-start=\"397\" data-end=\"451\">\u0161amp\u016bnas nuo plauk\u0173 slinkimo su rozmarinu ROSEMARY<\/strong> sukurtas intensyviai galvos odos ir nusilpusi\u0173, slinkti linkusi\u0173 plauk\u0173 prie\u017ei\u016brai. Jo formul\u0117 apjungia <strong data-start=\"556\" data-end=\"597\">rozmarin\u0173 aliej\u0173 ir rozmarin\u0173 vanden\u012f<\/strong>, kurie padeda kovoti su <strong data-start=\"622\" data-end=\"659\">galvos odos sausumu, pleiskanomis<\/strong> ir <strong data-start=\"663\" data-end=\"703\">pernelyg greitu plauk\u0173 riebalavimusi<\/strong>.<\/p>\n<p data-start=\"706\" data-end=\"1029\">\u0160amp\u016bnas \u0161velniai, bet veiksmingai valo, tuo pa\u010diu r\u016bpindamasis plauk\u0173 strukt\u016bra ir \u0161aknimis. <strong data-start=\"800\" data-end=\"812\">Biotinas<\/strong> ir <strong data-start=\"816\" data-end=\"846\">augalin\u0117s kilm\u0117s kolagenas<\/strong> padeda maitinti, atkurti ir stiprinti plaukus, ma\u017eina j\u0173 <strong data-start=\"904\" data-end=\"918\">l\u016b\u017ein\u0117jim\u0105<\/strong> ir plon\u0117jim\u0105. Reguliariai naudojant plaukai tampa <strong data-start=\"969\" data-end=\"1028\">elastingesni, vizualiai tankesni ir sveikiau atrodantys<\/strong>.<\/p>\n<p data-start=\"1031\" data-end=\"1100\">Formul\u0117 papildyta ir kitomis vertingomis veikliosiomis med\u017eiagomis:<\/p>\n<ul data-start=\"1101\" data-end=\"1381\">\n<li data-start=\"1101\" data-end=\"1179\">\n<p data-start=\"1103\" data-end=\"1179\"><strong data-start=\"1103\" data-end=\"1122\">medetk\u0173 aliejus<\/strong> \u2013 maitina ir padeda atkurti pa\u017eeistus plauk\u0173 pluo\u0161tus;<\/p>\n<\/li>\n<li data-start=\"1180\" data-end=\"1288\">\n<p data-start=\"1182\" data-end=\"1288\"><strong data-start=\"1182\" data-end=\"1213\">vitaminas B5 (provitaminas)<\/strong> \u2013 intensyviai dr\u0117kina, didina plauko elastingum\u0105, saugo nuo i\u0161saus\u0117jimo;<\/p>\n<\/li>\n<li data-start=\"1289\" data-end=\"1381\">\n<p data-start=\"1291\" data-end=\"1381\"><strong data-start=\"1291\" data-end=\"1319\">kavos pupeli\u0173 ekstraktas<\/strong> \u2013 suteikia plaukams \u017evilgesio, gaivumo ir energijos poj\u016bt\u012f.<\/p>\n<\/li>\n<\/ul>\n<p data-start=\"1383\" data-end=\"1556\">Subalansuota sud\u0117tis veikia tiek <strong data-start=\"1416\" data-end=\"1430\">galvos od\u0105<\/strong>, tiek plauko ilg\u012f \u2013 kartu prisidedant prie <strong data-start=\"1474\" data-end=\"1502\">plauk\u0173 slinkimo ma\u017einimo<\/strong>, apimties didinimo ir bendros plauk\u0173 b\u016bkl\u0117s gerinimo.<\/p>\n<p data-start=\"1558\" data-end=\"1593\"><strong data-start=\"1558\" data-end=\"1591\">Nauda plaukams ir galvos odai<\/strong><\/p>\n<ul data-start=\"1594\" data-end=\"1921\">\n<li data-start=\"1594\" data-end=\"1632\">\n<p data-start=\"1596\" data-end=\"1632\">Padeda <strong data-start=\"1603\" data-end=\"1630\">ma\u017einti plauk\u0173 slinkim\u0105<\/strong><\/p>\n<\/li>\n<li data-start=\"1633\" data-end=\"1683\">\n<p data-start=\"1635\" data-end=\"1683\">Balansuoja <strong data-start=\"1646\" data-end=\"1681\">galvos odos riebal\u0173 i\u0161siskyrim\u0105<\/strong><\/p>\n<\/li>\n<li data-start=\"1684\" data-end=\"1732\">\n<p data-start=\"1686\" data-end=\"1732\">Padeda kovoti su <strong data-start=\"1703\" data-end=\"1730\">sausumu ir pleiskanomis<\/strong><\/p>\n<\/li>\n<li data-start=\"1733\" data-end=\"1772\">\n<p data-start=\"1735\" data-end=\"1772\">Stiprina plauk\u0173 \u0161aknis ir folikulus<\/p>\n<\/li>\n<li data-start=\"1773\" data-end=\"1824\">\n<p data-start=\"1775\" data-end=\"1824\">Suteikia <strong data-start=\"1784\" data-end=\"1822\">apimties, \u017evilgesio ir gyvybingumo<\/strong><\/p>\n<\/li>\n<li data-start=\"1825\" data-end=\"1877\">\n<p data-start=\"1827\" data-end=\"1877\">Ma\u017eina <strong data-start=\"1834\" data-end=\"1855\">plauk\u0173 l\u016b\u017ein\u0117jim\u0105<\/strong>, gerina elastingum\u0105<\/p>\n<\/li>\n<li data-start=\"1878\" data-end=\"1921\">\n<p data-start=\"1880\" data-end=\"1921\">Tinka reguliariam, ilgalaikiam naudojimui<\/p>\n<\/li>\n<\/ul>\n<p data-start=\"1923\" data-end=\"2276\"><strong data-start=\"1923\" data-end=\"1937\">Naudojimas<\/strong><br data-start=\"1937\" data-end=\"1940\" \/>Nedidel\u012f kiek\u012f \u0161amp\u016bno u\u017etepkite ant dr\u0117gn\u0173 plauk\u0173. <strong data-start=\"1992\" data-end=\"2031\">\u0160velniai masa\u017euokite apie 2 minutes<\/strong>, pradedant nuo galvos odos ir palaipsniui pereidami link plauk\u0173 galiuk\u0173. Tuomet kruop\u0161\u010diai nuskalaukite plaukus <strong data-start=\"2144\" data-end=\"2162\">\u0161iltu vandeniu<\/strong>. Esant poreikiui, proced\u016br\u0105 galite pakartoti. Reguliarus naudojimas rekomenduojamas siekiant geriausi\u0173 rezultat\u0173.<\/p>\n","protected":false},"excerpt":{"rendered":"<p>BADE NATURAL ROSEMARY \u2013 \u0161amp\u016bnas nuo plauk\u0173 slinkimo su rozmarin\u0173 aliejumi ir rozmarin\u0173 vandeniu. Stiprina \u0161aknis, balansuoja galvos od\u0105, ma\u017eina pleiskanas ir suteikia plaukams apimties, \u017evilgesio bei gyvybingumo.<\/p>\n","protected":false},"featured_media":73096,"template":"","meta":[],"product_brand":[1571],"product_cat":[711,185],"product_tag":[1592],"class_list":{"0":"post-73095","1":"product","2":"type-product","3":"status-publish","4":"has-post-thumbnail","6":"product_brand-bade-natural","7":"product_cat-plaukams","8":"product_cat-plauku-sampunai","9":"product_tag-bade-natural","11":"first","12":"outofstock","13":"sale","14":"taxable","15":"shipping-taxable","16":"purchasable","17":"product-type-simple"},"yoast_head":"<!-- This site is optimized with the Yoast SEO plugin v27.4 - https:\/\/yoast.com\/product\/yoast-seo-wordpress\/ -->\n<title>BADE NATURAL ROSEMARY \u0161amp\u016bnas nuo plauk\u0173 slinkimo su rozmarinu, 250 ml - MalinaShop.lt J\u016bs\u0173 sveikatai ir gro\u017eiui.<\/title>\n<meta name=\"description\" content=\"BADE NATURAL ROSEMARY \u0161amp\u016bnas nuo plauk\u0173 slinkimo su rozmarinu, biotinu ir kolagenu stiprina \u0161aknis, ma\u017eina pleiskanas ir suteikia plaukams apimties bei \u017evilgesio.\" \/>\n<meta name=\"robots\" content=\"index, follow, max-snippet:-1, max-image-preview:large, max-video-preview:-1\" \/>\n<link rel=\"canonical\" href=\"https:\/\/www.malinashop.lt\/lt_lt\/shop\/bade-natural-rosemary-sampunas-nuo-plauku-slinkimo-su-rozmarinu-250-ml\/\" \/>\n<meta property=\"og:locale\" content=\"lt_LT\" \/>\n<meta property=\"og:type\" content=\"article\" \/>\n<meta property=\"og:title\" content=\"BADE NATURAL ROSEMARY \u0161amp\u016bnas nuo plauk\u0173 slinkimo su rozmarinu, 250 ml - MalinaShop.lt J\u016bs\u0173 sveikatai ir gro\u017eiui.\" \/>\n<meta property=\"og:description\" content=\"BADE NATURAL ROSEMARY \u0161amp\u016bnas nuo plauk\u0173 slinkimo su rozmarinu, biotinu ir kolagenu stiprina \u0161aknis, ma\u017eina pleiskanas ir suteikia plaukams apimties bei \u017evilgesio.\" \/>\n<meta property=\"og:url\" content=\"https:\/\/www.malinashop.lt\/lt_lt\/shop\/bade-natural-rosemary-sampunas-nuo-plauku-slinkimo-su-rozmarinu-250-ml\/\" \/>\n<meta property=\"og:site_name\" content=\"MalinaShop.lt J\u016bs\u0173 sveikatai ir gro\u017eiui.\" \/>\n<meta property=\"article:modified_time\" content=\"2026-04-13T19:39:43+00:00\" \/>\n<meta property=\"og:image\" content=\"https:\/\/www.malinashop.lt\/wp-content\/uploads\/2026\/01\/BADE-NATURAL-ROSEMARY-sampunas-nuo-plauku-slinkimo-su-rozmarinu-250-ml.webp\" \/>\n\t<meta property=\"og:image:width\" content=\"768\" \/>\n\t<meta property=\"og:image:height\" content=\"768\" \/>\n\t<meta property=\"og:image:type\" content=\"image\/webp\" \/>\n<meta name=\"twitter:card\" content=\"summary_large_image\" \/>\n<script type=\"application\/ld+json\" class=\"yoast-schema-graph\">{\"@context\":\"https:\\\/\\\/schema.org\",\"@graph\":[{\"@type\":\"WebPage\",\"@id\":\"https:\\\/\\\/www.malinashop.lt\\\/lt_lt\\\/shop\\\/bade-natural-rosemary-sampunas-nuo-plauku-slinkimo-su-rozmarinu-250-ml\\\/\",\"url\":\"https:\\\/\\\/www.malinashop.lt\\\/lt_lt\\\/shop\\\/bade-natural-rosemary-sampunas-nuo-plauku-slinkimo-su-rozmarinu-250-ml\\\/\",\"name\":\"BADE NATURAL ROSEMARY \u0161amp\u016bnas nuo plauk\u0173 slinkimo su rozmarinu, 250 ml - MalinaShop.lt J\u016bs\u0173 sveikatai ir gro\u017eiui.\",\"isPartOf\":{\"@id\":\"https:\\\/\\\/www.malinashop.lt\\\/#website\"},\"primaryImageOfPage\":{\"@id\":\"https:\\\/\\\/www.malinashop.lt\\\/lt_lt\\\/shop\\\/bade-natural-rosemary-sampunas-nuo-plauku-slinkimo-su-rozmarinu-250-ml\\\/#primaryimage\"},\"image\":{\"@id\":\"https:\\\/\\\/www.malinashop.lt\\\/lt_lt\\\/shop\\\/bade-natural-rosemary-sampunas-nuo-plauku-slinkimo-su-rozmarinu-250-ml\\\/#primaryimage\"},\"thumbnailUrl\":\"https:\\\/\\\/www.malinashop.lt\\\/wp-content\\\/uploads\\\/2026\\\/01\\\/BADE-NATURAL-ROSEMARY-sampunas-nuo-plauku-slinkimo-su-rozmarinu-250-ml.webp\",\"datePublished\":\"2026-01-08T21:57:42+00:00\",\"dateModified\":\"2026-04-13T19:39:43+00:00\",\"description\":\"BADE NATURAL ROSEMARY \u0161amp\u016bnas nuo plauk\u0173 slinkimo su rozmarinu, biotinu ir kolagenu stiprina \u0161aknis, ma\u017eina pleiskanas ir suteikia plaukams apimties bei \u017evilgesio.\",\"breadcrumb\":{\"@id\":\"https:\\\/\\\/www.malinashop.lt\\\/lt_lt\\\/shop\\\/bade-natural-rosemary-sampunas-nuo-plauku-slinkimo-su-rozmarinu-250-ml\\\/#breadcrumb\"},\"inLanguage\":\"lt-LT\",\"potentialAction\":[{\"@type\":\"ReadAction\",\"target\":[\"https:\\\/\\\/www.malinashop.lt\\\/lt_lt\\\/shop\\\/bade-natural-rosemary-sampunas-nuo-plauku-slinkimo-su-rozmarinu-250-ml\\\/\"]}]},{\"@type\":\"ImageObject\",\"inLanguage\":\"lt-LT\",\"@id\":\"https:\\\/\\\/www.malinashop.lt\\\/lt_lt\\\/shop\\\/bade-natural-rosemary-sampunas-nuo-plauku-slinkimo-su-rozmarinu-250-ml\\\/#primaryimage\",\"url\":\"https:\\\/\\\/www.malinashop.lt\\\/wp-content\\\/uploads\\\/2026\\\/01\\\/BADE-NATURAL-ROSEMARY-sampunas-nuo-plauku-slinkimo-su-rozmarinu-250-ml.webp\",\"contentUrl\":\"https:\\\/\\\/www.malinashop.lt\\\/wp-content\\\/uploads\\\/2026\\\/01\\\/BADE-NATURAL-ROSEMARY-sampunas-nuo-plauku-slinkimo-su-rozmarinu-250-ml.webp\",\"width\":768,\"height\":768},{\"@type\":\"BreadcrumbList\",\"@id\":\"https:\\\/\\\/www.malinashop.lt\\\/lt_lt\\\/shop\\\/bade-natural-rosemary-sampunas-nuo-plauku-slinkimo-su-rozmarinu-250-ml\\\/#breadcrumb\",\"itemListElement\":[{\"@type\":\"ListItem\",\"position\":1,\"name\":\"Pagrindinis\",\"item\":\"https:\\\/\\\/www.malinashop.lt\\\/\"},{\"@type\":\"ListItem\",\"position\":2,\"name\":\"Parduotuv\u0117\",\"item\":\"https:\\\/\\\/www.malinashop.lt\\\/en\\\/parduotuve\\\/\"},{\"@type\":\"ListItem\",\"position\":3,\"name\":\"BADE NATURAL ROSEMARY \u0161amp\u016bnas nuo plauk\u0173 slinkimo su rozmarinu, 250 ml\"}]},{\"@type\":\"WebSite\",\"@id\":\"https:\\\/\\\/www.malinashop.lt\\\/#website\",\"url\":\"https:\\\/\\\/www.malinashop.lt\\\/\",\"name\":\"COM Group Ecommerce\",\"description\":\"MalinaShop.lt - Gro\u017eio ir sveikatos produktai i\u0161 patikim\u0173 preki\u0173 \u017eenkl\u0173. Atraskite auk\u0161tos kokyb\u0117s kosmetik\u0105 u\u017e puiki\u0105 kain\u0105.\",\"publisher\":{\"@id\":\"https:\\\/\\\/www.malinashop.lt\\\/#organization\"},\"potentialAction\":[{\"@type\":\"SearchAction\",\"target\":{\"@type\":\"EntryPoint\",\"urlTemplate\":\"https:\\\/\\\/www.malinashop.lt\\\/?s={search_term_string}\"},\"query-input\":{\"@type\":\"PropertyValueSpecification\",\"valueRequired\":true,\"valueName\":\"search_term_string\"}}],\"inLanguage\":\"lt-LT\"},{\"@type\":\"Organization\",\"@id\":\"https:\\\/\\\/www.malinashop.lt\\\/#organization\",\"name\":\"COM Group Ecommerce\",\"url\":\"https:\\\/\\\/www.malinashop.lt\\\/\",\"logo\":{\"@type\":\"ImageObject\",\"inLanguage\":\"lt-LT\",\"@id\":\"https:\\\/\\\/www.malinashop.lt\\\/#\\\/schema\\\/logo\\\/image\\\/\",\"url\":\"https:\\\/\\\/www.malinashop.lt\\\/wp-content\\\/uploads\\\/2024\\\/08\\\/462559670_3787732518133670_9795632669273463_n-e1731525914575.png\",\"contentUrl\":\"https:\\\/\\\/www.malinashop.lt\\\/wp-content\\\/uploads\\\/2024\\\/08\\\/462559670_3787732518133670_9795632669273463_n-e1731525914575.png\",\"width\":180,\"height\":60,\"caption\":\"COM Group Ecommerce\"},\"image\":{\"@id\":\"https:\\\/\\\/www.malinashop.lt\\\/#\\\/schema\\\/logo\\\/image\\\/\"}}]}<\/script>\n<!-- \/ Yoast SEO plugin. -->","yoast_head_json":{"title":"BADE NATURAL ROSEMARY \u0161amp\u016bnas nuo plauk\u0173 slinkimo su rozmarinu, 250 ml - MalinaShop.lt J\u016bs\u0173 sveikatai ir gro\u017eiui.","description":"BADE NATURAL ROSEMARY \u0161amp\u016bnas nuo plauk\u0173 slinkimo su rozmarinu, biotinu ir kolagenu stiprina \u0161aknis, ma\u017eina pleiskanas ir suteikia plaukams apimties bei \u017evilgesio.","robots":{"index":"index","follow":"follow","max-snippet":"max-snippet:-1","max-image-preview":"max-image-preview:large","max-video-preview":"max-video-preview:-1"},"canonical":"https:\/\/www.malinashop.lt\/lt_lt\/shop\/bade-natural-rosemary-sampunas-nuo-plauku-slinkimo-su-rozmarinu-250-ml\/","og_locale":"lt_LT","og_type":"article","og_title":"BADE NATURAL ROSEMARY \u0161amp\u016bnas nuo plauk\u0173 slinkimo su rozmarinu, 250 ml - MalinaShop.lt J\u016bs\u0173 sveikatai ir gro\u017eiui.","og_description":"BADE NATURAL ROSEMARY \u0161amp\u016bnas nuo plauk\u0173 slinkimo su rozmarinu, biotinu ir kolagenu stiprina \u0161aknis, ma\u017eina pleiskanas ir suteikia plaukams apimties bei \u017evilgesio.","og_url":"https:\/\/www.malinashop.lt\/lt_lt\/shop\/bade-natural-rosemary-sampunas-nuo-plauku-slinkimo-su-rozmarinu-250-ml\/","og_site_name":"MalinaShop.lt J\u016bs\u0173 sveikatai ir gro\u017eiui.","article_modified_time":"2026-04-13T19:39:43+00:00","og_image":[{"width":768,"height":768,"url":"https:\/\/www.malinashop.lt\/wp-content\/uploads\/2026\/01\/BADE-NATURAL-ROSEMARY-sampunas-nuo-plauku-slinkimo-su-rozmarinu-250-ml.webp","type":"image\/webp"}],"twitter_card":"summary_large_image","schema":{"@context":"https:\/\/schema.org","@graph":[{"@type":"WebPage","@id":"https:\/\/www.malinashop.lt\/lt_lt\/shop\/bade-natural-rosemary-sampunas-nuo-plauku-slinkimo-su-rozmarinu-250-ml\/","url":"https:\/\/www.malinashop.lt\/lt_lt\/shop\/bade-natural-rosemary-sampunas-nuo-plauku-slinkimo-su-rozmarinu-250-ml\/","name":"BADE NATURAL ROSEMARY \u0161amp\u016bnas nuo plauk\u0173 slinkimo su rozmarinu, 250 ml - MalinaShop.lt J\u016bs\u0173 sveikatai ir gro\u017eiui.","isPartOf":{"@id":"https:\/\/www.malinashop.lt\/#website"},"primaryImageOfPage":{"@id":"https:\/\/www.malinashop.lt\/lt_lt\/shop\/bade-natural-rosemary-sampunas-nuo-plauku-slinkimo-su-rozmarinu-250-ml\/#primaryimage"},"image":{"@id":"https:\/\/www.malinashop.lt\/lt_lt\/shop\/bade-natural-rosemary-sampunas-nuo-plauku-slinkimo-su-rozmarinu-250-ml\/#primaryimage"},"thumbnailUrl":"https:\/\/www.malinashop.lt\/wp-content\/uploads\/2026\/01\/BADE-NATURAL-ROSEMARY-sampunas-nuo-plauku-slinkimo-su-rozmarinu-250-ml.webp","datePublished":"2026-01-08T21:57:42+00:00","dateModified":"2026-04-13T19:39:43+00:00","description":"BADE NATURAL ROSEMARY \u0161amp\u016bnas nuo plauk\u0173 slinkimo su rozmarinu, biotinu ir kolagenu stiprina \u0161aknis, ma\u017eina pleiskanas ir suteikia plaukams apimties bei \u017evilgesio.","breadcrumb":{"@id":"https:\/\/www.malinashop.lt\/lt_lt\/shop\/bade-natural-rosemary-sampunas-nuo-plauku-slinkimo-su-rozmarinu-250-ml\/#breadcrumb"},"inLanguage":"lt-LT","potentialAction":[{"@type":"ReadAction","target":["https:\/\/www.malinashop.lt\/lt_lt\/shop\/bade-natural-rosemary-sampunas-nuo-plauku-slinkimo-su-rozmarinu-250-ml\/"]}]},{"@type":"ImageObject","inLanguage":"lt-LT","@id":"https:\/\/www.malinashop.lt\/lt_lt\/shop\/bade-natural-rosemary-sampunas-nuo-plauku-slinkimo-su-rozmarinu-250-ml\/#primaryimage","url":"https:\/\/www.malinashop.lt\/wp-content\/uploads\/2026\/01\/BADE-NATURAL-ROSEMARY-sampunas-nuo-plauku-slinkimo-su-rozmarinu-250-ml.webp","contentUrl":"https:\/\/www.malinashop.lt\/wp-content\/uploads\/2026\/01\/BADE-NATURAL-ROSEMARY-sampunas-nuo-plauku-slinkimo-su-rozmarinu-250-ml.webp","width":768,"height":768},{"@type":"BreadcrumbList","@id":"https:\/\/www.malinashop.lt\/lt_lt\/shop\/bade-natural-rosemary-sampunas-nuo-plauku-slinkimo-su-rozmarinu-250-ml\/#breadcrumb","itemListElement":[{"@type":"ListItem","position":1,"name":"Pagrindinis","item":"https:\/\/www.malinashop.lt\/"},{"@type":"ListItem","position":2,"name":"Parduotuv\u0117","item":"https:\/\/www.malinashop.lt\/en\/parduotuve\/"},{"@type":"ListItem","position":3,"name":"BADE NATURAL ROSEMARY \u0161amp\u016bnas nuo plauk\u0173 slinkimo su rozmarinu, 250 ml"}]},{"@type":"WebSite","@id":"https:\/\/www.malinashop.lt\/#website","url":"https:\/\/www.malinashop.lt\/","name":"COM Group Ecommerce","description":"MalinaShop.lt - Gro\u017eio ir sveikatos produktai i\u0161 patikim\u0173 preki\u0173 \u017eenkl\u0173. Atraskite auk\u0161tos kokyb\u0117s kosmetik\u0105 u\u017e puiki\u0105 kain\u0105.","publisher":{"@id":"https:\/\/www.malinashop.lt\/#organization"},"potentialAction":[{"@type":"SearchAction","target":{"@type":"EntryPoint","urlTemplate":"https:\/\/www.malinashop.lt\/?s={search_term_string}"},"query-input":{"@type":"PropertyValueSpecification","valueRequired":true,"valueName":"search_term_string"}}],"inLanguage":"lt-LT"},{"@type":"Organization","@id":"https:\/\/www.malinashop.lt\/#organization","name":"COM Group Ecommerce","url":"https:\/\/www.malinashop.lt\/","logo":{"@type":"ImageObject","inLanguage":"lt-LT","@id":"https:\/\/www.malinashop.lt\/#\/schema\/logo\/image\/","url":"https:\/\/www.malinashop.lt\/wp-content\/uploads\/2024\/08\/462559670_3787732518133670_9795632669273463_n-e1731525914575.png","contentUrl":"https:\/\/www.malinashop.lt\/wp-content\/uploads\/2024\/08\/462559670_3787732518133670_9795632669273463_n-e1731525914575.png","width":180,"height":60,"caption":"COM Group Ecommerce"},"image":{"@id":"https:\/\/www.malinashop.lt\/#\/schema\/logo\/image\/"}}]}},"jetpack_sharing_enabled":true,"_links":{"self":[{"href":"https:\/\/www.malinashop.lt\/lt_lt\/wp-json\/wp\/v2\/product\/73095","targetHints":{"allow":["GET"]}}],"collection":[{"href":"https:\/\/www.malinashop.lt\/lt_lt\/wp-json\/wp\/v2\/product"}],"about":[{"href":"https:\/\/www.malinashop.lt\/lt_lt\/wp-json\/wp\/v2\/types\/product"}],"version-history":[{"count":1,"href":"https:\/\/www.malinashop.lt\/lt_lt\/wp-json\/wp\/v2\/product\/73095\/revisions"}],"predecessor-version":[{"id":73097,"href":"https:\/\/www.malinashop.lt\/lt_lt\/wp-json\/wp\/v2\/product\/73095\/revisions\/73097"}],"wp:featuredmedia":[{"embeddable":true,"href":"https:\/\/www.malinashop.lt\/lt_lt\/wp-json\/wp\/v2\/media\/73096"}],"wp:attachment":[{"href":"https:\/\/www.malinashop.lt\/lt_lt\/wp-json\/wp\/v2\/media?parent=73095"}],"wp:term":[{"taxonomy":"product_brand","embeddable":true,"href":"https:\/\/www.malinashop.lt\/lt_lt\/wp-json\/wp\/v2\/product_brand?post=73095"},{"taxonomy":"product_cat","embeddable":true,"href":"https:\/\/www.malinashop.lt\/lt_lt\/wp-json\/wp\/v2\/product_cat?post=73095"},{"taxonomy":"product_tag","embeddable":true,"href":"https:\/\/www.malinashop.lt\/lt_lt\/wp-json\/wp\/v2\/product_tag?post=73095"}],"curies":[{"name":"wp","href":"https:\/\/api.w.org\/{rel}","templated":true}]}}