{"id":73086,"date":"2026-01-09T00:51:25","date_gmt":"2026-01-08T21:51:25","guid":{"rendered":"https:\/\/malinashop.lt\/?post_type=product&#038;p=73086"},"modified":"2026-04-07T22:18:34","modified_gmt":"2026-04-07T19:18:34","slug":"bade-natural-floral-blends-naturalus-rutulinis-dezodorantas-jautriai-odai-50-ml","status":"publish","type":"product","link":"https:\/\/www.malinashop.lt\/lt_lt\/shop\/bade-natural-floral-blends-naturalus-rutulinis-dezodorantas-jautriai-odai-50-ml\/","title":{"rendered":"BADE NATURAL FLORAL BLENDS nat\u016bralus rutulinis dezodorantas jautriai odai, 50 ml"},"content":{"rendered":"<p data-start=\"393\" data-end=\"694\">BADE NATURAL <strong data-start=\"429\" data-end=\"446\">FLORAL BLENDS<\/strong> nat\u016bralus rutulinis dezodorantas sukurtas taip, kad u\u017etikrint\u0173 <strong data-start=\"510\" data-end=\"561\">saugi\u0105, veiksming\u0105 ir \u0161velni\u0105 pa\u017east\u0173 prie\u017ei\u016br\u0105<\/strong>, ypa\u010d jautriai odai. 100 % augalin\u0117, odai draugi\u0161ka sud\u0117tis tinka kasdieniam naudojimui, nekraunant organizmo sintetiniais priedais.<\/p>\n<p data-start=\"696\" data-end=\"759\">Dezodorante naudojami nat\u016bral\u016bs kvapo kontrol\u0117s ingredientai:<\/p>\n<ul data-start=\"760\" data-end=\"1048\">\n<li data-start=\"760\" data-end=\"838\">\n<p data-start=\"762\" data-end=\"838\"><strong data-start=\"762\" data-end=\"786\">persimon\u0173 ekstraktas<\/strong> \u2013 padeda <strong data-start=\"796\" data-end=\"835\">nat\u016braliai neutralizuoti k\u016bno kvap\u0105<\/strong>;<\/p>\n<\/li>\n<li data-start=\"839\" data-end=\"919\">\n<p data-start=\"841\" data-end=\"919\"><strong data-start=\"841\" data-end=\"856\">miros derva<\/strong> \u2013 pasi\u017eymi <strong data-start=\"868\" data-end=\"916\">antibakterin\u0117mis ir raminamosiomis savyb\u0117mis<\/strong>;<\/p>\n<\/li>\n<li data-start=\"920\" data-end=\"1048\">\n<p data-start=\"922\" data-end=\"1048\"><strong data-start=\"922\" data-end=\"957\">Usnea barbata kerp\u0117s ekstraktas<\/strong> \u2013 palaiko <strong data-start=\"968\" data-end=\"1003\">odos \u0161var\u0105 ir nat\u016brali\u0105 apsaug\u0105<\/strong>, padeda i\u0161laikyti subalansuot\u0105 mikrobiom\u0105.<\/p>\n<\/li>\n<\/ul>\n<p data-start=\"1050\" data-end=\"1251\">Formul\u0117 sukurta taip, kad <strong data-start=\"1076\" data-end=\"1112\">u\u017ekirst\u0173 keli\u0105 nemaloniam kvapui<\/strong>, ta\u010diau <strong data-start=\"1121\" data-end=\"1167\">netrikdyt\u0173 nat\u016bralaus prakaitavimo proceso<\/strong> ir nepa\u017eeist\u0173 odos barjero. K\u016bnas gali kv\u0117puoti, o pa\u017east\u0173 oda i\u0161lieka komforti\u0161ka.<\/p>\n<p data-start=\"1253\" data-end=\"1272\">\u0160is dezodorantas:<\/p>\n<ul data-start=\"1273\" data-end=\"1461\">\n<li data-start=\"1273\" data-end=\"1305\">\n<p data-start=\"1275\" data-end=\"1305\"><strong data-start=\"1275\" data-end=\"1302\">neturi aliuminio drusk\u0173<\/strong>,<\/p>\n<\/li>\n<li data-start=\"1306\" data-end=\"1461\">\n<p data-start=\"1308\" data-end=\"1461\"><strong data-start=\"1308\" data-end=\"1328\">neturi alkoholio<\/strong>,<br data-start=\"1329\" data-end=\"1332\" \/>tod\u0117l tinka net labai jautriai, \u012f sudirgim\u0105 ar sausum\u0105 linkusiai odai. Jis <strong data-start=\"1407\" data-end=\"1431\">nedirgina, nesausina<\/strong> ir nesukelia tempimo poj\u016b\u010dio.<\/p>\n<\/li>\n<\/ul>\n<p data-start=\"1463\" data-end=\"1633\"><strong data-start=\"1463\" data-end=\"1484\">Vegani\u0161ka sud\u0117tis<\/strong> ir 100 % nat\u016bral\u016bs ingredientai suteikia <strong data-start=\"1526\" data-end=\"1568\">\u0161velni\u0105, bet patikim\u0105 kasdien\u0119 apsaug\u0105<\/strong>, kuri\u0105 gali rinktis s\u0105moningai prie\u017ei\u016brai neabejingi vartotojai.<\/p>\n<p data-start=\"1635\" data-end=\"1795\">FLORAL BLENDS pasi\u017eymi subtiliu, nat\u016braliu aromatu, kuris neperkrauna ir puikiai dera tiek su kasdieniais kvepalais, tiek su visi\u0161kai nat\u016braliu, \u0161varos poj\u016b\u010diu.<\/p>\n<p data-start=\"1797\" data-end=\"1826\"><strong data-start=\"1797\" data-end=\"1824\">Pagrindiniai privalumai<\/strong><\/p>\n<ul data-start=\"1827\" data-end=\"2187\">\n<li data-start=\"1827\" data-end=\"1863\">\n<p data-start=\"1829\" data-end=\"1863\">100 % augalin\u0117, nat\u016brali sud\u0117tis<\/p>\n<\/li>\n<li data-start=\"1864\" data-end=\"1915\">\n<p data-start=\"1866\" data-end=\"1915\">Be aliuminio ir alkoholio \u2013 tinka jautriai odai<\/p>\n<\/li>\n<li data-start=\"1916\" data-end=\"1991\">\n<p data-start=\"1918\" data-end=\"1991\">Nat\u016brali kvapo kontrol\u0117 su persimon\u0173, miros ir Usnea kerp\u0117s ekstraktais<\/p>\n<\/li>\n<li data-start=\"1992\" data-end=\"2039\">\n<p data-start=\"1994\" data-end=\"2039\">Nepa\u017eeid\u017eia nat\u016bralaus prakaitavimo proceso<\/p>\n<\/li>\n<li data-start=\"2040\" data-end=\"2087\">\n<p data-start=\"2042\" data-end=\"2087\">Nedirgina, nesausina, netrikdo odos barjero<\/p>\n<\/li>\n<li data-start=\"2088\" data-end=\"2144\">\n<p data-start=\"2090\" data-end=\"2144\">Vegani\u0161kas, odai ir aplinkai draugi\u0161kas pasirinkimas<\/p>\n<\/li>\n<li data-start=\"2145\" data-end=\"2187\">\n<p data-start=\"2147\" data-end=\"2187\">Tinka kasdieniam, ilgalaikiam naudojimui<\/p>\n<\/li>\n<\/ul>\n<p data-start=\"2189\" data-end=\"2373\"><strong data-start=\"2189\" data-end=\"2203\">Naudojimas<\/strong><br data-start=\"2203\" data-end=\"2206\" \/>Tepkite dezodorant\u0105 <strong data-start=\"2226\" data-end=\"2262\">ant sausos, \u0161varios pa\u017east\u0173 odos<\/strong>. Palaukite, kol priemon\u0117 \u012fsigers prie\u0161 apsirengdami. Esant poreikiui, dienos metu galite u\u017etepti pakartotinai.<\/p>\n","protected":false},"excerpt":{"rendered":"<p>BADE NATURAL FLORAL BLENDS \u2013 nat\u016bralus, jautriai odai tinkantis rutulinis dezodorantas be aliuminio ir alkoholio. Su persimon\u0173, miros ir Usnea kerp\u0117s ekstraktais, \u0161velniai saugo nuo nemalonaus kvapo, nedirgindamas ir nesausindamas odos.<\/p>\n","protected":false},"featured_media":73087,"template":"","meta":[],"product_brand":[1571],"product_cat":[543,731],"product_tag":[1592],"class_list":{"0":"post-73086","1":"product","2":"type-product","3":"status-publish","4":"has-post-thumbnail","6":"product_brand-bade-natural","7":"product_cat-dezodorantai","8":"product_cat-kunui","9":"product_tag-bade-natural","11":"first","12":"instock","13":"sale","14":"taxable","15":"shipping-taxable","16":"purchasable","17":"product-type-simple"},"yoast_head":"<!-- This site is optimized with the Yoast SEO plugin v27.4 - https:\/\/yoast.com\/product\/yoast-seo-wordpress\/ -->\n<title>BADE NATURAL FLORAL BLENDS nat\u016bralus rutulinis dezodorantas jautriai odai, 50 ml - MalinaShop.lt J\u016bs\u0173 sveikatai ir gro\u017eiui.<\/title>\n<meta name=\"description\" content=\"BADE NATURAL FLORAL BLENDS \u2013 nat\u016bralus rutulinis dezodorantas be aliuminio ir alkoholio, su persimon\u0173 ir miros ekstraktais, \u0161velniai saugo jautri\u0105 pa\u017east\u0173 od\u0105.\" \/>\n<meta name=\"robots\" content=\"index, follow, max-snippet:-1, max-image-preview:large, max-video-preview:-1\" \/>\n<link rel=\"canonical\" href=\"https:\/\/www.malinashop.lt\/lt_lt\/shop\/bade-natural-floral-blends-naturalus-rutulinis-dezodorantas-jautriai-odai-50-ml\/\" \/>\n<meta property=\"og:locale\" content=\"lt_LT\" \/>\n<meta property=\"og:type\" content=\"article\" \/>\n<meta property=\"og:title\" content=\"BADE NATURAL FLORAL BLENDS nat\u016bralus rutulinis dezodorantas jautriai odai, 50 ml - MalinaShop.lt J\u016bs\u0173 sveikatai ir gro\u017eiui.\" \/>\n<meta property=\"og:description\" content=\"BADE NATURAL FLORAL BLENDS \u2013 nat\u016bralus rutulinis dezodorantas be aliuminio ir alkoholio, su persimon\u0173 ir miros ekstraktais, \u0161velniai saugo jautri\u0105 pa\u017east\u0173 od\u0105.\" \/>\n<meta property=\"og:url\" content=\"https:\/\/www.malinashop.lt\/lt_lt\/shop\/bade-natural-floral-blends-naturalus-rutulinis-dezodorantas-jautriai-odai-50-ml\/\" \/>\n<meta property=\"og:site_name\" content=\"MalinaShop.lt J\u016bs\u0173 sveikatai ir gro\u017eiui.\" \/>\n<meta property=\"article:modified_time\" content=\"2026-04-07T19:18:34+00:00\" \/>\n<meta property=\"og:image\" content=\"https:\/\/www.malinashop.lt\/wp-content\/uploads\/2026\/01\/BADE-NATURAL-FLORAL-BLENDS-naturalus-rutulinis-dezodorantas-jautriai-odai-50-ml.webp\" \/>\n\t<meta property=\"og:image:width\" content=\"768\" \/>\n\t<meta property=\"og:image:height\" content=\"768\" \/>\n\t<meta property=\"og:image:type\" content=\"image\/webp\" \/>\n<meta name=\"twitter:card\" content=\"summary_large_image\" \/>\n<script type=\"application\/ld+json\" class=\"yoast-schema-graph\">{\"@context\":\"https:\\\/\\\/schema.org\",\"@graph\":[{\"@type\":\"WebPage\",\"@id\":\"https:\\\/\\\/www.malinashop.lt\\\/en\\\/shop\\\/bade-natural-floral-blends-naturalus-rutulinis-dezodorantas-jautriai-odai-50-ml\\\/\",\"url\":\"https:\\\/\\\/www.malinashop.lt\\\/en\\\/shop\\\/bade-natural-floral-blends-naturalus-rutulinis-dezodorantas-jautriai-odai-50-ml\\\/\",\"name\":\"BADE NATURAL FLORAL BLENDS nat\u016bralus rutulinis dezodorantas jautriai odai, 50 ml - MalinaShop.lt J\u016bs\u0173 sveikatai ir gro\u017eiui.\",\"isPartOf\":{\"@id\":\"https:\\\/\\\/www.malinashop.lt\\\/#website\"},\"primaryImageOfPage\":{\"@id\":\"https:\\\/\\\/www.malinashop.lt\\\/en\\\/shop\\\/bade-natural-floral-blends-naturalus-rutulinis-dezodorantas-jautriai-odai-50-ml\\\/#primaryimage\"},\"image\":{\"@id\":\"https:\\\/\\\/www.malinashop.lt\\\/en\\\/shop\\\/bade-natural-floral-blends-naturalus-rutulinis-dezodorantas-jautriai-odai-50-ml\\\/#primaryimage\"},\"thumbnailUrl\":\"https:\\\/\\\/www.malinashop.lt\\\/wp-content\\\/uploads\\\/2026\\\/01\\\/BADE-NATURAL-FLORAL-BLENDS-naturalus-rutulinis-dezodorantas-jautriai-odai-50-ml.webp\",\"datePublished\":\"2026-01-08T21:51:25+00:00\",\"dateModified\":\"2026-04-07T19:18:34+00:00\",\"description\":\"BADE NATURAL FLORAL BLENDS \u2013 nat\u016bralus rutulinis dezodorantas be aliuminio ir alkoholio, su persimon\u0173 ir miros ekstraktais, \u0161velniai saugo jautri\u0105 pa\u017east\u0173 od\u0105.\",\"breadcrumb\":{\"@id\":\"https:\\\/\\\/www.malinashop.lt\\\/en\\\/shop\\\/bade-natural-floral-blends-naturalus-rutulinis-dezodorantas-jautriai-odai-50-ml\\\/#breadcrumb\"},\"inLanguage\":\"lt-LT\",\"potentialAction\":[{\"@type\":\"ReadAction\",\"target\":[\"https:\\\/\\\/www.malinashop.lt\\\/en\\\/shop\\\/bade-natural-floral-blends-naturalus-rutulinis-dezodorantas-jautriai-odai-50-ml\\\/\"]}]},{\"@type\":\"ImageObject\",\"inLanguage\":\"lt-LT\",\"@id\":\"https:\\\/\\\/www.malinashop.lt\\\/en\\\/shop\\\/bade-natural-floral-blends-naturalus-rutulinis-dezodorantas-jautriai-odai-50-ml\\\/#primaryimage\",\"url\":\"https:\\\/\\\/www.malinashop.lt\\\/wp-content\\\/uploads\\\/2026\\\/01\\\/BADE-NATURAL-FLORAL-BLENDS-naturalus-rutulinis-dezodorantas-jautriai-odai-50-ml.webp\",\"contentUrl\":\"https:\\\/\\\/www.malinashop.lt\\\/wp-content\\\/uploads\\\/2026\\\/01\\\/BADE-NATURAL-FLORAL-BLENDS-naturalus-rutulinis-dezodorantas-jautriai-odai-50-ml.webp\",\"width\":768,\"height\":768},{\"@type\":\"BreadcrumbList\",\"@id\":\"https:\\\/\\\/www.malinashop.lt\\\/en\\\/shop\\\/bade-natural-floral-blends-naturalus-rutulinis-dezodorantas-jautriai-odai-50-ml\\\/#breadcrumb\",\"itemListElement\":[{\"@type\":\"ListItem\",\"position\":1,\"name\":\"Pagrindinis\",\"item\":\"https:\\\/\\\/www.malinashop.lt\\\/\"},{\"@type\":\"ListItem\",\"position\":2,\"name\":\"Parduotuv\u0117\",\"item\":\"https:\\\/\\\/www.malinashop.lt\\\/en\\\/parduotuve\\\/\"},{\"@type\":\"ListItem\",\"position\":3,\"name\":\"BADE NATURAL FLORAL BLENDS nat\u016bralus rutulinis dezodorantas jautriai odai, 50 ml\"}]},{\"@type\":\"WebSite\",\"@id\":\"https:\\\/\\\/www.malinashop.lt\\\/#website\",\"url\":\"https:\\\/\\\/www.malinashop.lt\\\/\",\"name\":\"COM Group Ecommerce\",\"description\":\"MalinaShop.lt - Gro\u017eio ir sveikatos produktai i\u0161 patikim\u0173 preki\u0173 \u017eenkl\u0173. Atraskite auk\u0161tos kokyb\u0117s kosmetik\u0105 u\u017e puiki\u0105 kain\u0105.\",\"publisher\":{\"@id\":\"https:\\\/\\\/www.malinashop.lt\\\/#organization\"},\"potentialAction\":[{\"@type\":\"SearchAction\",\"target\":{\"@type\":\"EntryPoint\",\"urlTemplate\":\"https:\\\/\\\/www.malinashop.lt\\\/?s={search_term_string}\"},\"query-input\":{\"@type\":\"PropertyValueSpecification\",\"valueRequired\":true,\"valueName\":\"search_term_string\"}}],\"inLanguage\":\"lt-LT\"},{\"@type\":\"Organization\",\"@id\":\"https:\\\/\\\/www.malinashop.lt\\\/#organization\",\"name\":\"COM Group Ecommerce\",\"url\":\"https:\\\/\\\/www.malinashop.lt\\\/\",\"logo\":{\"@type\":\"ImageObject\",\"inLanguage\":\"lt-LT\",\"@id\":\"https:\\\/\\\/www.malinashop.lt\\\/#\\\/schema\\\/logo\\\/image\\\/\",\"url\":\"https:\\\/\\\/www.malinashop.lt\\\/wp-content\\\/uploads\\\/2024\\\/08\\\/462559670_3787732518133670_9795632669273463_n-e1731525914575.png\",\"contentUrl\":\"https:\\\/\\\/www.malinashop.lt\\\/wp-content\\\/uploads\\\/2024\\\/08\\\/462559670_3787732518133670_9795632669273463_n-e1731525914575.png\",\"width\":180,\"height\":60,\"caption\":\"COM Group Ecommerce\"},\"image\":{\"@id\":\"https:\\\/\\\/www.malinashop.lt\\\/#\\\/schema\\\/logo\\\/image\\\/\"}}]}<\/script>\n<!-- \/ Yoast SEO plugin. -->","yoast_head_json":{"title":"BADE NATURAL FLORAL BLENDS nat\u016bralus rutulinis dezodorantas jautriai odai, 50 ml - MalinaShop.lt J\u016bs\u0173 sveikatai ir gro\u017eiui.","description":"BADE NATURAL FLORAL BLENDS \u2013 nat\u016bralus rutulinis dezodorantas be aliuminio ir alkoholio, su persimon\u0173 ir miros ekstraktais, \u0161velniai saugo jautri\u0105 pa\u017east\u0173 od\u0105.","robots":{"index":"index","follow":"follow","max-snippet":"max-snippet:-1","max-image-preview":"max-image-preview:large","max-video-preview":"max-video-preview:-1"},"canonical":"https:\/\/www.malinashop.lt\/lt_lt\/shop\/bade-natural-floral-blends-naturalus-rutulinis-dezodorantas-jautriai-odai-50-ml\/","og_locale":"lt_LT","og_type":"article","og_title":"BADE NATURAL FLORAL BLENDS nat\u016bralus rutulinis dezodorantas jautriai odai, 50 ml - MalinaShop.lt J\u016bs\u0173 sveikatai ir gro\u017eiui.","og_description":"BADE NATURAL FLORAL BLENDS \u2013 nat\u016bralus rutulinis dezodorantas be aliuminio ir alkoholio, su persimon\u0173 ir miros ekstraktais, \u0161velniai saugo jautri\u0105 pa\u017east\u0173 od\u0105.","og_url":"https:\/\/www.malinashop.lt\/lt_lt\/shop\/bade-natural-floral-blends-naturalus-rutulinis-dezodorantas-jautriai-odai-50-ml\/","og_site_name":"MalinaShop.lt J\u016bs\u0173 sveikatai ir gro\u017eiui.","article_modified_time":"2026-04-07T19:18:34+00:00","og_image":[{"width":768,"height":768,"url":"https:\/\/www.malinashop.lt\/wp-content\/uploads\/2026\/01\/BADE-NATURAL-FLORAL-BLENDS-naturalus-rutulinis-dezodorantas-jautriai-odai-50-ml.webp","type":"image\/webp"}],"twitter_card":"summary_large_image","schema":{"@context":"https:\/\/schema.org","@graph":[{"@type":"WebPage","@id":"https:\/\/www.malinashop.lt\/en\/shop\/bade-natural-floral-blends-naturalus-rutulinis-dezodorantas-jautriai-odai-50-ml\/","url":"https:\/\/www.malinashop.lt\/en\/shop\/bade-natural-floral-blends-naturalus-rutulinis-dezodorantas-jautriai-odai-50-ml\/","name":"BADE NATURAL FLORAL BLENDS nat\u016bralus rutulinis dezodorantas jautriai odai, 50 ml - MalinaShop.lt J\u016bs\u0173 sveikatai ir gro\u017eiui.","isPartOf":{"@id":"https:\/\/www.malinashop.lt\/#website"},"primaryImageOfPage":{"@id":"https:\/\/www.malinashop.lt\/en\/shop\/bade-natural-floral-blends-naturalus-rutulinis-dezodorantas-jautriai-odai-50-ml\/#primaryimage"},"image":{"@id":"https:\/\/www.malinashop.lt\/en\/shop\/bade-natural-floral-blends-naturalus-rutulinis-dezodorantas-jautriai-odai-50-ml\/#primaryimage"},"thumbnailUrl":"https:\/\/www.malinashop.lt\/wp-content\/uploads\/2026\/01\/BADE-NATURAL-FLORAL-BLENDS-naturalus-rutulinis-dezodorantas-jautriai-odai-50-ml.webp","datePublished":"2026-01-08T21:51:25+00:00","dateModified":"2026-04-07T19:18:34+00:00","description":"BADE NATURAL FLORAL BLENDS \u2013 nat\u016bralus rutulinis dezodorantas be aliuminio ir alkoholio, su persimon\u0173 ir miros ekstraktais, \u0161velniai saugo jautri\u0105 pa\u017east\u0173 od\u0105.","breadcrumb":{"@id":"https:\/\/www.malinashop.lt\/en\/shop\/bade-natural-floral-blends-naturalus-rutulinis-dezodorantas-jautriai-odai-50-ml\/#breadcrumb"},"inLanguage":"lt-LT","potentialAction":[{"@type":"ReadAction","target":["https:\/\/www.malinashop.lt\/en\/shop\/bade-natural-floral-blends-naturalus-rutulinis-dezodorantas-jautriai-odai-50-ml\/"]}]},{"@type":"ImageObject","inLanguage":"lt-LT","@id":"https:\/\/www.malinashop.lt\/en\/shop\/bade-natural-floral-blends-naturalus-rutulinis-dezodorantas-jautriai-odai-50-ml\/#primaryimage","url":"https:\/\/www.malinashop.lt\/wp-content\/uploads\/2026\/01\/BADE-NATURAL-FLORAL-BLENDS-naturalus-rutulinis-dezodorantas-jautriai-odai-50-ml.webp","contentUrl":"https:\/\/www.malinashop.lt\/wp-content\/uploads\/2026\/01\/BADE-NATURAL-FLORAL-BLENDS-naturalus-rutulinis-dezodorantas-jautriai-odai-50-ml.webp","width":768,"height":768},{"@type":"BreadcrumbList","@id":"https:\/\/www.malinashop.lt\/en\/shop\/bade-natural-floral-blends-naturalus-rutulinis-dezodorantas-jautriai-odai-50-ml\/#breadcrumb","itemListElement":[{"@type":"ListItem","position":1,"name":"Pagrindinis","item":"https:\/\/www.malinashop.lt\/"},{"@type":"ListItem","position":2,"name":"Parduotuv\u0117","item":"https:\/\/www.malinashop.lt\/en\/parduotuve\/"},{"@type":"ListItem","position":3,"name":"BADE NATURAL FLORAL BLENDS nat\u016bralus rutulinis dezodorantas jautriai odai, 50 ml"}]},{"@type":"WebSite","@id":"https:\/\/www.malinashop.lt\/#website","url":"https:\/\/www.malinashop.lt\/","name":"COM Group Ecommerce","description":"MalinaShop.lt - Gro\u017eio ir sveikatos produktai i\u0161 patikim\u0173 preki\u0173 \u017eenkl\u0173. Atraskite auk\u0161tos kokyb\u0117s kosmetik\u0105 u\u017e puiki\u0105 kain\u0105.","publisher":{"@id":"https:\/\/www.malinashop.lt\/#organization"},"potentialAction":[{"@type":"SearchAction","target":{"@type":"EntryPoint","urlTemplate":"https:\/\/www.malinashop.lt\/?s={search_term_string}"},"query-input":{"@type":"PropertyValueSpecification","valueRequired":true,"valueName":"search_term_string"}}],"inLanguage":"lt-LT"},{"@type":"Organization","@id":"https:\/\/www.malinashop.lt\/#organization","name":"COM Group Ecommerce","url":"https:\/\/www.malinashop.lt\/","logo":{"@type":"ImageObject","inLanguage":"lt-LT","@id":"https:\/\/www.malinashop.lt\/#\/schema\/logo\/image\/","url":"https:\/\/www.malinashop.lt\/wp-content\/uploads\/2024\/08\/462559670_3787732518133670_9795632669273463_n-e1731525914575.png","contentUrl":"https:\/\/www.malinashop.lt\/wp-content\/uploads\/2024\/08\/462559670_3787732518133670_9795632669273463_n-e1731525914575.png","width":180,"height":60,"caption":"COM Group Ecommerce"},"image":{"@id":"https:\/\/www.malinashop.lt\/#\/schema\/logo\/image\/"}}]}},"jetpack_sharing_enabled":true,"_links":{"self":[{"href":"https:\/\/www.malinashop.lt\/lt_lt\/wp-json\/wp\/v2\/product\/73086","targetHints":{"allow":["GET"]}}],"collection":[{"href":"https:\/\/www.malinashop.lt\/lt_lt\/wp-json\/wp\/v2\/product"}],"about":[{"href":"https:\/\/www.malinashop.lt\/lt_lt\/wp-json\/wp\/v2\/types\/product"}],"version-history":[{"count":1,"href":"https:\/\/www.malinashop.lt\/lt_lt\/wp-json\/wp\/v2\/product\/73086\/revisions"}],"predecessor-version":[{"id":73088,"href":"https:\/\/www.malinashop.lt\/lt_lt\/wp-json\/wp\/v2\/product\/73086\/revisions\/73088"}],"wp:featuredmedia":[{"embeddable":true,"href":"https:\/\/www.malinashop.lt\/lt_lt\/wp-json\/wp\/v2\/media\/73087"}],"wp:attachment":[{"href":"https:\/\/www.malinashop.lt\/lt_lt\/wp-json\/wp\/v2\/media?parent=73086"}],"wp:term":[{"taxonomy":"product_brand","embeddable":true,"href":"https:\/\/www.malinashop.lt\/lt_lt\/wp-json\/wp\/v2\/product_brand?post=73086"},{"taxonomy":"product_cat","embeddable":true,"href":"https:\/\/www.malinashop.lt\/lt_lt\/wp-json\/wp\/v2\/product_cat?post=73086"},{"taxonomy":"product_tag","embeddable":true,"href":"https:\/\/www.malinashop.lt\/lt_lt\/wp-json\/wp\/v2\/product_tag?post=73086"}],"curies":[{"name":"wp","href":"https:\/\/api.w.org\/{rel}","templated":true}]}}