{"id":73077,"date":"2026-01-09T00:34:35","date_gmt":"2026-01-08T21:34:35","guid":{"rendered":"https:\/\/malinashop.lt\/?post_type=product&#038;p=73077"},"modified":"2026-04-07T22:18:34","modified_gmt":"2026-04-07T19:18:34","slug":"bade-natural-mens-garage-plauku-ir-barzdos-tonikas-vyrams-150-ml","status":"publish","type":"product","link":"https:\/\/www.malinashop.lt\/lt_lt\/shop\/bade-natural-mens-garage-plauku-ir-barzdos-tonikas-vyrams-150-ml\/","title":{"rendered":"BADE NATURAL MEN\u2019S GARAGE plauk\u0173 ir barzdos tonikas vyrams, 150 ml"},"content":{"rendered":"<p data-start=\"375\" data-end=\"699\">BADE NATURAL <strong data-start=\"411\" data-end=\"427\">MEN\u2019S GARAGE<\/strong> plauk\u0173 ir barzdos tonikas sukurtas kasdienei vyri\u0161k\u0173 plauk\u0173 ir barzdos prie\u017ei\u016brai, kai norisi daugiau <strong data-start=\"530\" data-end=\"565\">stiprumo, tankio ir gyvybingumo<\/strong> be sunkumo ar lipnumo poj\u016b\u010dio. Lengva, neapsunkinanti formul\u0117 vienu metu r\u016bpinasi tiek plauk\u0173 folikulais, tiek po barzda esan\u010dia oda.<\/p>\n<p data-start=\"701\" data-end=\"884\">Baz\u0117je esantis <strong data-start=\"716\" data-end=\"752\">100 % nat\u016bralus rozmarin\u0173 vanduo<\/strong> padeda palaikyti nat\u016bralius plauk\u0173 ir barzdos augimo procesus, <strong data-start=\"816\" data-end=\"845\">stiprina plauk\u0173 folikulus<\/strong> ir prisideda prie slinkimo ma\u017einimo.<\/p>\n<p data-start=\"886\" data-end=\"1064\"><strong data-start=\"886\" data-end=\"898\">Alavijas<\/strong> intensyviai dr\u0117kina ir ramina od\u0105, suma\u017eina sausumo ir tempimo poj\u016bt\u012f barzdos \u0161akn\u0173 srityje, o <strong data-start=\"994\" data-end=\"1008\">alantoinas<\/strong> padeda odai atsigauti, suteikia \u0161velnumo ir komforto.<\/p>\n<p data-start=\"1066\" data-end=\"1179\"><strong data-start=\"1066\" data-end=\"1098\">Provitaminas B5 (pantenolis)<\/strong> maitina plauk\u0173 ir barzdos plaukelius nuo \u0161akn\u0173 iki galiuk\u0173, suteikdamas jiems:<\/p>\n<ul data-start=\"1180\" data-end=\"1310\">\n<li data-start=\"1180\" data-end=\"1220\">\n<p data-start=\"1182\" data-end=\"1220\">daugiau <strong data-start=\"1190\" data-end=\"1217\">stiprumo ir elastingumo<\/strong>,<\/p>\n<\/li>\n<li data-start=\"1221\" data-end=\"1277\">\n<p data-start=\"1223\" data-end=\"1277\">vizualiai <strong data-start=\"1233\" data-end=\"1267\">tankesn\u0117s ir pilnesn\u0117s barzdos<\/strong> efekt\u0105,<\/p>\n<\/li>\n<li data-start=\"1278\" data-end=\"1310\">\n<p data-start=\"1280\" data-end=\"1310\">sveikai blizgan\u010di\u0105 i\u0161vaizd\u0105.<\/p>\n<\/li>\n<\/ul>\n<p data-start=\"1312\" data-end=\"1492\"><strong data-start=\"1312\" data-end=\"1338\">Arbatmed\u017eio ekstraktas<\/strong> padeda ma\u017einti plauk\u0173 slinkim\u0105, palaiko \u0161varesn\u0119 galvos ir veido od\u0105, suteikia barzdai <strong data-start=\"1426\" data-end=\"1452\">blizgesio, gyvybingumo<\/strong> ir papildomos apsaugos nuo i\u0161saus\u0117jimo.<\/p>\n<p data-start=\"1494\" data-end=\"1612\">Tonikas i\u0161siskiria <strong data-start=\"1513\" data-end=\"1556\">citrus\u0173 ir medienos aromat\u0173 kompozicija<\/strong>, kuri suteikia energijos ir ry\u0161kaus vyri\u0161kumo \u012fsp\u016bd\u012f:<\/p>\n<ul data-start=\"1613\" data-end=\"1738\">\n<li data-start=\"1613\" data-end=\"1652\">\n<p data-start=\"1615\" data-end=\"1652\">vir\u0161utin\u0117s natos \u2013 gaiv\u016bs citrusai;<\/p>\n<\/li>\n<li data-start=\"1653\" data-end=\"1693\">\n<p data-start=\"1655\" data-end=\"1693\">vidurin\u0117s natos \u2013 \u0161ilti prieskoniai;<\/p>\n<\/li>\n<li data-start=\"1694\" data-end=\"1738\">\n<p data-start=\"1696\" data-end=\"1738\">bazin\u0117s natos \u2013 sodr\u016bs medienos akordai.<\/p>\n<\/li>\n<\/ul>\n<p data-start=\"1740\" data-end=\"1840\">Aromatas subtiliai i\u0161lieka vis\u0105 dien\u0105, suteikdamas <strong data-start=\"1791\" data-end=\"1832\">\u0161varos, gaivos ir tvarkingo \u012fvaizd\u017eio<\/strong> poj\u016bt\u012f.<\/p>\n<p data-start=\"1842\" data-end=\"1853\">Priemon\u0117:<\/p>\n<ul data-start=\"1854\" data-end=\"2048\">\n<li data-start=\"1854\" data-end=\"1899\">\n<p data-start=\"1856\" data-end=\"1899\">rekomenduojama <strong data-start=\"1871\" data-end=\"1896\">kasdieniam naudojimui<\/strong>,<\/p>\n<\/li>\n<li data-start=\"1900\" data-end=\"1985\">\n<p data-start=\"1902\" data-end=\"1985\">padeda siekti <strong data-start=\"1916\" data-end=\"1982\">stipresni\u0173, sveikesni\u0173 ir geriau atrodan\u010di\u0173 plauk\u0173 bei barzdos<\/strong>,<\/p>\n<\/li>\n<li data-start=\"1986\" data-end=\"2048\">\n<p data-start=\"1988\" data-end=\"2048\">tinka vyrams, vertinantiems nat\u016brali\u0105, veiksming\u0105 prie\u017ei\u016br\u0105.<\/p>\n<\/li>\n<\/ul>\n<p data-start=\"2050\" data-end=\"2079\"><strong data-start=\"2050\" data-end=\"2077\">Pagrindiniai privalumai<\/strong><\/p>\n<ul data-start=\"2080\" data-end=\"2498\">\n<li data-start=\"2080\" data-end=\"2106\">\n<p data-start=\"2082\" data-end=\"2106\">100 % nat\u016brali sud\u0117tis<\/p>\n<\/li>\n<li data-start=\"2107\" data-end=\"2147\">\n<p data-start=\"2109\" data-end=\"2147\">Stiprina plauk\u0173 ir barzdos folikulus<\/p>\n<\/li>\n<li data-start=\"2148\" data-end=\"2193\">\n<p data-start=\"2150\" data-end=\"2193\">Padeda ma\u017einti plauk\u0173 ir barzdos slinkim\u0105<\/p>\n<\/li>\n<li data-start=\"2194\" data-end=\"2229\">\n<p data-start=\"2196\" data-end=\"2229\">Dr\u0117kina ir ramina od\u0105 po barzda<\/p>\n<\/li>\n<li data-start=\"2230\" data-end=\"2288\">\n<p data-start=\"2232\" data-end=\"2288\">Suteikia plaukams ir barzdai \u017evilgesio bei gyvybingumo<\/p>\n<\/li>\n<li data-start=\"2289\" data-end=\"2375\">\n<p data-start=\"2291\" data-end=\"2375\">Su rozmarin\u0173 vandeniu, alaviju, alantoinu, provitaminu B5 ir arbatmed\u017eio ekstraktu<\/p>\n<\/li>\n<li data-start=\"2376\" data-end=\"2416\">\n<p data-start=\"2378\" data-end=\"2416\">Be alkoholio ir vandenilio peroksido<\/p>\n<\/li>\n<li data-start=\"2417\" data-end=\"2458\">\n<p data-start=\"2419\" data-end=\"2458\">Vyri\u0161kas citrus\u0173 ir medienos aromatas<\/p>\n<\/li>\n<li data-start=\"2459\" data-end=\"2498\">\n<p data-start=\"2461\" data-end=\"2498\">Vegani\u0161ka, aplinkai draugi\u0161ka formul\u0117<\/p>\n<\/li>\n<\/ul>\n<p data-start=\"2500\" data-end=\"2727\"><strong data-start=\"2500\" data-end=\"2514\">Naudojimas<\/strong><br data-start=\"2514\" data-end=\"2517\" \/>Purk\u0161kite tonik\u0105 ant \u0161vari\u0173 <strong data-start=\"2545\" data-end=\"2568\">plauk\u0173 arba barzdos<\/strong>. Pir\u0161t\u0173 galiukais \u0161velniai \u012fmasa\u017euokite \u012f galvos od\u0105 ar barzdos \u0161akn\u0173 zon\u0105, kol visi\u0161kai \u012fsigers. <strong data-start=\"2667\" data-end=\"2686\">Nenuskalaukite.<\/strong> Tinka naudoti kasdien ryte ir\/ar vakare.<\/p>\n","protected":false},"excerpt":{"rendered":"<p>BADE NATURAL MEN\u2019S GARAGE \u2013 100 % nat\u016bralus plauk\u0173 ir barzdos tonikas vyrams su rozmarin\u0173 vandeniu, alaviju, provitaminu B5 ir arbatmed\u017eio ekstraktu. Stiprina, maitina, ma\u017eina slinkim\u0105 ir suteikia gaiv\u0173 citrus\u0173 bei medienos aromat\u0105.<\/p>\n","protected":false},"featured_media":73078,"template":"","meta":[],"product_brand":[1571],"product_cat":[711,518],"product_tag":[1592],"class_list":{"0":"post-73077","1":"product","2":"type-product","3":"status-publish","4":"has-post-thumbnail","6":"product_brand-bade-natural","7":"product_cat-plaukams","8":"product_cat-plauku-lakai-putos-vaskas-ir-kitos-priemones","9":"product_tag-bade-natural","11":"first","12":"instock","13":"sale","14":"taxable","15":"shipping-taxable","16":"purchasable","17":"product-type-simple"},"yoast_head":"<!-- This site is optimized with the Yoast SEO plugin v27.4 - https:\/\/yoast.com\/product\/yoast-seo-wordpress\/ -->\n<title>BADE NATURAL MEN\u2019S GARAGE plauk\u0173 ir barzdos tonikas vyrams, 150 ml - MalinaShop.lt J\u016bs\u0173 sveikatai ir gro\u017eiui.<\/title>\n<meta name=\"description\" content=\"BADE NATURAL MEN\u2019S GARAGE \u2013 nat\u016bralus plauk\u0173 ir barzdos tonikas vyrams su rozmarinu, alaviju ir pantenoliu. Stiprina, ma\u017eina slinkim\u0105 ir suteikia gaiv\u0173 vyri\u0161k\u0105 aromat\u0105.\" \/>\n<meta name=\"robots\" content=\"index, follow, max-snippet:-1, max-image-preview:large, max-video-preview:-1\" \/>\n<link rel=\"canonical\" href=\"https:\/\/www.malinashop.lt\/lt_lt\/shop\/bade-natural-mens-garage-plauku-ir-barzdos-tonikas-vyrams-150-ml\/\" \/>\n<meta property=\"og:locale\" content=\"lt_LT\" \/>\n<meta property=\"og:type\" content=\"article\" \/>\n<meta property=\"og:title\" content=\"BADE NATURAL MEN\u2019S GARAGE plauk\u0173 ir barzdos tonikas vyrams, 150 ml - MalinaShop.lt J\u016bs\u0173 sveikatai ir gro\u017eiui.\" \/>\n<meta property=\"og:description\" content=\"BADE NATURAL MEN\u2019S GARAGE \u2013 nat\u016bralus plauk\u0173 ir barzdos tonikas vyrams su rozmarinu, alaviju ir pantenoliu. Stiprina, ma\u017eina slinkim\u0105 ir suteikia gaiv\u0173 vyri\u0161k\u0105 aromat\u0105.\" \/>\n<meta property=\"og:url\" content=\"https:\/\/www.malinashop.lt\/lt_lt\/shop\/bade-natural-mens-garage-plauku-ir-barzdos-tonikas-vyrams-150-ml\/\" \/>\n<meta property=\"og:site_name\" content=\"MalinaShop.lt J\u016bs\u0173 sveikatai ir gro\u017eiui.\" \/>\n<meta property=\"article:modified_time\" content=\"2026-04-07T19:18:34+00:00\" \/>\n<meta property=\"og:image\" content=\"https:\/\/www.malinashop.lt\/wp-content\/uploads\/2026\/01\/BADE-NATURAL-MENS-GARAGE-plauku-ir-barzdos-tonikas-vyrams-150-ml.webp\" \/>\n\t<meta property=\"og:image:width\" content=\"768\" \/>\n\t<meta property=\"og:image:height\" content=\"768\" \/>\n\t<meta property=\"og:image:type\" content=\"image\/webp\" \/>\n<meta name=\"twitter:card\" content=\"summary_large_image\" \/>\n<script type=\"application\/ld+json\" class=\"yoast-schema-graph\">{\"@context\":\"https:\\\/\\\/schema.org\",\"@graph\":[{\"@type\":\"WebPage\",\"@id\":\"https:\\\/\\\/www.malinashop.lt\\\/lt_lt\\\/shop\\\/bade-natural-mens-garage-plauku-ir-barzdos-tonikas-vyrams-150-ml\\\/\",\"url\":\"https:\\\/\\\/www.malinashop.lt\\\/lt_lt\\\/shop\\\/bade-natural-mens-garage-plauku-ir-barzdos-tonikas-vyrams-150-ml\\\/\",\"name\":\"BADE NATURAL MEN\u2019S GARAGE plauk\u0173 ir barzdos tonikas vyrams, 150 ml - MalinaShop.lt J\u016bs\u0173 sveikatai ir gro\u017eiui.\",\"isPartOf\":{\"@id\":\"https:\\\/\\\/www.malinashop.lt\\\/#website\"},\"primaryImageOfPage\":{\"@id\":\"https:\\\/\\\/www.malinashop.lt\\\/lt_lt\\\/shop\\\/bade-natural-mens-garage-plauku-ir-barzdos-tonikas-vyrams-150-ml\\\/#primaryimage\"},\"image\":{\"@id\":\"https:\\\/\\\/www.malinashop.lt\\\/lt_lt\\\/shop\\\/bade-natural-mens-garage-plauku-ir-barzdos-tonikas-vyrams-150-ml\\\/#primaryimage\"},\"thumbnailUrl\":\"https:\\\/\\\/www.malinashop.lt\\\/wp-content\\\/uploads\\\/2026\\\/01\\\/BADE-NATURAL-MENS-GARAGE-plauku-ir-barzdos-tonikas-vyrams-150-ml.webp\",\"datePublished\":\"2026-01-08T21:34:35+00:00\",\"dateModified\":\"2026-04-07T19:18:34+00:00\",\"description\":\"BADE NATURAL MEN\u2019S GARAGE \u2013 nat\u016bralus plauk\u0173 ir barzdos tonikas vyrams su rozmarinu, alaviju ir pantenoliu. Stiprina, ma\u017eina slinkim\u0105 ir suteikia gaiv\u0173 vyri\u0161k\u0105 aromat\u0105.\",\"breadcrumb\":{\"@id\":\"https:\\\/\\\/www.malinashop.lt\\\/lt_lt\\\/shop\\\/bade-natural-mens-garage-plauku-ir-barzdos-tonikas-vyrams-150-ml\\\/#breadcrumb\"},\"inLanguage\":\"lt-LT\",\"potentialAction\":[{\"@type\":\"ReadAction\",\"target\":[\"https:\\\/\\\/www.malinashop.lt\\\/lt_lt\\\/shop\\\/bade-natural-mens-garage-plauku-ir-barzdos-tonikas-vyrams-150-ml\\\/\"]}]},{\"@type\":\"ImageObject\",\"inLanguage\":\"lt-LT\",\"@id\":\"https:\\\/\\\/www.malinashop.lt\\\/lt_lt\\\/shop\\\/bade-natural-mens-garage-plauku-ir-barzdos-tonikas-vyrams-150-ml\\\/#primaryimage\",\"url\":\"https:\\\/\\\/www.malinashop.lt\\\/wp-content\\\/uploads\\\/2026\\\/01\\\/BADE-NATURAL-MENS-GARAGE-plauku-ir-barzdos-tonikas-vyrams-150-ml.webp\",\"contentUrl\":\"https:\\\/\\\/www.malinashop.lt\\\/wp-content\\\/uploads\\\/2026\\\/01\\\/BADE-NATURAL-MENS-GARAGE-plauku-ir-barzdos-tonikas-vyrams-150-ml.webp\",\"width\":768,\"height\":768},{\"@type\":\"BreadcrumbList\",\"@id\":\"https:\\\/\\\/www.malinashop.lt\\\/lt_lt\\\/shop\\\/bade-natural-mens-garage-plauku-ir-barzdos-tonikas-vyrams-150-ml\\\/#breadcrumb\",\"itemListElement\":[{\"@type\":\"ListItem\",\"position\":1,\"name\":\"Pagrindinis\",\"item\":\"https:\\\/\\\/www.malinashop.lt\\\/\"},{\"@type\":\"ListItem\",\"position\":2,\"name\":\"Parduotuv\u0117\",\"item\":\"https:\\\/\\\/www.malinashop.lt\\\/en\\\/parduotuve\\\/\"},{\"@type\":\"ListItem\",\"position\":3,\"name\":\"BADE NATURAL MEN\u2019S GARAGE plauk\u0173 ir barzdos tonikas vyrams, 150 ml\"}]},{\"@type\":\"WebSite\",\"@id\":\"https:\\\/\\\/www.malinashop.lt\\\/#website\",\"url\":\"https:\\\/\\\/www.malinashop.lt\\\/\",\"name\":\"COM Group Ecommerce\",\"description\":\"MalinaShop.lt - Gro\u017eio ir sveikatos produktai i\u0161 patikim\u0173 preki\u0173 \u017eenkl\u0173. Atraskite auk\u0161tos kokyb\u0117s kosmetik\u0105 u\u017e puiki\u0105 kain\u0105.\",\"publisher\":{\"@id\":\"https:\\\/\\\/www.malinashop.lt\\\/#organization\"},\"potentialAction\":[{\"@type\":\"SearchAction\",\"target\":{\"@type\":\"EntryPoint\",\"urlTemplate\":\"https:\\\/\\\/www.malinashop.lt\\\/?s={search_term_string}\"},\"query-input\":{\"@type\":\"PropertyValueSpecification\",\"valueRequired\":true,\"valueName\":\"search_term_string\"}}],\"inLanguage\":\"lt-LT\"},{\"@type\":\"Organization\",\"@id\":\"https:\\\/\\\/www.malinashop.lt\\\/#organization\",\"name\":\"COM Group Ecommerce\",\"url\":\"https:\\\/\\\/www.malinashop.lt\\\/\",\"logo\":{\"@type\":\"ImageObject\",\"inLanguage\":\"lt-LT\",\"@id\":\"https:\\\/\\\/www.malinashop.lt\\\/#\\\/schema\\\/logo\\\/image\\\/\",\"url\":\"https:\\\/\\\/www.malinashop.lt\\\/wp-content\\\/uploads\\\/2024\\\/08\\\/462559670_3787732518133670_9795632669273463_n-e1731525914575.png\",\"contentUrl\":\"https:\\\/\\\/www.malinashop.lt\\\/wp-content\\\/uploads\\\/2024\\\/08\\\/462559670_3787732518133670_9795632669273463_n-e1731525914575.png\",\"width\":180,\"height\":60,\"caption\":\"COM Group Ecommerce\"},\"image\":{\"@id\":\"https:\\\/\\\/www.malinashop.lt\\\/#\\\/schema\\\/logo\\\/image\\\/\"}}]}<\/script>\n<!-- \/ Yoast SEO plugin. -->","yoast_head_json":{"title":"BADE NATURAL MEN\u2019S GARAGE plauk\u0173 ir barzdos tonikas vyrams, 150 ml - MalinaShop.lt J\u016bs\u0173 sveikatai ir gro\u017eiui.","description":"BADE NATURAL MEN\u2019S GARAGE \u2013 nat\u016bralus plauk\u0173 ir barzdos tonikas vyrams su rozmarinu, alaviju ir pantenoliu. Stiprina, ma\u017eina slinkim\u0105 ir suteikia gaiv\u0173 vyri\u0161k\u0105 aromat\u0105.","robots":{"index":"index","follow":"follow","max-snippet":"max-snippet:-1","max-image-preview":"max-image-preview:large","max-video-preview":"max-video-preview:-1"},"canonical":"https:\/\/www.malinashop.lt\/lt_lt\/shop\/bade-natural-mens-garage-plauku-ir-barzdos-tonikas-vyrams-150-ml\/","og_locale":"lt_LT","og_type":"article","og_title":"BADE NATURAL MEN\u2019S GARAGE plauk\u0173 ir barzdos tonikas vyrams, 150 ml - MalinaShop.lt J\u016bs\u0173 sveikatai ir gro\u017eiui.","og_description":"BADE NATURAL MEN\u2019S GARAGE \u2013 nat\u016bralus plauk\u0173 ir barzdos tonikas vyrams su rozmarinu, alaviju ir pantenoliu. Stiprina, ma\u017eina slinkim\u0105 ir suteikia gaiv\u0173 vyri\u0161k\u0105 aromat\u0105.","og_url":"https:\/\/www.malinashop.lt\/lt_lt\/shop\/bade-natural-mens-garage-plauku-ir-barzdos-tonikas-vyrams-150-ml\/","og_site_name":"MalinaShop.lt J\u016bs\u0173 sveikatai ir gro\u017eiui.","article_modified_time":"2026-04-07T19:18:34+00:00","og_image":[{"width":768,"height":768,"url":"https:\/\/www.malinashop.lt\/wp-content\/uploads\/2026\/01\/BADE-NATURAL-MENS-GARAGE-plauku-ir-barzdos-tonikas-vyrams-150-ml.webp","type":"image\/webp"}],"twitter_card":"summary_large_image","schema":{"@context":"https:\/\/schema.org","@graph":[{"@type":"WebPage","@id":"https:\/\/www.malinashop.lt\/lt_lt\/shop\/bade-natural-mens-garage-plauku-ir-barzdos-tonikas-vyrams-150-ml\/","url":"https:\/\/www.malinashop.lt\/lt_lt\/shop\/bade-natural-mens-garage-plauku-ir-barzdos-tonikas-vyrams-150-ml\/","name":"BADE NATURAL MEN\u2019S GARAGE plauk\u0173 ir barzdos tonikas vyrams, 150 ml - MalinaShop.lt J\u016bs\u0173 sveikatai ir gro\u017eiui.","isPartOf":{"@id":"https:\/\/www.malinashop.lt\/#website"},"primaryImageOfPage":{"@id":"https:\/\/www.malinashop.lt\/lt_lt\/shop\/bade-natural-mens-garage-plauku-ir-barzdos-tonikas-vyrams-150-ml\/#primaryimage"},"image":{"@id":"https:\/\/www.malinashop.lt\/lt_lt\/shop\/bade-natural-mens-garage-plauku-ir-barzdos-tonikas-vyrams-150-ml\/#primaryimage"},"thumbnailUrl":"https:\/\/www.malinashop.lt\/wp-content\/uploads\/2026\/01\/BADE-NATURAL-MENS-GARAGE-plauku-ir-barzdos-tonikas-vyrams-150-ml.webp","datePublished":"2026-01-08T21:34:35+00:00","dateModified":"2026-04-07T19:18:34+00:00","description":"BADE NATURAL MEN\u2019S GARAGE \u2013 nat\u016bralus plauk\u0173 ir barzdos tonikas vyrams su rozmarinu, alaviju ir pantenoliu. Stiprina, ma\u017eina slinkim\u0105 ir suteikia gaiv\u0173 vyri\u0161k\u0105 aromat\u0105.","breadcrumb":{"@id":"https:\/\/www.malinashop.lt\/lt_lt\/shop\/bade-natural-mens-garage-plauku-ir-barzdos-tonikas-vyrams-150-ml\/#breadcrumb"},"inLanguage":"lt-LT","potentialAction":[{"@type":"ReadAction","target":["https:\/\/www.malinashop.lt\/lt_lt\/shop\/bade-natural-mens-garage-plauku-ir-barzdos-tonikas-vyrams-150-ml\/"]}]},{"@type":"ImageObject","inLanguage":"lt-LT","@id":"https:\/\/www.malinashop.lt\/lt_lt\/shop\/bade-natural-mens-garage-plauku-ir-barzdos-tonikas-vyrams-150-ml\/#primaryimage","url":"https:\/\/www.malinashop.lt\/wp-content\/uploads\/2026\/01\/BADE-NATURAL-MENS-GARAGE-plauku-ir-barzdos-tonikas-vyrams-150-ml.webp","contentUrl":"https:\/\/www.malinashop.lt\/wp-content\/uploads\/2026\/01\/BADE-NATURAL-MENS-GARAGE-plauku-ir-barzdos-tonikas-vyrams-150-ml.webp","width":768,"height":768},{"@type":"BreadcrumbList","@id":"https:\/\/www.malinashop.lt\/lt_lt\/shop\/bade-natural-mens-garage-plauku-ir-barzdos-tonikas-vyrams-150-ml\/#breadcrumb","itemListElement":[{"@type":"ListItem","position":1,"name":"Pagrindinis","item":"https:\/\/www.malinashop.lt\/"},{"@type":"ListItem","position":2,"name":"Parduotuv\u0117","item":"https:\/\/www.malinashop.lt\/en\/parduotuve\/"},{"@type":"ListItem","position":3,"name":"BADE NATURAL MEN\u2019S GARAGE plauk\u0173 ir barzdos tonikas vyrams, 150 ml"}]},{"@type":"WebSite","@id":"https:\/\/www.malinashop.lt\/#website","url":"https:\/\/www.malinashop.lt\/","name":"COM Group Ecommerce","description":"MalinaShop.lt - Gro\u017eio ir sveikatos produktai i\u0161 patikim\u0173 preki\u0173 \u017eenkl\u0173. Atraskite auk\u0161tos kokyb\u0117s kosmetik\u0105 u\u017e puiki\u0105 kain\u0105.","publisher":{"@id":"https:\/\/www.malinashop.lt\/#organization"},"potentialAction":[{"@type":"SearchAction","target":{"@type":"EntryPoint","urlTemplate":"https:\/\/www.malinashop.lt\/?s={search_term_string}"},"query-input":{"@type":"PropertyValueSpecification","valueRequired":true,"valueName":"search_term_string"}}],"inLanguage":"lt-LT"},{"@type":"Organization","@id":"https:\/\/www.malinashop.lt\/#organization","name":"COM Group Ecommerce","url":"https:\/\/www.malinashop.lt\/","logo":{"@type":"ImageObject","inLanguage":"lt-LT","@id":"https:\/\/www.malinashop.lt\/#\/schema\/logo\/image\/","url":"https:\/\/www.malinashop.lt\/wp-content\/uploads\/2024\/08\/462559670_3787732518133670_9795632669273463_n-e1731525914575.png","contentUrl":"https:\/\/www.malinashop.lt\/wp-content\/uploads\/2024\/08\/462559670_3787732518133670_9795632669273463_n-e1731525914575.png","width":180,"height":60,"caption":"COM Group Ecommerce"},"image":{"@id":"https:\/\/www.malinashop.lt\/#\/schema\/logo\/image\/"}}]}},"jetpack_sharing_enabled":true,"_links":{"self":[{"href":"https:\/\/www.malinashop.lt\/lt_lt\/wp-json\/wp\/v2\/product\/73077","targetHints":{"allow":["GET"]}}],"collection":[{"href":"https:\/\/www.malinashop.lt\/lt_lt\/wp-json\/wp\/v2\/product"}],"about":[{"href":"https:\/\/www.malinashop.lt\/lt_lt\/wp-json\/wp\/v2\/types\/product"}],"version-history":[{"count":1,"href":"https:\/\/www.malinashop.lt\/lt_lt\/wp-json\/wp\/v2\/product\/73077\/revisions"}],"predecessor-version":[{"id":73079,"href":"https:\/\/www.malinashop.lt\/lt_lt\/wp-json\/wp\/v2\/product\/73077\/revisions\/73079"}],"wp:featuredmedia":[{"embeddable":true,"href":"https:\/\/www.malinashop.lt\/lt_lt\/wp-json\/wp\/v2\/media\/73078"}],"wp:attachment":[{"href":"https:\/\/www.malinashop.lt\/lt_lt\/wp-json\/wp\/v2\/media?parent=73077"}],"wp:term":[{"taxonomy":"product_brand","embeddable":true,"href":"https:\/\/www.malinashop.lt\/lt_lt\/wp-json\/wp\/v2\/product_brand?post=73077"},{"taxonomy":"product_cat","embeddable":true,"href":"https:\/\/www.malinashop.lt\/lt_lt\/wp-json\/wp\/v2\/product_cat?post=73077"},{"taxonomy":"product_tag","embeddable":true,"href":"https:\/\/www.malinashop.lt\/lt_lt\/wp-json\/wp\/v2\/product_tag?post=73077"}],"curies":[{"name":"wp","href":"https:\/\/api.w.org\/{rel}","templated":true}]}}