{"id":73072,"date":"2026-01-09T00:31:17","date_gmt":"2026-01-08T21:31:17","guid":{"rendered":"https:\/\/malinashop.lt\/?post_type=product&#038;p=73072"},"modified":"2026-04-07T22:18:35","modified_gmt":"2026-04-07T19:18:35","slug":"bade-natural-pure-rosemary-water-plauku-tonikas-su-rozmarinu-100-ml","status":"publish","type":"product","link":"https:\/\/www.malinashop.lt\/lt_lt\/shop\/bade-natural-pure-rosemary-water-plauku-tonikas-su-rozmarinu-100-ml\/","title":{"rendered":"BADE NATURAL PURE ROSEMARY WATER plauk\u0173 tonikas su rozmarinu, 100 ml"},"content":{"rendered":"<p data-start=\"345\" data-end=\"671\">BADE NATURAL <strong data-start=\"381\" data-end=\"404\">PURE ROSEMARY WATER<\/strong> \u2013 tai nat\u016bralus, stiprinamasis <strong data-start=\"436\" data-end=\"467\">plauk\u0173 tonikas su rozmarinu<\/strong>, sukurtas susilpn\u0117jusiai, pavargusiai galvos odai ir slinkti linkusiems plaukams. \u0160i priemon\u0117 intensyviai <strong data-start=\"574\" data-end=\"598\">puosel\u0117ja galvos od\u0105<\/strong>, j\u0105 dr\u0117kina ir maitina, o kartu padeda i\u0161laikyti sveikesn\u0119 plauk\u0173 b\u016bkl\u0119.<\/p>\n<p data-start=\"673\" data-end=\"780\">Rozmarinas \u2013 vienas seniausiai naudojam\u0173 augal\u0173 plauk\u0173 prie\u017ei\u016bros ritualuose. Nat\u016bralus rozmarin\u0173 vanduo:<\/p>\n<ul data-start=\"781\" data-end=\"933\">\n<li data-start=\"781\" data-end=\"820\">\n<p data-start=\"783\" data-end=\"820\">padeda <strong data-start=\"790\" data-end=\"817\">ma\u017einti plauk\u0173 slinkim\u0105<\/strong>,<\/p>\n<\/li>\n<li data-start=\"821\" data-end=\"863\">\n<p data-start=\"823\" data-end=\"863\">palaiko \u0161varesn\u0119, gaivesn\u0119 galvos od\u0105,<\/p>\n<\/li>\n<li data-start=\"864\" data-end=\"933\">\n<p data-start=\"866\" data-end=\"933\">suteikia plaukams <strong data-start=\"884\" data-end=\"930\">daugiau \u017evilgesio, \u0161velnumo ir gyvybingumo<\/strong>.<\/p>\n<\/li>\n<\/ul>\n<p data-start=\"935\" data-end=\"1105\">D\u0117l sud\u0117tyje esan\u010di\u0173 <strong data-start=\"956\" data-end=\"986\">stipri\u0173 fenolini\u0173 jungini\u0173<\/strong>, rozmarinas padeda <strong data-start=\"1006\" data-end=\"1059\">stiprinti galvos od\u0105 ir maitinti plauk\u0173 folikulus<\/strong>, tod\u0117l reguliariai naudojant plaukai tampa:<\/p>\n<ul data-start=\"1106\" data-end=\"1231\">\n<li data-start=\"1106\" data-end=\"1146\">\n<p data-start=\"1108\" data-end=\"1146\">vizualiai <strong data-start=\"1118\" data-end=\"1143\">tankesni ir stipresni<\/strong>,<\/p>\n<\/li>\n<li data-start=\"1147\" data-end=\"1189\">\n<p data-start=\"1149\" data-end=\"1189\">elastingesni ir ma\u017eiau link\u0119 l\u016b\u017ein\u0117ti,<\/p>\n<\/li>\n<li data-start=\"1190\" data-end=\"1231\">\n<p data-start=\"1192\" data-end=\"1231\">gaunantys daugiau nat\u016bralaus spindesio.<\/p>\n<\/li>\n<\/ul>\n<p data-start=\"1233\" data-end=\"1292\"><strong data-start=\"1233\" data-end=\"1290\">Kod\u0117l verta rinktis BADE NATURAL PURE ROSEMARY WATER?<\/strong><\/p>\n<ul data-start=\"1293\" data-end=\"1668\">\n<li data-start=\"1293\" data-end=\"1356\">\n<p data-start=\"1295\" data-end=\"1356\"><strong data-start=\"1295\" data-end=\"1330\">100 % nat\u016brali ir gryna sud\u0117tis<\/strong> \u2013 be sintetini\u0173 pried\u0173;<\/p>\n<\/li>\n<li data-start=\"1357\" data-end=\"1414\">\n<p data-start=\"1359\" data-end=\"1414\">Maitina ir <strong data-start=\"1370\" data-end=\"1393\">stiprina galvos od\u0105<\/strong> bei plauk\u0173 \u0161aknis;<\/p>\n<\/li>\n<li data-start=\"1415\" data-end=\"1461\">\n<p data-start=\"1417\" data-end=\"1461\">Padeda <strong data-start=\"1424\" data-end=\"1458\">ma\u017einti pleiskanas ir slinkim\u0105<\/strong>;<\/p>\n<\/li>\n<li data-start=\"1462\" data-end=\"1518\">\n<p data-start=\"1464\" data-end=\"1518\">Suteikia plaukams <strong data-start=\"1482\" data-end=\"1515\">\u017evilgesio, \u0161velnumo ir gaivos<\/strong>;<\/p>\n<\/li>\n<li data-start=\"1519\" data-end=\"1586\">\n<p data-start=\"1521\" data-end=\"1586\"><strong data-start=\"1521\" data-end=\"1545\">Vegani\u0161kas produktas<\/strong>, be alkoholio ir vandenilio peroksido;<\/p>\n<\/li>\n<li data-start=\"1587\" data-end=\"1668\">\n<p data-start=\"1589\" data-end=\"1668\">Tvari <strong data-start=\"1595\" data-end=\"1622\">100 ml stiklin\u0117 pakuot\u0117<\/strong> su patogiu, atsukamu ir papildomu pur\u0161kikliu.<\/p>\n<\/li>\n<\/ul>\n<p data-start=\"1670\" data-end=\"1869\">BADE NATURAL priemon\u0117s gaminamos i\u0161 <strong data-start=\"1706\" data-end=\"1766\">100 % nat\u016brali\u0173 \u017ealiav\u0173 ir 100 % gryn\u0173j\u0173 eterini\u0173 aliej\u0173<\/strong>, yra draugi\u0161kos aplinkai, saugios ir \u0161velnios odai \u2013 puikus pasirinkimas s\u0105moningai plauk\u0173 prie\u017ei\u016brai.<\/p>\n<p data-start=\"1871\" data-end=\"1887\"><strong data-start=\"1871\" data-end=\"1885\">Naudojimas<\/strong><\/p>\n<ul data-start=\"1888\" data-end=\"2206\">\n<li data-start=\"1888\" data-end=\"1981\">\n<p data-start=\"1890\" data-end=\"1981\">Pur\u0161kite tonik\u0105 <strong data-start=\"1906\" data-end=\"1933\">ant \u0161vari\u0173 plauk\u0173 \u0161akn\u0173<\/strong> ir, jei norite, ant plauk\u0173 ilgio bei galiuk\u0173.<\/p>\n<\/li>\n<li data-start=\"1982\" data-end=\"2101\">\n<p data-start=\"1984\" data-end=\"2101\">\u0160velniai <strong data-start=\"1993\" data-end=\"2022\">\u012fmasa\u017euokite \u012f galvos od\u0105<\/strong>, kad suaktyvintum\u0117te kraujotak\u0105 ir stipresn\u012f veikli\u0173j\u0173 med\u017eiag\u0173 \u012fsisavinim\u0105.<\/p>\n<\/li>\n<li data-start=\"2102\" data-end=\"2121\">\n<p data-start=\"2104\" data-end=\"2121\">Nenuskalaukite.<\/p>\n<\/li>\n<li data-start=\"2122\" data-end=\"2206\">\n<p data-start=\"2124\" data-end=\"2206\">Rekomenduojama naudoti <strong data-start=\"2147\" data-end=\"2162\">reguliariai<\/strong>, kelis kartus per savait\u0119 ar pagal poreik\u012f.<\/p>\n<\/li>\n<\/ul>\n","protected":false},"excerpt":{"rendered":"<p>BADE NATURAL PURE ROSEMARY WATER \u2013 100 % nat\u016bralus stiprinamasis plauk\u0173 tonikas su rozmarinu. Maitina ir gaivina galvos od\u0105, ma\u017eina slinkim\u0105 ir pleiskanas, suteikia plaukams \u017evilgesio bei gyvybingumo.<\/p>\n","protected":false},"featured_media":73075,"template":"","meta":[],"product_brand":[1571],"product_cat":[711,518],"product_tag":[1592],"class_list":{"0":"post-73072","1":"product","2":"type-product","3":"status-publish","4":"has-post-thumbnail","6":"product_brand-bade-natural","7":"product_cat-plaukams","8":"product_cat-plauku-lakai-putos-vaskas-ir-kitos-priemones","9":"product_tag-bade-natural","11":"first","12":"instock","13":"sale","14":"taxable","15":"shipping-taxable","16":"purchasable","17":"product-type-simple"},"yoast_head":"<!-- This site is optimized with the Yoast SEO plugin v27.4 - https:\/\/yoast.com\/product\/yoast-seo-wordpress\/ -->\n<title>BADE NATURAL PURE ROSEMARY WATER plauk\u0173 tonikas su rozmarinu, 100 ml - MalinaShop.lt J\u016bs\u0173 sveikatai ir gro\u017eiui.<\/title>\n<meta name=\"description\" content=\"BADE NATURAL PURE ROSEMARY WATER \u2013 nat\u016bralus rozmarino plauk\u0173 tonikas, stiprina \u0161aknis, ma\u017eina slinkim\u0105 ir pleiskanas, suteikia \u017evilgesio. Vegani\u0161kas, be alkoholio.\" \/>\n<meta name=\"robots\" content=\"index, follow, max-snippet:-1, max-image-preview:large, max-video-preview:-1\" \/>\n<link rel=\"canonical\" href=\"https:\/\/www.malinashop.lt\/lt_lt\/shop\/bade-natural-pure-rosemary-water-plauku-tonikas-su-rozmarinu-100-ml\/\" \/>\n<meta property=\"og:locale\" content=\"lt_LT\" \/>\n<meta property=\"og:type\" content=\"article\" \/>\n<meta property=\"og:title\" content=\"BADE NATURAL PURE ROSEMARY WATER plauk\u0173 tonikas su rozmarinu, 100 ml - MalinaShop.lt J\u016bs\u0173 sveikatai ir gro\u017eiui.\" \/>\n<meta property=\"og:description\" content=\"BADE NATURAL PURE ROSEMARY WATER \u2013 nat\u016bralus rozmarino plauk\u0173 tonikas, stiprina \u0161aknis, ma\u017eina slinkim\u0105 ir pleiskanas, suteikia \u017evilgesio. Vegani\u0161kas, be alkoholio.\" \/>\n<meta property=\"og:url\" content=\"https:\/\/www.malinashop.lt\/lt_lt\/shop\/bade-natural-pure-rosemary-water-plauku-tonikas-su-rozmarinu-100-ml\/\" \/>\n<meta property=\"og:site_name\" content=\"MalinaShop.lt J\u016bs\u0173 sveikatai ir gro\u017eiui.\" \/>\n<meta property=\"article:modified_time\" content=\"2026-04-07T19:18:35+00:00\" \/>\n<meta property=\"og:image\" content=\"https:\/\/www.malinashop.lt\/wp-content\/uploads\/2026\/01\/BADE-NATURAL-PURE-ROSEMARY-WATER-plauku-tonikas-su-rozmarinu-100-ml.webp\" \/>\n\t<meta property=\"og:image:width\" content=\"768\" \/>\n\t<meta property=\"og:image:height\" content=\"768\" \/>\n\t<meta property=\"og:image:type\" content=\"image\/webp\" \/>\n<meta name=\"twitter:card\" content=\"summary_large_image\" \/>\n<script type=\"application\/ld+json\" class=\"yoast-schema-graph\">{\"@context\":\"https:\\\/\\\/schema.org\",\"@graph\":[{\"@type\":\"WebPage\",\"@id\":\"https:\\\/\\\/www.malinashop.lt\\\/en\\\/shop\\\/bade-natural-pure-rosemary-water-plauku-tonikas-su-rozmarinu-100-ml\\\/\",\"url\":\"https:\\\/\\\/www.malinashop.lt\\\/en\\\/shop\\\/bade-natural-pure-rosemary-water-plauku-tonikas-su-rozmarinu-100-ml\\\/\",\"name\":\"BADE NATURAL PURE ROSEMARY WATER plauk\u0173 tonikas su rozmarinu, 100 ml - MalinaShop.lt J\u016bs\u0173 sveikatai ir gro\u017eiui.\",\"isPartOf\":{\"@id\":\"https:\\\/\\\/www.malinashop.lt\\\/#website\"},\"primaryImageOfPage\":{\"@id\":\"https:\\\/\\\/www.malinashop.lt\\\/en\\\/shop\\\/bade-natural-pure-rosemary-water-plauku-tonikas-su-rozmarinu-100-ml\\\/#primaryimage\"},\"image\":{\"@id\":\"https:\\\/\\\/www.malinashop.lt\\\/en\\\/shop\\\/bade-natural-pure-rosemary-water-plauku-tonikas-su-rozmarinu-100-ml\\\/#primaryimage\"},\"thumbnailUrl\":\"https:\\\/\\\/www.malinashop.lt\\\/wp-content\\\/uploads\\\/2026\\\/01\\\/BADE-NATURAL-PURE-ROSEMARY-WATER-plauku-tonikas-su-rozmarinu-100-ml.webp\",\"datePublished\":\"2026-01-08T21:31:17+00:00\",\"dateModified\":\"2026-04-07T19:18:35+00:00\",\"description\":\"BADE NATURAL PURE ROSEMARY WATER \u2013 nat\u016bralus rozmarino plauk\u0173 tonikas, stiprina \u0161aknis, ma\u017eina slinkim\u0105 ir pleiskanas, suteikia \u017evilgesio. Vegani\u0161kas, be alkoholio.\",\"breadcrumb\":{\"@id\":\"https:\\\/\\\/www.malinashop.lt\\\/en\\\/shop\\\/bade-natural-pure-rosemary-water-plauku-tonikas-su-rozmarinu-100-ml\\\/#breadcrumb\"},\"inLanguage\":\"lt-LT\",\"potentialAction\":[{\"@type\":\"ReadAction\",\"target\":[\"https:\\\/\\\/www.malinashop.lt\\\/en\\\/shop\\\/bade-natural-pure-rosemary-water-plauku-tonikas-su-rozmarinu-100-ml\\\/\"]}]},{\"@type\":\"ImageObject\",\"inLanguage\":\"lt-LT\",\"@id\":\"https:\\\/\\\/www.malinashop.lt\\\/en\\\/shop\\\/bade-natural-pure-rosemary-water-plauku-tonikas-su-rozmarinu-100-ml\\\/#primaryimage\",\"url\":\"https:\\\/\\\/www.malinashop.lt\\\/wp-content\\\/uploads\\\/2026\\\/01\\\/BADE-NATURAL-PURE-ROSEMARY-WATER-plauku-tonikas-su-rozmarinu-100-ml.webp\",\"contentUrl\":\"https:\\\/\\\/www.malinashop.lt\\\/wp-content\\\/uploads\\\/2026\\\/01\\\/BADE-NATURAL-PURE-ROSEMARY-WATER-plauku-tonikas-su-rozmarinu-100-ml.webp\",\"width\":768,\"height\":768},{\"@type\":\"BreadcrumbList\",\"@id\":\"https:\\\/\\\/www.malinashop.lt\\\/en\\\/shop\\\/bade-natural-pure-rosemary-water-plauku-tonikas-su-rozmarinu-100-ml\\\/#breadcrumb\",\"itemListElement\":[{\"@type\":\"ListItem\",\"position\":1,\"name\":\"Pagrindinis\",\"item\":\"https:\\\/\\\/www.malinashop.lt\\\/\"},{\"@type\":\"ListItem\",\"position\":2,\"name\":\"Parduotuv\u0117\",\"item\":\"https:\\\/\\\/www.malinashop.lt\\\/en\\\/parduotuve\\\/\"},{\"@type\":\"ListItem\",\"position\":3,\"name\":\"BADE NATURAL PURE ROSEMARY WATER plauk\u0173 tonikas su rozmarinu, 100 ml\"}]},{\"@type\":\"WebSite\",\"@id\":\"https:\\\/\\\/www.malinashop.lt\\\/#website\",\"url\":\"https:\\\/\\\/www.malinashop.lt\\\/\",\"name\":\"COM Group Ecommerce\",\"description\":\"MalinaShop.lt - Gro\u017eio ir sveikatos produktai i\u0161 patikim\u0173 preki\u0173 \u017eenkl\u0173. Atraskite auk\u0161tos kokyb\u0117s kosmetik\u0105 u\u017e puiki\u0105 kain\u0105.\",\"publisher\":{\"@id\":\"https:\\\/\\\/www.malinashop.lt\\\/#organization\"},\"potentialAction\":[{\"@type\":\"SearchAction\",\"target\":{\"@type\":\"EntryPoint\",\"urlTemplate\":\"https:\\\/\\\/www.malinashop.lt\\\/?s={search_term_string}\"},\"query-input\":{\"@type\":\"PropertyValueSpecification\",\"valueRequired\":true,\"valueName\":\"search_term_string\"}}],\"inLanguage\":\"lt-LT\"},{\"@type\":\"Organization\",\"@id\":\"https:\\\/\\\/www.malinashop.lt\\\/#organization\",\"name\":\"COM Group Ecommerce\",\"url\":\"https:\\\/\\\/www.malinashop.lt\\\/\",\"logo\":{\"@type\":\"ImageObject\",\"inLanguage\":\"lt-LT\",\"@id\":\"https:\\\/\\\/www.malinashop.lt\\\/#\\\/schema\\\/logo\\\/image\\\/\",\"url\":\"https:\\\/\\\/www.malinashop.lt\\\/wp-content\\\/uploads\\\/2024\\\/08\\\/462559670_3787732518133670_9795632669273463_n-e1731525914575.png\",\"contentUrl\":\"https:\\\/\\\/www.malinashop.lt\\\/wp-content\\\/uploads\\\/2024\\\/08\\\/462559670_3787732518133670_9795632669273463_n-e1731525914575.png\",\"width\":180,\"height\":60,\"caption\":\"COM Group Ecommerce\"},\"image\":{\"@id\":\"https:\\\/\\\/www.malinashop.lt\\\/#\\\/schema\\\/logo\\\/image\\\/\"}}]}<\/script>\n<!-- \/ Yoast SEO plugin. -->","yoast_head_json":{"title":"BADE NATURAL PURE ROSEMARY WATER plauk\u0173 tonikas su rozmarinu, 100 ml - MalinaShop.lt J\u016bs\u0173 sveikatai ir gro\u017eiui.","description":"BADE NATURAL PURE ROSEMARY WATER \u2013 nat\u016bralus rozmarino plauk\u0173 tonikas, stiprina \u0161aknis, ma\u017eina slinkim\u0105 ir pleiskanas, suteikia \u017evilgesio. Vegani\u0161kas, be alkoholio.","robots":{"index":"index","follow":"follow","max-snippet":"max-snippet:-1","max-image-preview":"max-image-preview:large","max-video-preview":"max-video-preview:-1"},"canonical":"https:\/\/www.malinashop.lt\/lt_lt\/shop\/bade-natural-pure-rosemary-water-plauku-tonikas-su-rozmarinu-100-ml\/","og_locale":"lt_LT","og_type":"article","og_title":"BADE NATURAL PURE ROSEMARY WATER plauk\u0173 tonikas su rozmarinu, 100 ml - MalinaShop.lt J\u016bs\u0173 sveikatai ir gro\u017eiui.","og_description":"BADE NATURAL PURE ROSEMARY WATER \u2013 nat\u016bralus rozmarino plauk\u0173 tonikas, stiprina \u0161aknis, ma\u017eina slinkim\u0105 ir pleiskanas, suteikia \u017evilgesio. Vegani\u0161kas, be alkoholio.","og_url":"https:\/\/www.malinashop.lt\/lt_lt\/shop\/bade-natural-pure-rosemary-water-plauku-tonikas-su-rozmarinu-100-ml\/","og_site_name":"MalinaShop.lt J\u016bs\u0173 sveikatai ir gro\u017eiui.","article_modified_time":"2026-04-07T19:18:35+00:00","og_image":[{"width":768,"height":768,"url":"https:\/\/www.malinashop.lt\/wp-content\/uploads\/2026\/01\/BADE-NATURAL-PURE-ROSEMARY-WATER-plauku-tonikas-su-rozmarinu-100-ml.webp","type":"image\/webp"}],"twitter_card":"summary_large_image","schema":{"@context":"https:\/\/schema.org","@graph":[{"@type":"WebPage","@id":"https:\/\/www.malinashop.lt\/en\/shop\/bade-natural-pure-rosemary-water-plauku-tonikas-su-rozmarinu-100-ml\/","url":"https:\/\/www.malinashop.lt\/en\/shop\/bade-natural-pure-rosemary-water-plauku-tonikas-su-rozmarinu-100-ml\/","name":"BADE NATURAL PURE ROSEMARY WATER plauk\u0173 tonikas su rozmarinu, 100 ml - MalinaShop.lt J\u016bs\u0173 sveikatai ir gro\u017eiui.","isPartOf":{"@id":"https:\/\/www.malinashop.lt\/#website"},"primaryImageOfPage":{"@id":"https:\/\/www.malinashop.lt\/en\/shop\/bade-natural-pure-rosemary-water-plauku-tonikas-su-rozmarinu-100-ml\/#primaryimage"},"image":{"@id":"https:\/\/www.malinashop.lt\/en\/shop\/bade-natural-pure-rosemary-water-plauku-tonikas-su-rozmarinu-100-ml\/#primaryimage"},"thumbnailUrl":"https:\/\/www.malinashop.lt\/wp-content\/uploads\/2026\/01\/BADE-NATURAL-PURE-ROSEMARY-WATER-plauku-tonikas-su-rozmarinu-100-ml.webp","datePublished":"2026-01-08T21:31:17+00:00","dateModified":"2026-04-07T19:18:35+00:00","description":"BADE NATURAL PURE ROSEMARY WATER \u2013 nat\u016bralus rozmarino plauk\u0173 tonikas, stiprina \u0161aknis, ma\u017eina slinkim\u0105 ir pleiskanas, suteikia \u017evilgesio. Vegani\u0161kas, be alkoholio.","breadcrumb":{"@id":"https:\/\/www.malinashop.lt\/en\/shop\/bade-natural-pure-rosemary-water-plauku-tonikas-su-rozmarinu-100-ml\/#breadcrumb"},"inLanguage":"lt-LT","potentialAction":[{"@type":"ReadAction","target":["https:\/\/www.malinashop.lt\/en\/shop\/bade-natural-pure-rosemary-water-plauku-tonikas-su-rozmarinu-100-ml\/"]}]},{"@type":"ImageObject","inLanguage":"lt-LT","@id":"https:\/\/www.malinashop.lt\/en\/shop\/bade-natural-pure-rosemary-water-plauku-tonikas-su-rozmarinu-100-ml\/#primaryimage","url":"https:\/\/www.malinashop.lt\/wp-content\/uploads\/2026\/01\/BADE-NATURAL-PURE-ROSEMARY-WATER-plauku-tonikas-su-rozmarinu-100-ml.webp","contentUrl":"https:\/\/www.malinashop.lt\/wp-content\/uploads\/2026\/01\/BADE-NATURAL-PURE-ROSEMARY-WATER-plauku-tonikas-su-rozmarinu-100-ml.webp","width":768,"height":768},{"@type":"BreadcrumbList","@id":"https:\/\/www.malinashop.lt\/en\/shop\/bade-natural-pure-rosemary-water-plauku-tonikas-su-rozmarinu-100-ml\/#breadcrumb","itemListElement":[{"@type":"ListItem","position":1,"name":"Pagrindinis","item":"https:\/\/www.malinashop.lt\/"},{"@type":"ListItem","position":2,"name":"Parduotuv\u0117","item":"https:\/\/www.malinashop.lt\/en\/parduotuve\/"},{"@type":"ListItem","position":3,"name":"BADE NATURAL PURE ROSEMARY WATER plauk\u0173 tonikas su rozmarinu, 100 ml"}]},{"@type":"WebSite","@id":"https:\/\/www.malinashop.lt\/#website","url":"https:\/\/www.malinashop.lt\/","name":"COM Group Ecommerce","description":"MalinaShop.lt - Gro\u017eio ir sveikatos produktai i\u0161 patikim\u0173 preki\u0173 \u017eenkl\u0173. Atraskite auk\u0161tos kokyb\u0117s kosmetik\u0105 u\u017e puiki\u0105 kain\u0105.","publisher":{"@id":"https:\/\/www.malinashop.lt\/#organization"},"potentialAction":[{"@type":"SearchAction","target":{"@type":"EntryPoint","urlTemplate":"https:\/\/www.malinashop.lt\/?s={search_term_string}"},"query-input":{"@type":"PropertyValueSpecification","valueRequired":true,"valueName":"search_term_string"}}],"inLanguage":"lt-LT"},{"@type":"Organization","@id":"https:\/\/www.malinashop.lt\/#organization","name":"COM Group Ecommerce","url":"https:\/\/www.malinashop.lt\/","logo":{"@type":"ImageObject","inLanguage":"lt-LT","@id":"https:\/\/www.malinashop.lt\/#\/schema\/logo\/image\/","url":"https:\/\/www.malinashop.lt\/wp-content\/uploads\/2024\/08\/462559670_3787732518133670_9795632669273463_n-e1731525914575.png","contentUrl":"https:\/\/www.malinashop.lt\/wp-content\/uploads\/2024\/08\/462559670_3787732518133670_9795632669273463_n-e1731525914575.png","width":180,"height":60,"caption":"COM Group Ecommerce"},"image":{"@id":"https:\/\/www.malinashop.lt\/#\/schema\/logo\/image\/"}}]}},"jetpack_sharing_enabled":true,"_links":{"self":[{"href":"https:\/\/www.malinashop.lt\/lt_lt\/wp-json\/wp\/v2\/product\/73072","targetHints":{"allow":["GET"]}}],"collection":[{"href":"https:\/\/www.malinashop.lt\/lt_lt\/wp-json\/wp\/v2\/product"}],"about":[{"href":"https:\/\/www.malinashop.lt\/lt_lt\/wp-json\/wp\/v2\/types\/product"}],"version-history":[{"count":1,"href":"https:\/\/www.malinashop.lt\/lt_lt\/wp-json\/wp\/v2\/product\/73072\/revisions"}],"predecessor-version":[{"id":73076,"href":"https:\/\/www.malinashop.lt\/lt_lt\/wp-json\/wp\/v2\/product\/73072\/revisions\/73076"}],"wp:featuredmedia":[{"embeddable":true,"href":"https:\/\/www.malinashop.lt\/lt_lt\/wp-json\/wp\/v2\/media\/73075"}],"wp:attachment":[{"href":"https:\/\/www.malinashop.lt\/lt_lt\/wp-json\/wp\/v2\/media?parent=73072"}],"wp:term":[{"taxonomy":"product_brand","embeddable":true,"href":"https:\/\/www.malinashop.lt\/lt_lt\/wp-json\/wp\/v2\/product_brand?post=73072"},{"taxonomy":"product_cat","embeddable":true,"href":"https:\/\/www.malinashop.lt\/lt_lt\/wp-json\/wp\/v2\/product_cat?post=73072"},{"taxonomy":"product_tag","embeddable":true,"href":"https:\/\/www.malinashop.lt\/lt_lt\/wp-json\/wp\/v2\/product_tag?post=73072"}],"curies":[{"name":"wp","href":"https:\/\/api.w.org\/{rel}","templated":true}]}}