{"id":73012,"date":"2026-01-07T00:09:09","date_gmt":"2026-01-06T21:09:09","guid":{"rendered":"https:\/\/malinashop.lt\/?post_type=product&#038;p=73012"},"modified":"2026-04-07T22:18:37","modified_gmt":"2026-04-07T19:18:37","slug":"paese-long-cover-svytejimo-makiazo-pagrindas-0-5-ivory-30-ml","status":"publish","type":"product","link":"https:\/\/www.malinashop.lt\/lt_lt\/shop\/paese-long-cover-svytejimo-makiazo-pagrindas-0-5-ivory-30-ml\/","title":{"rendered":"PAESE LONG COVER \u0161vyt\u0117jimo makia\u017eo pagrindas (0.5 Ivory), 30 ml"},"content":{"rendered":"<p data-start=\"312\" data-end=\"634\">PAESE \u0161vyt\u0117jimo suteikiantis makia\u017eo pagrindas <strong data-start=\"382\" data-end=\"408\">LONG COVER (0.5 Ivory)<\/strong> kurtas toms, kurios nori nat\u016braliai skais\u010dios, pails\u0117jusios odos efekto. Lengvai kremin\u0117 tekst\u016bra tolygiai pasiskirsto, <strong data-start=\"529\" data-end=\"555\">sulygina odos atspalv\u012f<\/strong> ir suteikia <strong data-start=\"568\" data-end=\"606\">vidutin\u012f, sluoksniuojam\u0105 maskavim\u0105<\/strong>, nesukuriant kauk\u0117s efekto.<\/p>\n<p data-start=\"636\" data-end=\"900\">Formul\u0117 praturtinta <strong data-start=\"656\" data-end=\"692\">\u0161vies\u0105 atspindin\u010diais pigmentais<\/strong>, tod\u0117l oda atrodo gaivesn\u0117, lygesn\u0117 ir vizualiai \u0161vytinti. Makia\u017eo pagrindas ne tik pagra\u017eina, bet ir r\u016bpinasi oda \u2013 jame esantis veikli\u0173j\u0173 med\u017eiag\u0173 derinys veikia intensyviai dr\u0117kinan\u010diai ir apsaugan\u010diai:<\/p>\n<ul data-start=\"901\" data-end=\"1185\">\n<li data-start=\"901\" data-end=\"976\">\n<p data-start=\"903\" data-end=\"976\"><strong data-start=\"903\" data-end=\"918\">vitaminas C<\/strong> \u2013 suteikia skaistumo, padeda \u0161viesinti ir gaivinti od\u0105;<\/p>\n<\/li>\n<li data-start=\"977\" data-end=\"1041\">\n<p data-start=\"979\" data-end=\"1041\"><strong data-start=\"979\" data-end=\"992\">skvalanas<\/strong> \u2013 mink\u0161tina, dr\u0117kina ir stiprina odos barjer\u0105;<\/p>\n<\/li>\n<li data-start=\"1042\" data-end=\"1105\">\n<p data-start=\"1044\" data-end=\"1105\"><strong data-start=\"1044\" data-end=\"1058\">pantenolis<\/strong> \u2013 ramina, mal\u0161ina tempimo ir sausumo poj\u016bt\u012f;<\/p>\n<\/li>\n<li data-start=\"1106\" data-end=\"1185\">\n<p data-start=\"1108\" data-end=\"1185\"><strong data-start=\"1108\" data-end=\"1123\">vitaminas E<\/strong> \u2013 antioksidantas, saugantis nuo laisv\u0173j\u0173 radikal\u0173 poveikio.<\/p>\n<\/li>\n<\/ul>\n<p data-start=\"1187\" data-end=\"1383\">D\u0117l \u0161i\u0173 ingredient\u0173 oda atrodo <strong data-start=\"1218\" data-end=\"1276\">sudr\u0117kinta, pails\u0117jusi ir sveikai spindinti vis\u0105 dien\u0105<\/strong>. LONG COVER akimirksniu ir ilgam paslepia smulkius netobulumus, nesausindamas odos ir nepalikdamas dry\u017ei\u0173.<\/p>\n<p data-start=\"1385\" data-end=\"1516\">Atspalvis <strong data-start=\"1395\" data-end=\"1408\">0.5 Ivory<\/strong> \u2013 labai \u0161viesus, tinkantis \u0161viesiai odai, ie\u0161kan\u010diai \u0161velnaus, skaistinamo pagrindo su nat\u016braliu \u0161vyt\u0117jimu.<\/p>\n<p data-start=\"1518\" data-end=\"1547\"><strong data-start=\"1518\" data-end=\"1545\">Pagrindiniai privalumai<\/strong><\/p>\n<ul data-start=\"1548\" data-end=\"1881\">\n<li data-start=\"1548\" data-end=\"1589\">\n<p data-start=\"1550\" data-end=\"1589\">Vidutinis, sluoksniuojamas maskavimas<\/p>\n<\/li>\n<li data-start=\"1590\" data-end=\"1632\">\n<p data-start=\"1592\" data-end=\"1632\">Sveiko \u0161vyt\u0117jimo, gaivios odos efektas<\/p>\n<\/li>\n<li data-start=\"1633\" data-end=\"1676\">\n<p data-start=\"1635\" data-end=\"1676\">Sulygina odos atspalv\u012f be kauk\u0117s efekto<\/p>\n<\/li>\n<li data-start=\"1677\" data-end=\"1716\">\n<p data-start=\"1679\" data-end=\"1716\">Su \u0161vies\u0105 atspindin\u010diais pigmentais<\/p>\n<\/li>\n<li data-start=\"1717\" data-end=\"1778\">\n<p data-start=\"1719\" data-end=\"1778\">Vitamino C, skvalano, pantenolio ir vitamino E kompleksas<\/p>\n<\/li>\n<li data-start=\"1779\" data-end=\"1829\">\n<p data-start=\"1781\" data-end=\"1829\">Oda atrodo sudr\u0117kinta ir pails\u0117jusi vis\u0105 dien\u0105<\/p>\n<\/li>\n<li data-start=\"1830\" data-end=\"1881\">\n<p data-start=\"1832\" data-end=\"1881\">Tinka \u012fvairiems odos tipams, \u012fskaitant ir jautri\u0105<\/p>\n<\/li>\n<\/ul>\n<p data-start=\"1883\" data-end=\"1899\"><strong data-start=\"1883\" data-end=\"1897\">Naudojimas<\/strong><\/p>\n<ul data-start=\"1900\" data-end=\"2192\">\n<li data-start=\"1900\" data-end=\"1979\">\n<p data-start=\"1902\" data-end=\"1979\">Tepkite ant \u0161varios, sudr\u0117kintos odos <strong data-start=\"1940\" data-end=\"1976\">pir\u0161tais, kempin\u0117le arba teptuku<\/strong>.<\/p>\n<\/li>\n<li data-start=\"1980\" data-end=\"2036\">\n<p data-start=\"1982\" data-end=\"2036\">Tolygiai paskirstykite nuo veido centro link i\u0161or\u0117s.<\/p>\n<\/li>\n<li data-start=\"2037\" data-end=\"2133\">\n<p data-start=\"2039\" data-end=\"2133\">Didesniam maskavimui u\u017etepkite <strong data-start=\"2070\" data-end=\"2094\">antr\u0105 plon\u0105 sluoksn\u012f<\/strong> tik ten, kur norisi daugiau dengimo.<\/p>\n<\/li>\n<li data-start=\"2134\" data-end=\"2192\">\n<p data-start=\"2136\" data-end=\"2192\">Esant poreikiui, u\u017efiksuokite biria ar kompaktine pudra.<\/p>\n<\/li>\n<\/ul>\n","protected":false},"excerpt":{"rendered":"<div class=\"flex flex-col text-sm pb-25\">\n<article class=\"text-token-text-primary w-full focus:outline-none [--shadow-height:45px] has-data-writing-block:pointer-events-none has-data-writing-block:-mt-(--shadow-height) has-data-writing-block:pt-(--shadow-height) [&amp;:has([data-writing-block])&gt;*]:pointer-events-auto scroll-mt-[calc(var(--header-height)+min(200px,max(70px,20svh)))]\" dir=\"auto\" tabindex=\"-1\" data-turn-id=\"ebd45a13-6052-4eb4-8831-17e4704a7b6c\" data-testid=\"conversation-turn-163\" data-scroll-anchor=\"true\" data-turn=\"assistant\">\n<div class=\"text-base my-auto mx-auto pb-10 [--thread-content-margin:--spacing(4)] @w-sm\/main:[--thread-content-margin:--spacing(6)] @w-lg\/main:[--thread-content-margin:--spacing(16)] px-(--thread-content-margin)\">\n<div class=\"[--thread-content-max-width:40rem] @w-lg\/main:[--thread-content-max-width:48rem] mx-auto max-w-(--thread-content-max-width) flex-1 group\/turn-messages focus-visible:outline-hidden relative flex w-full min-w-0 flex-col agent-turn\" tabindex=\"-1\">\n<div class=\"flex max-w-full flex-col grow\">\n<div class=\"min-h-8 text-message relative flex w-full flex-col items-end gap-2 text-start break-words whitespace-normal [.text-message+&amp;]:mt-1\" dir=\"auto\" data-message-author-role=\"assistant\" data-message-id=\"0175100a-0f1a-4600-89a5-33016b58d0df\" data-message-model-slug=\"gpt-5-1-thinking\">\n<div class=\"flex w-full flex-col gap-1 empty:hidden first:pt-[1px]\">\n<div class=\"markdown prose dark:prose-invert w-full break-words light markdown-new-styling\">\n<p data-start=\"2199\" data-end=\"2395\" data-is-last-node=\"\" data-is-only-node=\"\">PAESE LONG COVER (0.5 Ivory) \u2013 \u0161vyt\u0117jimo makia\u017eo pagrindas su vidutiniu maskavimu, vitaminu C, skvalanu, pantenoliu ir vitaminu E, sveikai spindin\u010diai odai.<\/p>\n<\/div>\n<\/div>\n<\/div>\n<\/div>\n<\/div>\n<\/div>\n<\/article>\n<\/div>\n","protected":false},"featured_media":73015,"template":"","meta":[],"product_brand":[1534],"product_cat":[102,530],"product_tag":[1614],"class_list":{"0":"post-73012","1":"product","2":"type-product","3":"status-publish","4":"has-post-thumbnail","6":"product_brand-paese","7":"product_cat-dekoratyvine-kosmetika","8":"product_cat-makiazo-pagrindas","9":"product_tag-paese","11":"first","12":"instock","13":"purchasable","14":"product-type-simple"},"yoast_head":"<!-- This site is optimized with the Yoast SEO plugin v27.4 - https:\/\/yoast.com\/product\/yoast-seo-wordpress\/ -->\n<title>PAESE LONG COVER \u0161vyt\u0117jimo makia\u017eo pagrindas (0.5 Ivory), 30 ml - MalinaShop.lt J\u016bs\u0173 sveikatai ir gro\u017eiui.<\/title>\n<meta name=\"description\" content=\"PAESE LONG COVER (00 Nude) \u2013 \u0161vyt\u0117jimo suteikiantis makia\u017eo pagrindas su vidutiniu maskavimu, vitaminu C, skvalanu, pantenoliu ir vitaminu E, sveikai spindin\u010diai odai.\" \/>\n<meta name=\"robots\" content=\"index, follow, max-snippet:-1, max-image-preview:large, max-video-preview:-1\" \/>\n<link rel=\"canonical\" href=\"https:\/\/www.malinashop.lt\/lt_lt\/shop\/paese-long-cover-svytejimo-makiazo-pagrindas-0-5-ivory-30-ml\/\" \/>\n<meta property=\"og:locale\" content=\"lt_LT\" \/>\n<meta property=\"og:type\" content=\"article\" \/>\n<meta property=\"og:title\" content=\"PAESE LONG COVER \u0161vyt\u0117jimo makia\u017eo pagrindas (0.5 Ivory), 30 ml - MalinaShop.lt J\u016bs\u0173 sveikatai ir gro\u017eiui.\" \/>\n<meta property=\"og:description\" content=\"PAESE LONG COVER (00 Nude) \u2013 \u0161vyt\u0117jimo suteikiantis makia\u017eo pagrindas su vidutiniu maskavimu, vitaminu C, skvalanu, pantenoliu ir vitaminu E, sveikai spindin\u010diai odai.\" \/>\n<meta property=\"og:url\" content=\"https:\/\/www.malinashop.lt\/lt_lt\/shop\/paese-long-cover-svytejimo-makiazo-pagrindas-0-5-ivory-30-ml\/\" \/>\n<meta property=\"og:site_name\" content=\"MalinaShop.lt J\u016bs\u0173 sveikatai ir gro\u017eiui.\" \/>\n<meta property=\"article:modified_time\" content=\"2026-04-07T19:18:37+00:00\" \/>\n<meta property=\"og:image\" content=\"https:\/\/www.malinashop.lt\/wp-content\/uploads\/2026\/01\/PAESE-LONG-COVER-svytejimo-makiazo-pagrindas-0.5-Ivory-30-ml.webp\" \/>\n\t<meta property=\"og:image:width\" content=\"768\" \/>\n\t<meta property=\"og:image:height\" content=\"768\" \/>\n\t<meta property=\"og:image:type\" content=\"image\/webp\" \/>\n<meta name=\"twitter:card\" content=\"summary_large_image\" \/>\n<script type=\"application\/ld+json\" class=\"yoast-schema-graph\">{\"@context\":\"https:\\\/\\\/schema.org\",\"@graph\":[{\"@type\":\"WebPage\",\"@id\":\"https:\\\/\\\/www.malinashop.lt\\\/en\\\/shop\\\/paese-long-cover-svytejimo-makiazo-pagrindas-0-5-ivory-30-ml\\\/\",\"url\":\"https:\\\/\\\/www.malinashop.lt\\\/en\\\/shop\\\/paese-long-cover-svytejimo-makiazo-pagrindas-0-5-ivory-30-ml\\\/\",\"name\":\"PAESE LONG COVER \u0161vyt\u0117jimo makia\u017eo pagrindas (0.5 Ivory), 30 ml - MalinaShop.lt J\u016bs\u0173 sveikatai ir gro\u017eiui.\",\"isPartOf\":{\"@id\":\"https:\\\/\\\/www.malinashop.lt\\\/en\\\/#website\"},\"primaryImageOfPage\":{\"@id\":\"https:\\\/\\\/www.malinashop.lt\\\/en\\\/shop\\\/paese-long-cover-svytejimo-makiazo-pagrindas-0-5-ivory-30-ml\\\/#primaryimage\"},\"image\":{\"@id\":\"https:\\\/\\\/www.malinashop.lt\\\/en\\\/shop\\\/paese-long-cover-svytejimo-makiazo-pagrindas-0-5-ivory-30-ml\\\/#primaryimage\"},\"thumbnailUrl\":\"https:\\\/\\\/www.malinashop.lt\\\/wp-content\\\/uploads\\\/2026\\\/01\\\/PAESE-LONG-COVER-svytejimo-makiazo-pagrindas-0.5-Ivory-30-ml.webp\",\"datePublished\":\"2026-01-06T21:09:09+00:00\",\"dateModified\":\"2026-04-07T19:18:37+00:00\",\"description\":\"PAESE LONG COVER (00 Nude) \u2013 \u0161vyt\u0117jimo suteikiantis makia\u017eo pagrindas su vidutiniu maskavimu, vitaminu C, skvalanu, pantenoliu ir vitaminu E, sveikai spindin\u010diai odai.\",\"breadcrumb\":{\"@id\":\"https:\\\/\\\/www.malinashop.lt\\\/en\\\/shop\\\/paese-long-cover-svytejimo-makiazo-pagrindas-0-5-ivory-30-ml\\\/#breadcrumb\"},\"inLanguage\":\"lt-LT\",\"potentialAction\":[{\"@type\":\"ReadAction\",\"target\":[\"https:\\\/\\\/www.malinashop.lt\\\/en\\\/shop\\\/paese-long-cover-svytejimo-makiazo-pagrindas-0-5-ivory-30-ml\\\/\"]}]},{\"@type\":\"ImageObject\",\"inLanguage\":\"lt-LT\",\"@id\":\"https:\\\/\\\/www.malinashop.lt\\\/en\\\/shop\\\/paese-long-cover-svytejimo-makiazo-pagrindas-0-5-ivory-30-ml\\\/#primaryimage\",\"url\":\"https:\\\/\\\/www.malinashop.lt\\\/wp-content\\\/uploads\\\/2026\\\/01\\\/PAESE-LONG-COVER-svytejimo-makiazo-pagrindas-0.5-Ivory-30-ml.webp\",\"contentUrl\":\"https:\\\/\\\/www.malinashop.lt\\\/wp-content\\\/uploads\\\/2026\\\/01\\\/PAESE-LONG-COVER-svytejimo-makiazo-pagrindas-0.5-Ivory-30-ml.webp\",\"width\":768,\"height\":768},{\"@type\":\"BreadcrumbList\",\"@id\":\"https:\\\/\\\/www.malinashop.lt\\\/en\\\/shop\\\/paese-long-cover-svytejimo-makiazo-pagrindas-0-5-ivory-30-ml\\\/#breadcrumb\",\"itemListElement\":[{\"@type\":\"ListItem\",\"position\":1,\"name\":\"Home\",\"item\":\"https:\\\/\\\/www.malinashop.lt\\\/en\\\/\"},{\"@type\":\"ListItem\",\"position\":2,\"name\":\"Parduotuv\u0117\",\"item\":\"https:\\\/\\\/www.malinashop.lt\\\/en\\\/parduotuve\\\/\"},{\"@type\":\"ListItem\",\"position\":3,\"name\":\"PAESE LONG COVER \u0161vyt\u0117jimo makia\u017eo pagrindas (0.5 Ivory), 30 ml\"}]},{\"@type\":\"WebSite\",\"@id\":\"https:\\\/\\\/www.malinashop.lt\\\/en\\\/#website\",\"url\":\"https:\\\/\\\/www.malinashop.lt\\\/en\\\/\",\"name\":\"COM Group Ecommerce\",\"description\":\"MalinaShop.lt - Gro\u017eio ir sveikatos produktai i\u0161 patikim\u0173 preki\u0173 \u017eenkl\u0173. Atraskite auk\u0161tos kokyb\u0117s kosmetik\u0105 u\u017e puiki\u0105 kain\u0105.\",\"publisher\":{\"@id\":\"https:\\\/\\\/www.malinashop.lt\\\/en\\\/#organization\"},\"potentialAction\":[{\"@type\":\"SearchAction\",\"target\":{\"@type\":\"EntryPoint\",\"urlTemplate\":\"https:\\\/\\\/www.malinashop.lt\\\/en\\\/?s={search_term_string}\"},\"query-input\":{\"@type\":\"PropertyValueSpecification\",\"valueRequired\":true,\"valueName\":\"search_term_string\"}}],\"inLanguage\":\"lt-LT\"},{\"@type\":\"Organization\",\"@id\":\"https:\\\/\\\/www.malinashop.lt\\\/en\\\/#organization\",\"name\":\"COM Group Ecommerce\",\"url\":\"https:\\\/\\\/www.malinashop.lt\\\/en\\\/\",\"logo\":{\"@type\":\"ImageObject\",\"inLanguage\":\"lt-LT\",\"@id\":\"https:\\\/\\\/www.malinashop.lt\\\/en\\\/#\\\/schema\\\/logo\\\/image\\\/\",\"url\":\"https:\\\/\\\/www.malinashop.lt\\\/wp-content\\\/uploads\\\/2024\\\/08\\\/462559670_3787732518133670_9795632669273463_n-e1731525914575.png\",\"contentUrl\":\"https:\\\/\\\/www.malinashop.lt\\\/wp-content\\\/uploads\\\/2024\\\/08\\\/462559670_3787732518133670_9795632669273463_n-e1731525914575.png\",\"width\":180,\"height\":60,\"caption\":\"COM Group Ecommerce\"},\"image\":{\"@id\":\"https:\\\/\\\/www.malinashop.lt\\\/en\\\/#\\\/schema\\\/logo\\\/image\\\/\"}}]}<\/script>\n<!-- \/ Yoast SEO plugin. -->","yoast_head_json":{"title":"PAESE LONG COVER \u0161vyt\u0117jimo makia\u017eo pagrindas (0.5 Ivory), 30 ml - MalinaShop.lt J\u016bs\u0173 sveikatai ir gro\u017eiui.","description":"PAESE LONG COVER (00 Nude) \u2013 \u0161vyt\u0117jimo suteikiantis makia\u017eo pagrindas su vidutiniu maskavimu, vitaminu C, skvalanu, pantenoliu ir vitaminu E, sveikai spindin\u010diai odai.","robots":{"index":"index","follow":"follow","max-snippet":"max-snippet:-1","max-image-preview":"max-image-preview:large","max-video-preview":"max-video-preview:-1"},"canonical":"https:\/\/www.malinashop.lt\/lt_lt\/shop\/paese-long-cover-svytejimo-makiazo-pagrindas-0-5-ivory-30-ml\/","og_locale":"lt_LT","og_type":"article","og_title":"PAESE LONG COVER \u0161vyt\u0117jimo makia\u017eo pagrindas (0.5 Ivory), 30 ml - MalinaShop.lt J\u016bs\u0173 sveikatai ir gro\u017eiui.","og_description":"PAESE LONG COVER (00 Nude) \u2013 \u0161vyt\u0117jimo suteikiantis makia\u017eo pagrindas su vidutiniu maskavimu, vitaminu C, skvalanu, pantenoliu ir vitaminu E, sveikai spindin\u010diai odai.","og_url":"https:\/\/www.malinashop.lt\/lt_lt\/shop\/paese-long-cover-svytejimo-makiazo-pagrindas-0-5-ivory-30-ml\/","og_site_name":"MalinaShop.lt J\u016bs\u0173 sveikatai ir gro\u017eiui.","article_modified_time":"2026-04-07T19:18:37+00:00","og_image":[{"width":768,"height":768,"url":"https:\/\/www.malinashop.lt\/wp-content\/uploads\/2026\/01\/PAESE-LONG-COVER-svytejimo-makiazo-pagrindas-0.5-Ivory-30-ml.webp","type":"image\/webp"}],"twitter_card":"summary_large_image","schema":{"@context":"https:\/\/schema.org","@graph":[{"@type":"WebPage","@id":"https:\/\/www.malinashop.lt\/en\/shop\/paese-long-cover-svytejimo-makiazo-pagrindas-0-5-ivory-30-ml\/","url":"https:\/\/www.malinashop.lt\/en\/shop\/paese-long-cover-svytejimo-makiazo-pagrindas-0-5-ivory-30-ml\/","name":"PAESE LONG COVER \u0161vyt\u0117jimo makia\u017eo pagrindas (0.5 Ivory), 30 ml - MalinaShop.lt J\u016bs\u0173 sveikatai ir gro\u017eiui.","isPartOf":{"@id":"https:\/\/www.malinashop.lt\/en\/#website"},"primaryImageOfPage":{"@id":"https:\/\/www.malinashop.lt\/en\/shop\/paese-long-cover-svytejimo-makiazo-pagrindas-0-5-ivory-30-ml\/#primaryimage"},"image":{"@id":"https:\/\/www.malinashop.lt\/en\/shop\/paese-long-cover-svytejimo-makiazo-pagrindas-0-5-ivory-30-ml\/#primaryimage"},"thumbnailUrl":"https:\/\/www.malinashop.lt\/wp-content\/uploads\/2026\/01\/PAESE-LONG-COVER-svytejimo-makiazo-pagrindas-0.5-Ivory-30-ml.webp","datePublished":"2026-01-06T21:09:09+00:00","dateModified":"2026-04-07T19:18:37+00:00","description":"PAESE LONG COVER (00 Nude) \u2013 \u0161vyt\u0117jimo suteikiantis makia\u017eo pagrindas su vidutiniu maskavimu, vitaminu C, skvalanu, pantenoliu ir vitaminu E, sveikai spindin\u010diai odai.","breadcrumb":{"@id":"https:\/\/www.malinashop.lt\/en\/shop\/paese-long-cover-svytejimo-makiazo-pagrindas-0-5-ivory-30-ml\/#breadcrumb"},"inLanguage":"lt-LT","potentialAction":[{"@type":"ReadAction","target":["https:\/\/www.malinashop.lt\/en\/shop\/paese-long-cover-svytejimo-makiazo-pagrindas-0-5-ivory-30-ml\/"]}]},{"@type":"ImageObject","inLanguage":"lt-LT","@id":"https:\/\/www.malinashop.lt\/en\/shop\/paese-long-cover-svytejimo-makiazo-pagrindas-0-5-ivory-30-ml\/#primaryimage","url":"https:\/\/www.malinashop.lt\/wp-content\/uploads\/2026\/01\/PAESE-LONG-COVER-svytejimo-makiazo-pagrindas-0.5-Ivory-30-ml.webp","contentUrl":"https:\/\/www.malinashop.lt\/wp-content\/uploads\/2026\/01\/PAESE-LONG-COVER-svytejimo-makiazo-pagrindas-0.5-Ivory-30-ml.webp","width":768,"height":768},{"@type":"BreadcrumbList","@id":"https:\/\/www.malinashop.lt\/en\/shop\/paese-long-cover-svytejimo-makiazo-pagrindas-0-5-ivory-30-ml\/#breadcrumb","itemListElement":[{"@type":"ListItem","position":1,"name":"Home","item":"https:\/\/www.malinashop.lt\/en\/"},{"@type":"ListItem","position":2,"name":"Parduotuv\u0117","item":"https:\/\/www.malinashop.lt\/en\/parduotuve\/"},{"@type":"ListItem","position":3,"name":"PAESE LONG COVER \u0161vyt\u0117jimo makia\u017eo pagrindas (0.5 Ivory), 30 ml"}]},{"@type":"WebSite","@id":"https:\/\/www.malinashop.lt\/en\/#website","url":"https:\/\/www.malinashop.lt\/en\/","name":"COM Group Ecommerce","description":"MalinaShop.lt - Gro\u017eio ir sveikatos produktai i\u0161 patikim\u0173 preki\u0173 \u017eenkl\u0173. Atraskite auk\u0161tos kokyb\u0117s kosmetik\u0105 u\u017e puiki\u0105 kain\u0105.","publisher":{"@id":"https:\/\/www.malinashop.lt\/en\/#organization"},"potentialAction":[{"@type":"SearchAction","target":{"@type":"EntryPoint","urlTemplate":"https:\/\/www.malinashop.lt\/en\/?s={search_term_string}"},"query-input":{"@type":"PropertyValueSpecification","valueRequired":true,"valueName":"search_term_string"}}],"inLanguage":"lt-LT"},{"@type":"Organization","@id":"https:\/\/www.malinashop.lt\/en\/#organization","name":"COM Group Ecommerce","url":"https:\/\/www.malinashop.lt\/en\/","logo":{"@type":"ImageObject","inLanguage":"lt-LT","@id":"https:\/\/www.malinashop.lt\/en\/#\/schema\/logo\/image\/","url":"https:\/\/www.malinashop.lt\/wp-content\/uploads\/2024\/08\/462559670_3787732518133670_9795632669273463_n-e1731525914575.png","contentUrl":"https:\/\/www.malinashop.lt\/wp-content\/uploads\/2024\/08\/462559670_3787732518133670_9795632669273463_n-e1731525914575.png","width":180,"height":60,"caption":"COM Group Ecommerce"},"image":{"@id":"https:\/\/www.malinashop.lt\/en\/#\/schema\/logo\/image\/"}}]}},"jetpack_sharing_enabled":true,"_links":{"self":[{"href":"https:\/\/www.malinashop.lt\/lt_lt\/wp-json\/wp\/v2\/product\/73012","targetHints":{"allow":["GET"]}}],"collection":[{"href":"https:\/\/www.malinashop.lt\/lt_lt\/wp-json\/wp\/v2\/product"}],"about":[{"href":"https:\/\/www.malinashop.lt\/lt_lt\/wp-json\/wp\/v2\/types\/product"}],"version-history":[{"count":1,"href":"https:\/\/www.malinashop.lt\/lt_lt\/wp-json\/wp\/v2\/product\/73012\/revisions"}],"predecessor-version":[{"id":73016,"href":"https:\/\/www.malinashop.lt\/lt_lt\/wp-json\/wp\/v2\/product\/73012\/revisions\/73016"}],"wp:featuredmedia":[{"embeddable":true,"href":"https:\/\/www.malinashop.lt\/lt_lt\/wp-json\/wp\/v2\/media\/73015"}],"wp:attachment":[{"href":"https:\/\/www.malinashop.lt\/lt_lt\/wp-json\/wp\/v2\/media?parent=73012"}],"wp:term":[{"taxonomy":"product_brand","embeddable":true,"href":"https:\/\/www.malinashop.lt\/lt_lt\/wp-json\/wp\/v2\/product_brand?post=73012"},{"taxonomy":"product_cat","embeddable":true,"href":"https:\/\/www.malinashop.lt\/lt_lt\/wp-json\/wp\/v2\/product_cat?post=73012"},{"taxonomy":"product_tag","embeddable":true,"href":"https:\/\/www.malinashop.lt\/lt_lt\/wp-json\/wp\/v2\/product_tag?post=73012"}],"curies":[{"name":"wp","href":"https:\/\/api.w.org\/{rel}","templated":true}]}}