{"id":73006,"date":"2026-01-07T00:05:20","date_gmt":"2026-01-06T21:05:20","guid":{"rendered":"https:\/\/malinashop.lt\/?post_type=product&#038;p=73006"},"modified":"2026-04-07T22:18:37","modified_gmt":"2026-04-07T19:18:37","slug":"paese-long-cover-svytejimo-suteikiantis-makiazo-pagrindas-00-nude-30-ml","status":"publish","type":"product","link":"https:\/\/www.malinashop.lt\/lt_lt\/shop\/paese-long-cover-svytejimo-suteikiantis-makiazo-pagrindas-00-nude-30-ml\/","title":{"rendered":"PAESE LONG COVER \u0161vyt\u0117jimo suteikiantis makia\u017eo pagrindas (00 Nude), 30 ml"},"content":{"rendered":"<p data-start=\"367\" data-end=\"687\">PAESE <strong data-start=\"396\" data-end=\"420\">LONG COVER (00 Nude)<\/strong> \u2013 tai makia\u017eo pagrindas, kuris suteikia odai <strong data-start=\"466\" data-end=\"497\">sveiko \u0161vyt\u0117jimo ir gaivumo<\/strong> \u012fsp\u016bd\u012f, kartu u\u017etikrindamas patikim\u0105 maskavim\u0105 be sunkumo jausmo. \u0160i priemon\u0117 tolygiai <strong data-start=\"585\" data-end=\"611\">sulygina odos atspalv\u012f<\/strong>, paslepia smulkius netobulumus ir suteikia veidui pails\u0117jusios odos efekt\u0105.<\/p>\n<p data-start=\"689\" data-end=\"942\">Formul\u0117 turi <strong data-start=\"702\" data-end=\"748\">vidutin\u012f, lengvai sluoksniuojam\u0105 maskavim\u0105<\/strong>, tod\u0117l galite pasirinkti \u2013 nuo nat\u016bralesnio kasdienio \u012fvaizd\u017eio iki labiau dengiamos baz\u0117s vakarui. Makia\u017eo pagrindas <strong data-start=\"867\" data-end=\"894\">nepalieka kauk\u0117s efekto<\/strong>, nesub\u0117ga \u012f sausas vietas ir neformuoja dry\u017ei\u0173.<\/p>\n<p data-start=\"944\" data-end=\"1098\">Sud\u0117tyje esantys <strong data-start=\"961\" data-end=\"994\">\u0161vies\u0105 atspindintys pigmentai<\/strong> suteikia subtil\u0173, jaunatvi\u0161k\u0105 \u0161vyt\u0117jim\u0105, o veikli\u0173j\u0173 med\u017eiag\u0173 derinys r\u016bpinasi oda visos dienos metu:<\/p>\n<ul data-start=\"1099\" data-end=\"1421\">\n<li data-start=\"1099\" data-end=\"1180\">\n<p data-start=\"1101\" data-end=\"1180\"><strong data-start=\"1101\" data-end=\"1116\">vitaminas C<\/strong> \u2013 padeda \u0161viesinti ir gaivinti veido od\u0105, suteikia skaistumo;<\/p>\n<\/li>\n<li data-start=\"1181\" data-end=\"1253\">\n<p data-start=\"1183\" data-end=\"1253\"><strong data-start=\"1183\" data-end=\"1196\">skvalanas<\/strong> \u2013 dr\u0117kina, mink\u0161tina ir padeda stiprinti odos barjer\u0105;<\/p>\n<\/li>\n<li data-start=\"1254\" data-end=\"1329\">\n<p data-start=\"1256\" data-end=\"1329\"><strong data-start=\"1256\" data-end=\"1270\">pantenolis<\/strong> \u2013 ramina, ma\u017eina sudirgimus ir suteikia komforto poj\u016bt\u012f;<\/p>\n<\/li>\n<li data-start=\"1330\" data-end=\"1421\">\n<p data-start=\"1332\" data-end=\"1421\"><strong data-start=\"1332\" data-end=\"1347\">vitaminas E<\/strong> \u2013 veikia kaip antioksidantas, saugo od\u0105 nuo laisv\u0173j\u0173 radikal\u0173 poveikio.<\/p>\n<\/li>\n<\/ul>\n<p data-start=\"1423\" data-end=\"1656\">D\u0117l dr\u0117kinan\u010di\u0173 ir maitinam\u0173j\u0173 savybi\u0173 oda atrodo <strong data-start=\"1473\" data-end=\"1520\">sudr\u0117kinta, pails\u0117jusi ir sveikai spindinti<\/strong> vis\u0105 dien\u0105. LONG COVER akimirksniu ir ilgam paslepia smulkius netolygumus, <strong data-start=\"1596\" data-end=\"1618\">nesausindamas odos<\/strong> ir i\u0161laikydamas nat\u016bral\u0173 elastingum\u0105.<\/p>\n<p data-start=\"1658\" data-end=\"1666\">Tinka:<\/p>\n<ul data-start=\"1667\" data-end=\"1796\">\n<li data-start=\"1667\" data-end=\"1713\">\n<p data-start=\"1669\" data-end=\"1713\">vis\u0173 tip\u0173 odai \u2013 nuo normalios iki sausos,<\/p>\n<\/li>\n<li data-start=\"1714\" data-end=\"1796\">\n<p data-start=\"1716\" data-end=\"1796\">mi\u0161riai ir jautriai odai, kuriai reikia \u0161velnesn\u0117s, od\u0105 puosel\u0117jan\u010dios formul\u0117s.<\/p>\n<\/li>\n<\/ul>\n<p data-start=\"1798\" data-end=\"1827\"><strong data-start=\"1798\" data-end=\"1825\">Pagrindiniai privalumai<\/strong><\/p>\n<ul data-start=\"1828\" data-end=\"2225\">\n<li data-start=\"1828\" data-end=\"1869\">\n<p data-start=\"1830\" data-end=\"1869\">Vidutinis, sluoksniuojamas maskavimas<\/p>\n<\/li>\n<li data-start=\"1870\" data-end=\"1918\">\n<p data-start=\"1872\" data-end=\"1918\">\u0160vyt\u0117jimo suteikiantis, sveikos odos efektas<\/p>\n<\/li>\n<li data-start=\"1919\" data-end=\"1962\">\n<p data-start=\"1921\" data-end=\"1962\">Sulygina odos atspalv\u012f be kauk\u0117s efekto<\/p>\n<\/li>\n<li data-start=\"1963\" data-end=\"2002\">\n<p data-start=\"1965\" data-end=\"2002\">Su \u0161vies\u0105 atspindin\u010diais pigmentais<\/p>\n<\/li>\n<li data-start=\"2003\" data-end=\"2064\">\n<p data-start=\"2005\" data-end=\"2064\">Sud\u0117tyje: vitaminas C, skvalanas, pantenolis, vitaminas E<\/p>\n<\/li>\n<li data-start=\"2065\" data-end=\"2124\">\n<p data-start=\"2067\" data-end=\"2124\">Nesausina ir neakcentuoja saus\u0173 viet\u0173 ar smulki\u0173 linij\u0173<\/p>\n<\/li>\n<li data-start=\"2125\" data-end=\"2173\">\n<p data-start=\"2127\" data-end=\"2173\">Tinka visiems odos tipams, net jautriai odai<\/p>\n<\/li>\n<li data-start=\"2174\" data-end=\"2225\">\n<p data-start=\"2176\" data-end=\"2225\">Patogi, kompakti\u0161ka pakuot\u0117 kasdieniam naudojimui<\/p>\n<\/li>\n<\/ul>\n<p data-start=\"2227\" data-end=\"2243\"><strong data-start=\"2227\" data-end=\"2241\">Naudojimas<\/strong><\/p>\n<ul data-start=\"2244\" data-end=\"2563\">\n<li data-start=\"2244\" data-end=\"2333\">\n<p data-start=\"2246\" data-end=\"2333\">Tepkite ant \u0161varios, sudr\u0117kintos veido odos pir\u0161tais, kempin\u0117le arba makia\u017eo teptuku.<\/p>\n<\/li>\n<li data-start=\"2334\" data-end=\"2390\">\n<p data-start=\"2336\" data-end=\"2390\">Tolygiai paskirstykite nuo veido centro link i\u0161or\u0117s.<\/p>\n<\/li>\n<li data-start=\"2391\" data-end=\"2504\">\n<p data-start=\"2393\" data-end=\"2504\">Nor\u0117dami didesnio maskavimo, u\u017etepkite <strong data-start=\"2432\" data-end=\"2456\">antr\u0105 plon\u0105 sluoksn\u012f<\/strong> tik tose vietose, kur reikia daugiau dengimo.<\/p>\n<\/li>\n<li data-start=\"2505\" data-end=\"2563\">\n<p data-start=\"2507\" data-end=\"2563\">Esant poreikiui, u\u017efiksuokite biria ar kompaktine pudra.<\/p>\n<\/li>\n<\/ul>\n","protected":false},"excerpt":{"rendered":"<p data-start=\"1091\" data-end=\"1234\">PAESE LONG COVER (00 Nude) \u2013 \u0161vyt\u0117jimo suteikiantis makia\u017eo pagrindas su vidutiniu maskavimu. Sulygina odos atspalv\u012f, suteikia sveiko \u0161vyt\u0117jimo efekt\u0105, nesukuria kauk\u0117s \u012fsp\u016bd\u017eio ir tinka vis\u0173 tip\u0173, net jautriai odai.<\/p>\n","protected":false},"featured_media":73010,"template":"","meta":[],"product_brand":[1534],"product_cat":[102,530],"product_tag":[1614],"class_list":{"0":"post-73006","1":"product","2":"type-product","3":"status-publish","4":"has-post-thumbnail","6":"product_brand-paese","7":"product_cat-dekoratyvine-kosmetika","8":"product_cat-makiazo-pagrindas","9":"product_tag-paese","11":"first","12":"instock","13":"purchasable","14":"product-type-simple"},"yoast_head":"<!-- This site is optimized with the Yoast SEO plugin v27.4 - https:\/\/yoast.com\/product\/yoast-seo-wordpress\/ -->\n<title>PAESE LONG COVER \u0161vyt\u0117jimo suteikiantis makia\u017eo pagrindas (00 Nude), 30 ml - MalinaShop.lt J\u016bs\u0173 sveikatai ir gro\u017eiui.<\/title>\n<meta name=\"description\" content=\"PAESE LONG COVER (00 Nude) \u2013 \u0161vyt\u0117jimo suteikiantis makia\u017eo pagrindas su vidutiniu maskavimu, vitaminu C, skvalanu, pantenoliu ir vitaminu E, sveikai spindin\u010diai odai.\" \/>\n<meta name=\"robots\" content=\"index, follow, max-snippet:-1, max-image-preview:large, max-video-preview:-1\" \/>\n<link rel=\"canonical\" href=\"https:\/\/www.malinashop.lt\/lt_lt\/shop\/paese-long-cover-svytejimo-suteikiantis-makiazo-pagrindas-00-nude-30-ml\/\" \/>\n<meta property=\"og:locale\" content=\"lt_LT\" \/>\n<meta property=\"og:type\" content=\"article\" \/>\n<meta property=\"og:title\" content=\"PAESE LONG COVER \u0161vyt\u0117jimo suteikiantis makia\u017eo pagrindas (00 Nude), 30 ml - MalinaShop.lt J\u016bs\u0173 sveikatai ir gro\u017eiui.\" \/>\n<meta property=\"og:description\" content=\"PAESE LONG COVER (00 Nude) \u2013 \u0161vyt\u0117jimo suteikiantis makia\u017eo pagrindas su vidutiniu maskavimu, vitaminu C, skvalanu, pantenoliu ir vitaminu E, sveikai spindin\u010diai odai.\" \/>\n<meta property=\"og:url\" content=\"https:\/\/www.malinashop.lt\/lt_lt\/shop\/paese-long-cover-svytejimo-suteikiantis-makiazo-pagrindas-00-nude-30-ml\/\" \/>\n<meta property=\"og:site_name\" content=\"MalinaShop.lt J\u016bs\u0173 sveikatai ir gro\u017eiui.\" \/>\n<meta property=\"article:modified_time\" content=\"2026-04-07T19:18:37+00:00\" \/>\n<meta property=\"og:image\" content=\"https:\/\/www.malinashop.lt\/wp-content\/uploads\/2026\/01\/PAESE-LONG-COVER-svytejimo-suteikiantis-makiazo-pagrindas-00-Nude-30-ml.webp\" \/>\n\t<meta property=\"og:image:width\" content=\"768\" \/>\n\t<meta property=\"og:image:height\" content=\"768\" \/>\n\t<meta property=\"og:image:type\" content=\"image\/webp\" \/>\n<meta name=\"twitter:card\" content=\"summary_large_image\" \/>\n<script type=\"application\/ld+json\" class=\"yoast-schema-graph\">{\"@context\":\"https:\\\/\\\/schema.org\",\"@graph\":[{\"@type\":\"WebPage\",\"@id\":\"https:\\\/\\\/www.malinashop.lt\\\/shop\\\/paese-long-cover-svytejimo-suteikiantis-makiazo-pagrindas-00-nude-30-ml\\\/\",\"url\":\"https:\\\/\\\/www.malinashop.lt\\\/shop\\\/paese-long-cover-svytejimo-suteikiantis-makiazo-pagrindas-00-nude-30-ml\\\/\",\"name\":\"PAESE LONG COVER \u0161vyt\u0117jimo suteikiantis makia\u017eo pagrindas (00 Nude), 30 ml - MalinaShop.lt J\u016bs\u0173 sveikatai ir gro\u017eiui.\",\"isPartOf\":{\"@id\":\"https:\\\/\\\/www.malinashop.lt\\\/#website\"},\"primaryImageOfPage\":{\"@id\":\"https:\\\/\\\/www.malinashop.lt\\\/shop\\\/paese-long-cover-svytejimo-suteikiantis-makiazo-pagrindas-00-nude-30-ml\\\/#primaryimage\"},\"image\":{\"@id\":\"https:\\\/\\\/www.malinashop.lt\\\/shop\\\/paese-long-cover-svytejimo-suteikiantis-makiazo-pagrindas-00-nude-30-ml\\\/#primaryimage\"},\"thumbnailUrl\":\"https:\\\/\\\/www.malinashop.lt\\\/wp-content\\\/uploads\\\/2026\\\/01\\\/PAESE-LONG-COVER-svytejimo-suteikiantis-makiazo-pagrindas-00-Nude-30-ml.webp\",\"datePublished\":\"2026-01-06T21:05:20+00:00\",\"dateModified\":\"2026-04-07T19:18:37+00:00\",\"description\":\"PAESE LONG COVER (00 Nude) \u2013 \u0161vyt\u0117jimo suteikiantis makia\u017eo pagrindas su vidutiniu maskavimu, vitaminu C, skvalanu, pantenoliu ir vitaminu E, sveikai spindin\u010diai odai.\",\"breadcrumb\":{\"@id\":\"https:\\\/\\\/www.malinashop.lt\\\/shop\\\/paese-long-cover-svytejimo-suteikiantis-makiazo-pagrindas-00-nude-30-ml\\\/#breadcrumb\"},\"inLanguage\":\"lt-LT\",\"potentialAction\":[{\"@type\":\"ReadAction\",\"target\":[\"https:\\\/\\\/www.malinashop.lt\\\/shop\\\/paese-long-cover-svytejimo-suteikiantis-makiazo-pagrindas-00-nude-30-ml\\\/\"]}]},{\"@type\":\"ImageObject\",\"inLanguage\":\"lt-LT\",\"@id\":\"https:\\\/\\\/www.malinashop.lt\\\/shop\\\/paese-long-cover-svytejimo-suteikiantis-makiazo-pagrindas-00-nude-30-ml\\\/#primaryimage\",\"url\":\"https:\\\/\\\/www.malinashop.lt\\\/wp-content\\\/uploads\\\/2026\\\/01\\\/PAESE-LONG-COVER-svytejimo-suteikiantis-makiazo-pagrindas-00-Nude-30-ml.webp\",\"contentUrl\":\"https:\\\/\\\/www.malinashop.lt\\\/wp-content\\\/uploads\\\/2026\\\/01\\\/PAESE-LONG-COVER-svytejimo-suteikiantis-makiazo-pagrindas-00-Nude-30-ml.webp\",\"width\":768,\"height\":768},{\"@type\":\"BreadcrumbList\",\"@id\":\"https:\\\/\\\/www.malinashop.lt\\\/shop\\\/paese-long-cover-svytejimo-suteikiantis-makiazo-pagrindas-00-nude-30-ml\\\/#breadcrumb\",\"itemListElement\":[{\"@type\":\"ListItem\",\"position\":1,\"name\":\"Pagrindinis\",\"item\":\"https:\\\/\\\/www.malinashop.lt\\\/\"},{\"@type\":\"ListItem\",\"position\":2,\"name\":\"Parduotuv\u0117\",\"item\":\"https:\\\/\\\/www.malinashop.lt\\\/en\\\/parduotuve\\\/\"},{\"@type\":\"ListItem\",\"position\":3,\"name\":\"PAESE LONG COVER \u0161vyt\u0117jimo suteikiantis makia\u017eo pagrindas (00 Nude), 30 ml\"}]},{\"@type\":\"WebSite\",\"@id\":\"https:\\\/\\\/www.malinashop.lt\\\/#website\",\"url\":\"https:\\\/\\\/www.malinashop.lt\\\/\",\"name\":\"COM Group Ecommerce\",\"description\":\"MalinaShop.lt - Gro\u017eio ir sveikatos produktai i\u0161 patikim\u0173 preki\u0173 \u017eenkl\u0173. Atraskite auk\u0161tos kokyb\u0117s kosmetik\u0105 u\u017e puiki\u0105 kain\u0105.\",\"publisher\":{\"@id\":\"https:\\\/\\\/www.malinashop.lt\\\/#organization\"},\"potentialAction\":[{\"@type\":\"SearchAction\",\"target\":{\"@type\":\"EntryPoint\",\"urlTemplate\":\"https:\\\/\\\/www.malinashop.lt\\\/?s={search_term_string}\"},\"query-input\":{\"@type\":\"PropertyValueSpecification\",\"valueRequired\":true,\"valueName\":\"search_term_string\"}}],\"inLanguage\":\"lt-LT\"},{\"@type\":\"Organization\",\"@id\":\"https:\\\/\\\/www.malinashop.lt\\\/#organization\",\"name\":\"COM Group Ecommerce\",\"url\":\"https:\\\/\\\/www.malinashop.lt\\\/\",\"logo\":{\"@type\":\"ImageObject\",\"inLanguage\":\"lt-LT\",\"@id\":\"https:\\\/\\\/www.malinashop.lt\\\/#\\\/schema\\\/logo\\\/image\\\/\",\"url\":\"https:\\\/\\\/www.malinashop.lt\\\/wp-content\\\/uploads\\\/2024\\\/08\\\/462559670_3787732518133670_9795632669273463_n-e1731525914575.png\",\"contentUrl\":\"https:\\\/\\\/www.malinashop.lt\\\/wp-content\\\/uploads\\\/2024\\\/08\\\/462559670_3787732518133670_9795632669273463_n-e1731525914575.png\",\"width\":180,\"height\":60,\"caption\":\"COM Group Ecommerce\"},\"image\":{\"@id\":\"https:\\\/\\\/www.malinashop.lt\\\/#\\\/schema\\\/logo\\\/image\\\/\"}}]}<\/script>\n<!-- \/ Yoast SEO plugin. -->","yoast_head_json":{"title":"PAESE LONG COVER \u0161vyt\u0117jimo suteikiantis makia\u017eo pagrindas (00 Nude), 30 ml - MalinaShop.lt J\u016bs\u0173 sveikatai ir gro\u017eiui.","description":"PAESE LONG COVER (00 Nude) \u2013 \u0161vyt\u0117jimo suteikiantis makia\u017eo pagrindas su vidutiniu maskavimu, vitaminu C, skvalanu, pantenoliu ir vitaminu E, sveikai spindin\u010diai odai.","robots":{"index":"index","follow":"follow","max-snippet":"max-snippet:-1","max-image-preview":"max-image-preview:large","max-video-preview":"max-video-preview:-1"},"canonical":"https:\/\/www.malinashop.lt\/lt_lt\/shop\/paese-long-cover-svytejimo-suteikiantis-makiazo-pagrindas-00-nude-30-ml\/","og_locale":"lt_LT","og_type":"article","og_title":"PAESE LONG COVER \u0161vyt\u0117jimo suteikiantis makia\u017eo pagrindas (00 Nude), 30 ml - MalinaShop.lt J\u016bs\u0173 sveikatai ir gro\u017eiui.","og_description":"PAESE LONG COVER (00 Nude) \u2013 \u0161vyt\u0117jimo suteikiantis makia\u017eo pagrindas su vidutiniu maskavimu, vitaminu C, skvalanu, pantenoliu ir vitaminu E, sveikai spindin\u010diai odai.","og_url":"https:\/\/www.malinashop.lt\/lt_lt\/shop\/paese-long-cover-svytejimo-suteikiantis-makiazo-pagrindas-00-nude-30-ml\/","og_site_name":"MalinaShop.lt J\u016bs\u0173 sveikatai ir gro\u017eiui.","article_modified_time":"2026-04-07T19:18:37+00:00","og_image":[{"width":768,"height":768,"url":"https:\/\/www.malinashop.lt\/wp-content\/uploads\/2026\/01\/PAESE-LONG-COVER-svytejimo-suteikiantis-makiazo-pagrindas-00-Nude-30-ml.webp","type":"image\/webp"}],"twitter_card":"summary_large_image","schema":{"@context":"https:\/\/schema.org","@graph":[{"@type":"WebPage","@id":"https:\/\/www.malinashop.lt\/shop\/paese-long-cover-svytejimo-suteikiantis-makiazo-pagrindas-00-nude-30-ml\/","url":"https:\/\/www.malinashop.lt\/shop\/paese-long-cover-svytejimo-suteikiantis-makiazo-pagrindas-00-nude-30-ml\/","name":"PAESE LONG COVER \u0161vyt\u0117jimo suteikiantis makia\u017eo pagrindas (00 Nude), 30 ml - MalinaShop.lt J\u016bs\u0173 sveikatai ir gro\u017eiui.","isPartOf":{"@id":"https:\/\/www.malinashop.lt\/#website"},"primaryImageOfPage":{"@id":"https:\/\/www.malinashop.lt\/shop\/paese-long-cover-svytejimo-suteikiantis-makiazo-pagrindas-00-nude-30-ml\/#primaryimage"},"image":{"@id":"https:\/\/www.malinashop.lt\/shop\/paese-long-cover-svytejimo-suteikiantis-makiazo-pagrindas-00-nude-30-ml\/#primaryimage"},"thumbnailUrl":"https:\/\/www.malinashop.lt\/wp-content\/uploads\/2026\/01\/PAESE-LONG-COVER-svytejimo-suteikiantis-makiazo-pagrindas-00-Nude-30-ml.webp","datePublished":"2026-01-06T21:05:20+00:00","dateModified":"2026-04-07T19:18:37+00:00","description":"PAESE LONG COVER (00 Nude) \u2013 \u0161vyt\u0117jimo suteikiantis makia\u017eo pagrindas su vidutiniu maskavimu, vitaminu C, skvalanu, pantenoliu ir vitaminu E, sveikai spindin\u010diai odai.","breadcrumb":{"@id":"https:\/\/www.malinashop.lt\/shop\/paese-long-cover-svytejimo-suteikiantis-makiazo-pagrindas-00-nude-30-ml\/#breadcrumb"},"inLanguage":"lt-LT","potentialAction":[{"@type":"ReadAction","target":["https:\/\/www.malinashop.lt\/shop\/paese-long-cover-svytejimo-suteikiantis-makiazo-pagrindas-00-nude-30-ml\/"]}]},{"@type":"ImageObject","inLanguage":"lt-LT","@id":"https:\/\/www.malinashop.lt\/shop\/paese-long-cover-svytejimo-suteikiantis-makiazo-pagrindas-00-nude-30-ml\/#primaryimage","url":"https:\/\/www.malinashop.lt\/wp-content\/uploads\/2026\/01\/PAESE-LONG-COVER-svytejimo-suteikiantis-makiazo-pagrindas-00-Nude-30-ml.webp","contentUrl":"https:\/\/www.malinashop.lt\/wp-content\/uploads\/2026\/01\/PAESE-LONG-COVER-svytejimo-suteikiantis-makiazo-pagrindas-00-Nude-30-ml.webp","width":768,"height":768},{"@type":"BreadcrumbList","@id":"https:\/\/www.malinashop.lt\/shop\/paese-long-cover-svytejimo-suteikiantis-makiazo-pagrindas-00-nude-30-ml\/#breadcrumb","itemListElement":[{"@type":"ListItem","position":1,"name":"Pagrindinis","item":"https:\/\/www.malinashop.lt\/"},{"@type":"ListItem","position":2,"name":"Parduotuv\u0117","item":"https:\/\/www.malinashop.lt\/en\/parduotuve\/"},{"@type":"ListItem","position":3,"name":"PAESE LONG COVER \u0161vyt\u0117jimo suteikiantis makia\u017eo pagrindas (00 Nude), 30 ml"}]},{"@type":"WebSite","@id":"https:\/\/www.malinashop.lt\/#website","url":"https:\/\/www.malinashop.lt\/","name":"COM Group Ecommerce","description":"MalinaShop.lt - Gro\u017eio ir sveikatos produktai i\u0161 patikim\u0173 preki\u0173 \u017eenkl\u0173. Atraskite auk\u0161tos kokyb\u0117s kosmetik\u0105 u\u017e puiki\u0105 kain\u0105.","publisher":{"@id":"https:\/\/www.malinashop.lt\/#organization"},"potentialAction":[{"@type":"SearchAction","target":{"@type":"EntryPoint","urlTemplate":"https:\/\/www.malinashop.lt\/?s={search_term_string}"},"query-input":{"@type":"PropertyValueSpecification","valueRequired":true,"valueName":"search_term_string"}}],"inLanguage":"lt-LT"},{"@type":"Organization","@id":"https:\/\/www.malinashop.lt\/#organization","name":"COM Group Ecommerce","url":"https:\/\/www.malinashop.lt\/","logo":{"@type":"ImageObject","inLanguage":"lt-LT","@id":"https:\/\/www.malinashop.lt\/#\/schema\/logo\/image\/","url":"https:\/\/www.malinashop.lt\/wp-content\/uploads\/2024\/08\/462559670_3787732518133670_9795632669273463_n-e1731525914575.png","contentUrl":"https:\/\/www.malinashop.lt\/wp-content\/uploads\/2024\/08\/462559670_3787732518133670_9795632669273463_n-e1731525914575.png","width":180,"height":60,"caption":"COM Group Ecommerce"},"image":{"@id":"https:\/\/www.malinashop.lt\/#\/schema\/logo\/image\/"}}]}},"jetpack_sharing_enabled":true,"_links":{"self":[{"href":"https:\/\/www.malinashop.lt\/lt_lt\/wp-json\/wp\/v2\/product\/73006","targetHints":{"allow":["GET"]}}],"collection":[{"href":"https:\/\/www.malinashop.lt\/lt_lt\/wp-json\/wp\/v2\/product"}],"about":[{"href":"https:\/\/www.malinashop.lt\/lt_lt\/wp-json\/wp\/v2\/types\/product"}],"version-history":[{"count":1,"href":"https:\/\/www.malinashop.lt\/lt_lt\/wp-json\/wp\/v2\/product\/73006\/revisions"}],"predecessor-version":[{"id":73011,"href":"https:\/\/www.malinashop.lt\/lt_lt\/wp-json\/wp\/v2\/product\/73006\/revisions\/73011"}],"wp:featuredmedia":[{"embeddable":true,"href":"https:\/\/www.malinashop.lt\/lt_lt\/wp-json\/wp\/v2\/media\/73010"}],"wp:attachment":[{"href":"https:\/\/www.malinashop.lt\/lt_lt\/wp-json\/wp\/v2\/media?parent=73006"}],"wp:term":[{"taxonomy":"product_brand","embeddable":true,"href":"https:\/\/www.malinashop.lt\/lt_lt\/wp-json\/wp\/v2\/product_brand?post=73006"},{"taxonomy":"product_cat","embeddable":true,"href":"https:\/\/www.malinashop.lt\/lt_lt\/wp-json\/wp\/v2\/product_cat?post=73006"},{"taxonomy":"product_tag","embeddable":true,"href":"https:\/\/www.malinashop.lt\/lt_lt\/wp-json\/wp\/v2\/product_tag?post=73006"}],"curies":[{"name":"wp","href":"https:\/\/api.w.org\/{rel}","templated":true}]}}