{"id":73001,"date":"2026-01-07T00:03:29","date_gmt":"2026-01-06T21:03:29","guid":{"rendered":"https:\/\/malinashop.lt\/?post_type=product&#038;p=73001"},"modified":"2026-04-07T22:18:37","modified_gmt":"2026-04-07T19:18:37","slug":"paese-puff-cloud-skystas-kreminis-makiazo-pagrindas-04-shell-beige-37-ml","status":"publish","type":"product","link":"https:\/\/www.malinashop.lt\/lt_lt\/shop\/paese-puff-cloud-skystas-kreminis-makiazo-pagrindas-04-shell-beige-37-ml\/","title":{"rendered":"PAESE PUFF CLOUD skystas\u2013kreminis makia\u017eo pagrindas (04 Shell Beige), 37 ml"},"content":{"rendered":"<div class=\"cs__product-section container\">\n<p data-start=\"386\" data-end=\"664\">PAESE kremin\u0117 pudra <strong data-start=\"429\" data-end=\"460\">PUFF CLOUD (04 Shell Beige)<\/strong> sukurta taip, kad makia\u017eas atrodyt\u0173 nepriekai\u0161tingai, bet jaust\u0173si lengvai ir komforti\u0161kai vis\u0105 dien\u0105. <strong data-start=\"564\" data-end=\"601\">\u0160ilkin\u0117, skystai kremin\u0117 tekst\u016bra<\/strong> priglunda prie odos tarsi antra oda ir neduoda sunkumo jausmo.<\/p>\n<p data-start=\"666\" data-end=\"906\">Fiksuojanti formul\u0117 suteikia <strong data-start=\"695\" data-end=\"717\">vidutin\u012f maskavim\u0105<\/strong>, kur\u012f pagal poreik\u012f galite <strong data-start=\"745\" data-end=\"761\">sluoksniuoti<\/strong> \u2013 idealiai tinka tiek kasdienai, tiek proginio makia\u017eo pagrindui. Net ir u\u017etepus papildom\u0105 sluoksn\u012f, veidas i\u0161lieka nat\u016bralus, be kauk\u0117s efekto.<\/p>\n<p data-start=\"908\" data-end=\"1122\">Pudra suteikia <strong data-start=\"923\" data-end=\"942\">satinin\u012f efekt\u0105<\/strong> \u2013 oda atrodo glotnesn\u0117, vizualiai i\u0161lyginta, \u0161velniai \u0161vytinti. Ji <strong data-start=\"1010\" data-end=\"1053\">nepabr\u0117\u017eia smulki\u0173 linij\u0173 ar rauk\u0161leli\u0173<\/strong>, tod\u0117l puikiai tinka, kai norisi tvarkingo, bet neperd\u0117to rezultato.<\/p>\n<p data-start=\"1124\" data-end=\"1180\">Formul\u0117 praturtinta od\u0105 puosel\u0117jan\u010diais ingredientais:<\/p>\n<ul data-start=\"1181\" data-end=\"1379\">\n<li data-start=\"1181\" data-end=\"1267\">\n<p data-start=\"1183\" data-end=\"1267\"><strong data-start=\"1183\" data-end=\"1210\">lotoso \u017eied\u0173 ekstraktas<\/strong> \u2013 suteikia odai gaivumo, \u0161vyt\u0117jimo, padeda j\u0105 raminti;<\/p>\n<\/li>\n<li data-start=\"1268\" data-end=\"1379\">\n<p data-start=\"1270\" data-end=\"1379\"><strong data-start=\"1270\" data-end=\"1286\">niacinamidas<\/strong> \u2013 padeda sulyginti odos atspalv\u012f, ma\u017eina pilkum\u0105 ir palaiko skais\u010di\u0105, pri\u017ei\u016br\u0117t\u0105 i\u0161vaizd\u0105.<\/p>\n<\/li>\n<\/ul>\n<p data-start=\"1381\" data-end=\"1522\">Papildomas privalumas \u2013 <strong data-start=\"1405\" data-end=\"1415\">SPF 20<\/strong>, suteikiantis <strong data-start=\"1430\" data-end=\"1467\">kasdien\u0119 apsaug\u0105 nuo UV spinduli\u0173<\/strong>, tad tai puikus pasirinkimas miesto ir biuro makia\u017eui.<\/p>\n<p data-start=\"1524\" data-end=\"1653\">Atspalvis <strong data-start=\"1534\" data-end=\"1552\">04 Shell Beige<\/strong> \u2013 \u0161iltesnis, tinkantis vidutinio tono odai, norin\u010diai \u0161velnaus, \u0161iek tiek \u0161ilto, tolygaus atspalvio.<\/p>\n<p data-start=\"1655\" data-end=\"1684\"><strong data-start=\"1655\" data-end=\"1682\">Pagrindiniai privalumai<\/strong><\/p>\n<ul data-start=\"1685\" data-end=\"2016\">\n<li data-start=\"1685\" data-end=\"1733\">\n<p data-start=\"1687\" data-end=\"1733\">\u0160ilkin\u0117, komforti\u0161ka skysta\u2013kremin\u0117 tekst\u016bra<\/p>\n<\/li>\n<li data-start=\"1734\" data-end=\"1783\">\n<p data-start=\"1736\" data-end=\"1783\">Vidutinis, lengvai sluoksniuojamas maskavimas<\/p>\n<\/li>\n<li data-start=\"1784\" data-end=\"1840\">\n<p data-start=\"1786\" data-end=\"1840\">Satininis fini\u0161as ir nat\u016braliai glotni odos i\u0161vaizda<\/p>\n<\/li>\n<li data-start=\"1841\" data-end=\"1887\">\n<p data-start=\"1843\" data-end=\"1887\">Neakcentuoja smulki\u0173 linij\u0173 ar saus\u0173 viet\u0173<\/p>\n<\/li>\n<li data-start=\"1888\" data-end=\"1932\">\n<p data-start=\"1890\" data-end=\"1932\">Su lotoso \u017eied\u0173 ekstraktu ir niacinamidu<\/p>\n<\/li>\n<li data-start=\"1933\" data-end=\"1969\">\n<p data-start=\"1935\" data-end=\"1969\">SPF 20 kasdienei saul\u0117s apsaugai<\/p>\n<\/li>\n<li data-start=\"1970\" data-end=\"2016\">\n<p data-start=\"1972\" data-end=\"2016\">Idealiai tinka <strong data-start=\"1987\" data-end=\"2016\">normaliai ir mi\u0161riai odai<\/strong><\/p>\n<\/li>\n<\/ul>\n<p data-start=\"2018\" data-end=\"2034\"><strong data-start=\"2018\" data-end=\"2032\">Naudojimas<\/strong><\/p>\n<ul data-start=\"2035\" data-end=\"2309\">\n<li data-start=\"2035\" data-end=\"2109\">\n<p data-start=\"2037\" data-end=\"2109\">Tepkite ant paruo\u0161tos veido odos <strong data-start=\"2070\" data-end=\"2106\">kempin\u0117le, teptuku arba pir\u0161tais<\/strong>.<\/p>\n<\/li>\n<li data-start=\"2110\" data-end=\"2223\">\n<p data-start=\"2112\" data-end=\"2223\">Jei reikia stipresnio maskavimo, u\u017etepkite <strong data-start=\"2155\" data-end=\"2179\">antr\u0105 plon\u0105 sluoksn\u012f<\/strong> tik tose vietose, kur matomi netolygumai.<\/p>\n<\/li>\n<li data-start=\"2224\" data-end=\"2309\">\n<p data-start=\"2226\" data-end=\"2309\">Nor\u0117damos dar ilgesnio i\u0161silaikymo, u\u017efiksuokite pudr\u0105 biria arba kompaktine pudra.<\/p>\n<\/li>\n<\/ul>\n<\/div>\n","protected":false},"excerpt":{"rendered":"<p data-start=\"1191\" data-end=\"1410\">PAESE PUFF CLOUD (04 Shell Beige) \u2013 \u0161ilkin\u0117s tekst\u016bros skystas\u2013kreminis makia\u017eo pagrindas su vidutiniu, sluoksniuojamu maskavimu. Suteikia satinin\u012f fini\u0161\u0105, praturtintas lotoso \u017eied\u0173 ekstraktu, niacinamidu ir SPF 20 kasdienei apsaugai.<\/p>\n","protected":false},"featured_media":73004,"template":"","meta":[],"product_brand":[1534],"product_cat":[102,792],"product_tag":[1614],"class_list":{"0":"post-73001","1":"product","2":"type-product","3":"status-publish","4":"has-post-thumbnail","6":"product_brand-paese","7":"product_cat-dekoratyvine-kosmetika","8":"product_cat-veido-pudros","9":"product_tag-paese","11":"first","12":"instock","13":"purchasable","14":"product-type-simple"},"yoast_head":"<!-- This site is optimized with the Yoast SEO plugin v27.4 - https:\/\/yoast.com\/product\/yoast-seo-wordpress\/ -->\n<title>PAESE PUFF CLOUD skystas\u2013kreminis makia\u017eo pagrindas (04 Shell Beige), 37 ml - MalinaShop.lt J\u016bs\u0173 sveikatai ir gro\u017eiui.<\/title>\n<meta name=\"description\" content=\"PAESE PUFF CLOUD (04 Shell Beige) \u2013 \u0161ilkinis skystas\u2013kreminis makia\u017eo pagrindas su satiniu fini\u0161u, lotoso ekstraktu, niacinamidu ir SPF 20 normaliai ir mi\u0161riai odai.\" \/>\n<meta name=\"robots\" content=\"index, follow, max-snippet:-1, max-image-preview:large, max-video-preview:-1\" \/>\n<link rel=\"canonical\" href=\"https:\/\/www.malinashop.lt\/lt_lt\/shop\/paese-puff-cloud-skystas-kreminis-makiazo-pagrindas-04-shell-beige-37-ml\/\" \/>\n<meta property=\"og:locale\" content=\"lt_LT\" \/>\n<meta property=\"og:type\" content=\"article\" \/>\n<meta property=\"og:title\" content=\"PAESE PUFF CLOUD skystas\u2013kreminis makia\u017eo pagrindas (04 Shell Beige), 37 ml - MalinaShop.lt J\u016bs\u0173 sveikatai ir gro\u017eiui.\" \/>\n<meta property=\"og:description\" content=\"PAESE PUFF CLOUD (04 Shell Beige) \u2013 \u0161ilkinis skystas\u2013kreminis makia\u017eo pagrindas su satiniu fini\u0161u, lotoso ekstraktu, niacinamidu ir SPF 20 normaliai ir mi\u0161riai odai.\" \/>\n<meta property=\"og:url\" content=\"https:\/\/www.malinashop.lt\/lt_lt\/shop\/paese-puff-cloud-skystas-kreminis-makiazo-pagrindas-04-shell-beige-37-ml\/\" \/>\n<meta property=\"og:site_name\" content=\"MalinaShop.lt J\u016bs\u0173 sveikatai ir gro\u017eiui.\" \/>\n<meta property=\"article:modified_time\" content=\"2026-04-07T19:18:37+00:00\" \/>\n<meta property=\"og:image\" content=\"https:\/\/www.malinashop.lt\/wp-content\/uploads\/2026\/01\/PAESE-PUFF-CLOUD-skystas\u2013kreminis-makiazo-pagrindas-04-Shell-Beige-37-ml.webp\" \/>\n\t<meta property=\"og:image:width\" content=\"768\" \/>\n\t<meta property=\"og:image:height\" content=\"768\" \/>\n\t<meta property=\"og:image:type\" content=\"image\/webp\" \/>\n<meta name=\"twitter:card\" content=\"summary_large_image\" \/>\n<script type=\"application\/ld+json\" class=\"yoast-schema-graph\">{\"@context\":\"https:\\\/\\\/schema.org\",\"@graph\":[{\"@type\":\"WebPage\",\"@id\":\"https:\\\/\\\/www.malinashop.lt\\\/shop\\\/paese-puff-cloud-skystas-kreminis-makiazo-pagrindas-04-shell-beige-37-ml\\\/\",\"url\":\"https:\\\/\\\/www.malinashop.lt\\\/shop\\\/paese-puff-cloud-skystas-kreminis-makiazo-pagrindas-04-shell-beige-37-ml\\\/\",\"name\":\"PAESE PUFF CLOUD skystas\u2013kreminis makia\u017eo pagrindas (04 Shell Beige), 37 ml - MalinaShop.lt J\u016bs\u0173 sveikatai ir gro\u017eiui.\",\"isPartOf\":{\"@id\":\"https:\\\/\\\/www.malinashop.lt\\\/#website\"},\"primaryImageOfPage\":{\"@id\":\"https:\\\/\\\/www.malinashop.lt\\\/shop\\\/paese-puff-cloud-skystas-kreminis-makiazo-pagrindas-04-shell-beige-37-ml\\\/#primaryimage\"},\"image\":{\"@id\":\"https:\\\/\\\/www.malinashop.lt\\\/shop\\\/paese-puff-cloud-skystas-kreminis-makiazo-pagrindas-04-shell-beige-37-ml\\\/#primaryimage\"},\"thumbnailUrl\":\"https:\\\/\\\/www.malinashop.lt\\\/wp-content\\\/uploads\\\/2026\\\/01\\\/PAESE-PUFF-CLOUD-skystas\u2013kreminis-makiazo-pagrindas-04-Shell-Beige-37-ml.webp\",\"datePublished\":\"2026-01-06T21:03:29+00:00\",\"dateModified\":\"2026-04-07T19:18:37+00:00\",\"description\":\"PAESE PUFF CLOUD (04 Shell Beige) \u2013 \u0161ilkinis skystas\u2013kreminis makia\u017eo pagrindas su satiniu fini\u0161u, lotoso ekstraktu, niacinamidu ir SPF 20 normaliai ir mi\u0161riai odai.\",\"breadcrumb\":{\"@id\":\"https:\\\/\\\/www.malinashop.lt\\\/shop\\\/paese-puff-cloud-skystas-kreminis-makiazo-pagrindas-04-shell-beige-37-ml\\\/#breadcrumb\"},\"inLanguage\":\"lt-LT\",\"potentialAction\":[{\"@type\":\"ReadAction\",\"target\":[\"https:\\\/\\\/www.malinashop.lt\\\/shop\\\/paese-puff-cloud-skystas-kreminis-makiazo-pagrindas-04-shell-beige-37-ml\\\/\"]}]},{\"@type\":\"ImageObject\",\"inLanguage\":\"lt-LT\",\"@id\":\"https:\\\/\\\/www.malinashop.lt\\\/shop\\\/paese-puff-cloud-skystas-kreminis-makiazo-pagrindas-04-shell-beige-37-ml\\\/#primaryimage\",\"url\":\"https:\\\/\\\/www.malinashop.lt\\\/wp-content\\\/uploads\\\/2026\\\/01\\\/PAESE-PUFF-CLOUD-skystas\u2013kreminis-makiazo-pagrindas-04-Shell-Beige-37-ml.webp\",\"contentUrl\":\"https:\\\/\\\/www.malinashop.lt\\\/wp-content\\\/uploads\\\/2026\\\/01\\\/PAESE-PUFF-CLOUD-skystas\u2013kreminis-makiazo-pagrindas-04-Shell-Beige-37-ml.webp\",\"width\":768,\"height\":768},{\"@type\":\"BreadcrumbList\",\"@id\":\"https:\\\/\\\/www.malinashop.lt\\\/shop\\\/paese-puff-cloud-skystas-kreminis-makiazo-pagrindas-04-shell-beige-37-ml\\\/#breadcrumb\",\"itemListElement\":[{\"@type\":\"ListItem\",\"position\":1,\"name\":\"Pagrindinis\",\"item\":\"https:\\\/\\\/www.malinashop.lt\\\/\"},{\"@type\":\"ListItem\",\"position\":2,\"name\":\"Parduotuv\u0117\",\"item\":\"https:\\\/\\\/www.malinashop.lt\\\/en\\\/parduotuve\\\/\"},{\"@type\":\"ListItem\",\"position\":3,\"name\":\"PAESE PUFF CLOUD skystas\u2013kreminis makia\u017eo pagrindas (04 Shell Beige), 37 ml\"}]},{\"@type\":\"WebSite\",\"@id\":\"https:\\\/\\\/www.malinashop.lt\\\/#website\",\"url\":\"https:\\\/\\\/www.malinashop.lt\\\/\",\"name\":\"COM Group Ecommerce\",\"description\":\"MalinaShop.lt - Gro\u017eio ir sveikatos produktai i\u0161 patikim\u0173 preki\u0173 \u017eenkl\u0173. Atraskite auk\u0161tos kokyb\u0117s kosmetik\u0105 u\u017e puiki\u0105 kain\u0105.\",\"publisher\":{\"@id\":\"https:\\\/\\\/www.malinashop.lt\\\/#organization\"},\"potentialAction\":[{\"@type\":\"SearchAction\",\"target\":{\"@type\":\"EntryPoint\",\"urlTemplate\":\"https:\\\/\\\/www.malinashop.lt\\\/?s={search_term_string}\"},\"query-input\":{\"@type\":\"PropertyValueSpecification\",\"valueRequired\":true,\"valueName\":\"search_term_string\"}}],\"inLanguage\":\"lt-LT\"},{\"@type\":\"Organization\",\"@id\":\"https:\\\/\\\/www.malinashop.lt\\\/#organization\",\"name\":\"COM Group Ecommerce\",\"url\":\"https:\\\/\\\/www.malinashop.lt\\\/\",\"logo\":{\"@type\":\"ImageObject\",\"inLanguage\":\"lt-LT\",\"@id\":\"https:\\\/\\\/www.malinashop.lt\\\/#\\\/schema\\\/logo\\\/image\\\/\",\"url\":\"https:\\\/\\\/www.malinashop.lt\\\/wp-content\\\/uploads\\\/2024\\\/08\\\/462559670_3787732518133670_9795632669273463_n-e1731525914575.png\",\"contentUrl\":\"https:\\\/\\\/www.malinashop.lt\\\/wp-content\\\/uploads\\\/2024\\\/08\\\/462559670_3787732518133670_9795632669273463_n-e1731525914575.png\",\"width\":180,\"height\":60,\"caption\":\"COM Group Ecommerce\"},\"image\":{\"@id\":\"https:\\\/\\\/www.malinashop.lt\\\/#\\\/schema\\\/logo\\\/image\\\/\"}}]}<\/script>\n<!-- \/ Yoast SEO plugin. -->","yoast_head_json":{"title":"PAESE PUFF CLOUD skystas\u2013kreminis makia\u017eo pagrindas (04 Shell Beige), 37 ml - MalinaShop.lt J\u016bs\u0173 sveikatai ir gro\u017eiui.","description":"PAESE PUFF CLOUD (04 Shell Beige) \u2013 \u0161ilkinis skystas\u2013kreminis makia\u017eo pagrindas su satiniu fini\u0161u, lotoso ekstraktu, niacinamidu ir SPF 20 normaliai ir mi\u0161riai odai.","robots":{"index":"index","follow":"follow","max-snippet":"max-snippet:-1","max-image-preview":"max-image-preview:large","max-video-preview":"max-video-preview:-1"},"canonical":"https:\/\/www.malinashop.lt\/lt_lt\/shop\/paese-puff-cloud-skystas-kreminis-makiazo-pagrindas-04-shell-beige-37-ml\/","og_locale":"lt_LT","og_type":"article","og_title":"PAESE PUFF CLOUD skystas\u2013kreminis makia\u017eo pagrindas (04 Shell Beige), 37 ml - MalinaShop.lt J\u016bs\u0173 sveikatai ir gro\u017eiui.","og_description":"PAESE PUFF CLOUD (04 Shell Beige) \u2013 \u0161ilkinis skystas\u2013kreminis makia\u017eo pagrindas su satiniu fini\u0161u, lotoso ekstraktu, niacinamidu ir SPF 20 normaliai ir mi\u0161riai odai.","og_url":"https:\/\/www.malinashop.lt\/lt_lt\/shop\/paese-puff-cloud-skystas-kreminis-makiazo-pagrindas-04-shell-beige-37-ml\/","og_site_name":"MalinaShop.lt J\u016bs\u0173 sveikatai ir gro\u017eiui.","article_modified_time":"2026-04-07T19:18:37+00:00","og_image":[{"width":768,"height":768,"url":"https:\/\/www.malinashop.lt\/wp-content\/uploads\/2026\/01\/PAESE-PUFF-CLOUD-skystas\u2013kreminis-makiazo-pagrindas-04-Shell-Beige-37-ml.webp","type":"image\/webp"}],"twitter_card":"summary_large_image","schema":{"@context":"https:\/\/schema.org","@graph":[{"@type":"WebPage","@id":"https:\/\/www.malinashop.lt\/shop\/paese-puff-cloud-skystas-kreminis-makiazo-pagrindas-04-shell-beige-37-ml\/","url":"https:\/\/www.malinashop.lt\/shop\/paese-puff-cloud-skystas-kreminis-makiazo-pagrindas-04-shell-beige-37-ml\/","name":"PAESE PUFF CLOUD skystas\u2013kreminis makia\u017eo pagrindas (04 Shell Beige), 37 ml - MalinaShop.lt J\u016bs\u0173 sveikatai ir gro\u017eiui.","isPartOf":{"@id":"https:\/\/www.malinashop.lt\/#website"},"primaryImageOfPage":{"@id":"https:\/\/www.malinashop.lt\/shop\/paese-puff-cloud-skystas-kreminis-makiazo-pagrindas-04-shell-beige-37-ml\/#primaryimage"},"image":{"@id":"https:\/\/www.malinashop.lt\/shop\/paese-puff-cloud-skystas-kreminis-makiazo-pagrindas-04-shell-beige-37-ml\/#primaryimage"},"thumbnailUrl":"https:\/\/www.malinashop.lt\/wp-content\/uploads\/2026\/01\/PAESE-PUFF-CLOUD-skystas\u2013kreminis-makiazo-pagrindas-04-Shell-Beige-37-ml.webp","datePublished":"2026-01-06T21:03:29+00:00","dateModified":"2026-04-07T19:18:37+00:00","description":"PAESE PUFF CLOUD (04 Shell Beige) \u2013 \u0161ilkinis skystas\u2013kreminis makia\u017eo pagrindas su satiniu fini\u0161u, lotoso ekstraktu, niacinamidu ir SPF 20 normaliai ir mi\u0161riai odai.","breadcrumb":{"@id":"https:\/\/www.malinashop.lt\/shop\/paese-puff-cloud-skystas-kreminis-makiazo-pagrindas-04-shell-beige-37-ml\/#breadcrumb"},"inLanguage":"lt-LT","potentialAction":[{"@type":"ReadAction","target":["https:\/\/www.malinashop.lt\/shop\/paese-puff-cloud-skystas-kreminis-makiazo-pagrindas-04-shell-beige-37-ml\/"]}]},{"@type":"ImageObject","inLanguage":"lt-LT","@id":"https:\/\/www.malinashop.lt\/shop\/paese-puff-cloud-skystas-kreminis-makiazo-pagrindas-04-shell-beige-37-ml\/#primaryimage","url":"https:\/\/www.malinashop.lt\/wp-content\/uploads\/2026\/01\/PAESE-PUFF-CLOUD-skystas\u2013kreminis-makiazo-pagrindas-04-Shell-Beige-37-ml.webp","contentUrl":"https:\/\/www.malinashop.lt\/wp-content\/uploads\/2026\/01\/PAESE-PUFF-CLOUD-skystas\u2013kreminis-makiazo-pagrindas-04-Shell-Beige-37-ml.webp","width":768,"height":768},{"@type":"BreadcrumbList","@id":"https:\/\/www.malinashop.lt\/shop\/paese-puff-cloud-skystas-kreminis-makiazo-pagrindas-04-shell-beige-37-ml\/#breadcrumb","itemListElement":[{"@type":"ListItem","position":1,"name":"Pagrindinis","item":"https:\/\/www.malinashop.lt\/"},{"@type":"ListItem","position":2,"name":"Parduotuv\u0117","item":"https:\/\/www.malinashop.lt\/en\/parduotuve\/"},{"@type":"ListItem","position":3,"name":"PAESE PUFF CLOUD skystas\u2013kreminis makia\u017eo pagrindas (04 Shell Beige), 37 ml"}]},{"@type":"WebSite","@id":"https:\/\/www.malinashop.lt\/#website","url":"https:\/\/www.malinashop.lt\/","name":"COM Group Ecommerce","description":"MalinaShop.lt - Gro\u017eio ir sveikatos produktai i\u0161 patikim\u0173 preki\u0173 \u017eenkl\u0173. Atraskite auk\u0161tos kokyb\u0117s kosmetik\u0105 u\u017e puiki\u0105 kain\u0105.","publisher":{"@id":"https:\/\/www.malinashop.lt\/#organization"},"potentialAction":[{"@type":"SearchAction","target":{"@type":"EntryPoint","urlTemplate":"https:\/\/www.malinashop.lt\/?s={search_term_string}"},"query-input":{"@type":"PropertyValueSpecification","valueRequired":true,"valueName":"search_term_string"}}],"inLanguage":"lt-LT"},{"@type":"Organization","@id":"https:\/\/www.malinashop.lt\/#organization","name":"COM Group Ecommerce","url":"https:\/\/www.malinashop.lt\/","logo":{"@type":"ImageObject","inLanguage":"lt-LT","@id":"https:\/\/www.malinashop.lt\/#\/schema\/logo\/image\/","url":"https:\/\/www.malinashop.lt\/wp-content\/uploads\/2024\/08\/462559670_3787732518133670_9795632669273463_n-e1731525914575.png","contentUrl":"https:\/\/www.malinashop.lt\/wp-content\/uploads\/2024\/08\/462559670_3787732518133670_9795632669273463_n-e1731525914575.png","width":180,"height":60,"caption":"COM Group Ecommerce"},"image":{"@id":"https:\/\/www.malinashop.lt\/#\/schema\/logo\/image\/"}}]}},"jetpack_sharing_enabled":true,"_links":{"self":[{"href":"https:\/\/www.malinashop.lt\/lt_lt\/wp-json\/wp\/v2\/product\/73001","targetHints":{"allow":["GET"]}}],"collection":[{"href":"https:\/\/www.malinashop.lt\/lt_lt\/wp-json\/wp\/v2\/product"}],"about":[{"href":"https:\/\/www.malinashop.lt\/lt_lt\/wp-json\/wp\/v2\/types\/product"}],"version-history":[{"count":1,"href":"https:\/\/www.malinashop.lt\/lt_lt\/wp-json\/wp\/v2\/product\/73001\/revisions"}],"predecessor-version":[{"id":73005,"href":"https:\/\/www.malinashop.lt\/lt_lt\/wp-json\/wp\/v2\/product\/73001\/revisions\/73005"}],"wp:featuredmedia":[{"embeddable":true,"href":"https:\/\/www.malinashop.lt\/lt_lt\/wp-json\/wp\/v2\/media\/73004"}],"wp:attachment":[{"href":"https:\/\/www.malinashop.lt\/lt_lt\/wp-json\/wp\/v2\/media?parent=73001"}],"wp:term":[{"taxonomy":"product_brand","embeddable":true,"href":"https:\/\/www.malinashop.lt\/lt_lt\/wp-json\/wp\/v2\/product_brand?post=73001"},{"taxonomy":"product_cat","embeddable":true,"href":"https:\/\/www.malinashop.lt\/lt_lt\/wp-json\/wp\/v2\/product_cat?post=73001"},{"taxonomy":"product_tag","embeddable":true,"href":"https:\/\/www.malinashop.lt\/lt_lt\/wp-json\/wp\/v2\/product_tag?post=73001"}],"curies":[{"name":"wp","href":"https:\/\/api.w.org\/{rel}","templated":true}]}}