{"id":72996,"date":"2026-01-07T00:01:41","date_gmt":"2026-01-06T21:01:41","guid":{"rendered":"https:\/\/malinashop.lt\/?post_type=product&#038;p=72996"},"modified":"2026-04-07T22:18:37","modified_gmt":"2026-04-07T19:18:37","slug":"paese-puff-cloud-kremine-makiazo-pudra-03-sand-beige-37-ml","status":"publish","type":"product","link":"https:\/\/www.malinashop.lt\/lt_lt\/shop\/paese-puff-cloud-kremine-makiazo-pudra-03-sand-beige-37-ml\/","title":{"rendered":"PAESE PUFF CLOUD kremin\u0117 makia\u017eo pudra (03 Sand Beige), 37 ml"},"content":{"rendered":"<div class=\"cs__product-section container\">\n<p data-start=\"353\" data-end=\"716\">PAESE kremin\u0117 pudra <strong data-start=\"396\" data-end=\"426\">PUFF CLOUD (03 Sand Beige)<\/strong> veid\u0105 apgaubia lyg lengvas \u0161ydas \u2013 <strong data-start=\"462\" data-end=\"482\">\u0161ilkin\u0117 tekst\u016bra<\/strong> priglunda prie odos tarsi antra oda ir suteikia komfort\u0105 visai dienai. Fiksuojanti formul\u0117 u\u017etikrina <strong data-start=\"584\" data-end=\"606\">vidutin\u012f maskavim\u0105<\/strong>, kur\u012f galima lengvai sluoksniuoti ten, kur reikia daugiau dengimo, i\u0161laikant nat\u016bral\u0173, neperkraut\u0105 rezultat\u0105.<\/p>\n<p data-start=\"718\" data-end=\"941\">Pudra suteikia <strong data-start=\"733\" data-end=\"752\">satinin\u012f efekt\u0105<\/strong> \u2013 oda atrodo lygesn\u0117, vizualiai i\u0161lyginta, \u0161velniai \u0161vytinti. Formul\u0117 specialiai sukurta taip, kad <strong data-start=\"852\" data-end=\"895\">nepabr\u0117\u017et\u0173 smulki\u0173 linij\u0173 ar rauk\u0161leli\u0173<\/strong>, tod\u0117l makia\u017eas i\u0161lieka esteti\u0161kas ir gaivus.<\/p>\n<p data-start=\"943\" data-end=\"1007\">Sud\u0117tyje esantys aktyvieji komponentai r\u016bpinasi ir odos b\u016bkle:<\/p>\n<ul data-start=\"1008\" data-end=\"1200\">\n<li data-start=\"1008\" data-end=\"1085\">\n<p data-start=\"1010\" data-end=\"1085\"><strong data-start=\"1010\" data-end=\"1037\">lotoso \u017eied\u0173 ekstraktas<\/strong> \u2013 suteikia odai \u0161vyt\u0117jimo, gaivumo ir ramina;<\/p>\n<\/li>\n<li data-start=\"1086\" data-end=\"1200\">\n<p data-start=\"1088\" data-end=\"1200\"><strong data-start=\"1088\" data-end=\"1104\">niacinamidas<\/strong> \u2013 padeda suvienodinti odos atspalv\u012f, gerina bendr\u0105 odos i\u0161vaizd\u0105 ir skatina sveik\u0105 \u0161vyt\u0117jim\u0105.<\/p>\n<\/li>\n<\/ul>\n<p data-start=\"1202\" data-end=\"1353\">Papildomas privalumas \u2013 <strong data-start=\"1226\" data-end=\"1236\">SPF 20<\/strong>, kuris suteikia <strong data-start=\"1253\" data-end=\"1294\">kasdien\u0119 apsaug\u0105 nuo saul\u0117s spinduli\u0173<\/strong>, tod\u0117l tai puikus pasirinkimas kasdieniam miesto makia\u017eui.<\/p>\n<p data-start=\"1355\" data-end=\"1506\">Atspalvis <strong data-start=\"1365\" data-end=\"1382\">03 Sand Beige<\/strong> tinka <strong data-start=\"1389\" data-end=\"1412\">vidutinio tono odai<\/strong> su \u0161iltesniu ar neutraliu potoniu, kai norisi nat\u016braliai tolygaus, \u0161iek tiek \u0161ilto atspalvio.<\/p>\n<p data-start=\"1508\" data-end=\"1537\"><strong data-start=\"1508\" data-end=\"1535\">Pagrindiniai privalumai<\/strong><\/p>\n<ul data-start=\"1538\" data-end=\"1882\">\n<li data-start=\"1538\" data-end=\"1587\">\n<p data-start=\"1540\" data-end=\"1587\">\u0160ilkin\u0117, komforti\u0161ka tekst\u016bra tarsi antra oda<\/p>\n<\/li>\n<li data-start=\"1588\" data-end=\"1643\">\n<p data-start=\"1590\" data-end=\"1643\">Vidutinis, pagal poreik\u012f sluoksniuojamas maskavimas<\/p>\n<\/li>\n<li data-start=\"1644\" data-end=\"1687\">\n<p data-start=\"1646\" data-end=\"1687\">Satininis, nat\u016braliai \u0161vytintis fini\u0161as<\/p>\n<\/li>\n<li data-start=\"1688\" data-end=\"1732\">\n<p data-start=\"1690\" data-end=\"1732\">Nepabr\u0117\u017eia smulki\u0173 linij\u0173 ir saus\u0173 viet\u0173<\/p>\n<\/li>\n<li data-start=\"1733\" data-end=\"1792\">\n<p data-start=\"1735\" data-end=\"1792\">Lotoso \u017eied\u0173 ekstraktas ir niacinamidas odos prie\u017ei\u016brai<\/p>\n<\/li>\n<li data-start=\"1793\" data-end=\"1835\">\n<p data-start=\"1795\" data-end=\"1835\">SPF 20 \u2013 kasdienei apsaugai nuo saul\u0117s<\/p>\n<\/li>\n<li data-start=\"1836\" data-end=\"1882\">\n<p data-start=\"1838\" data-end=\"1882\">Idealiai tinka <strong data-start=\"1853\" data-end=\"1882\">normaliai ir mi\u0161riai odai<\/strong><\/p>\n<\/li>\n<\/ul>\n<p data-start=\"1884\" data-end=\"1900\"><strong data-start=\"1884\" data-end=\"1898\">Naudojimas<\/strong><\/p>\n<ul data-start=\"1901\" data-end=\"2182\">\n<li data-start=\"1901\" data-end=\"1975\">\n<p data-start=\"1903\" data-end=\"1975\">Tepkite ant paruo\u0161tos veido odos <strong data-start=\"1936\" data-end=\"1972\">kempin\u0117le, teptuku arba pir\u0161tais<\/strong>.<\/p>\n<\/li>\n<li data-start=\"1976\" data-end=\"2092\">\n<p data-start=\"1978\" data-end=\"2092\">Nor\u0117damos didesnio maskavimo, u\u017etepkite <strong data-start=\"2018\" data-end=\"2042\">antr\u0105 plon\u0105 sluoksn\u012f<\/strong> tik tose vietose, kur reikia papildomo dengimo.<\/p>\n<\/li>\n<li data-start=\"2093\" data-end=\"2182\">\n<p data-start=\"2095\" data-end=\"2182\">Jei norite dar ilgesnio i\u0161silaikymo, pudr\u0105 galima u\u017efiksuoti biria ar kompaktine pudra.<\/p>\n<\/li>\n<\/ul>\n<\/div>\n","protected":false},"excerpt":{"rendered":"<p data-start=\"1191\" data-end=\"1410\">PAESE PUFF CLOUD (03 Sand Beige) \u2013 \u0161ilkin\u0117s tekst\u016bros, vidutinio maskavimo kremin\u0117 pudra su satiniu fini\u0161u, lotoso \u017eied\u0173 ekstraktu, niacinamidu ir SPF 20. Suteikia nat\u016braliai glotni\u0105, \u0161vytin\u010di\u0105 od\u0105 be kauk\u0117s efekto.<\/p>\n","protected":false},"featured_media":72999,"template":"","meta":[],"product_brand":[1534],"product_cat":[102,792],"product_tag":[1614],"class_list":{"0":"post-72996","1":"product","2":"type-product","3":"status-publish","4":"has-post-thumbnail","6":"product_brand-paese","7":"product_cat-dekoratyvine-kosmetika","8":"product_cat-veido-pudros","9":"product_tag-paese","11":"first","12":"instock","13":"purchasable","14":"product-type-simple"},"yoast_head":"<!-- This site is optimized with the Yoast SEO plugin v27.4 - https:\/\/yoast.com\/product\/yoast-seo-wordpress\/ -->\n<title>PAESE PUFF CLOUD kremin\u0117 makia\u017eo pudra (03 Sand Beige), 37 ml - MalinaShop.lt J\u016bs\u0173 sveikatai ir gro\u017eiui.<\/title>\n<meta name=\"description\" content=\"PAESE PUFF CLOUD (03 Sand Beige) \u2013 \u0161ilkin\u0117, vidutinio maskavimo kremin\u0117 pudra su satiniu fini\u0161u, lotoso ekstraktu, niacinamidu ir SPF 20, normaliai ir mi\u0161riai odai.\" \/>\n<meta name=\"robots\" content=\"index, follow, max-snippet:-1, max-image-preview:large, max-video-preview:-1\" \/>\n<link rel=\"canonical\" href=\"https:\/\/www.malinashop.lt\/lt_lt\/shop\/paese-puff-cloud-kremine-makiazo-pudra-03-sand-beige-37-ml\/\" \/>\n<meta property=\"og:locale\" content=\"lt_LT\" \/>\n<meta property=\"og:type\" content=\"article\" \/>\n<meta property=\"og:title\" content=\"PAESE PUFF CLOUD kremin\u0117 makia\u017eo pudra (03 Sand Beige), 37 ml - MalinaShop.lt J\u016bs\u0173 sveikatai ir gro\u017eiui.\" \/>\n<meta property=\"og:description\" content=\"PAESE PUFF CLOUD (03 Sand Beige) \u2013 \u0161ilkin\u0117, vidutinio maskavimo kremin\u0117 pudra su satiniu fini\u0161u, lotoso ekstraktu, niacinamidu ir SPF 20, normaliai ir mi\u0161riai odai.\" \/>\n<meta property=\"og:url\" content=\"https:\/\/www.malinashop.lt\/lt_lt\/shop\/paese-puff-cloud-kremine-makiazo-pudra-03-sand-beige-37-ml\/\" \/>\n<meta property=\"og:site_name\" content=\"MalinaShop.lt J\u016bs\u0173 sveikatai ir gro\u017eiui.\" \/>\n<meta property=\"article:modified_time\" content=\"2026-04-07T19:18:37+00:00\" \/>\n<meta property=\"og:image\" content=\"https:\/\/www.malinashop.lt\/wp-content\/uploads\/2026\/01\/PAESE-PUFF-CLOUD-kremine-makiazo-pudra-03-Sand-Beige-37-ml.webp\" \/>\n\t<meta property=\"og:image:width\" content=\"768\" \/>\n\t<meta property=\"og:image:height\" content=\"768\" \/>\n\t<meta property=\"og:image:type\" content=\"image\/webp\" \/>\n<meta name=\"twitter:card\" content=\"summary_large_image\" \/>\n<script type=\"application\/ld+json\" class=\"yoast-schema-graph\">{\"@context\":\"https:\\\/\\\/schema.org\",\"@graph\":[{\"@type\":\"WebPage\",\"@id\":\"https:\\\/\\\/www.malinashop.lt\\\/shop\\\/paese-puff-cloud-kremine-makiazo-pudra-03-sand-beige-37-ml\\\/\",\"url\":\"https:\\\/\\\/www.malinashop.lt\\\/shop\\\/paese-puff-cloud-kremine-makiazo-pudra-03-sand-beige-37-ml\\\/\",\"name\":\"PAESE PUFF CLOUD kremin\u0117 makia\u017eo pudra (03 Sand Beige), 37 ml - MalinaShop.lt J\u016bs\u0173 sveikatai ir gro\u017eiui.\",\"isPartOf\":{\"@id\":\"https:\\\/\\\/www.malinashop.lt\\\/#website\"},\"primaryImageOfPage\":{\"@id\":\"https:\\\/\\\/www.malinashop.lt\\\/shop\\\/paese-puff-cloud-kremine-makiazo-pudra-03-sand-beige-37-ml\\\/#primaryimage\"},\"image\":{\"@id\":\"https:\\\/\\\/www.malinashop.lt\\\/shop\\\/paese-puff-cloud-kremine-makiazo-pudra-03-sand-beige-37-ml\\\/#primaryimage\"},\"thumbnailUrl\":\"https:\\\/\\\/www.malinashop.lt\\\/wp-content\\\/uploads\\\/2026\\\/01\\\/PAESE-PUFF-CLOUD-kremine-makiazo-pudra-03-Sand-Beige-37-ml.webp\",\"datePublished\":\"2026-01-06T21:01:41+00:00\",\"dateModified\":\"2026-04-07T19:18:37+00:00\",\"description\":\"PAESE PUFF CLOUD (03 Sand Beige) \u2013 \u0161ilkin\u0117, vidutinio maskavimo kremin\u0117 pudra su satiniu fini\u0161u, lotoso ekstraktu, niacinamidu ir SPF 20, normaliai ir mi\u0161riai odai.\",\"breadcrumb\":{\"@id\":\"https:\\\/\\\/www.malinashop.lt\\\/shop\\\/paese-puff-cloud-kremine-makiazo-pudra-03-sand-beige-37-ml\\\/#breadcrumb\"},\"inLanguage\":\"lt-LT\",\"potentialAction\":[{\"@type\":\"ReadAction\",\"target\":[\"https:\\\/\\\/www.malinashop.lt\\\/shop\\\/paese-puff-cloud-kremine-makiazo-pudra-03-sand-beige-37-ml\\\/\"]}]},{\"@type\":\"ImageObject\",\"inLanguage\":\"lt-LT\",\"@id\":\"https:\\\/\\\/www.malinashop.lt\\\/shop\\\/paese-puff-cloud-kremine-makiazo-pudra-03-sand-beige-37-ml\\\/#primaryimage\",\"url\":\"https:\\\/\\\/www.malinashop.lt\\\/wp-content\\\/uploads\\\/2026\\\/01\\\/PAESE-PUFF-CLOUD-kremine-makiazo-pudra-03-Sand-Beige-37-ml.webp\",\"contentUrl\":\"https:\\\/\\\/www.malinashop.lt\\\/wp-content\\\/uploads\\\/2026\\\/01\\\/PAESE-PUFF-CLOUD-kremine-makiazo-pudra-03-Sand-Beige-37-ml.webp\",\"width\":768,\"height\":768},{\"@type\":\"BreadcrumbList\",\"@id\":\"https:\\\/\\\/www.malinashop.lt\\\/shop\\\/paese-puff-cloud-kremine-makiazo-pudra-03-sand-beige-37-ml\\\/#breadcrumb\",\"itemListElement\":[{\"@type\":\"ListItem\",\"position\":1,\"name\":\"Pagrindinis\",\"item\":\"https:\\\/\\\/www.malinashop.lt\\\/\"},{\"@type\":\"ListItem\",\"position\":2,\"name\":\"Parduotuv\u0117\",\"item\":\"https:\\\/\\\/www.malinashop.lt\\\/en\\\/parduotuve\\\/\"},{\"@type\":\"ListItem\",\"position\":3,\"name\":\"PAESE PUFF CLOUD kremin\u0117 makia\u017eo pudra (03 Sand Beige), 37 ml\"}]},{\"@type\":\"WebSite\",\"@id\":\"https:\\\/\\\/www.malinashop.lt\\\/#website\",\"url\":\"https:\\\/\\\/www.malinashop.lt\\\/\",\"name\":\"COM Group Ecommerce\",\"description\":\"MalinaShop.lt - Gro\u017eio ir sveikatos produktai i\u0161 patikim\u0173 preki\u0173 \u017eenkl\u0173. Atraskite auk\u0161tos kokyb\u0117s kosmetik\u0105 u\u017e puiki\u0105 kain\u0105.\",\"publisher\":{\"@id\":\"https:\\\/\\\/www.malinashop.lt\\\/#organization\"},\"potentialAction\":[{\"@type\":\"SearchAction\",\"target\":{\"@type\":\"EntryPoint\",\"urlTemplate\":\"https:\\\/\\\/www.malinashop.lt\\\/?s={search_term_string}\"},\"query-input\":{\"@type\":\"PropertyValueSpecification\",\"valueRequired\":true,\"valueName\":\"search_term_string\"}}],\"inLanguage\":\"lt-LT\"},{\"@type\":\"Organization\",\"@id\":\"https:\\\/\\\/www.malinashop.lt\\\/#organization\",\"name\":\"COM Group Ecommerce\",\"url\":\"https:\\\/\\\/www.malinashop.lt\\\/\",\"logo\":{\"@type\":\"ImageObject\",\"inLanguage\":\"lt-LT\",\"@id\":\"https:\\\/\\\/www.malinashop.lt\\\/#\\\/schema\\\/logo\\\/image\\\/\",\"url\":\"https:\\\/\\\/www.malinashop.lt\\\/wp-content\\\/uploads\\\/2024\\\/08\\\/462559670_3787732518133670_9795632669273463_n-e1731525914575.png\",\"contentUrl\":\"https:\\\/\\\/www.malinashop.lt\\\/wp-content\\\/uploads\\\/2024\\\/08\\\/462559670_3787732518133670_9795632669273463_n-e1731525914575.png\",\"width\":180,\"height\":60,\"caption\":\"COM Group Ecommerce\"},\"image\":{\"@id\":\"https:\\\/\\\/www.malinashop.lt\\\/#\\\/schema\\\/logo\\\/image\\\/\"}}]}<\/script>\n<!-- \/ Yoast SEO plugin. -->","yoast_head_json":{"title":"PAESE PUFF CLOUD kremin\u0117 makia\u017eo pudra (03 Sand Beige), 37 ml - MalinaShop.lt J\u016bs\u0173 sveikatai ir gro\u017eiui.","description":"PAESE PUFF CLOUD (03 Sand Beige) \u2013 \u0161ilkin\u0117, vidutinio maskavimo kremin\u0117 pudra su satiniu fini\u0161u, lotoso ekstraktu, niacinamidu ir SPF 20, normaliai ir mi\u0161riai odai.","robots":{"index":"index","follow":"follow","max-snippet":"max-snippet:-1","max-image-preview":"max-image-preview:large","max-video-preview":"max-video-preview:-1"},"canonical":"https:\/\/www.malinashop.lt\/lt_lt\/shop\/paese-puff-cloud-kremine-makiazo-pudra-03-sand-beige-37-ml\/","og_locale":"lt_LT","og_type":"article","og_title":"PAESE PUFF CLOUD kremin\u0117 makia\u017eo pudra (03 Sand Beige), 37 ml - MalinaShop.lt J\u016bs\u0173 sveikatai ir gro\u017eiui.","og_description":"PAESE PUFF CLOUD (03 Sand Beige) \u2013 \u0161ilkin\u0117, vidutinio maskavimo kremin\u0117 pudra su satiniu fini\u0161u, lotoso ekstraktu, niacinamidu ir SPF 20, normaliai ir mi\u0161riai odai.","og_url":"https:\/\/www.malinashop.lt\/lt_lt\/shop\/paese-puff-cloud-kremine-makiazo-pudra-03-sand-beige-37-ml\/","og_site_name":"MalinaShop.lt J\u016bs\u0173 sveikatai ir gro\u017eiui.","article_modified_time":"2026-04-07T19:18:37+00:00","og_image":[{"width":768,"height":768,"url":"https:\/\/www.malinashop.lt\/wp-content\/uploads\/2026\/01\/PAESE-PUFF-CLOUD-kremine-makiazo-pudra-03-Sand-Beige-37-ml.webp","type":"image\/webp"}],"twitter_card":"summary_large_image","schema":{"@context":"https:\/\/schema.org","@graph":[{"@type":"WebPage","@id":"https:\/\/www.malinashop.lt\/shop\/paese-puff-cloud-kremine-makiazo-pudra-03-sand-beige-37-ml\/","url":"https:\/\/www.malinashop.lt\/shop\/paese-puff-cloud-kremine-makiazo-pudra-03-sand-beige-37-ml\/","name":"PAESE PUFF CLOUD kremin\u0117 makia\u017eo pudra (03 Sand Beige), 37 ml - MalinaShop.lt J\u016bs\u0173 sveikatai ir gro\u017eiui.","isPartOf":{"@id":"https:\/\/www.malinashop.lt\/#website"},"primaryImageOfPage":{"@id":"https:\/\/www.malinashop.lt\/shop\/paese-puff-cloud-kremine-makiazo-pudra-03-sand-beige-37-ml\/#primaryimage"},"image":{"@id":"https:\/\/www.malinashop.lt\/shop\/paese-puff-cloud-kremine-makiazo-pudra-03-sand-beige-37-ml\/#primaryimage"},"thumbnailUrl":"https:\/\/www.malinashop.lt\/wp-content\/uploads\/2026\/01\/PAESE-PUFF-CLOUD-kremine-makiazo-pudra-03-Sand-Beige-37-ml.webp","datePublished":"2026-01-06T21:01:41+00:00","dateModified":"2026-04-07T19:18:37+00:00","description":"PAESE PUFF CLOUD (03 Sand Beige) \u2013 \u0161ilkin\u0117, vidutinio maskavimo kremin\u0117 pudra su satiniu fini\u0161u, lotoso ekstraktu, niacinamidu ir SPF 20, normaliai ir mi\u0161riai odai.","breadcrumb":{"@id":"https:\/\/www.malinashop.lt\/shop\/paese-puff-cloud-kremine-makiazo-pudra-03-sand-beige-37-ml\/#breadcrumb"},"inLanguage":"lt-LT","potentialAction":[{"@type":"ReadAction","target":["https:\/\/www.malinashop.lt\/shop\/paese-puff-cloud-kremine-makiazo-pudra-03-sand-beige-37-ml\/"]}]},{"@type":"ImageObject","inLanguage":"lt-LT","@id":"https:\/\/www.malinashop.lt\/shop\/paese-puff-cloud-kremine-makiazo-pudra-03-sand-beige-37-ml\/#primaryimage","url":"https:\/\/www.malinashop.lt\/wp-content\/uploads\/2026\/01\/PAESE-PUFF-CLOUD-kremine-makiazo-pudra-03-Sand-Beige-37-ml.webp","contentUrl":"https:\/\/www.malinashop.lt\/wp-content\/uploads\/2026\/01\/PAESE-PUFF-CLOUD-kremine-makiazo-pudra-03-Sand-Beige-37-ml.webp","width":768,"height":768},{"@type":"BreadcrumbList","@id":"https:\/\/www.malinashop.lt\/shop\/paese-puff-cloud-kremine-makiazo-pudra-03-sand-beige-37-ml\/#breadcrumb","itemListElement":[{"@type":"ListItem","position":1,"name":"Pagrindinis","item":"https:\/\/www.malinashop.lt\/"},{"@type":"ListItem","position":2,"name":"Parduotuv\u0117","item":"https:\/\/www.malinashop.lt\/en\/parduotuve\/"},{"@type":"ListItem","position":3,"name":"PAESE PUFF CLOUD kremin\u0117 makia\u017eo pudra (03 Sand Beige), 37 ml"}]},{"@type":"WebSite","@id":"https:\/\/www.malinashop.lt\/#website","url":"https:\/\/www.malinashop.lt\/","name":"COM Group Ecommerce","description":"MalinaShop.lt - Gro\u017eio ir sveikatos produktai i\u0161 patikim\u0173 preki\u0173 \u017eenkl\u0173. Atraskite auk\u0161tos kokyb\u0117s kosmetik\u0105 u\u017e puiki\u0105 kain\u0105.","publisher":{"@id":"https:\/\/www.malinashop.lt\/#organization"},"potentialAction":[{"@type":"SearchAction","target":{"@type":"EntryPoint","urlTemplate":"https:\/\/www.malinashop.lt\/?s={search_term_string}"},"query-input":{"@type":"PropertyValueSpecification","valueRequired":true,"valueName":"search_term_string"}}],"inLanguage":"lt-LT"},{"@type":"Organization","@id":"https:\/\/www.malinashop.lt\/#organization","name":"COM Group Ecommerce","url":"https:\/\/www.malinashop.lt\/","logo":{"@type":"ImageObject","inLanguage":"lt-LT","@id":"https:\/\/www.malinashop.lt\/#\/schema\/logo\/image\/","url":"https:\/\/www.malinashop.lt\/wp-content\/uploads\/2024\/08\/462559670_3787732518133670_9795632669273463_n-e1731525914575.png","contentUrl":"https:\/\/www.malinashop.lt\/wp-content\/uploads\/2024\/08\/462559670_3787732518133670_9795632669273463_n-e1731525914575.png","width":180,"height":60,"caption":"COM Group Ecommerce"},"image":{"@id":"https:\/\/www.malinashop.lt\/#\/schema\/logo\/image\/"}}]}},"jetpack_sharing_enabled":true,"_links":{"self":[{"href":"https:\/\/www.malinashop.lt\/lt_lt\/wp-json\/wp\/v2\/product\/72996","targetHints":{"allow":["GET"]}}],"collection":[{"href":"https:\/\/www.malinashop.lt\/lt_lt\/wp-json\/wp\/v2\/product"}],"about":[{"href":"https:\/\/www.malinashop.lt\/lt_lt\/wp-json\/wp\/v2\/types\/product"}],"version-history":[{"count":1,"href":"https:\/\/www.malinashop.lt\/lt_lt\/wp-json\/wp\/v2\/product\/72996\/revisions"}],"predecessor-version":[{"id":73000,"href":"https:\/\/www.malinashop.lt\/lt_lt\/wp-json\/wp\/v2\/product\/72996\/revisions\/73000"}],"wp:featuredmedia":[{"embeddable":true,"href":"https:\/\/www.malinashop.lt\/lt_lt\/wp-json\/wp\/v2\/media\/72999"}],"wp:attachment":[{"href":"https:\/\/www.malinashop.lt\/lt_lt\/wp-json\/wp\/v2\/media?parent=72996"}],"wp:term":[{"taxonomy":"product_brand","embeddable":true,"href":"https:\/\/www.malinashop.lt\/lt_lt\/wp-json\/wp\/v2\/product_brand?post=72996"},{"taxonomy":"product_cat","embeddable":true,"href":"https:\/\/www.malinashop.lt\/lt_lt\/wp-json\/wp\/v2\/product_cat?post=72996"},{"taxonomy":"product_tag","embeddable":true,"href":"https:\/\/www.malinashop.lt\/lt_lt\/wp-json\/wp\/v2\/product_tag?post=72996"}],"curies":[{"name":"wp","href":"https:\/\/api.w.org\/{rel}","templated":true}]}}