{"id":72958,"date":"2026-01-06T23:33:23","date_gmt":"2026-01-06T20:33:23","guid":{"rendered":"https:\/\/malinashop.lt\/?post_type=product&#038;p=72958"},"modified":"2026-04-07T22:18:39","modified_gmt":"2026-04-07T19:18:39","slug":"paese-skaistalu-piestukas-butter-blend-03-coral-6-g","status":"publish","type":"product","link":"https:\/\/www.malinashop.lt\/lt_lt\/shop\/paese-skaistalu-piestukas-butter-blend-03-coral-6-g\/","title":{"rendered":"PAESE skaistal\u0173 pie\u0161tukas BUTTER BLEND (03 Coral), 6 g"},"content":{"rendered":"<div class=\"ewa-rteLine\">\n<p data-start=\"363\" data-end=\"686\">PAESE skaistal\u0173 pie\u0161tukas BUTTER BLEND (03 Coral) \u2013 idealus pasirinkimas, kai norisi greitai ir lengvai suteikti veidui gyvyb\u0117s bei \u0161ilto, gaivaus skaistumo. <strong data-start=\"544\" data-end=\"574\">Sviestin\u0117, kremin\u0117 formul\u0117<\/strong> \u0161velniai \u012fsigeria \u012f od\u0105, lengvai pasiskirsto ir sukuria <strong data-start=\"631\" data-end=\"685\">\u0161vytin\u010dios, gaivios odos efekt\u0105 be dry\u017ei\u0173 ar d\u0117mi\u0173<\/strong>.<\/p>\n<p data-start=\"688\" data-end=\"939\">Lengva tekst\u016bra leid\u017eia skaistalus sluoksniuoti \u2013 nuo vos pastebimo kasdienio rumenimo iki ry\u0161kesnio, vasari\u0161ko, \u201esaul\u0117s nubu\u010diuotos\u201c odos efekto. Skaistalai nesuardo makia\u017eo pagrindo, tod\u0117l puikiai tinka tiek naudoti ant nuogos odos, tiek ant pudros.<\/p>\n<p data-start=\"941\" data-end=\"997\">Sud\u0117tis praturtinta od\u0105 puosel\u0117jan\u010diais ingredientais:<\/p>\n<ul data-start=\"998\" data-end=\"1295\">\n<li data-start=\"998\" data-end=\"1066\">\n<p data-start=\"1000\" data-end=\"1066\"><strong data-start=\"1000\" data-end=\"1020\">granat\u0173 sviestas<\/strong> \u2013 maitina, mink\u0161tina ir padeda saugoti od\u0105;<\/p>\n<\/li>\n<li data-start=\"1067\" data-end=\"1137\">\n<p data-start=\"1069\" data-end=\"1137\"><strong data-start=\"1069\" data-end=\"1085\">ceramidas NP<\/strong> \u2013 stiprina odos barjer\u0105 ir saugo nuo i\u0161saus\u0117jimo;<\/p>\n<\/li>\n<li data-start=\"1138\" data-end=\"1205\">\n<p data-start=\"1140\" data-end=\"1205\"><strong data-start=\"1140\" data-end=\"1153\">skvalanas<\/strong> \u2013 dr\u0117kina, gerina elastingum\u0105, suteikia glotnumo;<\/p>\n<\/li>\n<li data-start=\"1206\" data-end=\"1295\">\n<p data-start=\"1208\" data-end=\"1295\"><strong data-start=\"1208\" data-end=\"1227\">avokad\u0173 aliejus<\/strong> \u2013 ramina ir maitina, u\u017etikrina komforto poj\u016bt\u012f visos dienos metu.<\/p>\n<\/li>\n<\/ul>\n<p data-start=\"1297\" data-end=\"1449\">Kompakti\u0161ka <strong data-start=\"1309\" data-end=\"1329\">pie\u0161tuko pakuot\u0117<\/strong> patogi kasdienai \u2013 telpa \u012f rankin\u0119, kosmetin\u0119 ar kelionin\u012f krep\u0161\u012f ir visuomet pasiruo\u0161usi greitam makia\u017eo atnaujinimui.<\/p>\n<p data-start=\"1451\" data-end=\"1475\"><strong data-start=\"1451\" data-end=\"1473\">Atspalvis 03 Coral<\/strong><\/p>\n<ul data-start=\"1476\" data-end=\"1653\">\n<li data-start=\"1476\" data-end=\"1517\">\n<p data-start=\"1478\" data-end=\"1517\">Gaivus <strong data-start=\"1485\" data-end=\"1515\">persikinis\u2013oran\u017einis tonas<\/strong><\/p>\n<\/li>\n<li data-start=\"1518\" data-end=\"1564\">\n<p data-start=\"1520\" data-end=\"1564\">Suteikia veidui \u0161ilto, vasari\u0161ko skaistumo<\/p>\n<\/li>\n<li data-start=\"1565\" data-end=\"1653\">\n<p data-start=\"1567\" data-end=\"1653\">Puikiai tinka norint \u201eatgaivinti\u201c veid\u0105 ir sukurti sveikos, pails\u0117jusios odos \u012fsp\u016bd\u012f<\/p>\n<\/li>\n<\/ul>\n<p data-start=\"1655\" data-end=\"1744\">Trys linijos atspalviai, sukurti pagal naujausias tendencijas, pabr\u0117\u017eia nat\u016bral\u0173 gro\u017e\u012f:<\/p>\n<ul data-start=\"1745\" data-end=\"1891\">\n<li data-start=\"1745\" data-end=\"1799\">\n<p data-start=\"1747\" data-end=\"1799\">01 \u2013 \u0161altas avietinis tonas sveikai odos i\u0161vaizdai<\/p>\n<\/li>\n<li data-start=\"1800\" data-end=\"1848\">\n<p data-start=\"1802\" data-end=\"1848\">02 \u2013 \u0161velniai ro\u017einis, universalus atspalvis<\/p>\n<\/li>\n<li data-start=\"1849\" data-end=\"1891\">\n<p data-start=\"1851\" data-end=\"1891\">03 \u2013 gaivus persikinis\u2013oran\u017einis tonas<\/p>\n<\/li>\n<\/ul>\n<p data-start=\"1893\" data-end=\"1909\"><strong data-start=\"1893\" data-end=\"1907\">Naudojimas<\/strong><\/p>\n<ul data-start=\"1910\" data-end=\"2234\">\n<li data-start=\"1910\" data-end=\"1975\">\n<p data-start=\"1912\" data-end=\"1975\">Tepkite ant skruost\u0173 ten, kur nat\u016braliai i\u0161ry\u0161k\u0117ja rumenimas.<\/p>\n<\/li>\n<li data-start=\"1976\" data-end=\"2058\">\n<p data-start=\"1978\" data-end=\"2058\">I\u0161sklaidykite pir\u0161tais, kempin\u0117le ar \u0161epet\u0117liu \u0161velniais tap\u0161nojimo judesiais.<\/p>\n<\/li>\n<li data-start=\"2059\" data-end=\"2147\">\n<p data-start=\"2061\" data-end=\"2147\">Norint intensyvesnio efekto \u2013 sluoksniuokite, kol pasieksite norim\u0105 spalvos ry\u0161kum\u0105.<\/p>\n<\/li>\n<li data-start=\"2148\" data-end=\"2234\">\n<p data-start=\"2150\" data-end=\"2234\">Galite naudoti ir ant l\u016bp\u0173 ar vok\u0173, kad sukurtum\u0117te vientis\u0105, \u0161ilt\u0105 makia\u017eo \u012fvaizd\u012f.<\/p>\n<\/li>\n<\/ul>\n<\/div>\n","protected":false},"excerpt":{"rendered":"<p data-start=\"1405\" data-end=\"1633\">PAESE BUTTER BLEND (03 Coral) \u2013 kreminiai skaistalai pie\u0161tuko formoje su granat\u0173 sviestu, ceramidu NP, skvalanu ir avokad\u0173 aliejumi. Gaivus persikinis\u2013oran\u017einis atspalvis suteikia veidui saul\u0117s nubu\u010diuotos, pails\u0117jusios odos \u012fsp\u016bd\u012f.<\/p>\n","protected":false},"featured_media":72961,"template":"","meta":[],"product_brand":[1534],"product_cat":[102,528,526],"product_tag":[1614],"class_list":{"0":"post-72958","1":"product","2":"type-product","3":"status-publish","4":"has-post-thumbnail","6":"product_brand-paese","7":"product_cat-dekoratyvine-kosmetika","8":"product_cat-modeliavimo-priemones","9":"product_cat-skaistalai","10":"product_tag-paese","12":"first","13":"instock","14":"purchasable","15":"product-type-simple"},"yoast_head":"<!-- This site is optimized with the Yoast SEO plugin v27.4 - https:\/\/yoast.com\/product\/yoast-seo-wordpress\/ -->\n<title>PAESE skaistal\u0173 pie\u0161tukas BUTTER BLEND (03 Coral), 6 g - MalinaShop.lt J\u016bs\u0173 sveikatai ir gro\u017eiui.<\/title>\n<meta name=\"description\" content=\"PAESE BUTTER BLEND (03 Coral) \u2013 kreminiai skaistalai pie\u0161tuko formoje su granat\u0173 sviestu, ceramidu NP, skvalanu ir avokad\u0173 aliejumi, suteikiantys \u0161ilt\u0105 persikin\u012f skaistum\u0105.\" \/>\n<meta name=\"robots\" content=\"index, follow, max-snippet:-1, max-image-preview:large, max-video-preview:-1\" \/>\n<link rel=\"canonical\" href=\"https:\/\/www.malinashop.lt\/lt_lt\/shop\/paese-skaistalu-piestukas-butter-blend-03-coral-6-g\/\" \/>\n<meta property=\"og:locale\" content=\"lt_LT\" \/>\n<meta property=\"og:type\" content=\"article\" \/>\n<meta property=\"og:title\" content=\"PAESE skaistal\u0173 pie\u0161tukas BUTTER BLEND (03 Coral), 6 g - MalinaShop.lt J\u016bs\u0173 sveikatai ir gro\u017eiui.\" \/>\n<meta property=\"og:description\" content=\"PAESE BUTTER BLEND (03 Coral) \u2013 kreminiai skaistalai pie\u0161tuko formoje su granat\u0173 sviestu, ceramidu NP, skvalanu ir avokad\u0173 aliejumi, suteikiantys \u0161ilt\u0105 persikin\u012f skaistum\u0105.\" \/>\n<meta property=\"og:url\" content=\"https:\/\/www.malinashop.lt\/lt_lt\/shop\/paese-skaistalu-piestukas-butter-blend-03-coral-6-g\/\" \/>\n<meta property=\"og:site_name\" content=\"MalinaShop.lt J\u016bs\u0173 sveikatai ir gro\u017eiui.\" \/>\n<meta property=\"article:modified_time\" content=\"2026-04-07T19:18:39+00:00\" \/>\n<meta property=\"og:image\" content=\"https:\/\/www.malinashop.lt\/wp-content\/uploads\/2026\/01\/PAESE-skaistalu-piestukas-BUTTER-BLEND-03-Coral-6-g1.webp\" \/>\n\t<meta property=\"og:image:width\" content=\"768\" \/>\n\t<meta property=\"og:image:height\" content=\"768\" \/>\n\t<meta property=\"og:image:type\" content=\"image\/webp\" \/>\n<meta name=\"twitter:card\" content=\"summary_large_image\" \/>\n<script type=\"application\/ld+json\" class=\"yoast-schema-graph\">{\"@context\":\"https:\\\/\\\/schema.org\",\"@graph\":[{\"@type\":\"WebPage\",\"@id\":\"https:\\\/\\\/www.malinashop.lt\\\/shop\\\/paese-skaistalu-piestukas-butter-blend-03-coral-6-g\\\/\",\"url\":\"https:\\\/\\\/www.malinashop.lt\\\/shop\\\/paese-skaistalu-piestukas-butter-blend-03-coral-6-g\\\/\",\"name\":\"PAESE skaistal\u0173 pie\u0161tukas BUTTER BLEND (03 Coral), 6 g - MalinaShop.lt J\u016bs\u0173 sveikatai ir gro\u017eiui.\",\"isPartOf\":{\"@id\":\"https:\\\/\\\/www.malinashop.lt\\\/#website\"},\"primaryImageOfPage\":{\"@id\":\"https:\\\/\\\/www.malinashop.lt\\\/shop\\\/paese-skaistalu-piestukas-butter-blend-03-coral-6-g\\\/#primaryimage\"},\"image\":{\"@id\":\"https:\\\/\\\/www.malinashop.lt\\\/shop\\\/paese-skaistalu-piestukas-butter-blend-03-coral-6-g\\\/#primaryimage\"},\"thumbnailUrl\":\"https:\\\/\\\/www.malinashop.lt\\\/wp-content\\\/uploads\\\/2026\\\/01\\\/PAESE-skaistalu-piestukas-BUTTER-BLEND-03-Coral-6-g1.webp\",\"datePublished\":\"2026-01-06T20:33:23+00:00\",\"dateModified\":\"2026-04-07T19:18:39+00:00\",\"description\":\"PAESE BUTTER BLEND (03 Coral) \u2013 kreminiai skaistalai pie\u0161tuko formoje su granat\u0173 sviestu, ceramidu NP, skvalanu ir avokad\u0173 aliejumi, suteikiantys \u0161ilt\u0105 persikin\u012f skaistum\u0105.\",\"breadcrumb\":{\"@id\":\"https:\\\/\\\/www.malinashop.lt\\\/shop\\\/paese-skaistalu-piestukas-butter-blend-03-coral-6-g\\\/#breadcrumb\"},\"inLanguage\":\"lt-LT\",\"potentialAction\":[{\"@type\":\"ReadAction\",\"target\":[\"https:\\\/\\\/www.malinashop.lt\\\/shop\\\/paese-skaistalu-piestukas-butter-blend-03-coral-6-g\\\/\"]}]},{\"@type\":\"ImageObject\",\"inLanguage\":\"lt-LT\",\"@id\":\"https:\\\/\\\/www.malinashop.lt\\\/shop\\\/paese-skaistalu-piestukas-butter-blend-03-coral-6-g\\\/#primaryimage\",\"url\":\"https:\\\/\\\/www.malinashop.lt\\\/wp-content\\\/uploads\\\/2026\\\/01\\\/PAESE-skaistalu-piestukas-BUTTER-BLEND-03-Coral-6-g1.webp\",\"contentUrl\":\"https:\\\/\\\/www.malinashop.lt\\\/wp-content\\\/uploads\\\/2026\\\/01\\\/PAESE-skaistalu-piestukas-BUTTER-BLEND-03-Coral-6-g1.webp\",\"width\":768,\"height\":768},{\"@type\":\"BreadcrumbList\",\"@id\":\"https:\\\/\\\/www.malinashop.lt\\\/shop\\\/paese-skaistalu-piestukas-butter-blend-03-coral-6-g\\\/#breadcrumb\",\"itemListElement\":[{\"@type\":\"ListItem\",\"position\":1,\"name\":\"Pagrindinis\",\"item\":\"https:\\\/\\\/www.malinashop.lt\\\/\"},{\"@type\":\"ListItem\",\"position\":2,\"name\":\"Parduotuv\u0117\",\"item\":\"https:\\\/\\\/www.malinashop.lt\\\/en\\\/parduotuve\\\/\"},{\"@type\":\"ListItem\",\"position\":3,\"name\":\"PAESE skaistal\u0173 pie\u0161tukas BUTTER BLEND (03 Coral), 6 g\"}]},{\"@type\":\"WebSite\",\"@id\":\"https:\\\/\\\/www.malinashop.lt\\\/#website\",\"url\":\"https:\\\/\\\/www.malinashop.lt\\\/\",\"name\":\"COM Group Ecommerce\",\"description\":\"MalinaShop.lt - Gro\u017eio ir sveikatos produktai i\u0161 patikim\u0173 preki\u0173 \u017eenkl\u0173. Atraskite auk\u0161tos kokyb\u0117s kosmetik\u0105 u\u017e puiki\u0105 kain\u0105.\",\"publisher\":{\"@id\":\"https:\\\/\\\/www.malinashop.lt\\\/#organization\"},\"potentialAction\":[{\"@type\":\"SearchAction\",\"target\":{\"@type\":\"EntryPoint\",\"urlTemplate\":\"https:\\\/\\\/www.malinashop.lt\\\/?s={search_term_string}\"},\"query-input\":{\"@type\":\"PropertyValueSpecification\",\"valueRequired\":true,\"valueName\":\"search_term_string\"}}],\"inLanguage\":\"lt-LT\"},{\"@type\":\"Organization\",\"@id\":\"https:\\\/\\\/www.malinashop.lt\\\/#organization\",\"name\":\"COM Group Ecommerce\",\"url\":\"https:\\\/\\\/www.malinashop.lt\\\/\",\"logo\":{\"@type\":\"ImageObject\",\"inLanguage\":\"lt-LT\",\"@id\":\"https:\\\/\\\/www.malinashop.lt\\\/#\\\/schema\\\/logo\\\/image\\\/\",\"url\":\"https:\\\/\\\/www.malinashop.lt\\\/wp-content\\\/uploads\\\/2024\\\/08\\\/462559670_3787732518133670_9795632669273463_n-e1731525914575.png\",\"contentUrl\":\"https:\\\/\\\/www.malinashop.lt\\\/wp-content\\\/uploads\\\/2024\\\/08\\\/462559670_3787732518133670_9795632669273463_n-e1731525914575.png\",\"width\":180,\"height\":60,\"caption\":\"COM Group Ecommerce\"},\"image\":{\"@id\":\"https:\\\/\\\/www.malinashop.lt\\\/#\\\/schema\\\/logo\\\/image\\\/\"}}]}<\/script>\n<!-- \/ Yoast SEO plugin. -->","yoast_head_json":{"title":"PAESE skaistal\u0173 pie\u0161tukas BUTTER BLEND (03 Coral), 6 g - MalinaShop.lt J\u016bs\u0173 sveikatai ir gro\u017eiui.","description":"PAESE BUTTER BLEND (03 Coral) \u2013 kreminiai skaistalai pie\u0161tuko formoje su granat\u0173 sviestu, ceramidu NP, skvalanu ir avokad\u0173 aliejumi, suteikiantys \u0161ilt\u0105 persikin\u012f skaistum\u0105.","robots":{"index":"index","follow":"follow","max-snippet":"max-snippet:-1","max-image-preview":"max-image-preview:large","max-video-preview":"max-video-preview:-1"},"canonical":"https:\/\/www.malinashop.lt\/lt_lt\/shop\/paese-skaistalu-piestukas-butter-blend-03-coral-6-g\/","og_locale":"lt_LT","og_type":"article","og_title":"PAESE skaistal\u0173 pie\u0161tukas BUTTER BLEND (03 Coral), 6 g - MalinaShop.lt J\u016bs\u0173 sveikatai ir gro\u017eiui.","og_description":"PAESE BUTTER BLEND (03 Coral) \u2013 kreminiai skaistalai pie\u0161tuko formoje su granat\u0173 sviestu, ceramidu NP, skvalanu ir avokad\u0173 aliejumi, suteikiantys \u0161ilt\u0105 persikin\u012f skaistum\u0105.","og_url":"https:\/\/www.malinashop.lt\/lt_lt\/shop\/paese-skaistalu-piestukas-butter-blend-03-coral-6-g\/","og_site_name":"MalinaShop.lt J\u016bs\u0173 sveikatai ir gro\u017eiui.","article_modified_time":"2026-04-07T19:18:39+00:00","og_image":[{"width":768,"height":768,"url":"https:\/\/www.malinashop.lt\/wp-content\/uploads\/2026\/01\/PAESE-skaistalu-piestukas-BUTTER-BLEND-03-Coral-6-g1.webp","type":"image\/webp"}],"twitter_card":"summary_large_image","schema":{"@context":"https:\/\/schema.org","@graph":[{"@type":"WebPage","@id":"https:\/\/www.malinashop.lt\/shop\/paese-skaistalu-piestukas-butter-blend-03-coral-6-g\/","url":"https:\/\/www.malinashop.lt\/shop\/paese-skaistalu-piestukas-butter-blend-03-coral-6-g\/","name":"PAESE skaistal\u0173 pie\u0161tukas BUTTER BLEND (03 Coral), 6 g - MalinaShop.lt J\u016bs\u0173 sveikatai ir gro\u017eiui.","isPartOf":{"@id":"https:\/\/www.malinashop.lt\/#website"},"primaryImageOfPage":{"@id":"https:\/\/www.malinashop.lt\/shop\/paese-skaistalu-piestukas-butter-blend-03-coral-6-g\/#primaryimage"},"image":{"@id":"https:\/\/www.malinashop.lt\/shop\/paese-skaistalu-piestukas-butter-blend-03-coral-6-g\/#primaryimage"},"thumbnailUrl":"https:\/\/www.malinashop.lt\/wp-content\/uploads\/2026\/01\/PAESE-skaistalu-piestukas-BUTTER-BLEND-03-Coral-6-g1.webp","datePublished":"2026-01-06T20:33:23+00:00","dateModified":"2026-04-07T19:18:39+00:00","description":"PAESE BUTTER BLEND (03 Coral) \u2013 kreminiai skaistalai pie\u0161tuko formoje su granat\u0173 sviestu, ceramidu NP, skvalanu ir avokad\u0173 aliejumi, suteikiantys \u0161ilt\u0105 persikin\u012f skaistum\u0105.","breadcrumb":{"@id":"https:\/\/www.malinashop.lt\/shop\/paese-skaistalu-piestukas-butter-blend-03-coral-6-g\/#breadcrumb"},"inLanguage":"lt-LT","potentialAction":[{"@type":"ReadAction","target":["https:\/\/www.malinashop.lt\/shop\/paese-skaistalu-piestukas-butter-blend-03-coral-6-g\/"]}]},{"@type":"ImageObject","inLanguage":"lt-LT","@id":"https:\/\/www.malinashop.lt\/shop\/paese-skaistalu-piestukas-butter-blend-03-coral-6-g\/#primaryimage","url":"https:\/\/www.malinashop.lt\/wp-content\/uploads\/2026\/01\/PAESE-skaistalu-piestukas-BUTTER-BLEND-03-Coral-6-g1.webp","contentUrl":"https:\/\/www.malinashop.lt\/wp-content\/uploads\/2026\/01\/PAESE-skaistalu-piestukas-BUTTER-BLEND-03-Coral-6-g1.webp","width":768,"height":768},{"@type":"BreadcrumbList","@id":"https:\/\/www.malinashop.lt\/shop\/paese-skaistalu-piestukas-butter-blend-03-coral-6-g\/#breadcrumb","itemListElement":[{"@type":"ListItem","position":1,"name":"Pagrindinis","item":"https:\/\/www.malinashop.lt\/"},{"@type":"ListItem","position":2,"name":"Parduotuv\u0117","item":"https:\/\/www.malinashop.lt\/en\/parduotuve\/"},{"@type":"ListItem","position":3,"name":"PAESE skaistal\u0173 pie\u0161tukas BUTTER BLEND (03 Coral), 6 g"}]},{"@type":"WebSite","@id":"https:\/\/www.malinashop.lt\/#website","url":"https:\/\/www.malinashop.lt\/","name":"COM Group Ecommerce","description":"MalinaShop.lt - Gro\u017eio ir sveikatos produktai i\u0161 patikim\u0173 preki\u0173 \u017eenkl\u0173. Atraskite auk\u0161tos kokyb\u0117s kosmetik\u0105 u\u017e puiki\u0105 kain\u0105.","publisher":{"@id":"https:\/\/www.malinashop.lt\/#organization"},"potentialAction":[{"@type":"SearchAction","target":{"@type":"EntryPoint","urlTemplate":"https:\/\/www.malinashop.lt\/?s={search_term_string}"},"query-input":{"@type":"PropertyValueSpecification","valueRequired":true,"valueName":"search_term_string"}}],"inLanguage":"lt-LT"},{"@type":"Organization","@id":"https:\/\/www.malinashop.lt\/#organization","name":"COM Group Ecommerce","url":"https:\/\/www.malinashop.lt\/","logo":{"@type":"ImageObject","inLanguage":"lt-LT","@id":"https:\/\/www.malinashop.lt\/#\/schema\/logo\/image\/","url":"https:\/\/www.malinashop.lt\/wp-content\/uploads\/2024\/08\/462559670_3787732518133670_9795632669273463_n-e1731525914575.png","contentUrl":"https:\/\/www.malinashop.lt\/wp-content\/uploads\/2024\/08\/462559670_3787732518133670_9795632669273463_n-e1731525914575.png","width":180,"height":60,"caption":"COM Group Ecommerce"},"image":{"@id":"https:\/\/www.malinashop.lt\/#\/schema\/logo\/image\/"}}]}},"jetpack_sharing_enabled":true,"_links":{"self":[{"href":"https:\/\/www.malinashop.lt\/lt_lt\/wp-json\/wp\/v2\/product\/72958","targetHints":{"allow":["GET"]}}],"collection":[{"href":"https:\/\/www.malinashop.lt\/lt_lt\/wp-json\/wp\/v2\/product"}],"about":[{"href":"https:\/\/www.malinashop.lt\/lt_lt\/wp-json\/wp\/v2\/types\/product"}],"version-history":[{"count":1,"href":"https:\/\/www.malinashop.lt\/lt_lt\/wp-json\/wp\/v2\/product\/72958\/revisions"}],"predecessor-version":[{"id":72962,"href":"https:\/\/www.malinashop.lt\/lt_lt\/wp-json\/wp\/v2\/product\/72958\/revisions\/72962"}],"wp:featuredmedia":[{"embeddable":true,"href":"https:\/\/www.malinashop.lt\/lt_lt\/wp-json\/wp\/v2\/media\/72961"}],"wp:attachment":[{"href":"https:\/\/www.malinashop.lt\/lt_lt\/wp-json\/wp\/v2\/media?parent=72958"}],"wp:term":[{"taxonomy":"product_brand","embeddable":true,"href":"https:\/\/www.malinashop.lt\/lt_lt\/wp-json\/wp\/v2\/product_brand?post=72958"},{"taxonomy":"product_cat","embeddable":true,"href":"https:\/\/www.malinashop.lt\/lt_lt\/wp-json\/wp\/v2\/product_cat?post=72958"},{"taxonomy":"product_tag","embeddable":true,"href":"https:\/\/www.malinashop.lt\/lt_lt\/wp-json\/wp\/v2\/product_tag?post=72958"}],"curies":[{"name":"wp","href":"https:\/\/api.w.org\/{rel}","templated":true}]}}