{"id":72797,"date":"2026-01-01T16:35:56","date_gmt":"2026-01-01T13:35:56","guid":{"rendered":"https:\/\/malinashop.lt\/?post_type=product&#038;p=72797"},"modified":"2026-04-07T22:18:39","modified_gmt":"2026-04-07T19:18:39","slug":"yunsey-sampunas-garbanotiems-plaukams-shampoo-curly-method-300-ml","status":"publish","type":"product","link":"https:\/\/www.malinashop.lt\/lt_lt\/shop\/yunsey-sampunas-garbanotiems-plaukams-shampoo-curly-method-300-ml\/","title":{"rendered":"YUNSEY \u0161amp\u016bnas garbanotiems plaukams SHAMPOO CURLY METHOD, 300 ml"},"content":{"rendered":"<p data-start=\"424\" data-end=\"760\">YUNSEY \u0161amp\u016bnas garbanotiems plaukams <strong data-start=\"485\" data-end=\"509\">SHAMPOO CURLY METHOD<\/strong> sukurtas specialiai banguotiems ir garbanotiems plaukams, kuriems ypatingai svarbi dr\u0117gm\u0117 ir \u0161velnus valymas. \u0160is \u0161amp\u016bnas <strong data-start=\"633\" data-end=\"659\">be sulfat\u0173 ir silikon\u0173<\/strong>, tod\u0117l neagresyviai valo galvos od\u0105 ir plaukus, nepa\u0161alindamas nat\u016bralaus lipid\u0173 ir dr\u0117gm\u0117s balanso.<\/p>\n<p data-start=\"762\" data-end=\"894\">Vegani\u0161ka formul\u0117 paremta <strong data-start=\"788\" data-end=\"866\">lin\u0173 ir \u010dijos s\u0117kl\u0173 ekstraktais, sacha in\u010di aliejumi ir augaliniu keratinu<\/strong>. \u0160i\u0173 ingredient\u0173 derinys:<\/p>\n<ul data-start=\"895\" data-end=\"1134\">\n<li data-start=\"895\" data-end=\"949\">\n<p data-start=\"897\" data-end=\"949\">valo plaukus ir galvos od\u0105, <strong data-start=\"925\" data-end=\"946\">neperd\u017eiovindamas<\/strong>;<\/p>\n<\/li>\n<li data-start=\"950\" data-end=\"997\">\n<p data-start=\"952\" data-end=\"997\">padeda i\u0161laikyti nat\u016bral\u0173 <strong data-start=\"978\" data-end=\"994\">dr\u0117gm\u0117s lyg\u012f<\/strong>;<\/p>\n<\/li>\n<li data-start=\"998\" data-end=\"1059\">\n<p data-start=\"1000\" data-end=\"1059\">suteikia plaukams <strong data-start=\"1018\" data-end=\"1056\">\u0161velnumo, mink\u0161tumo ir elastingumo<\/strong>;<\/p>\n<\/li>\n<li data-start=\"1060\" data-end=\"1134\">\n<p data-start=\"1062\" data-end=\"1134\">paruo\u0161ia garbanas tolimesnei dr\u0117kinan\u010diai ir formuojan\u010diai prie\u017ei\u016brai.<\/p>\n<\/li>\n<\/ul>\n<p data-start=\"1136\" data-end=\"1176\">Reguliariai naudojant, garbanos tampa:<\/p>\n<ul data-start=\"1177\" data-end=\"1295\">\n<li data-start=\"1177\" data-end=\"1203\">\n<p data-start=\"1179\" data-end=\"1203\">ma\u017eiau pasi\u0161iau\u0161usios,<\/p>\n<\/li>\n<li data-start=\"1204\" data-end=\"1229\">\n<p data-start=\"1206\" data-end=\"1229\">lengviau formuojamos,<\/p>\n<\/li>\n<li data-start=\"1230\" data-end=\"1295\">\n<p data-start=\"1232\" data-end=\"1295\">\u0161velnios ir gyvybingos,<br data-start=\"1255\" data-end=\"1258\" \/>o plaukai nei\u0161saus\u0117ja ir neapsunksta.<\/p>\n<\/li>\n<\/ul>\n<p data-start=\"1297\" data-end=\"1323\">\u0160amp\u016bnas idealiai tinka:<\/p>\n<ul data-start=\"1324\" data-end=\"1496\">\n<li data-start=\"1324\" data-end=\"1365\">\n<p data-start=\"1326\" data-end=\"1365\">garbanotiems ir banguotiems plaukams;<\/p>\n<\/li>\n<li data-start=\"1366\" data-end=\"1410\">\n<p data-start=\"1368\" data-end=\"1410\">sausesniems, linkusiems p\u016bstis plaukams;<\/p>\n<\/li>\n<li data-start=\"1411\" data-end=\"1496\">\n<p data-start=\"1413\" data-end=\"1496\">Curly Method principus taikantiems, ie\u0161kantiems \u0161velnaus, kasdienai tinkamo valymo.<\/p>\n<\/li>\n<\/ul>\n<p data-start=\"1498\" data-end=\"1527\"><strong data-start=\"1498\" data-end=\"1525\">Pagrindiniai privalumai<\/strong><\/p>\n<ul data-start=\"1528\" data-end=\"1786\">\n<li data-start=\"1528\" data-end=\"1554\">\n<p data-start=\"1530\" data-end=\"1554\">Be sulfat\u0173 ir silikon\u0173<\/p>\n<\/li>\n<li data-start=\"1555\" data-end=\"1576\">\n<p data-start=\"1557\" data-end=\"1576\">Vegani\u0161ka formul\u0117<\/p>\n<\/li>\n<li data-start=\"1577\" data-end=\"1658\">\n<p data-start=\"1579\" data-end=\"1658\">Su lin\u0173 ir \u010dijos s\u0117kl\u0173 ekstraktais, sacha in\u010di aliejumi ir augaliniu keratinu<\/p>\n<\/li>\n<li data-start=\"1659\" data-end=\"1710\">\n<p data-start=\"1661\" data-end=\"1710\">\u0160velniai valo nepa\u0161alindamas nat\u016bralios dr\u0117gm\u0117s<\/p>\n<\/li>\n<li data-start=\"1711\" data-end=\"1765\">\n<p data-start=\"1713\" data-end=\"1765\">Suteikia \u0161velnumo, mink\u0161tumo ir lengvo elastingumo<\/p>\n<\/li>\n<li data-start=\"1766\" data-end=\"1786\">\n<p data-start=\"1768\" data-end=\"1786\">Neapsunkina plauk\u0173<\/p>\n<\/li>\n<\/ul>\n<p data-start=\"1788\" data-end=\"1804\"><strong data-start=\"1788\" data-end=\"1802\">Naudojimas<\/strong><\/p>\n<ol data-start=\"1805\" data-end=\"2190\">\n<li data-start=\"1805\" data-end=\"1846\">\n<p data-start=\"1808\" data-end=\"1846\">Sudr\u0117kinkite plaukus \u0161iltu vandeniu.<\/p>\n<\/li>\n<li data-start=\"1847\" data-end=\"1911\">\n<p data-start=\"1850\" data-end=\"1911\">U\u017etepkite nedidel\u012f kiek\u012f \u0161amp\u016bno ant galvos odos ir plauk\u0173.<\/p>\n<\/li>\n<li data-start=\"1912\" data-end=\"2001\">\n<p data-start=\"1915\" data-end=\"2001\">Masa\u017euokite <strong data-start=\"1927\" data-end=\"1968\">sukamaisiais judesiais apie 2 minutes<\/strong>, kad susidaryt\u0173 lengvos putos.<\/p>\n<\/li>\n<li data-start=\"2002\" data-end=\"2031\">\n<p data-start=\"2005\" data-end=\"2031\">Kruop\u0161\u010diai i\u0161skalaukite.<\/p>\n<\/li>\n<li data-start=\"2032\" data-end=\"2071\">\n<p data-start=\"2035\" data-end=\"2071\">Jei reikia, proced\u016br\u0105 pakartokite.<\/p>\n<\/li>\n<li data-start=\"2072\" data-end=\"2190\">\n<p data-start=\"2075\" data-end=\"2190\">Geriausiam rezultatui derinkite su <strong data-start=\"2110\" data-end=\"2145\">YUNSEY CONDITIONER CURLY METHOD<\/strong> ir kitomis CURLY METHOD linijos priemon\u0117mis.<\/p>\n<\/li>\n<\/ol>\n","protected":false},"excerpt":{"rendered":"<p>YUNSEY SHAMPOO CURLY METHOD \u2013 \u0161velnus vegani\u0161kas \u0161amp\u016bnas garbanotiems ir banguotiems plaukams be sulfat\u0173 ir silikon\u0173. Su lin\u0173 ir \u010dijos s\u0117kl\u0173 ekstraktais, sacha in\u010di aliejumi ir augaliniu keratinu, valo nepa\u0161alindamas nat\u016bralios dr\u0117gm\u0117s, suteikia \u0161velnumo ir elastingumo be svorio.<\/p>\n","protected":false},"featured_media":72798,"template":"","meta":[],"product_brand":[513],"product_cat":[185],"product_tag":[1143],"class_list":{"0":"post-72797","1":"product","2":"type-product","3":"status-publish","4":"has-post-thumbnail","6":"product_brand-yunsey","7":"product_cat-plauku-sampunai","8":"product_tag-yunsey","10":"first","11":"instock","12":"sale","13":"taxable","14":"shipping-taxable","15":"purchasable","16":"product-type-simple"},"yoast_head":"<!-- This site is optimized with the Yoast SEO plugin v27.4 - https:\/\/yoast.com\/product\/yoast-seo-wordpress\/ -->\n<title>YUNSEY \u0161amp\u016bnas garbanotiems plaukams SHAMPOO CURLY METHOD, 300 ml - MalinaShop.lt J\u016bs\u0173 sveikatai ir gro\u017eiui.<\/title>\n<meta name=\"description\" content=\"YUNSEY SHAMPOO CURLY METHOD \u2013 \u0161velnus vegani\u0161kas \u0161amp\u016bnas garbanotiems plaukams be sulfat\u0173 ir silikon\u0173, su lin\u0173, \u010dijos, sacha in\u010di ir augaliniu keratinu, neperd\u017eiovina ir mink\u0161tina.\" \/>\n<meta name=\"robots\" content=\"index, follow, max-snippet:-1, max-image-preview:large, max-video-preview:-1\" \/>\n<link rel=\"canonical\" href=\"https:\/\/www.malinashop.lt\/lt_lt\/shop\/yunsey-sampunas-garbanotiems-plaukams-shampoo-curly-method-300-ml\/\" \/>\n<meta property=\"og:locale\" content=\"lt_LT\" \/>\n<meta property=\"og:type\" content=\"article\" \/>\n<meta property=\"og:title\" content=\"YUNSEY \u0161amp\u016bnas garbanotiems plaukams SHAMPOO CURLY METHOD, 300 ml - MalinaShop.lt J\u016bs\u0173 sveikatai ir gro\u017eiui.\" \/>\n<meta property=\"og:description\" content=\"YUNSEY SHAMPOO CURLY METHOD \u2013 \u0161velnus vegani\u0161kas \u0161amp\u016bnas garbanotiems plaukams be sulfat\u0173 ir silikon\u0173, su lin\u0173, \u010dijos, sacha in\u010di ir augaliniu keratinu, neperd\u017eiovina ir mink\u0161tina.\" \/>\n<meta property=\"og:url\" content=\"https:\/\/www.malinashop.lt\/lt_lt\/shop\/yunsey-sampunas-garbanotiems-plaukams-shampoo-curly-method-300-ml\/\" \/>\n<meta property=\"og:site_name\" content=\"MalinaShop.lt J\u016bs\u0173 sveikatai ir gro\u017eiui.\" \/>\n<meta property=\"article:modified_time\" content=\"2026-04-07T19:18:39+00:00\" \/>\n<meta property=\"og:image\" content=\"https:\/\/www.malinashop.lt\/wp-content\/uploads\/2026\/01\/YUNSEY-sampunas-garbanotiems-plaukams-SHAMPOO-CURLY-METHOD-300-ml.webp\" \/>\n\t<meta property=\"og:image:width\" content=\"768\" \/>\n\t<meta property=\"og:image:height\" content=\"768\" \/>\n\t<meta property=\"og:image:type\" content=\"image\/webp\" \/>\n<meta name=\"twitter:card\" content=\"summary_large_image\" \/>\n<script type=\"application\/ld+json\" class=\"yoast-schema-graph\">{\"@context\":\"https:\\\/\\\/schema.org\",\"@graph\":[{\"@type\":\"WebPage\",\"@id\":\"https:\\\/\\\/www.malinashop.lt\\\/lt_lt\\\/shop\\\/yunsey-sampunas-garbanotiems-plaukams-shampoo-curly-method-300-ml\\\/\",\"url\":\"https:\\\/\\\/www.malinashop.lt\\\/lt_lt\\\/shop\\\/yunsey-sampunas-garbanotiems-plaukams-shampoo-curly-method-300-ml\\\/\",\"name\":\"YUNSEY \u0161amp\u016bnas garbanotiems plaukams SHAMPOO CURLY METHOD, 300 ml - MalinaShop.lt J\u016bs\u0173 sveikatai ir gro\u017eiui.\",\"isPartOf\":{\"@id\":\"https:\\\/\\\/www.malinashop.lt\\\/en\\\/#website\"},\"primaryImageOfPage\":{\"@id\":\"https:\\\/\\\/www.malinashop.lt\\\/lt_lt\\\/shop\\\/yunsey-sampunas-garbanotiems-plaukams-shampoo-curly-method-300-ml\\\/#primaryimage\"},\"image\":{\"@id\":\"https:\\\/\\\/www.malinashop.lt\\\/lt_lt\\\/shop\\\/yunsey-sampunas-garbanotiems-plaukams-shampoo-curly-method-300-ml\\\/#primaryimage\"},\"thumbnailUrl\":\"https:\\\/\\\/www.malinashop.lt\\\/wp-content\\\/uploads\\\/2026\\\/01\\\/YUNSEY-sampunas-garbanotiems-plaukams-SHAMPOO-CURLY-METHOD-300-ml.webp\",\"datePublished\":\"2026-01-01T13:35:56+00:00\",\"dateModified\":\"2026-04-07T19:18:39+00:00\",\"description\":\"YUNSEY SHAMPOO CURLY METHOD \u2013 \u0161velnus vegani\u0161kas \u0161amp\u016bnas garbanotiems plaukams be sulfat\u0173 ir silikon\u0173, su lin\u0173, \u010dijos, sacha in\u010di ir augaliniu keratinu, neperd\u017eiovina ir mink\u0161tina.\",\"breadcrumb\":{\"@id\":\"https:\\\/\\\/www.malinashop.lt\\\/lt_lt\\\/shop\\\/yunsey-sampunas-garbanotiems-plaukams-shampoo-curly-method-300-ml\\\/#breadcrumb\"},\"inLanguage\":\"lt-LT\",\"potentialAction\":[{\"@type\":\"ReadAction\",\"target\":[\"https:\\\/\\\/www.malinashop.lt\\\/lt_lt\\\/shop\\\/yunsey-sampunas-garbanotiems-plaukams-shampoo-curly-method-300-ml\\\/\"]}]},{\"@type\":\"ImageObject\",\"inLanguage\":\"lt-LT\",\"@id\":\"https:\\\/\\\/www.malinashop.lt\\\/lt_lt\\\/shop\\\/yunsey-sampunas-garbanotiems-plaukams-shampoo-curly-method-300-ml\\\/#primaryimage\",\"url\":\"https:\\\/\\\/www.malinashop.lt\\\/wp-content\\\/uploads\\\/2026\\\/01\\\/YUNSEY-sampunas-garbanotiems-plaukams-SHAMPOO-CURLY-METHOD-300-ml.webp\",\"contentUrl\":\"https:\\\/\\\/www.malinashop.lt\\\/wp-content\\\/uploads\\\/2026\\\/01\\\/YUNSEY-sampunas-garbanotiems-plaukams-SHAMPOO-CURLY-METHOD-300-ml.webp\",\"width\":768,\"height\":768},{\"@type\":\"BreadcrumbList\",\"@id\":\"https:\\\/\\\/www.malinashop.lt\\\/lt_lt\\\/shop\\\/yunsey-sampunas-garbanotiems-plaukams-shampoo-curly-method-300-ml\\\/#breadcrumb\",\"itemListElement\":[{\"@type\":\"ListItem\",\"position\":1,\"name\":\"Home\",\"item\":\"https:\\\/\\\/www.malinashop.lt\\\/en\\\/\"},{\"@type\":\"ListItem\",\"position\":2,\"name\":\"Parduotuv\u0117\",\"item\":\"https:\\\/\\\/www.malinashop.lt\\\/en\\\/parduotuve\\\/\"},{\"@type\":\"ListItem\",\"position\":3,\"name\":\"YUNSEY \u0161amp\u016bnas garbanotiems plaukams SHAMPOO CURLY METHOD, 300 ml\"}]},{\"@type\":\"WebSite\",\"@id\":\"https:\\\/\\\/www.malinashop.lt\\\/en\\\/#website\",\"url\":\"https:\\\/\\\/www.malinashop.lt\\\/en\\\/\",\"name\":\"COM Group Ecommerce\",\"description\":\"MalinaShop.lt - Gro\u017eio ir sveikatos produktai i\u0161 patikim\u0173 preki\u0173 \u017eenkl\u0173. Atraskite auk\u0161tos kokyb\u0117s kosmetik\u0105 u\u017e puiki\u0105 kain\u0105.\",\"publisher\":{\"@id\":\"https:\\\/\\\/www.malinashop.lt\\\/en\\\/#organization\"},\"potentialAction\":[{\"@type\":\"SearchAction\",\"target\":{\"@type\":\"EntryPoint\",\"urlTemplate\":\"https:\\\/\\\/www.malinashop.lt\\\/en\\\/?s={search_term_string}\"},\"query-input\":{\"@type\":\"PropertyValueSpecification\",\"valueRequired\":true,\"valueName\":\"search_term_string\"}}],\"inLanguage\":\"lt-LT\"},{\"@type\":\"Organization\",\"@id\":\"https:\\\/\\\/www.malinashop.lt\\\/en\\\/#organization\",\"name\":\"COM Group Ecommerce\",\"url\":\"https:\\\/\\\/www.malinashop.lt\\\/en\\\/\",\"logo\":{\"@type\":\"ImageObject\",\"inLanguage\":\"lt-LT\",\"@id\":\"https:\\\/\\\/www.malinashop.lt\\\/en\\\/#\\\/schema\\\/logo\\\/image\\\/\",\"url\":\"https:\\\/\\\/www.malinashop.lt\\\/wp-content\\\/uploads\\\/2024\\\/08\\\/462559670_3787732518133670_9795632669273463_n-e1731525914575.png\",\"contentUrl\":\"https:\\\/\\\/www.malinashop.lt\\\/wp-content\\\/uploads\\\/2024\\\/08\\\/462559670_3787732518133670_9795632669273463_n-e1731525914575.png\",\"width\":180,\"height\":60,\"caption\":\"COM Group Ecommerce\"},\"image\":{\"@id\":\"https:\\\/\\\/www.malinashop.lt\\\/en\\\/#\\\/schema\\\/logo\\\/image\\\/\"}}]}<\/script>\n<!-- \/ Yoast SEO plugin. -->","yoast_head_json":{"title":"YUNSEY \u0161amp\u016bnas garbanotiems plaukams SHAMPOO CURLY METHOD, 300 ml - MalinaShop.lt J\u016bs\u0173 sveikatai ir gro\u017eiui.","description":"YUNSEY SHAMPOO CURLY METHOD \u2013 \u0161velnus vegani\u0161kas \u0161amp\u016bnas garbanotiems plaukams be sulfat\u0173 ir silikon\u0173, su lin\u0173, \u010dijos, sacha in\u010di ir augaliniu keratinu, neperd\u017eiovina ir mink\u0161tina.","robots":{"index":"index","follow":"follow","max-snippet":"max-snippet:-1","max-image-preview":"max-image-preview:large","max-video-preview":"max-video-preview:-1"},"canonical":"https:\/\/www.malinashop.lt\/lt_lt\/shop\/yunsey-sampunas-garbanotiems-plaukams-shampoo-curly-method-300-ml\/","og_locale":"lt_LT","og_type":"article","og_title":"YUNSEY \u0161amp\u016bnas garbanotiems plaukams SHAMPOO CURLY METHOD, 300 ml - MalinaShop.lt J\u016bs\u0173 sveikatai ir gro\u017eiui.","og_description":"YUNSEY SHAMPOO CURLY METHOD \u2013 \u0161velnus vegani\u0161kas \u0161amp\u016bnas garbanotiems plaukams be sulfat\u0173 ir silikon\u0173, su lin\u0173, \u010dijos, sacha in\u010di ir augaliniu keratinu, neperd\u017eiovina ir mink\u0161tina.","og_url":"https:\/\/www.malinashop.lt\/lt_lt\/shop\/yunsey-sampunas-garbanotiems-plaukams-shampoo-curly-method-300-ml\/","og_site_name":"MalinaShop.lt J\u016bs\u0173 sveikatai ir gro\u017eiui.","article_modified_time":"2026-04-07T19:18:39+00:00","og_image":[{"width":768,"height":768,"url":"https:\/\/www.malinashop.lt\/wp-content\/uploads\/2026\/01\/YUNSEY-sampunas-garbanotiems-plaukams-SHAMPOO-CURLY-METHOD-300-ml.webp","type":"image\/webp"}],"twitter_card":"summary_large_image","schema":{"@context":"https:\/\/schema.org","@graph":[{"@type":"WebPage","@id":"https:\/\/www.malinashop.lt\/lt_lt\/shop\/yunsey-sampunas-garbanotiems-plaukams-shampoo-curly-method-300-ml\/","url":"https:\/\/www.malinashop.lt\/lt_lt\/shop\/yunsey-sampunas-garbanotiems-plaukams-shampoo-curly-method-300-ml\/","name":"YUNSEY \u0161amp\u016bnas garbanotiems plaukams SHAMPOO CURLY METHOD, 300 ml - MalinaShop.lt J\u016bs\u0173 sveikatai ir gro\u017eiui.","isPartOf":{"@id":"https:\/\/www.malinashop.lt\/en\/#website"},"primaryImageOfPage":{"@id":"https:\/\/www.malinashop.lt\/lt_lt\/shop\/yunsey-sampunas-garbanotiems-plaukams-shampoo-curly-method-300-ml\/#primaryimage"},"image":{"@id":"https:\/\/www.malinashop.lt\/lt_lt\/shop\/yunsey-sampunas-garbanotiems-plaukams-shampoo-curly-method-300-ml\/#primaryimage"},"thumbnailUrl":"https:\/\/www.malinashop.lt\/wp-content\/uploads\/2026\/01\/YUNSEY-sampunas-garbanotiems-plaukams-SHAMPOO-CURLY-METHOD-300-ml.webp","datePublished":"2026-01-01T13:35:56+00:00","dateModified":"2026-04-07T19:18:39+00:00","description":"YUNSEY SHAMPOO CURLY METHOD \u2013 \u0161velnus vegani\u0161kas \u0161amp\u016bnas garbanotiems plaukams be sulfat\u0173 ir silikon\u0173, su lin\u0173, \u010dijos, sacha in\u010di ir augaliniu keratinu, neperd\u017eiovina ir mink\u0161tina.","breadcrumb":{"@id":"https:\/\/www.malinashop.lt\/lt_lt\/shop\/yunsey-sampunas-garbanotiems-plaukams-shampoo-curly-method-300-ml\/#breadcrumb"},"inLanguage":"lt-LT","potentialAction":[{"@type":"ReadAction","target":["https:\/\/www.malinashop.lt\/lt_lt\/shop\/yunsey-sampunas-garbanotiems-plaukams-shampoo-curly-method-300-ml\/"]}]},{"@type":"ImageObject","inLanguage":"lt-LT","@id":"https:\/\/www.malinashop.lt\/lt_lt\/shop\/yunsey-sampunas-garbanotiems-plaukams-shampoo-curly-method-300-ml\/#primaryimage","url":"https:\/\/www.malinashop.lt\/wp-content\/uploads\/2026\/01\/YUNSEY-sampunas-garbanotiems-plaukams-SHAMPOO-CURLY-METHOD-300-ml.webp","contentUrl":"https:\/\/www.malinashop.lt\/wp-content\/uploads\/2026\/01\/YUNSEY-sampunas-garbanotiems-plaukams-SHAMPOO-CURLY-METHOD-300-ml.webp","width":768,"height":768},{"@type":"BreadcrumbList","@id":"https:\/\/www.malinashop.lt\/lt_lt\/shop\/yunsey-sampunas-garbanotiems-plaukams-shampoo-curly-method-300-ml\/#breadcrumb","itemListElement":[{"@type":"ListItem","position":1,"name":"Home","item":"https:\/\/www.malinashop.lt\/en\/"},{"@type":"ListItem","position":2,"name":"Parduotuv\u0117","item":"https:\/\/www.malinashop.lt\/en\/parduotuve\/"},{"@type":"ListItem","position":3,"name":"YUNSEY \u0161amp\u016bnas garbanotiems plaukams SHAMPOO CURLY METHOD, 300 ml"}]},{"@type":"WebSite","@id":"https:\/\/www.malinashop.lt\/en\/#website","url":"https:\/\/www.malinashop.lt\/en\/","name":"COM Group Ecommerce","description":"MalinaShop.lt - Gro\u017eio ir sveikatos produktai i\u0161 patikim\u0173 preki\u0173 \u017eenkl\u0173. Atraskite auk\u0161tos kokyb\u0117s kosmetik\u0105 u\u017e puiki\u0105 kain\u0105.","publisher":{"@id":"https:\/\/www.malinashop.lt\/en\/#organization"},"potentialAction":[{"@type":"SearchAction","target":{"@type":"EntryPoint","urlTemplate":"https:\/\/www.malinashop.lt\/en\/?s={search_term_string}"},"query-input":{"@type":"PropertyValueSpecification","valueRequired":true,"valueName":"search_term_string"}}],"inLanguage":"lt-LT"},{"@type":"Organization","@id":"https:\/\/www.malinashop.lt\/en\/#organization","name":"COM Group Ecommerce","url":"https:\/\/www.malinashop.lt\/en\/","logo":{"@type":"ImageObject","inLanguage":"lt-LT","@id":"https:\/\/www.malinashop.lt\/en\/#\/schema\/logo\/image\/","url":"https:\/\/www.malinashop.lt\/wp-content\/uploads\/2024\/08\/462559670_3787732518133670_9795632669273463_n-e1731525914575.png","contentUrl":"https:\/\/www.malinashop.lt\/wp-content\/uploads\/2024\/08\/462559670_3787732518133670_9795632669273463_n-e1731525914575.png","width":180,"height":60,"caption":"COM Group Ecommerce"},"image":{"@id":"https:\/\/www.malinashop.lt\/en\/#\/schema\/logo\/image\/"}}]}},"jetpack_sharing_enabled":true,"_links":{"self":[{"href":"https:\/\/www.malinashop.lt\/lt_lt\/wp-json\/wp\/v2\/product\/72797","targetHints":{"allow":["GET"]}}],"collection":[{"href":"https:\/\/www.malinashop.lt\/lt_lt\/wp-json\/wp\/v2\/product"}],"about":[{"href":"https:\/\/www.malinashop.lt\/lt_lt\/wp-json\/wp\/v2\/types\/product"}],"version-history":[{"count":1,"href":"https:\/\/www.malinashop.lt\/lt_lt\/wp-json\/wp\/v2\/product\/72797\/revisions"}],"predecessor-version":[{"id":72799,"href":"https:\/\/www.malinashop.lt\/lt_lt\/wp-json\/wp\/v2\/product\/72797\/revisions\/72799"}],"wp:featuredmedia":[{"embeddable":true,"href":"https:\/\/www.malinashop.lt\/lt_lt\/wp-json\/wp\/v2\/media\/72798"}],"wp:attachment":[{"href":"https:\/\/www.malinashop.lt\/lt_lt\/wp-json\/wp\/v2\/media?parent=72797"}],"wp:term":[{"taxonomy":"product_brand","embeddable":true,"href":"https:\/\/www.malinashop.lt\/lt_lt\/wp-json\/wp\/v2\/product_brand?post=72797"},{"taxonomy":"product_cat","embeddable":true,"href":"https:\/\/www.malinashop.lt\/lt_lt\/wp-json\/wp\/v2\/product_cat?post=72797"},{"taxonomy":"product_tag","embeddable":true,"href":"https:\/\/www.malinashop.lt\/lt_lt\/wp-json\/wp\/v2\/product_tag?post=72797"}],"curies":[{"name":"wp","href":"https:\/\/api.w.org\/{rel}","templated":true}]}}