{"id":72791,"date":"2026-01-01T16:27:51","date_gmt":"2026-01-01T13:27:51","guid":{"rendered":"https:\/\/malinashop.lt\/?post_type=product&#038;p=72791"},"modified":"2026-04-07T22:18:40","modified_gmt":"2026-04-07T19:18:40","slug":"yunsey-shaper-gel-cream-curly-method-garbanas-aktyvuojantis-gelis-175-ml","status":"publish","type":"product","link":"https:\/\/www.malinashop.lt\/lt_lt\/shop\/yunsey-shaper-gel-cream-curly-method-garbanas-aktyvuojantis-gelis-175-ml\/","title":{"rendered":"YUNSEY SHAPER GEL CREAM CURLY METHOD garbanas aktyvuojantis gelis, 175 ml"},"content":{"rendered":"<p data-start=\"367\" data-end=\"717\">YUNSEY garbanas aktyvuojantis gelis <strong data-start=\"426\" data-end=\"459\">SHAPER GEL CREAM CURLY METHOD<\/strong> sukurtas tam, kad garbanoti ir banguoti plaukai \u012fgaut\u0173 ai\u0161ki\u0105 form\u0105, elastingum\u0105 ir i\u0161likt\u0173 tvarkingi vis\u0105 dien\u0105. Lengva gelio\u2013kremo tekst\u016bra padeda <strong data-start=\"609\" data-end=\"643\">aktyvinti ir formuoti garbanas<\/strong>, kovoja su plauk\u0173 pasi\u0161iau\u0161imu ir nesukuria kietos, sulipdytos tekst\u016bros.<\/p>\n<p data-start=\"719\" data-end=\"741\">Formul\u0117 praturtinta:<\/p>\n<ul data-start=\"742\" data-end=\"859\">\n<li data-start=\"742\" data-end=\"770\">\n<p data-start=\"744\" data-end=\"770\"><strong data-start=\"744\" data-end=\"767\">sacha in\u010di aliejumi<\/strong>,<\/p>\n<\/li>\n<li data-start=\"771\" data-end=\"800\">\n<p data-start=\"773\" data-end=\"800\"><strong data-start=\"773\" data-end=\"797\">lin\u0173 s\u0117kl\u0173 ekstraktu<\/strong>,<\/p>\n<\/li>\n<li data-start=\"801\" data-end=\"831\">\n<p data-start=\"803\" data-end=\"831\"><strong data-start=\"803\" data-end=\"828\">\u010dijos s\u0117kl\u0173 ekstraktu<\/strong>,<\/p>\n<\/li>\n<li data-start=\"832\" data-end=\"859\">\n<p data-start=\"834\" data-end=\"859\"><strong data-start=\"834\" data-end=\"856\">augaliniu keratinu<\/strong>.<\/p>\n<\/li>\n<\/ul>\n<p data-start=\"861\" data-end=\"1184\">\u0160ie ingredientai padeda maitinti ir stiprinti plaukus, gerina j\u0173 elastingum\u0105, suteikia glotnumo ir <strong data-start=\"960\" data-end=\"984\">nat\u016bralaus blizgesio<\/strong>, tod\u0117l garbanos atrodo gyvybingos, \u0161velnios ir pri\u017ei\u016br\u0117tos. Gelis <strong data-start=\"1051\" data-end=\"1082\">nepalieka liku\u010di\u0173, nelipina<\/strong> plauk\u0173 ir neapsunkina j\u0173, tod\u0117l idealiai tinka tiek ry\u0161kioms, tiek nat\u016braliai atrodan\u010dioms garbanoms.<\/p>\n<p data-start=\"1186\" data-end=\"1226\">Puikus pasirinkimas tiems, kurie nori:<\/p>\n<ul data-start=\"1227\" data-end=\"1404\">\n<li data-start=\"1227\" data-end=\"1271\">\n<p data-start=\"1229\" data-end=\"1271\">ai\u0161kesn\u0117s, tvarkingesn\u0117s garban\u0173 formos,<\/p>\n<\/li>\n<li data-start=\"1272\" data-end=\"1311\">\n<p data-start=\"1274\" data-end=\"1311\">suma\u017einti p\u016btim\u0105si ir pasi\u0161iau\u0161im\u0105,<\/p>\n<\/li>\n<li data-start=\"1312\" data-end=\"1354\">\n<p data-start=\"1314\" data-end=\"1354\">ilgalaikio, bet elastingo suformavimo,<\/p>\n<\/li>\n<li data-start=\"1355\" data-end=\"1404\">\n<p data-start=\"1357\" data-end=\"1404\">papildomos prie\u017ei\u016bros garbanot\u0173 plauk\u0173 rutinai.<\/p>\n<\/li>\n<\/ul>\n<p data-start=\"1406\" data-end=\"1431\"><strong data-start=\"1406\" data-end=\"1429\">Pagrindin\u0117s savyb\u0117s<\/strong><\/p>\n<ul data-start=\"1432\" data-end=\"1733\">\n<li data-start=\"1432\" data-end=\"1465\">\n<p data-start=\"1434\" data-end=\"1465\">Aktyvina ir formuoja garbanas<\/p>\n<\/li>\n<li data-start=\"1466\" data-end=\"1503\">\n<p data-start=\"1468\" data-end=\"1503\">Pary\u0161kina nat\u016brali\u0105 garban\u0173 form\u0105<\/p>\n<\/li>\n<li data-start=\"1504\" data-end=\"1540\">\n<p data-start=\"1506\" data-end=\"1540\">Padeda kontroliuoti pasi\u0161iau\u0161im\u0105<\/p>\n<\/li>\n<li data-start=\"1541\" data-end=\"1588\">\n<p data-start=\"1543\" data-end=\"1588\">Neapsunkina plauk\u0173, nepalieka balt\u0173 liku\u010di\u0173<\/p>\n<\/li>\n<li data-start=\"1589\" data-end=\"1681\">\n<p data-start=\"1591\" data-end=\"1681\">Praturtintas sacha in\u010di aliejumi, lin\u0173 ir \u010dijos s\u0117kl\u0173 ekstraktais bei augaliniu keratinu<\/p>\n<\/li>\n<li data-start=\"1682\" data-end=\"1733\">\n<p data-start=\"1684\" data-end=\"1733\">Suteikia \u0161velnumo, glotnumo ir sveiko blizgesio<\/p>\n<\/li>\n<\/ul>\n<p data-start=\"1735\" data-end=\"1751\"><strong data-start=\"1735\" data-end=\"1749\">Naudojimas<\/strong><\/p>\n<ol data-start=\"1752\" data-end=\"2221\">\n<li data-start=\"1752\" data-end=\"1830\">\n<p data-start=\"1755\" data-end=\"1830\">Tepkite gel\u012f <strong data-start=\"1768\" data-end=\"1790\">ma\u017eomis sekcijomis<\/strong> ant \u0161vari\u0173, i\u0161\u0161ukuot\u0173, dr\u0117gn\u0173 plauk\u0173.<\/p>\n<\/li>\n<li data-start=\"1831\" data-end=\"1917\">\n<p data-start=\"1834\" data-end=\"1917\">Paskirstykite nuo <strong data-start=\"1852\" data-end=\"1873\">\u0161akn\u0173 iki galiuk\u0173<\/strong>, ypating\u0105 d\u0117mes\u012f skirdami garban\u0173 zonoms.<\/p>\n<\/li>\n<li data-start=\"1918\" data-end=\"2021\">\n<p data-start=\"1921\" data-end=\"2021\">Po formuojamojo kremo (jei naudojate) SHAPER GEL CREAM naudokite kaip form\u0105 u\u017efiksuojant\u012f \u017eingsn\u012f.<\/p>\n<\/li>\n<li data-start=\"2022\" data-end=\"2137\">\n<p data-start=\"2025\" data-end=\"2137\">Didesniam garban\u0173 i\u0161ry\u0161kinimui naudokite <strong data-start=\"2066\" data-end=\"2101\">pir\u0161tus arba pla\u010di\u0173 dant\u0173 \u0161ukas<\/strong>, \u0161velniai \u201egniu\u017edydami\u201c garbanas.<\/p>\n<\/li>\n<li data-start=\"2138\" data-end=\"2221\">\n<p data-start=\"2141\" data-end=\"2221\">Leiskite plaukams i\u0161d\u017ei\u016bti nat\u016braliai arba naudokite d\u017eiovintuv\u0105 su difuzoriumi.<\/p>\n<\/li>\n<\/ol>\n<p data-start=\"2223\" data-end=\"2350\"><strong data-start=\"2223\" data-end=\"2232\">Tinka<\/strong><br data-start=\"2232\" data-end=\"2235\" \/>Garbanotiems ir banguotiems plaukams, ie\u0161kantiems lengvo, bet veiksmingo formavimo ir ai\u0161kesn\u0117s garban\u0173 strukt\u016bros.<\/p>\n","protected":false},"excerpt":{"rendered":"<p>YUNSEY SHAPER GEL CREAM CURLY METHOD \u2013 lengvas garbanas aktyvuojantis gelis su sacha in\u010di aliejumi, lin\u0173 ir \u010dijos s\u0117kl\u0173 ekstraktais bei augaliniu keratinu. Pary\u0161kina garbanas, ma\u017eina pasi\u0161iau\u0161im\u0105 ir nepalieka liku\u010di\u0173.<\/p>\n","protected":false},"featured_media":72792,"template":"","meta":[],"product_brand":[513],"product_cat":[518],"product_tag":[1143],"class_list":{"0":"post-72791","1":"product","2":"type-product","3":"status-publish","4":"has-post-thumbnail","6":"product_brand-yunsey","7":"product_cat-plauku-lakai-putos-vaskas-ir-kitos-priemones","8":"product_tag-yunsey","10":"first","11":"instock","12":"sale","13":"taxable","14":"shipping-taxable","15":"purchasable","16":"product-type-simple"},"yoast_head":"<!-- This site is optimized with the Yoast SEO plugin v27.4 - https:\/\/yoast.com\/product\/yoast-seo-wordpress\/ -->\n<title>YUNSEY SHAPER GEL CREAM CURLY METHOD garbanas aktyvuojantis gelis, 175 ml - MalinaShop.lt J\u016bs\u0173 sveikatai ir gro\u017eiui.<\/title>\n<meta name=\"description\" content=\"YUNSEY SHAPER GEL CREAM CURLY METHOD \u2013 lengvas garbanas aktyvuojantis gelis su sacha in\u010di, lin\u0173, \u010dijos ir augaliniu keratinu. Pary\u0161kina garbanas, ma\u017eina pasi\u0161iau\u0161im\u0105.\" \/>\n<meta name=\"robots\" content=\"index, follow, max-snippet:-1, max-image-preview:large, max-video-preview:-1\" \/>\n<link rel=\"canonical\" href=\"https:\/\/www.malinashop.lt\/lt_lt\/shop\/yunsey-shaper-gel-cream-curly-method-garbanas-aktyvuojantis-gelis-175-ml\/\" \/>\n<meta property=\"og:locale\" content=\"lt_LT\" \/>\n<meta property=\"og:type\" content=\"article\" \/>\n<meta property=\"og:title\" content=\"YUNSEY SHAPER GEL CREAM CURLY METHOD garbanas aktyvuojantis gelis, 175 ml - MalinaShop.lt J\u016bs\u0173 sveikatai ir gro\u017eiui.\" \/>\n<meta property=\"og:description\" content=\"YUNSEY SHAPER GEL CREAM CURLY METHOD \u2013 lengvas garbanas aktyvuojantis gelis su sacha in\u010di, lin\u0173, \u010dijos ir augaliniu keratinu. Pary\u0161kina garbanas, ma\u017eina pasi\u0161iau\u0161im\u0105.\" \/>\n<meta property=\"og:url\" content=\"https:\/\/www.malinashop.lt\/lt_lt\/shop\/yunsey-shaper-gel-cream-curly-method-garbanas-aktyvuojantis-gelis-175-ml\/\" \/>\n<meta property=\"og:site_name\" content=\"MalinaShop.lt J\u016bs\u0173 sveikatai ir gro\u017eiui.\" \/>\n<meta property=\"article:modified_time\" content=\"2026-04-07T19:18:40+00:00\" \/>\n<meta property=\"og:image\" content=\"https:\/\/www.malinashop.lt\/wp-content\/uploads\/2026\/01\/YUNSEY-SHAPER-GEL-CREAM-CURLY-METHOD-garbanas-aktyvuojantis-gelis-175-ml.webp\" \/>\n\t<meta property=\"og:image:width\" content=\"768\" \/>\n\t<meta property=\"og:image:height\" content=\"768\" \/>\n\t<meta property=\"og:image:type\" content=\"image\/webp\" \/>\n<meta name=\"twitter:card\" content=\"summary_large_image\" \/>\n<script type=\"application\/ld+json\" class=\"yoast-schema-graph\">{\"@context\":\"https:\\\/\\\/schema.org\",\"@graph\":[{\"@type\":\"WebPage\",\"@id\":\"https:\\\/\\\/www.malinashop.lt\\\/en\\\/shop\\\/yunsey-shaper-gel-cream-curly-method-garbanas-aktyvuojantis-gelis-175-ml\\\/\",\"url\":\"https:\\\/\\\/www.malinashop.lt\\\/en\\\/shop\\\/yunsey-shaper-gel-cream-curly-method-garbanas-aktyvuojantis-gelis-175-ml\\\/\",\"name\":\"YUNSEY SHAPER GEL CREAM CURLY METHOD garbanas aktyvuojantis gelis, 175 ml - MalinaShop.lt J\u016bs\u0173 sveikatai ir gro\u017eiui.\",\"isPartOf\":{\"@id\":\"https:\\\/\\\/www.malinashop.lt\\\/#website\"},\"primaryImageOfPage\":{\"@id\":\"https:\\\/\\\/www.malinashop.lt\\\/en\\\/shop\\\/yunsey-shaper-gel-cream-curly-method-garbanas-aktyvuojantis-gelis-175-ml\\\/#primaryimage\"},\"image\":{\"@id\":\"https:\\\/\\\/www.malinashop.lt\\\/en\\\/shop\\\/yunsey-shaper-gel-cream-curly-method-garbanas-aktyvuojantis-gelis-175-ml\\\/#primaryimage\"},\"thumbnailUrl\":\"https:\\\/\\\/www.malinashop.lt\\\/wp-content\\\/uploads\\\/2026\\\/01\\\/YUNSEY-SHAPER-GEL-CREAM-CURLY-METHOD-garbanas-aktyvuojantis-gelis-175-ml.webp\",\"datePublished\":\"2026-01-01T13:27:51+00:00\",\"dateModified\":\"2026-04-07T19:18:40+00:00\",\"description\":\"YUNSEY SHAPER GEL CREAM CURLY METHOD \u2013 lengvas garbanas aktyvuojantis gelis su sacha in\u010di, lin\u0173, \u010dijos ir augaliniu keratinu. Pary\u0161kina garbanas, ma\u017eina pasi\u0161iau\u0161im\u0105.\",\"breadcrumb\":{\"@id\":\"https:\\\/\\\/www.malinashop.lt\\\/en\\\/shop\\\/yunsey-shaper-gel-cream-curly-method-garbanas-aktyvuojantis-gelis-175-ml\\\/#breadcrumb\"},\"inLanguage\":\"lt-LT\",\"potentialAction\":[{\"@type\":\"ReadAction\",\"target\":[\"https:\\\/\\\/www.malinashop.lt\\\/en\\\/shop\\\/yunsey-shaper-gel-cream-curly-method-garbanas-aktyvuojantis-gelis-175-ml\\\/\"]}]},{\"@type\":\"ImageObject\",\"inLanguage\":\"lt-LT\",\"@id\":\"https:\\\/\\\/www.malinashop.lt\\\/en\\\/shop\\\/yunsey-shaper-gel-cream-curly-method-garbanas-aktyvuojantis-gelis-175-ml\\\/#primaryimage\",\"url\":\"https:\\\/\\\/www.malinashop.lt\\\/wp-content\\\/uploads\\\/2026\\\/01\\\/YUNSEY-SHAPER-GEL-CREAM-CURLY-METHOD-garbanas-aktyvuojantis-gelis-175-ml.webp\",\"contentUrl\":\"https:\\\/\\\/www.malinashop.lt\\\/wp-content\\\/uploads\\\/2026\\\/01\\\/YUNSEY-SHAPER-GEL-CREAM-CURLY-METHOD-garbanas-aktyvuojantis-gelis-175-ml.webp\",\"width\":768,\"height\":768},{\"@type\":\"BreadcrumbList\",\"@id\":\"https:\\\/\\\/www.malinashop.lt\\\/en\\\/shop\\\/yunsey-shaper-gel-cream-curly-method-garbanas-aktyvuojantis-gelis-175-ml\\\/#breadcrumb\",\"itemListElement\":[{\"@type\":\"ListItem\",\"position\":1,\"name\":\"Pagrindinis\",\"item\":\"https:\\\/\\\/www.malinashop.lt\\\/\"},{\"@type\":\"ListItem\",\"position\":2,\"name\":\"Parduotuv\u0117\",\"item\":\"https:\\\/\\\/www.malinashop.lt\\\/en\\\/parduotuve\\\/\"},{\"@type\":\"ListItem\",\"position\":3,\"name\":\"YUNSEY SHAPER GEL CREAM CURLY METHOD garbanas aktyvuojantis gelis, 175 ml\"}]},{\"@type\":\"WebSite\",\"@id\":\"https:\\\/\\\/www.malinashop.lt\\\/#website\",\"url\":\"https:\\\/\\\/www.malinashop.lt\\\/\",\"name\":\"COM Group Ecommerce\",\"description\":\"MalinaShop.lt - Gro\u017eio ir sveikatos produktai i\u0161 patikim\u0173 preki\u0173 \u017eenkl\u0173. Atraskite auk\u0161tos kokyb\u0117s kosmetik\u0105 u\u017e puiki\u0105 kain\u0105.\",\"publisher\":{\"@id\":\"https:\\\/\\\/www.malinashop.lt\\\/#organization\"},\"potentialAction\":[{\"@type\":\"SearchAction\",\"target\":{\"@type\":\"EntryPoint\",\"urlTemplate\":\"https:\\\/\\\/www.malinashop.lt\\\/?s={search_term_string}\"},\"query-input\":{\"@type\":\"PropertyValueSpecification\",\"valueRequired\":true,\"valueName\":\"search_term_string\"}}],\"inLanguage\":\"lt-LT\"},{\"@type\":\"Organization\",\"@id\":\"https:\\\/\\\/www.malinashop.lt\\\/#organization\",\"name\":\"COM Group Ecommerce\",\"url\":\"https:\\\/\\\/www.malinashop.lt\\\/\",\"logo\":{\"@type\":\"ImageObject\",\"inLanguage\":\"lt-LT\",\"@id\":\"https:\\\/\\\/www.malinashop.lt\\\/#\\\/schema\\\/logo\\\/image\\\/\",\"url\":\"https:\\\/\\\/www.malinashop.lt\\\/wp-content\\\/uploads\\\/2024\\\/08\\\/462559670_3787732518133670_9795632669273463_n-e1731525914575.png\",\"contentUrl\":\"https:\\\/\\\/www.malinashop.lt\\\/wp-content\\\/uploads\\\/2024\\\/08\\\/462559670_3787732518133670_9795632669273463_n-e1731525914575.png\",\"width\":180,\"height\":60,\"caption\":\"COM Group Ecommerce\"},\"image\":{\"@id\":\"https:\\\/\\\/www.malinashop.lt\\\/#\\\/schema\\\/logo\\\/image\\\/\"}}]}<\/script>\n<!-- \/ Yoast SEO plugin. -->","yoast_head_json":{"title":"YUNSEY SHAPER GEL CREAM CURLY METHOD garbanas aktyvuojantis gelis, 175 ml - MalinaShop.lt J\u016bs\u0173 sveikatai ir gro\u017eiui.","description":"YUNSEY SHAPER GEL CREAM CURLY METHOD \u2013 lengvas garbanas aktyvuojantis gelis su sacha in\u010di, lin\u0173, \u010dijos ir augaliniu keratinu. Pary\u0161kina garbanas, ma\u017eina pasi\u0161iau\u0161im\u0105.","robots":{"index":"index","follow":"follow","max-snippet":"max-snippet:-1","max-image-preview":"max-image-preview:large","max-video-preview":"max-video-preview:-1"},"canonical":"https:\/\/www.malinashop.lt\/lt_lt\/shop\/yunsey-shaper-gel-cream-curly-method-garbanas-aktyvuojantis-gelis-175-ml\/","og_locale":"lt_LT","og_type":"article","og_title":"YUNSEY SHAPER GEL CREAM CURLY METHOD garbanas aktyvuojantis gelis, 175 ml - MalinaShop.lt J\u016bs\u0173 sveikatai ir gro\u017eiui.","og_description":"YUNSEY SHAPER GEL CREAM CURLY METHOD \u2013 lengvas garbanas aktyvuojantis gelis su sacha in\u010di, lin\u0173, \u010dijos ir augaliniu keratinu. Pary\u0161kina garbanas, ma\u017eina pasi\u0161iau\u0161im\u0105.","og_url":"https:\/\/www.malinashop.lt\/lt_lt\/shop\/yunsey-shaper-gel-cream-curly-method-garbanas-aktyvuojantis-gelis-175-ml\/","og_site_name":"MalinaShop.lt J\u016bs\u0173 sveikatai ir gro\u017eiui.","article_modified_time":"2026-04-07T19:18:40+00:00","og_image":[{"width":768,"height":768,"url":"https:\/\/www.malinashop.lt\/wp-content\/uploads\/2026\/01\/YUNSEY-SHAPER-GEL-CREAM-CURLY-METHOD-garbanas-aktyvuojantis-gelis-175-ml.webp","type":"image\/webp"}],"twitter_card":"summary_large_image","schema":{"@context":"https:\/\/schema.org","@graph":[{"@type":"WebPage","@id":"https:\/\/www.malinashop.lt\/en\/shop\/yunsey-shaper-gel-cream-curly-method-garbanas-aktyvuojantis-gelis-175-ml\/","url":"https:\/\/www.malinashop.lt\/en\/shop\/yunsey-shaper-gel-cream-curly-method-garbanas-aktyvuojantis-gelis-175-ml\/","name":"YUNSEY SHAPER GEL CREAM CURLY METHOD garbanas aktyvuojantis gelis, 175 ml - MalinaShop.lt J\u016bs\u0173 sveikatai ir gro\u017eiui.","isPartOf":{"@id":"https:\/\/www.malinashop.lt\/#website"},"primaryImageOfPage":{"@id":"https:\/\/www.malinashop.lt\/en\/shop\/yunsey-shaper-gel-cream-curly-method-garbanas-aktyvuojantis-gelis-175-ml\/#primaryimage"},"image":{"@id":"https:\/\/www.malinashop.lt\/en\/shop\/yunsey-shaper-gel-cream-curly-method-garbanas-aktyvuojantis-gelis-175-ml\/#primaryimage"},"thumbnailUrl":"https:\/\/www.malinashop.lt\/wp-content\/uploads\/2026\/01\/YUNSEY-SHAPER-GEL-CREAM-CURLY-METHOD-garbanas-aktyvuojantis-gelis-175-ml.webp","datePublished":"2026-01-01T13:27:51+00:00","dateModified":"2026-04-07T19:18:40+00:00","description":"YUNSEY SHAPER GEL CREAM CURLY METHOD \u2013 lengvas garbanas aktyvuojantis gelis su sacha in\u010di, lin\u0173, \u010dijos ir augaliniu keratinu. Pary\u0161kina garbanas, ma\u017eina pasi\u0161iau\u0161im\u0105.","breadcrumb":{"@id":"https:\/\/www.malinashop.lt\/en\/shop\/yunsey-shaper-gel-cream-curly-method-garbanas-aktyvuojantis-gelis-175-ml\/#breadcrumb"},"inLanguage":"lt-LT","potentialAction":[{"@type":"ReadAction","target":["https:\/\/www.malinashop.lt\/en\/shop\/yunsey-shaper-gel-cream-curly-method-garbanas-aktyvuojantis-gelis-175-ml\/"]}]},{"@type":"ImageObject","inLanguage":"lt-LT","@id":"https:\/\/www.malinashop.lt\/en\/shop\/yunsey-shaper-gel-cream-curly-method-garbanas-aktyvuojantis-gelis-175-ml\/#primaryimage","url":"https:\/\/www.malinashop.lt\/wp-content\/uploads\/2026\/01\/YUNSEY-SHAPER-GEL-CREAM-CURLY-METHOD-garbanas-aktyvuojantis-gelis-175-ml.webp","contentUrl":"https:\/\/www.malinashop.lt\/wp-content\/uploads\/2026\/01\/YUNSEY-SHAPER-GEL-CREAM-CURLY-METHOD-garbanas-aktyvuojantis-gelis-175-ml.webp","width":768,"height":768},{"@type":"BreadcrumbList","@id":"https:\/\/www.malinashop.lt\/en\/shop\/yunsey-shaper-gel-cream-curly-method-garbanas-aktyvuojantis-gelis-175-ml\/#breadcrumb","itemListElement":[{"@type":"ListItem","position":1,"name":"Pagrindinis","item":"https:\/\/www.malinashop.lt\/"},{"@type":"ListItem","position":2,"name":"Parduotuv\u0117","item":"https:\/\/www.malinashop.lt\/en\/parduotuve\/"},{"@type":"ListItem","position":3,"name":"YUNSEY SHAPER GEL CREAM CURLY METHOD garbanas aktyvuojantis gelis, 175 ml"}]},{"@type":"WebSite","@id":"https:\/\/www.malinashop.lt\/#website","url":"https:\/\/www.malinashop.lt\/","name":"COM Group Ecommerce","description":"MalinaShop.lt - Gro\u017eio ir sveikatos produktai i\u0161 patikim\u0173 preki\u0173 \u017eenkl\u0173. Atraskite auk\u0161tos kokyb\u0117s kosmetik\u0105 u\u017e puiki\u0105 kain\u0105.","publisher":{"@id":"https:\/\/www.malinashop.lt\/#organization"},"potentialAction":[{"@type":"SearchAction","target":{"@type":"EntryPoint","urlTemplate":"https:\/\/www.malinashop.lt\/?s={search_term_string}"},"query-input":{"@type":"PropertyValueSpecification","valueRequired":true,"valueName":"search_term_string"}}],"inLanguage":"lt-LT"},{"@type":"Organization","@id":"https:\/\/www.malinashop.lt\/#organization","name":"COM Group Ecommerce","url":"https:\/\/www.malinashop.lt\/","logo":{"@type":"ImageObject","inLanguage":"lt-LT","@id":"https:\/\/www.malinashop.lt\/#\/schema\/logo\/image\/","url":"https:\/\/www.malinashop.lt\/wp-content\/uploads\/2024\/08\/462559670_3787732518133670_9795632669273463_n-e1731525914575.png","contentUrl":"https:\/\/www.malinashop.lt\/wp-content\/uploads\/2024\/08\/462559670_3787732518133670_9795632669273463_n-e1731525914575.png","width":180,"height":60,"caption":"COM Group Ecommerce"},"image":{"@id":"https:\/\/www.malinashop.lt\/#\/schema\/logo\/image\/"}}]}},"jetpack_sharing_enabled":true,"_links":{"self":[{"href":"https:\/\/www.malinashop.lt\/lt_lt\/wp-json\/wp\/v2\/product\/72791","targetHints":{"allow":["GET"]}}],"collection":[{"href":"https:\/\/www.malinashop.lt\/lt_lt\/wp-json\/wp\/v2\/product"}],"about":[{"href":"https:\/\/www.malinashop.lt\/lt_lt\/wp-json\/wp\/v2\/types\/product"}],"version-history":[{"count":1,"href":"https:\/\/www.malinashop.lt\/lt_lt\/wp-json\/wp\/v2\/product\/72791\/revisions"}],"predecessor-version":[{"id":72793,"href":"https:\/\/www.malinashop.lt\/lt_lt\/wp-json\/wp\/v2\/product\/72791\/revisions\/72793"}],"wp:featuredmedia":[{"embeddable":true,"href":"https:\/\/www.malinashop.lt\/lt_lt\/wp-json\/wp\/v2\/media\/72792"}],"wp:attachment":[{"href":"https:\/\/www.malinashop.lt\/lt_lt\/wp-json\/wp\/v2\/media?parent=72791"}],"wp:term":[{"taxonomy":"product_brand","embeddable":true,"href":"https:\/\/www.malinashop.lt\/lt_lt\/wp-json\/wp\/v2\/product_brand?post=72791"},{"taxonomy":"product_cat","embeddable":true,"href":"https:\/\/www.malinashop.lt\/lt_lt\/wp-json\/wp\/v2\/product_cat?post=72791"},{"taxonomy":"product_tag","embeddable":true,"href":"https:\/\/www.malinashop.lt\/lt_lt\/wp-json\/wp\/v2\/product_tag?post=72791"}],"curies":[{"name":"wp","href":"https:\/\/api.w.org\/{rel}","templated":true}]}}