{"id":72785,"date":"2026-01-01T16:23:29","date_gmt":"2026-01-01T13:23:29","guid":{"rendered":"https:\/\/malinashop.lt\/?post_type=product&#038;p=72785"},"modified":"2026-04-07T22:18:40","modified_gmt":"2026-04-07T19:18:40","slug":"yunsey-garbanu-kremas-curly-method-definer-cream-175-ml","status":"publish","type":"product","link":"https:\/\/www.malinashop.lt\/lt_lt\/shop\/yunsey-garbanu-kremas-curly-method-definer-cream-175-ml\/","title":{"rendered":"YUNSEY garban\u0173 kremas CURLY-METHOD DEFINER CREAM, 175 ml"},"content":{"rendered":"<p>YUNSEY Kremas Plaukams<\/p>\n<p data-start=\"315\" data-end=\"678\">YUNSEY garban\u0173 kremas <strong data-start=\"360\" data-end=\"390\">CURLY-METHOD DEFINER CREAM<\/strong> sukurtas specialiai garbanotiems ir banguotiems plaukams, kuriems reikia daugiau kontrol\u0117s, dr\u0117gm\u0117s ir i\u0161rai\u0161kingos formos. Tai lengvos tekst\u016bros, nenuplaunamas kremas, padedantis i\u0161laikyti nat\u016brali\u0105 garban\u0173 strukt\u016br\u0105, suteikiantis \u0161velnumo ir elastingumo be sunkaus, \u201eapkrauto\u201c poj\u016b\u010dio.<\/p>\n<p data-start=\"680\" data-end=\"971\">Kremas praturtintas <strong data-start=\"700\" data-end=\"752\">traukmed\u017eio sviestu, jojobos ir avokad\u0173 aliejais<\/strong>, kurie giliai maitina plaukus, padeda i\u0161laikyti dr\u0117gm\u0117s balans\u0105, glotnina pavir\u0161i\u0173 ir suteikia sveiko spindesio. Garbanos tampa labiau apibr\u0117\u017etos, tvarkingos, ta\u010diau i\u0161lieka mink\u0161tos, lengvai krentan\u010dios ir gyvybingos.<\/p>\n<p data-start=\"973\" data-end=\"1157\">Tai puikus pasirinkimas tiek nat\u016bralioms, tiek formuotoms garbanoms, kai norisi i\u0161ry\u0161kinti j\u0173 form\u0105, suma\u017einti pasi\u0161iau\u0161im\u0105 ir suteikti plaukams disciplinos, i\u0161laikant nat\u016bral\u0173 judes\u012f.<\/p>\n<p data-start=\"1159\" data-end=\"1184\"><strong data-start=\"1159\" data-end=\"1182\">Pagrindin\u0117s savyb\u0117s<\/strong><\/p>\n<ul data-start=\"1185\" data-end=\"1517\">\n<li data-start=\"1185\" data-end=\"1219\">\n<p data-start=\"1187\" data-end=\"1219\">Formuoja ir i\u0161ry\u0161kina garbanas<\/p>\n<\/li>\n<li data-start=\"1220\" data-end=\"1266\">\n<p data-start=\"1222\" data-end=\"1266\">Tinka garbanotiems ir banguotiems plaukams<\/p>\n<\/li>\n<li data-start=\"1267\" data-end=\"1297\">\n<p data-start=\"1269\" data-end=\"1297\">Dr\u0117kina ir maitina plaukus<\/p>\n<\/li>\n<li data-start=\"1298\" data-end=\"1339\">\n<p data-start=\"1300\" data-end=\"1339\">Suteikia \u0161velnumo ir sveiko spindesio<\/p>\n<\/li>\n<li data-start=\"1340\" data-end=\"1398\">\n<p data-start=\"1342\" data-end=\"1398\">Padeda kontroliuoti garbanas ir suma\u017einti pasi\u0161iau\u0161im\u0105<\/p>\n<\/li>\n<li data-start=\"1399\" data-end=\"1440\">\n<p data-start=\"1401\" data-end=\"1440\">Suteikia ilgalaik\u012f garban\u0173 apibr\u0117\u017eim\u0105<\/p>\n<\/li>\n<li data-start=\"1441\" data-end=\"1476\">\n<p data-start=\"1443\" data-end=\"1476\">Lengva, neapsunkinanti tekst\u016bra<\/p>\n<\/li>\n<li data-start=\"1477\" data-end=\"1517\">\n<p data-start=\"1479\" data-end=\"1517\">Nenuplaunamas \u2013 patogu naudoti kasdien<\/p>\n<\/li>\n<\/ul>\n<p data-start=\"1519\" data-end=\"1547\"><strong data-start=\"1519\" data-end=\"1545\">Aktyvieji ingredientai<\/strong><\/p>\n<ul data-start=\"1548\" data-end=\"1769\">\n<li data-start=\"1548\" data-end=\"1630\">\n<p data-start=\"1550\" data-end=\"1630\">Traukmed\u017eio sviestas \u2013 maitina, mink\u0161tina ir padeda i\u0161laikyti dr\u0117gm\u0119 plaukuose<\/p>\n<\/li>\n<li data-start=\"1631\" data-end=\"1696\">\n<p data-start=\"1633\" data-end=\"1696\">Jojobos aliejus \u2013 glotnina, suteikia elastingumo ir \u017evilgesio<\/p>\n<\/li>\n<li data-start=\"1697\" data-end=\"1769\">\n<p data-start=\"1699\" data-end=\"1769\">Avokad\u0173 aliejus \u2013 maitina, stiprina ir saugo plaukus nuo i\u0161saus\u0117jimo<\/p>\n<\/li>\n<\/ul>\n<p data-start=\"1771\" data-end=\"1789\"><strong data-start=\"1771\" data-end=\"1787\">Kaip naudoti<\/strong><\/p>\n<ol data-start=\"1790\" data-end=\"2180\">\n<li data-start=\"1790\" data-end=\"1856\">\n<p data-start=\"1793\" data-end=\"1856\">Nedidel\u012f kiek\u012f kremo paskirstykite ant \u0161vari\u0173, dr\u0117gn\u0173 plauk\u0173.<\/p>\n<\/li>\n<li data-start=\"1857\" data-end=\"1947\">\n<p data-start=\"1860\" data-end=\"1947\">\u0160velniai \u012fmasa\u017euokite \u012f plaukus, ypating\u0105 d\u0117mes\u012f skirdami garban\u0173 zonai ir galiukams.<\/p>\n<\/li>\n<li data-start=\"1948\" data-end=\"2086\">\n<p data-start=\"1951\" data-end=\"2086\">Leiskite plaukams i\u0161d\u017ei\u016bti nat\u016braliai arba d\u017eiovinkite d\u017eiovintuvu su difuzoriumi, kad dar labiau sustiprintum\u0117te garban\u0173 apibr\u0117\u017eim\u0105.<\/p>\n<\/li>\n<li data-start=\"2087\" data-end=\"2180\">\n<p data-start=\"2090\" data-end=\"2180\">Esant poreikiui, nedidel\u012f kiek\u012f galite panaudoti ir ant saus\u0173 plauk\u0173 garban\u0173 atgaivinimui.<\/p>\n<\/li>\n<\/ol>\n<p data-start=\"2182\" data-end=\"2193\"><strong data-start=\"2182\" data-end=\"2191\">Tinka<\/strong><\/p>\n<ul data-start=\"2194\" data-end=\"2346\">\n<li data-start=\"2194\" data-end=\"2234\">\n<p data-start=\"2196\" data-end=\"2234\">Garbanotiems ir banguotiems plaukams<\/p>\n<\/li>\n<li data-start=\"2235\" data-end=\"2278\">\n<p data-start=\"2237\" data-end=\"2278\">Sausesniems, linkusiems p\u016bstis plaukams<\/p>\n<\/li>\n<li data-start=\"2279\" data-end=\"2346\">\n<p data-start=\"2281\" data-end=\"2346\">Norin\u010dioms\/tiems i\u0161laikyti nat\u016brali\u0105, bet tvarking\u0105 garban\u0173 form\u0105<\/p>\n<\/li>\n<\/ul>\n","protected":false},"excerpt":{"rendered":"<p>Lengvas, nenuplaunamas YUNSEY CURLY-METHOD kremas garbanotiems ir banguotiems plaukams \u2013 dr\u0117kina, mink\u0161tina, apibr\u0117\u017eia garbanas ir suteikia joms ilgalaik\u0119 form\u0105 neapsunkinant plauk\u0173.<\/p>\n","protected":false},"featured_media":72786,"template":"","meta":[],"product_brand":[513],"product_cat":[518],"product_tag":[1143],"class_list":{"0":"post-72785","1":"product","2":"type-product","3":"status-publish","4":"has-post-thumbnail","6":"product_brand-yunsey","7":"product_cat-plauku-lakai-putos-vaskas-ir-kitos-priemones","8":"product_tag-yunsey","10":"first","11":"instock","12":"sale","13":"taxable","14":"shipping-taxable","15":"purchasable","16":"product-type-simple"},"yoast_head":"<!-- This site is optimized with the Yoast SEO plugin v27.4 - https:\/\/yoast.com\/product\/yoast-seo-wordpress\/ -->\n<title>YUNSEY garban\u0173 kremas CURLY-METHOD DEFINER CREAM, 175 ml - MalinaShop.lt J\u016bs\u0173 sveikatai ir gro\u017eiui.<\/title>\n<meta name=\"description\" content=\"YUNSEY CURLY-METHOD DEFINER CREAM \u2013 lengvas nenuplaunamas kremas garbanotiems ir banguotiems plaukams, dr\u0117kina, maitina ir suteikia ilgalaik\u012f garban\u0173 apibr\u0117\u017eim\u0105.\" \/>\n<meta name=\"robots\" content=\"index, follow, max-snippet:-1, max-image-preview:large, max-video-preview:-1\" \/>\n<link rel=\"canonical\" href=\"https:\/\/www.malinashop.lt\/lt_lt\/shop\/yunsey-garbanu-kremas-curly-method-definer-cream-175-ml\/\" \/>\n<meta property=\"og:locale\" content=\"lt_LT\" \/>\n<meta property=\"og:type\" content=\"article\" \/>\n<meta property=\"og:title\" content=\"YUNSEY garban\u0173 kremas CURLY-METHOD DEFINER CREAM, 175 ml - MalinaShop.lt J\u016bs\u0173 sveikatai ir gro\u017eiui.\" \/>\n<meta property=\"og:description\" content=\"YUNSEY CURLY-METHOD DEFINER CREAM \u2013 lengvas nenuplaunamas kremas garbanotiems ir banguotiems plaukams, dr\u0117kina, maitina ir suteikia ilgalaik\u012f garban\u0173 apibr\u0117\u017eim\u0105.\" \/>\n<meta property=\"og:url\" content=\"https:\/\/www.malinashop.lt\/lt_lt\/shop\/yunsey-garbanu-kremas-curly-method-definer-cream-175-ml\/\" \/>\n<meta property=\"og:site_name\" content=\"MalinaShop.lt J\u016bs\u0173 sveikatai ir gro\u017eiui.\" \/>\n<meta property=\"article:modified_time\" content=\"2026-04-07T19:18:40+00:00\" \/>\n<meta property=\"og:image\" content=\"https:\/\/www.malinashop.lt\/wp-content\/uploads\/2026\/01\/YUNSEY-garbanu-kremas-CURLY-METHOD-DEFINER-CREAM-175-ml.webp\" \/>\n\t<meta property=\"og:image:width\" content=\"768\" \/>\n\t<meta property=\"og:image:height\" content=\"768\" \/>\n\t<meta property=\"og:image:type\" content=\"image\/webp\" \/>\n<meta name=\"twitter:card\" content=\"summary_large_image\" \/>\n<script type=\"application\/ld+json\" class=\"yoast-schema-graph\">{\"@context\":\"https:\\\/\\\/schema.org\",\"@graph\":[{\"@type\":\"WebPage\",\"@id\":\"https:\\\/\\\/www.malinashop.lt\\\/en\\\/shop\\\/yunsey-garbanu-kremas-curly-method-definer-cream-175-ml\\\/\",\"url\":\"https:\\\/\\\/www.malinashop.lt\\\/en\\\/shop\\\/yunsey-garbanu-kremas-curly-method-definer-cream-175-ml\\\/\",\"name\":\"YUNSEY garban\u0173 kremas CURLY-METHOD DEFINER CREAM, 175 ml - MalinaShop.lt J\u016bs\u0173 sveikatai ir gro\u017eiui.\",\"isPartOf\":{\"@id\":\"https:\\\/\\\/www.malinashop.lt\\\/#website\"},\"primaryImageOfPage\":{\"@id\":\"https:\\\/\\\/www.malinashop.lt\\\/en\\\/shop\\\/yunsey-garbanu-kremas-curly-method-definer-cream-175-ml\\\/#primaryimage\"},\"image\":{\"@id\":\"https:\\\/\\\/www.malinashop.lt\\\/en\\\/shop\\\/yunsey-garbanu-kremas-curly-method-definer-cream-175-ml\\\/#primaryimage\"},\"thumbnailUrl\":\"https:\\\/\\\/www.malinashop.lt\\\/wp-content\\\/uploads\\\/2026\\\/01\\\/YUNSEY-garbanu-kremas-CURLY-METHOD-DEFINER-CREAM-175-ml.webp\",\"datePublished\":\"2026-01-01T13:23:29+00:00\",\"dateModified\":\"2026-04-07T19:18:40+00:00\",\"description\":\"YUNSEY CURLY-METHOD DEFINER CREAM \u2013 lengvas nenuplaunamas kremas garbanotiems ir banguotiems plaukams, dr\u0117kina, maitina ir suteikia ilgalaik\u012f garban\u0173 apibr\u0117\u017eim\u0105.\",\"breadcrumb\":{\"@id\":\"https:\\\/\\\/www.malinashop.lt\\\/en\\\/shop\\\/yunsey-garbanu-kremas-curly-method-definer-cream-175-ml\\\/#breadcrumb\"},\"inLanguage\":\"lt-LT\",\"potentialAction\":[{\"@type\":\"ReadAction\",\"target\":[\"https:\\\/\\\/www.malinashop.lt\\\/en\\\/shop\\\/yunsey-garbanu-kremas-curly-method-definer-cream-175-ml\\\/\"]}]},{\"@type\":\"ImageObject\",\"inLanguage\":\"lt-LT\",\"@id\":\"https:\\\/\\\/www.malinashop.lt\\\/en\\\/shop\\\/yunsey-garbanu-kremas-curly-method-definer-cream-175-ml\\\/#primaryimage\",\"url\":\"https:\\\/\\\/www.malinashop.lt\\\/wp-content\\\/uploads\\\/2026\\\/01\\\/YUNSEY-garbanu-kremas-CURLY-METHOD-DEFINER-CREAM-175-ml.webp\",\"contentUrl\":\"https:\\\/\\\/www.malinashop.lt\\\/wp-content\\\/uploads\\\/2026\\\/01\\\/YUNSEY-garbanu-kremas-CURLY-METHOD-DEFINER-CREAM-175-ml.webp\",\"width\":768,\"height\":768},{\"@type\":\"BreadcrumbList\",\"@id\":\"https:\\\/\\\/www.malinashop.lt\\\/en\\\/shop\\\/yunsey-garbanu-kremas-curly-method-definer-cream-175-ml\\\/#breadcrumb\",\"itemListElement\":[{\"@type\":\"ListItem\",\"position\":1,\"name\":\"Pagrindinis\",\"item\":\"https:\\\/\\\/www.malinashop.lt\\\/\"},{\"@type\":\"ListItem\",\"position\":2,\"name\":\"Parduotuv\u0117\",\"item\":\"https:\\\/\\\/www.malinashop.lt\\\/en\\\/parduotuve\\\/\"},{\"@type\":\"ListItem\",\"position\":3,\"name\":\"YUNSEY garban\u0173 kremas CURLY-METHOD DEFINER CREAM, 175 ml\"}]},{\"@type\":\"WebSite\",\"@id\":\"https:\\\/\\\/www.malinashop.lt\\\/#website\",\"url\":\"https:\\\/\\\/www.malinashop.lt\\\/\",\"name\":\"COM Group Ecommerce\",\"description\":\"MalinaShop.lt - Gro\u017eio ir sveikatos produktai i\u0161 patikim\u0173 preki\u0173 \u017eenkl\u0173. Atraskite auk\u0161tos kokyb\u0117s kosmetik\u0105 u\u017e puiki\u0105 kain\u0105.\",\"publisher\":{\"@id\":\"https:\\\/\\\/www.malinashop.lt\\\/#organization\"},\"potentialAction\":[{\"@type\":\"SearchAction\",\"target\":{\"@type\":\"EntryPoint\",\"urlTemplate\":\"https:\\\/\\\/www.malinashop.lt\\\/?s={search_term_string}\"},\"query-input\":{\"@type\":\"PropertyValueSpecification\",\"valueRequired\":true,\"valueName\":\"search_term_string\"}}],\"inLanguage\":\"lt-LT\"},{\"@type\":\"Organization\",\"@id\":\"https:\\\/\\\/www.malinashop.lt\\\/#organization\",\"name\":\"COM Group Ecommerce\",\"url\":\"https:\\\/\\\/www.malinashop.lt\\\/\",\"logo\":{\"@type\":\"ImageObject\",\"inLanguage\":\"lt-LT\",\"@id\":\"https:\\\/\\\/www.malinashop.lt\\\/#\\\/schema\\\/logo\\\/image\\\/\",\"url\":\"https:\\\/\\\/www.malinashop.lt\\\/wp-content\\\/uploads\\\/2024\\\/08\\\/462559670_3787732518133670_9795632669273463_n-e1731525914575.png\",\"contentUrl\":\"https:\\\/\\\/www.malinashop.lt\\\/wp-content\\\/uploads\\\/2024\\\/08\\\/462559670_3787732518133670_9795632669273463_n-e1731525914575.png\",\"width\":180,\"height\":60,\"caption\":\"COM Group Ecommerce\"},\"image\":{\"@id\":\"https:\\\/\\\/www.malinashop.lt\\\/#\\\/schema\\\/logo\\\/image\\\/\"}}]}<\/script>\n<!-- \/ Yoast SEO plugin. -->","yoast_head_json":{"title":"YUNSEY garban\u0173 kremas CURLY-METHOD DEFINER CREAM, 175 ml - MalinaShop.lt J\u016bs\u0173 sveikatai ir gro\u017eiui.","description":"YUNSEY CURLY-METHOD DEFINER CREAM \u2013 lengvas nenuplaunamas kremas garbanotiems ir banguotiems plaukams, dr\u0117kina, maitina ir suteikia ilgalaik\u012f garban\u0173 apibr\u0117\u017eim\u0105.","robots":{"index":"index","follow":"follow","max-snippet":"max-snippet:-1","max-image-preview":"max-image-preview:large","max-video-preview":"max-video-preview:-1"},"canonical":"https:\/\/www.malinashop.lt\/lt_lt\/shop\/yunsey-garbanu-kremas-curly-method-definer-cream-175-ml\/","og_locale":"lt_LT","og_type":"article","og_title":"YUNSEY garban\u0173 kremas CURLY-METHOD DEFINER CREAM, 175 ml - MalinaShop.lt J\u016bs\u0173 sveikatai ir gro\u017eiui.","og_description":"YUNSEY CURLY-METHOD DEFINER CREAM \u2013 lengvas nenuplaunamas kremas garbanotiems ir banguotiems plaukams, dr\u0117kina, maitina ir suteikia ilgalaik\u012f garban\u0173 apibr\u0117\u017eim\u0105.","og_url":"https:\/\/www.malinashop.lt\/lt_lt\/shop\/yunsey-garbanu-kremas-curly-method-definer-cream-175-ml\/","og_site_name":"MalinaShop.lt J\u016bs\u0173 sveikatai ir gro\u017eiui.","article_modified_time":"2026-04-07T19:18:40+00:00","og_image":[{"width":768,"height":768,"url":"https:\/\/www.malinashop.lt\/wp-content\/uploads\/2026\/01\/YUNSEY-garbanu-kremas-CURLY-METHOD-DEFINER-CREAM-175-ml.webp","type":"image\/webp"}],"twitter_card":"summary_large_image","schema":{"@context":"https:\/\/schema.org","@graph":[{"@type":"WebPage","@id":"https:\/\/www.malinashop.lt\/en\/shop\/yunsey-garbanu-kremas-curly-method-definer-cream-175-ml\/","url":"https:\/\/www.malinashop.lt\/en\/shop\/yunsey-garbanu-kremas-curly-method-definer-cream-175-ml\/","name":"YUNSEY garban\u0173 kremas CURLY-METHOD DEFINER CREAM, 175 ml - MalinaShop.lt J\u016bs\u0173 sveikatai ir gro\u017eiui.","isPartOf":{"@id":"https:\/\/www.malinashop.lt\/#website"},"primaryImageOfPage":{"@id":"https:\/\/www.malinashop.lt\/en\/shop\/yunsey-garbanu-kremas-curly-method-definer-cream-175-ml\/#primaryimage"},"image":{"@id":"https:\/\/www.malinashop.lt\/en\/shop\/yunsey-garbanu-kremas-curly-method-definer-cream-175-ml\/#primaryimage"},"thumbnailUrl":"https:\/\/www.malinashop.lt\/wp-content\/uploads\/2026\/01\/YUNSEY-garbanu-kremas-CURLY-METHOD-DEFINER-CREAM-175-ml.webp","datePublished":"2026-01-01T13:23:29+00:00","dateModified":"2026-04-07T19:18:40+00:00","description":"YUNSEY CURLY-METHOD DEFINER CREAM \u2013 lengvas nenuplaunamas kremas garbanotiems ir banguotiems plaukams, dr\u0117kina, maitina ir suteikia ilgalaik\u012f garban\u0173 apibr\u0117\u017eim\u0105.","breadcrumb":{"@id":"https:\/\/www.malinashop.lt\/en\/shop\/yunsey-garbanu-kremas-curly-method-definer-cream-175-ml\/#breadcrumb"},"inLanguage":"lt-LT","potentialAction":[{"@type":"ReadAction","target":["https:\/\/www.malinashop.lt\/en\/shop\/yunsey-garbanu-kremas-curly-method-definer-cream-175-ml\/"]}]},{"@type":"ImageObject","inLanguage":"lt-LT","@id":"https:\/\/www.malinashop.lt\/en\/shop\/yunsey-garbanu-kremas-curly-method-definer-cream-175-ml\/#primaryimage","url":"https:\/\/www.malinashop.lt\/wp-content\/uploads\/2026\/01\/YUNSEY-garbanu-kremas-CURLY-METHOD-DEFINER-CREAM-175-ml.webp","contentUrl":"https:\/\/www.malinashop.lt\/wp-content\/uploads\/2026\/01\/YUNSEY-garbanu-kremas-CURLY-METHOD-DEFINER-CREAM-175-ml.webp","width":768,"height":768},{"@type":"BreadcrumbList","@id":"https:\/\/www.malinashop.lt\/en\/shop\/yunsey-garbanu-kremas-curly-method-definer-cream-175-ml\/#breadcrumb","itemListElement":[{"@type":"ListItem","position":1,"name":"Pagrindinis","item":"https:\/\/www.malinashop.lt\/"},{"@type":"ListItem","position":2,"name":"Parduotuv\u0117","item":"https:\/\/www.malinashop.lt\/en\/parduotuve\/"},{"@type":"ListItem","position":3,"name":"YUNSEY garban\u0173 kremas CURLY-METHOD DEFINER CREAM, 175 ml"}]},{"@type":"WebSite","@id":"https:\/\/www.malinashop.lt\/#website","url":"https:\/\/www.malinashop.lt\/","name":"COM Group Ecommerce","description":"MalinaShop.lt - Gro\u017eio ir sveikatos produktai i\u0161 patikim\u0173 preki\u0173 \u017eenkl\u0173. Atraskite auk\u0161tos kokyb\u0117s kosmetik\u0105 u\u017e puiki\u0105 kain\u0105.","publisher":{"@id":"https:\/\/www.malinashop.lt\/#organization"},"potentialAction":[{"@type":"SearchAction","target":{"@type":"EntryPoint","urlTemplate":"https:\/\/www.malinashop.lt\/?s={search_term_string}"},"query-input":{"@type":"PropertyValueSpecification","valueRequired":true,"valueName":"search_term_string"}}],"inLanguage":"lt-LT"},{"@type":"Organization","@id":"https:\/\/www.malinashop.lt\/#organization","name":"COM Group Ecommerce","url":"https:\/\/www.malinashop.lt\/","logo":{"@type":"ImageObject","inLanguage":"lt-LT","@id":"https:\/\/www.malinashop.lt\/#\/schema\/logo\/image\/","url":"https:\/\/www.malinashop.lt\/wp-content\/uploads\/2024\/08\/462559670_3787732518133670_9795632669273463_n-e1731525914575.png","contentUrl":"https:\/\/www.malinashop.lt\/wp-content\/uploads\/2024\/08\/462559670_3787732518133670_9795632669273463_n-e1731525914575.png","width":180,"height":60,"caption":"COM Group Ecommerce"},"image":{"@id":"https:\/\/www.malinashop.lt\/#\/schema\/logo\/image\/"}}]}},"jetpack_sharing_enabled":true,"_links":{"self":[{"href":"https:\/\/www.malinashop.lt\/lt_lt\/wp-json\/wp\/v2\/product\/72785","targetHints":{"allow":["GET"]}}],"collection":[{"href":"https:\/\/www.malinashop.lt\/lt_lt\/wp-json\/wp\/v2\/product"}],"about":[{"href":"https:\/\/www.malinashop.lt\/lt_lt\/wp-json\/wp\/v2\/types\/product"}],"version-history":[{"count":1,"href":"https:\/\/www.malinashop.lt\/lt_lt\/wp-json\/wp\/v2\/product\/72785\/revisions"}],"predecessor-version":[{"id":72787,"href":"https:\/\/www.malinashop.lt\/lt_lt\/wp-json\/wp\/v2\/product\/72785\/revisions\/72787"}],"wp:featuredmedia":[{"embeddable":true,"href":"https:\/\/www.malinashop.lt\/lt_lt\/wp-json\/wp\/v2\/media\/72786"}],"wp:attachment":[{"href":"https:\/\/www.malinashop.lt\/lt_lt\/wp-json\/wp\/v2\/media?parent=72785"}],"wp:term":[{"taxonomy":"product_brand","embeddable":true,"href":"https:\/\/www.malinashop.lt\/lt_lt\/wp-json\/wp\/v2\/product_brand?post=72785"},{"taxonomy":"product_cat","embeddable":true,"href":"https:\/\/www.malinashop.lt\/lt_lt\/wp-json\/wp\/v2\/product_cat?post=72785"},{"taxonomy":"product_tag","embeddable":true,"href":"https:\/\/www.malinashop.lt\/lt_lt\/wp-json\/wp\/v2\/product_tag?post=72785"}],"curies":[{"name":"wp","href":"https:\/\/api.w.org\/{rel}","templated":true}]}}