{"id":72422,"date":"2025-12-16T23:43:53","date_gmt":"2025-12-16T20:43:53","guid":{"rendered":"https:\/\/malinashop.lt\/?post_type=product&#038;p=72422"},"modified":"2026-04-07T22:18:43","modified_gmt":"2026-04-07T19:18:43","slug":"saphir-glamorous-elegance-edp-kvepalai-moterims-100ml","status":"publish","type":"product","link":"https:\/\/www.malinashop.lt\/lt_lt\/shop\/saphir-glamorous-elegance-edp-kvepalai-moterims-100ml\/","title":{"rendered":"SAPHIR GLAMOROUS ELEGANCE EDP kvepalai moterims, 100ml"},"content":{"rendered":"<p data-start=\"315\" data-end=\"686\">SAPHIR Glamorous Elegance \u2013 tai rafinuoto \u017eavesio ir i\u0161skirtinio moteri\u0161kumo \u012fsik\u016bnijimas. \u0160is kvapas sukurtas moteriai, kuri dr\u0105siai \u017eengia per gyvenim\u0105, m\u0117gaujasi d\u0117mesiu, pasitiki savimi ir vertina nat\u016brali\u0105 elegancij\u0105. Tai aromatas, kuris ant odos jau\u010diamas tarsi \u0161ilkinis prisilietimas \u2013 \u0161velnus, bet kupinas charakterio ir gundan\u010dios \u0161ilumos.<\/p>\n<p data-start=\"688\" data-end=\"1040\">Vir\u0161utin\u0117se natose atsiskleid\u017eia <strong data-start=\"721\" data-end=\"770\">kriau\u0161\u0117, lazdyno rie\u0161utai ir smilkalin\u0117 derva<\/strong>. Kriau\u0161\u0117 suteikia subtilaus, sultingo vaisi\u0161kumo, lazdyno rie\u0161utai prideda gurmani\u0161ko, kreminio \u0161velnumo, o smilkalin\u0117 derva \u012fne\u0161a lengvai d\u016bmin\u012f, sak\u0173 prieskon\u012f, suteikiant\u012f kvapui misti\u0161ko gylio. Jau pirmasis \u012fkv\u0117pimas sufleruoja apie prabang\u0173, nestandartin\u012f aromat\u0105.<\/p>\n<p data-start=\"1042\" data-end=\"1369\">Kvapo \u0161irdyje dominuoja <strong data-start=\"1066\" data-end=\"1106\">osmantas, ro\u017e\u0117, \u0161afranas ir jazminas<\/strong>. Osmanas ir jazminas suteikia jausming\u0105, g\u0117li\u0161kai \u0161ilt\u0105 \u0161leif\u0105, ro\u017e\u0117 prideda klasikinio moteri\u0161kumo ir romantikos, o \u0161afranas kvapui suteikia prabangos, subtiliai prieskoni\u0161ko akcento ir i\u0161skirtinumo. \u0160irdies natos sukuria \u0161velniai sodri\u0105, eleganti\u0161k\u0105 kvapo a\u0161\u012f.<\/p>\n<p data-start=\"1371\" data-end=\"1714\">Bazin\u0117se natose \u012fsitvirtina <strong data-start=\"1399\" data-end=\"1440\">sandalmedis, vanil\u0117, ambra ir ladanas<\/strong>. Sandalmedis suteikia mink\u0161to, kreminio medienos \u0161ilumos, vanil\u0117 \u2013 jaukaus, saldaus, bet nei\u0161protinan\u010dio gurmani\u0161kumo, ambra ir ladanas (t. y. smilkal\u0173 derva) sukuria \u0161ilt\u0105, sak\u0173 ir gintaro pripildyt\u0105 p\u0117dsak\u0105, kuris eleganti\u0161kai seka paskui tarsi prabangus aromato \u0161leifas.<\/p>\n<p data-start=\"1716\" data-end=\"1977\">\u0160is kvapas puikiai tinka <strong data-start=\"1741\" data-end=\"1826\">vakarui, ypatingoms progoms ar toms akimirkoms, kai norisi pasijausti i\u0161skirtinai<\/strong>. Glamorous Elegance tampa ne tik kvapu, bet ir stiliaus akcentu \u2013 eleganti\u0161ka detale, kuri pabr\u0117\u017eia moteri\u0161kum\u0105, prabang\u0105 ir ram\u0173 vidin\u012f u\u017etikrintum\u0105.<\/p>\n<p data-start=\"1979\" data-end=\"1996\"><strong data-start=\"1979\" data-end=\"1994\">Kvapo natos<\/strong><\/p>\n<ul data-start=\"1997\" data-end=\"2176\">\n<li data-start=\"1997\" data-end=\"2063\">\n<p data-start=\"1999\" data-end=\"2063\">Vir\u0161utin\u0117s natos \u2013 kriau\u0161\u0117, lazdyno rie\u0161utai, smilkalin\u0117 derva<\/p>\n<\/li>\n<li data-start=\"2064\" data-end=\"2120\">\n<p data-start=\"2066\" data-end=\"2120\">Vidurin\u0117s natos \u2013 osmantas, ro\u017e\u0117, \u0161afranas, jazminas<\/p>\n<\/li>\n<li data-start=\"2121\" data-end=\"2176\">\n<p data-start=\"2123\" data-end=\"2176\">Bazin\u0117s natos \u2013 sandalmedis, vanil\u0117, ambra, ladanas<\/p>\n<\/li>\n<\/ul>\n<p data-start=\"2178\" data-end=\"2269\"><strong data-start=\"2178\" data-end=\"2199\">Kvapo charakteris<\/strong><br data-start=\"2199\" data-end=\"2202\" \/>Prabangus, \u0161iltas, gundantis, su moderniu elegancijos prisilietimu.<\/p>\n<p data-start=\"2271\" data-end=\"2379\"><strong data-start=\"2271\" data-end=\"2280\">Tinka<\/strong><br data-start=\"2280\" data-end=\"2283\" \/>Vakaro \u012fsp\u016bd\u017eiui, ypatingoms progoms, kai norisi i\u0161skirtinumo ir ilgo, eleganti\u0161ko kvapo \u0161leifo.<\/p>\n","protected":false},"excerpt":{"rendered":"<p>SAPHIR Glamorous Elegance \u2013 \u0161ilkinio prisilietimo kvapas moteriai, kuri spinduliuoja pasitik\u0117jimu ir rafinuota elegancija. \u0160iltas, prabangus, gundantis aromatas su kriau\u0161\u0117s, lazdyno rie\u0161ut\u0173, jazmino, sandalmed\u017eio, vanil\u0117s ir ambros natomis.<\/p>\n","protected":false},"featured_media":72423,"template":"","meta":[],"product_brand":[1356],"product_cat":[707,545],"product_tag":[1617],"class_list":{"0":"post-72422","1":"product","2":"type-product","3":"status-publish","4":"has-post-thumbnail","6":"product_brand-saphir","7":"product_cat-kvepalai","8":"product_cat-kvepalai-moterims","9":"product_tag-saphir","11":"first","12":"instock","13":"sale","14":"taxable","15":"shipping-taxable","16":"purchasable","17":"product-type-simple"},"yoast_head":"<!-- This site is optimized with the Yoast SEO plugin v27.4 - https:\/\/yoast.com\/product\/yoast-seo-wordpress\/ -->\n<title>SAPHIR GLAMOROUS ELEGANCE EDP kvepalai moterims, 100ml - MalinaShop.lt J\u016bs\u0173 sveikatai ir gro\u017eiui.<\/title>\n<meta name=\"description\" content=\"SAPHIR Glamorous Elegance \u2013 \u0161iltas, prabangus kvapas moterims su kriau\u0161\u0117s, lazdyno rie\u0161ut\u0173, jazmino, vanil\u0117s ir ambros natomis vakarui ir ypatingoms progoms.\" \/>\n<meta name=\"robots\" content=\"index, follow, max-snippet:-1, max-image-preview:large, max-video-preview:-1\" \/>\n<link rel=\"canonical\" href=\"https:\/\/www.malinashop.lt\/lt_lt\/shop\/saphir-glamorous-elegance-edp-kvepalai-moterims-100ml\/\" \/>\n<meta property=\"og:locale\" content=\"lt_LT\" \/>\n<meta property=\"og:type\" content=\"article\" \/>\n<meta property=\"og:title\" content=\"SAPHIR GLAMOROUS ELEGANCE EDP kvepalai moterims, 100ml - MalinaShop.lt J\u016bs\u0173 sveikatai ir gro\u017eiui.\" \/>\n<meta property=\"og:description\" content=\"SAPHIR Glamorous Elegance \u2013 \u0161iltas, prabangus kvapas moterims su kriau\u0161\u0117s, lazdyno rie\u0161ut\u0173, jazmino, vanil\u0117s ir ambros natomis vakarui ir ypatingoms progoms.\" \/>\n<meta property=\"og:url\" content=\"https:\/\/www.malinashop.lt\/lt_lt\/shop\/saphir-glamorous-elegance-edp-kvepalai-moterims-100ml\/\" \/>\n<meta property=\"og:site_name\" content=\"MalinaShop.lt J\u016bs\u0173 sveikatai ir gro\u017eiui.\" \/>\n<meta property=\"article:modified_time\" content=\"2026-04-07T19:18:43+00:00\" \/>\n<meta property=\"og:image\" content=\"https:\/\/www.malinashop.lt\/wp-content\/uploads\/2025\/12\/SAPHIR-GLAMOROUS-ELEGANCE-EDP-kvepalai-moterims-100ml.png\" \/>\n\t<meta property=\"og:image:width\" content=\"768\" \/>\n\t<meta property=\"og:image:height\" content=\"768\" \/>\n\t<meta property=\"og:image:type\" content=\"image\/png\" \/>\n<meta name=\"twitter:card\" content=\"summary_large_image\" \/>\n<script type=\"application\/ld+json\" class=\"yoast-schema-graph\">{\"@context\":\"https:\\\/\\\/schema.org\",\"@graph\":[{\"@type\":\"WebPage\",\"@id\":\"https:\\\/\\\/www.malinashop.lt\\\/en\\\/shop\\\/saphir-glamorous-elegance-edp-kvepalai-moterims-100ml\\\/\",\"url\":\"https:\\\/\\\/www.malinashop.lt\\\/en\\\/shop\\\/saphir-glamorous-elegance-edp-kvepalai-moterims-100ml\\\/\",\"name\":\"SAPHIR GLAMOROUS ELEGANCE EDP kvepalai moterims, 100ml - MalinaShop.lt J\u016bs\u0173 sveikatai ir gro\u017eiui.\",\"isPartOf\":{\"@id\":\"https:\\\/\\\/www.malinashop.lt\\\/#website\"},\"primaryImageOfPage\":{\"@id\":\"https:\\\/\\\/www.malinashop.lt\\\/en\\\/shop\\\/saphir-glamorous-elegance-edp-kvepalai-moterims-100ml\\\/#primaryimage\"},\"image\":{\"@id\":\"https:\\\/\\\/www.malinashop.lt\\\/en\\\/shop\\\/saphir-glamorous-elegance-edp-kvepalai-moterims-100ml\\\/#primaryimage\"},\"thumbnailUrl\":\"https:\\\/\\\/www.malinashop.lt\\\/wp-content\\\/uploads\\\/2025\\\/12\\\/SAPHIR-GLAMOROUS-ELEGANCE-EDP-kvepalai-moterims-100ml.png\",\"datePublished\":\"2025-12-16T20:43:53+00:00\",\"dateModified\":\"2026-04-07T19:18:43+00:00\",\"description\":\"SAPHIR Glamorous Elegance \u2013 \u0161iltas, prabangus kvapas moterims su kriau\u0161\u0117s, lazdyno rie\u0161ut\u0173, jazmino, vanil\u0117s ir ambros natomis vakarui ir ypatingoms progoms.\",\"breadcrumb\":{\"@id\":\"https:\\\/\\\/www.malinashop.lt\\\/en\\\/shop\\\/saphir-glamorous-elegance-edp-kvepalai-moterims-100ml\\\/#breadcrumb\"},\"inLanguage\":\"lt-LT\",\"potentialAction\":[{\"@type\":\"ReadAction\",\"target\":[\"https:\\\/\\\/www.malinashop.lt\\\/en\\\/shop\\\/saphir-glamorous-elegance-edp-kvepalai-moterims-100ml\\\/\"]}]},{\"@type\":\"ImageObject\",\"inLanguage\":\"lt-LT\",\"@id\":\"https:\\\/\\\/www.malinashop.lt\\\/en\\\/shop\\\/saphir-glamorous-elegance-edp-kvepalai-moterims-100ml\\\/#primaryimage\",\"url\":\"https:\\\/\\\/www.malinashop.lt\\\/wp-content\\\/uploads\\\/2025\\\/12\\\/SAPHIR-GLAMOROUS-ELEGANCE-EDP-kvepalai-moterims-100ml.png\",\"contentUrl\":\"https:\\\/\\\/www.malinashop.lt\\\/wp-content\\\/uploads\\\/2025\\\/12\\\/SAPHIR-GLAMOROUS-ELEGANCE-EDP-kvepalai-moterims-100ml.png\",\"width\":768,\"height\":768},{\"@type\":\"BreadcrumbList\",\"@id\":\"https:\\\/\\\/www.malinashop.lt\\\/en\\\/shop\\\/saphir-glamorous-elegance-edp-kvepalai-moterims-100ml\\\/#breadcrumb\",\"itemListElement\":[{\"@type\":\"ListItem\",\"position\":1,\"name\":\"Pagrindinis\",\"item\":\"https:\\\/\\\/www.malinashop.lt\\\/\"},{\"@type\":\"ListItem\",\"position\":2,\"name\":\"Parduotuv\u0117\",\"item\":\"https:\\\/\\\/www.malinashop.lt\\\/en\\\/parduotuve\\\/\"},{\"@type\":\"ListItem\",\"position\":3,\"name\":\"SAPHIR GLAMOROUS ELEGANCE EDP kvepalai moterims, 100ml\"}]},{\"@type\":\"WebSite\",\"@id\":\"https:\\\/\\\/www.malinashop.lt\\\/#website\",\"url\":\"https:\\\/\\\/www.malinashop.lt\\\/\",\"name\":\"COM Group Ecommerce\",\"description\":\"MalinaShop.lt - Gro\u017eio ir sveikatos produktai i\u0161 patikim\u0173 preki\u0173 \u017eenkl\u0173. Atraskite auk\u0161tos kokyb\u0117s kosmetik\u0105 u\u017e puiki\u0105 kain\u0105.\",\"publisher\":{\"@id\":\"https:\\\/\\\/www.malinashop.lt\\\/#organization\"},\"potentialAction\":[{\"@type\":\"SearchAction\",\"target\":{\"@type\":\"EntryPoint\",\"urlTemplate\":\"https:\\\/\\\/www.malinashop.lt\\\/?s={search_term_string}\"},\"query-input\":{\"@type\":\"PropertyValueSpecification\",\"valueRequired\":true,\"valueName\":\"search_term_string\"}}],\"inLanguage\":\"lt-LT\"},{\"@type\":\"Organization\",\"@id\":\"https:\\\/\\\/www.malinashop.lt\\\/#organization\",\"name\":\"COM Group Ecommerce\",\"url\":\"https:\\\/\\\/www.malinashop.lt\\\/\",\"logo\":{\"@type\":\"ImageObject\",\"inLanguage\":\"lt-LT\",\"@id\":\"https:\\\/\\\/www.malinashop.lt\\\/#\\\/schema\\\/logo\\\/image\\\/\",\"url\":\"https:\\\/\\\/www.malinashop.lt\\\/wp-content\\\/uploads\\\/2024\\\/08\\\/462559670_3787732518133670_9795632669273463_n-e1731525914575.png\",\"contentUrl\":\"https:\\\/\\\/www.malinashop.lt\\\/wp-content\\\/uploads\\\/2024\\\/08\\\/462559670_3787732518133670_9795632669273463_n-e1731525914575.png\",\"width\":180,\"height\":60,\"caption\":\"COM Group Ecommerce\"},\"image\":{\"@id\":\"https:\\\/\\\/www.malinashop.lt\\\/#\\\/schema\\\/logo\\\/image\\\/\"}}]}<\/script>\n<!-- \/ Yoast SEO plugin. -->","yoast_head_json":{"title":"SAPHIR GLAMOROUS ELEGANCE EDP kvepalai moterims, 100ml - MalinaShop.lt J\u016bs\u0173 sveikatai ir gro\u017eiui.","description":"SAPHIR Glamorous Elegance \u2013 \u0161iltas, prabangus kvapas moterims su kriau\u0161\u0117s, lazdyno rie\u0161ut\u0173, jazmino, vanil\u0117s ir ambros natomis vakarui ir ypatingoms progoms.","robots":{"index":"index","follow":"follow","max-snippet":"max-snippet:-1","max-image-preview":"max-image-preview:large","max-video-preview":"max-video-preview:-1"},"canonical":"https:\/\/www.malinashop.lt\/lt_lt\/shop\/saphir-glamorous-elegance-edp-kvepalai-moterims-100ml\/","og_locale":"lt_LT","og_type":"article","og_title":"SAPHIR GLAMOROUS ELEGANCE EDP kvepalai moterims, 100ml - MalinaShop.lt J\u016bs\u0173 sveikatai ir gro\u017eiui.","og_description":"SAPHIR Glamorous Elegance \u2013 \u0161iltas, prabangus kvapas moterims su kriau\u0161\u0117s, lazdyno rie\u0161ut\u0173, jazmino, vanil\u0117s ir ambros natomis vakarui ir ypatingoms progoms.","og_url":"https:\/\/www.malinashop.lt\/lt_lt\/shop\/saphir-glamorous-elegance-edp-kvepalai-moterims-100ml\/","og_site_name":"MalinaShop.lt J\u016bs\u0173 sveikatai ir gro\u017eiui.","article_modified_time":"2026-04-07T19:18:43+00:00","og_image":[{"width":768,"height":768,"url":"https:\/\/www.malinashop.lt\/wp-content\/uploads\/2025\/12\/SAPHIR-GLAMOROUS-ELEGANCE-EDP-kvepalai-moterims-100ml.png","type":"image\/png"}],"twitter_card":"summary_large_image","schema":{"@context":"https:\/\/schema.org","@graph":[{"@type":"WebPage","@id":"https:\/\/www.malinashop.lt\/en\/shop\/saphir-glamorous-elegance-edp-kvepalai-moterims-100ml\/","url":"https:\/\/www.malinashop.lt\/en\/shop\/saphir-glamorous-elegance-edp-kvepalai-moterims-100ml\/","name":"SAPHIR GLAMOROUS ELEGANCE EDP kvepalai moterims, 100ml - MalinaShop.lt J\u016bs\u0173 sveikatai ir gro\u017eiui.","isPartOf":{"@id":"https:\/\/www.malinashop.lt\/#website"},"primaryImageOfPage":{"@id":"https:\/\/www.malinashop.lt\/en\/shop\/saphir-glamorous-elegance-edp-kvepalai-moterims-100ml\/#primaryimage"},"image":{"@id":"https:\/\/www.malinashop.lt\/en\/shop\/saphir-glamorous-elegance-edp-kvepalai-moterims-100ml\/#primaryimage"},"thumbnailUrl":"https:\/\/www.malinashop.lt\/wp-content\/uploads\/2025\/12\/SAPHIR-GLAMOROUS-ELEGANCE-EDP-kvepalai-moterims-100ml.png","datePublished":"2025-12-16T20:43:53+00:00","dateModified":"2026-04-07T19:18:43+00:00","description":"SAPHIR Glamorous Elegance \u2013 \u0161iltas, prabangus kvapas moterims su kriau\u0161\u0117s, lazdyno rie\u0161ut\u0173, jazmino, vanil\u0117s ir ambros natomis vakarui ir ypatingoms progoms.","breadcrumb":{"@id":"https:\/\/www.malinashop.lt\/en\/shop\/saphir-glamorous-elegance-edp-kvepalai-moterims-100ml\/#breadcrumb"},"inLanguage":"lt-LT","potentialAction":[{"@type":"ReadAction","target":["https:\/\/www.malinashop.lt\/en\/shop\/saphir-glamorous-elegance-edp-kvepalai-moterims-100ml\/"]}]},{"@type":"ImageObject","inLanguage":"lt-LT","@id":"https:\/\/www.malinashop.lt\/en\/shop\/saphir-glamorous-elegance-edp-kvepalai-moterims-100ml\/#primaryimage","url":"https:\/\/www.malinashop.lt\/wp-content\/uploads\/2025\/12\/SAPHIR-GLAMOROUS-ELEGANCE-EDP-kvepalai-moterims-100ml.png","contentUrl":"https:\/\/www.malinashop.lt\/wp-content\/uploads\/2025\/12\/SAPHIR-GLAMOROUS-ELEGANCE-EDP-kvepalai-moterims-100ml.png","width":768,"height":768},{"@type":"BreadcrumbList","@id":"https:\/\/www.malinashop.lt\/en\/shop\/saphir-glamorous-elegance-edp-kvepalai-moterims-100ml\/#breadcrumb","itemListElement":[{"@type":"ListItem","position":1,"name":"Pagrindinis","item":"https:\/\/www.malinashop.lt\/"},{"@type":"ListItem","position":2,"name":"Parduotuv\u0117","item":"https:\/\/www.malinashop.lt\/en\/parduotuve\/"},{"@type":"ListItem","position":3,"name":"SAPHIR GLAMOROUS ELEGANCE EDP kvepalai moterims, 100ml"}]},{"@type":"WebSite","@id":"https:\/\/www.malinashop.lt\/#website","url":"https:\/\/www.malinashop.lt\/","name":"COM Group Ecommerce","description":"MalinaShop.lt - Gro\u017eio ir sveikatos produktai i\u0161 patikim\u0173 preki\u0173 \u017eenkl\u0173. Atraskite auk\u0161tos kokyb\u0117s kosmetik\u0105 u\u017e puiki\u0105 kain\u0105.","publisher":{"@id":"https:\/\/www.malinashop.lt\/#organization"},"potentialAction":[{"@type":"SearchAction","target":{"@type":"EntryPoint","urlTemplate":"https:\/\/www.malinashop.lt\/?s={search_term_string}"},"query-input":{"@type":"PropertyValueSpecification","valueRequired":true,"valueName":"search_term_string"}}],"inLanguage":"lt-LT"},{"@type":"Organization","@id":"https:\/\/www.malinashop.lt\/#organization","name":"COM Group Ecommerce","url":"https:\/\/www.malinashop.lt\/","logo":{"@type":"ImageObject","inLanguage":"lt-LT","@id":"https:\/\/www.malinashop.lt\/#\/schema\/logo\/image\/","url":"https:\/\/www.malinashop.lt\/wp-content\/uploads\/2024\/08\/462559670_3787732518133670_9795632669273463_n-e1731525914575.png","contentUrl":"https:\/\/www.malinashop.lt\/wp-content\/uploads\/2024\/08\/462559670_3787732518133670_9795632669273463_n-e1731525914575.png","width":180,"height":60,"caption":"COM Group Ecommerce"},"image":{"@id":"https:\/\/www.malinashop.lt\/#\/schema\/logo\/image\/"}}]}},"jetpack_sharing_enabled":true,"_links":{"self":[{"href":"https:\/\/www.malinashop.lt\/lt_lt\/wp-json\/wp\/v2\/product\/72422","targetHints":{"allow":["GET"]}}],"collection":[{"href":"https:\/\/www.malinashop.lt\/lt_lt\/wp-json\/wp\/v2\/product"}],"about":[{"href":"https:\/\/www.malinashop.lt\/lt_lt\/wp-json\/wp\/v2\/types\/product"}],"version-history":[{"count":1,"href":"https:\/\/www.malinashop.lt\/lt_lt\/wp-json\/wp\/v2\/product\/72422\/revisions"}],"predecessor-version":[{"id":72424,"href":"https:\/\/www.malinashop.lt\/lt_lt\/wp-json\/wp\/v2\/product\/72422\/revisions\/72424"}],"wp:featuredmedia":[{"embeddable":true,"href":"https:\/\/www.malinashop.lt\/lt_lt\/wp-json\/wp\/v2\/media\/72423"}],"wp:attachment":[{"href":"https:\/\/www.malinashop.lt\/lt_lt\/wp-json\/wp\/v2\/media?parent=72422"}],"wp:term":[{"taxonomy":"product_brand","embeddable":true,"href":"https:\/\/www.malinashop.lt\/lt_lt\/wp-json\/wp\/v2\/product_brand?post=72422"},{"taxonomy":"product_cat","embeddable":true,"href":"https:\/\/www.malinashop.lt\/lt_lt\/wp-json\/wp\/v2\/product_cat?post=72422"},{"taxonomy":"product_tag","embeddable":true,"href":"https:\/\/www.malinashop.lt\/lt_lt\/wp-json\/wp\/v2\/product_tag?post=72422"}],"curies":[{"name":"wp","href":"https:\/\/api.w.org\/{rel}","templated":true}]}}