{"id":72090,"date":"2025-12-10T00:02:44","date_gmt":"2025-12-09T21:02:44","guid":{"rendered":"https:\/\/malinashop.lt\/?post_type=product&#038;p=72090"},"modified":"2026-04-07T22:18:45","modified_gmt":"2026-04-07T19:18:45","slug":"wabi-secret-muse-47-kvepalai-moterims-50-ml","status":"publish","type":"product","link":"https:\/\/www.malinashop.lt\/lt_lt\/shop\/wabi-secret-muse-47-kvepalai-moterims-50-ml\/","title":{"rendered":"WABI SECRET MUSE (47) kvepalai moterims, 50 ml"},"content":{"rendered":"<p data-start=\"285\" data-end=\"705\">SECRET MUSE (47) \u2013 tai aromatas moteriai, kuri neie\u0161ko saldumo, o renkasi \u0161varias, sausas, eleganti\u0161kai medienos natas. Kvapas kibirk\u0161\u010diuoja subtilia energija, primena \u0161vies\u0173, gaiv\u0173 v\u0117j\u0105, ne\u0161ant\u012f med\u017eio dulki\u0173, j\u016bros druskos ir gintaro \u0161viesos u\u017euominas. Tai \u0161iuolaiki\u0161kas, lengvai misti\u0161kas aromatas, kuriame n\u0117ra klasikini\u0173 g\u0117li\u0173 saldumo \u2013 vietoje jo dominuoja rafinuotas, sausesnis charakteris.<\/p>\n<p data-start=\"707\" data-end=\"1031\">Vir\u0161utin\u0117se natose juntamas <strong data-start=\"735\" data-end=\"777\">apelsinas, citrina ir kvapusis kanaris<\/strong>. Apelsinas ir citrina suteikia gaivumo, \u0161varos ir energijos, o kvapusis kanaris (elemi) prideda lengvai derving\u0105, prieskoni\u0161k\u0105 \u0161vies\u0173 akord\u0105, kuris kvapui suteikia modernumo ir i\u0161rai\u0161kingumo. Prad\u017eia \u2013 gaivi, kibirk\u0161\u010diuojanti ir \u0161iek tiek minimalistin\u0117.<\/p>\n<p data-start=\"1033\" data-end=\"1452\">Kvapo \u0161irdyje dominuoja <strong data-start=\"1057\" data-end=\"1109\">gintaras, juodieji ir ro\u017einiai pipirai, \u017eibuokl\u0117<\/strong>. Gintaras suteikia \u0161ilto, \u0161vytin\u010dio, sak\u0173 prisodrinto gilumo, pipirai \u012fne\u0161a subtilios a\u0161trumos ir charakterio, o \u017eibuokl\u0117 prideda labai \u0161velni\u0105, vos pastebim\u0105 g\u0117li\u0161k\u0105 nat\u0105, kuri nepaver\u010dia kvapo sald\u017eiu, o tik suteikia jam mink\u0161to kont\u016bro. \u010cia atsiskleid\u017eia tikroji SECRET MUSE esm\u0117 \u2013 lengvai misti\u0161ka, eleganti\u0161ka, net kiek meni\u0161ka nuotaika.<\/p>\n<p data-start=\"1454\" data-end=\"1908\">Bazin\u0117se natose \u012fsi\u0161aknija <strong data-start=\"1481\" data-end=\"1555\">k\u0117nis, kedras, Madagaskaro vetiveris, \u0105\u017euolo samanos ir benzoin\u0117 derva<\/strong>. K\u0117nis ir kedras suteikia sauso, \u0161varaus, medienos poj\u016b\u010dio, vetiveris \u012f\u017eemina kvap\u0105, suteikdamas \u017eemi\u0161ko, \u0161iek tiek d\u016bminio rafinuotumo. \u0104\u017euolo samanos prideda \u017eali\u0105, \u0161iek tiek samanot\u0105 akord\u0105, o benzoin\u0117 derva \u2013 \u0161velniai balzamin\u0117s, mink\u0161tos \u0161ilumos. Tai baz\u0117, d\u0117l kurios aromatas atrodo labai eleganti\u0161kas, \u0161iek tiek ni\u0161inis ir subtiliai i\u0161skirtinis.<\/p>\n<p data-start=\"1910\" data-end=\"2277\">SECRET MUSE (47) \u2013 idealus pasirinkimas <strong data-start=\"1950\" data-end=\"1971\">dienai ir vakarui<\/strong>, ypa\u010d toms, kurios nem\u0117gsta sald\u017ei\u0173 ar per daug g\u0117li\u0161k\u0173 kvap\u0173 ir ie\u0161ko <strong data-start=\"2043\" data-end=\"2083\">saus\u0173, \u0161vari\u0173, medienos tipo aromat\u0173<\/strong>. Tai kvapas, kuris jau\u010diamas kaip lengva skraist\u0117 i\u0161 med\u017eio dulki\u0173, gintaro \u0161viesos ir j\u016bros brizo \u2013 \u0161velnus, jausmingas, lengvai misti\u0161kas ir labai moteri\u0161kas, tik ne tradicine sald\u017eia prasme.<\/p>\n<p data-start=\"2279\" data-end=\"2296\"><strong data-start=\"2279\" data-end=\"2294\">Kvapo natos<\/strong><\/p>\n<ul data-start=\"2297\" data-end=\"2516\">\n<li data-start=\"2297\" data-end=\"2356\">\n<p data-start=\"2299\" data-end=\"2356\">Vir\u0161utin\u0117s natos \u2013 apelsinas, citrina, kvapusis kanaris<\/p>\n<\/li>\n<li data-start=\"2357\" data-end=\"2427\">\n<p data-start=\"2359\" data-end=\"2427\">Vidurin\u0117s natos \u2013 gintaras, juodieji ir ro\u017einiai pipirai, \u017eibuokl\u0117<\/p>\n<\/li>\n<li data-start=\"2428\" data-end=\"2516\">\n<p data-start=\"2430\" data-end=\"2516\">Bazin\u0117s natos \u2013 k\u0117nis, kedras, Madagaskaro vetiveris, \u0105\u017euolo samanos, benzoin\u0117 derva<\/p>\n<\/li>\n<\/ul>\n<p data-start=\"2518\" data-end=\"2546\"><strong data-start=\"2518\" data-end=\"2533\">Kvapo tipas<\/strong><br data-start=\"2533\" data-end=\"2536\" \/>Medienos<\/p>\n<p data-start=\"2548\" data-end=\"2652\"><strong data-start=\"2548\" data-end=\"2557\">Tinka<\/strong><br data-start=\"2557\" data-end=\"2560\" \/>Dienai ir vakarui, toms, kurios m\u0117gsta nesaldius, eleganti\u0161kai saus\u0173 medienos nat\u0173 aromatus.<\/p>\n","protected":false},"excerpt":{"rendered":"<p>WABI SECRET MUSE (47) \u2013 eleganti\u0161kai saus\u0173 medienos nat\u0173 kvepalai moterims su apelsino, citrinos, gintaro, kedro, vetiverio ir \u0105\u017euolo saman\u0173 akordais. \u0160velniai misti\u0161kas, modernus aromatas dienai ir vakarui.<\/p>\n","protected":false},"featured_media":72091,"template":"","meta":[],"product_brand":[1355],"product_cat":[707,545],"product_tag":[1628],"class_list":{"0":"post-72090","1":"product","2":"type-product","3":"status-publish","4":"has-post-thumbnail","6":"product_brand-wabi","7":"product_cat-kvepalai","8":"product_cat-kvepalai-moterims","9":"product_tag-wabi","11":"first","12":"instock","13":"sale","14":"taxable","15":"shipping-taxable","16":"purchasable","17":"product-type-simple"},"yoast_head":"<!-- This site is optimized with the Yoast SEO plugin v27.4 - https:\/\/yoast.com\/product\/yoast-seo-wordpress\/ -->\n<title>WABI SECRET MUSE (47) kvepalai moterims, 50 ml - MalinaShop.lt J\u016bs\u0173 sveikatai ir gro\u017eiui.<\/title>\n<meta name=\"description\" content=\"WABI SECRET MUSE (47) \u2013 eleganti\u0161ki medienos kvepalai moterims su citrus\u0173, gintaro, kedro, vetiverio ir \u0105\u017euolo saman\u0173 natomis. Sausas, modernus kvapas dienai ir vakarui.\" \/>\n<meta name=\"robots\" content=\"index, follow, max-snippet:-1, max-image-preview:large, max-video-preview:-1\" \/>\n<link rel=\"canonical\" href=\"https:\/\/www.malinashop.lt\/lt_lt\/shop\/wabi-secret-muse-47-kvepalai-moterims-50-ml\/\" \/>\n<meta property=\"og:locale\" content=\"lt_LT\" \/>\n<meta property=\"og:type\" content=\"article\" \/>\n<meta property=\"og:title\" content=\"WABI SECRET MUSE (47) kvepalai moterims, 50 ml - MalinaShop.lt J\u016bs\u0173 sveikatai ir gro\u017eiui.\" \/>\n<meta property=\"og:description\" content=\"WABI SECRET MUSE (47) \u2013 eleganti\u0161ki medienos kvepalai moterims su citrus\u0173, gintaro, kedro, vetiverio ir \u0105\u017euolo saman\u0173 natomis. Sausas, modernus kvapas dienai ir vakarui.\" \/>\n<meta property=\"og:url\" content=\"https:\/\/www.malinashop.lt\/lt_lt\/shop\/wabi-secret-muse-47-kvepalai-moterims-50-ml\/\" \/>\n<meta property=\"og:site_name\" content=\"MalinaShop.lt J\u016bs\u0173 sveikatai ir gro\u017eiui.\" \/>\n<meta property=\"article:modified_time\" content=\"2026-04-07T19:18:45+00:00\" \/>\n<meta property=\"og:image\" content=\"https:\/\/www.malinashop.lt\/wp-content\/uploads\/2025\/12\/WABI-SECRET-MUSE-47-kvepalai-moterims-50-ml.webp\" \/>\n\t<meta property=\"og:image:width\" content=\"990\" \/>\n\t<meta property=\"og:image:height\" content=\"990\" \/>\n\t<meta property=\"og:image:type\" content=\"image\/webp\" \/>\n<meta name=\"twitter:card\" content=\"summary_large_image\" \/>\n<script type=\"application\/ld+json\" class=\"yoast-schema-graph\">{\"@context\":\"https:\\\/\\\/schema.org\",\"@graph\":[{\"@type\":\"WebPage\",\"@id\":\"https:\\\/\\\/www.malinashop.lt\\\/lt_lt\\\/shop\\\/wabi-secret-muse-47-kvepalai-moterims-50-ml\\\/\",\"url\":\"https:\\\/\\\/www.malinashop.lt\\\/lt_lt\\\/shop\\\/wabi-secret-muse-47-kvepalai-moterims-50-ml\\\/\",\"name\":\"WABI SECRET MUSE (47) kvepalai moterims, 50 ml - MalinaShop.lt J\u016bs\u0173 sveikatai ir gro\u017eiui.\",\"isPartOf\":{\"@id\":\"https:\\\/\\\/www.malinashop.lt\\\/#website\"},\"primaryImageOfPage\":{\"@id\":\"https:\\\/\\\/www.malinashop.lt\\\/lt_lt\\\/shop\\\/wabi-secret-muse-47-kvepalai-moterims-50-ml\\\/#primaryimage\"},\"image\":{\"@id\":\"https:\\\/\\\/www.malinashop.lt\\\/lt_lt\\\/shop\\\/wabi-secret-muse-47-kvepalai-moterims-50-ml\\\/#primaryimage\"},\"thumbnailUrl\":\"https:\\\/\\\/www.malinashop.lt\\\/wp-content\\\/uploads\\\/2025\\\/12\\\/WABI-SECRET-MUSE-47-kvepalai-moterims-50-ml.webp\",\"datePublished\":\"2025-12-09T21:02:44+00:00\",\"dateModified\":\"2026-04-07T19:18:45+00:00\",\"description\":\"WABI SECRET MUSE (47) \u2013 eleganti\u0161ki medienos kvepalai moterims su citrus\u0173, gintaro, kedro, vetiverio ir \u0105\u017euolo saman\u0173 natomis. Sausas, modernus kvapas dienai ir vakarui.\",\"breadcrumb\":{\"@id\":\"https:\\\/\\\/www.malinashop.lt\\\/lt_lt\\\/shop\\\/wabi-secret-muse-47-kvepalai-moterims-50-ml\\\/#breadcrumb\"},\"inLanguage\":\"lt-LT\",\"potentialAction\":[{\"@type\":\"ReadAction\",\"target\":[\"https:\\\/\\\/www.malinashop.lt\\\/lt_lt\\\/shop\\\/wabi-secret-muse-47-kvepalai-moterims-50-ml\\\/\"]}]},{\"@type\":\"ImageObject\",\"inLanguage\":\"lt-LT\",\"@id\":\"https:\\\/\\\/www.malinashop.lt\\\/lt_lt\\\/shop\\\/wabi-secret-muse-47-kvepalai-moterims-50-ml\\\/#primaryimage\",\"url\":\"https:\\\/\\\/www.malinashop.lt\\\/wp-content\\\/uploads\\\/2025\\\/12\\\/WABI-SECRET-MUSE-47-kvepalai-moterims-50-ml.webp\",\"contentUrl\":\"https:\\\/\\\/www.malinashop.lt\\\/wp-content\\\/uploads\\\/2025\\\/12\\\/WABI-SECRET-MUSE-47-kvepalai-moterims-50-ml.webp\",\"width\":990,\"height\":990},{\"@type\":\"BreadcrumbList\",\"@id\":\"https:\\\/\\\/www.malinashop.lt\\\/lt_lt\\\/shop\\\/wabi-secret-muse-47-kvepalai-moterims-50-ml\\\/#breadcrumb\",\"itemListElement\":[{\"@type\":\"ListItem\",\"position\":1,\"name\":\"Pagrindinis\",\"item\":\"https:\\\/\\\/www.malinashop.lt\\\/\"},{\"@type\":\"ListItem\",\"position\":2,\"name\":\"Parduotuv\u0117\",\"item\":\"https:\\\/\\\/www.malinashop.lt\\\/en\\\/parduotuve\\\/\"},{\"@type\":\"ListItem\",\"position\":3,\"name\":\"WABI SECRET MUSE (47) kvepalai moterims, 50 ml\"}]},{\"@type\":\"WebSite\",\"@id\":\"https:\\\/\\\/www.malinashop.lt\\\/#website\",\"url\":\"https:\\\/\\\/www.malinashop.lt\\\/\",\"name\":\"COM Group Ecommerce\",\"description\":\"MalinaShop.lt - Gro\u017eio ir sveikatos produktai i\u0161 patikim\u0173 preki\u0173 \u017eenkl\u0173. Atraskite auk\u0161tos kokyb\u0117s kosmetik\u0105 u\u017e puiki\u0105 kain\u0105.\",\"publisher\":{\"@id\":\"https:\\\/\\\/www.malinashop.lt\\\/#organization\"},\"potentialAction\":[{\"@type\":\"SearchAction\",\"target\":{\"@type\":\"EntryPoint\",\"urlTemplate\":\"https:\\\/\\\/www.malinashop.lt\\\/?s={search_term_string}\"},\"query-input\":{\"@type\":\"PropertyValueSpecification\",\"valueRequired\":true,\"valueName\":\"search_term_string\"}}],\"inLanguage\":\"lt-LT\"},{\"@type\":\"Organization\",\"@id\":\"https:\\\/\\\/www.malinashop.lt\\\/#organization\",\"name\":\"COM Group Ecommerce\",\"url\":\"https:\\\/\\\/www.malinashop.lt\\\/\",\"logo\":{\"@type\":\"ImageObject\",\"inLanguage\":\"lt-LT\",\"@id\":\"https:\\\/\\\/www.malinashop.lt\\\/#\\\/schema\\\/logo\\\/image\\\/\",\"url\":\"https:\\\/\\\/www.malinashop.lt\\\/wp-content\\\/uploads\\\/2024\\\/08\\\/462559670_3787732518133670_9795632669273463_n-e1731525914575.png\",\"contentUrl\":\"https:\\\/\\\/www.malinashop.lt\\\/wp-content\\\/uploads\\\/2024\\\/08\\\/462559670_3787732518133670_9795632669273463_n-e1731525914575.png\",\"width\":180,\"height\":60,\"caption\":\"COM Group Ecommerce\"},\"image\":{\"@id\":\"https:\\\/\\\/www.malinashop.lt\\\/#\\\/schema\\\/logo\\\/image\\\/\"}}]}<\/script>\n<!-- \/ Yoast SEO plugin. -->","yoast_head_json":{"title":"WABI SECRET MUSE (47) kvepalai moterims, 50 ml - MalinaShop.lt J\u016bs\u0173 sveikatai ir gro\u017eiui.","description":"WABI SECRET MUSE (47) \u2013 eleganti\u0161ki medienos kvepalai moterims su citrus\u0173, gintaro, kedro, vetiverio ir \u0105\u017euolo saman\u0173 natomis. Sausas, modernus kvapas dienai ir vakarui.","robots":{"index":"index","follow":"follow","max-snippet":"max-snippet:-1","max-image-preview":"max-image-preview:large","max-video-preview":"max-video-preview:-1"},"canonical":"https:\/\/www.malinashop.lt\/lt_lt\/shop\/wabi-secret-muse-47-kvepalai-moterims-50-ml\/","og_locale":"lt_LT","og_type":"article","og_title":"WABI SECRET MUSE (47) kvepalai moterims, 50 ml - MalinaShop.lt J\u016bs\u0173 sveikatai ir gro\u017eiui.","og_description":"WABI SECRET MUSE (47) \u2013 eleganti\u0161ki medienos kvepalai moterims su citrus\u0173, gintaro, kedro, vetiverio ir \u0105\u017euolo saman\u0173 natomis. Sausas, modernus kvapas dienai ir vakarui.","og_url":"https:\/\/www.malinashop.lt\/lt_lt\/shop\/wabi-secret-muse-47-kvepalai-moterims-50-ml\/","og_site_name":"MalinaShop.lt J\u016bs\u0173 sveikatai ir gro\u017eiui.","article_modified_time":"2026-04-07T19:18:45+00:00","og_image":[{"width":990,"height":990,"url":"https:\/\/www.malinashop.lt\/wp-content\/uploads\/2025\/12\/WABI-SECRET-MUSE-47-kvepalai-moterims-50-ml.webp","type":"image\/webp"}],"twitter_card":"summary_large_image","schema":{"@context":"https:\/\/schema.org","@graph":[{"@type":"WebPage","@id":"https:\/\/www.malinashop.lt\/lt_lt\/shop\/wabi-secret-muse-47-kvepalai-moterims-50-ml\/","url":"https:\/\/www.malinashop.lt\/lt_lt\/shop\/wabi-secret-muse-47-kvepalai-moterims-50-ml\/","name":"WABI SECRET MUSE (47) kvepalai moterims, 50 ml - MalinaShop.lt J\u016bs\u0173 sveikatai ir gro\u017eiui.","isPartOf":{"@id":"https:\/\/www.malinashop.lt\/#website"},"primaryImageOfPage":{"@id":"https:\/\/www.malinashop.lt\/lt_lt\/shop\/wabi-secret-muse-47-kvepalai-moterims-50-ml\/#primaryimage"},"image":{"@id":"https:\/\/www.malinashop.lt\/lt_lt\/shop\/wabi-secret-muse-47-kvepalai-moterims-50-ml\/#primaryimage"},"thumbnailUrl":"https:\/\/www.malinashop.lt\/wp-content\/uploads\/2025\/12\/WABI-SECRET-MUSE-47-kvepalai-moterims-50-ml.webp","datePublished":"2025-12-09T21:02:44+00:00","dateModified":"2026-04-07T19:18:45+00:00","description":"WABI SECRET MUSE (47) \u2013 eleganti\u0161ki medienos kvepalai moterims su citrus\u0173, gintaro, kedro, vetiverio ir \u0105\u017euolo saman\u0173 natomis. Sausas, modernus kvapas dienai ir vakarui.","breadcrumb":{"@id":"https:\/\/www.malinashop.lt\/lt_lt\/shop\/wabi-secret-muse-47-kvepalai-moterims-50-ml\/#breadcrumb"},"inLanguage":"lt-LT","potentialAction":[{"@type":"ReadAction","target":["https:\/\/www.malinashop.lt\/lt_lt\/shop\/wabi-secret-muse-47-kvepalai-moterims-50-ml\/"]}]},{"@type":"ImageObject","inLanguage":"lt-LT","@id":"https:\/\/www.malinashop.lt\/lt_lt\/shop\/wabi-secret-muse-47-kvepalai-moterims-50-ml\/#primaryimage","url":"https:\/\/www.malinashop.lt\/wp-content\/uploads\/2025\/12\/WABI-SECRET-MUSE-47-kvepalai-moterims-50-ml.webp","contentUrl":"https:\/\/www.malinashop.lt\/wp-content\/uploads\/2025\/12\/WABI-SECRET-MUSE-47-kvepalai-moterims-50-ml.webp","width":990,"height":990},{"@type":"BreadcrumbList","@id":"https:\/\/www.malinashop.lt\/lt_lt\/shop\/wabi-secret-muse-47-kvepalai-moterims-50-ml\/#breadcrumb","itemListElement":[{"@type":"ListItem","position":1,"name":"Pagrindinis","item":"https:\/\/www.malinashop.lt\/"},{"@type":"ListItem","position":2,"name":"Parduotuv\u0117","item":"https:\/\/www.malinashop.lt\/en\/parduotuve\/"},{"@type":"ListItem","position":3,"name":"WABI SECRET MUSE (47) kvepalai moterims, 50 ml"}]},{"@type":"WebSite","@id":"https:\/\/www.malinashop.lt\/#website","url":"https:\/\/www.malinashop.lt\/","name":"COM Group Ecommerce","description":"MalinaShop.lt - Gro\u017eio ir sveikatos produktai i\u0161 patikim\u0173 preki\u0173 \u017eenkl\u0173. Atraskite auk\u0161tos kokyb\u0117s kosmetik\u0105 u\u017e puiki\u0105 kain\u0105.","publisher":{"@id":"https:\/\/www.malinashop.lt\/#organization"},"potentialAction":[{"@type":"SearchAction","target":{"@type":"EntryPoint","urlTemplate":"https:\/\/www.malinashop.lt\/?s={search_term_string}"},"query-input":{"@type":"PropertyValueSpecification","valueRequired":true,"valueName":"search_term_string"}}],"inLanguage":"lt-LT"},{"@type":"Organization","@id":"https:\/\/www.malinashop.lt\/#organization","name":"COM Group Ecommerce","url":"https:\/\/www.malinashop.lt\/","logo":{"@type":"ImageObject","inLanguage":"lt-LT","@id":"https:\/\/www.malinashop.lt\/#\/schema\/logo\/image\/","url":"https:\/\/www.malinashop.lt\/wp-content\/uploads\/2024\/08\/462559670_3787732518133670_9795632669273463_n-e1731525914575.png","contentUrl":"https:\/\/www.malinashop.lt\/wp-content\/uploads\/2024\/08\/462559670_3787732518133670_9795632669273463_n-e1731525914575.png","width":180,"height":60,"caption":"COM Group Ecommerce"},"image":{"@id":"https:\/\/www.malinashop.lt\/#\/schema\/logo\/image\/"}}]}},"jetpack_sharing_enabled":true,"_links":{"self":[{"href":"https:\/\/www.malinashop.lt\/lt_lt\/wp-json\/wp\/v2\/product\/72090","targetHints":{"allow":["GET"]}}],"collection":[{"href":"https:\/\/www.malinashop.lt\/lt_lt\/wp-json\/wp\/v2\/product"}],"about":[{"href":"https:\/\/www.malinashop.lt\/lt_lt\/wp-json\/wp\/v2\/types\/product"}],"version-history":[{"count":1,"href":"https:\/\/www.malinashop.lt\/lt_lt\/wp-json\/wp\/v2\/product\/72090\/revisions"}],"predecessor-version":[{"id":72092,"href":"https:\/\/www.malinashop.lt\/lt_lt\/wp-json\/wp\/v2\/product\/72090\/revisions\/72092"}],"wp:featuredmedia":[{"embeddable":true,"href":"https:\/\/www.malinashop.lt\/lt_lt\/wp-json\/wp\/v2\/media\/72091"}],"wp:attachment":[{"href":"https:\/\/www.malinashop.lt\/lt_lt\/wp-json\/wp\/v2\/media?parent=72090"}],"wp:term":[{"taxonomy":"product_brand","embeddable":true,"href":"https:\/\/www.malinashop.lt\/lt_lt\/wp-json\/wp\/v2\/product_brand?post=72090"},{"taxonomy":"product_cat","embeddable":true,"href":"https:\/\/www.malinashop.lt\/lt_lt\/wp-json\/wp\/v2\/product_cat?post=72090"},{"taxonomy":"product_tag","embeddable":true,"href":"https:\/\/www.malinashop.lt\/lt_lt\/wp-json\/wp\/v2\/product_tag?post=72090"}],"curies":[{"name":"wp","href":"https:\/\/api.w.org\/{rel}","templated":true}]}}