{"id":72069,"date":"2025-12-09T23:41:58","date_gmt":"2025-12-09T20:41:58","guid":{"rendered":"https:\/\/malinashop.lt\/?post_type=product&#038;p=72069"},"modified":"2026-04-07T22:18:46","modified_gmt":"2026-04-07T19:18:46","slug":"wabi-velvet-elixir-06-kvepalai-moterims-50-ml","status":"publish","type":"product","link":"https:\/\/www.malinashop.lt\/lt_lt\/shop\/wabi-velvet-elixir-06-kvepalai-moterims-50-ml\/","title":{"rendered":"WABI VELVET ELIXIR (06) kvepalai moterims, 50 ml"},"content":{"rendered":"<p data-start=\"269\" data-end=\"538\">VELVET ELIXIR (06) \u2013 tai kvapas moteriai, kuri m\u0117gsta paslapt\u012f, \u0161ilum\u0105 ir ry\u0161k\u0173, \u012fsimenant\u012f \u012fvaizd\u012f. Aksominis, gurmani\u0161kai saldus aromatas apgaubia tarsi \u0161iltas eliksyras \u2013 jis pabr\u0117\u017eia moteri\u0161kum\u0105, kuria artumo, jaukumo ir viliojimo nuotaik\u0105.<\/p>\n<p data-start=\"540\" data-end=\"719\">Kvapas labiausiai atsiskleid\u017eia vakare, \u0161altuoju sezonu ar ypatingomis progomis, kai norisi ne tik aksesuar\u0173, bet ir charakteringo aromato, tampan\u010dio neatsiejama \u012fvaizd\u017eio dalimi.<\/p>\n<p data-start=\"721\" data-end=\"970\">Vir\u0161utin\u0117se natose pirmiausia jau\u010diamas <strong data-start=\"761\" data-end=\"787\">saldymedis ir migdolai<\/strong>. Saldymedis suteikia prieskoni\u0161ko, net \u0161iek tiek netik\u0117to saldumo, o migdolai sukuria mink\u0161t\u0105, kremin\u012f, gurmani\u0161k\u0105 \u012fsp\u016bd\u012f. \u0160is derinys nuo pat prad\u017ei\u0173 apgaubia \u0161iluma ir intensyvumu.<\/p>\n<p data-start=\"972\" data-end=\"1235\">Vidurin\u0117se natose atsiskleid\u017eia <strong data-start=\"1004\" data-end=\"1029\">jazminas ir apelsinas<\/strong>. Jazminas \u012fne\u0161a g\u0117li\u0161kos jausmingos elegancijos, o apelsinas suteikia lengvo vaisi\u0161ko \u0161viesumo, kuris su\u0161velnina saldum\u0105 ir prideda \u017eaismingumo. Kvapo \u0161irdis tampa \u0161ilta, moteri\u0161ka ir subtiliai viliojanti.<\/p>\n<p data-start=\"1237\" data-end=\"1502\">Bazin\u0117se natose dominuoja <strong data-start=\"1263\" data-end=\"1290\">vanil\u0117 ir tonka pupel\u0117s<\/strong>. Vanil\u0117 sustiprina gurmani\u0161k\u0105, sald\u0173 charakter\u012f, o tonka pupel\u0117s suteikia \u0161iek tiek prieskoni\u0161k\u0105, ilgai i\u0161liekant\u012f, aksomin\u012f \u0161leif\u0105. \u0160i kombinacija palieka ant odos sodr\u0173, \u0161ilt\u0105, jauk\u0173 ir itin moteri\u0161k\u0105 p\u0117dsak\u0105.<\/p>\n<p data-start=\"1504\" data-end=\"1634\">Tai kvapas, kuris nepasimeta minioje \u2013 jis pabr\u0117\u017eia stili\u0173, pasitik\u0117jim\u0105 savimi ir tampa subtiliu, bet labai ai\u0161kiu j\u016bs\u0173 \u201epara\u0161u\u201c.<\/p>\n<p data-start=\"1636\" data-end=\"1653\"><strong data-start=\"1636\" data-end=\"1651\">Kvapo natos<\/strong><\/p>\n<ul data-start=\"1654\" data-end=\"1781\">\n<li data-start=\"1654\" data-end=\"1697\">\n<p data-start=\"1656\" data-end=\"1697\">Vir\u0161utin\u0117s natos \u2013 saldymedis, migdolai<\/p>\n<\/li>\n<li data-start=\"1698\" data-end=\"1739\">\n<p data-start=\"1700\" data-end=\"1739\">Vidurin\u0117s natos \u2013 jazminas, apelsinas<\/p>\n<\/li>\n<li data-start=\"1740\" data-end=\"1781\">\n<p data-start=\"1742\" data-end=\"1781\">Bazin\u0117s natos \u2013 vanil\u0117, tonka pupel\u0117s<\/p>\n<\/li>\n<\/ul>\n<p data-start=\"1783\" data-end=\"1825\"><strong data-start=\"1783\" data-end=\"1798\">Kvapo tipas<\/strong><br data-start=\"1798\" data-end=\"1801\" \/>Rytieti\u0161kas, vanilinis<\/p>\n<p data-start=\"1827\" data-end=\"1933\"><strong data-start=\"1827\" data-end=\"1836\">Tinka<\/strong><br data-start=\"1836\" data-end=\"1839\" \/>Vakarui, ypatingoms progoms, \u0161altajam sezonui, kai norisi \u0161ilto, jaukaus ir jausmingo aromato.<\/p>\n","protected":false},"excerpt":{"rendered":"<p>Jausmingi, rytieti\u0161ki\u2013vaniliniai kvepalai moterims su saldymed\u017eio, migdol\u0173, jazmino, apelsino, vanil\u0117s ir tonka pupeli\u0173 natomis \u2013 \u0161iltas, gurmani\u0161kas aromatas vakarui ir ypatingoms progoms.<\/p>\n","protected":false},"featured_media":72070,"template":"","meta":[],"product_brand":[1355],"product_cat":[707,545],"product_tag":[1628],"class_list":{"0":"post-72069","1":"product","2":"type-product","3":"status-publish","4":"has-post-thumbnail","6":"product_brand-wabi","7":"product_cat-kvepalai","8":"product_cat-kvepalai-moterims","9":"product_tag-wabi","11":"first","12":"instock","13":"sale","14":"taxable","15":"shipping-taxable","16":"purchasable","17":"product-type-simple"},"yoast_head":"<!-- This site is optimized with the Yoast SEO plugin v27.4 - https:\/\/yoast.com\/product\/yoast-seo-wordpress\/ -->\n<title>WABI VELVET ELIXIR (06) kvepalai moterims, 50 ml - MalinaShop.lt J\u016bs\u0173 sveikatai ir gro\u017eiui.<\/title>\n<meta name=\"description\" content=\"WABI VELVET ELIXIR (06) \u2013 rytieti\u0161ki vaniliniai kvepalai moterims su saldymed\u017eio, migdol\u0173, jazmino ir vanil\u0117s natomis. \u0160iltas, jausmingas kvapas vakarui.\" \/>\n<meta name=\"robots\" content=\"index, follow, max-snippet:-1, max-image-preview:large, max-video-preview:-1\" \/>\n<link rel=\"canonical\" href=\"https:\/\/www.malinashop.lt\/lt_lt\/shop\/wabi-velvet-elixir-06-kvepalai-moterims-50-ml\/\" \/>\n<meta property=\"og:locale\" content=\"lt_LT\" \/>\n<meta property=\"og:type\" content=\"article\" \/>\n<meta property=\"og:title\" content=\"WABI VELVET ELIXIR (06) kvepalai moterims, 50 ml - MalinaShop.lt J\u016bs\u0173 sveikatai ir gro\u017eiui.\" \/>\n<meta property=\"og:description\" content=\"WABI VELVET ELIXIR (06) \u2013 rytieti\u0161ki vaniliniai kvepalai moterims su saldymed\u017eio, migdol\u0173, jazmino ir vanil\u0117s natomis. \u0160iltas, jausmingas kvapas vakarui.\" \/>\n<meta property=\"og:url\" content=\"https:\/\/www.malinashop.lt\/lt_lt\/shop\/wabi-velvet-elixir-06-kvepalai-moterims-50-ml\/\" \/>\n<meta property=\"og:site_name\" content=\"MalinaShop.lt J\u016bs\u0173 sveikatai ir gro\u017eiui.\" \/>\n<meta property=\"article:modified_time\" content=\"2026-04-07T19:18:46+00:00\" \/>\n<meta property=\"og:image\" content=\"https:\/\/www.malinashop.lt\/wp-content\/uploads\/2025\/12\/WABI-VELVET-ELIXIR-06-kvepalai-moterims-50-ml.webp\" \/>\n\t<meta property=\"og:image:width\" content=\"768\" \/>\n\t<meta property=\"og:image:height\" content=\"768\" \/>\n\t<meta property=\"og:image:type\" content=\"image\/webp\" \/>\n<meta name=\"twitter:card\" content=\"summary_large_image\" \/>\n<script type=\"application\/ld+json\" class=\"yoast-schema-graph\">{\"@context\":\"https:\\\/\\\/schema.org\",\"@graph\":[{\"@type\":\"WebPage\",\"@id\":\"https:\\\/\\\/www.malinashop.lt\\\/lt_lt\\\/shop\\\/wabi-velvet-elixir-06-kvepalai-moterims-50-ml\\\/\",\"url\":\"https:\\\/\\\/www.malinashop.lt\\\/lt_lt\\\/shop\\\/wabi-velvet-elixir-06-kvepalai-moterims-50-ml\\\/\",\"name\":\"WABI VELVET ELIXIR (06) kvepalai moterims, 50 ml - MalinaShop.lt J\u016bs\u0173 sveikatai ir gro\u017eiui.\",\"isPartOf\":{\"@id\":\"https:\\\/\\\/www.malinashop.lt\\\/#website\"},\"primaryImageOfPage\":{\"@id\":\"https:\\\/\\\/www.malinashop.lt\\\/lt_lt\\\/shop\\\/wabi-velvet-elixir-06-kvepalai-moterims-50-ml\\\/#primaryimage\"},\"image\":{\"@id\":\"https:\\\/\\\/www.malinashop.lt\\\/lt_lt\\\/shop\\\/wabi-velvet-elixir-06-kvepalai-moterims-50-ml\\\/#primaryimage\"},\"thumbnailUrl\":\"https:\\\/\\\/www.malinashop.lt\\\/wp-content\\\/uploads\\\/2025\\\/12\\\/WABI-VELVET-ELIXIR-06-kvepalai-moterims-50-ml.webp\",\"datePublished\":\"2025-12-09T20:41:58+00:00\",\"dateModified\":\"2026-04-07T19:18:46+00:00\",\"description\":\"WABI VELVET ELIXIR (06) \u2013 rytieti\u0161ki vaniliniai kvepalai moterims su saldymed\u017eio, migdol\u0173, jazmino ir vanil\u0117s natomis. \u0160iltas, jausmingas kvapas vakarui.\",\"breadcrumb\":{\"@id\":\"https:\\\/\\\/www.malinashop.lt\\\/lt_lt\\\/shop\\\/wabi-velvet-elixir-06-kvepalai-moterims-50-ml\\\/#breadcrumb\"},\"inLanguage\":\"lt-LT\",\"potentialAction\":[{\"@type\":\"ReadAction\",\"target\":[\"https:\\\/\\\/www.malinashop.lt\\\/lt_lt\\\/shop\\\/wabi-velvet-elixir-06-kvepalai-moterims-50-ml\\\/\"]}]},{\"@type\":\"ImageObject\",\"inLanguage\":\"lt-LT\",\"@id\":\"https:\\\/\\\/www.malinashop.lt\\\/lt_lt\\\/shop\\\/wabi-velvet-elixir-06-kvepalai-moterims-50-ml\\\/#primaryimage\",\"url\":\"https:\\\/\\\/www.malinashop.lt\\\/wp-content\\\/uploads\\\/2025\\\/12\\\/WABI-VELVET-ELIXIR-06-kvepalai-moterims-50-ml.webp\",\"contentUrl\":\"https:\\\/\\\/www.malinashop.lt\\\/wp-content\\\/uploads\\\/2025\\\/12\\\/WABI-VELVET-ELIXIR-06-kvepalai-moterims-50-ml.webp\",\"width\":768,\"height\":768},{\"@type\":\"BreadcrumbList\",\"@id\":\"https:\\\/\\\/www.malinashop.lt\\\/lt_lt\\\/shop\\\/wabi-velvet-elixir-06-kvepalai-moterims-50-ml\\\/#breadcrumb\",\"itemListElement\":[{\"@type\":\"ListItem\",\"position\":1,\"name\":\"Pagrindinis\",\"item\":\"https:\\\/\\\/www.malinashop.lt\\\/\"},{\"@type\":\"ListItem\",\"position\":2,\"name\":\"Parduotuv\u0117\",\"item\":\"https:\\\/\\\/www.malinashop.lt\\\/en\\\/parduotuve\\\/\"},{\"@type\":\"ListItem\",\"position\":3,\"name\":\"WABI VELVET ELIXIR (06) kvepalai moterims, 50 ml\"}]},{\"@type\":\"WebSite\",\"@id\":\"https:\\\/\\\/www.malinashop.lt\\\/#website\",\"url\":\"https:\\\/\\\/www.malinashop.lt\\\/\",\"name\":\"COM Group Ecommerce\",\"description\":\"MalinaShop.lt - Gro\u017eio ir sveikatos produktai i\u0161 patikim\u0173 preki\u0173 \u017eenkl\u0173. Atraskite auk\u0161tos kokyb\u0117s kosmetik\u0105 u\u017e puiki\u0105 kain\u0105.\",\"publisher\":{\"@id\":\"https:\\\/\\\/www.malinashop.lt\\\/#organization\"},\"potentialAction\":[{\"@type\":\"SearchAction\",\"target\":{\"@type\":\"EntryPoint\",\"urlTemplate\":\"https:\\\/\\\/www.malinashop.lt\\\/?s={search_term_string}\"},\"query-input\":{\"@type\":\"PropertyValueSpecification\",\"valueRequired\":true,\"valueName\":\"search_term_string\"}}],\"inLanguage\":\"lt-LT\"},{\"@type\":\"Organization\",\"@id\":\"https:\\\/\\\/www.malinashop.lt\\\/#organization\",\"name\":\"COM Group Ecommerce\",\"url\":\"https:\\\/\\\/www.malinashop.lt\\\/\",\"logo\":{\"@type\":\"ImageObject\",\"inLanguage\":\"lt-LT\",\"@id\":\"https:\\\/\\\/www.malinashop.lt\\\/#\\\/schema\\\/logo\\\/image\\\/\",\"url\":\"https:\\\/\\\/www.malinashop.lt\\\/wp-content\\\/uploads\\\/2024\\\/08\\\/462559670_3787732518133670_9795632669273463_n-e1731525914575.png\",\"contentUrl\":\"https:\\\/\\\/www.malinashop.lt\\\/wp-content\\\/uploads\\\/2024\\\/08\\\/462559670_3787732518133670_9795632669273463_n-e1731525914575.png\",\"width\":180,\"height\":60,\"caption\":\"COM Group Ecommerce\"},\"image\":{\"@id\":\"https:\\\/\\\/www.malinashop.lt\\\/#\\\/schema\\\/logo\\\/image\\\/\"}}]}<\/script>\n<!-- \/ Yoast SEO plugin. -->","yoast_head_json":{"title":"WABI VELVET ELIXIR (06) kvepalai moterims, 50 ml - MalinaShop.lt J\u016bs\u0173 sveikatai ir gro\u017eiui.","description":"WABI VELVET ELIXIR (06) \u2013 rytieti\u0161ki vaniliniai kvepalai moterims su saldymed\u017eio, migdol\u0173, jazmino ir vanil\u0117s natomis. \u0160iltas, jausmingas kvapas vakarui.","robots":{"index":"index","follow":"follow","max-snippet":"max-snippet:-1","max-image-preview":"max-image-preview:large","max-video-preview":"max-video-preview:-1"},"canonical":"https:\/\/www.malinashop.lt\/lt_lt\/shop\/wabi-velvet-elixir-06-kvepalai-moterims-50-ml\/","og_locale":"lt_LT","og_type":"article","og_title":"WABI VELVET ELIXIR (06) kvepalai moterims, 50 ml - MalinaShop.lt J\u016bs\u0173 sveikatai ir gro\u017eiui.","og_description":"WABI VELVET ELIXIR (06) \u2013 rytieti\u0161ki vaniliniai kvepalai moterims su saldymed\u017eio, migdol\u0173, jazmino ir vanil\u0117s natomis. \u0160iltas, jausmingas kvapas vakarui.","og_url":"https:\/\/www.malinashop.lt\/lt_lt\/shop\/wabi-velvet-elixir-06-kvepalai-moterims-50-ml\/","og_site_name":"MalinaShop.lt J\u016bs\u0173 sveikatai ir gro\u017eiui.","article_modified_time":"2026-04-07T19:18:46+00:00","og_image":[{"width":768,"height":768,"url":"https:\/\/www.malinashop.lt\/wp-content\/uploads\/2025\/12\/WABI-VELVET-ELIXIR-06-kvepalai-moterims-50-ml.webp","type":"image\/webp"}],"twitter_card":"summary_large_image","schema":{"@context":"https:\/\/schema.org","@graph":[{"@type":"WebPage","@id":"https:\/\/www.malinashop.lt\/lt_lt\/shop\/wabi-velvet-elixir-06-kvepalai-moterims-50-ml\/","url":"https:\/\/www.malinashop.lt\/lt_lt\/shop\/wabi-velvet-elixir-06-kvepalai-moterims-50-ml\/","name":"WABI VELVET ELIXIR (06) kvepalai moterims, 50 ml - MalinaShop.lt J\u016bs\u0173 sveikatai ir gro\u017eiui.","isPartOf":{"@id":"https:\/\/www.malinashop.lt\/#website"},"primaryImageOfPage":{"@id":"https:\/\/www.malinashop.lt\/lt_lt\/shop\/wabi-velvet-elixir-06-kvepalai-moterims-50-ml\/#primaryimage"},"image":{"@id":"https:\/\/www.malinashop.lt\/lt_lt\/shop\/wabi-velvet-elixir-06-kvepalai-moterims-50-ml\/#primaryimage"},"thumbnailUrl":"https:\/\/www.malinashop.lt\/wp-content\/uploads\/2025\/12\/WABI-VELVET-ELIXIR-06-kvepalai-moterims-50-ml.webp","datePublished":"2025-12-09T20:41:58+00:00","dateModified":"2026-04-07T19:18:46+00:00","description":"WABI VELVET ELIXIR (06) \u2013 rytieti\u0161ki vaniliniai kvepalai moterims su saldymed\u017eio, migdol\u0173, jazmino ir vanil\u0117s natomis. \u0160iltas, jausmingas kvapas vakarui.","breadcrumb":{"@id":"https:\/\/www.malinashop.lt\/lt_lt\/shop\/wabi-velvet-elixir-06-kvepalai-moterims-50-ml\/#breadcrumb"},"inLanguage":"lt-LT","potentialAction":[{"@type":"ReadAction","target":["https:\/\/www.malinashop.lt\/lt_lt\/shop\/wabi-velvet-elixir-06-kvepalai-moterims-50-ml\/"]}]},{"@type":"ImageObject","inLanguage":"lt-LT","@id":"https:\/\/www.malinashop.lt\/lt_lt\/shop\/wabi-velvet-elixir-06-kvepalai-moterims-50-ml\/#primaryimage","url":"https:\/\/www.malinashop.lt\/wp-content\/uploads\/2025\/12\/WABI-VELVET-ELIXIR-06-kvepalai-moterims-50-ml.webp","contentUrl":"https:\/\/www.malinashop.lt\/wp-content\/uploads\/2025\/12\/WABI-VELVET-ELIXIR-06-kvepalai-moterims-50-ml.webp","width":768,"height":768},{"@type":"BreadcrumbList","@id":"https:\/\/www.malinashop.lt\/lt_lt\/shop\/wabi-velvet-elixir-06-kvepalai-moterims-50-ml\/#breadcrumb","itemListElement":[{"@type":"ListItem","position":1,"name":"Pagrindinis","item":"https:\/\/www.malinashop.lt\/"},{"@type":"ListItem","position":2,"name":"Parduotuv\u0117","item":"https:\/\/www.malinashop.lt\/en\/parduotuve\/"},{"@type":"ListItem","position":3,"name":"WABI VELVET ELIXIR (06) kvepalai moterims, 50 ml"}]},{"@type":"WebSite","@id":"https:\/\/www.malinashop.lt\/#website","url":"https:\/\/www.malinashop.lt\/","name":"COM Group Ecommerce","description":"MalinaShop.lt - Gro\u017eio ir sveikatos produktai i\u0161 patikim\u0173 preki\u0173 \u017eenkl\u0173. Atraskite auk\u0161tos kokyb\u0117s kosmetik\u0105 u\u017e puiki\u0105 kain\u0105.","publisher":{"@id":"https:\/\/www.malinashop.lt\/#organization"},"potentialAction":[{"@type":"SearchAction","target":{"@type":"EntryPoint","urlTemplate":"https:\/\/www.malinashop.lt\/?s={search_term_string}"},"query-input":{"@type":"PropertyValueSpecification","valueRequired":true,"valueName":"search_term_string"}}],"inLanguage":"lt-LT"},{"@type":"Organization","@id":"https:\/\/www.malinashop.lt\/#organization","name":"COM Group Ecommerce","url":"https:\/\/www.malinashop.lt\/","logo":{"@type":"ImageObject","inLanguage":"lt-LT","@id":"https:\/\/www.malinashop.lt\/#\/schema\/logo\/image\/","url":"https:\/\/www.malinashop.lt\/wp-content\/uploads\/2024\/08\/462559670_3787732518133670_9795632669273463_n-e1731525914575.png","contentUrl":"https:\/\/www.malinashop.lt\/wp-content\/uploads\/2024\/08\/462559670_3787732518133670_9795632669273463_n-e1731525914575.png","width":180,"height":60,"caption":"COM Group Ecommerce"},"image":{"@id":"https:\/\/www.malinashop.lt\/#\/schema\/logo\/image\/"}}]}},"jetpack_sharing_enabled":true,"_links":{"self":[{"href":"https:\/\/www.malinashop.lt\/lt_lt\/wp-json\/wp\/v2\/product\/72069","targetHints":{"allow":["GET"]}}],"collection":[{"href":"https:\/\/www.malinashop.lt\/lt_lt\/wp-json\/wp\/v2\/product"}],"about":[{"href":"https:\/\/www.malinashop.lt\/lt_lt\/wp-json\/wp\/v2\/types\/product"}],"version-history":[{"count":1,"href":"https:\/\/www.malinashop.lt\/lt_lt\/wp-json\/wp\/v2\/product\/72069\/revisions"}],"predecessor-version":[{"id":72071,"href":"https:\/\/www.malinashop.lt\/lt_lt\/wp-json\/wp\/v2\/product\/72069\/revisions\/72071"}],"wp:featuredmedia":[{"embeddable":true,"href":"https:\/\/www.malinashop.lt\/lt_lt\/wp-json\/wp\/v2\/media\/72070"}],"wp:attachment":[{"href":"https:\/\/www.malinashop.lt\/lt_lt\/wp-json\/wp\/v2\/media?parent=72069"}],"wp:term":[{"taxonomy":"product_brand","embeddable":true,"href":"https:\/\/www.malinashop.lt\/lt_lt\/wp-json\/wp\/v2\/product_brand?post=72069"},{"taxonomy":"product_cat","embeddable":true,"href":"https:\/\/www.malinashop.lt\/lt_lt\/wp-json\/wp\/v2\/product_cat?post=72069"},{"taxonomy":"product_tag","embeddable":true,"href":"https:\/\/www.malinashop.lt\/lt_lt\/wp-json\/wp\/v2\/product_tag?post=72069"}],"curies":[{"name":"wp","href":"https:\/\/api.w.org\/{rel}","templated":true}]}}