{"id":71818,"date":"2025-12-03T00:18:43","date_gmt":"2025-12-02T21:18:43","guid":{"rendered":"https:\/\/malinashop.lt\/?post_type=product&#038;p=71818"},"modified":"2026-04-07T22:18:51","modified_gmt":"2026-04-07T19:18:51","slug":"sla-paris-lupu-blizgesys-su-hialuronu-blake-shiny-ink-coat-219-06","status":"publish","type":"product","link":"https:\/\/www.malinashop.lt\/lt_lt\/shop\/sla-paris-lupu-blizgesys-su-hialuronu-blake-shiny-ink-coat-219-06\/","title":{"rendered":"SLA PARIS l\u016bp\u0173 blizgesys su hialuronu BLAKE SHINY INK COAT 219-06"},"content":{"rendered":"<p data-start=\"265\" data-end=\"624\">SLA PARIS BLAKE SHINY INK COAT 219-06 \u2013 tai profesionalus ilgalaikis l\u016bp\u0173 blizgesys, sukurtas tiems, kurie nori vienu \u017eingsniu ir ry\u0161kios spalvos, ir komforti\u0161kos l\u016bp\u0173 prie\u017ei\u016bros. Mink\u0161ta, \u0161velni konsistencija tolygiai pasiskirsto ant l\u016bp\u0173, nesub\u0117ga \u012f rauk\u0161leles ir nesukuria lipnaus sluoksnio, tod\u0117l blizges\u012f malonu ne\u0161ioti vis\u0105 dien\u0105.<\/p>\n<p data-start=\"626\" data-end=\"684\">Formul\u0117 <strong data-start=\"634\" data-end=\"668\">praturtinta hialurono r\u016bg\u0161timi<\/strong>, kuri padeda:<\/p>\n<ul data-start=\"685\" data-end=\"792\">\n<li data-start=\"685\" data-end=\"716\">\n<p data-start=\"687\" data-end=\"716\">intensyviai dr\u0117kinti l\u016bpas,<\/p>\n<\/li>\n<li data-start=\"717\" data-end=\"753\">\n<p data-start=\"719\" data-end=\"753\">vizualiai suteikti joms putlumo,<\/p>\n<\/li>\n<li data-start=\"754\" data-end=\"792\">\n<p data-start=\"756\" data-end=\"792\">i\u0161laikyti \u0161velnum\u0105 ir elastingum\u0105.<\/p>\n<\/li>\n<\/ul>\n<p data-start=\"794\" data-end=\"1021\">Ypa\u010d <strong data-start=\"799\" data-end=\"832\">auk\u0161ta pigmento koncentracija<\/strong> u\u017etikrina sodri\u0105, ilgai i\u0161liekan\u010di\u0105 spalv\u0105 ir blizges\u012f. Blizgesys nesisklaido, nenusitrina taip greitai kaip \u012fprasti blizgiai, tod\u0117l puikiai tinka tiek kasdienai, tiek vakariniam makia\u017eui.<\/p>\n<p data-start=\"1023\" data-end=\"1238\">Kiekvienam SHINY INK COAT atspalviui sukurtas ir priderintas <strong data-start=\"1084\" data-end=\"1122\">atitinkamos spalvos l\u016bp\u0173 pie\u0161tukas<\/strong>, kuris padeda dar tiksliau apibr\u0117\u017eti l\u016bp\u0173 kont\u016br\u0105, pagerina spalvos sukibim\u0105 ir prailgina jos i\u0161silaikym\u0105 ant l\u016bp\u0173.<\/p>\n<p data-start=\"1240\" data-end=\"1252\">Formul\u0117je:<\/p>\n<ul data-start=\"1253\" data-end=\"1343\">\n<li data-start=\"1253\" data-end=\"1282\">\n<p data-start=\"1255\" data-end=\"1282\"><strong data-start=\"1255\" data-end=\"1279\">N\u0116RA fenoksietanolio<\/strong>,<\/p>\n<\/li>\n<li data-start=\"1283\" data-end=\"1300\">\n<p data-start=\"1285\" data-end=\"1300\"><strong data-start=\"1285\" data-end=\"1297\">N\u0116RA PEG<\/strong>,<\/p>\n<\/li>\n<li data-start=\"1301\" data-end=\"1343\">\n<p data-start=\"1303\" data-end=\"1343\">produktas <strong data-start=\"1313\" data-end=\"1340\">netestuotas su gyv\u016bnais<\/strong>.<\/p>\n<\/li>\n<\/ul>\n<p data-start=\"1345\" data-end=\"1464\">Tai idealus pasirinkimas ie\u0161kantiems profesionalaus rezultato, \u0161variau atrinktos sud\u0117ties ir komforti\u0161ko l\u016bp\u0173 produkto.<\/p>\n<p data-start=\"1466\" data-end=\"1495\"><strong data-start=\"1466\" data-end=\"1493\">Pagrindiniai privalumai<\/strong><\/p>\n<ul data-start=\"1496\" data-end=\"1761\">\n<li data-start=\"1496\" data-end=\"1553\">\n<p data-start=\"1498\" data-end=\"1553\">Ilgai i\u0161liekantis, intensyviai pigmentuotas blizgesys<\/p>\n<\/li>\n<li data-start=\"1554\" data-end=\"1608\">\n<p data-start=\"1556\" data-end=\"1608\">Mink\u0161ta, nelipni tekst\u016bra \u2013 komforti\u0161kas d\u0117v\u0117jimas<\/p>\n<\/li>\n<li data-start=\"1609\" data-end=\"1655\">\n<p data-start=\"1611\" data-end=\"1655\">Hialurono r\u016bg\u0161tis dr\u0117kina ir putlina l\u016bpas<\/p>\n<\/li>\n<li data-start=\"1656\" data-end=\"1704\">\n<p data-start=\"1658\" data-end=\"1704\">Suderinta spalva su atitinkamu l\u016bp\u0173 pie\u0161tuku<\/p>\n<\/li>\n<li data-start=\"1705\" data-end=\"1734\">\n<p data-start=\"1707\" data-end=\"1734\">Be fenoksietanolio ir PEG<\/p>\n<\/li>\n<li data-start=\"1735\" data-end=\"1761\">\n<p data-start=\"1737\" data-end=\"1761\">Netestuota su gyv\u016bnais<\/p>\n<\/li>\n<\/ul>\n<p data-start=\"1763\" data-end=\"1974\"><strong data-start=\"1763\" data-end=\"1777\">Naudojimas<\/strong><br data-start=\"1777\" data-end=\"1780\" \/>U\u017etepkite blizges\u012f tiesiai ant \u0161vari\u0173 l\u016bp\u0173 arba po l\u016bp\u0173 pie\u0161tuko, kad i\u0161gautum\u0117te dar tikslesn\u012f kont\u016br\u0105 ir ilgesn\u012f spalvos i\u0161silaikym\u0105. Esant poreikiui, dienos eigoje galite atnaujinti sluoksn\u012f.<\/p>\n","protected":false},"excerpt":{"rendered":"<p>Ilgalaikis SLA PARIS BLAKE SHINY INK COAT l\u016bp\u0173 blizgesys su hialurono r\u016bg\u0161timi giliai dr\u0117kina ir subtiliai putlina l\u016bpas, suteikia intensyvi\u0105 spalv\u0105 be lipnaus poj\u016b\u010dio.<\/p>\n","protected":false},"featured_media":71820,"template":"","meta":[],"product_brand":[1527],"product_cat":[102,523],"product_tag":[1623],"class_list":{"0":"post-71818","1":"product","2":"type-product","3":"status-publish","4":"has-post-thumbnail","6":"product_brand-sla-paris","7":"product_cat-dekoratyvine-kosmetika","8":"product_cat-lupu-blizgiai","9":"product_tag-sla-paris","11":"first","12":"instock","13":"purchasable","14":"product-type-simple"},"yoast_head":"<!-- This site is optimized with the Yoast SEO plugin v27.4 - https:\/\/yoast.com\/product\/yoast-seo-wordpress\/ -->\n<title>SLA PARIS l\u016bp\u0173 blizgesys su hialuronu BLAKE SHINY INK COAT 219-06 - MalinaShop.lt J\u016bs\u0173 sveikatai ir gro\u017eiui.<\/title>\n<meta name=\"description\" content=\"SLA PARIS BLAKE SHINY INK COAT \u2013 ilgalaikis, nelipnus l\u016bp\u0173 blizgesys su hialurono r\u016bg\u0161timi, dr\u0117kina ir putlina l\u016bpas, suteikia intensyvi\u0105 spalv\u0105.\" \/>\n<meta name=\"robots\" content=\"index, follow, max-snippet:-1, max-image-preview:large, max-video-preview:-1\" \/>\n<link rel=\"canonical\" href=\"https:\/\/www.malinashop.lt\/lt_lt\/shop\/sla-paris-lupu-blizgesys-su-hialuronu-blake-shiny-ink-coat-219-06\/\" \/>\n<meta property=\"og:locale\" content=\"lt_LT\" \/>\n<meta property=\"og:type\" content=\"article\" \/>\n<meta property=\"og:title\" content=\"SLA PARIS l\u016bp\u0173 blizgesys su hialuronu BLAKE SHINY INK COAT 219-06 - MalinaShop.lt J\u016bs\u0173 sveikatai ir gro\u017eiui.\" \/>\n<meta property=\"og:description\" content=\"SLA PARIS BLAKE SHINY INK COAT \u2013 ilgalaikis, nelipnus l\u016bp\u0173 blizgesys su hialurono r\u016bg\u0161timi, dr\u0117kina ir putlina l\u016bpas, suteikia intensyvi\u0105 spalv\u0105.\" \/>\n<meta property=\"og:url\" content=\"https:\/\/www.malinashop.lt\/lt_lt\/shop\/sla-paris-lupu-blizgesys-su-hialuronu-blake-shiny-ink-coat-219-06\/\" \/>\n<meta property=\"og:site_name\" content=\"MalinaShop.lt J\u016bs\u0173 sveikatai ir gro\u017eiui.\" \/>\n<meta property=\"article:modified_time\" content=\"2026-04-07T19:18:51+00:00\" \/>\n<meta property=\"og:image\" content=\"https:\/\/www.malinashop.lt\/wp-content\/uploads\/2025\/12\/SLA-PARIS-lupu-blizgesys-su-hialuronu-BLAKE-SHINY-INK-COAT-219-06.webp\" \/>\n\t<meta property=\"og:image:width\" content=\"800\" \/>\n\t<meta property=\"og:image:height\" content=\"800\" \/>\n\t<meta property=\"og:image:type\" content=\"image\/webp\" \/>\n<meta name=\"twitter:card\" content=\"summary_large_image\" \/>\n<script type=\"application\/ld+json\" class=\"yoast-schema-graph\">{\"@context\":\"https:\\\/\\\/schema.org\",\"@graph\":[{\"@type\":\"WebPage\",\"@id\":\"https:\\\/\\\/www.malinashop.lt\\\/en\\\/shop\\\/sla-paris-lupu-blizgesys-su-hialuronu-blake-shiny-ink-coat-219-06\\\/\",\"url\":\"https:\\\/\\\/www.malinashop.lt\\\/en\\\/shop\\\/sla-paris-lupu-blizgesys-su-hialuronu-blake-shiny-ink-coat-219-06\\\/\",\"name\":\"SLA PARIS l\u016bp\u0173 blizgesys su hialuronu BLAKE SHINY INK COAT 219-06 - MalinaShop.lt J\u016bs\u0173 sveikatai ir gro\u017eiui.\",\"isPartOf\":{\"@id\":\"https:\\\/\\\/www.malinashop.lt\\\/#website\"},\"primaryImageOfPage\":{\"@id\":\"https:\\\/\\\/www.malinashop.lt\\\/en\\\/shop\\\/sla-paris-lupu-blizgesys-su-hialuronu-blake-shiny-ink-coat-219-06\\\/#primaryimage\"},\"image\":{\"@id\":\"https:\\\/\\\/www.malinashop.lt\\\/en\\\/shop\\\/sla-paris-lupu-blizgesys-su-hialuronu-blake-shiny-ink-coat-219-06\\\/#primaryimage\"},\"thumbnailUrl\":\"https:\\\/\\\/www.malinashop.lt\\\/wp-content\\\/uploads\\\/2025\\\/12\\\/SLA-PARIS-lupu-blizgesys-su-hialuronu-BLAKE-SHINY-INK-COAT-219-06.webp\",\"datePublished\":\"2025-12-02T21:18:43+00:00\",\"dateModified\":\"2026-04-07T19:18:51+00:00\",\"description\":\"SLA PARIS BLAKE SHINY INK COAT \u2013 ilgalaikis, nelipnus l\u016bp\u0173 blizgesys su hialurono r\u016bg\u0161timi, dr\u0117kina ir putlina l\u016bpas, suteikia intensyvi\u0105 spalv\u0105.\",\"breadcrumb\":{\"@id\":\"https:\\\/\\\/www.malinashop.lt\\\/en\\\/shop\\\/sla-paris-lupu-blizgesys-su-hialuronu-blake-shiny-ink-coat-219-06\\\/#breadcrumb\"},\"inLanguage\":\"lt-LT\",\"potentialAction\":[{\"@type\":\"ReadAction\",\"target\":[\"https:\\\/\\\/www.malinashop.lt\\\/en\\\/shop\\\/sla-paris-lupu-blizgesys-su-hialuronu-blake-shiny-ink-coat-219-06\\\/\"]}]},{\"@type\":\"ImageObject\",\"inLanguage\":\"lt-LT\",\"@id\":\"https:\\\/\\\/www.malinashop.lt\\\/en\\\/shop\\\/sla-paris-lupu-blizgesys-su-hialuronu-blake-shiny-ink-coat-219-06\\\/#primaryimage\",\"url\":\"https:\\\/\\\/www.malinashop.lt\\\/wp-content\\\/uploads\\\/2025\\\/12\\\/SLA-PARIS-lupu-blizgesys-su-hialuronu-BLAKE-SHINY-INK-COAT-219-06.webp\",\"contentUrl\":\"https:\\\/\\\/www.malinashop.lt\\\/wp-content\\\/uploads\\\/2025\\\/12\\\/SLA-PARIS-lupu-blizgesys-su-hialuronu-BLAKE-SHINY-INK-COAT-219-06.webp\",\"width\":800,\"height\":800},{\"@type\":\"BreadcrumbList\",\"@id\":\"https:\\\/\\\/www.malinashop.lt\\\/en\\\/shop\\\/sla-paris-lupu-blizgesys-su-hialuronu-blake-shiny-ink-coat-219-06\\\/#breadcrumb\",\"itemListElement\":[{\"@type\":\"ListItem\",\"position\":1,\"name\":\"Pagrindinis\",\"item\":\"https:\\\/\\\/www.malinashop.lt\\\/\"},{\"@type\":\"ListItem\",\"position\":2,\"name\":\"Parduotuv\u0117\",\"item\":\"https:\\\/\\\/www.malinashop.lt\\\/en\\\/parduotuve\\\/\"},{\"@type\":\"ListItem\",\"position\":3,\"name\":\"SLA PARIS l\u016bp\u0173 blizgesys su hialuronu BLAKE SHINY INK COAT 219-06\"}]},{\"@type\":\"WebSite\",\"@id\":\"https:\\\/\\\/www.malinashop.lt\\\/#website\",\"url\":\"https:\\\/\\\/www.malinashop.lt\\\/\",\"name\":\"COM Group Ecommerce\",\"description\":\"MalinaShop.lt - Gro\u017eio ir sveikatos produktai i\u0161 patikim\u0173 preki\u0173 \u017eenkl\u0173. Atraskite auk\u0161tos kokyb\u0117s kosmetik\u0105 u\u017e puiki\u0105 kain\u0105.\",\"publisher\":{\"@id\":\"https:\\\/\\\/www.malinashop.lt\\\/#organization\"},\"potentialAction\":[{\"@type\":\"SearchAction\",\"target\":{\"@type\":\"EntryPoint\",\"urlTemplate\":\"https:\\\/\\\/www.malinashop.lt\\\/?s={search_term_string}\"},\"query-input\":{\"@type\":\"PropertyValueSpecification\",\"valueRequired\":true,\"valueName\":\"search_term_string\"}}],\"inLanguage\":\"lt-LT\"},{\"@type\":\"Organization\",\"@id\":\"https:\\\/\\\/www.malinashop.lt\\\/#organization\",\"name\":\"COM Group Ecommerce\",\"url\":\"https:\\\/\\\/www.malinashop.lt\\\/\",\"logo\":{\"@type\":\"ImageObject\",\"inLanguage\":\"lt-LT\",\"@id\":\"https:\\\/\\\/www.malinashop.lt\\\/#\\\/schema\\\/logo\\\/image\\\/\",\"url\":\"https:\\\/\\\/www.malinashop.lt\\\/wp-content\\\/uploads\\\/2024\\\/08\\\/462559670_3787732518133670_9795632669273463_n-e1731525914575.png\",\"contentUrl\":\"https:\\\/\\\/www.malinashop.lt\\\/wp-content\\\/uploads\\\/2024\\\/08\\\/462559670_3787732518133670_9795632669273463_n-e1731525914575.png\",\"width\":180,\"height\":60,\"caption\":\"COM Group Ecommerce\"},\"image\":{\"@id\":\"https:\\\/\\\/www.malinashop.lt\\\/#\\\/schema\\\/logo\\\/image\\\/\"}}]}<\/script>\n<!-- \/ Yoast SEO plugin. -->","yoast_head_json":{"title":"SLA PARIS l\u016bp\u0173 blizgesys su hialuronu BLAKE SHINY INK COAT 219-06 - MalinaShop.lt J\u016bs\u0173 sveikatai ir gro\u017eiui.","description":"SLA PARIS BLAKE SHINY INK COAT \u2013 ilgalaikis, nelipnus l\u016bp\u0173 blizgesys su hialurono r\u016bg\u0161timi, dr\u0117kina ir putlina l\u016bpas, suteikia intensyvi\u0105 spalv\u0105.","robots":{"index":"index","follow":"follow","max-snippet":"max-snippet:-1","max-image-preview":"max-image-preview:large","max-video-preview":"max-video-preview:-1"},"canonical":"https:\/\/www.malinashop.lt\/lt_lt\/shop\/sla-paris-lupu-blizgesys-su-hialuronu-blake-shiny-ink-coat-219-06\/","og_locale":"lt_LT","og_type":"article","og_title":"SLA PARIS l\u016bp\u0173 blizgesys su hialuronu BLAKE SHINY INK COAT 219-06 - MalinaShop.lt J\u016bs\u0173 sveikatai ir gro\u017eiui.","og_description":"SLA PARIS BLAKE SHINY INK COAT \u2013 ilgalaikis, nelipnus l\u016bp\u0173 blizgesys su hialurono r\u016bg\u0161timi, dr\u0117kina ir putlina l\u016bpas, suteikia intensyvi\u0105 spalv\u0105.","og_url":"https:\/\/www.malinashop.lt\/lt_lt\/shop\/sla-paris-lupu-blizgesys-su-hialuronu-blake-shiny-ink-coat-219-06\/","og_site_name":"MalinaShop.lt J\u016bs\u0173 sveikatai ir gro\u017eiui.","article_modified_time":"2026-04-07T19:18:51+00:00","og_image":[{"width":800,"height":800,"url":"https:\/\/www.malinashop.lt\/wp-content\/uploads\/2025\/12\/SLA-PARIS-lupu-blizgesys-su-hialuronu-BLAKE-SHINY-INK-COAT-219-06.webp","type":"image\/webp"}],"twitter_card":"summary_large_image","schema":{"@context":"https:\/\/schema.org","@graph":[{"@type":"WebPage","@id":"https:\/\/www.malinashop.lt\/en\/shop\/sla-paris-lupu-blizgesys-su-hialuronu-blake-shiny-ink-coat-219-06\/","url":"https:\/\/www.malinashop.lt\/en\/shop\/sla-paris-lupu-blizgesys-su-hialuronu-blake-shiny-ink-coat-219-06\/","name":"SLA PARIS l\u016bp\u0173 blizgesys su hialuronu BLAKE SHINY INK COAT 219-06 - MalinaShop.lt J\u016bs\u0173 sveikatai ir gro\u017eiui.","isPartOf":{"@id":"https:\/\/www.malinashop.lt\/#website"},"primaryImageOfPage":{"@id":"https:\/\/www.malinashop.lt\/en\/shop\/sla-paris-lupu-blizgesys-su-hialuronu-blake-shiny-ink-coat-219-06\/#primaryimage"},"image":{"@id":"https:\/\/www.malinashop.lt\/en\/shop\/sla-paris-lupu-blizgesys-su-hialuronu-blake-shiny-ink-coat-219-06\/#primaryimage"},"thumbnailUrl":"https:\/\/www.malinashop.lt\/wp-content\/uploads\/2025\/12\/SLA-PARIS-lupu-blizgesys-su-hialuronu-BLAKE-SHINY-INK-COAT-219-06.webp","datePublished":"2025-12-02T21:18:43+00:00","dateModified":"2026-04-07T19:18:51+00:00","description":"SLA PARIS BLAKE SHINY INK COAT \u2013 ilgalaikis, nelipnus l\u016bp\u0173 blizgesys su hialurono r\u016bg\u0161timi, dr\u0117kina ir putlina l\u016bpas, suteikia intensyvi\u0105 spalv\u0105.","breadcrumb":{"@id":"https:\/\/www.malinashop.lt\/en\/shop\/sla-paris-lupu-blizgesys-su-hialuronu-blake-shiny-ink-coat-219-06\/#breadcrumb"},"inLanguage":"lt-LT","potentialAction":[{"@type":"ReadAction","target":["https:\/\/www.malinashop.lt\/en\/shop\/sla-paris-lupu-blizgesys-su-hialuronu-blake-shiny-ink-coat-219-06\/"]}]},{"@type":"ImageObject","inLanguage":"lt-LT","@id":"https:\/\/www.malinashop.lt\/en\/shop\/sla-paris-lupu-blizgesys-su-hialuronu-blake-shiny-ink-coat-219-06\/#primaryimage","url":"https:\/\/www.malinashop.lt\/wp-content\/uploads\/2025\/12\/SLA-PARIS-lupu-blizgesys-su-hialuronu-BLAKE-SHINY-INK-COAT-219-06.webp","contentUrl":"https:\/\/www.malinashop.lt\/wp-content\/uploads\/2025\/12\/SLA-PARIS-lupu-blizgesys-su-hialuronu-BLAKE-SHINY-INK-COAT-219-06.webp","width":800,"height":800},{"@type":"BreadcrumbList","@id":"https:\/\/www.malinashop.lt\/en\/shop\/sla-paris-lupu-blizgesys-su-hialuronu-blake-shiny-ink-coat-219-06\/#breadcrumb","itemListElement":[{"@type":"ListItem","position":1,"name":"Pagrindinis","item":"https:\/\/www.malinashop.lt\/"},{"@type":"ListItem","position":2,"name":"Parduotuv\u0117","item":"https:\/\/www.malinashop.lt\/en\/parduotuve\/"},{"@type":"ListItem","position":3,"name":"SLA PARIS l\u016bp\u0173 blizgesys su hialuronu BLAKE SHINY INK COAT 219-06"}]},{"@type":"WebSite","@id":"https:\/\/www.malinashop.lt\/#website","url":"https:\/\/www.malinashop.lt\/","name":"COM Group Ecommerce","description":"MalinaShop.lt - Gro\u017eio ir sveikatos produktai i\u0161 patikim\u0173 preki\u0173 \u017eenkl\u0173. Atraskite auk\u0161tos kokyb\u0117s kosmetik\u0105 u\u017e puiki\u0105 kain\u0105.","publisher":{"@id":"https:\/\/www.malinashop.lt\/#organization"},"potentialAction":[{"@type":"SearchAction","target":{"@type":"EntryPoint","urlTemplate":"https:\/\/www.malinashop.lt\/?s={search_term_string}"},"query-input":{"@type":"PropertyValueSpecification","valueRequired":true,"valueName":"search_term_string"}}],"inLanguage":"lt-LT"},{"@type":"Organization","@id":"https:\/\/www.malinashop.lt\/#organization","name":"COM Group Ecommerce","url":"https:\/\/www.malinashop.lt\/","logo":{"@type":"ImageObject","inLanguage":"lt-LT","@id":"https:\/\/www.malinashop.lt\/#\/schema\/logo\/image\/","url":"https:\/\/www.malinashop.lt\/wp-content\/uploads\/2024\/08\/462559670_3787732518133670_9795632669273463_n-e1731525914575.png","contentUrl":"https:\/\/www.malinashop.lt\/wp-content\/uploads\/2024\/08\/462559670_3787732518133670_9795632669273463_n-e1731525914575.png","width":180,"height":60,"caption":"COM Group Ecommerce"},"image":{"@id":"https:\/\/www.malinashop.lt\/#\/schema\/logo\/image\/"}}]}},"jetpack_sharing_enabled":true,"_links":{"self":[{"href":"https:\/\/www.malinashop.lt\/lt_lt\/wp-json\/wp\/v2\/product\/71818","targetHints":{"allow":["GET"]}}],"collection":[{"href":"https:\/\/www.malinashop.lt\/lt_lt\/wp-json\/wp\/v2\/product"}],"about":[{"href":"https:\/\/www.malinashop.lt\/lt_lt\/wp-json\/wp\/v2\/types\/product"}],"version-history":[{"count":1,"href":"https:\/\/www.malinashop.lt\/lt_lt\/wp-json\/wp\/v2\/product\/71818\/revisions"}],"predecessor-version":[{"id":71821,"href":"https:\/\/www.malinashop.lt\/lt_lt\/wp-json\/wp\/v2\/product\/71818\/revisions\/71821"}],"wp:featuredmedia":[{"embeddable":true,"href":"https:\/\/www.malinashop.lt\/lt_lt\/wp-json\/wp\/v2\/media\/71820"}],"wp:attachment":[{"href":"https:\/\/www.malinashop.lt\/lt_lt\/wp-json\/wp\/v2\/media?parent=71818"}],"wp:term":[{"taxonomy":"product_brand","embeddable":true,"href":"https:\/\/www.malinashop.lt\/lt_lt\/wp-json\/wp\/v2\/product_brand?post=71818"},{"taxonomy":"product_cat","embeddable":true,"href":"https:\/\/www.malinashop.lt\/lt_lt\/wp-json\/wp\/v2\/product_cat?post=71818"},{"taxonomy":"product_tag","embeddable":true,"href":"https:\/\/www.malinashop.lt\/lt_lt\/wp-json\/wp\/v2\/product_tag?post=71818"}],"curies":[{"name":"wp","href":"https:\/\/api.w.org\/{rel}","templated":true}]}}