{"id":71814,"date":"2025-12-02T23:46:44","date_gmt":"2025-12-02T20:46:44","guid":{"rendered":"https:\/\/malinashop.lt\/?post_type=product&#038;p=71814"},"modified":"2026-04-13T22:35:27","modified_gmt":"2026-04-13T19:35:27","slug":"agiva-plauku-serumas-caffeine-ginseng-100-ml","status":"publish","type":"product","link":"https:\/\/www.malinashop.lt\/lt_lt\/shop\/agiva-plauku-serumas-caffeine-ginseng-100-ml\/","title":{"rendered":"AGIVA plauk\u0173 serumas CAFFEINE GINSENG, 100 ml"},"content":{"rendered":"<p data-start=\"252\" data-end=\"562\">AGIVA plauk\u0173 serumas CAFFEINE GINSENG sukurtas specialiai silpniems, plon\u0117jantiems ir slinkti linkusiems plaukams. Jo formul\u0117je derinamas <strong data-start=\"413\" data-end=\"436\">kofeino ir \u017een\u0161enio<\/strong> kompleksas, kuris padeda suteikti plaukams daugiau gyvybingumo, sustiprinti j\u0173 strukt\u016br\u0105 ir vizualiai pagerinti plauk\u0173 b\u016bkl\u0119.<\/p>\n<p data-start=\"564\" data-end=\"866\"><strong data-start=\"564\" data-end=\"576\">Kofeinas<\/strong> tonizuoja ir stimuliuoja, padeda sustiprinti silpnus, pavargusius plaukus bei suteikia jiems daugiau energijos ir gyvyb\u0117s.<br data-start=\"699\" data-end=\"702\" \/><strong data-start=\"702\" data-end=\"714\">\u017den\u0161enis<\/strong> \u017einomas d\u0117l stiprinan\u010di\u0173 ir atgaivinan\u010di\u0173 savybi\u0173 \u2013 jis padeda pagerinti plauk\u0173 i\u0161vaizd\u0105, padaro juos elastingesnius ir atsparesnius i\u0161or\u0117s veiksniams.<\/p>\n<p data-start=\"868\" data-end=\"1183\">Serumas padeda <strong data-start=\"883\" data-end=\"913\">atkurti pa\u017eeistus galiukus<\/strong>, glotnina plauk\u0173 pavir\u0161i\u0173, ma\u017eina \u0161iurk\u0161tum\u0105 ir \u0161iau\u0161im\u0105si. Plaukai tampa \u0161velnesni, lengviau \u0161ukuojami ir vizualiai tankesni. Lengva tekst\u016bra <strong data-start=\"1057\" data-end=\"1079\">neapsunkina plauk\u0173<\/strong>, tod\u0117l priemon\u0117 tinkama kasdieniam naudojimui tiek tiesiems, tiek banguotiems ar garbanotiems plaukams.<\/p>\n<p data-start=\"1185\" data-end=\"1218\">Reguliariai naudojant, plaukai:<\/p>\n<ul data-start=\"1219\" data-end=\"1409\">\n<li data-start=\"1219\" data-end=\"1260\">\n<p data-start=\"1221\" data-end=\"1260\">atrodo <strong data-start=\"1228\" data-end=\"1257\">stipresni ir gyvybingesni<\/strong>,<\/p>\n<\/li>\n<li data-start=\"1261\" data-end=\"1299\">\n<p data-start=\"1263\" data-end=\"1299\">tampa <strong data-start=\"1269\" data-end=\"1296\">glotnesni ir mink\u0161tesni<\/strong>,<\/p>\n<\/li>\n<li data-start=\"1300\" data-end=\"1343\">\n<p data-start=\"1302\" data-end=\"1343\">pa\u017eeisti galiukai vizualiai sutvarkomi,<\/p>\n<\/li>\n<li data-start=\"1344\" data-end=\"1409\">\n<p data-start=\"1346\" data-end=\"1409\">slinkti link\u0119 plaukai gauna papildom\u0105 <strong data-start=\"1384\" data-end=\"1408\">stiprinam\u0105j\u012f poveik\u012f<\/strong>.<\/p>\n<\/li>\n<\/ul>\n<p data-start=\"1411\" data-end=\"1507\">Tinka naudoti tiek vienam, tiek kartu su kitomis stiprinamosiomis plauk\u0173 prie\u017ei\u016bros priemon\u0117mis.<\/p>\n<p data-start=\"1509\" data-end=\"1538\"><strong data-start=\"1509\" data-end=\"1536\">Pagrindiniai privalumai<\/strong><\/p>\n<ul data-start=\"1539\" data-end=\"1796\">\n<li data-start=\"1539\" data-end=\"1588\">\n<p data-start=\"1541\" data-end=\"1588\">Stiprina silpnus ir slinkti linkusius plaukus<\/p>\n<\/li>\n<li data-start=\"1589\" data-end=\"1633\">\n<p data-start=\"1591\" data-end=\"1633\">Padeda atkurti pa\u017eeistus plauk\u0173 galiukus<\/p>\n<\/li>\n<li data-start=\"1634\" data-end=\"1689\">\n<p data-start=\"1636\" data-end=\"1689\">Suteikia plaukams glotnumo, \u0161velnumo ir elastingumo<\/p>\n<\/li>\n<li data-start=\"1690\" data-end=\"1748\">\n<p data-start=\"1692\" data-end=\"1748\">Atgaivina pavargusius, gyvybingum\u0105 praradusius plaukus<\/p>\n<\/li>\n<li data-start=\"1749\" data-end=\"1796\">\n<p data-start=\"1751\" data-end=\"1796\">Neapsunkina, tinkamas kasdieniam naudojimui<\/p>\n<\/li>\n<\/ul>\n<p data-start=\"1798\" data-end=\"2062\"><strong data-start=\"1798\" data-end=\"1812\">Naudojimas<\/strong><br data-start=\"1812\" data-end=\"1815\" \/>Nedidel\u012f serumo kiek\u012f paskirstykite tarp deln\u0173 ir \u0161velniai \u012ftrinkite \u012f dr\u0117gn\u0173 arba saus\u0173 plauk\u0173 ilg\u012f ir galiukus. Nenuskalaukite.<br data-start=\"1944\" data-end=\"1947\" \/>Geriausiems rezultatams pasiekti naudokite reguliariai, ypa\u010d jei plaukai link\u0119 slinkti, l\u016b\u017ein\u0117ti ar atrodo pavarg\u0119.<\/p>\n<p data-start=\"2064\" data-end=\"2082\"><strong data-start=\"2064\" data-end=\"2074\">Talpa:<\/strong> 100 ml.<\/p>\n","protected":false},"excerpt":{"rendered":"<p>AGIVA CAFFEINE GINSENG \u2013 stiprinantis plauk\u0173 serumas silpniems ir slinkti linkusiems plaukams, su kofeinu ir \u017een\u0161eniu, suteikiantis plaukams gyvybingumo, glotnumo ir \u0161velnumo.<\/p>\n","protected":false},"featured_media":71815,"template":"","meta":[],"product_brand":[1357],"product_cat":[711,516],"product_tag":[1582],"class_list":{"0":"post-71814","1":"product","2":"type-product","3":"status-publish","4":"has-post-thumbnail","6":"product_brand-agiva","7":"product_cat-plaukams","8":"product_cat-plauku-aliejai-serumai-pilingas","9":"product_tag-agiva","11":"first","12":"outofstock","13":"sale","14":"taxable","15":"shipping-taxable","16":"purchasable","17":"product-type-simple"},"yoast_head":"<!-- This site is optimized with the Yoast SEO plugin v27.4 - https:\/\/yoast.com\/product\/yoast-seo-wordpress\/ -->\n<title>AGIVA plauk\u0173 serumas CAFFEINE GINSENG, 100 ml - MalinaShop.lt J\u016bs\u0173 sveikatai ir gro\u017eiui.<\/title>\n<meta name=\"description\" content=\"AGIVA CAFFEINE GINSENG serumas silpniems, slinkti linkusiems plaukams \u2013 stiprina, glotnina, atgaivina ir suteikia plaukams daugiau gyvybingumo bei \u0161velnumo.\" \/>\n<meta name=\"robots\" content=\"index, follow, max-snippet:-1, max-image-preview:large, max-video-preview:-1\" \/>\n<link rel=\"canonical\" href=\"https:\/\/www.malinashop.lt\/lt_lt\/shop\/agiva-plauku-serumas-caffeine-ginseng-100-ml\/\" \/>\n<meta property=\"og:locale\" content=\"lt_LT\" \/>\n<meta property=\"og:type\" content=\"article\" \/>\n<meta property=\"og:title\" content=\"AGIVA plauk\u0173 serumas CAFFEINE GINSENG, 100 ml - MalinaShop.lt J\u016bs\u0173 sveikatai ir gro\u017eiui.\" \/>\n<meta property=\"og:description\" content=\"AGIVA CAFFEINE GINSENG serumas silpniems, slinkti linkusiems plaukams \u2013 stiprina, glotnina, atgaivina ir suteikia plaukams daugiau gyvybingumo bei \u0161velnumo.\" \/>\n<meta property=\"og:url\" content=\"https:\/\/www.malinashop.lt\/lt_lt\/shop\/agiva-plauku-serumas-caffeine-ginseng-100-ml\/\" \/>\n<meta property=\"og:site_name\" content=\"MalinaShop.lt J\u016bs\u0173 sveikatai ir gro\u017eiui.\" \/>\n<meta property=\"article:modified_time\" content=\"2026-04-13T19:35:27+00:00\" \/>\n<meta property=\"og:image\" content=\"https:\/\/www.malinashop.lt\/wp-content\/uploads\/2025\/12\/AGIVA-plauku-serumas-CAFFEINE-GINSENG-100-ml.webp\" \/>\n\t<meta property=\"og:image:width\" content=\"990\" \/>\n\t<meta property=\"og:image:height\" content=\"990\" \/>\n\t<meta property=\"og:image:type\" content=\"image\/webp\" \/>\n<meta name=\"twitter:card\" content=\"summary_large_image\" \/>\n<script type=\"application\/ld+json\" class=\"yoast-schema-graph\">{\"@context\":\"https:\\\/\\\/schema.org\",\"@graph\":[{\"@type\":\"WebPage\",\"@id\":\"https:\\\/\\\/www.malinashop.lt\\\/lt_lt\\\/shop\\\/agiva-plauku-serumas-caffeine-ginseng-100-ml\\\/\",\"url\":\"https:\\\/\\\/www.malinashop.lt\\\/lt_lt\\\/shop\\\/agiva-plauku-serumas-caffeine-ginseng-100-ml\\\/\",\"name\":\"AGIVA plauk\u0173 serumas CAFFEINE GINSENG, 100 ml - MalinaShop.lt J\u016bs\u0173 sveikatai ir gro\u017eiui.\",\"isPartOf\":{\"@id\":\"https:\\\/\\\/www.malinashop.lt\\\/#website\"},\"primaryImageOfPage\":{\"@id\":\"https:\\\/\\\/www.malinashop.lt\\\/lt_lt\\\/shop\\\/agiva-plauku-serumas-caffeine-ginseng-100-ml\\\/#primaryimage\"},\"image\":{\"@id\":\"https:\\\/\\\/www.malinashop.lt\\\/lt_lt\\\/shop\\\/agiva-plauku-serumas-caffeine-ginseng-100-ml\\\/#primaryimage\"},\"thumbnailUrl\":\"https:\\\/\\\/www.malinashop.lt\\\/wp-content\\\/uploads\\\/2025\\\/12\\\/AGIVA-plauku-serumas-CAFFEINE-GINSENG-100-ml.webp\",\"datePublished\":\"2025-12-02T20:46:44+00:00\",\"dateModified\":\"2026-04-13T19:35:27+00:00\",\"description\":\"AGIVA CAFFEINE GINSENG serumas silpniems, slinkti linkusiems plaukams \u2013 stiprina, glotnina, atgaivina ir suteikia plaukams daugiau gyvybingumo bei \u0161velnumo.\",\"breadcrumb\":{\"@id\":\"https:\\\/\\\/www.malinashop.lt\\\/lt_lt\\\/shop\\\/agiva-plauku-serumas-caffeine-ginseng-100-ml\\\/#breadcrumb\"},\"inLanguage\":\"lt-LT\",\"potentialAction\":[{\"@type\":\"ReadAction\",\"target\":[\"https:\\\/\\\/www.malinashop.lt\\\/lt_lt\\\/shop\\\/agiva-plauku-serumas-caffeine-ginseng-100-ml\\\/\"]}]},{\"@type\":\"ImageObject\",\"inLanguage\":\"lt-LT\",\"@id\":\"https:\\\/\\\/www.malinashop.lt\\\/lt_lt\\\/shop\\\/agiva-plauku-serumas-caffeine-ginseng-100-ml\\\/#primaryimage\",\"url\":\"https:\\\/\\\/www.malinashop.lt\\\/wp-content\\\/uploads\\\/2025\\\/12\\\/AGIVA-plauku-serumas-CAFFEINE-GINSENG-100-ml.webp\",\"contentUrl\":\"https:\\\/\\\/www.malinashop.lt\\\/wp-content\\\/uploads\\\/2025\\\/12\\\/AGIVA-plauku-serumas-CAFFEINE-GINSENG-100-ml.webp\",\"width\":990,\"height\":990},{\"@type\":\"BreadcrumbList\",\"@id\":\"https:\\\/\\\/www.malinashop.lt\\\/lt_lt\\\/shop\\\/agiva-plauku-serumas-caffeine-ginseng-100-ml\\\/#breadcrumb\",\"itemListElement\":[{\"@type\":\"ListItem\",\"position\":1,\"name\":\"Pagrindinis\",\"item\":\"https:\\\/\\\/www.malinashop.lt\\\/\"},{\"@type\":\"ListItem\",\"position\":2,\"name\":\"Parduotuv\u0117\",\"item\":\"https:\\\/\\\/www.malinashop.lt\\\/en\\\/parduotuve\\\/\"},{\"@type\":\"ListItem\",\"position\":3,\"name\":\"AGIVA plauk\u0173 serumas CAFFEINE GINSENG, 100 ml\"}]},{\"@type\":\"WebSite\",\"@id\":\"https:\\\/\\\/www.malinashop.lt\\\/#website\",\"url\":\"https:\\\/\\\/www.malinashop.lt\\\/\",\"name\":\"COM Group Ecommerce\",\"description\":\"MalinaShop.lt - Gro\u017eio ir sveikatos produktai i\u0161 patikim\u0173 preki\u0173 \u017eenkl\u0173. Atraskite auk\u0161tos kokyb\u0117s kosmetik\u0105 u\u017e puiki\u0105 kain\u0105.\",\"publisher\":{\"@id\":\"https:\\\/\\\/www.malinashop.lt\\\/#organization\"},\"potentialAction\":[{\"@type\":\"SearchAction\",\"target\":{\"@type\":\"EntryPoint\",\"urlTemplate\":\"https:\\\/\\\/www.malinashop.lt\\\/?s={search_term_string}\"},\"query-input\":{\"@type\":\"PropertyValueSpecification\",\"valueRequired\":true,\"valueName\":\"search_term_string\"}}],\"inLanguage\":\"lt-LT\"},{\"@type\":\"Organization\",\"@id\":\"https:\\\/\\\/www.malinashop.lt\\\/#organization\",\"name\":\"COM Group Ecommerce\",\"url\":\"https:\\\/\\\/www.malinashop.lt\\\/\",\"logo\":{\"@type\":\"ImageObject\",\"inLanguage\":\"lt-LT\",\"@id\":\"https:\\\/\\\/www.malinashop.lt\\\/#\\\/schema\\\/logo\\\/image\\\/\",\"url\":\"https:\\\/\\\/www.malinashop.lt\\\/wp-content\\\/uploads\\\/2024\\\/08\\\/462559670_3787732518133670_9795632669273463_n-e1731525914575.png\",\"contentUrl\":\"https:\\\/\\\/www.malinashop.lt\\\/wp-content\\\/uploads\\\/2024\\\/08\\\/462559670_3787732518133670_9795632669273463_n-e1731525914575.png\",\"width\":180,\"height\":60,\"caption\":\"COM Group Ecommerce\"},\"image\":{\"@id\":\"https:\\\/\\\/www.malinashop.lt\\\/#\\\/schema\\\/logo\\\/image\\\/\"}}]}<\/script>\n<!-- \/ Yoast SEO plugin. -->","yoast_head_json":{"title":"AGIVA plauk\u0173 serumas CAFFEINE GINSENG, 100 ml - MalinaShop.lt J\u016bs\u0173 sveikatai ir gro\u017eiui.","description":"AGIVA CAFFEINE GINSENG serumas silpniems, slinkti linkusiems plaukams \u2013 stiprina, glotnina, atgaivina ir suteikia plaukams daugiau gyvybingumo bei \u0161velnumo.","robots":{"index":"index","follow":"follow","max-snippet":"max-snippet:-1","max-image-preview":"max-image-preview:large","max-video-preview":"max-video-preview:-1"},"canonical":"https:\/\/www.malinashop.lt\/lt_lt\/shop\/agiva-plauku-serumas-caffeine-ginseng-100-ml\/","og_locale":"lt_LT","og_type":"article","og_title":"AGIVA plauk\u0173 serumas CAFFEINE GINSENG, 100 ml - MalinaShop.lt J\u016bs\u0173 sveikatai ir gro\u017eiui.","og_description":"AGIVA CAFFEINE GINSENG serumas silpniems, slinkti linkusiems plaukams \u2013 stiprina, glotnina, atgaivina ir suteikia plaukams daugiau gyvybingumo bei \u0161velnumo.","og_url":"https:\/\/www.malinashop.lt\/lt_lt\/shop\/agiva-plauku-serumas-caffeine-ginseng-100-ml\/","og_site_name":"MalinaShop.lt J\u016bs\u0173 sveikatai ir gro\u017eiui.","article_modified_time":"2026-04-13T19:35:27+00:00","og_image":[{"width":990,"height":990,"url":"https:\/\/www.malinashop.lt\/wp-content\/uploads\/2025\/12\/AGIVA-plauku-serumas-CAFFEINE-GINSENG-100-ml.webp","type":"image\/webp"}],"twitter_card":"summary_large_image","schema":{"@context":"https:\/\/schema.org","@graph":[{"@type":"WebPage","@id":"https:\/\/www.malinashop.lt\/lt_lt\/shop\/agiva-plauku-serumas-caffeine-ginseng-100-ml\/","url":"https:\/\/www.malinashop.lt\/lt_lt\/shop\/agiva-plauku-serumas-caffeine-ginseng-100-ml\/","name":"AGIVA plauk\u0173 serumas CAFFEINE GINSENG, 100 ml - MalinaShop.lt J\u016bs\u0173 sveikatai ir gro\u017eiui.","isPartOf":{"@id":"https:\/\/www.malinashop.lt\/#website"},"primaryImageOfPage":{"@id":"https:\/\/www.malinashop.lt\/lt_lt\/shop\/agiva-plauku-serumas-caffeine-ginseng-100-ml\/#primaryimage"},"image":{"@id":"https:\/\/www.malinashop.lt\/lt_lt\/shop\/agiva-plauku-serumas-caffeine-ginseng-100-ml\/#primaryimage"},"thumbnailUrl":"https:\/\/www.malinashop.lt\/wp-content\/uploads\/2025\/12\/AGIVA-plauku-serumas-CAFFEINE-GINSENG-100-ml.webp","datePublished":"2025-12-02T20:46:44+00:00","dateModified":"2026-04-13T19:35:27+00:00","description":"AGIVA CAFFEINE GINSENG serumas silpniems, slinkti linkusiems plaukams \u2013 stiprina, glotnina, atgaivina ir suteikia plaukams daugiau gyvybingumo bei \u0161velnumo.","breadcrumb":{"@id":"https:\/\/www.malinashop.lt\/lt_lt\/shop\/agiva-plauku-serumas-caffeine-ginseng-100-ml\/#breadcrumb"},"inLanguage":"lt-LT","potentialAction":[{"@type":"ReadAction","target":["https:\/\/www.malinashop.lt\/lt_lt\/shop\/agiva-plauku-serumas-caffeine-ginseng-100-ml\/"]}]},{"@type":"ImageObject","inLanguage":"lt-LT","@id":"https:\/\/www.malinashop.lt\/lt_lt\/shop\/agiva-plauku-serumas-caffeine-ginseng-100-ml\/#primaryimage","url":"https:\/\/www.malinashop.lt\/wp-content\/uploads\/2025\/12\/AGIVA-plauku-serumas-CAFFEINE-GINSENG-100-ml.webp","contentUrl":"https:\/\/www.malinashop.lt\/wp-content\/uploads\/2025\/12\/AGIVA-plauku-serumas-CAFFEINE-GINSENG-100-ml.webp","width":990,"height":990},{"@type":"BreadcrumbList","@id":"https:\/\/www.malinashop.lt\/lt_lt\/shop\/agiva-plauku-serumas-caffeine-ginseng-100-ml\/#breadcrumb","itemListElement":[{"@type":"ListItem","position":1,"name":"Pagrindinis","item":"https:\/\/www.malinashop.lt\/"},{"@type":"ListItem","position":2,"name":"Parduotuv\u0117","item":"https:\/\/www.malinashop.lt\/en\/parduotuve\/"},{"@type":"ListItem","position":3,"name":"AGIVA plauk\u0173 serumas CAFFEINE GINSENG, 100 ml"}]},{"@type":"WebSite","@id":"https:\/\/www.malinashop.lt\/#website","url":"https:\/\/www.malinashop.lt\/","name":"COM Group Ecommerce","description":"MalinaShop.lt - Gro\u017eio ir sveikatos produktai i\u0161 patikim\u0173 preki\u0173 \u017eenkl\u0173. Atraskite auk\u0161tos kokyb\u0117s kosmetik\u0105 u\u017e puiki\u0105 kain\u0105.","publisher":{"@id":"https:\/\/www.malinashop.lt\/#organization"},"potentialAction":[{"@type":"SearchAction","target":{"@type":"EntryPoint","urlTemplate":"https:\/\/www.malinashop.lt\/?s={search_term_string}"},"query-input":{"@type":"PropertyValueSpecification","valueRequired":true,"valueName":"search_term_string"}}],"inLanguage":"lt-LT"},{"@type":"Organization","@id":"https:\/\/www.malinashop.lt\/#organization","name":"COM Group Ecommerce","url":"https:\/\/www.malinashop.lt\/","logo":{"@type":"ImageObject","inLanguage":"lt-LT","@id":"https:\/\/www.malinashop.lt\/#\/schema\/logo\/image\/","url":"https:\/\/www.malinashop.lt\/wp-content\/uploads\/2024\/08\/462559670_3787732518133670_9795632669273463_n-e1731525914575.png","contentUrl":"https:\/\/www.malinashop.lt\/wp-content\/uploads\/2024\/08\/462559670_3787732518133670_9795632669273463_n-e1731525914575.png","width":180,"height":60,"caption":"COM Group Ecommerce"},"image":{"@id":"https:\/\/www.malinashop.lt\/#\/schema\/logo\/image\/"}}]}},"jetpack_sharing_enabled":true,"_links":{"self":[{"href":"https:\/\/www.malinashop.lt\/lt_lt\/wp-json\/wp\/v2\/product\/71814","targetHints":{"allow":["GET"]}}],"collection":[{"href":"https:\/\/www.malinashop.lt\/lt_lt\/wp-json\/wp\/v2\/product"}],"about":[{"href":"https:\/\/www.malinashop.lt\/lt_lt\/wp-json\/wp\/v2\/types\/product"}],"version-history":[{"count":3,"href":"https:\/\/www.malinashop.lt\/lt_lt\/wp-json\/wp\/v2\/product\/71814\/revisions"}],"predecessor-version":[{"id":76372,"href":"https:\/\/www.malinashop.lt\/lt_lt\/wp-json\/wp\/v2\/product\/71814\/revisions\/76372"}],"wp:featuredmedia":[{"embeddable":true,"href":"https:\/\/www.malinashop.lt\/lt_lt\/wp-json\/wp\/v2\/media\/71815"}],"wp:attachment":[{"href":"https:\/\/www.malinashop.lt\/lt_lt\/wp-json\/wp\/v2\/media?parent=71814"}],"wp:term":[{"taxonomy":"product_brand","embeddable":true,"href":"https:\/\/www.malinashop.lt\/lt_lt\/wp-json\/wp\/v2\/product_brand?post=71814"},{"taxonomy":"product_cat","embeddable":true,"href":"https:\/\/www.malinashop.lt\/lt_lt\/wp-json\/wp\/v2\/product_cat?post=71814"},{"taxonomy":"product_tag","embeddable":true,"href":"https:\/\/www.malinashop.lt\/lt_lt\/wp-json\/wp\/v2\/product_tag?post=71814"}],"curies":[{"name":"wp","href":"https:\/\/api.w.org\/{rel}","templated":true}]}}