{"id":71811,"date":"2025-12-02T23:44:46","date_gmt":"2025-12-02T20:44:46","guid":{"rendered":"https:\/\/malinashop.lt\/?post_type=product&#038;p=71811"},"modified":"2026-04-13T22:35:27","modified_gmt":"2026-04-13T19:35:27","slug":"agiva-plauku-serumas-ylang-ylang-liposomed-c-100-ml","status":"publish","type":"product","link":"https:\/\/www.malinashop.lt\/lt_lt\/shop\/agiva-plauku-serumas-ylang-ylang-liposomed-c-100-ml\/","title":{"rendered":"AGIVA plauk\u0173 serumas YLANG YLANG LIPOSOMED C, 100 ml"},"content":{"rendered":"<p data-start=\"252\" data-end=\"629\">AGIVA plauk\u0173 serumas YLANG YLANG LIPOSOMED C sukurtas specialiai labai pa\u017eeistiems, silpniems, sausiems ir skilin\u0117jantiems plaukams. Pa\u017eangi formul\u0117 su <strong data-start=\"427\" data-end=\"442\">liposomomis<\/strong> ir <strong data-start=\"446\" data-end=\"471\">ylang-ylang ekstraktu<\/strong> intensyviai veikia plauk\u0173 ilg\u012f ir galiukus, padeda atkurti j\u0173 strukt\u016br\u0105, suma\u017einti \u0161iau\u0161im\u0105si ir apsaugoti nuo \u017ealingo kar\u0161\u010dio poveikio formuojant \u0161ukuosen\u0105.<\/p>\n<p data-start=\"631\" data-end=\"932\">Liposomos pagerina veikli\u0173j\u0173 med\u017eiag\u0173 \u012fsiskverbim\u0105 \u012f plauko strukt\u016br\u0105, tod\u0117l serumas efektyviai <strong data-start=\"727\" data-end=\"752\">glotnina ir mink\u0161tina<\/strong> plaukus, neapsunkindamas j\u0173. Ylang-ylang ekstraktas padeda suteikti plaukams \u0161velnumo, elastingumo ir nat\u016bralaus \u017evilgesio, o plauk\u0173 pavir\u0161ius tampa lygesnis ir malonesnis liesti.<\/p>\n<p data-start=\"934\" data-end=\"1255\">Serumas sukuria <strong data-start=\"950\" data-end=\"972\">apsaugin\u012f sluoksn\u012f<\/strong>, kuris padeda suma\u017einti auk\u0161tos temperat\u016bros (plauk\u0173 tiesinimo, garbanojimo, d\u017eiovinimo) \u017eal\u0105, saugo nuo i\u0161saus\u0117jimo ir l\u016b\u017ein\u0117jimo. Priemon\u0117 lengvai pasiskirsto, nepalieka riebumo ar lipnumo, tod\u0117l tinka naudoti tiek prie\u0161 formavim\u0105, tiek kaip u\u017ebaigimo priemon\u0119 glotnumui suteikti.<\/p>\n<p data-start=\"1257\" data-end=\"1296\">Reguliariai naudojant, plaukai tampa:<\/p>\n<ul data-start=\"1297\" data-end=\"1489\">\n<li data-start=\"1297\" data-end=\"1336\">\n<p data-start=\"1299\" data-end=\"1336\">vizualiai <strong data-start=\"1309\" data-end=\"1333\">glotnesni ir lygesni<\/strong>,<\/p>\n<\/li>\n<li data-start=\"1337\" data-end=\"1375\">\n<p data-start=\"1339\" data-end=\"1375\"><strong data-start=\"1339\" data-end=\"1372\">\u0161velnesni ir lengviau valdomi<\/strong>,<\/p>\n<\/li>\n<li data-start=\"1376\" data-end=\"1445\">\n<p data-start=\"1378\" data-end=\"1445\"><strong data-start=\"1378\" data-end=\"1405\">\u017evilgantys ir apsaugoti<\/strong> nuo i\u0161saus\u0117jimo bei kar\u0161\u010dio poveikio,<\/p>\n<\/li>\n<li data-start=\"1446\" data-end=\"1489\">\n<p data-start=\"1448\" data-end=\"1489\">ma\u017eiau \u0161iau\u0161iasi ir skilin\u0117ja galiukai.<\/p>\n<\/li>\n<\/ul>\n<p data-start=\"1491\" data-end=\"1589\">Tinka vis\u0173 tip\u0173 plaukams, ypa\u010d pa\u017eeistiems, sausiems, da\u017eytiems, linkusiems l\u016b\u017ein\u0117ti ir skilin\u0117ti.<\/p>\n<p data-start=\"1591\" data-end=\"1620\"><strong data-start=\"1591\" data-end=\"1618\">Pagrindiniai privalumai<\/strong><\/p>\n<ul data-start=\"1621\" data-end=\"1894\">\n<li data-start=\"1621\" data-end=\"1676\">\n<p data-start=\"1623\" data-end=\"1676\">Atkuria pa\u017eeistus ir skilin\u0117jan\u010dius plauk\u0173 galiukus<\/p>\n<\/li>\n<li data-start=\"1677\" data-end=\"1729\">\n<p data-start=\"1679\" data-end=\"1729\">Glotnina ir mink\u0161tina plaukus, ma\u017eina \u0161iau\u0161im\u0105si<\/p>\n<\/li>\n<li data-start=\"1730\" data-end=\"1773\">\n<p data-start=\"1732\" data-end=\"1773\">Suteikia plaukams \u017evilgesio ir \u0161velnumo<\/p>\n<\/li>\n<li data-start=\"1774\" data-end=\"1840\">\n<p data-start=\"1776\" data-end=\"1840\">Padeda apsaugoti nuo auk\u0161tos temperat\u016bros formuojant \u0161ukuosen\u0105<\/p>\n<\/li>\n<li data-start=\"1841\" data-end=\"1894\">\n<p data-start=\"1843\" data-end=\"1894\">Lengva tekst\u016bra \u2013 neapsunkina ir neriebina plauk\u0173<\/p>\n<\/li>\n<\/ul>\n<p data-start=\"1896\" data-end=\"2231\"><strong data-start=\"1896\" data-end=\"1910\">Naudojimas<\/strong><br data-start=\"1910\" data-end=\"1913\" \/>Nedidel\u012f serumo kiek\u012f paskirstykite tarp deln\u0173 ir \u0161velniai \u012ftrinkite \u012f dr\u0117gn\u0173 arba saus\u0173 plauk\u0173 ilg\u012f ir galiukus. Nenuskalaukite.<br data-start=\"2042\" data-end=\"2045\" \/>Naudokite prie\u0161 formuojant kar\u0161tais prietaisais arba kaip kasdien\u0119 prie\u017ei\u016bros priemon\u0119 glotnumui ir apsaugai palaikyti. Geriausiam rezultatui pasiekti rekomenduojama naudoti reguliariai.<\/p>\n<p data-start=\"2233\" data-end=\"2251\"><strong data-start=\"2233\" data-end=\"2243\">Talpa:<\/strong> 100 ml.<\/p>\n","protected":false},"excerpt":{"rendered":"<p>AGIVA YLANG YLANG LIPOSOMED C \u2013 atkuriamasis plauk\u0173 serumas labai pa\u017eeistiems ir susilpn\u0117jusiems plaukams, glotnina galiukus, suteikia \u017evilgesio ir apsaugo nuo kar\u0161\u010dio.<\/p>\n","protected":false},"featured_media":71812,"template":"","meta":[],"product_brand":[1357],"product_cat":[711,516],"product_tag":[1582],"class_list":{"0":"post-71811","1":"product","2":"type-product","3":"status-publish","4":"has-post-thumbnail","6":"product_brand-agiva","7":"product_cat-plaukams","8":"product_cat-plauku-aliejai-serumai-pilingas","9":"product_tag-agiva","11":"first","12":"outofstock","13":"sale","14":"taxable","15":"shipping-taxable","16":"purchasable","17":"product-type-simple"},"yoast_head":"<!-- This site is optimized with the Yoast SEO plugin v27.4 - https:\/\/yoast.com\/product\/yoast-seo-wordpress\/ -->\n<title>AGIVA plauk\u0173 serumas YLANG YLANG LIPOSOMED C, 100 ml - MalinaShop.lt J\u016bs\u0173 sveikatai ir gro\u017eiui.<\/title>\n<meta name=\"description\" content=\"AGIVA YLANG YLANG LIPOSOMED C serumas pa\u017eeistiems plaukams \u2013 atkuria galiukus, glotnina, suteikia \u017evilgesio ir apsaugo nuo kar\u0161\u010dio poveikio.\" \/>\n<meta name=\"robots\" content=\"index, follow, max-snippet:-1, max-image-preview:large, max-video-preview:-1\" \/>\n<link rel=\"canonical\" href=\"https:\/\/www.malinashop.lt\/lt_lt\/shop\/agiva-plauku-serumas-ylang-ylang-liposomed-c-100-ml\/\" \/>\n<meta property=\"og:locale\" content=\"lt_LT\" \/>\n<meta property=\"og:type\" content=\"article\" \/>\n<meta property=\"og:title\" content=\"AGIVA plauk\u0173 serumas YLANG YLANG LIPOSOMED C, 100 ml - MalinaShop.lt J\u016bs\u0173 sveikatai ir gro\u017eiui.\" \/>\n<meta property=\"og:description\" content=\"AGIVA YLANG YLANG LIPOSOMED C serumas pa\u017eeistiems plaukams \u2013 atkuria galiukus, glotnina, suteikia \u017evilgesio ir apsaugo nuo kar\u0161\u010dio poveikio.\" \/>\n<meta property=\"og:url\" content=\"https:\/\/www.malinashop.lt\/lt_lt\/shop\/agiva-plauku-serumas-ylang-ylang-liposomed-c-100-ml\/\" \/>\n<meta property=\"og:site_name\" content=\"MalinaShop.lt J\u016bs\u0173 sveikatai ir gro\u017eiui.\" \/>\n<meta property=\"article:modified_time\" content=\"2026-04-13T19:35:27+00:00\" \/>\n<meta property=\"og:image\" content=\"https:\/\/www.malinashop.lt\/wp-content\/uploads\/2025\/12\/AGIVA-plauku-serumas-YLANG-YLANG-LIPOSOMED-C-100-ml.webp\" \/>\n\t<meta property=\"og:image:width\" content=\"990\" \/>\n\t<meta property=\"og:image:height\" content=\"990\" \/>\n\t<meta property=\"og:image:type\" content=\"image\/webp\" \/>\n<meta name=\"twitter:card\" content=\"summary_large_image\" \/>\n<script type=\"application\/ld+json\" class=\"yoast-schema-graph\">{\"@context\":\"https:\\\/\\\/schema.org\",\"@graph\":[{\"@type\":\"WebPage\",\"@id\":\"https:\\\/\\\/www.malinashop.lt\\\/lt_lt\\\/shop\\\/agiva-plauku-serumas-ylang-ylang-liposomed-c-100-ml\\\/\",\"url\":\"https:\\\/\\\/www.malinashop.lt\\\/lt_lt\\\/shop\\\/agiva-plauku-serumas-ylang-ylang-liposomed-c-100-ml\\\/\",\"name\":\"AGIVA plauk\u0173 serumas YLANG YLANG LIPOSOMED C, 100 ml - MalinaShop.lt J\u016bs\u0173 sveikatai ir gro\u017eiui.\",\"isPartOf\":{\"@id\":\"https:\\\/\\\/www.malinashop.lt\\\/#website\"},\"primaryImageOfPage\":{\"@id\":\"https:\\\/\\\/www.malinashop.lt\\\/lt_lt\\\/shop\\\/agiva-plauku-serumas-ylang-ylang-liposomed-c-100-ml\\\/#primaryimage\"},\"image\":{\"@id\":\"https:\\\/\\\/www.malinashop.lt\\\/lt_lt\\\/shop\\\/agiva-plauku-serumas-ylang-ylang-liposomed-c-100-ml\\\/#primaryimage\"},\"thumbnailUrl\":\"https:\\\/\\\/www.malinashop.lt\\\/wp-content\\\/uploads\\\/2025\\\/12\\\/AGIVA-plauku-serumas-YLANG-YLANG-LIPOSOMED-C-100-ml.webp\",\"datePublished\":\"2025-12-02T20:44:46+00:00\",\"dateModified\":\"2026-04-13T19:35:27+00:00\",\"description\":\"AGIVA YLANG YLANG LIPOSOMED C serumas pa\u017eeistiems plaukams \u2013 atkuria galiukus, glotnina, suteikia \u017evilgesio ir apsaugo nuo kar\u0161\u010dio poveikio.\",\"breadcrumb\":{\"@id\":\"https:\\\/\\\/www.malinashop.lt\\\/lt_lt\\\/shop\\\/agiva-plauku-serumas-ylang-ylang-liposomed-c-100-ml\\\/#breadcrumb\"},\"inLanguage\":\"lt-LT\",\"potentialAction\":[{\"@type\":\"ReadAction\",\"target\":[\"https:\\\/\\\/www.malinashop.lt\\\/lt_lt\\\/shop\\\/agiva-plauku-serumas-ylang-ylang-liposomed-c-100-ml\\\/\"]}]},{\"@type\":\"ImageObject\",\"inLanguage\":\"lt-LT\",\"@id\":\"https:\\\/\\\/www.malinashop.lt\\\/lt_lt\\\/shop\\\/agiva-plauku-serumas-ylang-ylang-liposomed-c-100-ml\\\/#primaryimage\",\"url\":\"https:\\\/\\\/www.malinashop.lt\\\/wp-content\\\/uploads\\\/2025\\\/12\\\/AGIVA-plauku-serumas-YLANG-YLANG-LIPOSOMED-C-100-ml.webp\",\"contentUrl\":\"https:\\\/\\\/www.malinashop.lt\\\/wp-content\\\/uploads\\\/2025\\\/12\\\/AGIVA-plauku-serumas-YLANG-YLANG-LIPOSOMED-C-100-ml.webp\",\"width\":990,\"height\":990},{\"@type\":\"BreadcrumbList\",\"@id\":\"https:\\\/\\\/www.malinashop.lt\\\/lt_lt\\\/shop\\\/agiva-plauku-serumas-ylang-ylang-liposomed-c-100-ml\\\/#breadcrumb\",\"itemListElement\":[{\"@type\":\"ListItem\",\"position\":1,\"name\":\"Pagrindinis\",\"item\":\"https:\\\/\\\/www.malinashop.lt\\\/\"},{\"@type\":\"ListItem\",\"position\":2,\"name\":\"Parduotuv\u0117\",\"item\":\"https:\\\/\\\/www.malinashop.lt\\\/en\\\/parduotuve\\\/\"},{\"@type\":\"ListItem\",\"position\":3,\"name\":\"AGIVA plauk\u0173 serumas YLANG YLANG LIPOSOMED C, 100 ml\"}]},{\"@type\":\"WebSite\",\"@id\":\"https:\\\/\\\/www.malinashop.lt\\\/#website\",\"url\":\"https:\\\/\\\/www.malinashop.lt\\\/\",\"name\":\"COM Group Ecommerce\",\"description\":\"MalinaShop.lt - Gro\u017eio ir sveikatos produktai i\u0161 patikim\u0173 preki\u0173 \u017eenkl\u0173. Atraskite auk\u0161tos kokyb\u0117s kosmetik\u0105 u\u017e puiki\u0105 kain\u0105.\",\"publisher\":{\"@id\":\"https:\\\/\\\/www.malinashop.lt\\\/#organization\"},\"potentialAction\":[{\"@type\":\"SearchAction\",\"target\":{\"@type\":\"EntryPoint\",\"urlTemplate\":\"https:\\\/\\\/www.malinashop.lt\\\/?s={search_term_string}\"},\"query-input\":{\"@type\":\"PropertyValueSpecification\",\"valueRequired\":true,\"valueName\":\"search_term_string\"}}],\"inLanguage\":\"lt-LT\"},{\"@type\":\"Organization\",\"@id\":\"https:\\\/\\\/www.malinashop.lt\\\/#organization\",\"name\":\"COM Group Ecommerce\",\"url\":\"https:\\\/\\\/www.malinashop.lt\\\/\",\"logo\":{\"@type\":\"ImageObject\",\"inLanguage\":\"lt-LT\",\"@id\":\"https:\\\/\\\/www.malinashop.lt\\\/#\\\/schema\\\/logo\\\/image\\\/\",\"url\":\"https:\\\/\\\/www.malinashop.lt\\\/wp-content\\\/uploads\\\/2024\\\/08\\\/462559670_3787732518133670_9795632669273463_n-e1731525914575.png\",\"contentUrl\":\"https:\\\/\\\/www.malinashop.lt\\\/wp-content\\\/uploads\\\/2024\\\/08\\\/462559670_3787732518133670_9795632669273463_n-e1731525914575.png\",\"width\":180,\"height\":60,\"caption\":\"COM Group Ecommerce\"},\"image\":{\"@id\":\"https:\\\/\\\/www.malinashop.lt\\\/#\\\/schema\\\/logo\\\/image\\\/\"}}]}<\/script>\n<!-- \/ Yoast SEO plugin. -->","yoast_head_json":{"title":"AGIVA plauk\u0173 serumas YLANG YLANG LIPOSOMED C, 100 ml - MalinaShop.lt J\u016bs\u0173 sveikatai ir gro\u017eiui.","description":"AGIVA YLANG YLANG LIPOSOMED C serumas pa\u017eeistiems plaukams \u2013 atkuria galiukus, glotnina, suteikia \u017evilgesio ir apsaugo nuo kar\u0161\u010dio poveikio.","robots":{"index":"index","follow":"follow","max-snippet":"max-snippet:-1","max-image-preview":"max-image-preview:large","max-video-preview":"max-video-preview:-1"},"canonical":"https:\/\/www.malinashop.lt\/lt_lt\/shop\/agiva-plauku-serumas-ylang-ylang-liposomed-c-100-ml\/","og_locale":"lt_LT","og_type":"article","og_title":"AGIVA plauk\u0173 serumas YLANG YLANG LIPOSOMED C, 100 ml - MalinaShop.lt J\u016bs\u0173 sveikatai ir gro\u017eiui.","og_description":"AGIVA YLANG YLANG LIPOSOMED C serumas pa\u017eeistiems plaukams \u2013 atkuria galiukus, glotnina, suteikia \u017evilgesio ir apsaugo nuo kar\u0161\u010dio poveikio.","og_url":"https:\/\/www.malinashop.lt\/lt_lt\/shop\/agiva-plauku-serumas-ylang-ylang-liposomed-c-100-ml\/","og_site_name":"MalinaShop.lt J\u016bs\u0173 sveikatai ir gro\u017eiui.","article_modified_time":"2026-04-13T19:35:27+00:00","og_image":[{"width":990,"height":990,"url":"https:\/\/www.malinashop.lt\/wp-content\/uploads\/2025\/12\/AGIVA-plauku-serumas-YLANG-YLANG-LIPOSOMED-C-100-ml.webp","type":"image\/webp"}],"twitter_card":"summary_large_image","schema":{"@context":"https:\/\/schema.org","@graph":[{"@type":"WebPage","@id":"https:\/\/www.malinashop.lt\/lt_lt\/shop\/agiva-plauku-serumas-ylang-ylang-liposomed-c-100-ml\/","url":"https:\/\/www.malinashop.lt\/lt_lt\/shop\/agiva-plauku-serumas-ylang-ylang-liposomed-c-100-ml\/","name":"AGIVA plauk\u0173 serumas YLANG YLANG LIPOSOMED C, 100 ml - MalinaShop.lt J\u016bs\u0173 sveikatai ir gro\u017eiui.","isPartOf":{"@id":"https:\/\/www.malinashop.lt\/#website"},"primaryImageOfPage":{"@id":"https:\/\/www.malinashop.lt\/lt_lt\/shop\/agiva-plauku-serumas-ylang-ylang-liposomed-c-100-ml\/#primaryimage"},"image":{"@id":"https:\/\/www.malinashop.lt\/lt_lt\/shop\/agiva-plauku-serumas-ylang-ylang-liposomed-c-100-ml\/#primaryimage"},"thumbnailUrl":"https:\/\/www.malinashop.lt\/wp-content\/uploads\/2025\/12\/AGIVA-plauku-serumas-YLANG-YLANG-LIPOSOMED-C-100-ml.webp","datePublished":"2025-12-02T20:44:46+00:00","dateModified":"2026-04-13T19:35:27+00:00","description":"AGIVA YLANG YLANG LIPOSOMED C serumas pa\u017eeistiems plaukams \u2013 atkuria galiukus, glotnina, suteikia \u017evilgesio ir apsaugo nuo kar\u0161\u010dio poveikio.","breadcrumb":{"@id":"https:\/\/www.malinashop.lt\/lt_lt\/shop\/agiva-plauku-serumas-ylang-ylang-liposomed-c-100-ml\/#breadcrumb"},"inLanguage":"lt-LT","potentialAction":[{"@type":"ReadAction","target":["https:\/\/www.malinashop.lt\/lt_lt\/shop\/agiva-plauku-serumas-ylang-ylang-liposomed-c-100-ml\/"]}]},{"@type":"ImageObject","inLanguage":"lt-LT","@id":"https:\/\/www.malinashop.lt\/lt_lt\/shop\/agiva-plauku-serumas-ylang-ylang-liposomed-c-100-ml\/#primaryimage","url":"https:\/\/www.malinashop.lt\/wp-content\/uploads\/2025\/12\/AGIVA-plauku-serumas-YLANG-YLANG-LIPOSOMED-C-100-ml.webp","contentUrl":"https:\/\/www.malinashop.lt\/wp-content\/uploads\/2025\/12\/AGIVA-plauku-serumas-YLANG-YLANG-LIPOSOMED-C-100-ml.webp","width":990,"height":990},{"@type":"BreadcrumbList","@id":"https:\/\/www.malinashop.lt\/lt_lt\/shop\/agiva-plauku-serumas-ylang-ylang-liposomed-c-100-ml\/#breadcrumb","itemListElement":[{"@type":"ListItem","position":1,"name":"Pagrindinis","item":"https:\/\/www.malinashop.lt\/"},{"@type":"ListItem","position":2,"name":"Parduotuv\u0117","item":"https:\/\/www.malinashop.lt\/en\/parduotuve\/"},{"@type":"ListItem","position":3,"name":"AGIVA plauk\u0173 serumas YLANG YLANG LIPOSOMED C, 100 ml"}]},{"@type":"WebSite","@id":"https:\/\/www.malinashop.lt\/#website","url":"https:\/\/www.malinashop.lt\/","name":"COM Group Ecommerce","description":"MalinaShop.lt - Gro\u017eio ir sveikatos produktai i\u0161 patikim\u0173 preki\u0173 \u017eenkl\u0173. Atraskite auk\u0161tos kokyb\u0117s kosmetik\u0105 u\u017e puiki\u0105 kain\u0105.","publisher":{"@id":"https:\/\/www.malinashop.lt\/#organization"},"potentialAction":[{"@type":"SearchAction","target":{"@type":"EntryPoint","urlTemplate":"https:\/\/www.malinashop.lt\/?s={search_term_string}"},"query-input":{"@type":"PropertyValueSpecification","valueRequired":true,"valueName":"search_term_string"}}],"inLanguage":"lt-LT"},{"@type":"Organization","@id":"https:\/\/www.malinashop.lt\/#organization","name":"COM Group Ecommerce","url":"https:\/\/www.malinashop.lt\/","logo":{"@type":"ImageObject","inLanguage":"lt-LT","@id":"https:\/\/www.malinashop.lt\/#\/schema\/logo\/image\/","url":"https:\/\/www.malinashop.lt\/wp-content\/uploads\/2024\/08\/462559670_3787732518133670_9795632669273463_n-e1731525914575.png","contentUrl":"https:\/\/www.malinashop.lt\/wp-content\/uploads\/2024\/08\/462559670_3787732518133670_9795632669273463_n-e1731525914575.png","width":180,"height":60,"caption":"COM Group Ecommerce"},"image":{"@id":"https:\/\/www.malinashop.lt\/#\/schema\/logo\/image\/"}}]}},"jetpack_sharing_enabled":true,"_links":{"self":[{"href":"https:\/\/www.malinashop.lt\/lt_lt\/wp-json\/wp\/v2\/product\/71811","targetHints":{"allow":["GET"]}}],"collection":[{"href":"https:\/\/www.malinashop.lt\/lt_lt\/wp-json\/wp\/v2\/product"}],"about":[{"href":"https:\/\/www.malinashop.lt\/lt_lt\/wp-json\/wp\/v2\/types\/product"}],"version-history":[{"count":2,"href":"https:\/\/www.malinashop.lt\/lt_lt\/wp-json\/wp\/v2\/product\/71811\/revisions"}],"predecessor-version":[{"id":75981,"href":"https:\/\/www.malinashop.lt\/lt_lt\/wp-json\/wp\/v2\/product\/71811\/revisions\/75981"}],"wp:featuredmedia":[{"embeddable":true,"href":"https:\/\/www.malinashop.lt\/lt_lt\/wp-json\/wp\/v2\/media\/71812"}],"wp:attachment":[{"href":"https:\/\/www.malinashop.lt\/lt_lt\/wp-json\/wp\/v2\/media?parent=71811"}],"wp:term":[{"taxonomy":"product_brand","embeddable":true,"href":"https:\/\/www.malinashop.lt\/lt_lt\/wp-json\/wp\/v2\/product_brand?post=71811"},{"taxonomy":"product_cat","embeddable":true,"href":"https:\/\/www.malinashop.lt\/lt_lt\/wp-json\/wp\/v2\/product_cat?post=71811"},{"taxonomy":"product_tag","embeddable":true,"href":"https:\/\/www.malinashop.lt\/lt_lt\/wp-json\/wp\/v2\/product_tag?post=71811"}],"curies":[{"name":"wp","href":"https:\/\/api.w.org\/{rel}","templated":true}]}}