{"id":71602,"date":"2025-11-25T18:33:48","date_gmt":"2025-11-25T15:33:48","guid":{"rendered":"https:\/\/malinashop.lt\/?post_type=product&#038;p=71602"},"modified":"2026-02-19T23:11:07","modified_gmt":"2026-02-19T20:11:07","slug":"you-oil-good-zzzleep-toothpaste-dantu-pasta-90-g","status":"publish","type":"product","link":"https:\/\/www.malinashop.lt\/lt_lt\/shop\/you-oil-good-zzzleep-toothpaste-dantu-pasta-90-g\/","title":{"rendered":"YOU &#038; OIL GOOD ZZZLEEP TOOTHPASTE dant\u0173 pasta, 90 g"},"content":{"rendered":"<p data-start=\"212\" data-end=\"473\"><strong data-start=\"212\" data-end=\"249\">YOU &amp; OIL GOOD ZZZLEEP TOOTHPASTE<\/strong> \u2013 tai daugiau nei dant\u0173 pasta. Tai vakarinis ritualas, padedantis nurimti, atsipalaiduoti ir pasiruo\u0161ti kokybi\u0161kam miegui. Unikalus eterini\u0173 aliej\u0173 mi\u0161inys sukuria ramyb\u0117s poj\u016bt\u012f, o kartu u\u017etikrina efektyvi\u0105 burnos higien\u0105.<\/p>\n<p data-start=\"475\" data-end=\"753\">Dant\u0173 pasta praturtinta <strong data-start=\"499\" data-end=\"566\">mandarin\u0173, levand\u0173, bergamot\u0117s ir ramun\u0117li\u0173 eteriniais aliejais<\/strong>, kurie padeda suma\u017einti \u012ftamp\u0105 ir skatina atsipalaidavim\u0105 prie\u0161 mieg\u0105. Antibakterin\u0117 formul\u0117 \u0161velniai, bet veiksmingai valo dantis, mineralizuoja emal\u012f ir atkuria nat\u016bral\u0173 dant\u0173 baltum\u0105.<\/p>\n<p data-start=\"755\" data-end=\"784\">Reguliariai naudojant, pasta:<\/p>\n<ul data-start=\"785\" data-end=\"959\">\n<li data-start=\"785\" data-end=\"842\">\n<p data-start=\"787\" data-end=\"842\">padeda apsaugoti nuo dant\u0173 apna\u0161\u0173 ir akmen\u0173 susidarymo,<\/p>\n<\/li>\n<li data-start=\"843\" data-end=\"868\">\n<p data-start=\"845\" data-end=\"868\">ma\u017eina \u0117duonies rizik\u0105,<\/p>\n<\/li>\n<li data-start=\"869\" data-end=\"904\">\n<p data-start=\"871\" data-end=\"904\">neutralizuoja blog\u0105 burnos kvap\u0105,<\/p>\n<\/li>\n<li data-start=\"905\" data-end=\"959\">\n<p data-start=\"907\" data-end=\"959\">suteikia ilgai i\u0161liekan\u010dios gaivos ir \u0161varos poj\u016bt\u012f.<\/p>\n<\/li>\n<\/ul>\n<p data-start=\"961\" data-end=\"1121\">Puikiai tinka r\u016bkantiems bei da\u017enai vartojantiems da\u017ean\u010dius g\u0117rimus, tokius kaip kava, arbata ar vynas. \u0160velni sud\u0117tis leid\u017eia naudoti ir <strong data-start=\"1099\" data-end=\"1120\">jautriems dantims<\/strong>.<\/p>\n<p data-start=\"1123\" data-end=\"1241\"><strong data-start=\"1123\" data-end=\"1138\">Naudojimas:<\/strong><br data-start=\"1138\" data-end=\"1141\" \/>Naudoti ryte ir vakare. I\u0161sivalius dantis \u2013 i\u0161spjauti.<br data-start=\"1195\" data-end=\"1198\" \/>Tinka suaugusiesiems ir vaikams nuo 7 met\u0173.<\/p>\n","protected":false},"excerpt":{"rendered":"<p data-start=\"1279\" data-end=\"1460\">Raminanti antibakterin\u0117 dant\u0173 pasta su eteriniais aliejais, padedanti pasiruo\u0161ti ramiam miegui. \u0160velniai balina, saugo emal\u012f, naikina blog\u0105 burnos kvap\u0105 ir suteikia ilgalaik\u0119 gaiv\u0105.<\/p>\n","protected":false},"featured_media":68871,"template":"","meta":[],"product_brand":[1551],"product_cat":[1569],"product_tag":[1630],"class_list":{"0":"post-71602","1":"product","2":"type-product","3":"status-publish","4":"has-post-thumbnail","6":"product_brand-you-and-oil","7":"product_cat-burnos-higiena","8":"product_tag-you-oil","10":"first","11":"instock","12":"purchasable","13":"product-type-simple"},"yoast_head":"<!-- This site is optimized with the Yoast SEO plugin v27.4 - https:\/\/yoast.com\/product\/yoast-seo-wordpress\/ -->\n<title>YOU &amp; OIL GOOD ZZZLEEP TOOTHPASTE dant\u0173 pasta, 90 g - MalinaShop.lt J\u016bs\u0173 sveikatai ir gro\u017eiui.<\/title>\n<meta name=\"description\" content=\"YOU &amp; OIL GOOD ZZZLEEP dant\u0173 pasta su levand\u0173, mandarin\u0173 ir ramun\u0117li\u0173 eteriniais aliejais \u2013 raminanti vakarin\u0117 burnos higiena ir \u0161velnus balinimas.\" \/>\n<meta name=\"robots\" content=\"index, follow, max-snippet:-1, max-image-preview:large, max-video-preview:-1\" \/>\n<link rel=\"canonical\" href=\"https:\/\/www.malinashop.lt\/lt_lt\/shop\/you-oil-good-zzzleep-toothpaste-dantu-pasta-90-g\/\" \/>\n<meta property=\"og:locale\" content=\"lt_LT\" \/>\n<meta property=\"og:type\" content=\"article\" \/>\n<meta property=\"og:title\" content=\"YOU &amp; OIL GOOD ZZZLEEP TOOTHPASTE dant\u0173 pasta, 90 g - MalinaShop.lt J\u016bs\u0173 sveikatai ir gro\u017eiui.\" \/>\n<meta property=\"og:description\" content=\"YOU &amp; OIL GOOD ZZZLEEP dant\u0173 pasta su levand\u0173, mandarin\u0173 ir ramun\u0117li\u0173 eteriniais aliejais \u2013 raminanti vakarin\u0117 burnos higiena ir \u0161velnus balinimas.\" \/>\n<meta property=\"og:url\" content=\"https:\/\/www.malinashop.lt\/lt_lt\/shop\/you-oil-good-zzzleep-toothpaste-dantu-pasta-90-g\/\" \/>\n<meta property=\"og:site_name\" content=\"MalinaShop.lt J\u016bs\u0173 sveikatai ir gro\u017eiui.\" \/>\n<meta property=\"article:modified_time\" content=\"2026-02-19T20:11:07+00:00\" \/>\n<meta property=\"og:image\" content=\"https:\/\/www.malinashop.lt\/wp-content\/uploads\/2025\/11\/4779059700150.png\" \/>\n\t<meta property=\"og:image:width\" content=\"1000\" \/>\n\t<meta property=\"og:image:height\" content=\"1000\" \/>\n\t<meta property=\"og:image:type\" content=\"image\/png\" \/>\n<meta name=\"twitter:card\" content=\"summary_large_image\" \/>\n<script type=\"application\/ld+json\" class=\"yoast-schema-graph\">{\"@context\":\"https:\\\/\\\/schema.org\",\"@graph\":[{\"@type\":\"WebPage\",\"@id\":\"https:\\\/\\\/www.malinashop.lt\\\/lt_lt\\\/shop\\\/you-oil-good-zzzleep-toothpaste-dantu-pasta-90-g\\\/\",\"url\":\"https:\\\/\\\/www.malinashop.lt\\\/lt_lt\\\/shop\\\/you-oil-good-zzzleep-toothpaste-dantu-pasta-90-g\\\/\",\"name\":\"YOU & OIL GOOD ZZZLEEP TOOTHPASTE dant\u0173 pasta, 90 g - MalinaShop.lt J\u016bs\u0173 sveikatai ir gro\u017eiui.\",\"isPartOf\":{\"@id\":\"https:\\\/\\\/www.malinashop.lt\\\/#website\"},\"primaryImageOfPage\":{\"@id\":\"https:\\\/\\\/www.malinashop.lt\\\/lt_lt\\\/shop\\\/you-oil-good-zzzleep-toothpaste-dantu-pasta-90-g\\\/#primaryimage\"},\"image\":{\"@id\":\"https:\\\/\\\/www.malinashop.lt\\\/lt_lt\\\/shop\\\/you-oil-good-zzzleep-toothpaste-dantu-pasta-90-g\\\/#primaryimage\"},\"thumbnailUrl\":\"https:\\\/\\\/www.malinashop.lt\\\/wp-content\\\/uploads\\\/2025\\\/11\\\/4779059700150.png\",\"datePublished\":\"2025-11-25T15:33:48+00:00\",\"dateModified\":\"2026-02-19T20:11:07+00:00\",\"description\":\"YOU & OIL GOOD ZZZLEEP dant\u0173 pasta su levand\u0173, mandarin\u0173 ir ramun\u0117li\u0173 eteriniais aliejais \u2013 raminanti vakarin\u0117 burnos higiena ir \u0161velnus balinimas.\",\"breadcrumb\":{\"@id\":\"https:\\\/\\\/www.malinashop.lt\\\/lt_lt\\\/shop\\\/you-oil-good-zzzleep-toothpaste-dantu-pasta-90-g\\\/#breadcrumb\"},\"inLanguage\":\"lt-LT\",\"potentialAction\":[{\"@type\":\"ReadAction\",\"target\":[\"https:\\\/\\\/www.malinashop.lt\\\/lt_lt\\\/shop\\\/you-oil-good-zzzleep-toothpaste-dantu-pasta-90-g\\\/\"]}]},{\"@type\":\"ImageObject\",\"inLanguage\":\"lt-LT\",\"@id\":\"https:\\\/\\\/www.malinashop.lt\\\/lt_lt\\\/shop\\\/you-oil-good-zzzleep-toothpaste-dantu-pasta-90-g\\\/#primaryimage\",\"url\":\"https:\\\/\\\/www.malinashop.lt\\\/wp-content\\\/uploads\\\/2025\\\/11\\\/4779059700150.png\",\"contentUrl\":\"https:\\\/\\\/www.malinashop.lt\\\/wp-content\\\/uploads\\\/2025\\\/11\\\/4779059700150.png\",\"width\":1000,\"height\":1000},{\"@type\":\"BreadcrumbList\",\"@id\":\"https:\\\/\\\/www.malinashop.lt\\\/lt_lt\\\/shop\\\/you-oil-good-zzzleep-toothpaste-dantu-pasta-90-g\\\/#breadcrumb\",\"itemListElement\":[{\"@type\":\"ListItem\",\"position\":1,\"name\":\"Pagrindinis\",\"item\":\"https:\\\/\\\/www.malinashop.lt\\\/\"},{\"@type\":\"ListItem\",\"position\":2,\"name\":\"Parduotuv\u0117\",\"item\":\"https:\\\/\\\/www.malinashop.lt\\\/en\\\/parduotuve\\\/\"},{\"@type\":\"ListItem\",\"position\":3,\"name\":\"YOU &#038; OIL GOOD ZZZLEEP TOOTHPASTE dant\u0173 pasta, 90 g\"}]},{\"@type\":\"WebSite\",\"@id\":\"https:\\\/\\\/www.malinashop.lt\\\/#website\",\"url\":\"https:\\\/\\\/www.malinashop.lt\\\/\",\"name\":\"COM Group Ecommerce\",\"description\":\"MalinaShop.lt - Gro\u017eio ir sveikatos produktai i\u0161 patikim\u0173 preki\u0173 \u017eenkl\u0173. Atraskite auk\u0161tos kokyb\u0117s kosmetik\u0105 u\u017e puiki\u0105 kain\u0105.\",\"publisher\":{\"@id\":\"https:\\\/\\\/www.malinashop.lt\\\/#organization\"},\"potentialAction\":[{\"@type\":\"SearchAction\",\"target\":{\"@type\":\"EntryPoint\",\"urlTemplate\":\"https:\\\/\\\/www.malinashop.lt\\\/?s={search_term_string}\"},\"query-input\":{\"@type\":\"PropertyValueSpecification\",\"valueRequired\":true,\"valueName\":\"search_term_string\"}}],\"inLanguage\":\"lt-LT\"},{\"@type\":\"Organization\",\"@id\":\"https:\\\/\\\/www.malinashop.lt\\\/#organization\",\"name\":\"COM Group Ecommerce\",\"url\":\"https:\\\/\\\/www.malinashop.lt\\\/\",\"logo\":{\"@type\":\"ImageObject\",\"inLanguage\":\"lt-LT\",\"@id\":\"https:\\\/\\\/www.malinashop.lt\\\/#\\\/schema\\\/logo\\\/image\\\/\",\"url\":\"https:\\\/\\\/www.malinashop.lt\\\/wp-content\\\/uploads\\\/2024\\\/08\\\/462559670_3787732518133670_9795632669273463_n-e1731525914575.png\",\"contentUrl\":\"https:\\\/\\\/www.malinashop.lt\\\/wp-content\\\/uploads\\\/2024\\\/08\\\/462559670_3787732518133670_9795632669273463_n-e1731525914575.png\",\"width\":180,\"height\":60,\"caption\":\"COM Group Ecommerce\"},\"image\":{\"@id\":\"https:\\\/\\\/www.malinashop.lt\\\/#\\\/schema\\\/logo\\\/image\\\/\"}}]}<\/script>\n<!-- \/ Yoast SEO plugin. -->","yoast_head_json":{"title":"YOU & OIL GOOD ZZZLEEP TOOTHPASTE dant\u0173 pasta, 90 g - MalinaShop.lt J\u016bs\u0173 sveikatai ir gro\u017eiui.","description":"YOU & OIL GOOD ZZZLEEP dant\u0173 pasta su levand\u0173, mandarin\u0173 ir ramun\u0117li\u0173 eteriniais aliejais \u2013 raminanti vakarin\u0117 burnos higiena ir \u0161velnus balinimas.","robots":{"index":"index","follow":"follow","max-snippet":"max-snippet:-1","max-image-preview":"max-image-preview:large","max-video-preview":"max-video-preview:-1"},"canonical":"https:\/\/www.malinashop.lt\/lt_lt\/shop\/you-oil-good-zzzleep-toothpaste-dantu-pasta-90-g\/","og_locale":"lt_LT","og_type":"article","og_title":"YOU & OIL GOOD ZZZLEEP TOOTHPASTE dant\u0173 pasta, 90 g - MalinaShop.lt J\u016bs\u0173 sveikatai ir gro\u017eiui.","og_description":"YOU & OIL GOOD ZZZLEEP dant\u0173 pasta su levand\u0173, mandarin\u0173 ir ramun\u0117li\u0173 eteriniais aliejais \u2013 raminanti vakarin\u0117 burnos higiena ir \u0161velnus balinimas.","og_url":"https:\/\/www.malinashop.lt\/lt_lt\/shop\/you-oil-good-zzzleep-toothpaste-dantu-pasta-90-g\/","og_site_name":"MalinaShop.lt J\u016bs\u0173 sveikatai ir gro\u017eiui.","article_modified_time":"2026-02-19T20:11:07+00:00","og_image":[{"width":1000,"height":1000,"url":"https:\/\/www.malinashop.lt\/wp-content\/uploads\/2025\/11\/4779059700150.png","type":"image\/png"}],"twitter_card":"summary_large_image","schema":{"@context":"https:\/\/schema.org","@graph":[{"@type":"WebPage","@id":"https:\/\/www.malinashop.lt\/lt_lt\/shop\/you-oil-good-zzzleep-toothpaste-dantu-pasta-90-g\/","url":"https:\/\/www.malinashop.lt\/lt_lt\/shop\/you-oil-good-zzzleep-toothpaste-dantu-pasta-90-g\/","name":"YOU & OIL GOOD ZZZLEEP TOOTHPASTE dant\u0173 pasta, 90 g - MalinaShop.lt J\u016bs\u0173 sveikatai ir gro\u017eiui.","isPartOf":{"@id":"https:\/\/www.malinashop.lt\/#website"},"primaryImageOfPage":{"@id":"https:\/\/www.malinashop.lt\/lt_lt\/shop\/you-oil-good-zzzleep-toothpaste-dantu-pasta-90-g\/#primaryimage"},"image":{"@id":"https:\/\/www.malinashop.lt\/lt_lt\/shop\/you-oil-good-zzzleep-toothpaste-dantu-pasta-90-g\/#primaryimage"},"thumbnailUrl":"https:\/\/www.malinashop.lt\/wp-content\/uploads\/2025\/11\/4779059700150.png","datePublished":"2025-11-25T15:33:48+00:00","dateModified":"2026-02-19T20:11:07+00:00","description":"YOU & OIL GOOD ZZZLEEP dant\u0173 pasta su levand\u0173, mandarin\u0173 ir ramun\u0117li\u0173 eteriniais aliejais \u2013 raminanti vakarin\u0117 burnos higiena ir \u0161velnus balinimas.","breadcrumb":{"@id":"https:\/\/www.malinashop.lt\/lt_lt\/shop\/you-oil-good-zzzleep-toothpaste-dantu-pasta-90-g\/#breadcrumb"},"inLanguage":"lt-LT","potentialAction":[{"@type":"ReadAction","target":["https:\/\/www.malinashop.lt\/lt_lt\/shop\/you-oil-good-zzzleep-toothpaste-dantu-pasta-90-g\/"]}]},{"@type":"ImageObject","inLanguage":"lt-LT","@id":"https:\/\/www.malinashop.lt\/lt_lt\/shop\/you-oil-good-zzzleep-toothpaste-dantu-pasta-90-g\/#primaryimage","url":"https:\/\/www.malinashop.lt\/wp-content\/uploads\/2025\/11\/4779059700150.png","contentUrl":"https:\/\/www.malinashop.lt\/wp-content\/uploads\/2025\/11\/4779059700150.png","width":1000,"height":1000},{"@type":"BreadcrumbList","@id":"https:\/\/www.malinashop.lt\/lt_lt\/shop\/you-oil-good-zzzleep-toothpaste-dantu-pasta-90-g\/#breadcrumb","itemListElement":[{"@type":"ListItem","position":1,"name":"Pagrindinis","item":"https:\/\/www.malinashop.lt\/"},{"@type":"ListItem","position":2,"name":"Parduotuv\u0117","item":"https:\/\/www.malinashop.lt\/en\/parduotuve\/"},{"@type":"ListItem","position":3,"name":"YOU &#038; OIL GOOD ZZZLEEP TOOTHPASTE dant\u0173 pasta, 90 g"}]},{"@type":"WebSite","@id":"https:\/\/www.malinashop.lt\/#website","url":"https:\/\/www.malinashop.lt\/","name":"COM Group Ecommerce","description":"MalinaShop.lt - Gro\u017eio ir sveikatos produktai i\u0161 patikim\u0173 preki\u0173 \u017eenkl\u0173. Atraskite auk\u0161tos kokyb\u0117s kosmetik\u0105 u\u017e puiki\u0105 kain\u0105.","publisher":{"@id":"https:\/\/www.malinashop.lt\/#organization"},"potentialAction":[{"@type":"SearchAction","target":{"@type":"EntryPoint","urlTemplate":"https:\/\/www.malinashop.lt\/?s={search_term_string}"},"query-input":{"@type":"PropertyValueSpecification","valueRequired":true,"valueName":"search_term_string"}}],"inLanguage":"lt-LT"},{"@type":"Organization","@id":"https:\/\/www.malinashop.lt\/#organization","name":"COM Group Ecommerce","url":"https:\/\/www.malinashop.lt\/","logo":{"@type":"ImageObject","inLanguage":"lt-LT","@id":"https:\/\/www.malinashop.lt\/#\/schema\/logo\/image\/","url":"https:\/\/www.malinashop.lt\/wp-content\/uploads\/2024\/08\/462559670_3787732518133670_9795632669273463_n-e1731525914575.png","contentUrl":"https:\/\/www.malinashop.lt\/wp-content\/uploads\/2024\/08\/462559670_3787732518133670_9795632669273463_n-e1731525914575.png","width":180,"height":60,"caption":"COM Group Ecommerce"},"image":{"@id":"https:\/\/www.malinashop.lt\/#\/schema\/logo\/image\/"}}]}},"jetpack_sharing_enabled":true,"_links":{"self":[{"href":"https:\/\/www.malinashop.lt\/lt_lt\/wp-json\/wp\/v2\/product\/71602","targetHints":{"allow":["GET"]}}],"collection":[{"href":"https:\/\/www.malinashop.lt\/lt_lt\/wp-json\/wp\/v2\/product"}],"about":[{"href":"https:\/\/www.malinashop.lt\/lt_lt\/wp-json\/wp\/v2\/types\/product"}],"version-history":[{"count":2,"href":"https:\/\/www.malinashop.lt\/lt_lt\/wp-json\/wp\/v2\/product\/71602\/revisions"}],"predecessor-version":[{"id":73169,"href":"https:\/\/www.malinashop.lt\/lt_lt\/wp-json\/wp\/v2\/product\/71602\/revisions\/73169"}],"wp:featuredmedia":[{"embeddable":true,"href":"https:\/\/www.malinashop.lt\/lt_lt\/wp-json\/wp\/v2\/media\/68871"}],"wp:attachment":[{"href":"https:\/\/www.malinashop.lt\/lt_lt\/wp-json\/wp\/v2\/media?parent=71602"}],"wp:term":[{"taxonomy":"product_brand","embeddable":true,"href":"https:\/\/www.malinashop.lt\/lt_lt\/wp-json\/wp\/v2\/product_brand?post=71602"},{"taxonomy":"product_cat","embeddable":true,"href":"https:\/\/www.malinashop.lt\/lt_lt\/wp-json\/wp\/v2\/product_cat?post=71602"},{"taxonomy":"product_tag","embeddable":true,"href":"https:\/\/www.malinashop.lt\/lt_lt\/wp-json\/wp\/v2\/product_tag?post=71602"}],"curies":[{"name":"wp","href":"https:\/\/api.w.org\/{rel}","templated":true}]}}