{"id":71596,"date":"2025-11-25T18:33:41","date_gmt":"2025-11-25T15:33:41","guid":{"rendered":"https:\/\/malinashop.lt\/?post_type=product&#038;p=71596"},"modified":"2026-02-19T23:11:10","modified_gmt":"2026-02-19T20:11:10","slug":"you-oil-body-scrub-kuno-sveitiklis-250-ml","status":"publish","type":"product","link":"https:\/\/www.malinashop.lt\/lt_lt\/shop\/you-oil-body-scrub-kuno-sveitiklis-250-ml\/","title":{"rendered":"YOU &#038; OIL BODY SCRUB k\u016bno \u0161veitiklis, 250 ml"},"content":{"rendered":"<p data-start=\"180\" data-end=\"445\"><strong data-start=\"180\" data-end=\"204\">YOU &amp; OIL BODY SCRUB<\/strong> \u2013 tai prabangus, intensyviai maitinantis k\u016bno \u0161veitiklis, skirtas \u0161velniai, bet veiksmingai odos prie\u017ei\u016brai. Jis efektyviai pa\u0161alina negyvas odos l\u0105steles, skatina odos atsinaujinim\u0105 ir padeda atkurti nat\u016bral\u0173 odos \u0161velnum\u0105 bei elastingum\u0105.<\/p>\n<p data-start=\"447\" data-end=\"693\">Didel\u0117 <strong data-start=\"454\" data-end=\"501\">kokos\u0173, migdol\u0173 ir abrikos\u0173 kauliuk\u0173 aliej\u0173<\/strong> koncentracija giliai maitina net ir labai i\u0161saus\u0117jusi\u0105 od\u0105. Po \u0161veitimo oda tampa aksomi\u0161kai \u0161velni, glotni ir komforti\u0161ka, tod\u0117l papildomos dr\u0117kinamosios priemon\u0117s da\u017eniausiai nereikalingos.<\/p>\n<p data-start=\"695\" data-end=\"973\">Aromaterapin\u0117 eterini\u0173 aliej\u0173 kompozicija su <strong data-start=\"740\" data-end=\"802\">rausvuoju greipfrutu ir sald\u017eiavaisio citrinmed\u017eio natomis<\/strong> padeda atsipalaiduoti, ma\u017eina \u012ftamp\u0105 ir nuovarg\u012f. \u0160is k\u016bno \u0161veitiklis ne tik puosel\u0117ja od\u0105, bet ir gerina savijaut\u0105 \u2013 puikus pasirinkimas po ilgos ir varginan\u010dios dienos.<\/p>\n<p data-start=\"975\" data-end=\"989\"><strong>Naudojimas<\/strong><\/p>\n<p data-start=\"990\" data-end=\"1169\">Sukamaisiais judesiais masa\u017euokite \u0161veitikl\u012f ant dr\u0117gnos k\u016bno odos. \u0160velniai nuplaukite tekan\u010diu vandeniu ir nusausinkite od\u0105 rank\u0161luos\u010diu. Papildomai k\u016bno kremo naudoti nereikia.<\/p>\n<p data-start=\"1171\" data-end=\"1292\">\u2714 Tinka vis\u0173 tip\u0173 odai<br data-start=\"1193\" data-end=\"1196\" \/>\u2714 Pagamintas i\u0161 organini\u0173 ir \/ arba nat\u016brali\u0173 ingredient\u0173<br data-start=\"1253\" data-end=\"1256\" \/>\u2714 Be agresyvi\u0173 \u0161vei\u010diam\u0173j\u0173 daleli\u0173<\/p>\n","protected":false},"excerpt":{"rendered":"<p data-start=\"1332\" data-end=\"1543\">Nat\u016bralus <strong data-start=\"1342\" data-end=\"1366\">YOU &amp; OIL BODY SCRUB<\/strong> k\u016bno \u0161veitiklis \u0161velniai pa\u0161alina negyvas odos l\u0105steles, intensyviai maitina ir palieka od\u0105 mink\u0161t\u0105 bei \u0161vytin\u010di\u0105. Aromaterapin\u0117 formul\u0117 padeda atsipalaiduoti ir atgauti j\u0117gas.<\/p>\n","protected":false},"featured_media":68860,"template":"","meta":[],"product_brand":[1551],"product_cat":[557,731],"product_tag":[1630],"class_list":{"0":"post-71596","1":"product","2":"type-product","3":"status-publish","4":"has-post-thumbnail","6":"product_brand-you-and-oil","7":"product_cat-kuno-sveitikliai","8":"product_cat-kunui","9":"product_tag-you-oil","11":"first","12":"instock","13":"purchasable","14":"product-type-simple"},"yoast_head":"<!-- This site is optimized with the Yoast SEO plugin v27.4 - https:\/\/yoast.com\/product\/yoast-seo-wordpress\/ -->\n<title>YOU &amp; OIL BODY SCRUB k\u016bno \u0161veitiklis, 250 ml - MalinaShop.lt J\u016bs\u0173 sveikatai ir gro\u017eiui.<\/title>\n<meta name=\"description\" content=\"YOU &amp; OIL BODY SCRUB k\u016bno \u0161veitiklis \u2013 nat\u016bralus, maitinantis \u0161veitiklis su aliejais. \u0160velni oda, aromaterapinis poveikis ir komfortas.\" \/>\n<meta name=\"robots\" content=\"index, follow, max-snippet:-1, max-image-preview:large, max-video-preview:-1\" \/>\n<link rel=\"canonical\" href=\"https:\/\/www.malinashop.lt\/lt_lt\/shop\/you-oil-body-scrub-kuno-sveitiklis-250-ml\/\" \/>\n<meta property=\"og:locale\" content=\"lt_LT\" \/>\n<meta property=\"og:type\" content=\"article\" \/>\n<meta property=\"og:title\" content=\"YOU &amp; OIL BODY SCRUB k\u016bno \u0161veitiklis, 250 ml - MalinaShop.lt J\u016bs\u0173 sveikatai ir gro\u017eiui.\" \/>\n<meta property=\"og:description\" content=\"YOU &amp; OIL BODY SCRUB k\u016bno \u0161veitiklis \u2013 nat\u016bralus, maitinantis \u0161veitiklis su aliejais. \u0160velni oda, aromaterapinis poveikis ir komfortas.\" \/>\n<meta property=\"og:url\" content=\"https:\/\/www.malinashop.lt\/lt_lt\/shop\/you-oil-body-scrub-kuno-sveitiklis-250-ml\/\" \/>\n<meta property=\"og:site_name\" content=\"MalinaShop.lt J\u016bs\u0173 sveikatai ir gro\u017eiui.\" \/>\n<meta property=\"article:modified_time\" content=\"2026-02-19T20:11:10+00:00\" \/>\n<meta property=\"og:image\" content=\"https:\/\/www.malinashop.lt\/wp-content\/uploads\/2025\/11\/4779059700280.png\" \/>\n\t<meta property=\"og:image:width\" content=\"1000\" \/>\n\t<meta property=\"og:image:height\" content=\"1000\" \/>\n\t<meta property=\"og:image:type\" content=\"image\/png\" \/>\n<meta name=\"twitter:card\" content=\"summary_large_image\" \/>\n<script type=\"application\/ld+json\" class=\"yoast-schema-graph\">{\"@context\":\"https:\\\/\\\/schema.org\",\"@graph\":[{\"@type\":\"WebPage\",\"@id\":\"https:\\\/\\\/www.malinashop.lt\\\/shop\\\/you-oil-body-scrub-kuno-sveitiklis-250-ml\\\/\",\"url\":\"https:\\\/\\\/www.malinashop.lt\\\/shop\\\/you-oil-body-scrub-kuno-sveitiklis-250-ml\\\/\",\"name\":\"YOU & OIL BODY SCRUB k\u016bno \u0161veitiklis, 250 ml - MalinaShop.lt J\u016bs\u0173 sveikatai ir gro\u017eiui.\",\"isPartOf\":{\"@id\":\"https:\\\/\\\/www.malinashop.lt\\\/#website\"},\"primaryImageOfPage\":{\"@id\":\"https:\\\/\\\/www.malinashop.lt\\\/shop\\\/you-oil-body-scrub-kuno-sveitiklis-250-ml\\\/#primaryimage\"},\"image\":{\"@id\":\"https:\\\/\\\/www.malinashop.lt\\\/shop\\\/you-oil-body-scrub-kuno-sveitiklis-250-ml\\\/#primaryimage\"},\"thumbnailUrl\":\"https:\\\/\\\/www.malinashop.lt\\\/wp-content\\\/uploads\\\/2025\\\/11\\\/4779059700280.png\",\"datePublished\":\"2025-11-25T15:33:41+00:00\",\"dateModified\":\"2026-02-19T20:11:10+00:00\",\"description\":\"YOU & OIL BODY SCRUB k\u016bno \u0161veitiklis \u2013 nat\u016bralus, maitinantis \u0161veitiklis su aliejais. \u0160velni oda, aromaterapinis poveikis ir komfortas.\",\"breadcrumb\":{\"@id\":\"https:\\\/\\\/www.malinashop.lt\\\/shop\\\/you-oil-body-scrub-kuno-sveitiklis-250-ml\\\/#breadcrumb\"},\"inLanguage\":\"lt-LT\",\"potentialAction\":[{\"@type\":\"ReadAction\",\"target\":[\"https:\\\/\\\/www.malinashop.lt\\\/shop\\\/you-oil-body-scrub-kuno-sveitiklis-250-ml\\\/\"]}]},{\"@type\":\"ImageObject\",\"inLanguage\":\"lt-LT\",\"@id\":\"https:\\\/\\\/www.malinashop.lt\\\/shop\\\/you-oil-body-scrub-kuno-sveitiklis-250-ml\\\/#primaryimage\",\"url\":\"https:\\\/\\\/www.malinashop.lt\\\/wp-content\\\/uploads\\\/2025\\\/11\\\/4779059700280.png\",\"contentUrl\":\"https:\\\/\\\/www.malinashop.lt\\\/wp-content\\\/uploads\\\/2025\\\/11\\\/4779059700280.png\",\"width\":1000,\"height\":1000},{\"@type\":\"BreadcrumbList\",\"@id\":\"https:\\\/\\\/www.malinashop.lt\\\/shop\\\/you-oil-body-scrub-kuno-sveitiklis-250-ml\\\/#breadcrumb\",\"itemListElement\":[{\"@type\":\"ListItem\",\"position\":1,\"name\":\"Pagrindinis\",\"item\":\"https:\\\/\\\/www.malinashop.lt\\\/\"},{\"@type\":\"ListItem\",\"position\":2,\"name\":\"Parduotuv\u0117\",\"item\":\"https:\\\/\\\/www.malinashop.lt\\\/en\\\/parduotuve\\\/\"},{\"@type\":\"ListItem\",\"position\":3,\"name\":\"YOU &#038; OIL BODY SCRUB k\u016bno \u0161veitiklis, 250 ml\"}]},{\"@type\":\"WebSite\",\"@id\":\"https:\\\/\\\/www.malinashop.lt\\\/#website\",\"url\":\"https:\\\/\\\/www.malinashop.lt\\\/\",\"name\":\"COM Group Ecommerce\",\"description\":\"MalinaShop.lt - Gro\u017eio ir sveikatos produktai i\u0161 patikim\u0173 preki\u0173 \u017eenkl\u0173. Atraskite auk\u0161tos kokyb\u0117s kosmetik\u0105 u\u017e puiki\u0105 kain\u0105.\",\"publisher\":{\"@id\":\"https:\\\/\\\/www.malinashop.lt\\\/#organization\"},\"potentialAction\":[{\"@type\":\"SearchAction\",\"target\":{\"@type\":\"EntryPoint\",\"urlTemplate\":\"https:\\\/\\\/www.malinashop.lt\\\/?s={search_term_string}\"},\"query-input\":{\"@type\":\"PropertyValueSpecification\",\"valueRequired\":true,\"valueName\":\"search_term_string\"}}],\"inLanguage\":\"lt-LT\"},{\"@type\":\"Organization\",\"@id\":\"https:\\\/\\\/www.malinashop.lt\\\/#organization\",\"name\":\"COM Group Ecommerce\",\"url\":\"https:\\\/\\\/www.malinashop.lt\\\/\",\"logo\":{\"@type\":\"ImageObject\",\"inLanguage\":\"lt-LT\",\"@id\":\"https:\\\/\\\/www.malinashop.lt\\\/#\\\/schema\\\/logo\\\/image\\\/\",\"url\":\"https:\\\/\\\/www.malinashop.lt\\\/wp-content\\\/uploads\\\/2024\\\/08\\\/462559670_3787732518133670_9795632669273463_n-e1731525914575.png\",\"contentUrl\":\"https:\\\/\\\/www.malinashop.lt\\\/wp-content\\\/uploads\\\/2024\\\/08\\\/462559670_3787732518133670_9795632669273463_n-e1731525914575.png\",\"width\":180,\"height\":60,\"caption\":\"COM Group Ecommerce\"},\"image\":{\"@id\":\"https:\\\/\\\/www.malinashop.lt\\\/#\\\/schema\\\/logo\\\/image\\\/\"}}]}<\/script>\n<!-- \/ Yoast SEO plugin. -->","yoast_head_json":{"title":"YOU & OIL BODY SCRUB k\u016bno \u0161veitiklis, 250 ml - MalinaShop.lt J\u016bs\u0173 sveikatai ir gro\u017eiui.","description":"YOU & OIL BODY SCRUB k\u016bno \u0161veitiklis \u2013 nat\u016bralus, maitinantis \u0161veitiklis su aliejais. \u0160velni oda, aromaterapinis poveikis ir komfortas.","robots":{"index":"index","follow":"follow","max-snippet":"max-snippet:-1","max-image-preview":"max-image-preview:large","max-video-preview":"max-video-preview:-1"},"canonical":"https:\/\/www.malinashop.lt\/lt_lt\/shop\/you-oil-body-scrub-kuno-sveitiklis-250-ml\/","og_locale":"lt_LT","og_type":"article","og_title":"YOU & OIL BODY SCRUB k\u016bno \u0161veitiklis, 250 ml - MalinaShop.lt J\u016bs\u0173 sveikatai ir gro\u017eiui.","og_description":"YOU & OIL BODY SCRUB k\u016bno \u0161veitiklis \u2013 nat\u016bralus, maitinantis \u0161veitiklis su aliejais. \u0160velni oda, aromaterapinis poveikis ir komfortas.","og_url":"https:\/\/www.malinashop.lt\/lt_lt\/shop\/you-oil-body-scrub-kuno-sveitiklis-250-ml\/","og_site_name":"MalinaShop.lt J\u016bs\u0173 sveikatai ir gro\u017eiui.","article_modified_time":"2026-02-19T20:11:10+00:00","og_image":[{"width":1000,"height":1000,"url":"https:\/\/www.malinashop.lt\/wp-content\/uploads\/2025\/11\/4779059700280.png","type":"image\/png"}],"twitter_card":"summary_large_image","schema":{"@context":"https:\/\/schema.org","@graph":[{"@type":"WebPage","@id":"https:\/\/www.malinashop.lt\/shop\/you-oil-body-scrub-kuno-sveitiklis-250-ml\/","url":"https:\/\/www.malinashop.lt\/shop\/you-oil-body-scrub-kuno-sveitiklis-250-ml\/","name":"YOU & OIL BODY SCRUB k\u016bno \u0161veitiklis, 250 ml - MalinaShop.lt J\u016bs\u0173 sveikatai ir gro\u017eiui.","isPartOf":{"@id":"https:\/\/www.malinashop.lt\/#website"},"primaryImageOfPage":{"@id":"https:\/\/www.malinashop.lt\/shop\/you-oil-body-scrub-kuno-sveitiklis-250-ml\/#primaryimage"},"image":{"@id":"https:\/\/www.malinashop.lt\/shop\/you-oil-body-scrub-kuno-sveitiklis-250-ml\/#primaryimage"},"thumbnailUrl":"https:\/\/www.malinashop.lt\/wp-content\/uploads\/2025\/11\/4779059700280.png","datePublished":"2025-11-25T15:33:41+00:00","dateModified":"2026-02-19T20:11:10+00:00","description":"YOU & OIL BODY SCRUB k\u016bno \u0161veitiklis \u2013 nat\u016bralus, maitinantis \u0161veitiklis su aliejais. \u0160velni oda, aromaterapinis poveikis ir komfortas.","breadcrumb":{"@id":"https:\/\/www.malinashop.lt\/shop\/you-oil-body-scrub-kuno-sveitiklis-250-ml\/#breadcrumb"},"inLanguage":"lt-LT","potentialAction":[{"@type":"ReadAction","target":["https:\/\/www.malinashop.lt\/shop\/you-oil-body-scrub-kuno-sveitiklis-250-ml\/"]}]},{"@type":"ImageObject","inLanguage":"lt-LT","@id":"https:\/\/www.malinashop.lt\/shop\/you-oil-body-scrub-kuno-sveitiklis-250-ml\/#primaryimage","url":"https:\/\/www.malinashop.lt\/wp-content\/uploads\/2025\/11\/4779059700280.png","contentUrl":"https:\/\/www.malinashop.lt\/wp-content\/uploads\/2025\/11\/4779059700280.png","width":1000,"height":1000},{"@type":"BreadcrumbList","@id":"https:\/\/www.malinashop.lt\/shop\/you-oil-body-scrub-kuno-sveitiklis-250-ml\/#breadcrumb","itemListElement":[{"@type":"ListItem","position":1,"name":"Pagrindinis","item":"https:\/\/www.malinashop.lt\/"},{"@type":"ListItem","position":2,"name":"Parduotuv\u0117","item":"https:\/\/www.malinashop.lt\/en\/parduotuve\/"},{"@type":"ListItem","position":3,"name":"YOU &#038; OIL BODY SCRUB k\u016bno \u0161veitiklis, 250 ml"}]},{"@type":"WebSite","@id":"https:\/\/www.malinashop.lt\/#website","url":"https:\/\/www.malinashop.lt\/","name":"COM Group Ecommerce","description":"MalinaShop.lt - Gro\u017eio ir sveikatos produktai i\u0161 patikim\u0173 preki\u0173 \u017eenkl\u0173. Atraskite auk\u0161tos kokyb\u0117s kosmetik\u0105 u\u017e puiki\u0105 kain\u0105.","publisher":{"@id":"https:\/\/www.malinashop.lt\/#organization"},"potentialAction":[{"@type":"SearchAction","target":{"@type":"EntryPoint","urlTemplate":"https:\/\/www.malinashop.lt\/?s={search_term_string}"},"query-input":{"@type":"PropertyValueSpecification","valueRequired":true,"valueName":"search_term_string"}}],"inLanguage":"lt-LT"},{"@type":"Organization","@id":"https:\/\/www.malinashop.lt\/#organization","name":"COM Group Ecommerce","url":"https:\/\/www.malinashop.lt\/","logo":{"@type":"ImageObject","inLanguage":"lt-LT","@id":"https:\/\/www.malinashop.lt\/#\/schema\/logo\/image\/","url":"https:\/\/www.malinashop.lt\/wp-content\/uploads\/2024\/08\/462559670_3787732518133670_9795632669273463_n-e1731525914575.png","contentUrl":"https:\/\/www.malinashop.lt\/wp-content\/uploads\/2024\/08\/462559670_3787732518133670_9795632669273463_n-e1731525914575.png","width":180,"height":60,"caption":"COM Group Ecommerce"},"image":{"@id":"https:\/\/www.malinashop.lt\/#\/schema\/logo\/image\/"}}]}},"jetpack_sharing_enabled":true,"_links":{"self":[{"href":"https:\/\/www.malinashop.lt\/lt_lt\/wp-json\/wp\/v2\/product\/71596","targetHints":{"allow":["GET"]}}],"collection":[{"href":"https:\/\/www.malinashop.lt\/lt_lt\/wp-json\/wp\/v2\/product"}],"about":[{"href":"https:\/\/www.malinashop.lt\/lt_lt\/wp-json\/wp\/v2\/types\/product"}],"version-history":[{"count":2,"href":"https:\/\/www.malinashop.lt\/lt_lt\/wp-json\/wp\/v2\/product\/71596\/revisions"}],"predecessor-version":[{"id":73177,"href":"https:\/\/www.malinashop.lt\/lt_lt\/wp-json\/wp\/v2\/product\/71596\/revisions\/73177"}],"wp:featuredmedia":[{"embeddable":true,"href":"https:\/\/www.malinashop.lt\/lt_lt\/wp-json\/wp\/v2\/media\/68860"}],"wp:attachment":[{"href":"https:\/\/www.malinashop.lt\/lt_lt\/wp-json\/wp\/v2\/media?parent=71596"}],"wp:term":[{"taxonomy":"product_brand","embeddable":true,"href":"https:\/\/www.malinashop.lt\/lt_lt\/wp-json\/wp\/v2\/product_brand?post=71596"},{"taxonomy":"product_cat","embeddable":true,"href":"https:\/\/www.malinashop.lt\/lt_lt\/wp-json\/wp\/v2\/product_cat?post=71596"},{"taxonomy":"product_tag","embeddable":true,"href":"https:\/\/www.malinashop.lt\/lt_lt\/wp-json\/wp\/v2\/product_tag?post=71596"}],"curies":[{"name":"wp","href":"https:\/\/api.w.org\/{rel}","templated":true}]}}