{"id":71590,"date":"2025-11-25T18:33:41","date_gmt":"2025-11-25T15:33:41","guid":{"rendered":"https:\/\/malinashop.lt\/?post_type=product&#038;p=71590"},"modified":"2026-02-19T23:11:12","modified_gmt":"2026-02-19T20:11:12","slug":"you-oil-face-wash-veido-prausiklis-150-ml","status":"publish","type":"product","link":"https:\/\/www.malinashop.lt\/lt_lt\/shop\/you-oil-face-wash-veido-prausiklis-150-ml\/","title":{"rendered":"YOU &#038; OIL FACE WASH veido prausiklis, 150 ml"},"content":{"rendered":"<p data-start=\"196\" data-end=\"463\"><strong data-start=\"196\" data-end=\"244\">YOU &amp; OIL veido prausiklis FACE WASH, 150 ml<\/strong> \u2013 tai \u0161velnus, pusiausvyr\u0105 atkuriantis veido prausiklis, skirtas kasdieniam odos valymui ir gaivinimui. Jis efektyviai pa\u0161alina ne\u0161varumus, makia\u017eo liku\u010dius bei riebal\u0173 pertekli\u0173, nepa\u017eeisdamas nat\u016bralaus odos barjero.<\/p>\n<p data-start=\"465\" data-end=\"796\">Formul\u0117 praturtinta <strong data-start=\"485\" data-end=\"505\">levand\u0173 vandeniu<\/strong>, kuris \u0161velniai, bet veiksmingai valo od\u0105, suteikia komforto poj\u016bt\u012f ir padeda suma\u017einti tempim\u0105. <strong data-start=\"603\" data-end=\"637\">Agurk\u0173 ir ramun\u0117li\u0173 ekstraktai<\/strong> ramina, gaivina bei suteikia odai nat\u016bralaus spindesio. <strong data-start=\"694\" data-end=\"711\">Pieno r\u016bg\u0161tis<\/strong> padeda \u0161viesinti odos ton\u0105, lyginti tekst\u016br\u0105, ma\u017einti pigmentacij\u0105 ir tamsias d\u0117mes.<\/p>\n<p data-start=\"798\" data-end=\"1074\">Aromaterapinis <strong data-start=\"813\" data-end=\"841\">levand\u0173 eterinis aliejus<\/strong> padeda atsipalaiduoti, ma\u017eina stres\u0105 ir nuovarg\u012f, tod\u0117l veido prausimas tampa maloniu kasdieniu ritualu. Prausiklis tinka <strong data-start=\"964\" data-end=\"982\">vis\u0173 tip\u0173 odai<\/strong>, \u012fskaitant jautri\u0105 ir riebi\u0105, bei yra pagamintas i\u0161 <strong data-start=\"1035\" data-end=\"1073\">nat\u016brali\u0173 ir organini\u0173 ingredient\u0173<\/strong>.<\/p>\n<p data-start=\"1076\" data-end=\"1233\"><strong data-start=\"1076\" data-end=\"1091\">Naudojimas:<\/strong><br data-start=\"1091\" data-end=\"1094\" \/>Ant sudr\u0117kint\u0173, \u0161vari\u0173 rank\u0173 \u012fspauskite kelis la\u0161us prausiklio, sukelkite lengvas putas ir \u0161velniai masa\u017euokite veid\u0105. Nuplaukite vandeniu.<\/p>\n","protected":false},"excerpt":{"rendered":"<p data-start=\"1271\" data-end=\"1437\">\u0160velnus veido prausiklis su levand\u0173 vandeniu, agurk\u0173 ir ramun\u0117li\u0173 ekstraktais, kuris valo, ramina ir \u0161viesina od\u0105. Tinka vis\u0173 tip\u0173 odai, taip pat jautriai ir riebiai.<\/p>\n","protected":false},"featured_media":68847,"template":"","meta":[],"product_brand":[1551],"product_cat":[537,728],"product_tag":[1630],"class_list":{"0":"post-71590","1":"product","2":"type-product","3":"status-publish","4":"has-post-thumbnail","6":"product_brand-you-and-oil","7":"product_cat-veido-valymo-priemones","8":"product_cat-veidui","9":"product_tag-you-oil","11":"first","12":"instock","13":"purchasable","14":"product-type-simple"},"yoast_head":"<!-- This site is optimized with the Yoast SEO plugin v27.4 - https:\/\/yoast.com\/product\/yoast-seo-wordpress\/ -->\n<title>YOU &amp; OIL FACE WASH veido prausiklis, 150 ml - MalinaShop.lt J\u016bs\u0173 sveikatai ir gro\u017eiui.<\/title>\n<meta name=\"description\" content=\"YOU &amp; OIL veido prausiklis FACE WASH \u2013 \u0161velniai valo, ramina ir \u0161viesina od\u0105. Su levand\u0173 vandeniu, pieno r\u016bg\u0161timi ir nat\u016braliais ekstraktais, 150 ml.\" \/>\n<meta name=\"robots\" content=\"index, follow, max-snippet:-1, max-image-preview:large, max-video-preview:-1\" \/>\n<link rel=\"canonical\" href=\"https:\/\/www.malinashop.lt\/lt_lt\/shop\/you-oil-face-wash-veido-prausiklis-150-ml\/\" \/>\n<meta property=\"og:locale\" content=\"lt_LT\" \/>\n<meta property=\"og:type\" content=\"article\" \/>\n<meta property=\"og:title\" content=\"YOU &amp; OIL FACE WASH veido prausiklis, 150 ml - MalinaShop.lt J\u016bs\u0173 sveikatai ir gro\u017eiui.\" \/>\n<meta property=\"og:description\" content=\"YOU &amp; OIL veido prausiklis FACE WASH \u2013 \u0161velniai valo, ramina ir \u0161viesina od\u0105. Su levand\u0173 vandeniu, pieno r\u016bg\u0161timi ir nat\u016braliais ekstraktais, 150 ml.\" \/>\n<meta property=\"og:url\" content=\"https:\/\/www.malinashop.lt\/lt_lt\/shop\/you-oil-face-wash-veido-prausiklis-150-ml\/\" \/>\n<meta property=\"og:site_name\" content=\"MalinaShop.lt J\u016bs\u0173 sveikatai ir gro\u017eiui.\" \/>\n<meta property=\"article:modified_time\" content=\"2026-02-19T20:11:12+00:00\" \/>\n<meta property=\"og:image\" content=\"https:\/\/www.malinashop.lt\/wp-content\/uploads\/2025\/11\/4779059700303.png\" \/>\n\t<meta property=\"og:image:width\" content=\"1000\" \/>\n\t<meta property=\"og:image:height\" content=\"1000\" \/>\n\t<meta property=\"og:image:type\" content=\"image\/png\" \/>\n<meta name=\"twitter:card\" content=\"summary_large_image\" \/>\n<script type=\"application\/ld+json\" class=\"yoast-schema-graph\">{\"@context\":\"https:\\\/\\\/schema.org\",\"@graph\":[{\"@type\":\"WebPage\",\"@id\":\"https:\\\/\\\/www.malinashop.lt\\\/shop\\\/you-oil-face-wash-veido-prausiklis-150-ml\\\/\",\"url\":\"https:\\\/\\\/www.malinashop.lt\\\/shop\\\/you-oil-face-wash-veido-prausiklis-150-ml\\\/\",\"name\":\"YOU & OIL FACE WASH veido prausiklis, 150 ml - MalinaShop.lt J\u016bs\u0173 sveikatai ir gro\u017eiui.\",\"isPartOf\":{\"@id\":\"https:\\\/\\\/www.malinashop.lt\\\/#website\"},\"primaryImageOfPage\":{\"@id\":\"https:\\\/\\\/www.malinashop.lt\\\/shop\\\/you-oil-face-wash-veido-prausiklis-150-ml\\\/#primaryimage\"},\"image\":{\"@id\":\"https:\\\/\\\/www.malinashop.lt\\\/shop\\\/you-oil-face-wash-veido-prausiklis-150-ml\\\/#primaryimage\"},\"thumbnailUrl\":\"https:\\\/\\\/www.malinashop.lt\\\/wp-content\\\/uploads\\\/2025\\\/11\\\/4779059700303.png\",\"datePublished\":\"2025-11-25T15:33:41+00:00\",\"dateModified\":\"2026-02-19T20:11:12+00:00\",\"description\":\"YOU & OIL veido prausiklis FACE WASH \u2013 \u0161velniai valo, ramina ir \u0161viesina od\u0105. Su levand\u0173 vandeniu, pieno r\u016bg\u0161timi ir nat\u016braliais ekstraktais, 150 ml.\",\"breadcrumb\":{\"@id\":\"https:\\\/\\\/www.malinashop.lt\\\/shop\\\/you-oil-face-wash-veido-prausiklis-150-ml\\\/#breadcrumb\"},\"inLanguage\":\"lt-LT\",\"potentialAction\":[{\"@type\":\"ReadAction\",\"target\":[\"https:\\\/\\\/www.malinashop.lt\\\/shop\\\/you-oil-face-wash-veido-prausiklis-150-ml\\\/\"]}]},{\"@type\":\"ImageObject\",\"inLanguage\":\"lt-LT\",\"@id\":\"https:\\\/\\\/www.malinashop.lt\\\/shop\\\/you-oil-face-wash-veido-prausiklis-150-ml\\\/#primaryimage\",\"url\":\"https:\\\/\\\/www.malinashop.lt\\\/wp-content\\\/uploads\\\/2025\\\/11\\\/4779059700303.png\",\"contentUrl\":\"https:\\\/\\\/www.malinashop.lt\\\/wp-content\\\/uploads\\\/2025\\\/11\\\/4779059700303.png\",\"width\":1000,\"height\":1000},{\"@type\":\"BreadcrumbList\",\"@id\":\"https:\\\/\\\/www.malinashop.lt\\\/shop\\\/you-oil-face-wash-veido-prausiklis-150-ml\\\/#breadcrumb\",\"itemListElement\":[{\"@type\":\"ListItem\",\"position\":1,\"name\":\"Pagrindinis\",\"item\":\"https:\\\/\\\/www.malinashop.lt\\\/\"},{\"@type\":\"ListItem\",\"position\":2,\"name\":\"Parduotuv\u0117\",\"item\":\"https:\\\/\\\/www.malinashop.lt\\\/en\\\/parduotuve\\\/\"},{\"@type\":\"ListItem\",\"position\":3,\"name\":\"YOU &#038; OIL FACE WASH veido prausiklis, 150 ml\"}]},{\"@type\":\"WebSite\",\"@id\":\"https:\\\/\\\/www.malinashop.lt\\\/#website\",\"url\":\"https:\\\/\\\/www.malinashop.lt\\\/\",\"name\":\"COM Group Ecommerce\",\"description\":\"MalinaShop.lt - Gro\u017eio ir sveikatos produktai i\u0161 patikim\u0173 preki\u0173 \u017eenkl\u0173. Atraskite auk\u0161tos kokyb\u0117s kosmetik\u0105 u\u017e puiki\u0105 kain\u0105.\",\"publisher\":{\"@id\":\"https:\\\/\\\/www.malinashop.lt\\\/#organization\"},\"potentialAction\":[{\"@type\":\"SearchAction\",\"target\":{\"@type\":\"EntryPoint\",\"urlTemplate\":\"https:\\\/\\\/www.malinashop.lt\\\/?s={search_term_string}\"},\"query-input\":{\"@type\":\"PropertyValueSpecification\",\"valueRequired\":true,\"valueName\":\"search_term_string\"}}],\"inLanguage\":\"lt-LT\"},{\"@type\":\"Organization\",\"@id\":\"https:\\\/\\\/www.malinashop.lt\\\/#organization\",\"name\":\"COM Group Ecommerce\",\"url\":\"https:\\\/\\\/www.malinashop.lt\\\/\",\"logo\":{\"@type\":\"ImageObject\",\"inLanguage\":\"lt-LT\",\"@id\":\"https:\\\/\\\/www.malinashop.lt\\\/#\\\/schema\\\/logo\\\/image\\\/\",\"url\":\"https:\\\/\\\/www.malinashop.lt\\\/wp-content\\\/uploads\\\/2024\\\/08\\\/462559670_3787732518133670_9795632669273463_n-e1731525914575.png\",\"contentUrl\":\"https:\\\/\\\/www.malinashop.lt\\\/wp-content\\\/uploads\\\/2024\\\/08\\\/462559670_3787732518133670_9795632669273463_n-e1731525914575.png\",\"width\":180,\"height\":60,\"caption\":\"COM Group Ecommerce\"},\"image\":{\"@id\":\"https:\\\/\\\/www.malinashop.lt\\\/#\\\/schema\\\/logo\\\/image\\\/\"}}]}<\/script>\n<!-- \/ Yoast SEO plugin. -->","yoast_head_json":{"title":"YOU & OIL FACE WASH veido prausiklis, 150 ml - MalinaShop.lt J\u016bs\u0173 sveikatai ir gro\u017eiui.","description":"YOU & OIL veido prausiklis FACE WASH \u2013 \u0161velniai valo, ramina ir \u0161viesina od\u0105. Su levand\u0173 vandeniu, pieno r\u016bg\u0161timi ir nat\u016braliais ekstraktais, 150 ml.","robots":{"index":"index","follow":"follow","max-snippet":"max-snippet:-1","max-image-preview":"max-image-preview:large","max-video-preview":"max-video-preview:-1"},"canonical":"https:\/\/www.malinashop.lt\/lt_lt\/shop\/you-oil-face-wash-veido-prausiklis-150-ml\/","og_locale":"lt_LT","og_type":"article","og_title":"YOU & OIL FACE WASH veido prausiklis, 150 ml - MalinaShop.lt J\u016bs\u0173 sveikatai ir gro\u017eiui.","og_description":"YOU & OIL veido prausiklis FACE WASH \u2013 \u0161velniai valo, ramina ir \u0161viesina od\u0105. Su levand\u0173 vandeniu, pieno r\u016bg\u0161timi ir nat\u016braliais ekstraktais, 150 ml.","og_url":"https:\/\/www.malinashop.lt\/lt_lt\/shop\/you-oil-face-wash-veido-prausiklis-150-ml\/","og_site_name":"MalinaShop.lt J\u016bs\u0173 sveikatai ir gro\u017eiui.","article_modified_time":"2026-02-19T20:11:12+00:00","og_image":[{"width":1000,"height":1000,"url":"https:\/\/www.malinashop.lt\/wp-content\/uploads\/2025\/11\/4779059700303.png","type":"image\/png"}],"twitter_card":"summary_large_image","schema":{"@context":"https:\/\/schema.org","@graph":[{"@type":"WebPage","@id":"https:\/\/www.malinashop.lt\/shop\/you-oil-face-wash-veido-prausiklis-150-ml\/","url":"https:\/\/www.malinashop.lt\/shop\/you-oil-face-wash-veido-prausiklis-150-ml\/","name":"YOU & OIL FACE WASH veido prausiklis, 150 ml - MalinaShop.lt J\u016bs\u0173 sveikatai ir gro\u017eiui.","isPartOf":{"@id":"https:\/\/www.malinashop.lt\/#website"},"primaryImageOfPage":{"@id":"https:\/\/www.malinashop.lt\/shop\/you-oil-face-wash-veido-prausiklis-150-ml\/#primaryimage"},"image":{"@id":"https:\/\/www.malinashop.lt\/shop\/you-oil-face-wash-veido-prausiklis-150-ml\/#primaryimage"},"thumbnailUrl":"https:\/\/www.malinashop.lt\/wp-content\/uploads\/2025\/11\/4779059700303.png","datePublished":"2025-11-25T15:33:41+00:00","dateModified":"2026-02-19T20:11:12+00:00","description":"YOU & OIL veido prausiklis FACE WASH \u2013 \u0161velniai valo, ramina ir \u0161viesina od\u0105. Su levand\u0173 vandeniu, pieno r\u016bg\u0161timi ir nat\u016braliais ekstraktais, 150 ml.","breadcrumb":{"@id":"https:\/\/www.malinashop.lt\/shop\/you-oil-face-wash-veido-prausiklis-150-ml\/#breadcrumb"},"inLanguage":"lt-LT","potentialAction":[{"@type":"ReadAction","target":["https:\/\/www.malinashop.lt\/shop\/you-oil-face-wash-veido-prausiklis-150-ml\/"]}]},{"@type":"ImageObject","inLanguage":"lt-LT","@id":"https:\/\/www.malinashop.lt\/shop\/you-oil-face-wash-veido-prausiklis-150-ml\/#primaryimage","url":"https:\/\/www.malinashop.lt\/wp-content\/uploads\/2025\/11\/4779059700303.png","contentUrl":"https:\/\/www.malinashop.lt\/wp-content\/uploads\/2025\/11\/4779059700303.png","width":1000,"height":1000},{"@type":"BreadcrumbList","@id":"https:\/\/www.malinashop.lt\/shop\/you-oil-face-wash-veido-prausiklis-150-ml\/#breadcrumb","itemListElement":[{"@type":"ListItem","position":1,"name":"Pagrindinis","item":"https:\/\/www.malinashop.lt\/"},{"@type":"ListItem","position":2,"name":"Parduotuv\u0117","item":"https:\/\/www.malinashop.lt\/en\/parduotuve\/"},{"@type":"ListItem","position":3,"name":"YOU &#038; OIL FACE WASH veido prausiklis, 150 ml"}]},{"@type":"WebSite","@id":"https:\/\/www.malinashop.lt\/#website","url":"https:\/\/www.malinashop.lt\/","name":"COM Group Ecommerce","description":"MalinaShop.lt - Gro\u017eio ir sveikatos produktai i\u0161 patikim\u0173 preki\u0173 \u017eenkl\u0173. Atraskite auk\u0161tos kokyb\u0117s kosmetik\u0105 u\u017e puiki\u0105 kain\u0105.","publisher":{"@id":"https:\/\/www.malinashop.lt\/#organization"},"potentialAction":[{"@type":"SearchAction","target":{"@type":"EntryPoint","urlTemplate":"https:\/\/www.malinashop.lt\/?s={search_term_string}"},"query-input":{"@type":"PropertyValueSpecification","valueRequired":true,"valueName":"search_term_string"}}],"inLanguage":"lt-LT"},{"@type":"Organization","@id":"https:\/\/www.malinashop.lt\/#organization","name":"COM Group Ecommerce","url":"https:\/\/www.malinashop.lt\/","logo":{"@type":"ImageObject","inLanguage":"lt-LT","@id":"https:\/\/www.malinashop.lt\/#\/schema\/logo\/image\/","url":"https:\/\/www.malinashop.lt\/wp-content\/uploads\/2024\/08\/462559670_3787732518133670_9795632669273463_n-e1731525914575.png","contentUrl":"https:\/\/www.malinashop.lt\/wp-content\/uploads\/2024\/08\/462559670_3787732518133670_9795632669273463_n-e1731525914575.png","width":180,"height":60,"caption":"COM Group Ecommerce"},"image":{"@id":"https:\/\/www.malinashop.lt\/#\/schema\/logo\/image\/"}}]}},"jetpack_sharing_enabled":true,"_links":{"self":[{"href":"https:\/\/www.malinashop.lt\/lt_lt\/wp-json\/wp\/v2\/product\/71590","targetHints":{"allow":["GET"]}}],"collection":[{"href":"https:\/\/www.malinashop.lt\/lt_lt\/wp-json\/wp\/v2\/product"}],"about":[{"href":"https:\/\/www.malinashop.lt\/lt_lt\/wp-json\/wp\/v2\/types\/product"}],"version-history":[{"count":2,"href":"https:\/\/www.malinashop.lt\/lt_lt\/wp-json\/wp\/v2\/product\/71590\/revisions"}],"predecessor-version":[{"id":73176,"href":"https:\/\/www.malinashop.lt\/lt_lt\/wp-json\/wp\/v2\/product\/71590\/revisions\/73176"}],"wp:featuredmedia":[{"embeddable":true,"href":"https:\/\/www.malinashop.lt\/lt_lt\/wp-json\/wp\/v2\/media\/68847"}],"wp:attachment":[{"href":"https:\/\/www.malinashop.lt\/lt_lt\/wp-json\/wp\/v2\/media?parent=71590"}],"wp:term":[{"taxonomy":"product_brand","embeddable":true,"href":"https:\/\/www.malinashop.lt\/lt_lt\/wp-json\/wp\/v2\/product_brand?post=71590"},{"taxonomy":"product_cat","embeddable":true,"href":"https:\/\/www.malinashop.lt\/lt_lt\/wp-json\/wp\/v2\/product_cat?post=71590"},{"taxonomy":"product_tag","embeddable":true,"href":"https:\/\/www.malinashop.lt\/lt_lt\/wp-json\/wp\/v2\/product_tag?post=71590"}],"curies":[{"name":"wp","href":"https:\/\/api.w.org\/{rel}","templated":true}]}}