{"id":71588,"date":"2025-11-25T18:33:41","date_gmt":"2025-11-25T15:33:41","guid":{"rendered":"https:\/\/malinashop.lt\/?post_type=product&#038;p=71588"},"modified":"2026-02-19T23:11:14","modified_gmt":"2026-02-19T20:11:14","slug":"you-oil-eye-makeup-remover-akiu-makiazo-valiklis-50-ml","status":"publish","type":"product","link":"https:\/\/www.malinashop.lt\/lt_lt\/shop\/you-oil-eye-makeup-remover-akiu-makiazo-valiklis-50-ml\/","title":{"rendered":"YOU &#038; OIL EYE MAKEUP REMOVER aki\u0173 makia\u017eo valiklis, 50 ml"},"content":{"rendered":"<p data-start=\"70\" data-end=\"372\"><strong data-start=\"70\" data-end=\"102\">YOU &amp; OIL EYE MAKEUP REMOVER<\/strong> \u2013 tai aliejaus pagrindu sukurtas dvigubo poveikio aki\u0173 makia\u017eo valiklis ir blakstien\u0173 prie\u017ei\u016bros priemon\u0117. \u0160is \u0161velnus, ta\u010diau itin efektyvus valomasis aliejus ne tik lengvai pa\u0161alina net vandeniui atspar\u0173 aki\u0173 makia\u017e\u0105, bet ir r\u016bpinasi blakstien\u0173 bei paaki\u0173 odos b\u016bkle.<\/p>\n<p data-start=\"374\" data-end=\"738\">Formul\u0117 praturtinta <strong data-start=\"394\" data-end=\"414\">ricinos aliejumi<\/strong>, kuris stiprina blakstienas, skatina j\u0173 augim\u0105 ir padeda apsaugoti nuo l\u016b\u017ein\u0117jimo. <strong data-start=\"498\" data-end=\"537\">Migdol\u0173 ir ry\u017ei\u0173 branduoli\u0173 aliejai<\/strong>, turtingi vitaminais ir riebal\u0173 r\u016bg\u0161timis, intensyviai mink\u0161tina, skaistina paaki\u0173 od\u0105 bei padeda i\u0161laikyti jos komfort\u0105. Valiklis tinka net jautriai odai, nedirgina aki\u0173 ir nepalieka riebaus poj\u016b\u010dio.<\/p>\n<p data-start=\"740\" data-end=\"861\">Produktas pagamintas i\u0161 <strong data-start=\"764\" data-end=\"802\">nat\u016brali\u0173 ir organini\u0173 ingredient\u0173<\/strong>, tod\u0117l puikiai tinka kasdieniam naudojimui vis\u0173 tip\u0173 odai.<\/p>\n<p data-start=\"863\" data-end=\"1004\"><strong data-start=\"863\" data-end=\"878\">Naudojimas:<\/strong><br data-start=\"878\" data-end=\"881\" \/>Ant sudr\u0117kinto vatos tampon\u0117lio u\u017ela\u0161inkite kelis la\u0161us valomojo aliejaus ir \u0161velniai nuvalykite blakstienas bei aki\u0173 zon\u0105.<\/p>\n","protected":false},"excerpt":{"rendered":"<p data-start=\"1047\" data-end=\"1206\">Nat\u016bralus aliejaus pagrindo aki\u0173 makia\u017eo valiklis, kuris \u0161velniai pa\u0161alina net vandeniui atspar\u0173 makia\u017e\u0105, stiprina blakstienas ir puosel\u0117ja jautri\u0105 paaki\u0173 od\u0105.<\/p>\n","protected":false},"featured_media":68843,"template":"","meta":[],"product_brand":[1551],"product_cat":[537,728],"product_tag":[1630],"class_list":{"0":"post-71588","1":"product","2":"type-product","3":"status-publish","4":"has-post-thumbnail","6":"product_brand-you-and-oil","7":"product_cat-veido-valymo-priemones","8":"product_cat-veidui","9":"product_tag-you-oil","11":"first","12":"instock","13":"purchasable","14":"product-type-simple"},"yoast_head":"<!-- This site is optimized with the Yoast SEO plugin v27.4 - https:\/\/yoast.com\/product\/yoast-seo-wordpress\/ -->\n<title>YOU &amp; OIL EYE MAKEUP REMOVER aki\u0173 makia\u017eo valiklis, 50 ml - MalinaShop.lt J\u016bs\u0173 sveikatai ir gro\u017eiui.<\/title>\n<meta name=\"description\" content=\"YOU &amp; OIL aki\u0173 makia\u017eo valiklis \u2013 nat\u016bralus aliejinis valiklis su ricinos aliejumi. \u0160velniai nuvalo makia\u017e\u0105, stiprina blakstienas ir tinka jautriai odai.\" \/>\n<meta name=\"robots\" content=\"index, follow, max-snippet:-1, max-image-preview:large, max-video-preview:-1\" \/>\n<link rel=\"canonical\" href=\"https:\/\/www.malinashop.lt\/lt_lt\/shop\/you-oil-eye-makeup-remover-akiu-makiazo-valiklis-50-ml\/\" \/>\n<meta property=\"og:locale\" content=\"lt_LT\" \/>\n<meta property=\"og:type\" content=\"article\" \/>\n<meta property=\"og:title\" content=\"YOU &amp; OIL EYE MAKEUP REMOVER aki\u0173 makia\u017eo valiklis, 50 ml - MalinaShop.lt J\u016bs\u0173 sveikatai ir gro\u017eiui.\" \/>\n<meta property=\"og:description\" content=\"YOU &amp; OIL aki\u0173 makia\u017eo valiklis \u2013 nat\u016bralus aliejinis valiklis su ricinos aliejumi. \u0160velniai nuvalo makia\u017e\u0105, stiprina blakstienas ir tinka jautriai odai.\" \/>\n<meta property=\"og:url\" content=\"https:\/\/www.malinashop.lt\/lt_lt\/shop\/you-oil-eye-makeup-remover-akiu-makiazo-valiklis-50-ml\/\" \/>\n<meta property=\"og:site_name\" content=\"MalinaShop.lt J\u016bs\u0173 sveikatai ir gro\u017eiui.\" \/>\n<meta property=\"article:modified_time\" content=\"2026-02-19T20:11:14+00:00\" \/>\n<meta property=\"og:image\" content=\"https:\/\/www.malinashop.lt\/wp-content\/uploads\/2025\/11\/4779059700297.png\" \/>\n\t<meta property=\"og:image:width\" content=\"1000\" \/>\n\t<meta property=\"og:image:height\" content=\"1000\" \/>\n\t<meta property=\"og:image:type\" content=\"image\/png\" \/>\n<meta name=\"twitter:card\" content=\"summary_large_image\" \/>\n<script type=\"application\/ld+json\" class=\"yoast-schema-graph\">{\"@context\":\"https:\\\/\\\/schema.org\",\"@graph\":[{\"@type\":\"WebPage\",\"@id\":\"https:\\\/\\\/www.malinashop.lt\\\/shop\\\/you-oil-eye-makeup-remover-akiu-makiazo-valiklis-50-ml\\\/\",\"url\":\"https:\\\/\\\/www.malinashop.lt\\\/shop\\\/you-oil-eye-makeup-remover-akiu-makiazo-valiklis-50-ml\\\/\",\"name\":\"YOU & OIL EYE MAKEUP REMOVER aki\u0173 makia\u017eo valiklis, 50 ml - MalinaShop.lt J\u016bs\u0173 sveikatai ir gro\u017eiui.\",\"isPartOf\":{\"@id\":\"https:\\\/\\\/www.malinashop.lt\\\/#website\"},\"primaryImageOfPage\":{\"@id\":\"https:\\\/\\\/www.malinashop.lt\\\/shop\\\/you-oil-eye-makeup-remover-akiu-makiazo-valiklis-50-ml\\\/#primaryimage\"},\"image\":{\"@id\":\"https:\\\/\\\/www.malinashop.lt\\\/shop\\\/you-oil-eye-makeup-remover-akiu-makiazo-valiklis-50-ml\\\/#primaryimage\"},\"thumbnailUrl\":\"https:\\\/\\\/www.malinashop.lt\\\/wp-content\\\/uploads\\\/2025\\\/11\\\/4779059700297.png\",\"datePublished\":\"2025-11-25T15:33:41+00:00\",\"dateModified\":\"2026-02-19T20:11:14+00:00\",\"description\":\"YOU & OIL aki\u0173 makia\u017eo valiklis \u2013 nat\u016bralus aliejinis valiklis su ricinos aliejumi. \u0160velniai nuvalo makia\u017e\u0105, stiprina blakstienas ir tinka jautriai odai.\",\"breadcrumb\":{\"@id\":\"https:\\\/\\\/www.malinashop.lt\\\/shop\\\/you-oil-eye-makeup-remover-akiu-makiazo-valiklis-50-ml\\\/#breadcrumb\"},\"inLanguage\":\"lt-LT\",\"potentialAction\":[{\"@type\":\"ReadAction\",\"target\":[\"https:\\\/\\\/www.malinashop.lt\\\/shop\\\/you-oil-eye-makeup-remover-akiu-makiazo-valiklis-50-ml\\\/\"]}]},{\"@type\":\"ImageObject\",\"inLanguage\":\"lt-LT\",\"@id\":\"https:\\\/\\\/www.malinashop.lt\\\/shop\\\/you-oil-eye-makeup-remover-akiu-makiazo-valiklis-50-ml\\\/#primaryimage\",\"url\":\"https:\\\/\\\/www.malinashop.lt\\\/wp-content\\\/uploads\\\/2025\\\/11\\\/4779059700297.png\",\"contentUrl\":\"https:\\\/\\\/www.malinashop.lt\\\/wp-content\\\/uploads\\\/2025\\\/11\\\/4779059700297.png\",\"width\":1000,\"height\":1000},{\"@type\":\"BreadcrumbList\",\"@id\":\"https:\\\/\\\/www.malinashop.lt\\\/shop\\\/you-oil-eye-makeup-remover-akiu-makiazo-valiklis-50-ml\\\/#breadcrumb\",\"itemListElement\":[{\"@type\":\"ListItem\",\"position\":1,\"name\":\"Pagrindinis\",\"item\":\"https:\\\/\\\/www.malinashop.lt\\\/\"},{\"@type\":\"ListItem\",\"position\":2,\"name\":\"Parduotuv\u0117\",\"item\":\"https:\\\/\\\/www.malinashop.lt\\\/en\\\/parduotuve\\\/\"},{\"@type\":\"ListItem\",\"position\":3,\"name\":\"YOU &#038; OIL EYE MAKEUP REMOVER aki\u0173 makia\u017eo valiklis, 50 ml\"}]},{\"@type\":\"WebSite\",\"@id\":\"https:\\\/\\\/www.malinashop.lt\\\/#website\",\"url\":\"https:\\\/\\\/www.malinashop.lt\\\/\",\"name\":\"COM Group Ecommerce\",\"description\":\"MalinaShop.lt - Gro\u017eio ir sveikatos produktai i\u0161 patikim\u0173 preki\u0173 \u017eenkl\u0173. Atraskite auk\u0161tos kokyb\u0117s kosmetik\u0105 u\u017e puiki\u0105 kain\u0105.\",\"publisher\":{\"@id\":\"https:\\\/\\\/www.malinashop.lt\\\/#organization\"},\"potentialAction\":[{\"@type\":\"SearchAction\",\"target\":{\"@type\":\"EntryPoint\",\"urlTemplate\":\"https:\\\/\\\/www.malinashop.lt\\\/?s={search_term_string}\"},\"query-input\":{\"@type\":\"PropertyValueSpecification\",\"valueRequired\":true,\"valueName\":\"search_term_string\"}}],\"inLanguage\":\"lt-LT\"},{\"@type\":\"Organization\",\"@id\":\"https:\\\/\\\/www.malinashop.lt\\\/#organization\",\"name\":\"COM Group Ecommerce\",\"url\":\"https:\\\/\\\/www.malinashop.lt\\\/\",\"logo\":{\"@type\":\"ImageObject\",\"inLanguage\":\"lt-LT\",\"@id\":\"https:\\\/\\\/www.malinashop.lt\\\/#\\\/schema\\\/logo\\\/image\\\/\",\"url\":\"https:\\\/\\\/www.malinashop.lt\\\/wp-content\\\/uploads\\\/2024\\\/08\\\/462559670_3787732518133670_9795632669273463_n-e1731525914575.png\",\"contentUrl\":\"https:\\\/\\\/www.malinashop.lt\\\/wp-content\\\/uploads\\\/2024\\\/08\\\/462559670_3787732518133670_9795632669273463_n-e1731525914575.png\",\"width\":180,\"height\":60,\"caption\":\"COM Group Ecommerce\"},\"image\":{\"@id\":\"https:\\\/\\\/www.malinashop.lt\\\/#\\\/schema\\\/logo\\\/image\\\/\"}}]}<\/script>\n<!-- \/ Yoast SEO plugin. -->","yoast_head_json":{"title":"YOU & OIL EYE MAKEUP REMOVER aki\u0173 makia\u017eo valiklis, 50 ml - MalinaShop.lt J\u016bs\u0173 sveikatai ir gro\u017eiui.","description":"YOU & OIL aki\u0173 makia\u017eo valiklis \u2013 nat\u016bralus aliejinis valiklis su ricinos aliejumi. \u0160velniai nuvalo makia\u017e\u0105, stiprina blakstienas ir tinka jautriai odai.","robots":{"index":"index","follow":"follow","max-snippet":"max-snippet:-1","max-image-preview":"max-image-preview:large","max-video-preview":"max-video-preview:-1"},"canonical":"https:\/\/www.malinashop.lt\/lt_lt\/shop\/you-oil-eye-makeup-remover-akiu-makiazo-valiklis-50-ml\/","og_locale":"lt_LT","og_type":"article","og_title":"YOU & OIL EYE MAKEUP REMOVER aki\u0173 makia\u017eo valiklis, 50 ml - MalinaShop.lt J\u016bs\u0173 sveikatai ir gro\u017eiui.","og_description":"YOU & OIL aki\u0173 makia\u017eo valiklis \u2013 nat\u016bralus aliejinis valiklis su ricinos aliejumi. \u0160velniai nuvalo makia\u017e\u0105, stiprina blakstienas ir tinka jautriai odai.","og_url":"https:\/\/www.malinashop.lt\/lt_lt\/shop\/you-oil-eye-makeup-remover-akiu-makiazo-valiklis-50-ml\/","og_site_name":"MalinaShop.lt J\u016bs\u0173 sveikatai ir gro\u017eiui.","article_modified_time":"2026-02-19T20:11:14+00:00","og_image":[{"width":1000,"height":1000,"url":"https:\/\/www.malinashop.lt\/wp-content\/uploads\/2025\/11\/4779059700297.png","type":"image\/png"}],"twitter_card":"summary_large_image","schema":{"@context":"https:\/\/schema.org","@graph":[{"@type":"WebPage","@id":"https:\/\/www.malinashop.lt\/shop\/you-oil-eye-makeup-remover-akiu-makiazo-valiklis-50-ml\/","url":"https:\/\/www.malinashop.lt\/shop\/you-oil-eye-makeup-remover-akiu-makiazo-valiklis-50-ml\/","name":"YOU & OIL EYE MAKEUP REMOVER aki\u0173 makia\u017eo valiklis, 50 ml - MalinaShop.lt J\u016bs\u0173 sveikatai ir gro\u017eiui.","isPartOf":{"@id":"https:\/\/www.malinashop.lt\/#website"},"primaryImageOfPage":{"@id":"https:\/\/www.malinashop.lt\/shop\/you-oil-eye-makeup-remover-akiu-makiazo-valiklis-50-ml\/#primaryimage"},"image":{"@id":"https:\/\/www.malinashop.lt\/shop\/you-oil-eye-makeup-remover-akiu-makiazo-valiklis-50-ml\/#primaryimage"},"thumbnailUrl":"https:\/\/www.malinashop.lt\/wp-content\/uploads\/2025\/11\/4779059700297.png","datePublished":"2025-11-25T15:33:41+00:00","dateModified":"2026-02-19T20:11:14+00:00","description":"YOU & OIL aki\u0173 makia\u017eo valiklis \u2013 nat\u016bralus aliejinis valiklis su ricinos aliejumi. \u0160velniai nuvalo makia\u017e\u0105, stiprina blakstienas ir tinka jautriai odai.","breadcrumb":{"@id":"https:\/\/www.malinashop.lt\/shop\/you-oil-eye-makeup-remover-akiu-makiazo-valiklis-50-ml\/#breadcrumb"},"inLanguage":"lt-LT","potentialAction":[{"@type":"ReadAction","target":["https:\/\/www.malinashop.lt\/shop\/you-oil-eye-makeup-remover-akiu-makiazo-valiklis-50-ml\/"]}]},{"@type":"ImageObject","inLanguage":"lt-LT","@id":"https:\/\/www.malinashop.lt\/shop\/you-oil-eye-makeup-remover-akiu-makiazo-valiklis-50-ml\/#primaryimage","url":"https:\/\/www.malinashop.lt\/wp-content\/uploads\/2025\/11\/4779059700297.png","contentUrl":"https:\/\/www.malinashop.lt\/wp-content\/uploads\/2025\/11\/4779059700297.png","width":1000,"height":1000},{"@type":"BreadcrumbList","@id":"https:\/\/www.malinashop.lt\/shop\/you-oil-eye-makeup-remover-akiu-makiazo-valiklis-50-ml\/#breadcrumb","itemListElement":[{"@type":"ListItem","position":1,"name":"Pagrindinis","item":"https:\/\/www.malinashop.lt\/"},{"@type":"ListItem","position":2,"name":"Parduotuv\u0117","item":"https:\/\/www.malinashop.lt\/en\/parduotuve\/"},{"@type":"ListItem","position":3,"name":"YOU &#038; OIL EYE MAKEUP REMOVER aki\u0173 makia\u017eo valiklis, 50 ml"}]},{"@type":"WebSite","@id":"https:\/\/www.malinashop.lt\/#website","url":"https:\/\/www.malinashop.lt\/","name":"COM Group Ecommerce","description":"MalinaShop.lt - Gro\u017eio ir sveikatos produktai i\u0161 patikim\u0173 preki\u0173 \u017eenkl\u0173. Atraskite auk\u0161tos kokyb\u0117s kosmetik\u0105 u\u017e puiki\u0105 kain\u0105.","publisher":{"@id":"https:\/\/www.malinashop.lt\/#organization"},"potentialAction":[{"@type":"SearchAction","target":{"@type":"EntryPoint","urlTemplate":"https:\/\/www.malinashop.lt\/?s={search_term_string}"},"query-input":{"@type":"PropertyValueSpecification","valueRequired":true,"valueName":"search_term_string"}}],"inLanguage":"lt-LT"},{"@type":"Organization","@id":"https:\/\/www.malinashop.lt\/#organization","name":"COM Group Ecommerce","url":"https:\/\/www.malinashop.lt\/","logo":{"@type":"ImageObject","inLanguage":"lt-LT","@id":"https:\/\/www.malinashop.lt\/#\/schema\/logo\/image\/","url":"https:\/\/www.malinashop.lt\/wp-content\/uploads\/2024\/08\/462559670_3787732518133670_9795632669273463_n-e1731525914575.png","contentUrl":"https:\/\/www.malinashop.lt\/wp-content\/uploads\/2024\/08\/462559670_3787732518133670_9795632669273463_n-e1731525914575.png","width":180,"height":60,"caption":"COM Group Ecommerce"},"image":{"@id":"https:\/\/www.malinashop.lt\/#\/schema\/logo\/image\/"}}]}},"jetpack_sharing_enabled":true,"_links":{"self":[{"href":"https:\/\/www.malinashop.lt\/lt_lt\/wp-json\/wp\/v2\/product\/71588","targetHints":{"allow":["GET"]}}],"collection":[{"href":"https:\/\/www.malinashop.lt\/lt_lt\/wp-json\/wp\/v2\/product"}],"about":[{"href":"https:\/\/www.malinashop.lt\/lt_lt\/wp-json\/wp\/v2\/types\/product"}],"version-history":[{"count":2,"href":"https:\/\/www.malinashop.lt\/lt_lt\/wp-json\/wp\/v2\/product\/71588\/revisions"}],"predecessor-version":[{"id":73175,"href":"https:\/\/www.malinashop.lt\/lt_lt\/wp-json\/wp\/v2\/product\/71588\/revisions\/73175"}],"wp:featuredmedia":[{"embeddable":true,"href":"https:\/\/www.malinashop.lt\/lt_lt\/wp-json\/wp\/v2\/media\/68843"}],"wp:attachment":[{"href":"https:\/\/www.malinashop.lt\/lt_lt\/wp-json\/wp\/v2\/media?parent=71588"}],"wp:term":[{"taxonomy":"product_brand","embeddable":true,"href":"https:\/\/www.malinashop.lt\/lt_lt\/wp-json\/wp\/v2\/product_brand?post=71588"},{"taxonomy":"product_cat","embeddable":true,"href":"https:\/\/www.malinashop.lt\/lt_lt\/wp-json\/wp\/v2\/product_cat?post=71588"},{"taxonomy":"product_tag","embeddable":true,"href":"https:\/\/www.malinashop.lt\/lt_lt\/wp-json\/wp\/v2\/product_tag?post=71588"}],"curies":[{"name":"wp","href":"https:\/\/api.w.org\/{rel}","templated":true}]}}