{"id":71586,"date":"2025-11-25T18:33:41","date_gmt":"2025-11-25T15:33:41","guid":{"rendered":"https:\/\/malinashop.lt\/?post_type=product&#038;p=71586"},"modified":"2026-02-19T23:11:15","modified_gmt":"2026-02-19T20:11:15","slug":"you-oil-balancing-serum-balansuojamasis-serumas-su-fitosomomis-30-ml","status":"publish","type":"product","link":"https:\/\/www.malinashop.lt\/lt_lt\/shop\/you-oil-balancing-serum-balansuojamasis-serumas-su-fitosomomis-30-ml\/","title":{"rendered":"YOU &#038; OIL BALANCING SERUM balansuojamasis serumas su fitosomomis, 30 ml"},"content":{"rendered":"<p data-start=\"208\" data-end=\"542\"><strong data-start=\"208\" data-end=\"283\">YOU &amp; OIL balansuojamasis serumas su fitosomomis BALANCING SERUM, 30 ml<\/strong> \u2013 tai koncentruotas, greitai \u012fsigeriantis botanini\u0173 aliej\u0173 serumas, skirtas riebios ir mi\u0161rios odos balansui atkurti bei bendrai odos b\u016bklei pagerinti. Lengva, ta\u010diau sodri formul\u0117 giliai maitina od\u0105, neapsunkina jos ir padeda kontroliuoti riebal\u0173 pertekli\u0173.<\/p>\n<p data-start=\"544\" data-end=\"815\">Serumo sud\u0117tyje esantys <strong data-start=\"568\" data-end=\"624\">lazdyno rie\u0161ut\u0173, melion\u0173 ir ry\u017ei\u0173 branduoli\u0173 aliejai<\/strong> padeda subalansuoti odos i\u0161skiriam\u0105 sebum\u0105, ma\u017eina blizges\u012f ir prisideda prie \u0161varesn\u0117s, lygesn\u0117s odos i\u0161vaizdos. Reguliariai naudojant, oda atrodo gaivesn\u0117, skaistesn\u0117 ir vizualiai lygesn\u0117.<\/p>\n<p data-start=\"817\" data-end=\"1229\"><strong data-start=\"817\" data-end=\"858\">Judros aliejus ir alyvuogi\u0173 skvalanas<\/strong> intensyviai dr\u0117kina, saugo od\u0105 nuo i\u0161saus\u0117jimo bei padeda pagerinti smulki\u0173 rauk\u0161leli\u0173 i\u0161vaizd\u0105. <strong data-start=\"956\" data-end=\"975\">Kanang\u0173 aliejus<\/strong>, turtingas vitaminais C ir E, padeda suvienodinti odos ton\u0105 ir suteikia nat\u016bralaus \u0161vyt\u0117jimo. <strong data-start=\"1070\" data-end=\"1093\">Pelargonij\u0173 aliejus<\/strong> palaiko odos balans\u0105, o <strong data-start=\"1118\" data-end=\"1137\">levand\u0173 aliejus<\/strong> pasi\u017eymi antiseptin\u0117mis savyb\u0117mis, padedan\u010diomis kovoti su u\u017edegimais ir odos netobulumais.<\/p>\n<p data-start=\"1231\" data-end=\"1356\">Serumas idealiai tinka vakariniam odos prie\u017ei\u016bros ritualui \u2013 jis greitai \u012fsigeria ir gali b\u016bti naudojamas be papildomo kremo.<\/p>\n<p data-start=\"1358\" data-end=\"1527\"><strong data-start=\"1358\" data-end=\"1373\">Naudojimas:<\/strong><br data-start=\"1373\" data-end=\"1376\" \/>Tepkite kiekvien\u0105 vakar\u0105 ant \u0161varios, \u0161iek tiek dr\u0117gnos veido odos. \u0160velniai masa\u017euokite, kol serumas pilnai \u012fsigers. Papildomo kremo naudoti nereikia.<\/p>\n<p data-start=\"1529\" data-end=\"1672\"><strong data-start=\"1529\" data-end=\"1539\">Tinka:<\/strong> mi\u0161riai ir riebiai odai, taip pat normaliai bei sausai odai.<br data-start=\"1600\" data-end=\"1603\" \/><strong data-start=\"1603\" data-end=\"1615\">Sud\u0117tis:<\/strong> pagamintas i\u0161 organini\u0173 ir (arba) nat\u016brali\u0173 ingredient\u0173.<\/p>\n","protected":false},"excerpt":{"rendered":"<p data-start=\"1710\" data-end=\"1893\">Balansuojamasis veido serumas su fitosomomis riebiai ir mi\u0161riai odai. Greitai \u012fsigerianti formul\u0117 padeda reguliuoti sebum\u0105, ma\u017eina blizges\u012f, dr\u0117kina ir suteikia odai sveik\u0105 \u0161vyt\u0117jim\u0105.<\/p>\n","protected":false},"featured_media":68839,"template":"","meta":[],"product_brand":[1551],"product_cat":[550,728],"product_tag":[1630],"class_list":{"0":"post-71586","1":"product","2":"type-product","3":"status-publish","4":"has-post-thumbnail","6":"product_brand-you-and-oil","7":"product_cat-veido-serumai","8":"product_cat-veidui","9":"product_tag-you-oil","11":"first","12":"instock","13":"purchasable","14":"product-type-simple"},"yoast_head":"<!-- This site is optimized with the Yoast SEO plugin v27.4 - https:\/\/yoast.com\/product\/yoast-seo-wordpress\/ -->\n<title>YOU &amp; OIL BALANCING SERUM balansuojamasis serumas su fitosomomis, 30 ml - MalinaShop.lt J\u016bs\u0173 sveikatai ir gro\u017eiui.<\/title>\n<meta name=\"description\" content=\"Balansuojamasis veido serumas riebiai ir mi\u0161riai odai su fitosomomis. Padeda ma\u017einti blizges\u012f, dr\u0117kina, ramina ir suteikia odai sveik\u0105 \u0161vyt\u0117jim\u0105.\" \/>\n<meta name=\"robots\" content=\"index, follow, max-snippet:-1, max-image-preview:large, max-video-preview:-1\" \/>\n<link rel=\"canonical\" href=\"https:\/\/www.malinashop.lt\/lt_lt\/shop\/you-oil-balancing-serum-balansuojamasis-serumas-su-fitosomomis-30-ml\/\" \/>\n<meta property=\"og:locale\" content=\"lt_LT\" \/>\n<meta property=\"og:type\" content=\"article\" \/>\n<meta property=\"og:title\" content=\"YOU &amp; OIL BALANCING SERUM balansuojamasis serumas su fitosomomis, 30 ml - MalinaShop.lt J\u016bs\u0173 sveikatai ir gro\u017eiui.\" \/>\n<meta property=\"og:description\" content=\"Balansuojamasis veido serumas riebiai ir mi\u0161riai odai su fitosomomis. Padeda ma\u017einti blizges\u012f, dr\u0117kina, ramina ir suteikia odai sveik\u0105 \u0161vyt\u0117jim\u0105.\" \/>\n<meta property=\"og:url\" content=\"https:\/\/www.malinashop.lt\/lt_lt\/shop\/you-oil-balancing-serum-balansuojamasis-serumas-su-fitosomomis-30-ml\/\" \/>\n<meta property=\"og:site_name\" content=\"MalinaShop.lt J\u016bs\u0173 sveikatai ir gro\u017eiui.\" \/>\n<meta property=\"article:modified_time\" content=\"2026-02-19T20:11:15+00:00\" \/>\n<meta property=\"og:image\" content=\"https:\/\/www.malinashop.lt\/wp-content\/uploads\/2025\/11\/4779059700259.png\" \/>\n\t<meta property=\"og:image:width\" content=\"1000\" \/>\n\t<meta property=\"og:image:height\" content=\"1000\" \/>\n\t<meta property=\"og:image:type\" content=\"image\/png\" \/>\n<meta name=\"twitter:card\" content=\"summary_large_image\" \/>\n<script type=\"application\/ld+json\" class=\"yoast-schema-graph\">{\"@context\":\"https:\\\/\\\/schema.org\",\"@graph\":[{\"@type\":\"WebPage\",\"@id\":\"https:\\\/\\\/www.malinashop.lt\\\/lt_lt\\\/shop\\\/you-oil-balancing-serum-balansuojamasis-serumas-su-fitosomomis-30-ml\\\/\",\"url\":\"https:\\\/\\\/www.malinashop.lt\\\/lt_lt\\\/shop\\\/you-oil-balancing-serum-balansuojamasis-serumas-su-fitosomomis-30-ml\\\/\",\"name\":\"YOU & OIL BALANCING SERUM balansuojamasis serumas su fitosomomis, 30 ml - MalinaShop.lt J\u016bs\u0173 sveikatai ir gro\u017eiui.\",\"isPartOf\":{\"@id\":\"https:\\\/\\\/www.malinashop.lt\\\/#website\"},\"primaryImageOfPage\":{\"@id\":\"https:\\\/\\\/www.malinashop.lt\\\/lt_lt\\\/shop\\\/you-oil-balancing-serum-balansuojamasis-serumas-su-fitosomomis-30-ml\\\/#primaryimage\"},\"image\":{\"@id\":\"https:\\\/\\\/www.malinashop.lt\\\/lt_lt\\\/shop\\\/you-oil-balancing-serum-balansuojamasis-serumas-su-fitosomomis-30-ml\\\/#primaryimage\"},\"thumbnailUrl\":\"https:\\\/\\\/www.malinashop.lt\\\/wp-content\\\/uploads\\\/2025\\\/11\\\/4779059700259.png\",\"datePublished\":\"2025-11-25T15:33:41+00:00\",\"dateModified\":\"2026-02-19T20:11:15+00:00\",\"description\":\"Balansuojamasis veido serumas riebiai ir mi\u0161riai odai su fitosomomis. Padeda ma\u017einti blizges\u012f, dr\u0117kina, ramina ir suteikia odai sveik\u0105 \u0161vyt\u0117jim\u0105.\",\"breadcrumb\":{\"@id\":\"https:\\\/\\\/www.malinashop.lt\\\/lt_lt\\\/shop\\\/you-oil-balancing-serum-balansuojamasis-serumas-su-fitosomomis-30-ml\\\/#breadcrumb\"},\"inLanguage\":\"lt-LT\",\"potentialAction\":[{\"@type\":\"ReadAction\",\"target\":[\"https:\\\/\\\/www.malinashop.lt\\\/lt_lt\\\/shop\\\/you-oil-balancing-serum-balansuojamasis-serumas-su-fitosomomis-30-ml\\\/\"]}]},{\"@type\":\"ImageObject\",\"inLanguage\":\"lt-LT\",\"@id\":\"https:\\\/\\\/www.malinashop.lt\\\/lt_lt\\\/shop\\\/you-oil-balancing-serum-balansuojamasis-serumas-su-fitosomomis-30-ml\\\/#primaryimage\",\"url\":\"https:\\\/\\\/www.malinashop.lt\\\/wp-content\\\/uploads\\\/2025\\\/11\\\/4779059700259.png\",\"contentUrl\":\"https:\\\/\\\/www.malinashop.lt\\\/wp-content\\\/uploads\\\/2025\\\/11\\\/4779059700259.png\",\"width\":1000,\"height\":1000},{\"@type\":\"BreadcrumbList\",\"@id\":\"https:\\\/\\\/www.malinashop.lt\\\/lt_lt\\\/shop\\\/you-oil-balancing-serum-balansuojamasis-serumas-su-fitosomomis-30-ml\\\/#breadcrumb\",\"itemListElement\":[{\"@type\":\"ListItem\",\"position\":1,\"name\":\"Pagrindinis\",\"item\":\"https:\\\/\\\/www.malinashop.lt\\\/\"},{\"@type\":\"ListItem\",\"position\":2,\"name\":\"Parduotuv\u0117\",\"item\":\"https:\\\/\\\/www.malinashop.lt\\\/en\\\/parduotuve\\\/\"},{\"@type\":\"ListItem\",\"position\":3,\"name\":\"YOU &#038; OIL BALANCING SERUM balansuojamasis serumas su fitosomomis, 30 ml\"}]},{\"@type\":\"WebSite\",\"@id\":\"https:\\\/\\\/www.malinashop.lt\\\/#website\",\"url\":\"https:\\\/\\\/www.malinashop.lt\\\/\",\"name\":\"COM Group Ecommerce\",\"description\":\"MalinaShop.lt - Gro\u017eio ir sveikatos produktai i\u0161 patikim\u0173 preki\u0173 \u017eenkl\u0173. Atraskite auk\u0161tos kokyb\u0117s kosmetik\u0105 u\u017e puiki\u0105 kain\u0105.\",\"publisher\":{\"@id\":\"https:\\\/\\\/www.malinashop.lt\\\/#organization\"},\"potentialAction\":[{\"@type\":\"SearchAction\",\"target\":{\"@type\":\"EntryPoint\",\"urlTemplate\":\"https:\\\/\\\/www.malinashop.lt\\\/?s={search_term_string}\"},\"query-input\":{\"@type\":\"PropertyValueSpecification\",\"valueRequired\":true,\"valueName\":\"search_term_string\"}}],\"inLanguage\":\"lt-LT\"},{\"@type\":\"Organization\",\"@id\":\"https:\\\/\\\/www.malinashop.lt\\\/#organization\",\"name\":\"COM Group Ecommerce\",\"url\":\"https:\\\/\\\/www.malinashop.lt\\\/\",\"logo\":{\"@type\":\"ImageObject\",\"inLanguage\":\"lt-LT\",\"@id\":\"https:\\\/\\\/www.malinashop.lt\\\/#\\\/schema\\\/logo\\\/image\\\/\",\"url\":\"https:\\\/\\\/www.malinashop.lt\\\/wp-content\\\/uploads\\\/2024\\\/08\\\/462559670_3787732518133670_9795632669273463_n-e1731525914575.png\",\"contentUrl\":\"https:\\\/\\\/www.malinashop.lt\\\/wp-content\\\/uploads\\\/2024\\\/08\\\/462559670_3787732518133670_9795632669273463_n-e1731525914575.png\",\"width\":180,\"height\":60,\"caption\":\"COM Group Ecommerce\"},\"image\":{\"@id\":\"https:\\\/\\\/www.malinashop.lt\\\/#\\\/schema\\\/logo\\\/image\\\/\"}}]}<\/script>\n<!-- \/ Yoast SEO plugin. -->","yoast_head_json":{"title":"YOU & OIL BALANCING SERUM balansuojamasis serumas su fitosomomis, 30 ml - MalinaShop.lt J\u016bs\u0173 sveikatai ir gro\u017eiui.","description":"Balansuojamasis veido serumas riebiai ir mi\u0161riai odai su fitosomomis. Padeda ma\u017einti blizges\u012f, dr\u0117kina, ramina ir suteikia odai sveik\u0105 \u0161vyt\u0117jim\u0105.","robots":{"index":"index","follow":"follow","max-snippet":"max-snippet:-1","max-image-preview":"max-image-preview:large","max-video-preview":"max-video-preview:-1"},"canonical":"https:\/\/www.malinashop.lt\/lt_lt\/shop\/you-oil-balancing-serum-balansuojamasis-serumas-su-fitosomomis-30-ml\/","og_locale":"lt_LT","og_type":"article","og_title":"YOU & OIL BALANCING SERUM balansuojamasis serumas su fitosomomis, 30 ml - MalinaShop.lt J\u016bs\u0173 sveikatai ir gro\u017eiui.","og_description":"Balansuojamasis veido serumas riebiai ir mi\u0161riai odai su fitosomomis. Padeda ma\u017einti blizges\u012f, dr\u0117kina, ramina ir suteikia odai sveik\u0105 \u0161vyt\u0117jim\u0105.","og_url":"https:\/\/www.malinashop.lt\/lt_lt\/shop\/you-oil-balancing-serum-balansuojamasis-serumas-su-fitosomomis-30-ml\/","og_site_name":"MalinaShop.lt J\u016bs\u0173 sveikatai ir gro\u017eiui.","article_modified_time":"2026-02-19T20:11:15+00:00","og_image":[{"width":1000,"height":1000,"url":"https:\/\/www.malinashop.lt\/wp-content\/uploads\/2025\/11\/4779059700259.png","type":"image\/png"}],"twitter_card":"summary_large_image","schema":{"@context":"https:\/\/schema.org","@graph":[{"@type":"WebPage","@id":"https:\/\/www.malinashop.lt\/lt_lt\/shop\/you-oil-balancing-serum-balansuojamasis-serumas-su-fitosomomis-30-ml\/","url":"https:\/\/www.malinashop.lt\/lt_lt\/shop\/you-oil-balancing-serum-balansuojamasis-serumas-su-fitosomomis-30-ml\/","name":"YOU & OIL BALANCING SERUM balansuojamasis serumas su fitosomomis, 30 ml - MalinaShop.lt J\u016bs\u0173 sveikatai ir gro\u017eiui.","isPartOf":{"@id":"https:\/\/www.malinashop.lt\/#website"},"primaryImageOfPage":{"@id":"https:\/\/www.malinashop.lt\/lt_lt\/shop\/you-oil-balancing-serum-balansuojamasis-serumas-su-fitosomomis-30-ml\/#primaryimage"},"image":{"@id":"https:\/\/www.malinashop.lt\/lt_lt\/shop\/you-oil-balancing-serum-balansuojamasis-serumas-su-fitosomomis-30-ml\/#primaryimage"},"thumbnailUrl":"https:\/\/www.malinashop.lt\/wp-content\/uploads\/2025\/11\/4779059700259.png","datePublished":"2025-11-25T15:33:41+00:00","dateModified":"2026-02-19T20:11:15+00:00","description":"Balansuojamasis veido serumas riebiai ir mi\u0161riai odai su fitosomomis. Padeda ma\u017einti blizges\u012f, dr\u0117kina, ramina ir suteikia odai sveik\u0105 \u0161vyt\u0117jim\u0105.","breadcrumb":{"@id":"https:\/\/www.malinashop.lt\/lt_lt\/shop\/you-oil-balancing-serum-balansuojamasis-serumas-su-fitosomomis-30-ml\/#breadcrumb"},"inLanguage":"lt-LT","potentialAction":[{"@type":"ReadAction","target":["https:\/\/www.malinashop.lt\/lt_lt\/shop\/you-oil-balancing-serum-balansuojamasis-serumas-su-fitosomomis-30-ml\/"]}]},{"@type":"ImageObject","inLanguage":"lt-LT","@id":"https:\/\/www.malinashop.lt\/lt_lt\/shop\/you-oil-balancing-serum-balansuojamasis-serumas-su-fitosomomis-30-ml\/#primaryimage","url":"https:\/\/www.malinashop.lt\/wp-content\/uploads\/2025\/11\/4779059700259.png","contentUrl":"https:\/\/www.malinashop.lt\/wp-content\/uploads\/2025\/11\/4779059700259.png","width":1000,"height":1000},{"@type":"BreadcrumbList","@id":"https:\/\/www.malinashop.lt\/lt_lt\/shop\/you-oil-balancing-serum-balansuojamasis-serumas-su-fitosomomis-30-ml\/#breadcrumb","itemListElement":[{"@type":"ListItem","position":1,"name":"Pagrindinis","item":"https:\/\/www.malinashop.lt\/"},{"@type":"ListItem","position":2,"name":"Parduotuv\u0117","item":"https:\/\/www.malinashop.lt\/en\/parduotuve\/"},{"@type":"ListItem","position":3,"name":"YOU &#038; OIL BALANCING SERUM balansuojamasis serumas su fitosomomis, 30 ml"}]},{"@type":"WebSite","@id":"https:\/\/www.malinashop.lt\/#website","url":"https:\/\/www.malinashop.lt\/","name":"COM Group Ecommerce","description":"MalinaShop.lt - Gro\u017eio ir sveikatos produktai i\u0161 patikim\u0173 preki\u0173 \u017eenkl\u0173. Atraskite auk\u0161tos kokyb\u0117s kosmetik\u0105 u\u017e puiki\u0105 kain\u0105.","publisher":{"@id":"https:\/\/www.malinashop.lt\/#organization"},"potentialAction":[{"@type":"SearchAction","target":{"@type":"EntryPoint","urlTemplate":"https:\/\/www.malinashop.lt\/?s={search_term_string}"},"query-input":{"@type":"PropertyValueSpecification","valueRequired":true,"valueName":"search_term_string"}}],"inLanguage":"lt-LT"},{"@type":"Organization","@id":"https:\/\/www.malinashop.lt\/#organization","name":"COM Group Ecommerce","url":"https:\/\/www.malinashop.lt\/","logo":{"@type":"ImageObject","inLanguage":"lt-LT","@id":"https:\/\/www.malinashop.lt\/#\/schema\/logo\/image\/","url":"https:\/\/www.malinashop.lt\/wp-content\/uploads\/2024\/08\/462559670_3787732518133670_9795632669273463_n-e1731525914575.png","contentUrl":"https:\/\/www.malinashop.lt\/wp-content\/uploads\/2024\/08\/462559670_3787732518133670_9795632669273463_n-e1731525914575.png","width":180,"height":60,"caption":"COM Group Ecommerce"},"image":{"@id":"https:\/\/www.malinashop.lt\/#\/schema\/logo\/image\/"}}]}},"jetpack_sharing_enabled":true,"_links":{"self":[{"href":"https:\/\/www.malinashop.lt\/lt_lt\/wp-json\/wp\/v2\/product\/71586","targetHints":{"allow":["GET"]}}],"collection":[{"href":"https:\/\/www.malinashop.lt\/lt_lt\/wp-json\/wp\/v2\/product"}],"about":[{"href":"https:\/\/www.malinashop.lt\/lt_lt\/wp-json\/wp\/v2\/types\/product"}],"version-history":[{"count":2,"href":"https:\/\/www.malinashop.lt\/lt_lt\/wp-json\/wp\/v2\/product\/71586\/revisions"}],"predecessor-version":[{"id":73174,"href":"https:\/\/www.malinashop.lt\/lt_lt\/wp-json\/wp\/v2\/product\/71586\/revisions\/73174"}],"wp:featuredmedia":[{"embeddable":true,"href":"https:\/\/www.malinashop.lt\/lt_lt\/wp-json\/wp\/v2\/media\/68839"}],"wp:attachment":[{"href":"https:\/\/www.malinashop.lt\/lt_lt\/wp-json\/wp\/v2\/media?parent=71586"}],"wp:term":[{"taxonomy":"product_brand","embeddable":true,"href":"https:\/\/www.malinashop.lt\/lt_lt\/wp-json\/wp\/v2\/product_brand?post=71586"},{"taxonomy":"product_cat","embeddable":true,"href":"https:\/\/www.malinashop.lt\/lt_lt\/wp-json\/wp\/v2\/product_cat?post=71586"},{"taxonomy":"product_tag","embeddable":true,"href":"https:\/\/www.malinashop.lt\/lt_lt\/wp-json\/wp\/v2\/product_tag?post=71586"}],"curies":[{"name":"wp","href":"https:\/\/api.w.org\/{rel}","templated":true}]}}