{"id":71584,"date":"2025-11-25T18:33:41","date_gmt":"2025-11-25T15:33:41","guid":{"rendered":"https:\/\/malinashop.lt\/?post_type=product&#038;p=71584"},"modified":"2026-02-19T23:11:17","modified_gmt":"2026-02-19T20:11:17","slug":"you-oil-age-repair-serum-priesraukslinis-veido-serumas-30-ml","status":"publish","type":"product","link":"https:\/\/www.malinashop.lt\/lt_lt\/shop\/you-oil-age-repair-serum-priesraukslinis-veido-serumas-30-ml\/","title":{"rendered":"YOU &#038; OIL AGE-REPAIR SERUM prie\u0161rauk\u0161linis veido serumas, 30 ml"},"content":{"rendered":"<p data-start=\"188\" data-end=\"523\"><strong data-start=\"188\" data-end=\"218\">YOU &amp; OIL AGE-REPAIR SERUM<\/strong> \u2013 tai naujos kartos prie\u0161rauk\u0161linis veido serumas, sukurtas intensyviai dr\u0117kinti, stangrinti ir atkurti od\u0105, veikiam\u0105 kasdieni\u0173 i\u0161orini\u0173 veiksni\u0173. Prabangi, itin lengva serumo tekst\u016bra greitai \u012fsigeria ir efektyviai susilieja su oda, suteikdama jai skaistumo, elastingumo ir komforto poj\u016bt\u012f visai dienai.<\/p>\n<p data-start=\"525\" data-end=\"876\">Formul\u0117 praturtinta <strong data-start=\"545\" data-end=\"560\">niacinamidu<\/strong> ir <strong data-start=\"564\" data-end=\"620\">trij\u0173 skirting\u0173 molekulini\u0173 masi\u0173 hialurono r\u016bg\u0161timi<\/strong>, kurios u\u017etikrina gilumin\u012f ir ilgalaik\u012f dr\u0117kinim\u0105, padeda stiprinti odos barjer\u0105 bei vizualiai lyginti rauk\u0161les. Augaliniai <strong data-start=\"745\" data-end=\"786\">ro\u017ei\u0173, agurk\u0173 ir margainio ekstraktai<\/strong> ramina, skaistina ir saugo od\u0105 nuo oksidacinio streso bei prie\u0161laikinio sen\u0117jimo po\u017eymi\u0173.<\/p>\n<p data-start=\"878\" data-end=\"1160\">Didel\u0117s koncentracijos aktyvi\u0173j\u0173 med\u017eiag\u0173 kompleksas padeda pastebimai pagerinti odos stangrum\u0105, suma\u017einti smulki\u0173 rauk\u0161leli\u0173 matomum\u0105 ir atkurti sveik\u0105 odos i\u0161vaizd\u0105. Serumas idealiai tinka naudoti vakarin\u0117je odos prie\u017ei\u016bros rutinoje, kaip paruo\u0161iamasis \u017eingsnis prie\u0161 veido krem\u0105.<\/p>\n<p data-start=\"1162\" data-end=\"1238\"><strong data-start=\"1162\" data-end=\"1177\">Naudojimas:<\/strong><br data-start=\"1177\" data-end=\"1180\" \/>Naudoti vakare ant \u0161varios, sausos veido odos prie\u0161 krem\u0105.<\/p>\n<p data-start=\"1240\" data-end=\"1378\"><strong data-start=\"1240\" data-end=\"1250\">Tinka:<\/strong><br data-start=\"1250\" data-end=\"1253\" \/>Vis\u0173 tip\u0173 odai, ypa\u010d i\u0161saus\u0117jusiai ir brand\u017eiai. Taip pat mi\u0161riai bei riebiai odai, kuriai reikalingas intensyvus dr\u0117kinimas.<\/p>\n<p data-start=\"1380\" data-end=\"1451\"><strong data-start=\"1380\" data-end=\"1392\">Sud\u0117tis:<\/strong><br data-start=\"1392\" data-end=\"1395\" \/>Pagamintas i\u0161 organini\u0173 ir \/ arba nat\u016brali\u0173 ingredient\u0173.<\/p>\n","protected":false},"excerpt":{"rendered":"<p data-start=\"1491\" data-end=\"1686\">Prie\u0161rauk\u0161linis veido serumas su niacinamidu ir trij\u0173 lygi\u0173 hialurono r\u016bg\u0161timi, intensyviai dr\u0117kinantis, stangrinantis ir skaistinantis od\u0105. Padeda ma\u017einti rauk\u0161les ir saugo nuo sen\u0117jimo po\u017eymi\u0173.<\/p>\n","protected":false},"featured_media":68835,"template":"","meta":[],"product_brand":[1551],"product_cat":[550,728],"product_tag":[1630],"class_list":{"0":"post-71584","1":"product","2":"type-product","3":"status-publish","4":"has-post-thumbnail","6":"product_brand-you-and-oil","7":"product_cat-veido-serumai","8":"product_cat-veidui","9":"product_tag-you-oil","11":"first","12":"instock","13":"purchasable","14":"product-type-simple"},"yoast_head":"<!-- This site is optimized with the Yoast SEO plugin v27.4 - https:\/\/yoast.com\/product\/yoast-seo-wordpress\/ -->\n<title>YOU &amp; OIL AGE-REPAIR SERUM prie\u0161rauk\u0161linis veido serumas, 30 ml - MalinaShop.lt J\u016bs\u0173 sveikatai ir gro\u017eiui.<\/title>\n<meta name=\"description\" content=\"YOU &amp; OIL AGE-REPAIR SERUM \u2013 prie\u0161rauk\u0161linis veido serumas su niacinamidu ir hialuronu. Intensyvus dr\u0117kinimas, stangrumas ir skaistumas brand\u017eiai odai.\" \/>\n<meta name=\"robots\" content=\"index, follow, max-snippet:-1, max-image-preview:large, max-video-preview:-1\" \/>\n<link rel=\"canonical\" href=\"https:\/\/www.malinashop.lt\/lt_lt\/shop\/you-oil-age-repair-serum-priesraukslinis-veido-serumas-30-ml\/\" \/>\n<meta property=\"og:locale\" content=\"lt_LT\" \/>\n<meta property=\"og:type\" content=\"article\" \/>\n<meta property=\"og:title\" content=\"YOU &amp; OIL AGE-REPAIR SERUM prie\u0161rauk\u0161linis veido serumas, 30 ml - MalinaShop.lt J\u016bs\u0173 sveikatai ir gro\u017eiui.\" \/>\n<meta property=\"og:description\" content=\"YOU &amp; OIL AGE-REPAIR SERUM \u2013 prie\u0161rauk\u0161linis veido serumas su niacinamidu ir hialuronu. Intensyvus dr\u0117kinimas, stangrumas ir skaistumas brand\u017eiai odai.\" \/>\n<meta property=\"og:url\" content=\"https:\/\/www.malinashop.lt\/lt_lt\/shop\/you-oil-age-repair-serum-priesraukslinis-veido-serumas-30-ml\/\" \/>\n<meta property=\"og:site_name\" content=\"MalinaShop.lt J\u016bs\u0173 sveikatai ir gro\u017eiui.\" \/>\n<meta property=\"article:modified_time\" content=\"2026-02-19T20:11:17+00:00\" \/>\n<meta property=\"og:image\" content=\"https:\/\/www.malinashop.lt\/wp-content\/uploads\/2025\/11\/4779059700266.png\" \/>\n\t<meta property=\"og:image:width\" content=\"1000\" \/>\n\t<meta property=\"og:image:height\" content=\"1000\" \/>\n\t<meta property=\"og:image:type\" content=\"image\/png\" \/>\n<meta name=\"twitter:card\" content=\"summary_large_image\" \/>\n<script type=\"application\/ld+json\" class=\"yoast-schema-graph\">{\"@context\":\"https:\\\/\\\/schema.org\",\"@graph\":[{\"@type\":\"WebPage\",\"@id\":\"https:\\\/\\\/www.malinashop.lt\\\/shop\\\/you-oil-age-repair-serum-priesraukslinis-veido-serumas-30-ml\\\/\",\"url\":\"https:\\\/\\\/www.malinashop.lt\\\/shop\\\/you-oil-age-repair-serum-priesraukslinis-veido-serumas-30-ml\\\/\",\"name\":\"YOU & OIL AGE-REPAIR SERUM prie\u0161rauk\u0161linis veido serumas, 30 ml - MalinaShop.lt J\u016bs\u0173 sveikatai ir gro\u017eiui.\",\"isPartOf\":{\"@id\":\"https:\\\/\\\/www.malinashop.lt\\\/#website\"},\"primaryImageOfPage\":{\"@id\":\"https:\\\/\\\/www.malinashop.lt\\\/shop\\\/you-oil-age-repair-serum-priesraukslinis-veido-serumas-30-ml\\\/#primaryimage\"},\"image\":{\"@id\":\"https:\\\/\\\/www.malinashop.lt\\\/shop\\\/you-oil-age-repair-serum-priesraukslinis-veido-serumas-30-ml\\\/#primaryimage\"},\"thumbnailUrl\":\"https:\\\/\\\/www.malinashop.lt\\\/wp-content\\\/uploads\\\/2025\\\/11\\\/4779059700266.png\",\"datePublished\":\"2025-11-25T15:33:41+00:00\",\"dateModified\":\"2026-02-19T20:11:17+00:00\",\"description\":\"YOU & OIL AGE-REPAIR SERUM \u2013 prie\u0161rauk\u0161linis veido serumas su niacinamidu ir hialuronu. Intensyvus dr\u0117kinimas, stangrumas ir skaistumas brand\u017eiai odai.\",\"breadcrumb\":{\"@id\":\"https:\\\/\\\/www.malinashop.lt\\\/shop\\\/you-oil-age-repair-serum-priesraukslinis-veido-serumas-30-ml\\\/#breadcrumb\"},\"inLanguage\":\"lt-LT\",\"potentialAction\":[{\"@type\":\"ReadAction\",\"target\":[\"https:\\\/\\\/www.malinashop.lt\\\/shop\\\/you-oil-age-repair-serum-priesraukslinis-veido-serumas-30-ml\\\/\"]}]},{\"@type\":\"ImageObject\",\"inLanguage\":\"lt-LT\",\"@id\":\"https:\\\/\\\/www.malinashop.lt\\\/shop\\\/you-oil-age-repair-serum-priesraukslinis-veido-serumas-30-ml\\\/#primaryimage\",\"url\":\"https:\\\/\\\/www.malinashop.lt\\\/wp-content\\\/uploads\\\/2025\\\/11\\\/4779059700266.png\",\"contentUrl\":\"https:\\\/\\\/www.malinashop.lt\\\/wp-content\\\/uploads\\\/2025\\\/11\\\/4779059700266.png\",\"width\":1000,\"height\":1000},{\"@type\":\"BreadcrumbList\",\"@id\":\"https:\\\/\\\/www.malinashop.lt\\\/shop\\\/you-oil-age-repair-serum-priesraukslinis-veido-serumas-30-ml\\\/#breadcrumb\",\"itemListElement\":[{\"@type\":\"ListItem\",\"position\":1,\"name\":\"Pagrindinis\",\"item\":\"https:\\\/\\\/www.malinashop.lt\\\/\"},{\"@type\":\"ListItem\",\"position\":2,\"name\":\"Parduotuv\u0117\",\"item\":\"https:\\\/\\\/www.malinashop.lt\\\/en\\\/parduotuve\\\/\"},{\"@type\":\"ListItem\",\"position\":3,\"name\":\"YOU &#038; OIL AGE-REPAIR SERUM prie\u0161rauk\u0161linis veido serumas, 30 ml\"}]},{\"@type\":\"WebSite\",\"@id\":\"https:\\\/\\\/www.malinashop.lt\\\/#website\",\"url\":\"https:\\\/\\\/www.malinashop.lt\\\/\",\"name\":\"COM Group Ecommerce\",\"description\":\"MalinaShop.lt - Gro\u017eio ir sveikatos produktai i\u0161 patikim\u0173 preki\u0173 \u017eenkl\u0173. Atraskite auk\u0161tos kokyb\u0117s kosmetik\u0105 u\u017e puiki\u0105 kain\u0105.\",\"publisher\":{\"@id\":\"https:\\\/\\\/www.malinashop.lt\\\/#organization\"},\"potentialAction\":[{\"@type\":\"SearchAction\",\"target\":{\"@type\":\"EntryPoint\",\"urlTemplate\":\"https:\\\/\\\/www.malinashop.lt\\\/?s={search_term_string}\"},\"query-input\":{\"@type\":\"PropertyValueSpecification\",\"valueRequired\":true,\"valueName\":\"search_term_string\"}}],\"inLanguage\":\"lt-LT\"},{\"@type\":\"Organization\",\"@id\":\"https:\\\/\\\/www.malinashop.lt\\\/#organization\",\"name\":\"COM Group Ecommerce\",\"url\":\"https:\\\/\\\/www.malinashop.lt\\\/\",\"logo\":{\"@type\":\"ImageObject\",\"inLanguage\":\"lt-LT\",\"@id\":\"https:\\\/\\\/www.malinashop.lt\\\/#\\\/schema\\\/logo\\\/image\\\/\",\"url\":\"https:\\\/\\\/www.malinashop.lt\\\/wp-content\\\/uploads\\\/2024\\\/08\\\/462559670_3787732518133670_9795632669273463_n-e1731525914575.png\",\"contentUrl\":\"https:\\\/\\\/www.malinashop.lt\\\/wp-content\\\/uploads\\\/2024\\\/08\\\/462559670_3787732518133670_9795632669273463_n-e1731525914575.png\",\"width\":180,\"height\":60,\"caption\":\"COM Group Ecommerce\"},\"image\":{\"@id\":\"https:\\\/\\\/www.malinashop.lt\\\/#\\\/schema\\\/logo\\\/image\\\/\"}}]}<\/script>\n<!-- \/ Yoast SEO plugin. -->","yoast_head_json":{"title":"YOU & OIL AGE-REPAIR SERUM prie\u0161rauk\u0161linis veido serumas, 30 ml - MalinaShop.lt J\u016bs\u0173 sveikatai ir gro\u017eiui.","description":"YOU & OIL AGE-REPAIR SERUM \u2013 prie\u0161rauk\u0161linis veido serumas su niacinamidu ir hialuronu. Intensyvus dr\u0117kinimas, stangrumas ir skaistumas brand\u017eiai odai.","robots":{"index":"index","follow":"follow","max-snippet":"max-snippet:-1","max-image-preview":"max-image-preview:large","max-video-preview":"max-video-preview:-1"},"canonical":"https:\/\/www.malinashop.lt\/lt_lt\/shop\/you-oil-age-repair-serum-priesraukslinis-veido-serumas-30-ml\/","og_locale":"lt_LT","og_type":"article","og_title":"YOU & OIL AGE-REPAIR SERUM prie\u0161rauk\u0161linis veido serumas, 30 ml - MalinaShop.lt J\u016bs\u0173 sveikatai ir gro\u017eiui.","og_description":"YOU & OIL AGE-REPAIR SERUM \u2013 prie\u0161rauk\u0161linis veido serumas su niacinamidu ir hialuronu. Intensyvus dr\u0117kinimas, stangrumas ir skaistumas brand\u017eiai odai.","og_url":"https:\/\/www.malinashop.lt\/lt_lt\/shop\/you-oil-age-repair-serum-priesraukslinis-veido-serumas-30-ml\/","og_site_name":"MalinaShop.lt J\u016bs\u0173 sveikatai ir gro\u017eiui.","article_modified_time":"2026-02-19T20:11:17+00:00","og_image":[{"width":1000,"height":1000,"url":"https:\/\/www.malinashop.lt\/wp-content\/uploads\/2025\/11\/4779059700266.png","type":"image\/png"}],"twitter_card":"summary_large_image","schema":{"@context":"https:\/\/schema.org","@graph":[{"@type":"WebPage","@id":"https:\/\/www.malinashop.lt\/shop\/you-oil-age-repair-serum-priesraukslinis-veido-serumas-30-ml\/","url":"https:\/\/www.malinashop.lt\/shop\/you-oil-age-repair-serum-priesraukslinis-veido-serumas-30-ml\/","name":"YOU & OIL AGE-REPAIR SERUM prie\u0161rauk\u0161linis veido serumas, 30 ml - MalinaShop.lt J\u016bs\u0173 sveikatai ir gro\u017eiui.","isPartOf":{"@id":"https:\/\/www.malinashop.lt\/#website"},"primaryImageOfPage":{"@id":"https:\/\/www.malinashop.lt\/shop\/you-oil-age-repair-serum-priesraukslinis-veido-serumas-30-ml\/#primaryimage"},"image":{"@id":"https:\/\/www.malinashop.lt\/shop\/you-oil-age-repair-serum-priesraukslinis-veido-serumas-30-ml\/#primaryimage"},"thumbnailUrl":"https:\/\/www.malinashop.lt\/wp-content\/uploads\/2025\/11\/4779059700266.png","datePublished":"2025-11-25T15:33:41+00:00","dateModified":"2026-02-19T20:11:17+00:00","description":"YOU & OIL AGE-REPAIR SERUM \u2013 prie\u0161rauk\u0161linis veido serumas su niacinamidu ir hialuronu. Intensyvus dr\u0117kinimas, stangrumas ir skaistumas brand\u017eiai odai.","breadcrumb":{"@id":"https:\/\/www.malinashop.lt\/shop\/you-oil-age-repair-serum-priesraukslinis-veido-serumas-30-ml\/#breadcrumb"},"inLanguage":"lt-LT","potentialAction":[{"@type":"ReadAction","target":["https:\/\/www.malinashop.lt\/shop\/you-oil-age-repair-serum-priesraukslinis-veido-serumas-30-ml\/"]}]},{"@type":"ImageObject","inLanguage":"lt-LT","@id":"https:\/\/www.malinashop.lt\/shop\/you-oil-age-repair-serum-priesraukslinis-veido-serumas-30-ml\/#primaryimage","url":"https:\/\/www.malinashop.lt\/wp-content\/uploads\/2025\/11\/4779059700266.png","contentUrl":"https:\/\/www.malinashop.lt\/wp-content\/uploads\/2025\/11\/4779059700266.png","width":1000,"height":1000},{"@type":"BreadcrumbList","@id":"https:\/\/www.malinashop.lt\/shop\/you-oil-age-repair-serum-priesraukslinis-veido-serumas-30-ml\/#breadcrumb","itemListElement":[{"@type":"ListItem","position":1,"name":"Pagrindinis","item":"https:\/\/www.malinashop.lt\/"},{"@type":"ListItem","position":2,"name":"Parduotuv\u0117","item":"https:\/\/www.malinashop.lt\/en\/parduotuve\/"},{"@type":"ListItem","position":3,"name":"YOU &#038; OIL AGE-REPAIR SERUM prie\u0161rauk\u0161linis veido serumas, 30 ml"}]},{"@type":"WebSite","@id":"https:\/\/www.malinashop.lt\/#website","url":"https:\/\/www.malinashop.lt\/","name":"COM Group Ecommerce","description":"MalinaShop.lt - Gro\u017eio ir sveikatos produktai i\u0161 patikim\u0173 preki\u0173 \u017eenkl\u0173. Atraskite auk\u0161tos kokyb\u0117s kosmetik\u0105 u\u017e puiki\u0105 kain\u0105.","publisher":{"@id":"https:\/\/www.malinashop.lt\/#organization"},"potentialAction":[{"@type":"SearchAction","target":{"@type":"EntryPoint","urlTemplate":"https:\/\/www.malinashop.lt\/?s={search_term_string}"},"query-input":{"@type":"PropertyValueSpecification","valueRequired":true,"valueName":"search_term_string"}}],"inLanguage":"lt-LT"},{"@type":"Organization","@id":"https:\/\/www.malinashop.lt\/#organization","name":"COM Group Ecommerce","url":"https:\/\/www.malinashop.lt\/","logo":{"@type":"ImageObject","inLanguage":"lt-LT","@id":"https:\/\/www.malinashop.lt\/#\/schema\/logo\/image\/","url":"https:\/\/www.malinashop.lt\/wp-content\/uploads\/2024\/08\/462559670_3787732518133670_9795632669273463_n-e1731525914575.png","contentUrl":"https:\/\/www.malinashop.lt\/wp-content\/uploads\/2024\/08\/462559670_3787732518133670_9795632669273463_n-e1731525914575.png","width":180,"height":60,"caption":"COM Group Ecommerce"},"image":{"@id":"https:\/\/www.malinashop.lt\/#\/schema\/logo\/image\/"}}]}},"jetpack_sharing_enabled":true,"_links":{"self":[{"href":"https:\/\/www.malinashop.lt\/lt_lt\/wp-json\/wp\/v2\/product\/71584","targetHints":{"allow":["GET"]}}],"collection":[{"href":"https:\/\/www.malinashop.lt\/lt_lt\/wp-json\/wp\/v2\/product"}],"about":[{"href":"https:\/\/www.malinashop.lt\/lt_lt\/wp-json\/wp\/v2\/types\/product"}],"version-history":[{"count":2,"href":"https:\/\/www.malinashop.lt\/lt_lt\/wp-json\/wp\/v2\/product\/71584\/revisions"}],"predecessor-version":[{"id":73172,"href":"https:\/\/www.malinashop.lt\/lt_lt\/wp-json\/wp\/v2\/product\/71584\/revisions\/73172"}],"wp:featuredmedia":[{"embeddable":true,"href":"https:\/\/www.malinashop.lt\/lt_lt\/wp-json\/wp\/v2\/media\/68835"}],"wp:attachment":[{"href":"https:\/\/www.malinashop.lt\/lt_lt\/wp-json\/wp\/v2\/media?parent=71584"}],"wp:term":[{"taxonomy":"product_brand","embeddable":true,"href":"https:\/\/www.malinashop.lt\/lt_lt\/wp-json\/wp\/v2\/product_brand?post=71584"},{"taxonomy":"product_cat","embeddable":true,"href":"https:\/\/www.malinashop.lt\/lt_lt\/wp-json\/wp\/v2\/product_cat?post=71584"},{"taxonomy":"product_tag","embeddable":true,"href":"https:\/\/www.malinashop.lt\/lt_lt\/wp-json\/wp\/v2\/product_tag?post=71584"}],"curies":[{"name":"wp","href":"https:\/\/api.w.org\/{rel}","templated":true}]}}