{"id":70742,"date":"2026-01-28T22:00:05","date_gmt":"2026-01-28T19:00:05","guid":{"rendered":"https:\/\/malinashop.lt\/?post_type=product&#038;p=70742"},"modified":"2026-04-07T22:18:28","modified_gmt":"2026-04-07T19:18:28","slug":"anaplasis-body-scrub-chocolate-mousse-kuno-sveitiklis-sokolado-kvapo-380ml","status":"publish","type":"product","link":"https:\/\/www.malinashop.lt\/lt_lt\/shop\/anaplasis-body-scrub-chocolate-mousse-kuno-sveitiklis-sokolado-kvapo-380ml\/","title":{"rendered":"ANAPLASIS BODY SCRUB CHOCOLATE MOUSSE k\u016bno \u0161veitiklis \u0161okolado kvapo, 380ml"},"content":{"rendered":"<div class=\"ewa-rteLine\">\n<p data-start=\"73\" data-end=\"414\">ANAPLASIS k\u016bno \u0161veitiklis \u201eChocolate Mousse\u201c \u2013 \u0161velniai \u0161vei\u010dia, lygina ir suteikia odai mink\u0161tumo, o malonus \u0161okolado aromatas paver\u010dia k\u016bno prie\u017ei\u016br\u0105 tikru ritualu. Priemon\u0117 derina <strong data-start=\"256\" data-end=\"273\">j\u016bros druskos<\/strong> ir <strong data-start=\"277\" data-end=\"297\">cukraus kristal\u0173<\/strong> abrazyvin\u012f poveik\u012f, tod\u0117l efektyviai pa\u0161alina negyvas odos l\u0105steles ir padeda odai atrodyti lygesnei bei \u0161vytin\u010diai.<\/p>\n<p data-start=\"416\" data-end=\"720\">Formul\u0117 papildyta <strong data-start=\"434\" data-end=\"455\">gebeni\u0173 ekstraktu<\/strong>, kuris pasi\u017eymi tonizuojan\u010diomis ir stangrinan\u010diomis savyb\u0117mis. Jis padeda gerinti odos tonus\u0105, suteikia elastingumo poj\u016bt\u012f, palaiko odos \u201egaiv\u0105\u201c ir prisideda prie detoksikuojan\u010dio efekto. Reguliariai naudojant oda tampa glotnesn\u0117, mink\u0161tesn\u0117 ir vizualiai lygesn\u0117.<\/p>\n<p data-start=\"722\" data-end=\"749\"><strong data-start=\"722\" data-end=\"749\">Pagrindiniai privalumai<\/strong><\/p>\n<ul data-start=\"750\" data-end=\"996\">\n<li data-start=\"750\" data-end=\"820\">\n<p data-start=\"752\" data-end=\"820\">\u0160velniai pa\u0161alina negyvas odos l\u0105steles (druska + cukraus kristalai)<\/p>\n<\/li>\n<li data-start=\"821\" data-end=\"865\">\n<p data-start=\"823\" data-end=\"865\">Padeda i\u0161lyginti od\u0105 ir suteikti \u0161vyt\u0117jimo<\/p>\n<\/li>\n<li data-start=\"866\" data-end=\"925\">\n<p data-start=\"868\" data-end=\"925\">Gebeni\u0173 ekstraktas tonizuoja ir suteikia stangrumo poj\u016bt\u012f<\/p>\n<\/li>\n<li data-start=\"926\" data-end=\"953\">\n<p data-start=\"928\" data-end=\"953\">Malonus \u0161okolado aromatas<\/p>\n<\/li>\n<li data-start=\"954\" data-end=\"996\">\n<p data-start=\"956\" data-end=\"996\">Oda po naudojimo tampa mink\u0161ta ir glotni<\/p>\n<\/li>\n<\/ul>\n<p data-start=\"998\" data-end=\"1252\"><strong data-start=\"998\" data-end=\"1012\">Naudojimas<\/strong><br \/>\nPrie\u0161 naudojim\u0105 suplakite. I\u0161tepkite k\u016bn\u0105 \u0161veitikliu ir \u012fmasa\u017euokite sukamaisiais judesiais. Nuplaukite drungnu vandeniu. Naudokite 2\u20133 kartus per savait\u0119. Esant poreikiui, po \u0161veitimo naudokite dr\u0117kinan\u010dias k\u016bno odos prie\u017ei\u016bros priemones.<\/p>\n<p data-start=\"1254\" data-end=\"1439\"><strong data-start=\"1254\" data-end=\"1267\">\u012esp\u0117jimai<\/strong><br \/>\nTik i\u0161oriniam naudojimui. Laikyti vaikams nepasiekiamoje vietoje. Nenaudoti ant sudirgusios odos. Laikyti atokiai nuo tiesiogini\u0173 saul\u0117s spinduli\u0173. Vengti patekimo \u012f akis.<\/p>\n<\/div>\n","protected":false},"excerpt":{"rendered":"<p>K\u016bno \u0161veitiklis su \u0161okolado aromatu, j\u016bros druska ir cukraus kristalais \u0161velniai nu\u0161vei\u010dia od\u0105, o geben\u0117s ekstraktas tonizuoja ir suteikia stangrumo poj\u016bt\u012f.<\/p>\n","protected":false},"featured_media":67455,"template":"","meta":[],"product_brand":[1580],"product_cat":[557],"product_tag":[1587],"class_list":{"0":"post-70742","1":"product","2":"type-product","3":"status-publish","4":"has-post-thumbnail","6":"product_brand-anaplasis","7":"product_cat-kuno-sveitikliai","8":"product_tag-anaplasis","10":"first","11":"instock","12":"sale","13":"purchasable","14":"product-type-simple"},"yoast_head":"<!-- This site is optimized with the Yoast SEO plugin v27.4 - https:\/\/yoast.com\/product\/yoast-seo-wordpress\/ -->\n<title>ANAPLASIS BODY SCRUB CHOCOLATE MOUSSE k\u016bno \u0161veitiklis \u0161okolado kvapo, 380ml - MalinaShop.lt J\u016bs\u0173 sveikatai ir gro\u017eiui.<\/title>\n<meta name=\"description\" content=\"ANAPLASIS k\u016bno \u0161veitiklis Chocolate Mousse 380 ml \u0161velniai nu\u0161vei\u010dia, lygina ir mink\u0161tina od\u0105, o geben\u0117s ekstraktas tonizuoja ir suteikia stangrumo poj\u016bt\u012f.\" \/>\n<meta name=\"robots\" content=\"index, follow, max-snippet:-1, max-image-preview:large, max-video-preview:-1\" \/>\n<link rel=\"canonical\" href=\"https:\/\/www.malinashop.lt\/lt_lt\/shop\/anaplasis-body-scrub-chocolate-mousse-kuno-sveitiklis-sokolado-kvapo-380ml\/\" \/>\n<meta property=\"og:locale\" content=\"lt_LT\" \/>\n<meta property=\"og:type\" content=\"article\" \/>\n<meta property=\"og:title\" content=\"ANAPLASIS BODY SCRUB CHOCOLATE MOUSSE k\u016bno \u0161veitiklis \u0161okolado kvapo, 380ml - MalinaShop.lt J\u016bs\u0173 sveikatai ir gro\u017eiui.\" \/>\n<meta property=\"og:description\" content=\"ANAPLASIS k\u016bno \u0161veitiklis Chocolate Mousse 380 ml \u0161velniai nu\u0161vei\u010dia, lygina ir mink\u0161tina od\u0105, o geben\u0117s ekstraktas tonizuoja ir suteikia stangrumo poj\u016bt\u012f.\" \/>\n<meta property=\"og:url\" content=\"https:\/\/www.malinashop.lt\/lt_lt\/shop\/anaplasis-body-scrub-chocolate-mousse-kuno-sveitiklis-sokolado-kvapo-380ml\/\" \/>\n<meta property=\"og:site_name\" content=\"MalinaShop.lt J\u016bs\u0173 sveikatai ir gro\u017eiui.\" \/>\n<meta property=\"article:modified_time\" content=\"2026-04-07T19:18:28+00:00\" \/>\n<meta property=\"og:image\" content=\"https:\/\/www.malinashop.lt\/wp-content\/uploads\/2025\/11\/5200137593726.jpg\" \/>\n\t<meta property=\"og:image:width\" content=\"1000\" \/>\n\t<meta property=\"og:image:height\" content=\"1000\" \/>\n\t<meta property=\"og:image:type\" content=\"image\/jpeg\" \/>\n<meta name=\"twitter:card\" content=\"summary_large_image\" \/>\n<script type=\"application\/ld+json\" class=\"yoast-schema-graph\">{\"@context\":\"https:\\\/\\\/schema.org\",\"@graph\":[{\"@type\":\"WebPage\",\"@id\":\"https:\\\/\\\/www.malinashop.lt\\\/shop\\\/anaplasis-body-scrub-chocolate-mousse-kuno-sveitiklis-sokolado-kvapo-380ml\\\/\",\"url\":\"https:\\\/\\\/www.malinashop.lt\\\/shop\\\/anaplasis-body-scrub-chocolate-mousse-kuno-sveitiklis-sokolado-kvapo-380ml\\\/\",\"name\":\"ANAPLASIS BODY SCRUB CHOCOLATE MOUSSE k\u016bno \u0161veitiklis \u0161okolado kvapo, 380ml - MalinaShop.lt J\u016bs\u0173 sveikatai ir gro\u017eiui.\",\"isPartOf\":{\"@id\":\"https:\\\/\\\/www.malinashop.lt\\\/#website\"},\"primaryImageOfPage\":{\"@id\":\"https:\\\/\\\/www.malinashop.lt\\\/shop\\\/anaplasis-body-scrub-chocolate-mousse-kuno-sveitiklis-sokolado-kvapo-380ml\\\/#primaryimage\"},\"image\":{\"@id\":\"https:\\\/\\\/www.malinashop.lt\\\/shop\\\/anaplasis-body-scrub-chocolate-mousse-kuno-sveitiklis-sokolado-kvapo-380ml\\\/#primaryimage\"},\"thumbnailUrl\":\"https:\\\/\\\/www.malinashop.lt\\\/wp-content\\\/uploads\\\/2025\\\/11\\\/5200137593726.jpg\",\"datePublished\":\"2026-01-28T19:00:05+00:00\",\"dateModified\":\"2026-04-07T19:18:28+00:00\",\"description\":\"ANAPLASIS k\u016bno \u0161veitiklis Chocolate Mousse 380 ml \u0161velniai nu\u0161vei\u010dia, lygina ir mink\u0161tina od\u0105, o geben\u0117s ekstraktas tonizuoja ir suteikia stangrumo poj\u016bt\u012f.\",\"breadcrumb\":{\"@id\":\"https:\\\/\\\/www.malinashop.lt\\\/shop\\\/anaplasis-body-scrub-chocolate-mousse-kuno-sveitiklis-sokolado-kvapo-380ml\\\/#breadcrumb\"},\"inLanguage\":\"lt-LT\",\"potentialAction\":[{\"@type\":\"ReadAction\",\"target\":[\"https:\\\/\\\/www.malinashop.lt\\\/shop\\\/anaplasis-body-scrub-chocolate-mousse-kuno-sveitiklis-sokolado-kvapo-380ml\\\/\"]}]},{\"@type\":\"ImageObject\",\"inLanguage\":\"lt-LT\",\"@id\":\"https:\\\/\\\/www.malinashop.lt\\\/shop\\\/anaplasis-body-scrub-chocolate-mousse-kuno-sveitiklis-sokolado-kvapo-380ml\\\/#primaryimage\",\"url\":\"https:\\\/\\\/www.malinashop.lt\\\/wp-content\\\/uploads\\\/2025\\\/11\\\/5200137593726.jpg\",\"contentUrl\":\"https:\\\/\\\/www.malinashop.lt\\\/wp-content\\\/uploads\\\/2025\\\/11\\\/5200137593726.jpg\",\"width\":1000,\"height\":1000},{\"@type\":\"BreadcrumbList\",\"@id\":\"https:\\\/\\\/www.malinashop.lt\\\/shop\\\/anaplasis-body-scrub-chocolate-mousse-kuno-sveitiklis-sokolado-kvapo-380ml\\\/#breadcrumb\",\"itemListElement\":[{\"@type\":\"ListItem\",\"position\":1,\"name\":\"Pagrindinis\",\"item\":\"https:\\\/\\\/www.malinashop.lt\\\/\"},{\"@type\":\"ListItem\",\"position\":2,\"name\":\"Parduotuv\u0117\",\"item\":\"https:\\\/\\\/www.malinashop.lt\\\/en\\\/parduotuve\\\/\"},{\"@type\":\"ListItem\",\"position\":3,\"name\":\"ANAPLASIS BODY SCRUB CHOCOLATE MOUSSE k\u016bno \u0161veitiklis \u0161okolado kvapo, 380ml\"}]},{\"@type\":\"WebSite\",\"@id\":\"https:\\\/\\\/www.malinashop.lt\\\/#website\",\"url\":\"https:\\\/\\\/www.malinashop.lt\\\/\",\"name\":\"COM Group Ecommerce\",\"description\":\"MalinaShop.lt - Gro\u017eio ir sveikatos produktai i\u0161 patikim\u0173 preki\u0173 \u017eenkl\u0173. Atraskite auk\u0161tos kokyb\u0117s kosmetik\u0105 u\u017e puiki\u0105 kain\u0105.\",\"publisher\":{\"@id\":\"https:\\\/\\\/www.malinashop.lt\\\/#organization\"},\"potentialAction\":[{\"@type\":\"SearchAction\",\"target\":{\"@type\":\"EntryPoint\",\"urlTemplate\":\"https:\\\/\\\/www.malinashop.lt\\\/?s={search_term_string}\"},\"query-input\":{\"@type\":\"PropertyValueSpecification\",\"valueRequired\":true,\"valueName\":\"search_term_string\"}}],\"inLanguage\":\"lt-LT\"},{\"@type\":\"Organization\",\"@id\":\"https:\\\/\\\/www.malinashop.lt\\\/#organization\",\"name\":\"COM Group Ecommerce\",\"url\":\"https:\\\/\\\/www.malinashop.lt\\\/\",\"logo\":{\"@type\":\"ImageObject\",\"inLanguage\":\"lt-LT\",\"@id\":\"https:\\\/\\\/www.malinashop.lt\\\/#\\\/schema\\\/logo\\\/image\\\/\",\"url\":\"https:\\\/\\\/www.malinashop.lt\\\/wp-content\\\/uploads\\\/2024\\\/08\\\/462559670_3787732518133670_9795632669273463_n-e1731525914575.png\",\"contentUrl\":\"https:\\\/\\\/www.malinashop.lt\\\/wp-content\\\/uploads\\\/2024\\\/08\\\/462559670_3787732518133670_9795632669273463_n-e1731525914575.png\",\"width\":180,\"height\":60,\"caption\":\"COM Group Ecommerce\"},\"image\":{\"@id\":\"https:\\\/\\\/www.malinashop.lt\\\/#\\\/schema\\\/logo\\\/image\\\/\"}}]}<\/script>\n<!-- \/ Yoast SEO plugin. -->","yoast_head_json":{"title":"ANAPLASIS BODY SCRUB CHOCOLATE MOUSSE k\u016bno \u0161veitiklis \u0161okolado kvapo, 380ml - MalinaShop.lt J\u016bs\u0173 sveikatai ir gro\u017eiui.","description":"ANAPLASIS k\u016bno \u0161veitiklis Chocolate Mousse 380 ml \u0161velniai nu\u0161vei\u010dia, lygina ir mink\u0161tina od\u0105, o geben\u0117s ekstraktas tonizuoja ir suteikia stangrumo poj\u016bt\u012f.","robots":{"index":"index","follow":"follow","max-snippet":"max-snippet:-1","max-image-preview":"max-image-preview:large","max-video-preview":"max-video-preview:-1"},"canonical":"https:\/\/www.malinashop.lt\/lt_lt\/shop\/anaplasis-body-scrub-chocolate-mousse-kuno-sveitiklis-sokolado-kvapo-380ml\/","og_locale":"lt_LT","og_type":"article","og_title":"ANAPLASIS BODY SCRUB CHOCOLATE MOUSSE k\u016bno \u0161veitiklis \u0161okolado kvapo, 380ml - MalinaShop.lt J\u016bs\u0173 sveikatai ir gro\u017eiui.","og_description":"ANAPLASIS k\u016bno \u0161veitiklis Chocolate Mousse 380 ml \u0161velniai nu\u0161vei\u010dia, lygina ir mink\u0161tina od\u0105, o geben\u0117s ekstraktas tonizuoja ir suteikia stangrumo poj\u016bt\u012f.","og_url":"https:\/\/www.malinashop.lt\/lt_lt\/shop\/anaplasis-body-scrub-chocolate-mousse-kuno-sveitiklis-sokolado-kvapo-380ml\/","og_site_name":"MalinaShop.lt J\u016bs\u0173 sveikatai ir gro\u017eiui.","article_modified_time":"2026-04-07T19:18:28+00:00","og_image":[{"width":1000,"height":1000,"url":"https:\/\/www.malinashop.lt\/wp-content\/uploads\/2025\/11\/5200137593726.jpg","type":"image\/jpeg"}],"twitter_card":"summary_large_image","schema":{"@context":"https:\/\/schema.org","@graph":[{"@type":"WebPage","@id":"https:\/\/www.malinashop.lt\/shop\/anaplasis-body-scrub-chocolate-mousse-kuno-sveitiklis-sokolado-kvapo-380ml\/","url":"https:\/\/www.malinashop.lt\/shop\/anaplasis-body-scrub-chocolate-mousse-kuno-sveitiklis-sokolado-kvapo-380ml\/","name":"ANAPLASIS BODY SCRUB CHOCOLATE MOUSSE k\u016bno \u0161veitiklis \u0161okolado kvapo, 380ml - MalinaShop.lt J\u016bs\u0173 sveikatai ir gro\u017eiui.","isPartOf":{"@id":"https:\/\/www.malinashop.lt\/#website"},"primaryImageOfPage":{"@id":"https:\/\/www.malinashop.lt\/shop\/anaplasis-body-scrub-chocolate-mousse-kuno-sveitiklis-sokolado-kvapo-380ml\/#primaryimage"},"image":{"@id":"https:\/\/www.malinashop.lt\/shop\/anaplasis-body-scrub-chocolate-mousse-kuno-sveitiklis-sokolado-kvapo-380ml\/#primaryimage"},"thumbnailUrl":"https:\/\/www.malinashop.lt\/wp-content\/uploads\/2025\/11\/5200137593726.jpg","datePublished":"2026-01-28T19:00:05+00:00","dateModified":"2026-04-07T19:18:28+00:00","description":"ANAPLASIS k\u016bno \u0161veitiklis Chocolate Mousse 380 ml \u0161velniai nu\u0161vei\u010dia, lygina ir mink\u0161tina od\u0105, o geben\u0117s ekstraktas tonizuoja ir suteikia stangrumo poj\u016bt\u012f.","breadcrumb":{"@id":"https:\/\/www.malinashop.lt\/shop\/anaplasis-body-scrub-chocolate-mousse-kuno-sveitiklis-sokolado-kvapo-380ml\/#breadcrumb"},"inLanguage":"lt-LT","potentialAction":[{"@type":"ReadAction","target":["https:\/\/www.malinashop.lt\/shop\/anaplasis-body-scrub-chocolate-mousse-kuno-sveitiklis-sokolado-kvapo-380ml\/"]}]},{"@type":"ImageObject","inLanguage":"lt-LT","@id":"https:\/\/www.malinashop.lt\/shop\/anaplasis-body-scrub-chocolate-mousse-kuno-sveitiklis-sokolado-kvapo-380ml\/#primaryimage","url":"https:\/\/www.malinashop.lt\/wp-content\/uploads\/2025\/11\/5200137593726.jpg","contentUrl":"https:\/\/www.malinashop.lt\/wp-content\/uploads\/2025\/11\/5200137593726.jpg","width":1000,"height":1000},{"@type":"BreadcrumbList","@id":"https:\/\/www.malinashop.lt\/shop\/anaplasis-body-scrub-chocolate-mousse-kuno-sveitiklis-sokolado-kvapo-380ml\/#breadcrumb","itemListElement":[{"@type":"ListItem","position":1,"name":"Pagrindinis","item":"https:\/\/www.malinashop.lt\/"},{"@type":"ListItem","position":2,"name":"Parduotuv\u0117","item":"https:\/\/www.malinashop.lt\/en\/parduotuve\/"},{"@type":"ListItem","position":3,"name":"ANAPLASIS BODY SCRUB CHOCOLATE MOUSSE k\u016bno \u0161veitiklis \u0161okolado kvapo, 380ml"}]},{"@type":"WebSite","@id":"https:\/\/www.malinashop.lt\/#website","url":"https:\/\/www.malinashop.lt\/","name":"COM Group Ecommerce","description":"MalinaShop.lt - Gro\u017eio ir sveikatos produktai i\u0161 patikim\u0173 preki\u0173 \u017eenkl\u0173. Atraskite auk\u0161tos kokyb\u0117s kosmetik\u0105 u\u017e puiki\u0105 kain\u0105.","publisher":{"@id":"https:\/\/www.malinashop.lt\/#organization"},"potentialAction":[{"@type":"SearchAction","target":{"@type":"EntryPoint","urlTemplate":"https:\/\/www.malinashop.lt\/?s={search_term_string}"},"query-input":{"@type":"PropertyValueSpecification","valueRequired":true,"valueName":"search_term_string"}}],"inLanguage":"lt-LT"},{"@type":"Organization","@id":"https:\/\/www.malinashop.lt\/#organization","name":"COM Group Ecommerce","url":"https:\/\/www.malinashop.lt\/","logo":{"@type":"ImageObject","inLanguage":"lt-LT","@id":"https:\/\/www.malinashop.lt\/#\/schema\/logo\/image\/","url":"https:\/\/www.malinashop.lt\/wp-content\/uploads\/2024\/08\/462559670_3787732518133670_9795632669273463_n-e1731525914575.png","contentUrl":"https:\/\/www.malinashop.lt\/wp-content\/uploads\/2024\/08\/462559670_3787732518133670_9795632669273463_n-e1731525914575.png","width":180,"height":60,"caption":"COM Group Ecommerce"},"image":{"@id":"https:\/\/www.malinashop.lt\/#\/schema\/logo\/image\/"}}]}},"jetpack_sharing_enabled":true,"_links":{"self":[{"href":"https:\/\/www.malinashop.lt\/lt_lt\/wp-json\/wp\/v2\/product\/70742","targetHints":{"allow":["GET"]}}],"collection":[{"href":"https:\/\/www.malinashop.lt\/lt_lt\/wp-json\/wp\/v2\/product"}],"about":[{"href":"https:\/\/www.malinashop.lt\/lt_lt\/wp-json\/wp\/v2\/types\/product"}],"version-history":[{"count":2,"href":"https:\/\/www.malinashop.lt\/lt_lt\/wp-json\/wp\/v2\/product\/70742\/revisions"}],"predecessor-version":[{"id":73542,"href":"https:\/\/www.malinashop.lt\/lt_lt\/wp-json\/wp\/v2\/product\/70742\/revisions\/73542"}],"wp:featuredmedia":[{"embeddable":true,"href":"https:\/\/www.malinashop.lt\/lt_lt\/wp-json\/wp\/v2\/media\/67455"}],"wp:attachment":[{"href":"https:\/\/www.malinashop.lt\/lt_lt\/wp-json\/wp\/v2\/media?parent=70742"}],"wp:term":[{"taxonomy":"product_brand","embeddable":true,"href":"https:\/\/www.malinashop.lt\/lt_lt\/wp-json\/wp\/v2\/product_brand?post=70742"},{"taxonomy":"product_cat","embeddable":true,"href":"https:\/\/www.malinashop.lt\/lt_lt\/wp-json\/wp\/v2\/product_cat?post=70742"},{"taxonomy":"product_tag","embeddable":true,"href":"https:\/\/www.malinashop.lt\/lt_lt\/wp-json\/wp\/v2\/product_tag?post=70742"}],"curies":[{"name":"wp","href":"https:\/\/api.w.org\/{rel}","templated":true}]}}