{"id":70736,"date":"2026-01-29T18:33:05","date_gmt":"2026-01-29T15:33:05","guid":{"rendered":"https:\/\/malinashop.lt\/?post_type=product&#038;p=70736"},"modified":"2026-04-07T22:18:27","modified_gmt":"2026-04-07T19:18:27","slug":"anaplasis-chocolate-caramel-body-scrub-sokoladines-karameles-kvapo-kuno-sveitiklis-380ml","status":"publish","type":"product","link":"https:\/\/www.malinashop.lt\/lt_lt\/shop\/anaplasis-chocolate-caramel-body-scrub-sokoladines-karameles-kvapo-kuno-sveitiklis-380ml\/","title":{"rendered":"ANAPLASIS Chocolate Caramel BODY SCRUB \u0161okoladin\u0117s karamel\u0117s kvapo k\u016bno \u0161veitiklis, 380ml"},"content":{"rendered":"<div class=\"ewa-rteLine\">\n<p data-start=\"209\" data-end=\"611\"><strong data-start=\"209\" data-end=\"240\">ANAPLASIS Chocolate Caramel<\/strong> \u2013 \u0161okoladin\u0117s karamel\u0117s kvapo k\u016bno \u0161veitiklis su <strong data-start=\"290\" data-end=\"309\">kakavos sviestu<\/strong>, skirtas ne tik efektyviai pa\u0161alinti negyvas odos l\u0105steles, bet ir suteikti odai malon\u0173 \u0161velnumo bei komforto poj\u016bt\u012f po \u0161veitimo. Kakavos sviestas, gaunamas i\u0161 kakavos pupeli\u0173, vertinamas d\u0117l od\u0105 <strong data-start=\"506\" data-end=\"551\">mink\u0161tinan\u010di\u0173, maitinan\u010di\u0173 ir dr\u0117kinan\u010di\u0173<\/strong> savybi\u0173, tod\u0117l puikiai papildo \u0161vei\u010diam\u0173j\u0173 daleli\u0173 poveik\u012f.<\/p>\n<p data-start=\"613\" data-end=\"911\">\u0160veitiklyje derinami <strong data-start=\"634\" data-end=\"672\">j\u016bros druskos ir cukraus kristalai<\/strong>, kurie \u0161velniai nu\u0161vei\u010dia, padeda i\u0161lyginti odos tekst\u016br\u0105 ir palieka j\u0105 <strong data-start=\"745\" data-end=\"778\">glotni\u0105, mink\u0161t\u0105 ir \u0161vytin\u010di\u0105<\/strong>. Reguliariai naudojant oda atrodo lygesn\u0117, pri\u017ei\u016br\u0117ta, o saldus <strong data-start=\"843\" data-end=\"877\">\u0161okoladin\u0117s karamel\u0117s aromatas<\/strong> sukuria jauk\u0173 SPA poj\u016bt\u012f namuose.<\/p>\n<hr data-start=\"913\" data-end=\"916\" \/>\n<h3 data-start=\"918\" data-end=\"932\">Naudojimas<\/h3>\n<ul data-start=\"933\" data-end=\"1205\">\n<li data-start=\"933\" data-end=\"967\">\n<p data-start=\"935\" data-end=\"967\">Prie\u0161 naudojim\u0105 <strong data-start=\"951\" data-end=\"964\">suplakite<\/strong>.<\/p>\n<\/li>\n<li data-start=\"968\" data-end=\"1053\">\n<p data-start=\"970\" data-end=\"1053\">Paskirstykite \u0161veitikl\u012f ant k\u016bno odos ir \u012fmasa\u017euokite <strong data-start=\"1024\" data-end=\"1050\">sukamaisiais judesiais<\/strong>.<\/p>\n<\/li>\n<li data-start=\"1054\" data-end=\"1090\">\n<p data-start=\"1056\" data-end=\"1090\">Nuplaukite <strong data-start=\"1067\" data-end=\"1087\">drungnu vandeniu<\/strong>.<\/p>\n<\/li>\n<li data-start=\"1091\" data-end=\"1132\">\n<p data-start=\"1093\" data-end=\"1132\">Naudokite <strong data-start=\"1103\" data-end=\"1129\">2\u20133 kartus per savait\u0119<\/strong>.<\/p>\n<\/li>\n<li data-start=\"1133\" data-end=\"1205\">\n<p data-start=\"1135\" data-end=\"1205\">Esant poreikiui po \u0161veitimo naudokite <strong data-start=\"1173\" data-end=\"1204\">dr\u0117kinan\u010dias k\u016bno priemones<\/strong>.<\/p>\n<\/li>\n<\/ul>\n<hr data-start=\"1207\" data-end=\"1210\" \/>\n<h3 data-start=\"1212\" data-end=\"1225\">\u012esp\u0117jimai<\/h3>\n<p data-start=\"1226\" data-end=\"1410\">Tik i\u0161oriniam naudojimui. Laikyti vaikams nepasiekiamoje vietoje. Nenaudokite ant sudirgusios odos. Priemon\u0119 laikykite atokiai nuo tiesiogini\u0173 saul\u0117s spinduli\u0173. Vengti patekimo \u012f akis.<\/p>\n<hr data-start=\"1412\" data-end=\"1415\" \/>\n<h3 data-start=\"1417\" data-end=\"1435\">Sud\u0117tis (INCI)<\/h3>\n<p data-start=\"1436\" data-end=\"2130\">SUCROSE, SODIUM CHLORIDE, GLYCERIN, COCAMIDOPROPYL BETAINE, CETEARYL ALCOHOL, CAPRYLIC\/CAPRIC TRIGLYCERIDE, THEOBROMA CACAO SEED BUTTER, BUTYROSPERMUM PARKII (SHEA) BUTTER, CETEARYL CLUCOSIDE, PERSEA GRATISSIMA (AVOCADO) OIL, HELIANTHUS ANNUS (SUNFLOWER) SEED OIL, ALOE BARBADENSIS LEAF, SIMMONDSIA CHINENSIS (JOJOBA) SEED OIL, SORBITAN OILVATE, CETEARYL ALCOHOL, HYDROGENATED VEGETABLE OIL, FRAGRANCE, AQUA (WATER), CI20285, COMPOUND CHOCOLATE TRUFFLE (sucrose, zea mays starch, hydrogenated palm oil, theobroma cacao seed butter, lecithin, flavor, shellac), CUORICINI ROSSI SG (sucrose, hydrogenated palm oil, Solanum tuberosum starch, Oryza sativa powder, zea mays, CI75470, CI75130, flavor)<\/p>\n<\/div>\n","protected":false},"excerpt":{"rendered":"<p>\u0160okoladin\u0117s karamel\u0117s kvapo k\u016bno \u0161veitiklis su kakavos sviestu, j\u016bros druska ir cukraus kristalais \u2013 \u0161velniai nu\u0161vei\u010dia, maitina ir palieka od\u0105 glotni\u0105.<\/p>\n","protected":false},"featured_media":67446,"template":"","meta":[],"product_brand":[1313],"product_cat":[557,731],"product_tag":[1586],"class_list":{"0":"post-70736","1":"product","2":"type-product","3":"status-publish","4":"has-post-thumbnail","6":"product_brand-ahava","7":"product_cat-kuno-sveitikliai","8":"product_cat-kunui","9":"product_tag-ahava","11":"first","12":"instock","13":"sale","14":"purchasable","15":"product-type-simple"},"yoast_head":"<!-- This site is optimized with the Yoast SEO plugin v27.4 - https:\/\/yoast.com\/product\/yoast-seo-wordpress\/ -->\n<title>ANAPLASIS Chocolate Caramel BODY SCRUB \u0161okoladin\u0117s karamel\u0117s kvapo k\u016bno \u0161veitiklis, 380ml - MalinaShop.lt J\u016bs\u0173 sveikatai ir gro\u017eiui.<\/title>\n<meta name=\"description\" content=\"ANAPLASIS Chocolate Caramel \u0161okoladin\u0117s karamel\u0117s kvapo k\u016bno \u0161veitiklis su kakavos sviestu, j\u016bros druska ir cukraus kristalais glotnina od\u0105, 380 ml.\" \/>\n<meta name=\"robots\" content=\"index, follow, max-snippet:-1, max-image-preview:large, max-video-preview:-1\" \/>\n<link rel=\"canonical\" href=\"https:\/\/www.malinashop.lt\/lt_lt\/shop\/anaplasis-chocolate-caramel-body-scrub-sokoladines-karameles-kvapo-kuno-sveitiklis-380ml\/\" \/>\n<meta property=\"og:locale\" content=\"lt_LT\" \/>\n<meta property=\"og:type\" content=\"article\" \/>\n<meta property=\"og:title\" content=\"ANAPLASIS Chocolate Caramel BODY SCRUB \u0161okoladin\u0117s karamel\u0117s kvapo k\u016bno \u0161veitiklis, 380ml - MalinaShop.lt J\u016bs\u0173 sveikatai ir gro\u017eiui.\" \/>\n<meta property=\"og:description\" content=\"ANAPLASIS Chocolate Caramel \u0161okoladin\u0117s karamel\u0117s kvapo k\u016bno \u0161veitiklis su kakavos sviestu, j\u016bros druska ir cukraus kristalais glotnina od\u0105, 380 ml.\" \/>\n<meta property=\"og:url\" content=\"https:\/\/www.malinashop.lt\/lt_lt\/shop\/anaplasis-chocolate-caramel-body-scrub-sokoladines-karameles-kvapo-kuno-sveitiklis-380ml\/\" \/>\n<meta property=\"og:site_name\" content=\"MalinaShop.lt J\u016bs\u0173 sveikatai ir gro\u017eiui.\" \/>\n<meta property=\"article:modified_time\" content=\"2026-04-07T19:18:27+00:00\" \/>\n<meta property=\"og:image\" content=\"https:\/\/www.malinashop.lt\/wp-content\/uploads\/2025\/11\/5200137593757.jpg\" \/>\n\t<meta property=\"og:image:width\" content=\"1000\" \/>\n\t<meta property=\"og:image:height\" content=\"1000\" \/>\n\t<meta property=\"og:image:type\" content=\"image\/jpeg\" \/>\n<meta name=\"twitter:card\" content=\"summary_large_image\" \/>\n<script type=\"application\/ld+json\" class=\"yoast-schema-graph\">{\"@context\":\"https:\\\/\\\/schema.org\",\"@graph\":[{\"@type\":\"WebPage\",\"@id\":\"https:\\\/\\\/www.malinashop.lt\\\/en\\\/shop\\\/anaplasis-chocolate-caramel-body-scrub-sokoladines-karameles-kvapo-kuno-sveitiklis-380ml\\\/\",\"url\":\"https:\\\/\\\/www.malinashop.lt\\\/en\\\/shop\\\/anaplasis-chocolate-caramel-body-scrub-sokoladines-karameles-kvapo-kuno-sveitiklis-380ml\\\/\",\"name\":\"ANAPLASIS Chocolate Caramel BODY SCRUB \u0161okoladin\u0117s karamel\u0117s kvapo k\u016bno \u0161veitiklis, 380ml - MalinaShop.lt J\u016bs\u0173 sveikatai ir gro\u017eiui.\",\"isPartOf\":{\"@id\":\"https:\\\/\\\/www.malinashop.lt\\\/#website\"},\"primaryImageOfPage\":{\"@id\":\"https:\\\/\\\/www.malinashop.lt\\\/en\\\/shop\\\/anaplasis-chocolate-caramel-body-scrub-sokoladines-karameles-kvapo-kuno-sveitiklis-380ml\\\/#primaryimage\"},\"image\":{\"@id\":\"https:\\\/\\\/www.malinashop.lt\\\/en\\\/shop\\\/anaplasis-chocolate-caramel-body-scrub-sokoladines-karameles-kvapo-kuno-sveitiklis-380ml\\\/#primaryimage\"},\"thumbnailUrl\":\"https:\\\/\\\/www.malinashop.lt\\\/wp-content\\\/uploads\\\/2025\\\/11\\\/5200137593757.jpg\",\"datePublished\":\"2026-01-29T15:33:05+00:00\",\"dateModified\":\"2026-04-07T19:18:27+00:00\",\"description\":\"ANAPLASIS Chocolate Caramel \u0161okoladin\u0117s karamel\u0117s kvapo k\u016bno \u0161veitiklis su kakavos sviestu, j\u016bros druska ir cukraus kristalais glotnina od\u0105, 380 ml.\",\"breadcrumb\":{\"@id\":\"https:\\\/\\\/www.malinashop.lt\\\/en\\\/shop\\\/anaplasis-chocolate-caramel-body-scrub-sokoladines-karameles-kvapo-kuno-sveitiklis-380ml\\\/#breadcrumb\"},\"inLanguage\":\"lt-LT\",\"potentialAction\":[{\"@type\":\"ReadAction\",\"target\":[\"https:\\\/\\\/www.malinashop.lt\\\/en\\\/shop\\\/anaplasis-chocolate-caramel-body-scrub-sokoladines-karameles-kvapo-kuno-sveitiklis-380ml\\\/\"]}]},{\"@type\":\"ImageObject\",\"inLanguage\":\"lt-LT\",\"@id\":\"https:\\\/\\\/www.malinashop.lt\\\/en\\\/shop\\\/anaplasis-chocolate-caramel-body-scrub-sokoladines-karameles-kvapo-kuno-sveitiklis-380ml\\\/#primaryimage\",\"url\":\"https:\\\/\\\/www.malinashop.lt\\\/wp-content\\\/uploads\\\/2025\\\/11\\\/5200137593757.jpg\",\"contentUrl\":\"https:\\\/\\\/www.malinashop.lt\\\/wp-content\\\/uploads\\\/2025\\\/11\\\/5200137593757.jpg\",\"width\":1000,\"height\":1000},{\"@type\":\"BreadcrumbList\",\"@id\":\"https:\\\/\\\/www.malinashop.lt\\\/en\\\/shop\\\/anaplasis-chocolate-caramel-body-scrub-sokoladines-karameles-kvapo-kuno-sveitiklis-380ml\\\/#breadcrumb\",\"itemListElement\":[{\"@type\":\"ListItem\",\"position\":1,\"name\":\"Pagrindinis\",\"item\":\"https:\\\/\\\/www.malinashop.lt\\\/\"},{\"@type\":\"ListItem\",\"position\":2,\"name\":\"Parduotuv\u0117\",\"item\":\"https:\\\/\\\/www.malinashop.lt\\\/en\\\/parduotuve\\\/\"},{\"@type\":\"ListItem\",\"position\":3,\"name\":\"ANAPLASIS Chocolate Caramel BODY SCRUB \u0161okoladin\u0117s karamel\u0117s kvapo k\u016bno \u0161veitiklis, 380ml\"}]},{\"@type\":\"WebSite\",\"@id\":\"https:\\\/\\\/www.malinashop.lt\\\/#website\",\"url\":\"https:\\\/\\\/www.malinashop.lt\\\/\",\"name\":\"COM Group Ecommerce\",\"description\":\"MalinaShop.lt - Gro\u017eio ir sveikatos produktai i\u0161 patikim\u0173 preki\u0173 \u017eenkl\u0173. Atraskite auk\u0161tos kokyb\u0117s kosmetik\u0105 u\u017e puiki\u0105 kain\u0105.\",\"publisher\":{\"@id\":\"https:\\\/\\\/www.malinashop.lt\\\/#organization\"},\"potentialAction\":[{\"@type\":\"SearchAction\",\"target\":{\"@type\":\"EntryPoint\",\"urlTemplate\":\"https:\\\/\\\/www.malinashop.lt\\\/?s={search_term_string}\"},\"query-input\":{\"@type\":\"PropertyValueSpecification\",\"valueRequired\":true,\"valueName\":\"search_term_string\"}}],\"inLanguage\":\"lt-LT\"},{\"@type\":\"Organization\",\"@id\":\"https:\\\/\\\/www.malinashop.lt\\\/#organization\",\"name\":\"COM Group Ecommerce\",\"url\":\"https:\\\/\\\/www.malinashop.lt\\\/\",\"logo\":{\"@type\":\"ImageObject\",\"inLanguage\":\"lt-LT\",\"@id\":\"https:\\\/\\\/www.malinashop.lt\\\/#\\\/schema\\\/logo\\\/image\\\/\",\"url\":\"https:\\\/\\\/www.malinashop.lt\\\/wp-content\\\/uploads\\\/2024\\\/08\\\/462559670_3787732518133670_9795632669273463_n-e1731525914575.png\",\"contentUrl\":\"https:\\\/\\\/www.malinashop.lt\\\/wp-content\\\/uploads\\\/2024\\\/08\\\/462559670_3787732518133670_9795632669273463_n-e1731525914575.png\",\"width\":180,\"height\":60,\"caption\":\"COM Group Ecommerce\"},\"image\":{\"@id\":\"https:\\\/\\\/www.malinashop.lt\\\/#\\\/schema\\\/logo\\\/image\\\/\"}}]}<\/script>\n<!-- \/ Yoast SEO plugin. -->","yoast_head_json":{"title":"ANAPLASIS Chocolate Caramel BODY SCRUB \u0161okoladin\u0117s karamel\u0117s kvapo k\u016bno \u0161veitiklis, 380ml - MalinaShop.lt J\u016bs\u0173 sveikatai ir gro\u017eiui.","description":"ANAPLASIS Chocolate Caramel \u0161okoladin\u0117s karamel\u0117s kvapo k\u016bno \u0161veitiklis su kakavos sviestu, j\u016bros druska ir cukraus kristalais glotnina od\u0105, 380 ml.","robots":{"index":"index","follow":"follow","max-snippet":"max-snippet:-1","max-image-preview":"max-image-preview:large","max-video-preview":"max-video-preview:-1"},"canonical":"https:\/\/www.malinashop.lt\/lt_lt\/shop\/anaplasis-chocolate-caramel-body-scrub-sokoladines-karameles-kvapo-kuno-sveitiklis-380ml\/","og_locale":"lt_LT","og_type":"article","og_title":"ANAPLASIS Chocolate Caramel BODY SCRUB \u0161okoladin\u0117s karamel\u0117s kvapo k\u016bno \u0161veitiklis, 380ml - MalinaShop.lt J\u016bs\u0173 sveikatai ir gro\u017eiui.","og_description":"ANAPLASIS Chocolate Caramel \u0161okoladin\u0117s karamel\u0117s kvapo k\u016bno \u0161veitiklis su kakavos sviestu, j\u016bros druska ir cukraus kristalais glotnina od\u0105, 380 ml.","og_url":"https:\/\/www.malinashop.lt\/lt_lt\/shop\/anaplasis-chocolate-caramel-body-scrub-sokoladines-karameles-kvapo-kuno-sveitiklis-380ml\/","og_site_name":"MalinaShop.lt J\u016bs\u0173 sveikatai ir gro\u017eiui.","article_modified_time":"2026-04-07T19:18:27+00:00","og_image":[{"width":1000,"height":1000,"url":"https:\/\/www.malinashop.lt\/wp-content\/uploads\/2025\/11\/5200137593757.jpg","type":"image\/jpeg"}],"twitter_card":"summary_large_image","schema":{"@context":"https:\/\/schema.org","@graph":[{"@type":"WebPage","@id":"https:\/\/www.malinashop.lt\/en\/shop\/anaplasis-chocolate-caramel-body-scrub-sokoladines-karameles-kvapo-kuno-sveitiklis-380ml\/","url":"https:\/\/www.malinashop.lt\/en\/shop\/anaplasis-chocolate-caramel-body-scrub-sokoladines-karameles-kvapo-kuno-sveitiklis-380ml\/","name":"ANAPLASIS Chocolate Caramel BODY SCRUB \u0161okoladin\u0117s karamel\u0117s kvapo k\u016bno \u0161veitiklis, 380ml - MalinaShop.lt J\u016bs\u0173 sveikatai ir gro\u017eiui.","isPartOf":{"@id":"https:\/\/www.malinashop.lt\/#website"},"primaryImageOfPage":{"@id":"https:\/\/www.malinashop.lt\/en\/shop\/anaplasis-chocolate-caramel-body-scrub-sokoladines-karameles-kvapo-kuno-sveitiklis-380ml\/#primaryimage"},"image":{"@id":"https:\/\/www.malinashop.lt\/en\/shop\/anaplasis-chocolate-caramel-body-scrub-sokoladines-karameles-kvapo-kuno-sveitiklis-380ml\/#primaryimage"},"thumbnailUrl":"https:\/\/www.malinashop.lt\/wp-content\/uploads\/2025\/11\/5200137593757.jpg","datePublished":"2026-01-29T15:33:05+00:00","dateModified":"2026-04-07T19:18:27+00:00","description":"ANAPLASIS Chocolate Caramel \u0161okoladin\u0117s karamel\u0117s kvapo k\u016bno \u0161veitiklis su kakavos sviestu, j\u016bros druska ir cukraus kristalais glotnina od\u0105, 380 ml.","breadcrumb":{"@id":"https:\/\/www.malinashop.lt\/en\/shop\/anaplasis-chocolate-caramel-body-scrub-sokoladines-karameles-kvapo-kuno-sveitiklis-380ml\/#breadcrumb"},"inLanguage":"lt-LT","potentialAction":[{"@type":"ReadAction","target":["https:\/\/www.malinashop.lt\/en\/shop\/anaplasis-chocolate-caramel-body-scrub-sokoladines-karameles-kvapo-kuno-sveitiklis-380ml\/"]}]},{"@type":"ImageObject","inLanguage":"lt-LT","@id":"https:\/\/www.malinashop.lt\/en\/shop\/anaplasis-chocolate-caramel-body-scrub-sokoladines-karameles-kvapo-kuno-sveitiklis-380ml\/#primaryimage","url":"https:\/\/www.malinashop.lt\/wp-content\/uploads\/2025\/11\/5200137593757.jpg","contentUrl":"https:\/\/www.malinashop.lt\/wp-content\/uploads\/2025\/11\/5200137593757.jpg","width":1000,"height":1000},{"@type":"BreadcrumbList","@id":"https:\/\/www.malinashop.lt\/en\/shop\/anaplasis-chocolate-caramel-body-scrub-sokoladines-karameles-kvapo-kuno-sveitiklis-380ml\/#breadcrumb","itemListElement":[{"@type":"ListItem","position":1,"name":"Pagrindinis","item":"https:\/\/www.malinashop.lt\/"},{"@type":"ListItem","position":2,"name":"Parduotuv\u0117","item":"https:\/\/www.malinashop.lt\/en\/parduotuve\/"},{"@type":"ListItem","position":3,"name":"ANAPLASIS Chocolate Caramel BODY SCRUB \u0161okoladin\u0117s karamel\u0117s kvapo k\u016bno \u0161veitiklis, 380ml"}]},{"@type":"WebSite","@id":"https:\/\/www.malinashop.lt\/#website","url":"https:\/\/www.malinashop.lt\/","name":"COM Group Ecommerce","description":"MalinaShop.lt - Gro\u017eio ir sveikatos produktai i\u0161 patikim\u0173 preki\u0173 \u017eenkl\u0173. Atraskite auk\u0161tos kokyb\u0117s kosmetik\u0105 u\u017e puiki\u0105 kain\u0105.","publisher":{"@id":"https:\/\/www.malinashop.lt\/#organization"},"potentialAction":[{"@type":"SearchAction","target":{"@type":"EntryPoint","urlTemplate":"https:\/\/www.malinashop.lt\/?s={search_term_string}"},"query-input":{"@type":"PropertyValueSpecification","valueRequired":true,"valueName":"search_term_string"}}],"inLanguage":"lt-LT"},{"@type":"Organization","@id":"https:\/\/www.malinashop.lt\/#organization","name":"COM Group Ecommerce","url":"https:\/\/www.malinashop.lt\/","logo":{"@type":"ImageObject","inLanguage":"lt-LT","@id":"https:\/\/www.malinashop.lt\/#\/schema\/logo\/image\/","url":"https:\/\/www.malinashop.lt\/wp-content\/uploads\/2024\/08\/462559670_3787732518133670_9795632669273463_n-e1731525914575.png","contentUrl":"https:\/\/www.malinashop.lt\/wp-content\/uploads\/2024\/08\/462559670_3787732518133670_9795632669273463_n-e1731525914575.png","width":180,"height":60,"caption":"COM Group Ecommerce"},"image":{"@id":"https:\/\/www.malinashop.lt\/#\/schema\/logo\/image\/"}}]}},"jetpack_sharing_enabled":true,"_links":{"self":[{"href":"https:\/\/www.malinashop.lt\/lt_lt\/wp-json\/wp\/v2\/product\/70736","targetHints":{"allow":["GET"]}}],"collection":[{"href":"https:\/\/www.malinashop.lt\/lt_lt\/wp-json\/wp\/v2\/product"}],"about":[{"href":"https:\/\/www.malinashop.lt\/lt_lt\/wp-json\/wp\/v2\/types\/product"}],"version-history":[{"count":2,"href":"https:\/\/www.malinashop.lt\/lt_lt\/wp-json\/wp\/v2\/product\/70736\/revisions"}],"predecessor-version":[{"id":73551,"href":"https:\/\/www.malinashop.lt\/lt_lt\/wp-json\/wp\/v2\/product\/70736\/revisions\/73551"}],"wp:featuredmedia":[{"embeddable":true,"href":"https:\/\/www.malinashop.lt\/lt_lt\/wp-json\/wp\/v2\/media\/67446"}],"wp:attachment":[{"href":"https:\/\/www.malinashop.lt\/lt_lt\/wp-json\/wp\/v2\/media?parent=70736"}],"wp:term":[{"taxonomy":"product_brand","embeddable":true,"href":"https:\/\/www.malinashop.lt\/lt_lt\/wp-json\/wp\/v2\/product_brand?post=70736"},{"taxonomy":"product_cat","embeddable":true,"href":"https:\/\/www.malinashop.lt\/lt_lt\/wp-json\/wp\/v2\/product_cat?post=70736"},{"taxonomy":"product_tag","embeddable":true,"href":"https:\/\/www.malinashop.lt\/lt_lt\/wp-json\/wp\/v2\/product_tag?post=70736"}],"curies":[{"name":"wp","href":"https:\/\/api.w.org\/{rel}","templated":true}]}}